{"id":1063,"date":"2023-04-24T12:28:41","date_gmt":"2023-04-24T12:28:41","guid":{"rendered":"https:\/\/mrgreencasinos.com\/3x3-hold-spin\/"},"modified":"2023-04-26T18:29:53","modified_gmt":"2023-04-26T18:29:53","slug":"3x3-hold-spin","status":"publish","type":"page","link":"https:\/\/mrgreencasinos.com\/fr\/3x3-hold-spin\/","title":{"rendered":"3\u00d73 Hold The Spin Revue des machines \u00e0 sous\u00a0: une machine \u00e0 sous innovante et amusante"},"content":{"rendered":"<p>3\u00d73 Hold The Spin est une machine \u00e0 sous unique et addictive d\u00e9velopp\u00e9e par play&rsquo;n GO. Il s&rsquo;agit d&rsquo;une machine \u00e0 sous \u00e0 cinq rouleaux, 3 rang\u00e9es et 27 lignes de paiement. Le jeu a un th\u00e8me passionnant bas\u00e9 sur la machine \u00e0 sous classique et comprend \u00e9galement des fonctionnalit\u00e9s sp\u00e9ciales qui peuvent aider les joueurs \u00e0 gagner gros. Il s&rsquo;agit d&rsquo;un jeu \u00e0 variance moyenne avec un RTP de 96,25 %. Vous en apprendrez plus \u00e0 ce sujet et bien plus encore dans la revue 3 \u00d7 3 Hold The Spin.<\/p>\n<div class=\"t-go\"><a href=\"\/go-casino\/?brand=mrgreen\">BONUS DE R\u00c9CLAMATION<\/a><\/div>\n<h2>Graphiques et th\u00e8me<\/h2>\n<p><img loading=\"lazy\" decoding=\"async\" class=\"aligncenter wp-image-1025\" src=\"https:\/\/mrgreencasinos.com\/wp-content\/uploads\/2023\/04\/3x3-Hold-The-Spin-review.jpg\" alt=\"3x3 Hold The Spin examen\" width=\"800\" height=\"523\" srcset=\"https:\/\/mrgreencasinos.com\/wp-content\/uploads\/2023\/04\/3x3-Hold-The-Spin-review.jpg 612w, https:\/\/mrgreencasinos.com\/wp-content\/uploads\/2023\/04\/3x3-Hold-The-Spin-review-300x196.jpg 300w\" sizes=\"auto, (max-width: 800px) 100vw, 800px\" \/><\/p>\n<p>Les graphismes du 3\u00d73 Hold The Spin Gamzix sont impressionnants. Les visuels sont modernes, avec des couleurs vives et vibrantes qui contribuent \u00e0 cr\u00e9er une atmosph\u00e8re vivante et captivante. Le jeu propose \u00e9galement des animations sympas qui aident \u00e0 donner vie au th\u00e8me classique de la machine \u00e0 fruits. La musique de fond ajoute du plaisir et de l&rsquo;excitation au jeu, le rendant encore plus excitant.<\/p>\n<h2>Jouabilit\u00e9<\/h2>\n<p>Le gameplay de la machine \u00e0 sous 3\u00d73 Hold The Spin est assez simple et direct. Le jeu a 27 lignes de paiement et le paiement maximum est de 1000 fois votre mise. Les joueurs peuvent parier de 0,10 \u00e0 100 pi\u00e8ces par tour. Le jeu a \u00e9galement des fonctionnalit\u00e9s sp\u00e9ciales qui peuvent aider les joueurs \u00e0 augmenter leurs chances de gagner. Ceux-ci incluent des symboles sauvages, des re-spins, des multiplicateurs et des tours gratuits 3 \u00d7 3 Hold The Spin.<\/p>\n<h2>Fonctionnalit\u00e9s bonus<\/h2>\n<p>L&rsquo;une des caract\u00e9ristiques les plus int\u00e9ressantes de la machine \u00e0 sous 3\u00d73 Hold The Spin Australia est le symbole wild. Ce symbole peut se substituer \u00e0 n&rsquo;importe quel autre symbole du jeu, aidant \u00e0 former des combinaisons gagnantes. Le jeu propose \u00e9galement la fonction Re-Spin, activ\u00e9e lorsque deux symboles identiques ou plus apparaissent sur les rouleaux. Lorsque cela se produit, les rouleaux sont maintenus et les autres rouleaux tournent \u00e0 nouveau, donnant aux joueurs une chance de gagner encore plus. La fonction multiplicateur est une autre excellente fonctionnalit\u00e9 de la machine \u00e0 sous 3 \u00d7 3 Hold The Spin. Cette fonction est activ\u00e9e lorsque trois symboles identiques ou plus apparaissent sur les rouleaux. Lorsque cela se produit, les gains sont multipli\u00e9s par un multiplicateur al\u00e9atoire. Enfin, le jeu propose \u00e9galement une fonction de tours gratuits qui peut \u00eatre d\u00e9clench\u00e9e lorsque trois symboles scatter ou plus apparaissent sur les rouleaux. Cela donnera au joueur dix tours gratuits.<\/p>\n<div class=\"t-go\"><a href=\"\/go-casino\/?brand=mrgreen\">BONUS DE R\u00c9CLAMATION<\/a><\/div>\n<h2>Payer<\/h2>\n<p>La machine \u00e0 sous en argent r\u00e9el 3\u00d73 Hold The Spin a une variance moyenne et un RTP de 96,25 %. Cela signifie que le jeu a de bonnes chances de payer, mais ce n&rsquo;est pas garanti. Le paiement le plus \u00e9lev\u00e9 du jeu est de 1 000 fois votre mise, ce qui peut \u00eatre assez g\u00e9n\u00e9reux en fonction du montant que vous \u00eates pr\u00eat \u00e0 miser.<\/p>\n<h2>Avantages d&rsquo;un RTP et d&rsquo;une volatilit\u00e9 \u00e9lev\u00e9s<\/h2>\n<p><img loading=\"lazy\" decoding=\"async\" class=\"aligncenter wp-image-1027\" src=\"https:\/\/mrgreencasinos.com\/wp-content\/uploads\/2023\/04\/3x3-Hold-The-Spin.png\" alt=\"3x3 Hold The Spin fentes\" width=\"800\" height=\"456\" srcset=\"https:\/\/mrgreencasinos.com\/wp-content\/uploads\/2023\/04\/3x3-Hold-The-Spin.png 995w, https:\/\/mrgreencasinos.com\/wp-content\/uploads\/2023\/04\/3x3-Hold-The-Spin-300x171.png 300w, https:\/\/mrgreencasinos.com\/wp-content\/uploads\/2023\/04\/3x3-Hold-The-Spin-768x438.png 768w, https:\/\/mrgreencasinos.com\/wp-content\/uploads\/2023\/04\/3x3-Hold-The-Spin-720x410.png 720w, https:\/\/mrgreencasinos.com\/wp-content\/uploads\/2023\/04\/3x3-Hold-The-Spin-850x485.png 850w\" sizes=\"auto, (max-width: 800px) 100vw, 800px\" \/><\/p>\n<p>La combinaison d&rsquo;un RTP \u00e9lev\u00e9 et d&rsquo;une volatilit\u00e9 \u00e9lev\u00e9e fait de 3 \u00d7 3 Hold The Spin un excellent jeu pour les joueurs qui cherchent \u00e0 gagner gros. Le RTP \u00e9lev\u00e9 donne aux joueurs la confiance n\u00e9cessaire pour r\u00e9cup\u00e9rer plus de leur argent r\u00e9el 3 \u00d7 3 Hold The Spin \u00e0 long terme, et la volatilit\u00e9 \u00e9lev\u00e9e signifie qu&rsquo;ils ont le potentiel de gagner gros \u00e0 chaque tour. De plus, le jeu dispose d&rsquo;une fonction de lecture automatique qui permet aux joueurs de tourner sans avoir \u00e0 appuyer manuellement sur le bouton de rotation, ce qui en fait le match parfait pour les joueurs qui n&rsquo;ont ni le temps ni l&rsquo;\u00e9nergie pour une longue partie.<\/p>\n<h2>FAQ<\/h2>\n<h3>Qu&rsquo;est-ce que le 3&#215;3 Hold The Spin ?<\/h3>\n<p>3\u00d73 Hold The Spin est une machine \u00e0 sous en ligne avec trois rouleaux et un bonus unique. Il s&rsquo;agit d&rsquo;une machine \u00e0 sous classique 3\u00d73 Hold The Spin avec des \u00e9l\u00e9ments modernes. Au lieu du spin and win habituel, 3\u00d73 Hold The Spin vous donne la possibilit\u00e9 de tenir un ou plusieurs rouleaux. Cela vous permet d&rsquo;augmenter vos chances de d\u00e9crocher une combinaison gagnante. De plus, il existe des symboles bonus sp\u00e9ciaux qui peuvent vous donner des tours gratuits ou des multiplicateurs suppl\u00e9mentaires.<\/p>\n<h3>Comment fonctionne la fonction bonus\u00a0?<\/h3>\n<p>La fonctionnalit\u00e9 bonus de la machine \u00e0 sous 3 \u00d7 3 Hold The Spin est d\u00e9clench\u00e9e lorsque vous d\u00e9crochez un symbole bonus sp\u00e9cial. Lorsque cela se produit, vous serez redirig\u00e9 vers un nouvel \u00e9cran avec une roue de la fortune. Vous ferez ensuite tourner la roue pour d\u00e9terminer les prix bonus que vous recevrez. Vous pouvez gagner des tours suppl\u00e9mentaires, des multiplicateurs ou des jackpots. La roue dispose \u00e9galement d&rsquo;un bouton sp\u00e9cial \u00ab\u00a0Hold\u00a0\u00bb qui vous permet de maintenir un ou plusieurs rouleaux pour le prochain tour.<\/p>\n<h2>Conclusion<\/h2>\n<p>Dans l&rsquo;ensemble, la machine \u00e0 sous 3\u00d73 Hold The Spin est un jeu innovant et addictif qui ne manquera pas de divertir les joueurs. Les visuels sont modernes et les graphismes sont impressionnants, et le jeu propose \u00e9galement des bonus fantastiques qui peuvent aider les joueurs \u00e0 augmenter leurs chances de gagner. Le jeu 3&#215;3 Hold The Spin a une variance moyenne et un RTP de 96,25 %, ce qui en fait une excellente option pour ceux qui recherchent une exp\u00e9rience de jeu passionnante et enrichissante.<\/p>\n","protected":false},"excerpt":{"rendered":"<p>3\u00d73 Hold The Spin est une machine \u00e0 sous unique et addictive d\u00e9velopp\u00e9e par play&rsquo;n GO. Il s&rsquo;agit d&rsquo;une machine [&hellip;]<\/p>\n","protected":false},"author":1,"featured_media":0,"parent":0,"menu_order":0,"comment_status":"closed","ping_status":"closed","template":"","meta":{"footnotes":""},"class_list":["post-1063","page","type-page","status-publish","hentry"],"acf":[],"yoast_head":"<!-- This site is optimized with the Yoast SEO plugin v17.9 - https:\/\/yoast.com\/wordpress\/plugins\/seo\/ -->\n<title>3x3 Hold The Spin de la revue - Jeu gratuit en mode d\u00e9mo - 2023<\/title>\n<meta name=\"description\" content=\"Machine \u00e0 sous 3x3 Hold The Spin \u2705 Notes des vrais joueurs, mode de jeu gratuit, captures d&#039;\u00e9cran gagnantes, codes bonus \u2705 Essayez la machine \u00e0 sous 3x3 Hold The Spin\" \/>\n<meta name=\"robots\" content=\"index, follow, max-snippet:-1, max-image-preview:large, max-video-preview:-1\" \/>\n<link rel=\"canonical\" href=\"https:\/\/mrgreencasinos.com\/fr\/3x3-hold-spin\/\" \/>\n<meta property=\"og:type\" content=\"article\" \/>\n<meta property=\"og:title\" content=\"3x3 Hold The Spin de la revue - Jeu gratuit en mode d\u00e9mo - 2023\" \/>\n<meta property=\"og:description\" content=\"Machine \u00e0 sous 3x3 Hold The Spin \u2705 Notes des vrais joueurs, mode de jeu gratuit, captures d&#039;\u00e9cran gagnantes, codes bonus \u2705 Essayez la machine \u00e0 sous 3x3 Hold The Spin\" \/>\n<meta property=\"og:url\" content=\"https:\/\/mrgreencasinos.com\/fr\/3x3-hold-spin\/\" \/>\n<meta property=\"og:site_name\" content=\"Casino MR Green\" \/>\n<meta property=\"article:modified_time\" content=\"2023-04-26T18:29:53+00:00\" \/>\n<meta property=\"og:image\" content=\"https:\/\/mrgreencasinos.com\/wp-content\/uploads\/2023\/04\/3x3-Hold-The-Spin-review.jpg\" \/>\n<meta name=\"twitter:card\" content=\"summary_large_image\" \/>\n<meta name=\"twitter:label1\" content=\"Dur\u00e9e de lecture estim\u00e9e\" \/>\n\t<meta name=\"twitter:data1\" content=\"5 minutes\" \/>\n<script type=\"application\/ld+json\" class=\"yoast-schema-graph\">{\"@context\":\"https:\/\/schema.org\",\"@graph\":[{\"@type\":\"WebSite\",\"@id\":\"https:\/\/mrgreencasinos.com\/#website\",\"url\":\"https:\/\/mrgreencasinos.com\/\",\"name\":\"Casino MR Green\",\"description\":\"\",\"potentialAction\":[{\"@type\":\"SearchAction\",\"target\":{\"@type\":\"EntryPoint\",\"urlTemplate\":\"https:\/\/mrgreencasinos.com\/?s={search_term_string}\"},\"query-input\":\"required name=search_term_string\"}],\"inLanguage\":\"fr-FR\"},{\"@type\":\"ImageObject\",\"@id\":\"https:\/\/mrgreencasinos.com\/fr\/3x3-hold-spin\/#primaryimage\",\"inLanguage\":\"fr-FR\",\"url\":\"https:\/\/mrgreencasinos.com\/wp-content\/uploads\/2023\/04\/3x3-Hold-The-Spin-review.jpg\",\"contentUrl\":\"https:\/\/mrgreencasinos.com\/wp-content\/uploads\/2023\/04\/3x3-Hold-The-Spin-review.jpg\",\"width\":612,\"height\":400,\"caption\":\"3x3 Hold The Spin review\"},{\"@type\":\"WebPage\",\"@id\":\"https:\/\/mrgreencasinos.com\/fr\/3x3-hold-spin\/#webpage\",\"url\":\"https:\/\/mrgreencasinos.com\/fr\/3x3-hold-spin\/\",\"name\":\"3x3 Hold The Spin de la revue - Jeu gratuit en mode d\\u00e9mo - 2023\",\"isPartOf\":{\"@id\":\"https:\/\/mrgreencasinos.com\/#website\"},\"primaryImageOfPage\":{\"@id\":\"https:\/\/mrgreencasinos.com\/fr\/3x3-hold-spin\/#primaryimage\"},\"datePublished\":\"2023-04-24T12:28:41+00:00\",\"dateModified\":\"2023-04-26T18:29:53+00:00\",\"description\":\"Machine \\u00e0 sous 3x3 Hold The Spin \\u2705 Notes des vrais joueurs, mode de jeu gratuit, captures d'\\u00e9cran gagnantes, codes bonus \\u2705 Essayez la machine \\u00e0 sous 3x3 Hold The Spin\",\"breadcrumb\":{\"@id\":\"https:\/\/mrgreencasinos.com\/fr\/3x3-hold-spin\/#breadcrumb\"},\"inLanguage\":\"fr-FR\",\"potentialAction\":[{\"@type\":\"ReadAction\",\"target\":[\"https:\/\/mrgreencasinos.com\/fr\/3x3-hold-spin\/\"]}]},{\"@type\":\"BreadcrumbList\",\"@id\":\"https:\/\/mrgreencasinos.com\/fr\/3x3-hold-spin\/#breadcrumb\",\"itemListElement\":[{\"@type\":\"ListItem\",\"position\":1,\"name\":\"Home\",\"item\":\"https:\/\/mrgreencasinos.com\/fr\/review-of-the-official-mr-green-website\/\"},{\"@type\":\"ListItem\",\"position\":2,\"name\":\"3\\u00d73 Hold The Spin Revue des machines \\u00e0 sous\\u00a0: une machine \\u00e0 sous innovante et amusante\"}]}]}<\/script>\n<!-- \/ Yoast SEO plugin. -->","yoast_head_json":{"title":"3x3 Hold The Spin de la revue - Jeu gratuit en mode d\u00e9mo - 2023","description":"Machine \u00e0 sous 3x3 Hold The Spin \u2705 Notes des vrais joueurs, mode de jeu gratuit, captures d'\u00e9cran gagnantes, codes bonus \u2705 Essayez la machine \u00e0 sous 3x3 Hold The Spin","robots":{"index":"index","follow":"follow","max-snippet":"max-snippet:-1","max-image-preview":"max-image-preview:large","max-video-preview":"max-video-preview:-1"},"canonical":"https:\/\/mrgreencasinos.com\/fr\/3x3-hold-spin\/","og_type":"article","og_title":"3x3 Hold The Spin de la revue - Jeu gratuit en mode d\u00e9mo - 2023","og_description":"Machine \u00e0 sous 3x3 Hold The Spin \u2705 Notes des vrais joueurs, mode de jeu gratuit, captures d'\u00e9cran gagnantes, codes bonus \u2705 Essayez la machine \u00e0 sous 3x3 Hold The Spin","og_url":"https:\/\/mrgreencasinos.com\/fr\/3x3-hold-spin\/","og_site_name":"Casino MR Green","article_modified_time":"2023-04-26T18:29:53+00:00","og_image":[{"url":"https:\/\/mrgreencasinos.com\/wp-content\/uploads\/2023\/04\/3x3-Hold-The-Spin-review.jpg"}],"twitter_card":"summary_large_image","twitter_misc":{"Dur\u00e9e de lecture estim\u00e9e":"5 minutes"},"schema":{"@context":"https:\/\/schema.org","@graph":[{"@type":"WebSite","@id":"https:\/\/mrgreencasinos.com\/#website","url":"https:\/\/mrgreencasinos.com\/","name":"Casino MR Green","description":"","potentialAction":[{"@type":"SearchAction","target":{"@type":"EntryPoint","urlTemplate":"https:\/\/mrgreencasinos.com\/?s={search_term_string}"},"query-input":"required name=search_term_string"}],"inLanguage":"fr-FR"},{"@type":"ImageObject","@id":"https:\/\/mrgreencasinos.com\/fr\/3x3-hold-spin\/#primaryimage","inLanguage":"fr-FR","url":"https:\/\/mrgreencasinos.com\/wp-content\/uploads\/2023\/04\/3x3-Hold-The-Spin-review.jpg","contentUrl":"https:\/\/mrgreencasinos.com\/wp-content\/uploads\/2023\/04\/3x3-Hold-The-Spin-review.jpg","width":612,"height":400,"caption":"3x3 Hold The Spin review"},{"@type":"WebPage","@id":"https:\/\/mrgreencasinos.com\/fr\/3x3-hold-spin\/#webpage","url":"https:\/\/mrgreencasinos.com\/fr\/3x3-hold-spin\/","name":"3x3 Hold The Spin de la revue - Jeu gratuit en mode d\u00e9mo - 2023","isPartOf":{"@id":"https:\/\/mrgreencasinos.com\/#website"},"primaryImageOfPage":{"@id":"https:\/\/mrgreencasinos.com\/fr\/3x3-hold-spin\/#primaryimage"},"datePublished":"2023-04-24T12:28:41+00:00","dateModified":"2023-04-26T18:29:53+00:00","description":"Machine \u00e0 sous 3x3 Hold The Spin \u2705 Notes des vrais joueurs, mode de jeu gratuit, captures d'\u00e9cran gagnantes, codes bonus \u2705 Essayez la machine \u00e0 sous 3x3 Hold The Spin","breadcrumb":{"@id":"https:\/\/mrgreencasinos.com\/fr\/3x3-hold-spin\/#breadcrumb"},"inLanguage":"fr-FR","potentialAction":[{"@type":"ReadAction","target":["https:\/\/mrgreencasinos.com\/fr\/3x3-hold-spin\/"]}]},{"@type":"BreadcrumbList","@id":"https:\/\/mrgreencasinos.com\/fr\/3x3-hold-spin\/#breadcrumb","itemListElement":[{"@type":"ListItem","position":1,"name":"Home","item":"https:\/\/mrgreencasinos.com\/fr\/review-of-the-official-mr-green-website\/"},{"@type":"ListItem","position":2,"name":"3\u00d73 Hold The Spin Revue des machines \u00e0 sous\u00a0: une machine \u00e0 sous innovante et amusante"}]}]}},"_links":{"self":[{"href":"https:\/\/mrgreencasinos.com\/fr\/wp-json\/wp\/v2\/pages\/1063","targetHints":{"allow":["GET"]}}],"collection":[{"href":"https:\/\/mrgreencasinos.com\/fr\/wp-json\/wp\/v2\/pages"}],"about":[{"href":"https:\/\/mrgreencasinos.com\/fr\/wp-json\/wp\/v2\/types\/page"}],"author":[{"embeddable":true,"href":"https:\/\/mrgreencasinos.com\/fr\/wp-json\/wp\/v2\/users\/1"}],"replies":[{"embeddable":true,"href":"https:\/\/mrgreencasinos.com\/fr\/wp-json\/wp\/v2\/comments?post=1063"}],"version-history":[{"count":3,"href":"https:\/\/mrgreencasinos.com\/fr\/wp-json\/wp\/v2\/pages\/1063\/revisions"}],"predecessor-version":[{"id":1067,"href":"https:\/\/mrgreencasinos.com\/fr\/wp-json\/wp\/v2\/pages\/1063\/revisions\/1067"}],"wp:attachment":[{"href":"https:\/\/mrgreencasinos.com\/fr\/wp-json\/wp\/v2\/media?parent=1063"}],"curies":[{"name":"wp","href":"https:\/\/api.w.org\/{rel}","templated":true}]}}