{"id":1069,"date":"2023-04-23T09:28:27","date_gmt":"2023-04-23T09:28:27","guid":{"rendered":"https:\/\/mrgreencasinos.com\/caishens-gifts\/"},"modified":"2023-04-26T18:46:22","modified_gmt":"2023-04-26T18:46:22","slug":"caishens-gifts","status":"publish","type":"page","link":"https:\/\/mrgreencasinos.com\/fr\/caishens-gifts\/","title":{"rendered":"Un examen d\u00e9taill\u00e9 de  Caishen&rsquo;s Gifts  la machine \u00e0 sous"},"content":{"rendered":"<p>Caishen&rsquo;s Gifts platipus est une machine \u00e0 sous en ligne d\u00e9velopp\u00e9e par Pragmatic Play. Cette machine \u00e0 sous de style chinois \u00e0 cinq rouleaux et quatre rang\u00e9es offre diverses fonctionnalit\u00e9s bonus, notamment des tours gratuits et un jackpot progressif. Le jeu propose \u00e9galement des bonus tels que Money Respin qui peuvent vous aider \u00e0 augmenter vos gains. Avec des graphismes impressionnants et des fonctionnalit\u00e9s passionnantes, Caishen&rsquo;s Gifts offre aux joueurs la possibilit\u00e9 de vivre une exp\u00e9rience de machine \u00e0 sous vraiment inoubliable.<\/p>\n<h2><img loading=\"lazy\" decoding=\"async\" class=\"aligncenter wp-image-1011\" src=\"https:\/\/mrgreencasinos.com\/wp-content\/uploads\/2023\/04\/Caishens-Gifts-review.jpg\" alt=\"Caishen's Gifts examen\" width=\"800\" height=\"600\" srcset=\"https:\/\/mrgreencasinos.com\/wp-content\/uploads\/2023\/04\/Caishens-Gifts-review.jpg 640w, https:\/\/mrgreencasinos.com\/wp-content\/uploads\/2023\/04\/Caishens-Gifts-review-300x225.jpg 300w\" sizes=\"auto, (max-width: 800px) 100vw, 800px\" \/><\/h2>\n<h2>Graphisme et conception<\/h2>\n<p>Caishen&rsquo;s Gifts est une exp\u00e9rience de jeu color\u00e9e et dynamique. Le jeu utilise un paysage chinois traditionnel comme toile de fond, avec de nombreux symboles tels que des pi\u00e8ces de monnaie, des dragons dor\u00e9s et d&rsquo;autres objets li\u00e9s aux traditions chinoises. Le jeu a \u00e9galement une bande sonore apaisante qui cr\u00e9era une atmosph\u00e8re relaxante.<\/p>\n<div class=\"t-go\"><a href=\"\/go-casino\/?brand=mrgreen\">BONUS DE R\u00c9CLAMATION<\/a><\/div>\n<h2>Jouabilit\u00e9<\/h2>\n<p>Caishen&rsquo;s Gifts tours gratuits sans d\u00e9p\u00f4t est une machine \u00e0 sous en ligne avec 5 rouleaux et quatre rang\u00e9es. Le jeu offre de nombreuses fonctionnalit\u00e9s bonus, notamment des tours gratuits, des jokers et une relecture en esp\u00e8ces. La fonction Money Respin permet aux joueurs de relancer leurs rouleaux une fois pour essayer d&rsquo;obtenir la meilleure combinaison de symboles. En cas de respin r\u00e9ussi, le joueur sera r\u00e9compens\u00e9 par un prix en argent. De plus, le jeu propose \u00e9galement un jackpot progressif qui peut \u00eatre d\u00e9clench\u00e9 de mani\u00e8re al\u00e9atoire.<\/p>\n<h2>Paiements et bonus<\/h2>\n<p>Caishen&rsquo;s Gifts offre une gamme de paiement impressionnante. Le jeu affiche un RTP (Return to Player) de 96,50 %. Le jeu propose \u00e9galement un jackpot progressif qui peut \u00eatre d\u00e9clench\u00e9 de mani\u00e8re al\u00e9atoire. De plus, le jeu offre \u00e9galement une fonction de re-tour d&rsquo;argent qui peut \u00eatre utilis\u00e9e pour re-faire tourner les rouleaux pour avoir une chance de gagner un prix en argent. Comment le RTP affecte-t-il vos chances de gagner\u00a0? Le RTP Caishen&rsquo;s Gifts Australia a un impact sur vos chances de gagner de deux mani\u00e8res. Tout d&rsquo;abord, il indique le montant moyen d&rsquo;argent qui sera vers\u00e9 \u00e0 long terme. Cela signifie que m\u00eame si vous ne gagnez pas gros lors de vos premiers tours, vous pouvez toujours vous attendre \u00e0 gagner un montant d\u00e9cent \u00e0 long terme. Deuxi\u00e8mement, plus le RTP est \u00e9lev\u00e9, plus l&rsquo;avantage de la maison est important. L&rsquo;avantage de la maison est la diff\u00e9rence entre les cotes r\u00e9elles du jeu et les cotes offertes aux joueurs. C&rsquo;est la fa\u00e7on dont le casino s&rsquo;assure qu&rsquo;ils sortent toujours gagnants \u00e0 long terme. L&rsquo;avantage de la maison pour le bonus sans d\u00e9p\u00f4t de Caishen&rsquo;s Gifts Australie est de 3,5 %, ce qui est consid\u00e9r\u00e9 comme faible. Cela signifie que les joueurs ont de bonnes chances de gagner \u00e0 long terme.<\/p>\n<h2>Quelle est la volatilit\u00e9 des cadeaux Caishen ?<\/h2>\n<p><img loading=\"lazy\" decoding=\"async\" class=\"aligncenter wp-image-1013\" src=\"https:\/\/mrgreencasinos.com\/wp-content\/uploads\/2023\/04\/Caishens-Gifts-slots-review.jpg\" alt=\"Caishen's Gifts examen des machines \u00e0 sous\" width=\"800\" height=\"450\" srcset=\"https:\/\/mrgreencasinos.com\/wp-content\/uploads\/2023\/04\/Caishens-Gifts-slots-review.jpg 838w, https:\/\/mrgreencasinos.com\/wp-content\/uploads\/2023\/04\/Caishens-Gifts-slots-review-300x169.jpg 300w, https:\/\/mrgreencasinos.com\/wp-content\/uploads\/2023\/04\/Caishens-Gifts-slots-review-768x432.jpg 768w, https:\/\/mrgreencasinos.com\/wp-content\/uploads\/2023\/04\/Caishens-Gifts-slots-review-720x405.jpg 720w\" sizes=\"auto, (max-width: 800px) 100vw, 800px\" \/><\/p>\n<p>La volatilit\u00e9 d&rsquo;une machine \u00e0 sous Caishen&rsquo;s Gifts est une mesure de la fr\u00e9quence et du montant des paiements. Les cadeaux de Caishen ont une volatilit\u00e9 moyenne, ce qui signifie qu&rsquo;ils sont pay\u00e9s r\u00e9guli\u00e8rement, mais les gains ne sont g\u00e9n\u00e9ralement pas tr\u00e8s importants. Cela en fait le jeu parfait pour les joueurs \u00e0 la recherche d&rsquo;un flux constant de petites victoires plut\u00f4t que de grosses victoires occasionnelles.<\/p>\n<div class=\"t-go\"><a href=\"\/go-casino\/?brand=mrgreen\">BONUS DE R\u00c9CLAMATION<\/a><\/div>\n<h2>FAQ<\/h2>\n<h3>Qu&rsquo;est-ce que la machine \u00e0 sous Caishen&rsquo;s Gifts ?<\/h3>\n<p>Caishen&rsquo;s Gifts est une machine \u00e0 sous en ligne \u00e0 cinq rouleaux et 243 lignes de paiement d\u00e9velopp\u00e9e par Pragmatic Play. Le jeu est fait avec un th\u00e8me chinois unique avec l&rsquo;image de Caisheng, le dieu chinois de la richesse et de la chance. Le jeu a un RTP (Return to Player) de 96,5% avec un paiement maximum de 10 000 fois votre mise. Le jeu propose \u00e9galement des wilds, des scatters et des tours gratuits de Caishen&rsquo;s Gifts.<\/p>\n<h3>Comment jouer \u00e0 la machine \u00e0 sous Caishen&rsquo;s Gifts ?<\/h3>\n<p>La machine \u00e0 sous Caishen&rsquo;s Gifts est un jeu simple et direct. Le jeu a cinq rouleaux et 243 lignes de paiement. Pour commencer \u00e0 jouer, vous devez d\u00e9finir le montant de la mise. Vous pouvez le faire en cliquant sur le bouton \u00ab\u00a0Coin\u00a0\u00bb et en s\u00e9lectionnant le montant de votre pari souhait\u00e9. Une fois que vous avez d\u00e9fini le montant de votre pari, vous pouvez cliquer sur le bouton \u00ab\u00a0Spin\u00a0\u00bb pour d\u00e9marrer le jeu. Vous pouvez \u00e9galement utiliser la fonction Autoplay pour faire tourner les rouleaux un certain nombre de fois.<\/p>\n<h3>Quelles sont les lignes de paiement\u00a0?<\/h3>\n<p>La machine \u00e0 sous Caishen&rsquo;s Gifts dispose de 25 lignes de paiement. Les joueurs peuvent gagner des prix en faisant correspondre les symboles le long de ces lignes de paiement.<\/p>\n<h3>Qu&rsquo;est-ce que le gain maximum\u00a0?<\/h3>\n<p>Le gain maximum dans la machine \u00e0 sous Caishen&rsquo;s Gifts est de 1 000 fois la mise initiale. Cela signifie que les joueurs peuvent gagner jusqu&rsquo;\u00e0 100 000 $ s&rsquo;ils jouent gratuitement \u00e0 Caishen&rsquo;s Gifts avec une mise maximale de 100 $.<\/p>\n<h3>Quelle est la mise minimale\u00a0?<\/h3>\n<p>La mise minimale dans la machine \u00e0 sous Caishen&rsquo;s Gifts en argent r\u00e9el est de 0,25 $. Cela signifie que les joueurs peuvent profiter du jeu sans trop risquer leur bankroll.<\/p>\n<h2>Conclusion<\/h2>\n<p>Caishen&rsquo;s Gifts est une machine \u00e0 sous en ligne amusante et rentable. Le jeu offre de nombreuses fonctionnalit\u00e9s bonus et un RTP impressionnant. Le jeu Caishen&rsquo;s Gifts propose \u00e9galement un design attrayant et une bande son apaisante. Avec des graphismes impressionnants, un gameplay addictif et des bonus gratifiants, Caishen&rsquo;s Gifts est s\u00fbr de rendre le jeu agr\u00e9able \u00e0 jouer.<\/p>\n","protected":false},"excerpt":{"rendered":"<p>Caishen&rsquo;s Gifts platipus est une machine \u00e0 sous en ligne d\u00e9velopp\u00e9e par Pragmatic Play. Cette machine \u00e0 sous de style [&hellip;]<\/p>\n","protected":false},"author":1,"featured_media":0,"parent":0,"menu_order":0,"comment_status":"closed","ping_status":"closed","template":"","meta":{"footnotes":""},"class_list":["post-1069","page","type-page","status-publish","hentry"],"acf":[],"yoast_head":"<!-- This site is optimized with the Yoast SEO plugin v17.9 - https:\/\/yoast.com\/wordpress\/plugins\/seo\/ -->\n<title>Caishen&#039;s Gifts de la revue - Jeu gratuit en mode d\u00e9mo - 2023<\/title>\n<meta name=\"description\" content=\"Machine \u00e0 sous Caishen&#039;s Gifts \u2705 Notes des vrais joueurs, mode de jeu gratuit, captures d&#039;\u00e9cran gagnantes, codes bonus \u2705 Essayez la machine \u00e0 sous Caishen&#039;s Gifts\" \/>\n<meta name=\"robots\" content=\"index, follow, max-snippet:-1, max-image-preview:large, max-video-preview:-1\" \/>\n<link rel=\"canonical\" href=\"https:\/\/mrgreencasinos.com\/fr\/caishens-gifts\/\" \/>\n<meta property=\"og:type\" content=\"article\" \/>\n<meta property=\"og:title\" content=\"Caishen&#039;s Gifts de la revue - Jeu gratuit en mode d\u00e9mo - 2023\" \/>\n<meta property=\"og:description\" content=\"Machine \u00e0 sous Caishen&#039;s Gifts \u2705 Notes des vrais joueurs, mode de jeu gratuit, captures d&#039;\u00e9cran gagnantes, codes bonus \u2705 Essayez la machine \u00e0 sous Caishen&#039;s Gifts\" \/>\n<meta property=\"og:url\" content=\"https:\/\/mrgreencasinos.com\/fr\/caishens-gifts\/\" \/>\n<meta property=\"og:site_name\" content=\"Casino MR Green\" \/>\n<meta property=\"article:modified_time\" content=\"2023-04-26T18:46:22+00:00\" \/>\n<meta property=\"og:image\" content=\"https:\/\/mrgreencasinos.com\/wp-content\/uploads\/2023\/04\/Caishens-Gifts-review.jpg\" \/>\n<meta name=\"twitter:card\" content=\"summary_large_image\" \/>\n<meta name=\"twitter:label1\" content=\"Dur\u00e9e de lecture estim\u00e9e\" \/>\n\t<meta name=\"twitter:data1\" content=\"5 minutes\" \/>\n<script type=\"application\/ld+json\" class=\"yoast-schema-graph\">{\"@context\":\"https:\/\/schema.org\",\"@graph\":[{\"@type\":\"WebSite\",\"@id\":\"https:\/\/mrgreencasinos.com\/#website\",\"url\":\"https:\/\/mrgreencasinos.com\/\",\"name\":\"Casino MR Green\",\"description\":\"\",\"potentialAction\":[{\"@type\":\"SearchAction\",\"target\":{\"@type\":\"EntryPoint\",\"urlTemplate\":\"https:\/\/mrgreencasinos.com\/?s={search_term_string}\"},\"query-input\":\"required name=search_term_string\"}],\"inLanguage\":\"fr-FR\"},{\"@type\":\"ImageObject\",\"@id\":\"https:\/\/mrgreencasinos.com\/fr\/caishens-gifts\/#primaryimage\",\"inLanguage\":\"fr-FR\",\"url\":\"https:\/\/mrgreencasinos.com\/wp-content\/uploads\/2023\/04\/Caishens-Gifts-review.jpg\",\"contentUrl\":\"https:\/\/mrgreencasinos.com\/wp-content\/uploads\/2023\/04\/Caishens-Gifts-review.jpg\",\"width\":640,\"height\":480,\"caption\":\"Caishen's Gifts review\"},{\"@type\":\"WebPage\",\"@id\":\"https:\/\/mrgreencasinos.com\/fr\/caishens-gifts\/#webpage\",\"url\":\"https:\/\/mrgreencasinos.com\/fr\/caishens-gifts\/\",\"name\":\"Caishen's Gifts de la revue - Jeu gratuit en mode d\\u00e9mo - 2023\",\"isPartOf\":{\"@id\":\"https:\/\/mrgreencasinos.com\/#website\"},\"primaryImageOfPage\":{\"@id\":\"https:\/\/mrgreencasinos.com\/fr\/caishens-gifts\/#primaryimage\"},\"datePublished\":\"2023-04-23T09:28:27+00:00\",\"dateModified\":\"2023-04-26T18:46:22+00:00\",\"description\":\"Machine \\u00e0 sous Caishen's Gifts \\u2705 Notes des vrais joueurs, mode de jeu gratuit, captures d'\\u00e9cran gagnantes, codes bonus \\u2705 Essayez la machine \\u00e0 sous Caishen's Gifts\",\"breadcrumb\":{\"@id\":\"https:\/\/mrgreencasinos.com\/fr\/caishens-gifts\/#breadcrumb\"},\"inLanguage\":\"fr-FR\",\"potentialAction\":[{\"@type\":\"ReadAction\",\"target\":[\"https:\/\/mrgreencasinos.com\/fr\/caishens-gifts\/\"]}]},{\"@type\":\"BreadcrumbList\",\"@id\":\"https:\/\/mrgreencasinos.com\/fr\/caishens-gifts\/#breadcrumb\",\"itemListElement\":[{\"@type\":\"ListItem\",\"position\":1,\"name\":\"Home\",\"item\":\"https:\/\/mrgreencasinos.com\/fr\/review-of-the-official-mr-green-website\/\"},{\"@type\":\"ListItem\",\"position\":2,\"name\":\"Un examen d\\u00e9taill\\u00e9 de Caishen&#8217;s Gifts la machine \\u00e0 sous\"}]}]}<\/script>\n<!-- \/ Yoast SEO plugin. -->","yoast_head_json":{"title":"Caishen's Gifts de la revue - Jeu gratuit en mode d\u00e9mo - 2023","description":"Machine \u00e0 sous Caishen's Gifts \u2705 Notes des vrais joueurs, mode de jeu gratuit, captures d'\u00e9cran gagnantes, codes bonus \u2705 Essayez la machine \u00e0 sous Caishen's Gifts","robots":{"index":"index","follow":"follow","max-snippet":"max-snippet:-1","max-image-preview":"max-image-preview:large","max-video-preview":"max-video-preview:-1"},"canonical":"https:\/\/mrgreencasinos.com\/fr\/caishens-gifts\/","og_type":"article","og_title":"Caishen's Gifts de la revue - Jeu gratuit en mode d\u00e9mo - 2023","og_description":"Machine \u00e0 sous Caishen's Gifts \u2705 Notes des vrais joueurs, mode de jeu gratuit, captures d'\u00e9cran gagnantes, codes bonus \u2705 Essayez la machine \u00e0 sous Caishen's Gifts","og_url":"https:\/\/mrgreencasinos.com\/fr\/caishens-gifts\/","og_site_name":"Casino MR Green","article_modified_time":"2023-04-26T18:46:22+00:00","og_image":[{"url":"https:\/\/mrgreencasinos.com\/wp-content\/uploads\/2023\/04\/Caishens-Gifts-review.jpg"}],"twitter_card":"summary_large_image","twitter_misc":{"Dur\u00e9e de lecture estim\u00e9e":"5 minutes"},"schema":{"@context":"https:\/\/schema.org","@graph":[{"@type":"WebSite","@id":"https:\/\/mrgreencasinos.com\/#website","url":"https:\/\/mrgreencasinos.com\/","name":"Casino MR Green","description":"","potentialAction":[{"@type":"SearchAction","target":{"@type":"EntryPoint","urlTemplate":"https:\/\/mrgreencasinos.com\/?s={search_term_string}"},"query-input":"required name=search_term_string"}],"inLanguage":"fr-FR"},{"@type":"ImageObject","@id":"https:\/\/mrgreencasinos.com\/fr\/caishens-gifts\/#primaryimage","inLanguage":"fr-FR","url":"https:\/\/mrgreencasinos.com\/wp-content\/uploads\/2023\/04\/Caishens-Gifts-review.jpg","contentUrl":"https:\/\/mrgreencasinos.com\/wp-content\/uploads\/2023\/04\/Caishens-Gifts-review.jpg","width":640,"height":480,"caption":"Caishen's Gifts review"},{"@type":"WebPage","@id":"https:\/\/mrgreencasinos.com\/fr\/caishens-gifts\/#webpage","url":"https:\/\/mrgreencasinos.com\/fr\/caishens-gifts\/","name":"Caishen's Gifts de la revue - Jeu gratuit en mode d\u00e9mo - 2023","isPartOf":{"@id":"https:\/\/mrgreencasinos.com\/#website"},"primaryImageOfPage":{"@id":"https:\/\/mrgreencasinos.com\/fr\/caishens-gifts\/#primaryimage"},"datePublished":"2023-04-23T09:28:27+00:00","dateModified":"2023-04-26T18:46:22+00:00","description":"Machine \u00e0 sous Caishen's Gifts \u2705 Notes des vrais joueurs, mode de jeu gratuit, captures d'\u00e9cran gagnantes, codes bonus \u2705 Essayez la machine \u00e0 sous Caishen's Gifts","breadcrumb":{"@id":"https:\/\/mrgreencasinos.com\/fr\/caishens-gifts\/#breadcrumb"},"inLanguage":"fr-FR","potentialAction":[{"@type":"ReadAction","target":["https:\/\/mrgreencasinos.com\/fr\/caishens-gifts\/"]}]},{"@type":"BreadcrumbList","@id":"https:\/\/mrgreencasinos.com\/fr\/caishens-gifts\/#breadcrumb","itemListElement":[{"@type":"ListItem","position":1,"name":"Home","item":"https:\/\/mrgreencasinos.com\/fr\/review-of-the-official-mr-green-website\/"},{"@type":"ListItem","position":2,"name":"Un examen d\u00e9taill\u00e9 de Caishen&#8217;s Gifts la machine \u00e0 sous"}]}]}},"_links":{"self":[{"href":"https:\/\/mrgreencasinos.com\/fr\/wp-json\/wp\/v2\/pages\/1069","targetHints":{"allow":["GET"]}}],"collection":[{"href":"https:\/\/mrgreencasinos.com\/fr\/wp-json\/wp\/v2\/pages"}],"about":[{"href":"https:\/\/mrgreencasinos.com\/fr\/wp-json\/wp\/v2\/types\/page"}],"author":[{"embeddable":true,"href":"https:\/\/mrgreencasinos.com\/fr\/wp-json\/wp\/v2\/users\/1"}],"replies":[{"embeddable":true,"href":"https:\/\/mrgreencasinos.com\/fr\/wp-json\/wp\/v2\/comments?post=1069"}],"version-history":[{"count":2,"href":"https:\/\/mrgreencasinos.com\/fr\/wp-json\/wp\/v2\/pages\/1069\/revisions"}],"predecessor-version":[{"id":1071,"href":"https:\/\/mrgreencasinos.com\/fr\/wp-json\/wp\/v2\/pages\/1069\/revisions\/1071"}],"wp:attachment":[{"href":"https:\/\/mrgreencasinos.com\/fr\/wp-json\/wp\/v2\/media?parent=1069"}],"curies":[{"name":"wp","href":"https:\/\/api.w.org\/{rel}","templated":true}]}}