{"id":1089,"date":"2023-04-22T12:43:09","date_gmt":"2023-04-22T12:43:09","guid":{"rendered":"https:\/\/mrgreencasinos.com\/king-heroes\/"},"modified":"2023-04-26T19:36:42","modified_gmt":"2023-04-26T19:36:42","slug":"king-heroes","status":"publish","type":"page","link":"https:\/\/mrgreencasinos.com\/fr\/king-heroes\/","title":{"rendered":"Examen de la machine \u00e0 sous King of Heroes &#8211; Une version royale d&rsquo;un classique"},"content":{"rendered":"<p>King of Heroes Slot Review est un examen d\u00e9taill\u00e9 de la nouvelle machine \u00e0 sous passionnante de Betsoft Gaming. Le jeu King of Heroes offre aux joueurs une exp\u00e9rience passionnante et amusante bas\u00e9e sur un personnage de bande dessin\u00e9e populaire. Avec leur style graphique et sonore caract\u00e9ristique, Betsoft Gaming a cr\u00e9\u00e9 un jeu que les fans de longue date et les nouveaux venus appr\u00e9cieront \u00e0 coup s\u00fbr. Cette revue fournira un aper\u00e7u complet du jeu, de ses fonctionnalit\u00e9s et de ses bonus.<\/p>\n<div class=\"t-go\"><a href=\"\/go-casino\/?brand=mrgreen\">BONUS DE R\u00c9CLAMATION<\/a><\/div>\n<h2>Caract\u00e9ristiques de jeu<\/h2>\n<p><img loading=\"lazy\" decoding=\"async\" class=\"aligncenter wp-image-1003\" src=\"https:\/\/mrgreencasinos.com\/wp-content\/uploads\/2023\/04\/The-King-of-Heroes-review.jpg\" alt=\"The King of Heroes examen\" width=\"800\" height=\"523\" srcset=\"https:\/\/mrgreencasinos.com\/wp-content\/uploads\/2023\/04\/The-King-of-Heroes-review.jpg 612w, https:\/\/mrgreencasinos.com\/wp-content\/uploads\/2023\/04\/The-King-of-Heroes-review-300x196.jpg 300w\" sizes=\"auto, (max-width: 800px) 100vw, 800px\" \/><\/p>\n<p>Les machines \u00e0 sous en ligne King of Heroes sont un jeu \u00e0 cinq rouleaux et 20 lignes de paiement avec un jeu bonus unique et des tours bonus. Le jeu a des symboles wild, des symboles scatter et des tours gratuits The King of Heroes. Le roi des h\u00e9ros lui-m\u00eame participe au jeu bonus, apparaissant sur les rouleaux et attribuant des prix bonus aux joueurs qui atterrissent sur son symbole. Les tours bonus sont d\u00e9clench\u00e9s lorsque trois symboles scatter ou plus apparaissent. Dans ces tours de bonus, les joueurs peuvent gagner des tours gratuits et des prix.<\/p>\n<h2>Graphiques et audio<\/h2>\n<p>Les graphismes et le son de la machine \u00e0 sous booongo The King of Heroes sont de premier ordre. Le jeu propose des visuels vibrants et d\u00e9taill\u00e9s qui capturent l&rsquo;essence du personnage de bande dessin\u00e9e. Le son est \u00e9galement bien con\u00e7u et transmet l&rsquo;excitation du jeu. La combinaison de visuels et de sons cr\u00e9e une exp\u00e9rience de jeu immersive et agr\u00e9able.<\/p>\n<h2>Jackpot et prix<\/h2>\n<p>La machine \u00e0 sous en argent r\u00e9el King of Heroes offre une grande vari\u00e9t\u00e9 de jackpots et de prix. Le jeu a un jackpot progressif qui augmente \u00e0 chaque rotation des rouleaux. De plus, les joueurs peuvent gagner des prix instantan\u00e9s et des tours de bonus \u00e0 chaque tour. Les prix vont de petites quantit\u00e9s \u00e0 de gros jackpots.<\/p>\n<div class=\"t-go\"><a href=\"\/go-casino\/?brand=mrgreen\">BONUS DE R\u00c9CLAMATION<\/a><\/div>\n<h2>Tours bonus et tours gratuits<\/h2>\n<p>La machine \u00e0 sous King of Heroes offre un certain nombre de tours bonus passionnants et de tours gratuits. Les tours de bonus sont d\u00e9clench\u00e9s lorsque vous atterrissez sur le symbole King of Heroes sur les rouleaux. Des prix tels que des tours gratuits et des prix en esp\u00e8ces instantan\u00e9s sont \u00e0 gagner lors de ces tours. Les tours gratuits permettent aux joueurs de faire tourner les rouleaux sans avoir \u00e0 miser. Comprendre le retour au joueur (RTP) Le retour au joueur (RTP) est le pourcentage math\u00e9matique qu&rsquo;une machine \u00e0 sous paiera au cours de sa dur\u00e9e de vie. Plus le RTP est \u00e9lev\u00e9, plus les chances de gagner sont \u00e9lev\u00e9es. La machine \u00e0 sous King of Heroes a un RTP de 96 %, ce qui en fait l&rsquo;une des machines \u00e0 sous les plus r\u00e9mun\u00e9ratrices du march\u00e9. Cela signifie que les joueurs ont 96 % de chances de r\u00e9cup\u00e9rer une partie de leur mise dans le jeu.<\/p>\n<h2>Facteurs affectant le RTP<\/h2>\n<p><img loading=\"lazy\" decoding=\"async\" class=\"aligncenter wp-image-1005\" src=\"https:\/\/mrgreencasinos.com\/wp-content\/uploads\/2023\/04\/The-King-of-Heroes-slots.png\" alt=\"The King of Heroes slots review\" width=\"800\" height=\"451\" srcset=\"https:\/\/mrgreencasinos.com\/wp-content\/uploads\/2023\/04\/The-King-of-Heroes-slots.png 912w, https:\/\/mrgreencasinos.com\/wp-content\/uploads\/2023\/04\/The-King-of-Heroes-slots-300x169.png 300w, https:\/\/mrgreencasinos.com\/wp-content\/uploads\/2023\/04\/The-King-of-Heroes-slots-768x433.png 768w, https:\/\/mrgreencasinos.com\/wp-content\/uploads\/2023\/04\/The-King-of-Heroes-slots-720x406.png 720w\" sizes=\"auto, (max-width: 800px) 100vw, 800px\" \/><\/p>\n<p>Plusieurs facteurs peuvent affecter le RTP d&rsquo;une machine \u00e0 sous. Ceux-ci inclus:<\/p>\n<ul>\n<li>Type de machines. Diff\u00e9rents types de machines \u00e0 sous peuvent avoir des RTP diff\u00e9rents. Par exemple, les machines \u00e0 sous progressives ont tendance \u00e0 avoir un RTP plus \u00e9lev\u00e9 que les machines \u00e0 sous classiques.<\/li>\n<li>Nombre de bobines. Plus une machine \u00e0 sous a de rouleaux, plus son RTP sera \u00e9lev\u00e9.<\/li>\n<li>Type de jeu. Le type de jeu peut \u00e9galement avoir un impact sur le RTP. Par exemple, les machines \u00e0 sous avec des tours bonus ont tendance \u00e0 avoir un RTP plus \u00e9lev\u00e9 que les machines \u00e0 sous r\u00e9guli\u00e8res.<\/li>\n<li>Fournisseur de jeux. Diff\u00e9rents fournisseurs de jeux proposent diff\u00e9rents RTP, il est donc important de v\u00e9rifier le RTP du jeu auquel vous jouez.<\/li>\n<\/ul>\n<h2>FAQ<\/h2>\n<h3>Quel est le gain maximum dans la machine \u00e0 sous King of Heroes ?<\/h3>\n<p>Le gain maximum sur les machines \u00e0 sous The King of Heroes est de 500 fois votre mise. Cela signifie que si vous pariez le montant maximum, vous pouvez gagner jusqu&rsquo;\u00e0 500 pi\u00e8ces.<\/p>\n<h3>Quelles sont les meilleures strat\u00e9gies pour jouer \u00e0 la machine \u00e0 sous King of Heroes ?<\/h3>\n<p>\u00c9tablissez un budget et respectez-le : il est important d&rsquo;\u00eatre disciplin\u00e9 lorsque vous jouez aux machines \u00e0 sous et de d\u00e9finir un budget avant de commencer \u00e0 jouer. De cette fa\u00e7on, vous ne serez pas tent\u00e9 de trop d\u00e9penser. Profitez des bonus. De nombreux casinos en ligne offrent des bonus pour jouer aux machines \u00e0 sous. N&rsquo;oubliez pas de profiter de ces bonus pour en avoir plus pour votre argent. Jouez sur le nombre maximum de lignes de paiement : cela vous donnera les meilleures chances de gagner car cela augmente le nombre de combinaisons gagnantes possibles. Profitez des bonus : Les bonus de la machine \u00e0 sous King of Heroes vous aideront \u00e0 augmenter vos gains. Assurez-vous d&rsquo;utiliser ces fonctionnalit\u00e9s dans la mesure du possible.<\/p>\n<h2>Conclusion<\/h2>\n<p>The King of Heroes Australia est une revue compl\u00e8te de cette nouvelle machine \u00e0 sous passionnante de Betsoft Gaming. Le jeu a des graphismes de premi\u00e8re classe, un son, de nombreux tours bonus et des tours gratuits. Les joueurs peuvent gagner des jackpots progressifs et des prix instantan\u00e9s \u00e0 chaque tour des rouleaux. Pour ceux qui cherchent \u00e0 mettre la main sur un jeu de machine \u00e0 sous passionnant et divertissant, la machine \u00e0 sous The King of Heroes devrait figurer en t\u00eate de leur liste.<\/p>\n","protected":false},"excerpt":{"rendered":"<p>King of Heroes Slot Review est un examen d\u00e9taill\u00e9 de la nouvelle machine \u00e0 sous passionnante de Betsoft Gaming. Le [&hellip;]<\/p>\n","protected":false},"author":1,"featured_media":0,"parent":0,"menu_order":0,"comment_status":"closed","ping_status":"closed","template":"","meta":{"footnotes":""},"class_list":["post-1089","page","type-page","status-publish","hentry"],"acf":[],"yoast_head":"<!-- This site is optimized with the Yoast SEO plugin v17.9 - https:\/\/yoast.com\/wordpress\/plugins\/seo\/ -->\n<title>Revue The King of Heroes - Jeu gratuit en mode d\u00e9mo - 2023<\/title>\n<meta name=\"description\" content=\"Machine \u00e0 sous King of Heroes \u2705 Notes des vrais joueurs, mode de jeu gratuit, captures d&#039;\u00e9cran gagnantes, codes bonus \u2705 Essayez la machine \u00e0 sous King of Heroes\" \/>\n<meta name=\"robots\" content=\"index, follow, max-snippet:-1, max-image-preview:large, max-video-preview:-1\" \/>\n<link rel=\"canonical\" href=\"https:\/\/mrgreencasinos.com\/fr\/king-heroes\/\" \/>\n<meta property=\"og:type\" content=\"article\" \/>\n<meta property=\"og:title\" content=\"Revue The King of Heroes - Jeu gratuit en mode d\u00e9mo - 2023\" \/>\n<meta property=\"og:description\" content=\"Machine \u00e0 sous King of Heroes \u2705 Notes des vrais joueurs, mode de jeu gratuit, captures d&#039;\u00e9cran gagnantes, codes bonus \u2705 Essayez la machine \u00e0 sous King of Heroes\" \/>\n<meta property=\"og:url\" content=\"https:\/\/mrgreencasinos.com\/fr\/king-heroes\/\" \/>\n<meta property=\"og:site_name\" content=\"Casino MR Green\" \/>\n<meta property=\"article:modified_time\" content=\"2023-04-26T19:36:42+00:00\" \/>\n<meta property=\"og:image\" content=\"https:\/\/mrgreencasinos.com\/wp-content\/uploads\/2023\/04\/The-King-of-Heroes-review.jpg\" \/>\n<meta name=\"twitter:card\" content=\"summary_large_image\" \/>\n<meta name=\"twitter:label1\" content=\"Dur\u00e9e de lecture estim\u00e9e\" \/>\n\t<meta name=\"twitter:data1\" content=\"5 minutes\" \/>\n<script type=\"application\/ld+json\" class=\"yoast-schema-graph\">{\"@context\":\"https:\/\/schema.org\",\"@graph\":[{\"@type\":\"WebSite\",\"@id\":\"https:\/\/mrgreencasinos.com\/#website\",\"url\":\"https:\/\/mrgreencasinos.com\/\",\"name\":\"Casino MR Green\",\"description\":\"\",\"potentialAction\":[{\"@type\":\"SearchAction\",\"target\":{\"@type\":\"EntryPoint\",\"urlTemplate\":\"https:\/\/mrgreencasinos.com\/?s={search_term_string}\"},\"query-input\":\"required name=search_term_string\"}],\"inLanguage\":\"fr-FR\"},{\"@type\":\"ImageObject\",\"@id\":\"https:\/\/mrgreencasinos.com\/fr\/king-heroes\/#primaryimage\",\"inLanguage\":\"fr-FR\",\"url\":\"https:\/\/mrgreencasinos.com\/wp-content\/uploads\/2023\/04\/The-King-of-Heroes-review.jpg\",\"contentUrl\":\"https:\/\/mrgreencasinos.com\/wp-content\/uploads\/2023\/04\/The-King-of-Heroes-review.jpg\",\"width\":612,\"height\":400,\"caption\":\"The King of Heroes review\"},{\"@type\":\"WebPage\",\"@id\":\"https:\/\/mrgreencasinos.com\/fr\/king-heroes\/#webpage\",\"url\":\"https:\/\/mrgreencasinos.com\/fr\/king-heroes\/\",\"name\":\"Revue The King of Heroes - Jeu gratuit en mode d\\u00e9mo - 2023\",\"isPartOf\":{\"@id\":\"https:\/\/mrgreencasinos.com\/#website\"},\"primaryImageOfPage\":{\"@id\":\"https:\/\/mrgreencasinos.com\/fr\/king-heroes\/#primaryimage\"},\"datePublished\":\"2023-04-22T12:43:09+00:00\",\"dateModified\":\"2023-04-26T19:36:42+00:00\",\"description\":\"Machine \\u00e0 sous King of Heroes \\u2705 Notes des vrais joueurs, mode de jeu gratuit, captures d'\\u00e9cran gagnantes, codes bonus \\u2705 Essayez la machine \\u00e0 sous King of Heroes\",\"breadcrumb\":{\"@id\":\"https:\/\/mrgreencasinos.com\/fr\/king-heroes\/#breadcrumb\"},\"inLanguage\":\"fr-FR\",\"potentialAction\":[{\"@type\":\"ReadAction\",\"target\":[\"https:\/\/mrgreencasinos.com\/fr\/king-heroes\/\"]}]},{\"@type\":\"BreadcrumbList\",\"@id\":\"https:\/\/mrgreencasinos.com\/fr\/king-heroes\/#breadcrumb\",\"itemListElement\":[{\"@type\":\"ListItem\",\"position\":1,\"name\":\"Home\",\"item\":\"https:\/\/mrgreencasinos.com\/fr\/review-of-the-official-mr-green-website\/\"},{\"@type\":\"ListItem\",\"position\":2,\"name\":\"Examen de la machine \\u00e0 sous King of Heroes &#8211; Une version royale d&#8217;un classique\"}]}]}<\/script>\n<!-- \/ Yoast SEO plugin. -->","yoast_head_json":{"title":"Revue The King of Heroes - Jeu gratuit en mode d\u00e9mo - 2023","description":"Machine \u00e0 sous King of Heroes \u2705 Notes des vrais joueurs, mode de jeu gratuit, captures d'\u00e9cran gagnantes, codes bonus \u2705 Essayez la machine \u00e0 sous King of Heroes","robots":{"index":"index","follow":"follow","max-snippet":"max-snippet:-1","max-image-preview":"max-image-preview:large","max-video-preview":"max-video-preview:-1"},"canonical":"https:\/\/mrgreencasinos.com\/fr\/king-heroes\/","og_type":"article","og_title":"Revue The King of Heroes - Jeu gratuit en mode d\u00e9mo - 2023","og_description":"Machine \u00e0 sous King of Heroes \u2705 Notes des vrais joueurs, mode de jeu gratuit, captures d'\u00e9cran gagnantes, codes bonus \u2705 Essayez la machine \u00e0 sous King of Heroes","og_url":"https:\/\/mrgreencasinos.com\/fr\/king-heroes\/","og_site_name":"Casino MR Green","article_modified_time":"2023-04-26T19:36:42+00:00","og_image":[{"url":"https:\/\/mrgreencasinos.com\/wp-content\/uploads\/2023\/04\/The-King-of-Heroes-review.jpg"}],"twitter_card":"summary_large_image","twitter_misc":{"Dur\u00e9e de lecture estim\u00e9e":"5 minutes"},"schema":{"@context":"https:\/\/schema.org","@graph":[{"@type":"WebSite","@id":"https:\/\/mrgreencasinos.com\/#website","url":"https:\/\/mrgreencasinos.com\/","name":"Casino MR Green","description":"","potentialAction":[{"@type":"SearchAction","target":{"@type":"EntryPoint","urlTemplate":"https:\/\/mrgreencasinos.com\/?s={search_term_string}"},"query-input":"required name=search_term_string"}],"inLanguage":"fr-FR"},{"@type":"ImageObject","@id":"https:\/\/mrgreencasinos.com\/fr\/king-heroes\/#primaryimage","inLanguage":"fr-FR","url":"https:\/\/mrgreencasinos.com\/wp-content\/uploads\/2023\/04\/The-King-of-Heroes-review.jpg","contentUrl":"https:\/\/mrgreencasinos.com\/wp-content\/uploads\/2023\/04\/The-King-of-Heroes-review.jpg","width":612,"height":400,"caption":"The King of Heroes review"},{"@type":"WebPage","@id":"https:\/\/mrgreencasinos.com\/fr\/king-heroes\/#webpage","url":"https:\/\/mrgreencasinos.com\/fr\/king-heroes\/","name":"Revue The King of Heroes - Jeu gratuit en mode d\u00e9mo - 2023","isPartOf":{"@id":"https:\/\/mrgreencasinos.com\/#website"},"primaryImageOfPage":{"@id":"https:\/\/mrgreencasinos.com\/fr\/king-heroes\/#primaryimage"},"datePublished":"2023-04-22T12:43:09+00:00","dateModified":"2023-04-26T19:36:42+00:00","description":"Machine \u00e0 sous King of Heroes \u2705 Notes des vrais joueurs, mode de jeu gratuit, captures d'\u00e9cran gagnantes, codes bonus \u2705 Essayez la machine \u00e0 sous King of Heroes","breadcrumb":{"@id":"https:\/\/mrgreencasinos.com\/fr\/king-heroes\/#breadcrumb"},"inLanguage":"fr-FR","potentialAction":[{"@type":"ReadAction","target":["https:\/\/mrgreencasinos.com\/fr\/king-heroes\/"]}]},{"@type":"BreadcrumbList","@id":"https:\/\/mrgreencasinos.com\/fr\/king-heroes\/#breadcrumb","itemListElement":[{"@type":"ListItem","position":1,"name":"Home","item":"https:\/\/mrgreencasinos.com\/fr\/review-of-the-official-mr-green-website\/"},{"@type":"ListItem","position":2,"name":"Examen de la machine \u00e0 sous King of Heroes &#8211; Une version royale d&#8217;un classique"}]}]}},"_links":{"self":[{"href":"https:\/\/mrgreencasinos.com\/fr\/wp-json\/wp\/v2\/pages\/1089","targetHints":{"allow":["GET"]}}],"collection":[{"href":"https:\/\/mrgreencasinos.com\/fr\/wp-json\/wp\/v2\/pages"}],"about":[{"href":"https:\/\/mrgreencasinos.com\/fr\/wp-json\/wp\/v2\/types\/page"}],"author":[{"embeddable":true,"href":"https:\/\/mrgreencasinos.com\/fr\/wp-json\/wp\/v2\/users\/1"}],"replies":[{"embeddable":true,"href":"https:\/\/mrgreencasinos.com\/fr\/wp-json\/wp\/v2\/comments?post=1089"}],"version-history":[{"count":2,"href":"https:\/\/mrgreencasinos.com\/fr\/wp-json\/wp\/v2\/pages\/1089\/revisions"}],"predecessor-version":[{"id":1091,"href":"https:\/\/mrgreencasinos.com\/fr\/wp-json\/wp\/v2\/pages\/1089\/revisions\/1091"}],"wp:attachment":[{"href":"https:\/\/mrgreencasinos.com\/fr\/wp-json\/wp\/v2\/media?parent=1089"}],"curies":[{"name":"wp","href":"https:\/\/api.w.org\/{rel}","templated":true}]}}