{"id":1093,"date":"2023-04-24T12:34:08","date_gmt":"2023-04-24T12:34:08","guid":{"rendered":"https:\/\/mrgreencasinos.com\/lord-sun\/"},"modified":"2023-04-26T19:41:34","modified_gmt":"2023-04-26T19:41:34","slug":"lord-sun","status":"publish","type":"page","link":"https:\/\/mrgreencasinos.com\/fr\/lord-sun\/","title":{"rendered":"Revue de la machine \u00e0 sous Lord of the Sun : voyage dans la mythologie m\u00e9soam\u00e9ricaine"},"content":{"rendered":"<h2>Introduction<\/h2>\n<p>Lord of the Sun est une machine \u00e0 sous vid\u00e9o \u00e0 5 rouleaux et 3 rang\u00e9es du fournisseur de logiciels Platipus. Il s&rsquo;agit d&rsquo;un jeu \u00e0 volatilit\u00e9 moyenne avec 20 lignes de paiement qui emm\u00e8nent les joueurs dans un voyage \u00e0 travers la mythologie m\u00e9soam\u00e9ricaine. Les joueurs pourront explorer des terres exotiques pleines de ruines antiques et de symboles myst\u00e9rieux. Le jeu poss\u00e8de un certain nombre de fonctionnalit\u00e9s uniques, notamment des tours gratuits Lord of the Sun, des symboles collants et des multiplicateurs. Lisez la suite pour en savoir plus sur l&rsquo;examen de la machine \u00e0 sous Lord of the Sun.<\/p>\n<h2><img loading=\"lazy\" decoding=\"async\" class=\"aligncenter wp-image-1031\" src=\"https:\/\/mrgreencasinos.com\/wp-content\/uploads\/2023\/04\/Lord-of-the-Sun-review.png\" alt=\"Machine \u00e0 sous Lord of the Sun\" width=\"800\" height=\"430\" srcset=\"https:\/\/mrgreencasinos.com\/wp-content\/uploads\/2023\/04\/Lord-of-the-Sun-review.png 674w, https:\/\/mrgreencasinos.com\/wp-content\/uploads\/2023\/04\/Lord-of-the-Sun-review-300x161.png 300w\" sizes=\"auto, (max-width: 800px) 100vw, 800px\" \/><\/h2>\n<h2>Graphismes et son<\/h2>\n<p>Les tours gratuits sans d\u00e9p\u00f4t de Lord of the Sun ont des graphismes fantastiques et une bande son \u00e0 couper le souffle. Le jeu se d\u00e9roule dans le contexte d&rsquo;anciennes ruines mayas et les symboles ressemblent \u00e0 des sculptures en pierre. Les symboles incluent divers dieux animaux et d\u00e9esses de la mythologie m\u00e9soam\u00e9ricaine. La musique est un m\u00e9lange de percussions et de chants tribaux, ce qui ajoute \u00e0 l&rsquo;atmosph\u00e8re de myst\u00e8re et d&rsquo;aventure.<\/p>\n<div class=\"t-go\"><a href=\"\/go-casino\/?brand=mrgreen\">BONUS DE R\u00c9CLAMATION<\/a><\/div>\n<h2>Comment le RTP et la volatilit\u00e9 fonctionnent-ils ensemble ?<\/h2>\n<p>Le RTP et la volatilit\u00e9 sont deux facteurs essentiels \u00e0 prendre en compte lorsque vous jouez \u00e0 n&rsquo;importe quelle machine \u00e0 sous, et ils travaillent ensemble pour offrir aux joueurs une exp\u00e9rience de jeu exceptionnelle. Plus le RTP est \u00e9lev\u00e9, plus les chances de gagner sont \u00e9lev\u00e9es, et plus la volatilit\u00e9 est \u00e9lev\u00e9e, plus la probabilit\u00e9 de gros gains est grande. Dans le cas de Lord of the Sun, le RTP est de 95,72 %, ce qui est relativement \u00e9lev\u00e9 par rapport aux autres Lord of les cr\u00e9neaux solaires. Cela signifie que les joueurs ont de bonnes chances d&rsquo;obtenir un retour sur leur investissement, et la volatilit\u00e9 moyenne du jeu signifie qu&rsquo;ils peuvent s&rsquo;attendre \u00e0 gagner fr\u00e9quemment. Cette combinaison de RTP et de volatilit\u00e9 fait de Lord of the Sun un excellent match pour les joueurs exp\u00e9riment\u00e9s et novices.<\/p>\n<h2>Que propose le Seigneur du Soleil ?<\/h2>\n<p>Lord of the Sun Australia est un jeu \u00e0 cinq rouleaux et 30 lignes de paiement dot\u00e9 de nombreuses fonctionnalit\u00e9s pour divertir les joueurs. Il a un grand th\u00e8me \u00e9gyptien et quelques bonus sympas. Ceux-ci incluent des jokers en expansion, des tours gratuits et des multiplicateurs, et une fonction de pari pour ceux qui ont de la chance. gagner gros. Il existe \u00e9galement un jackpot g\u00e9n\u00e9reux de 5 000 fois la mise qui peut \u00eatre d\u00e9clench\u00e9 si cinq symboles joker apparaissent sur les rouleaux. Avec toutes ces fonctionnalit\u00e9s, la machine \u00e0 sous Lord of the Sun fera tourner les joueurs pendant des heures.<\/p>\n<div class=\"t-go\"><a href=\"\/go-casino\/?brand=mrgreen\">BONUS DE R\u00c9CLAMATION<\/a><\/div>\n<h2>Jouabilit\u00e9<\/h2>\n<p>Lord of the Sun est un jeu \u00e0 volatilit\u00e9 moyenne avec 20 lignes de paiement. La mise minimale est de 0,2 pi\u00e8ces et la mise maximale est de 100 pi\u00e8ces. Le RTP est de 96,05 %. Le jeu a plusieurs fonctionnalit\u00e9s sp\u00e9ciales, notamment Sticky Wilds, la machine \u00e0 sous Lord of the Sun et Multipliers.<\/p>\n<p><img loading=\"lazy\" decoding=\"async\" class=\"aligncenter wp-image-1033\" src=\"https:\/\/mrgreencasinos.com\/wp-content\/uploads\/2023\/04\/Lord-of-the-Sun.png\" alt=\"Examen de la machine \u00e0 sous Lord of the Sun\" width=\"800\" height=\"467\" srcset=\"https:\/\/mrgreencasinos.com\/wp-content\/uploads\/2023\/04\/Lord-of-the-Sun.png 1200w, https:\/\/mrgreencasinos.com\/wp-content\/uploads\/2023\/04\/Lord-of-the-Sun-300x175.png 300w, https:\/\/mrgreencasinos.com\/wp-content\/uploads\/2023\/04\/Lord-of-the-Sun-1024x597.png 1024w, https:\/\/mrgreencasinos.com\/wp-content\/uploads\/2023\/04\/Lord-of-the-Sun-768x448.png 768w, https:\/\/mrgreencasinos.com\/wp-content\/uploads\/2023\/04\/Lord-of-the-Sun-720x420.png 720w\" sizes=\"auto, (max-width: 800px) 100vw, 800px\" \/><\/p>\n<ul>\n<li>Sticky Wilds : Lorsqu&rsquo;un symbole Wild appara\u00eet sur les rouleaux, il devient un Sticky Wild et reste en place pendant toute la partie.<\/li>\n<li>Tours gratuits : Si 3 symboles scatter ou plus atterrissent, le joueur recevra 10 tours gratuits. Pendant le tour de tours gratuits, le symbole wild devient un symbole wild collant et reste sur les rouleaux.<\/li>\n<li>Multiplicateurs\u00a0: pendant le tour de tours gratuits, un multiplicateur sera appliqu\u00e9 \u00e0 tous les gains. Le multiplicateur peut aller jusqu&rsquo;\u00e0 x3.<\/li>\n<\/ul>\n<h2>FAQ<\/h2>\n<h3>Qu&rsquo;est-ce que la machine \u00e0 sous Lord of the Sun ?<\/h3>\n<p>Lord of the Sun en argent r\u00e9el est une machine \u00e0 sous vid\u00e9o \u00e0 cinq rouleaux bas\u00e9e sur le th\u00e8me azt\u00e8que. Il a \u00e9t\u00e9 d\u00e9velopp\u00e9 par Pragmatic Play, l&rsquo;un des principaux fournisseurs de logiciels de l&rsquo;industrie des jeux en ligne. Le jeu a 20 lignes de paiement, wild et scatter. Il propose \u00e9galement un tour de bonus passionnant qui peut \u00eatre d\u00e9clench\u00e9 si trois symboles bonus atterrissent sur les rouleaux.<\/p>\n<h3>Quels sont les avantages de jouer \u00e0 la machine \u00e0 sous Lord of the Sun ?<\/h3>\n<p>La machine \u00e0 sous Lord of the Sun pr\u00e9sente de nombreux avantages, ce qui en fait un excellent choix pour tout amateur de machines \u00e0 sous. Voici quelques-uns des principaux avantages de ce jeu\u00a0:<\/p>\n<ul>\n<li>Amusant et addictif\u00a0:Lord of the Sun Platipus propose des graphismes et des animations dynamiques qui le rendent agr\u00e9able et addictif.<\/li>\n<li>Paiements \u00e9lev\u00e9s : Le gain maximum du jeu est sup\u00e9rieur \u00e0 10 000 fois votre mise, ce qui en fait un choix exceptionnel pour les gros joueurs.<\/li>\n<li>Caract\u00e9ristiques bonus : Le jeu propose un tour de bonus passionnant qui peut \u00eatre d\u00e9clench\u00e9 en faisant atterrir 3 symboles bonus sur les rouleaux.<\/li>\n<\/ul>\n<h2>Conclusion<\/h2>\n<p>La machine \u00e0 sous Lord of the Sun est un jeu addictif qui emm\u00e8ne les joueurs dans un voyage \u00e0 travers les anciennes terres de la mythologie m\u00e9soam\u00e9ricaine. Les graphismes et le son sont incroyables, et le gameplay est amusant. Des fonctionnalit\u00e9s sp\u00e9ciales telles que Sticky Wilds, Free Spins et Multipliers ajoutent \u00e0 l&rsquo;excitation du jeu. Si vous \u00eates \u00e0 la recherche d&rsquo;un jeu de machine \u00e0 sous Lord of the Sun passionnant et gratifiant, alors vous devriez consulter Lord of the Sun.<\/p>\n<p>&nbsp;<\/p>\n","protected":false},"excerpt":{"rendered":"<p>Introduction Lord of the Sun est une machine \u00e0 sous vid\u00e9o \u00e0 5 rouleaux et 3 rang\u00e9es du fournisseur de [&hellip;]<\/p>\n","protected":false},"author":1,"featured_media":0,"parent":0,"menu_order":0,"comment_status":"closed","ping_status":"closed","template":"","meta":{"footnotes":""},"class_list":["post-1093","page","type-page","status-publish","hentry"],"acf":[],"yoast_head":"<!-- This site is optimized with the Yoast SEO plugin v17.9 - https:\/\/yoast.com\/wordpress\/plugins\/seo\/ -->\n<title>Revue Lord of the Sun - Jeu gratuit en mode d\u00e9mo - 2023<\/title>\n<meta name=\"description\" content=\"Machine \u00e0 sous Lord of the Sun \u2705 Notes des vrais joueurs, mode de jeu gratuit, captures d&#039;\u00e9cran gagnantes, codes bonus \u2705 Essayez la machine \u00e0 sous Lord of the Sun\" \/>\n<meta name=\"robots\" content=\"index, follow, max-snippet:-1, max-image-preview:large, max-video-preview:-1\" \/>\n<link rel=\"canonical\" href=\"https:\/\/mrgreencasinos.com\/fr\/lord-sun\/\" \/>\n<meta property=\"og:type\" content=\"article\" \/>\n<meta property=\"og:title\" content=\"Revue Lord of the Sun - Jeu gratuit en mode d\u00e9mo - 2023\" \/>\n<meta property=\"og:description\" content=\"Machine \u00e0 sous Lord of the Sun \u2705 Notes des vrais joueurs, mode de jeu gratuit, captures d&#039;\u00e9cran gagnantes, codes bonus \u2705 Essayez la machine \u00e0 sous Lord of the Sun\" \/>\n<meta property=\"og:url\" content=\"https:\/\/mrgreencasinos.com\/fr\/lord-sun\/\" \/>\n<meta property=\"og:site_name\" content=\"Casino MR Green\" \/>\n<meta property=\"article:modified_time\" content=\"2023-04-26T19:41:34+00:00\" \/>\n<meta property=\"og:image\" content=\"https:\/\/mrgreencasinos.com\/wp-content\/uploads\/2023\/04\/Lord-of-the-Sun-review.png\" \/>\n<meta name=\"twitter:card\" content=\"summary_large_image\" \/>\n<meta name=\"twitter:label1\" content=\"Dur\u00e9e de lecture estim\u00e9e\" \/>\n\t<meta name=\"twitter:data1\" content=\"5 minutes\" \/>\n<script type=\"application\/ld+json\" class=\"yoast-schema-graph\">{\"@context\":\"https:\/\/schema.org\",\"@graph\":[{\"@type\":\"WebSite\",\"@id\":\"https:\/\/mrgreencasinos.com\/#website\",\"url\":\"https:\/\/mrgreencasinos.com\/\",\"name\":\"Casino MR Green\",\"description\":\"\",\"potentialAction\":[{\"@type\":\"SearchAction\",\"target\":{\"@type\":\"EntryPoint\",\"urlTemplate\":\"https:\/\/mrgreencasinos.com\/?s={search_term_string}\"},\"query-input\":\"required name=search_term_string\"}],\"inLanguage\":\"fr-FR\"},{\"@type\":\"ImageObject\",\"@id\":\"https:\/\/mrgreencasinos.com\/fr\/lord-sun\/#primaryimage\",\"inLanguage\":\"fr-FR\",\"url\":\"https:\/\/mrgreencasinos.com\/wp-content\/uploads\/2023\/04\/Lord-of-the-Sun-review.png\",\"contentUrl\":\"https:\/\/mrgreencasinos.com\/wp-content\/uploads\/2023\/04\/Lord-of-the-Sun-review.png\",\"width\":674,\"height\":362},{\"@type\":\"WebPage\",\"@id\":\"https:\/\/mrgreencasinos.com\/fr\/lord-sun\/#webpage\",\"url\":\"https:\/\/mrgreencasinos.com\/fr\/lord-sun\/\",\"name\":\"Revue Lord of the Sun - Jeu gratuit en mode d\\u00e9mo - 2023\",\"isPartOf\":{\"@id\":\"https:\/\/mrgreencasinos.com\/#website\"},\"primaryImageOfPage\":{\"@id\":\"https:\/\/mrgreencasinos.com\/fr\/lord-sun\/#primaryimage\"},\"datePublished\":\"2023-04-24T12:34:08+00:00\",\"dateModified\":\"2023-04-26T19:41:34+00:00\",\"description\":\"Machine \\u00e0 sous Lord of the Sun \\u2705 Notes des vrais joueurs, mode de jeu gratuit, captures d'\\u00e9cran gagnantes, codes bonus \\u2705 Essayez la machine \\u00e0 sous Lord of the Sun\",\"breadcrumb\":{\"@id\":\"https:\/\/mrgreencasinos.com\/fr\/lord-sun\/#breadcrumb\"},\"inLanguage\":\"fr-FR\",\"potentialAction\":[{\"@type\":\"ReadAction\",\"target\":[\"https:\/\/mrgreencasinos.com\/fr\/lord-sun\/\"]}]},{\"@type\":\"BreadcrumbList\",\"@id\":\"https:\/\/mrgreencasinos.com\/fr\/lord-sun\/#breadcrumb\",\"itemListElement\":[{\"@type\":\"ListItem\",\"position\":1,\"name\":\"Home\",\"item\":\"https:\/\/mrgreencasinos.com\/fr\/review-of-the-official-mr-green-website\/\"},{\"@type\":\"ListItem\",\"position\":2,\"name\":\"Revue de la machine \\u00e0 sous Lord of the Sun : voyage dans la mythologie m\\u00e9soam\\u00e9ricaine\"}]}]}<\/script>\n<!-- \/ Yoast SEO plugin. -->","yoast_head_json":{"title":"Revue Lord of the Sun - Jeu gratuit en mode d\u00e9mo - 2023","description":"Machine \u00e0 sous Lord of the Sun \u2705 Notes des vrais joueurs, mode de jeu gratuit, captures d'\u00e9cran gagnantes, codes bonus \u2705 Essayez la machine \u00e0 sous Lord of the Sun","robots":{"index":"index","follow":"follow","max-snippet":"max-snippet:-1","max-image-preview":"max-image-preview:large","max-video-preview":"max-video-preview:-1"},"canonical":"https:\/\/mrgreencasinos.com\/fr\/lord-sun\/","og_type":"article","og_title":"Revue Lord of the Sun - Jeu gratuit en mode d\u00e9mo - 2023","og_description":"Machine \u00e0 sous Lord of the Sun \u2705 Notes des vrais joueurs, mode de jeu gratuit, captures d'\u00e9cran gagnantes, codes bonus \u2705 Essayez la machine \u00e0 sous Lord of the Sun","og_url":"https:\/\/mrgreencasinos.com\/fr\/lord-sun\/","og_site_name":"Casino MR Green","article_modified_time":"2023-04-26T19:41:34+00:00","og_image":[{"url":"https:\/\/mrgreencasinos.com\/wp-content\/uploads\/2023\/04\/Lord-of-the-Sun-review.png"}],"twitter_card":"summary_large_image","twitter_misc":{"Dur\u00e9e de lecture estim\u00e9e":"5 minutes"},"schema":{"@context":"https:\/\/schema.org","@graph":[{"@type":"WebSite","@id":"https:\/\/mrgreencasinos.com\/#website","url":"https:\/\/mrgreencasinos.com\/","name":"Casino MR Green","description":"","potentialAction":[{"@type":"SearchAction","target":{"@type":"EntryPoint","urlTemplate":"https:\/\/mrgreencasinos.com\/?s={search_term_string}"},"query-input":"required name=search_term_string"}],"inLanguage":"fr-FR"},{"@type":"ImageObject","@id":"https:\/\/mrgreencasinos.com\/fr\/lord-sun\/#primaryimage","inLanguage":"fr-FR","url":"https:\/\/mrgreencasinos.com\/wp-content\/uploads\/2023\/04\/Lord-of-the-Sun-review.png","contentUrl":"https:\/\/mrgreencasinos.com\/wp-content\/uploads\/2023\/04\/Lord-of-the-Sun-review.png","width":674,"height":362},{"@type":"WebPage","@id":"https:\/\/mrgreencasinos.com\/fr\/lord-sun\/#webpage","url":"https:\/\/mrgreencasinos.com\/fr\/lord-sun\/","name":"Revue Lord of the Sun - Jeu gratuit en mode d\u00e9mo - 2023","isPartOf":{"@id":"https:\/\/mrgreencasinos.com\/#website"},"primaryImageOfPage":{"@id":"https:\/\/mrgreencasinos.com\/fr\/lord-sun\/#primaryimage"},"datePublished":"2023-04-24T12:34:08+00:00","dateModified":"2023-04-26T19:41:34+00:00","description":"Machine \u00e0 sous Lord of the Sun \u2705 Notes des vrais joueurs, mode de jeu gratuit, captures d'\u00e9cran gagnantes, codes bonus \u2705 Essayez la machine \u00e0 sous Lord of the Sun","breadcrumb":{"@id":"https:\/\/mrgreencasinos.com\/fr\/lord-sun\/#breadcrumb"},"inLanguage":"fr-FR","potentialAction":[{"@type":"ReadAction","target":["https:\/\/mrgreencasinos.com\/fr\/lord-sun\/"]}]},{"@type":"BreadcrumbList","@id":"https:\/\/mrgreencasinos.com\/fr\/lord-sun\/#breadcrumb","itemListElement":[{"@type":"ListItem","position":1,"name":"Home","item":"https:\/\/mrgreencasinos.com\/fr\/review-of-the-official-mr-green-website\/"},{"@type":"ListItem","position":2,"name":"Revue de la machine \u00e0 sous Lord of the Sun : voyage dans la mythologie m\u00e9soam\u00e9ricaine"}]}]}},"_links":{"self":[{"href":"https:\/\/mrgreencasinos.com\/fr\/wp-json\/wp\/v2\/pages\/1093","targetHints":{"allow":["GET"]}}],"collection":[{"href":"https:\/\/mrgreencasinos.com\/fr\/wp-json\/wp\/v2\/pages"}],"about":[{"href":"https:\/\/mrgreencasinos.com\/fr\/wp-json\/wp\/v2\/types\/page"}],"author":[{"embeddable":true,"href":"https:\/\/mrgreencasinos.com\/fr\/wp-json\/wp\/v2\/users\/1"}],"replies":[{"embeddable":true,"href":"https:\/\/mrgreencasinos.com\/fr\/wp-json\/wp\/v2\/comments?post=1093"}],"version-history":[{"count":2,"href":"https:\/\/mrgreencasinos.com\/fr\/wp-json\/wp\/v2\/pages\/1093\/revisions"}],"predecessor-version":[{"id":1095,"href":"https:\/\/mrgreencasinos.com\/fr\/wp-json\/wp\/v2\/pages\/1093\/revisions\/1095"}],"wp:attachment":[{"href":"https:\/\/mrgreencasinos.com\/fr\/wp-json\/wp\/v2\/media?parent=1093"}],"curies":[{"name":"wp","href":"https:\/\/api.w.org\/{rel}","templated":true}]}}