{"id":1100,"date":"2023-04-25T09:53:36","date_gmt":"2023-04-25T09:53:36","guid":{"rendered":"https:\/\/mrgreencasinos.com\/sun-fortune\/"},"modified":"2023-04-26T19:47:36","modified_gmt":"2023-04-26T19:47:36","slug":"sun-fortune","status":"publish","type":"page","link":"https:\/\/mrgreencasinos.com\/fr\/sun-fortune\/","title":{"rendered":"Sun of Fortune Review Slot \u2013 Une machine \u00e0 sous passionnante"},"content":{"rendered":"<p>Sun of Fortune Wazdan, une machine \u00e0 sous \u00e0 cinq rouleaux et trois rang\u00e9es, est un produit de Pay N Play. L&rsquo;endroit est con\u00e7u dans un th\u00e8me \u00e9gyptien antique classique et est situ\u00e9 sur les rives du Nil. Le jeu a un retour au joueur (RTP) \u00e9lev\u00e9 de 96,05\u00a0% et une victoire maximale de 100\u00a0000. Avec ses bonus uniques, Sun of Fortune offre aux joueurs une exp\u00e9rience de jeu passionnante.<\/p>\n<div class=\"t-go\"><a href=\"\/go-casino\/?brand=mrgreen\">BONUS DE R\u00c9CLAMATION<\/a><\/div>\n<h2>Graphiques et symboles exceptionnels<\/h2>\n<p>L&rsquo;argent r\u00e9el Sun of Fortune est r\u00e9alis\u00e9 dans le th\u00e8me \u00e9gyptien antique classique avec un arri\u00e8re-plan sur les rives du Nil. Le jeu propose divers symboles et graphismes \u00e9gyptiens anciens tels que des scarab\u00e9es, Horus, Anubis et Bastet. Le jeu a \u00e9galement une bande son impressionnante qui ajoute \u00e0 l&rsquo;exp\u00e9rience de jeu globale.<\/p>\n<h2><img loading=\"lazy\" decoding=\"async\" class=\"aligncenter wp-image-1045\" src=\"https:\/\/mrgreencasinos.com\/wp-content\/uploads\/2023\/04\/Sun-of-Fortune-slot-review.png\" alt=\"Sun of Fortune examen\" width=\"800\" height=\"430\" srcset=\"https:\/\/mrgreencasinos.com\/wp-content\/uploads\/2023\/04\/Sun-of-Fortune-slot-review.png 674w, https:\/\/mrgreencasinos.com\/wp-content\/uploads\/2023\/04\/Sun-of-Fortune-slot-review-300x161.png 300w\" sizes=\"auto, (max-width: 800px) 100vw, 800px\" \/><\/h2>\n<h2>Bonus attractifs<\/h2>\n<p>Sun of Fortune contient de nombreuses fonctionnalit\u00e9s bonus int\u00e9ressantes. Le jeu a des jokers qui remplacent tous les autres symboles \u00e0 l&rsquo;exception du scatter et augmentent vos chances de gagner. Le jeu comporte \u00e9galement un symbole scatter qui d\u00e9clenche la fonction bonus Lucky Sun. Cette fonctionnalit\u00e9 vous donne la chance de gagner jusqu&rsquo;\u00e0 cinq tours gratuits Sun of Fortune. Une autre fonctionnalit\u00e9 bonus de Sun of Fortune est la fonctionnalit\u00e9 Wild Reel. Une fois activ\u00e9e, cette fonctionnalit\u00e9 transformera une ou deux bobines enti\u00e8res en jokers, augmentant ainsi vos chances de gagner. Le jeu dispose \u00e9galement d&rsquo;une fonctionnalit\u00e9 Gamble qui vous permet de doubler vos gains.<\/p>\n<h2>Gains rentables<\/h2>\n<p>Le bonus sans d\u00e9p\u00f4t de Sun of Fortune en Australie est de 100 000, ce qui rend ce jeu incroyablement rentable. Le jeu a une variance moyenne, ce qui signifie que les paiements sont fr\u00e9quents, mais pas en grande quantit\u00e9. Le jeu a un RTP \u00e9lev\u00e9 de 96,05 %, ce qui en fait l&rsquo;une des machines \u00e0 sous les plus rentables du march\u00e9.<\/p>\n<h2>Qu&rsquo;est-ce que RTP\u00a0?<\/h2>\n<p>RTP signifie Return to Player et est une mesure de la somme d&rsquo;argent qu&rsquo;un joueur peut esp\u00e9rer r\u00e9cup\u00e9rer en jouant \u00e0 un jeu particulier. Il est g\u00e9n\u00e9ralement exprim\u00e9 en pourcentage, avec des RTP plus \u00e9lev\u00e9s, ce qui signifie que le joueur est plus susceptible de r\u00e9cup\u00e9rer ses paris. Le RTP des tours gratuits sans d\u00e9p\u00f4t de Sun of Fortune est de 96,3 %, ce qui est l&rsquo;un des plus \u00e9lev\u00e9s de l&rsquo;industrie. Cela signifie que pour chaque 100 mises, les joueurs peuvent s&rsquo;attendre \u00e0 miser 96,30.<\/p>\n<div class=\"t-go\"><a href=\"\/go-casino\/?brand=mrgreen\">BONUS DE R\u00c9CLAMATION<\/a><\/div>\n<h2>Lucky Sun Volatilit\u00e9<\/h2>\n<p>La volatilit\u00e9 est une mesure de la fr\u00e9quence \u00e0 laquelle un jeu rapporte et de la taille de ces paiements. Sun of Fortune est consid\u00e9r\u00e9 comme une volatilit\u00e9 moyenne, ce qui signifie que les gains se produiront avec une certaine r\u00e9gularit\u00e9, mais ils ne seront pas aussi importants que dans un jeu \u00e0 volatilit\u00e9 \u00e9lev\u00e9e. Cela fait de Sun of Fortune un excellent choix pour les joueurs \u00e0 la recherche d&rsquo;une exp\u00e9rience de jeu \u00e9quilibr\u00e9e.<\/p>\n<h2>Avantages et volatilit\u00e9 du Sun of Fortune RTP<\/h2>\n<p><img loading=\"lazy\" decoding=\"async\" class=\"aligncenter wp-image-1047\" src=\"https:\/\/mrgreencasinos.com\/wp-content\/uploads\/2023\/04\/Sun-of-Fortune-review.jpeg\" alt=\"Examen de la machine \u00e0 sous Sun of Fortune\" width=\"800\" height=\"450\" srcset=\"https:\/\/mrgreencasinos.com\/wp-content\/uploads\/2023\/04\/Sun-of-Fortune-review.jpeg 1104w, https:\/\/mrgreencasinos.com\/wp-content\/uploads\/2023\/04\/Sun-of-Fortune-review-300x169.jpeg 300w, https:\/\/mrgreencasinos.com\/wp-content\/uploads\/2023\/04\/Sun-of-Fortune-review-1024x576.jpeg 1024w, https:\/\/mrgreencasinos.com\/wp-content\/uploads\/2023\/04\/Sun-of-Fortune-review-768x432.jpeg 768w, https:\/\/mrgreencasinos.com\/wp-content\/uploads\/2023\/04\/Sun-of-Fortune-review-720x405.jpeg 720w\" sizes=\"auto, (max-width: 800px) 100vw, 800px\" \/><\/p>\n<p>La combinaison d&rsquo;un RTP \u00e9lev\u00e9 et d&rsquo;une volatilit\u00e9 moyenne fait de Sun of Fortune Australia un excellent choix pour les joueurs \u00e0 la recherche d&rsquo;un retour sur investissement stable. Le jeu a un RTP plus \u00e9lev\u00e9 que la plupart des autres machines \u00e0 sous, ce qui signifie que les joueurs peuvent s&rsquo;attendre \u00e0 r\u00e9cup\u00e9rer davantage de leurs paris. De plus, la volatilit\u00e9 moyenne garantit que les gains sont fr\u00e9quents mais pas trop importants, offrant aux joueurs un bon \u00e9quilibre entre risque et r\u00e9compense.<\/p>\n<h2>FAQ<\/h2>\n<h3>Quelles sont les fonctionnalit\u00e9s ?<\/h3>\n<p>Sun of Fortune comprend de nombreuses fonctionnalit\u00e9s amusantes pour vous aider \u00e0 gagner gros. Voici quelques points importants:<\/p>\n<ul>\n<li>Scatters : ces symboles d\u00e9clenchent les tours gratuits lorsque trois symboles ou plus apparaissent sur les rouleaux.<\/li>\n<li>Symboles Wild : les symboles Wild remplacent d&rsquo;autres symboles pour vous aider \u00e0 cr\u00e9er des combinaisons gagnantes.<\/li>\n<li>Stacked Wilds : Ces jokers s&#8217;empilent par trois et peuvent vous aider \u00e0 augmenter vos gains.<\/li>\n<li>Tours gratuits : vous pouvez gagner jusqu&rsquo;\u00e0 15 tours gratuits si vous d\u00e9crochez trois symboles scatter ou plus.<\/li>\n<li>Fonction Gamble : Vous pouvez utiliser la fonction Gamble pour doubler ou quadrupler vos gains.<\/li>\n<\/ul>\n<h3>Quelles sont les meilleures strat\u00e9gies pour gagner ?<\/h3>\n<p>Il existe plusieurs strat\u00e9gies que vous pouvez utiliser pour augmenter vos chances de gagner sur les machines \u00e0 sous Sun of Fortune. Voici quelques conseils \u00e0 garder \u00e0 l&rsquo;esprit\u00a0:<\/p>\n<ul>\n<li>\u00c9tablissez un budget : Il est important d&rsquo;\u00e9tablir un budget avant de commencer \u00e0 jouer et de vous y tenir. Cela vous aidera \u00e0 g\u00e9rer votre argent et \u00e0 \u00e9viter les d\u00e9penses excessives.<\/li>\n<li>Profitez des bonus. De nombreux casinos en ligne offrent des bonus tels que des tours gratuits qui peuvent \u00eatre utilis\u00e9s sur la machine \u00e0 sous Sun of Fortune. Profitez de ces bonus pour maximiser vos gains.<\/li>\n<\/ul>\n<h2>Conclusion<\/h2>\n<p>Sun of Fortune est un jeu de machine \u00e0 sous passionnant avec des graphismes attrayants, des symboles et des bonus. Avec un RTP \u00e9lev\u00e9 et un gain maximum de 100 000, le jeu Sun of Fortune offre aux joueurs une exp\u00e9rience de jeu passionnante et enrichissante. Si vous recherchez une machine \u00e0 sous amusante et enrichissante, Sun of Fortune est un excellent choix.<\/p>\n","protected":false},"excerpt":{"rendered":"<p>Sun of Fortune Wazdan, une machine \u00e0 sous \u00e0 cinq rouleaux et trois rang\u00e9es, est un produit de Pay N [&hellip;]<\/p>\n","protected":false},"author":1,"featured_media":0,"parent":0,"menu_order":0,"comment_status":"closed","ping_status":"closed","template":"","meta":{"footnotes":""},"class_list":["post-1100","page","type-page","status-publish","hentry"],"acf":[],"yoast_head":"<!-- This site is optimized with the Yoast SEO plugin v17.9 - https:\/\/yoast.com\/wordpress\/plugins\/seo\/ -->\n<title>Revue Sun of Fortune - Jeu gratuit en mode d\u00e9mo - 2023<\/title>\n<meta name=\"description\" content=\"Machine \u00e0 sous Sun of Fortune \u2705 Notes des vrais joueurs, mode de jeu gratuit, captures d&#039;\u00e9cran gagnantes, codes bonus \u2705 Essayez la machine \u00e0 sous Sun of Fortune\" \/>\n<meta name=\"robots\" content=\"index, follow, max-snippet:-1, max-image-preview:large, max-video-preview:-1\" \/>\n<link rel=\"canonical\" href=\"https:\/\/mrgreencasinos.com\/fr\/sun-fortune\/\" \/>\n<meta property=\"og:type\" content=\"article\" \/>\n<meta property=\"og:title\" content=\"Revue Sun of Fortune - Jeu gratuit en mode d\u00e9mo - 2023\" \/>\n<meta property=\"og:description\" content=\"Machine \u00e0 sous Sun of Fortune \u2705 Notes des vrais joueurs, mode de jeu gratuit, captures d&#039;\u00e9cran gagnantes, codes bonus \u2705 Essayez la machine \u00e0 sous Sun of Fortune\" \/>\n<meta property=\"og:url\" content=\"https:\/\/mrgreencasinos.com\/fr\/sun-fortune\/\" \/>\n<meta property=\"og:site_name\" content=\"Casino MR Green\" \/>\n<meta property=\"article:modified_time\" content=\"2023-04-26T19:47:36+00:00\" \/>\n<meta property=\"og:image\" content=\"https:\/\/mrgreencasinos.com\/wp-content\/uploads\/2023\/04\/Sun-of-Fortune-slot-review.png\" \/>\n<meta name=\"twitter:card\" content=\"summary_large_image\" \/>\n<meta name=\"twitter:label1\" content=\"Dur\u00e9e de lecture estim\u00e9e\" \/>\n\t<meta name=\"twitter:data1\" content=\"5 minutes\" \/>\n<script type=\"application\/ld+json\" class=\"yoast-schema-graph\">{\"@context\":\"https:\/\/schema.org\",\"@graph\":[{\"@type\":\"WebSite\",\"@id\":\"https:\/\/mrgreencasinos.com\/#website\",\"url\":\"https:\/\/mrgreencasinos.com\/\",\"name\":\"Casino MR Green\",\"description\":\"\",\"potentialAction\":[{\"@type\":\"SearchAction\",\"target\":{\"@type\":\"EntryPoint\",\"urlTemplate\":\"https:\/\/mrgreencasinos.com\/?s={search_term_string}\"},\"query-input\":\"required name=search_term_string\"}],\"inLanguage\":\"fr-FR\"},{\"@type\":\"ImageObject\",\"@id\":\"https:\/\/mrgreencasinos.com\/fr\/sun-fortune\/#primaryimage\",\"inLanguage\":\"fr-FR\",\"url\":\"https:\/\/mrgreencasinos.com\/wp-content\/uploads\/2023\/04\/Sun-of-Fortune-slot-review.png\",\"contentUrl\":\"https:\/\/mrgreencasinos.com\/wp-content\/uploads\/2023\/04\/Sun-of-Fortune-slot-review.png\",\"width\":674,\"height\":362,\"caption\":\"Sun of Fortune review\"},{\"@type\":\"WebPage\",\"@id\":\"https:\/\/mrgreencasinos.com\/fr\/sun-fortune\/#webpage\",\"url\":\"https:\/\/mrgreencasinos.com\/fr\/sun-fortune\/\",\"name\":\"Revue Sun of Fortune - Jeu gratuit en mode d\\u00e9mo - 2023\",\"isPartOf\":{\"@id\":\"https:\/\/mrgreencasinos.com\/#website\"},\"primaryImageOfPage\":{\"@id\":\"https:\/\/mrgreencasinos.com\/fr\/sun-fortune\/#primaryimage\"},\"datePublished\":\"2023-04-25T09:53:36+00:00\",\"dateModified\":\"2023-04-26T19:47:36+00:00\",\"description\":\"Machine \\u00e0 sous Sun of Fortune \\u2705 Notes des vrais joueurs, mode de jeu gratuit, captures d'\\u00e9cran gagnantes, codes bonus \\u2705 Essayez la machine \\u00e0 sous Sun of Fortune\",\"breadcrumb\":{\"@id\":\"https:\/\/mrgreencasinos.com\/fr\/sun-fortune\/#breadcrumb\"},\"inLanguage\":\"fr-FR\",\"potentialAction\":[{\"@type\":\"ReadAction\",\"target\":[\"https:\/\/mrgreencasinos.com\/fr\/sun-fortune\/\"]}]},{\"@type\":\"BreadcrumbList\",\"@id\":\"https:\/\/mrgreencasinos.com\/fr\/sun-fortune\/#breadcrumb\",\"itemListElement\":[{\"@type\":\"ListItem\",\"position\":1,\"name\":\"Home\",\"item\":\"https:\/\/mrgreencasinos.com\/fr\/review-of-the-official-mr-green-website\/\"},{\"@type\":\"ListItem\",\"position\":2,\"name\":\"Sun of Fortune Review Slot \\u2013 Une machine \\u00e0 sous passionnante\"}]}]}<\/script>\n<!-- \/ Yoast SEO plugin. -->","yoast_head_json":{"title":"Revue Sun of Fortune - Jeu gratuit en mode d\u00e9mo - 2023","description":"Machine \u00e0 sous Sun of Fortune \u2705 Notes des vrais joueurs, mode de jeu gratuit, captures d'\u00e9cran gagnantes, codes bonus \u2705 Essayez la machine \u00e0 sous Sun of Fortune","robots":{"index":"index","follow":"follow","max-snippet":"max-snippet:-1","max-image-preview":"max-image-preview:large","max-video-preview":"max-video-preview:-1"},"canonical":"https:\/\/mrgreencasinos.com\/fr\/sun-fortune\/","og_type":"article","og_title":"Revue Sun of Fortune - Jeu gratuit en mode d\u00e9mo - 2023","og_description":"Machine \u00e0 sous Sun of Fortune \u2705 Notes des vrais joueurs, mode de jeu gratuit, captures d'\u00e9cran gagnantes, codes bonus \u2705 Essayez la machine \u00e0 sous Sun of Fortune","og_url":"https:\/\/mrgreencasinos.com\/fr\/sun-fortune\/","og_site_name":"Casino MR Green","article_modified_time":"2023-04-26T19:47:36+00:00","og_image":[{"url":"https:\/\/mrgreencasinos.com\/wp-content\/uploads\/2023\/04\/Sun-of-Fortune-slot-review.png"}],"twitter_card":"summary_large_image","twitter_misc":{"Dur\u00e9e de lecture estim\u00e9e":"5 minutes"},"schema":{"@context":"https:\/\/schema.org","@graph":[{"@type":"WebSite","@id":"https:\/\/mrgreencasinos.com\/#website","url":"https:\/\/mrgreencasinos.com\/","name":"Casino MR Green","description":"","potentialAction":[{"@type":"SearchAction","target":{"@type":"EntryPoint","urlTemplate":"https:\/\/mrgreencasinos.com\/?s={search_term_string}"},"query-input":"required name=search_term_string"}],"inLanguage":"fr-FR"},{"@type":"ImageObject","@id":"https:\/\/mrgreencasinos.com\/fr\/sun-fortune\/#primaryimage","inLanguage":"fr-FR","url":"https:\/\/mrgreencasinos.com\/wp-content\/uploads\/2023\/04\/Sun-of-Fortune-slot-review.png","contentUrl":"https:\/\/mrgreencasinos.com\/wp-content\/uploads\/2023\/04\/Sun-of-Fortune-slot-review.png","width":674,"height":362,"caption":"Sun of Fortune review"},{"@type":"WebPage","@id":"https:\/\/mrgreencasinos.com\/fr\/sun-fortune\/#webpage","url":"https:\/\/mrgreencasinos.com\/fr\/sun-fortune\/","name":"Revue Sun of Fortune - Jeu gratuit en mode d\u00e9mo - 2023","isPartOf":{"@id":"https:\/\/mrgreencasinos.com\/#website"},"primaryImageOfPage":{"@id":"https:\/\/mrgreencasinos.com\/fr\/sun-fortune\/#primaryimage"},"datePublished":"2023-04-25T09:53:36+00:00","dateModified":"2023-04-26T19:47:36+00:00","description":"Machine \u00e0 sous Sun of Fortune \u2705 Notes des vrais joueurs, mode de jeu gratuit, captures d'\u00e9cran gagnantes, codes bonus \u2705 Essayez la machine \u00e0 sous Sun of Fortune","breadcrumb":{"@id":"https:\/\/mrgreencasinos.com\/fr\/sun-fortune\/#breadcrumb"},"inLanguage":"fr-FR","potentialAction":[{"@type":"ReadAction","target":["https:\/\/mrgreencasinos.com\/fr\/sun-fortune\/"]}]},{"@type":"BreadcrumbList","@id":"https:\/\/mrgreencasinos.com\/fr\/sun-fortune\/#breadcrumb","itemListElement":[{"@type":"ListItem","position":1,"name":"Home","item":"https:\/\/mrgreencasinos.com\/fr\/review-of-the-official-mr-green-website\/"},{"@type":"ListItem","position":2,"name":"Sun of Fortune Review Slot \u2013 Une machine \u00e0 sous passionnante"}]}]}},"_links":{"self":[{"href":"https:\/\/mrgreencasinos.com\/fr\/wp-json\/wp\/v2\/pages\/1100","targetHints":{"allow":["GET"]}}],"collection":[{"href":"https:\/\/mrgreencasinos.com\/fr\/wp-json\/wp\/v2\/pages"}],"about":[{"href":"https:\/\/mrgreencasinos.com\/fr\/wp-json\/wp\/v2\/types\/page"}],"author":[{"embeddable":true,"href":"https:\/\/mrgreencasinos.com\/fr\/wp-json\/wp\/v2\/users\/1"}],"replies":[{"embeddable":true,"href":"https:\/\/mrgreencasinos.com\/fr\/wp-json\/wp\/v2\/comments?post=1100"}],"version-history":[{"count":2,"href":"https:\/\/mrgreencasinos.com\/fr\/wp-json\/wp\/v2\/pages\/1100\/revisions"}],"predecessor-version":[{"id":1102,"href":"https:\/\/mrgreencasinos.com\/fr\/wp-json\/wp\/v2\/pages\/1100\/revisions\/1102"}],"wp:attachment":[{"href":"https:\/\/mrgreencasinos.com\/fr\/wp-json\/wp\/v2\/media?parent=1100"}],"curies":[{"name":"wp","href":"https:\/\/api.w.org\/{rel}","templated":true}]}}