{"id":1107,"date":"2023-04-25T09:48:25","date_gmt":"2023-04-25T09:48:25","guid":{"rendered":"https:\/\/mrgreencasinos.com\/diamond-shot-blitz\/"},"modified":"2023-04-26T19:54:13","modified_gmt":"2023-04-26T19:54:13","slug":"diamond-shot-blitz","status":"publish","type":"page","link":"https:\/\/mrgreencasinos.com\/fr\/diamond-shot-blitz\/","title":{"rendered":"Examen passionnant de la machine \u00e0 sous Diamond Shot Blitz"},"content":{"rendered":"<p>Diamond Shot Blitz en argent r\u00e9el est une machine \u00e0 sous rapide des d\u00e9veloppeurs de Playson. Ce jeu a pris d&rsquo;assaut le monde des casinos, offrant aux joueurs une exp\u00e9rience passionnante et enrichissante. Avec ses graphismes dynamiques, ses nombreuses fonctionnalit\u00e9s bonus et son gameplay rapide, il est facile de comprendre pourquoi Diamond Shot Blitz devient rapidement un choix populaire parmi les joueurs. Dans cette revue, nous examinerons ce qui distingue cette machine \u00e0 sous Diamond Shot Blitz de la foule et pourquoi elle vaut la peine d&rsquo;\u00eatre jou\u00e9e.<\/p>\n<h2><img loading=\"lazy\" decoding=\"async\" class=\"aligncenter wp-image-1039\" src=\"https:\/\/mrgreencasinos.com\/wp-content\/uploads\/2023\/04\/Diamond-Shot-Blitz-review.jpg\" alt=\"Diamond Shot Blitz examen\" width=\"800\" height=\"447\" srcset=\"https:\/\/mrgreencasinos.com\/wp-content\/uploads\/2023\/04\/Diamond-Shot-Blitz-review.jpg 815w, https:\/\/mrgreencasinos.com\/wp-content\/uploads\/2023\/04\/Diamond-Shot-Blitz-review-300x167.jpg 300w, https:\/\/mrgreencasinos.com\/wp-content\/uploads\/2023\/04\/Diamond-Shot-Blitz-review-768x429.jpg 768w, https:\/\/mrgreencasinos.com\/wp-content\/uploads\/2023\/04\/Diamond-Shot-Blitz-review-720x402.jpg 720w\" sizes=\"auto, (max-width: 800px) 100vw, 800px\" \/><\/h2>\n<h2>Graphiques et th\u00e8mes<\/h2>\n<p>Action Diamond Shot Blitz tours gratuits sans d\u00e9p\u00f4t se d\u00e9roule dans un monde futuriste au design lumineux et color\u00e9. Le jeu propose une large gamme de symboles, notamment des voitures futuristes, des robots et des pierres pr\u00e9cieuses. L&rsquo;arri\u00e8re-plan du jeu est le ciel \u00e9toil\u00e9, ce qui ajoute \u00e0 l&rsquo;atmosph\u00e8re g\u00e9n\u00e9rale et rend le jeu encore plus excitant. Les effets sonores ajoutent \u00e9galement \u00e0 l&rsquo;exp\u00e9rience globale avec une bande-son accrocheuse et des effets sonores qui rappellent aux joueurs le jeu d&rsquo;arcade classique.<\/p>\n<div class=\"t-go\"><a href=\"\/go-casino\/?brand=mrgreen\">BONUS DE R\u00c9CLAMATION<\/a><\/div>\n<h2>Fonctionnalit\u00e9s bonus<\/h2>\n<p>Diamond Shot Blitz propose une large gamme de fonctionnalit\u00e9s bonus qui le rendent encore plus gratifiant pour les joueurs. Le premier est la fonction de tours gratuits, qui est d\u00e9clench\u00e9e lorsque trois symboles scatter de tours gratuits ou plus atterrissent sur les rouleaux. Lorsque cela se produit, les joueurs recevront huit tours gratuits et une chance de gagner des multiplicateurs jusqu&rsquo;\u00e0 5x leur mise. Une autre fonctionnalit\u00e9 bonus est le Diamond Shot Blitz Australia, qui est d\u00e9clench\u00e9 lorsque six symboles Diamond Shot ou plus apparaissent sur les rouleaux. Cette fonction bonus peut augmenter votre pari jusqu&rsquo;\u00e0 25 fois. Enfin, la fonction Blitz Bonus est d\u00e9clench\u00e9e lorsque trois symboles Blitz Bonus ou plus apparaissent sur les rouleaux. Ce tour de bonus peut augmenter votre mise jusqu&rsquo;\u00e0 50 fois.<\/p>\n<h2>Jouabilit\u00e9<\/h2>\n<p>Diamond Shot Blitz est un jeu simple mais addictif qui plaira aux joueurs de tous niveaux. Le jeu a cinq rouleaux et trois rang\u00e9es et offre jusqu&rsquo;\u00e0 20 lignes de paiement. Les joueurs peuvent ajuster la taille de leur pari et le nombre de lignes de paiement avec lesquelles ils souhaitent jouer gratuitement \u00e0 Diamond Shot Blitz. La mise minimale par tour est de 0,20 et la mise maximale est de 100,00.<\/p>\n<h2>Paiements<\/h2>\n<p>Diamond Shot Blitz a un taux de retour impressionnant de 96,40 %. Cela donne aux joueurs plus de chances de gagner de gros prix. Le paiement maximum est de 2500 fois votre mise, ce qui est l&rsquo;un des paiements les plus \u00e9lev\u00e9s des machines \u00e0 sous en ligne.<\/p>\n<h2>Quel est le RTP et la volatilit\u00e9 de la machine \u00e0 sous Diamond Shot Blitz ?<\/h2>\n<p><img loading=\"lazy\" decoding=\"async\" class=\"aligncenter wp-image-1041\" src=\"https:\/\/mrgreencasinos.com\/wp-content\/uploads\/2023\/04\/Diamond-Shot-Blitz-slot.jpg\" alt=\"Diamond Shot Blitz slot\" width=\"800\" height=\"453\" srcset=\"https:\/\/mrgreencasinos.com\/wp-content\/uploads\/2023\/04\/Diamond-Shot-Blitz-slot.jpg 990w, https:\/\/mrgreencasinos.com\/wp-content\/uploads\/2023\/04\/Diamond-Shot-Blitz-slot-300x170.jpg 300w, https:\/\/mrgreencasinos.com\/wp-content\/uploads\/2023\/04\/Diamond-Shot-Blitz-slot-768x434.jpg 768w, https:\/\/mrgreencasinos.com\/wp-content\/uploads\/2023\/04\/Diamond-Shot-Blitz-slot-720x407.jpg 720w\" sizes=\"auto, (max-width: 800px) 100vw, 800px\" \/><\/p>\n<p>Le retour au joueur (RTP) est un pourcentage utilis\u00e9 pour mesurer le montant moyen qu&rsquo;un joueur peut esp\u00e9rer r\u00e9cup\u00e9rer en jouant \u00e0 un jeu. Plus le RTP est \u00e9lev\u00e9, plus il est probable que le joueur r\u00e9alise un profit au fil du temps. D&rsquo;autre part, la volatilit\u00e9 mesure le risque associ\u00e9 \u00e0 un jeu. Il pr\u00e9cise \u00e0 quelle fr\u00e9quence le jeu paie et combien il paie. Les jeux \u00e0 forte volatilit\u00e9 sont plus risqu\u00e9s mais peuvent \u00eatre plus rentables, tandis que les jeux \u00e0 faible volatilit\u00e9 sont plus s\u00fbrs mais rapportent g\u00e9n\u00e9ralement moins.<\/p>\n<div class=\"t-go\"><a href=\"\/go-casino\/?brand=mrgreen\">BONUS DE R\u00c9CLAMATION<\/a><\/div>\n<h2>FAQ<\/h2>\n<h3>Quel est le but de Diamond Shot Blitz ?<\/h3>\n<p>L&rsquo;objectif du casino Diamond Shot Blitz Australie est de d\u00e9crocher trois symboles ou plus d&rsquo;affil\u00e9e sur les rouleaux. Si vous parvenez \u00e0 le faire, vous serez r\u00e9compens\u00e9 par un paiement. Plus vous devinez de symboles, plus le paiement sera important. Vous pouvez \u00e9galement activer des tours de bonus qui peuvent vous rapporter des gains encore plus importants.<\/p>\n<h3>Quels symboles sont utilis\u00e9s dans Diamond Shot Blitz ?<\/h3>\n<p>Diamond Shot Blitz Netgame propose une gamme de symboles passionnants. Ceux-ci incluent les symboles de cartes traditionnels (as, roi, reine, valet, 10 et 9) ainsi que les diamants, les barres, les cloches et les sept. Le symbole le plus r\u00e9mun\u00e9rateur est le diamant, qui peut vous rapporter jusqu&rsquo;\u00e0 500 pi\u00e8ces si vous faites correspondre cinq symboles \u00e0 la suite.<\/p>\n<h3>Quelles sont les caract\u00e9ristiques de Diamond Shot Blitz ?<\/h3>\n<p>Diamond Shot Blitz a des fonctionnalit\u00e9s sp\u00e9ciales int\u00e9ressantes pour vous aider \u00e0 gagner gros. Ceux-ci incluent le symbole wild, qui peut remplacer n&rsquo;importe quel autre symbole, vous aidant \u00e0 cr\u00e9er des combos gagnants. Il existe \u00e9galement un tour de tours gratuits Diamond Shot Blitz qui peut \u00eatre d\u00e9clench\u00e9 si vous parvenez \u00e0 faire atterrir trois symboles scatter ou plus sur les rouleaux. Enfin, il existe un jackpot progressif qui peut \u00eatre gagn\u00e9 si vous parvenez \u00e0 toucher les symboles du jackpot sur les rouleaux.<\/p>\n<h2>Conclusion<\/h2>\n<p>La machine \u00e0 sous Diamond Shot Blitz est une machine \u00e0 sous passionnante avec un design lumineux et color\u00e9. Le jeu propose une large gamme de fonctionnalit\u00e9s bonus et offre jusqu&rsquo;\u00e0 2500 fois votre mise. Avec un impressionnant pourcentage de retour au joueur de 96,40\u00a0%, il est facile de comprendre pourquoi ce jeu devient rapidement populaire parmi les joueurs.<\/p>\n","protected":false},"excerpt":{"rendered":"<p>Diamond Shot Blitz en argent r\u00e9el est une machine \u00e0 sous rapide des d\u00e9veloppeurs de Playson. Ce jeu a pris [&hellip;]<\/p>\n","protected":false},"author":1,"featured_media":0,"parent":0,"menu_order":0,"comment_status":"closed","ping_status":"closed","template":"","meta":{"footnotes":""},"class_list":["post-1107","page","type-page","status-publish","hentry"],"acf":[],"yoast_head":"<!-- This site is optimized with the Yoast SEO plugin v17.9 - https:\/\/yoast.com\/wordpress\/plugins\/seo\/ -->\n<title>Revue Diamond Shot Blitz - Jeu gratuit en mode d\u00e9mo - 2023<\/title>\n<meta name=\"description\" content=\"Machine \u00e0 sous Diamond Shot Blitz \u2705 Notes des vrais joueurs, mode de jeu gratuit, captures d&#039;\u00e9cran gagnantes, codes bonus \u2705 Essayez la machine \u00e0 sous Diamond Shot Blitz\" \/>\n<meta name=\"robots\" content=\"index, follow, max-snippet:-1, max-image-preview:large, max-video-preview:-1\" \/>\n<link rel=\"canonical\" href=\"https:\/\/mrgreencasinos.com\/fr\/diamond-shot-blitz\/\" \/>\n<meta property=\"og:type\" content=\"article\" \/>\n<meta property=\"og:title\" content=\"Revue Diamond Shot Blitz - Jeu gratuit en mode d\u00e9mo - 2023\" \/>\n<meta property=\"og:description\" content=\"Machine \u00e0 sous Diamond Shot Blitz \u2705 Notes des vrais joueurs, mode de jeu gratuit, captures d&#039;\u00e9cran gagnantes, codes bonus \u2705 Essayez la machine \u00e0 sous Diamond Shot Blitz\" \/>\n<meta property=\"og:url\" content=\"https:\/\/mrgreencasinos.com\/fr\/diamond-shot-blitz\/\" \/>\n<meta property=\"og:site_name\" content=\"Casino MR Green\" \/>\n<meta property=\"article:modified_time\" content=\"2023-04-26T19:54:13+00:00\" \/>\n<meta property=\"og:image\" content=\"https:\/\/mrgreencasinos.com\/wp-content\/uploads\/2023\/04\/Diamond-Shot-Blitz-review.jpg\" \/>\n<meta name=\"twitter:card\" content=\"summary_large_image\" \/>\n<meta name=\"twitter:label1\" content=\"Dur\u00e9e de lecture estim\u00e9e\" \/>\n\t<meta name=\"twitter:data1\" content=\"5 minutes\" \/>\n<script type=\"application\/ld+json\" class=\"yoast-schema-graph\">{\"@context\":\"https:\/\/schema.org\",\"@graph\":[{\"@type\":\"WebSite\",\"@id\":\"https:\/\/mrgreencasinos.com\/#website\",\"url\":\"https:\/\/mrgreencasinos.com\/\",\"name\":\"Casino MR Green\",\"description\":\"\",\"potentialAction\":[{\"@type\":\"SearchAction\",\"target\":{\"@type\":\"EntryPoint\",\"urlTemplate\":\"https:\/\/mrgreencasinos.com\/?s={search_term_string}\"},\"query-input\":\"required name=search_term_string\"}],\"inLanguage\":\"fr-FR\"},{\"@type\":\"ImageObject\",\"@id\":\"https:\/\/mrgreencasinos.com\/fr\/diamond-shot-blitz\/#primaryimage\",\"inLanguage\":\"fr-FR\",\"url\":\"https:\/\/mrgreencasinos.com\/wp-content\/uploads\/2023\/04\/Diamond-Shot-Blitz-review.jpg\",\"contentUrl\":\"https:\/\/mrgreencasinos.com\/wp-content\/uploads\/2023\/04\/Diamond-Shot-Blitz-review.jpg\",\"width\":815,\"height\":455,\"caption\":\"Diamond Shot Blitz review\"},{\"@type\":\"WebPage\",\"@id\":\"https:\/\/mrgreencasinos.com\/fr\/diamond-shot-blitz\/#webpage\",\"url\":\"https:\/\/mrgreencasinos.com\/fr\/diamond-shot-blitz\/\",\"name\":\"Revue Diamond Shot Blitz - Jeu gratuit en mode d\\u00e9mo - 2023\",\"isPartOf\":{\"@id\":\"https:\/\/mrgreencasinos.com\/#website\"},\"primaryImageOfPage\":{\"@id\":\"https:\/\/mrgreencasinos.com\/fr\/diamond-shot-blitz\/#primaryimage\"},\"datePublished\":\"2023-04-25T09:48:25+00:00\",\"dateModified\":\"2023-04-26T19:54:13+00:00\",\"description\":\"Machine \\u00e0 sous Diamond Shot Blitz \\u2705 Notes des vrais joueurs, mode de jeu gratuit, captures d'\\u00e9cran gagnantes, codes bonus \\u2705 Essayez la machine \\u00e0 sous Diamond Shot Blitz\",\"breadcrumb\":{\"@id\":\"https:\/\/mrgreencasinos.com\/fr\/diamond-shot-blitz\/#breadcrumb\"},\"inLanguage\":\"fr-FR\",\"potentialAction\":[{\"@type\":\"ReadAction\",\"target\":[\"https:\/\/mrgreencasinos.com\/fr\/diamond-shot-blitz\/\"]}]},{\"@type\":\"BreadcrumbList\",\"@id\":\"https:\/\/mrgreencasinos.com\/fr\/diamond-shot-blitz\/#breadcrumb\",\"itemListElement\":[{\"@type\":\"ListItem\",\"position\":1,\"name\":\"Home\",\"item\":\"https:\/\/mrgreencasinos.com\/fr\/review-of-the-official-mr-green-website\/\"},{\"@type\":\"ListItem\",\"position\":2,\"name\":\"Examen passionnant de la machine \\u00e0 sous Diamond Shot Blitz\"}]}]}<\/script>\n<!-- \/ Yoast SEO plugin. -->","yoast_head_json":{"title":"Revue Diamond Shot Blitz - Jeu gratuit en mode d\u00e9mo - 2023","description":"Machine \u00e0 sous Diamond Shot Blitz \u2705 Notes des vrais joueurs, mode de jeu gratuit, captures d'\u00e9cran gagnantes, codes bonus \u2705 Essayez la machine \u00e0 sous Diamond Shot Blitz","robots":{"index":"index","follow":"follow","max-snippet":"max-snippet:-1","max-image-preview":"max-image-preview:large","max-video-preview":"max-video-preview:-1"},"canonical":"https:\/\/mrgreencasinos.com\/fr\/diamond-shot-blitz\/","og_type":"article","og_title":"Revue Diamond Shot Blitz - Jeu gratuit en mode d\u00e9mo - 2023","og_description":"Machine \u00e0 sous Diamond Shot Blitz \u2705 Notes des vrais joueurs, mode de jeu gratuit, captures d'\u00e9cran gagnantes, codes bonus \u2705 Essayez la machine \u00e0 sous Diamond Shot Blitz","og_url":"https:\/\/mrgreencasinos.com\/fr\/diamond-shot-blitz\/","og_site_name":"Casino MR Green","article_modified_time":"2023-04-26T19:54:13+00:00","og_image":[{"url":"https:\/\/mrgreencasinos.com\/wp-content\/uploads\/2023\/04\/Diamond-Shot-Blitz-review.jpg"}],"twitter_card":"summary_large_image","twitter_misc":{"Dur\u00e9e de lecture estim\u00e9e":"5 minutes"},"schema":{"@context":"https:\/\/schema.org","@graph":[{"@type":"WebSite","@id":"https:\/\/mrgreencasinos.com\/#website","url":"https:\/\/mrgreencasinos.com\/","name":"Casino MR Green","description":"","potentialAction":[{"@type":"SearchAction","target":{"@type":"EntryPoint","urlTemplate":"https:\/\/mrgreencasinos.com\/?s={search_term_string}"},"query-input":"required name=search_term_string"}],"inLanguage":"fr-FR"},{"@type":"ImageObject","@id":"https:\/\/mrgreencasinos.com\/fr\/diamond-shot-blitz\/#primaryimage","inLanguage":"fr-FR","url":"https:\/\/mrgreencasinos.com\/wp-content\/uploads\/2023\/04\/Diamond-Shot-Blitz-review.jpg","contentUrl":"https:\/\/mrgreencasinos.com\/wp-content\/uploads\/2023\/04\/Diamond-Shot-Blitz-review.jpg","width":815,"height":455,"caption":"Diamond Shot Blitz review"},{"@type":"WebPage","@id":"https:\/\/mrgreencasinos.com\/fr\/diamond-shot-blitz\/#webpage","url":"https:\/\/mrgreencasinos.com\/fr\/diamond-shot-blitz\/","name":"Revue Diamond Shot Blitz - Jeu gratuit en mode d\u00e9mo - 2023","isPartOf":{"@id":"https:\/\/mrgreencasinos.com\/#website"},"primaryImageOfPage":{"@id":"https:\/\/mrgreencasinos.com\/fr\/diamond-shot-blitz\/#primaryimage"},"datePublished":"2023-04-25T09:48:25+00:00","dateModified":"2023-04-26T19:54:13+00:00","description":"Machine \u00e0 sous Diamond Shot Blitz \u2705 Notes des vrais joueurs, mode de jeu gratuit, captures d'\u00e9cran gagnantes, codes bonus \u2705 Essayez la machine \u00e0 sous Diamond Shot Blitz","breadcrumb":{"@id":"https:\/\/mrgreencasinos.com\/fr\/diamond-shot-blitz\/#breadcrumb"},"inLanguage":"fr-FR","potentialAction":[{"@type":"ReadAction","target":["https:\/\/mrgreencasinos.com\/fr\/diamond-shot-blitz\/"]}]},{"@type":"BreadcrumbList","@id":"https:\/\/mrgreencasinos.com\/fr\/diamond-shot-blitz\/#breadcrumb","itemListElement":[{"@type":"ListItem","position":1,"name":"Home","item":"https:\/\/mrgreencasinos.com\/fr\/review-of-the-official-mr-green-website\/"},{"@type":"ListItem","position":2,"name":"Examen passionnant de la machine \u00e0 sous Diamond Shot Blitz"}]}]}},"_links":{"self":[{"href":"https:\/\/mrgreencasinos.com\/fr\/wp-json\/wp\/v2\/pages\/1107","targetHints":{"allow":["GET"]}}],"collection":[{"href":"https:\/\/mrgreencasinos.com\/fr\/wp-json\/wp\/v2\/pages"}],"about":[{"href":"https:\/\/mrgreencasinos.com\/fr\/wp-json\/wp\/v2\/types\/page"}],"author":[{"embeddable":true,"href":"https:\/\/mrgreencasinos.com\/fr\/wp-json\/wp\/v2\/users\/1"}],"replies":[{"embeddable":true,"href":"https:\/\/mrgreencasinos.com\/fr\/wp-json\/wp\/v2\/comments?post=1107"}],"version-history":[{"count":2,"href":"https:\/\/mrgreencasinos.com\/fr\/wp-json\/wp\/v2\/pages\/1107\/revisions"}],"predecessor-version":[{"id":1109,"href":"https:\/\/mrgreencasinos.com\/fr\/wp-json\/wp\/v2\/pages\/1107\/revisions\/1109"}],"wp:attachment":[{"href":"https:\/\/mrgreencasinos.com\/fr\/wp-json\/wp\/v2\/media?parent=1107"}],"curies":[{"name":"wp","href":"https:\/\/api.w.org\/{rel}","templated":true}]}}