{"id":1111,"date":"2023-04-26T09:14:06","date_gmt":"2023-04-26T09:14:06","guid":{"rendered":"https:\/\/mrgreencasinos.com\/treasure-vault\/"},"modified":"2023-04-26T20:09:56","modified_gmt":"2023-04-26T20:09:56","slug":"treasure-vault","status":"publish","type":"page","link":"https:\/\/mrgreencasinos.com\/fr\/treasure-vault\/","title":{"rendered":"Machine \u00e0 sous Treasure Vault : un examen complet"},"content":{"rendered":"<h2>Introduction<\/h2>\n<p>Treasure Vault est une machine \u00e0 sous en ligne populaire d\u00e9velopp\u00e9e par Playtech. Ce jeu a cinq rouleaux et trois rang\u00e9es, 20 lignes de paiement et un th\u00e8me riche. Le jeu propose une gamme de bonus, y compris un jeu de tours gratuits, un symbole wild et un jackpot progressif atteignant jusqu&rsquo;\u00e0 10 000 pi\u00e8ces.<\/p>\n<h2><img loading=\"lazy\" decoding=\"async\" class=\"aligncenter wp-image-1051\" src=\"https:\/\/mrgreencasinos.com\/wp-content\/uploads\/2023\/04\/Treasure-Vault-review.jpg\" alt=\"Treasure Vault examen\" width=\"800\" height=\"523\" srcset=\"https:\/\/mrgreencasinos.com\/wp-content\/uploads\/2023\/04\/Treasure-Vault-review.jpg 612w, https:\/\/mrgreencasinos.com\/wp-content\/uploads\/2023\/04\/Treasure-Vault-review-300x196.jpg 300w\" sizes=\"auto, (max-width: 800px) 100vw, 800px\" \/><\/h2>\n<h2>Graphisme et conception<\/h2>\n<p>Treasure Vault pr\u00e9sente un design graphique impressionnant. En arri\u00e8re-plan se trouve une grotte pleine de tr\u00e9sors, avec une entr\u00e9e dor\u00e9e qui lui donne un aspect \u00e9poustouflant et myst\u00e9rieux. Les rouleaux sont couverts de symboles li\u00e9s au th\u00e8me, notamment des poignards, des pi\u00e8ces de monnaie, des bijoux et des coffres au tr\u00e9sor. Le jeu propose \u00e9galement des animations impressionnantes, telles que l&rsquo;ouverture d&rsquo;un coffre au tr\u00e9sor lorsque vous frappez un combo gagnant. Treasure Vault Australia est un jeu relativement simple. Tout ce que vous avez \u00e0 faire est de choisir la taille de votre pari, de faire tourner les rouleaux et d&rsquo;esp\u00e9rer un combo gagnant. Le jeu dispose \u00e9galement d&rsquo;une option de lecture automatique, vous permettant de faire tourner les rouleaux sans avoir \u00e0 appuyer manuellement sur le bouton de rotation.<\/p>\n<div class=\"t-go\"><a href=\"\/go-casino\/?brand=mrgreen\">BONUS DE R\u00c9CLAMATION<\/a><\/div>\n<h2>Fonctionnalit\u00e9s bonus<\/h2>\n<p>Les tours gratuits de Treasure Vault sans d\u00e9p\u00f4t ont plusieurs bonus qui peuvent augmenter vos chances de gagner. Le premier est le symbole joker, qui peut remplacer n&rsquo;importe quel autre symbole sur les rouleaux pour cr\u00e9er un combo gagnant. Le symbole wild peut \u00e9galement doubler vos gains s&rsquo;il fait partie d&rsquo;un combo gagnant. Le jeu propose \u00e9galement un jeu de tours gratuits. Lorsque vous d\u00e9crochez trois symboles scatter ou plus sur les rouleaux, vous recevrez de nombreux tours gratuits. Pendant les tours gratuits de Treasure Vault, tous vos gains seront tripl\u00e9s. Le jeu propose \u00e9galement un jackpot progressif. Le jackpot peut \u00eatre d\u00e9clench\u00e9 de mani\u00e8re al\u00e9atoire \u00e0 tout moment et peut aller jusqu&rsquo;\u00e0 10 000 pi\u00e8ces.<\/p>\n<h2>Qu&rsquo;est-ce que le RTP et la volatilit\u00e9\u00a0?<\/h2>\n<h2><img loading=\"lazy\" decoding=\"async\" class=\"aligncenter wp-image-1053\" src=\"https:\/\/mrgreencasinos.com\/wp-content\/uploads\/2023\/04\/Treasure-Vault-slot-review.jpg\" alt=\"Examen de la machine \u00e0 sous Treasure Vault\" width=\"800\" height=\"411\" srcset=\"https:\/\/mrgreencasinos.com\/wp-content\/uploads\/2023\/04\/Treasure-Vault-slot-review.jpg 838w, https:\/\/mrgreencasinos.com\/wp-content\/uploads\/2023\/04\/Treasure-Vault-slot-review-300x154.jpg 300w, https:\/\/mrgreencasinos.com\/wp-content\/uploads\/2023\/04\/Treasure-Vault-slot-review-768x395.jpg 768w, https:\/\/mrgreencasinos.com\/wp-content\/uploads\/2023\/04\/Treasure-Vault-slot-review-720x370.jpg 720w\" sizes=\"auto, (max-width: 800px) 100vw, 800px\" \/><\/h2>\n<p>RTP est un terme qui d\u00e9crit la part de chaque mise qui revient aux joueurs au fil du temps. Il est exprim\u00e9 en pourcentage et est \u00e9galement connu sous le nom de rendement attendu. G\u00e9n\u00e9ralement, les machines \u00e0 sous Treasure Vault avec un RTP plus \u00e9lev\u00e9 offrent des paiements plus coh\u00e9rents. Le RTP pour Treasure Vault est de 96,08\u00a0%, ce qui est sup\u00e9rieur \u00e0 la moyenne de l&rsquo;industrie de 96\u00a0%. D&rsquo;autre part, la volatilit\u00e9 est le niveau de risque associ\u00e9 au fait de jouer \u00e0 une machine \u00e0 sous particuli\u00e8re. Il mesure la taille des paiements et la fr\u00e9quence \u00e0 laquelle ils se produisent. Les cr\u00e9neaux \u00e0 forte volatilit\u00e9 offrent des paiements moins fr\u00e9quents mais plus importants, tandis que les cr\u00e9neaux \u00e0 faible volatilit\u00e9 offrent des paiements plus fr\u00e9quents mais plus petits. Treasure Vault en plein essor est un jeu moyennement volatil, vous pouvez donc vous attendre \u00e0 un \u00e9quilibre raisonnable entre les deux.<\/p>\n<div class=\"t-go\"><a href=\"\/go-casino\/?brand=mrgreen\">BONUS DE R\u00c9CLAMATION<\/a><\/div>\n<h2>FAQ<\/h2>\n<h3>Quelle est la mise maximale que je peux placer dans la machine \u00e0 sous Treasure Vault ?<\/h3>\n<p>La mise maximale que vous pouvez placer sur la machine \u00e0 sous Treasure Vault est de 100 $. Red Tiger Gaming ns vous recommande de jouer gratuitement \u00e0 Treasure Vault avec une taille de pari mod\u00e9r\u00e9e et de ne l&rsquo;augmenter que si vous vous sentez \u00e0 l&rsquo;aise avec le risque.<\/p>\n<h3>Comment savoir ce que j&rsquo;ai gagn\u00e9 dans la machine \u00e0 sous Treasure Vault ?<\/h3>\n<p>Lorsque vous gagnez sur la machine \u00e0 sous Treasure Vault, les symboles sur les rouleaux prennent vie et le jeu vous indique le montant de vos gains. Vous pouvez \u00e9galement v\u00e9rifier votre solde sur le tableau des gains du jeu.<\/p>\n<h3>Quels sont les paiements dans la machine \u00e0 sous Treasure Vault ?<\/h3>\n<p>Les paiements dans la machine \u00e0 sous Treasure Vault varient en fonction de la combinaison de symboles qui atterrissent. Le signe le plus r\u00e9mun\u00e9rateur est le masque dor\u00e9, et il peut rapporter jusqu&rsquo;\u00e0 10 000 pi\u00e8ces si vous en obtenez cinq sur la m\u00eame ligne de paiement. Les paiements pour les autres symboles vont de 100 \u00e0 5000 pi\u00e8ces.<\/p>\n<h3>Des conseils pour gagner la machine \u00e0 sous Treasure Vault ?<\/h3>\n<p>La meilleure fa\u00e7on d&rsquo;augmenter vos chances de gagner sur les machines \u00e0 sous en ligne Treasure Vault est de profiter de ses fonctionnalit\u00e9s bonus. Vous devez \u00e9galement faire attention \u00e0 votre bankroll et \u00e9viter de parier gros si vous n&rsquo;\u00eates pas s\u00fbr du r\u00e9sultat.<\/p>\n<h3>Quelles sont les fonctionnalit\u00e9s de la machine \u00e0 sous Treasure Vault ?<\/h3>\n<p>La machine \u00e0 sous Treasure Vault poss\u00e8de plusieurs fonctionnalit\u00e9s sp\u00e9ciales qui peuvent vous aider \u00e0 augmenter vos gains. Ceux-ci inclus:<\/p>\n<ul>\n<li>Symbole Wild : Le symbole Wild peut se substituer \u00e0 n&rsquo;importe quel autre symbole pour cr\u00e9er des combinaisons gagnantes.<\/li>\n<li>Symboles bonus : Les symboles bonus peuvent d\u00e9clencher le jeu bonus Treasure Vault, qui peut vous donner acc\u00e8s \u00e0 des tours gratuits et \u00e0 d&rsquo;autres r\u00e9compenses.<\/li>\n<li>Symboles Scatter : Les symboles Scatter peuvent d\u00e9clencher le tour de bonus des tours gratuits.<\/li>\n<\/ul>\n<h2>Conclusion<\/h2>\n<p>Les machines \u00e0 sous Treasure Vault sont une machine \u00e0 sous en ligne passionnante avec un th\u00e8me passionnant et d&rsquo;excellentes fonctionnalit\u00e9s bonus. Le jeu a un gameplay relativement simple, mais les fonctionnalit\u00e9s bonus ajoutent une couche suppl\u00e9mentaire d&rsquo;excitation. Le jeu dispose \u00e9galement d&rsquo;un jackpot progressif pouvant atteindre jusqu&rsquo;\u00e0 10 000 pi\u00e8ces. Si vous recherchez une machine \u00e0 sous en ligne passionnante et enrichissante, alors Treasure Vault vaut vraiment la peine d&rsquo;\u00eatre essay\u00e9.<\/p>\n","protected":false},"excerpt":{"rendered":"<p>Introduction Treasure Vault est une machine \u00e0 sous en ligne populaire d\u00e9velopp\u00e9e par Playtech. Ce jeu a cinq rouleaux et [&hellip;]<\/p>\n","protected":false},"author":1,"featured_media":0,"parent":0,"menu_order":0,"comment_status":"closed","ping_status":"closed","template":"","meta":{"footnotes":""},"class_list":["post-1111","page","type-page","status-publish","hentry"],"acf":[],"yoast_head":"<!-- This site is optimized with the Yoast SEO plugin v17.9 - https:\/\/yoast.com\/wordpress\/plugins\/seo\/ -->\n<title>Test de Treasure Vault - Jeu gratuit en mode d\u00e9mo - 2023<\/title>\n<meta name=\"description\" content=\"Machine \u00e0 sous Treasure Vault \u2705 Notes des vrais joueurs, mode de jeu gratuit, captures d&#039;\u00e9cran gagnantes, codes bonus \u2705 Essayez la machine \u00e0 sous Treasure Vault\" \/>\n<meta name=\"robots\" content=\"index, follow, max-snippet:-1, max-image-preview:large, max-video-preview:-1\" \/>\n<link rel=\"canonical\" href=\"https:\/\/mrgreencasinos.com\/fr\/treasure-vault\/\" \/>\n<meta property=\"og:type\" content=\"article\" \/>\n<meta property=\"og:title\" content=\"Test de Treasure Vault - Jeu gratuit en mode d\u00e9mo - 2023\" \/>\n<meta property=\"og:description\" content=\"Machine \u00e0 sous Treasure Vault \u2705 Notes des vrais joueurs, mode de jeu gratuit, captures d&#039;\u00e9cran gagnantes, codes bonus \u2705 Essayez la machine \u00e0 sous Treasure Vault\" \/>\n<meta property=\"og:url\" content=\"https:\/\/mrgreencasinos.com\/fr\/treasure-vault\/\" \/>\n<meta property=\"og:site_name\" content=\"Casino MR Green\" \/>\n<meta property=\"article:modified_time\" content=\"2023-04-26T20:09:56+00:00\" \/>\n<meta property=\"og:image\" content=\"https:\/\/mrgreencasinos.com\/wp-content\/uploads\/2023\/04\/Treasure-Vault-review.jpg\" \/>\n<meta name=\"twitter:card\" content=\"summary_large_image\" \/>\n<meta name=\"twitter:label1\" content=\"Dur\u00e9e de lecture estim\u00e9e\" \/>\n\t<meta name=\"twitter:data1\" content=\"4 minutes\" \/>\n<script type=\"application\/ld+json\" class=\"yoast-schema-graph\">{\"@context\":\"https:\/\/schema.org\",\"@graph\":[{\"@type\":\"WebSite\",\"@id\":\"https:\/\/mrgreencasinos.com\/#website\",\"url\":\"https:\/\/mrgreencasinos.com\/\",\"name\":\"Casino MR Green\",\"description\":\"\",\"potentialAction\":[{\"@type\":\"SearchAction\",\"target\":{\"@type\":\"EntryPoint\",\"urlTemplate\":\"https:\/\/mrgreencasinos.com\/?s={search_term_string}\"},\"query-input\":\"required name=search_term_string\"}],\"inLanguage\":\"fr-FR\"},{\"@type\":\"ImageObject\",\"@id\":\"https:\/\/mrgreencasinos.com\/fr\/treasure-vault\/#primaryimage\",\"inLanguage\":\"fr-FR\",\"url\":\"https:\/\/mrgreencasinos.com\/wp-content\/uploads\/2023\/04\/Treasure-Vault-review.jpg\",\"contentUrl\":\"https:\/\/mrgreencasinos.com\/wp-content\/uploads\/2023\/04\/Treasure-Vault-review.jpg\",\"width\":612,\"height\":400,\"caption\":\"Treasure Vault review\"},{\"@type\":\"WebPage\",\"@id\":\"https:\/\/mrgreencasinos.com\/fr\/treasure-vault\/#webpage\",\"url\":\"https:\/\/mrgreencasinos.com\/fr\/treasure-vault\/\",\"name\":\"Test de Treasure Vault - Jeu gratuit en mode d\\u00e9mo - 2023\",\"isPartOf\":{\"@id\":\"https:\/\/mrgreencasinos.com\/#website\"},\"primaryImageOfPage\":{\"@id\":\"https:\/\/mrgreencasinos.com\/fr\/treasure-vault\/#primaryimage\"},\"datePublished\":\"2023-04-26T09:14:06+00:00\",\"dateModified\":\"2023-04-26T20:09:56+00:00\",\"description\":\"Machine \\u00e0 sous Treasure Vault \\u2705 Notes des vrais joueurs, mode de jeu gratuit, captures d'\\u00e9cran gagnantes, codes bonus \\u2705 Essayez la machine \\u00e0 sous Treasure Vault\",\"breadcrumb\":{\"@id\":\"https:\/\/mrgreencasinos.com\/fr\/treasure-vault\/#breadcrumb\"},\"inLanguage\":\"fr-FR\",\"potentialAction\":[{\"@type\":\"ReadAction\",\"target\":[\"https:\/\/mrgreencasinos.com\/fr\/treasure-vault\/\"]}]},{\"@type\":\"BreadcrumbList\",\"@id\":\"https:\/\/mrgreencasinos.com\/fr\/treasure-vault\/#breadcrumb\",\"itemListElement\":[{\"@type\":\"ListItem\",\"position\":1,\"name\":\"Home\",\"item\":\"https:\/\/mrgreencasinos.com\/fr\/review-of-the-official-mr-green-website\/\"},{\"@type\":\"ListItem\",\"position\":2,\"name\":\"Machine \\u00e0 sous Treasure Vault : un examen complet\"}]}]}<\/script>\n<!-- \/ Yoast SEO plugin. -->","yoast_head_json":{"title":"Test de Treasure Vault - Jeu gratuit en mode d\u00e9mo - 2023","description":"Machine \u00e0 sous Treasure Vault \u2705 Notes des vrais joueurs, mode de jeu gratuit, captures d'\u00e9cran gagnantes, codes bonus \u2705 Essayez la machine \u00e0 sous Treasure Vault","robots":{"index":"index","follow":"follow","max-snippet":"max-snippet:-1","max-image-preview":"max-image-preview:large","max-video-preview":"max-video-preview:-1"},"canonical":"https:\/\/mrgreencasinos.com\/fr\/treasure-vault\/","og_type":"article","og_title":"Test de Treasure Vault - Jeu gratuit en mode d\u00e9mo - 2023","og_description":"Machine \u00e0 sous Treasure Vault \u2705 Notes des vrais joueurs, mode de jeu gratuit, captures d'\u00e9cran gagnantes, codes bonus \u2705 Essayez la machine \u00e0 sous Treasure Vault","og_url":"https:\/\/mrgreencasinos.com\/fr\/treasure-vault\/","og_site_name":"Casino MR Green","article_modified_time":"2023-04-26T20:09:56+00:00","og_image":[{"url":"https:\/\/mrgreencasinos.com\/wp-content\/uploads\/2023\/04\/Treasure-Vault-review.jpg"}],"twitter_card":"summary_large_image","twitter_misc":{"Dur\u00e9e de lecture estim\u00e9e":"4 minutes"},"schema":{"@context":"https:\/\/schema.org","@graph":[{"@type":"WebSite","@id":"https:\/\/mrgreencasinos.com\/#website","url":"https:\/\/mrgreencasinos.com\/","name":"Casino MR Green","description":"","potentialAction":[{"@type":"SearchAction","target":{"@type":"EntryPoint","urlTemplate":"https:\/\/mrgreencasinos.com\/?s={search_term_string}"},"query-input":"required name=search_term_string"}],"inLanguage":"fr-FR"},{"@type":"ImageObject","@id":"https:\/\/mrgreencasinos.com\/fr\/treasure-vault\/#primaryimage","inLanguage":"fr-FR","url":"https:\/\/mrgreencasinos.com\/wp-content\/uploads\/2023\/04\/Treasure-Vault-review.jpg","contentUrl":"https:\/\/mrgreencasinos.com\/wp-content\/uploads\/2023\/04\/Treasure-Vault-review.jpg","width":612,"height":400,"caption":"Treasure Vault review"},{"@type":"WebPage","@id":"https:\/\/mrgreencasinos.com\/fr\/treasure-vault\/#webpage","url":"https:\/\/mrgreencasinos.com\/fr\/treasure-vault\/","name":"Test de Treasure Vault - Jeu gratuit en mode d\u00e9mo - 2023","isPartOf":{"@id":"https:\/\/mrgreencasinos.com\/#website"},"primaryImageOfPage":{"@id":"https:\/\/mrgreencasinos.com\/fr\/treasure-vault\/#primaryimage"},"datePublished":"2023-04-26T09:14:06+00:00","dateModified":"2023-04-26T20:09:56+00:00","description":"Machine \u00e0 sous Treasure Vault \u2705 Notes des vrais joueurs, mode de jeu gratuit, captures d'\u00e9cran gagnantes, codes bonus \u2705 Essayez la machine \u00e0 sous Treasure Vault","breadcrumb":{"@id":"https:\/\/mrgreencasinos.com\/fr\/treasure-vault\/#breadcrumb"},"inLanguage":"fr-FR","potentialAction":[{"@type":"ReadAction","target":["https:\/\/mrgreencasinos.com\/fr\/treasure-vault\/"]}]},{"@type":"BreadcrumbList","@id":"https:\/\/mrgreencasinos.com\/fr\/treasure-vault\/#breadcrumb","itemListElement":[{"@type":"ListItem","position":1,"name":"Home","item":"https:\/\/mrgreencasinos.com\/fr\/review-of-the-official-mr-green-website\/"},{"@type":"ListItem","position":2,"name":"Machine \u00e0 sous Treasure Vault : un examen complet"}]}]}},"_links":{"self":[{"href":"https:\/\/mrgreencasinos.com\/fr\/wp-json\/wp\/v2\/pages\/1111","targetHints":{"allow":["GET"]}}],"collection":[{"href":"https:\/\/mrgreencasinos.com\/fr\/wp-json\/wp\/v2\/pages"}],"about":[{"href":"https:\/\/mrgreencasinos.com\/fr\/wp-json\/wp\/v2\/types\/page"}],"author":[{"embeddable":true,"href":"https:\/\/mrgreencasinos.com\/fr\/wp-json\/wp\/v2\/users\/1"}],"replies":[{"embeddable":true,"href":"https:\/\/mrgreencasinos.com\/fr\/wp-json\/wp\/v2\/comments?post=1111"}],"version-history":[{"count":2,"href":"https:\/\/mrgreencasinos.com\/fr\/wp-json\/wp\/v2\/pages\/1111\/revisions"}],"predecessor-version":[{"id":1113,"href":"https:\/\/mrgreencasinos.com\/fr\/wp-json\/wp\/v2\/pages\/1111\/revisions\/1113"}],"wp:attachment":[{"href":"https:\/\/mrgreencasinos.com\/fr\/wp-json\/wp\/v2\/media?parent=1111"}],"curies":[{"name":"wp","href":"https:\/\/api.w.org\/{rel}","templated":true}]}}