{"id":1131,"date":"2023-04-27T08:25:25","date_gmt":"2023-04-27T08:25:25","guid":{"rendered":"https:\/\/mrgreencasinos.com\/money-train\/"},"modified":"2023-04-27T08:36:55","modified_gmt":"2023-04-27T08:36:55","slug":"money-train","status":"publish","type":"page","link":"https:\/\/mrgreencasinos.com\/fr\/money-train\/","title":{"rendered":"Aper\u00e7u de la machine \u00e0 sous Money Train : gros gains et enjeux \u00e9lev\u00e9s"},"content":{"rendered":"<p>Money Train est un jeu de machine \u00e0 sous passionnant de Relax Gaming qui emm\u00e8ne les joueurs dans une aventure occidentale \u00e0 l&rsquo;ancienne. Le jeu a un th\u00e8me occidental classique et plusieurs fonctionnalit\u00e9s qui en font un excellent choix pour les amateurs de sensations fortes avides de gros gains. Avec des graphismes brillants et de nombreuses fonctionnalit\u00e9s bonus, Money Train Australia est une excellente option pour les joueurs qui souhaitent se tester dans un jeu \u00e0 enjeux \u00e9lev\u00e9s.<\/p>\n<div class=\"t-go\"><a href=\"\/go-casino\/?brand=mrgreen\">BONUS DE R\u00c9CLAMATION<\/a><\/div>\n<h2>Caract\u00e9ristiques<\/h2>\n<p>L&rsquo;argent r\u00e9el Money Train a cinq rouleaux et quatre rang\u00e9es, avec 40 lignes de paiement fixes. Le jeu pr\u00e9sente une volatilit\u00e9 \u00e9lev\u00e9e et un gain maximum de 20 000 fois votre mise. Le ratio de retour au joueur (RTP) est de 96,2\u00a0% et la mise maximale dans le jeu est de 100. Les symboles du jeu incluent un certain nombre de personnages sur le th\u00e8me de l&rsquo;ouest, tels que des armes \u00e0 feu et des badges de sh\u00e9rif, ainsi que les symboles de carte habituels. . Le symbole joker est le logo Money Train, qui peut remplacer tous les autres symboles \u00e0 l&rsquo;exception des symboles scatter et bonus.<\/p>\n<h2><img loading=\"lazy\" decoding=\"async\" class=\"aligncenter wp-image-1119\" src=\"https:\/\/mrgreencasinos.com\/wp-content\/uploads\/2023\/04\/Money-Train-slot-review.jpg\" alt=\"Examen de la machine \u00e0 sous Money Train\" width=\"800\" height=\"436\" srcset=\"https:\/\/mrgreencasinos.com\/wp-content\/uploads\/2023\/04\/Money-Train-slot-review.jpg 1980w, https:\/\/mrgreencasinos.com\/wp-content\/uploads\/2023\/04\/Money-Train-slot-review-300x164.jpg 300w, https:\/\/mrgreencasinos.com\/wp-content\/uploads\/2023\/04\/Money-Train-slot-review-1024x559.jpg 1024w, https:\/\/mrgreencasinos.com\/wp-content\/uploads\/2023\/04\/Money-Train-slot-review-768x419.jpg 768w, https:\/\/mrgreencasinos.com\/wp-content\/uploads\/2023\/04\/Money-Train-slot-review-1536x838.jpg 1536w, https:\/\/mrgreencasinos.com\/wp-content\/uploads\/2023\/04\/Money-Train-slot-review-720x393.jpg 720w\" sizes=\"auto, (max-width: 800px) 100vw, 800px\" \/><\/h2>\n<h2>Fonctionnalit\u00e9s bonus<\/h2>\n<p>Les fonctionnalit\u00e9s bonus de Money Train Igtech sont ce qui distingue le jeu. Le jeu a des fonctionnalit\u00e9s bonus qui peuvent aider les joueurs \u00e0 gagner et \u00e0 augmenter leurs gains. Voici une liste des fonctionnalit\u00e9s bonus du jeu\u00a0:<\/p>\n<ul>\n<li>Bonus Money Cart : ce bonus est d\u00e9clench\u00e9 lorsque trois symboles bonus sur les rouleaux sont touch\u00e9s. Apr\u00e8s cela, vous acc\u00e9derez \u00e0 un nouvel \u00e9cran o\u00f9 vous devrez faire tourner la roue pour d\u00e9terminer le nombre de tours gratuits de Money Train. Pendant les tours gratuits, vous pouvez lancer un symbole Money Cart, vous apportant des multiplicateurs allant jusqu&rsquo;\u00e0 50 fois votre mise.<\/li>\n<li>Bounty Spins : Cette fonction bonus est d\u00e9clench\u00e9e par trois \u00e9parpillements sur les rouleaux. Vous serez r\u00e9compens\u00e9 par dix tours gratuits, et pendant les tours, tous les gains seront multipli\u00e9s par un facteur de 3.<\/li>\n<li>Multiplicateurs progressifs : Pendant le bonus de panier d&rsquo;argent et le bonus de tours de prime, vous pouvez lancer des symboles multiplicateurs progressifs. Ces symboles augmenteront votre multiplicateur de un \u00e0 chaque fois que vous les toucherez, jusqu&rsquo;\u00e0 un maximum de 50x.<\/li>\n<li>Fonction Gamble : Si vous gagnez, vous pouvez s\u00e9lectionner la fonction Gamble. Dans cette fonctionnalit\u00e9, vous devez choisir une combinaison de cartes \u00e0 jouer. Si vous choisissez le bon cas, vos gains seront doubl\u00e9s.<\/li>\n<\/ul>\n<h2>Qu&rsquo;est-ce que RTP\u00a0?<\/h2>\n<p>RTP signifie Return to Player, un pourcentage repr\u00e9sentant la part du montant total d&rsquo;argent mis\u00e9 dans le jeu qui est restitu\u00e9e aux joueurs sous forme de gains. La machine \u00e0 sous Money Train a un RTP de 96,40 %, sup\u00e9rieur \u00e0 la moyenne de l&rsquo;industrie de 95 %. Cela signifie que pour chaque 100 d&rsquo;argent mis\u00e9, les joueurs peuvent s&rsquo;attendre \u00e0 recevoir environ 96,40 de gains.<\/p>\n<h2>Qu&rsquo;est-ce que la volatilit\u00e9 ?<\/h2>\n<p><img loading=\"lazy\" decoding=\"async\" class=\"aligncenter wp-image-1121\" src=\"https:\/\/mrgreencasinos.com\/wp-content\/uploads\/2023\/04\/Money-Train-review.png\" alt=\"Money Train examen\" width=\"800\" height=\"429\" srcset=\"https:\/\/mrgreencasinos.com\/wp-content\/uploads\/2023\/04\/Money-Train-review.png 1500w, https:\/\/mrgreencasinos.com\/wp-content\/uploads\/2023\/04\/Money-Train-review-300x161.png 300w, https:\/\/mrgreencasinos.com\/wp-content\/uploads\/2023\/04\/Money-Train-review-1024x549.png 1024w, https:\/\/mrgreencasinos.com\/wp-content\/uploads\/2023\/04\/Money-Train-review-768x412.png 768w, https:\/\/mrgreencasinos.com\/wp-content\/uploads\/2023\/04\/Money-Train-review-720x386.png 720w\" sizes=\"auto, (max-width: 800px) 100vw, 800px\" \/><\/p>\n<p>La volatilit\u00e9 mesure la fr\u00e9quence \u00e0 laquelle un slot Money Train paie et combien il paie. Money Train a une volatilit\u00e9 moyenne \u00e0 \u00e9lev\u00e9e, ce qui signifie qu&rsquo;il rapporte g\u00e9n\u00e9ralement moins, mais les gains sont plus importants lorsqu&rsquo;ils arrivent. Cela signifie que le jeu convient aux joueurs qui recherchent de gros gains plut\u00f4t que de petits gains fr\u00e9quents.<\/p>\n<div class=\"t-go\"><a href=\"\/go-casino\/?brand=mrgreen\">BONUS DE R\u00c9CLAMATION<\/a><\/div>\n<h2>FAQ<\/h2>\n<h3>Qu&rsquo;est-ce que Money Train ?<\/h3>\n<p>Money Train est une machine \u00e0 sous \u00e0 cinq rouleaux, quatre rang\u00e9es et 40 lignes de paiement d\u00e9velopp\u00e9e par Relax Gaming. Il est sorti en 2020 et est devenu l&rsquo;un des jeux de machines \u00e0 sous en ligne Money Train les plus populaires. Les joueurs adorent son gameplay innovant, ses bonus passionnants et ses paiements g\u00e9n\u00e9reux.<\/p>\n<h3>Quelles sont les fonctionnalit\u00e9s du jeu ?<\/h3>\n<p>Money Train a de nombreuses fonctionnalit\u00e9s int\u00e9ressantes. Le bonus de panier d&rsquo;argent est d\u00e9clench\u00e9 par 3 symboles de panier d&rsquo;argent sur les rouleaux 1, 3 et 5. Dans ce tour, vous pouvez gagner jusqu&rsquo;\u00e0 50 fois votre mise. Il y a aussi le tour bonus Money Train qui est d\u00e9clench\u00e9 par 3 symboles Money Train sur les rouleaux 2, 3 et 4. Dans ce tour, vous pouvez gagner jusqu&rsquo;\u00e0 20 000x dans votre pari.<\/p>\n<h3>Quelles sont les limites de paris ?<\/h3>\n<p>La mise minimale dans les machines \u00e0 sous Money Train est de 0,20 et la mise maximale est de 100. Cela fait de Money Train le jeu parfait pour les joueurs \u00e0 faibles enjeux et \u00e0 enjeux \u00e9lev\u00e9s.<\/p>\n<h3>Quels sont les versements\u00a0?<\/h3>\n<p>Les paiements dans Money Train sont g\u00e9n\u00e9reux. Le symbole le plus r\u00e9mun\u00e9rateur est le joker qui rapporte jusqu&rsquo;\u00e0 25 fois votre mise. Les autres symboles rapportent 2 \u00e0 10 fois votre mise.<\/p>\n<h2>Conclusion<\/h2>\n<p>Money Train est un excellent jeu pour les joueurs \u00e0 la recherche d&rsquo;un jeu de machine \u00e0 sous avec des enjeux \u00e9lev\u00e9s et de gros gains. Le jeu Money Train propose un certain nombre de bonus passionnants qui vous aideront \u00e0 gagner et \u00e0 augmenter vos gains. Avec ses visuels saisissants et sa bande-son captivante, Money Train est une excellente option pour les joueurs \u00e0 la recherche d&rsquo;une aventure western \u00e0 l&rsquo;ancienne.<\/p>\n","protected":false},"excerpt":{"rendered":"<p>Money Train est un jeu de machine \u00e0 sous passionnant de Relax Gaming qui emm\u00e8ne les joueurs dans une aventure [&hellip;]<\/p>\n","protected":false},"author":1,"featured_media":0,"parent":0,"menu_order":0,"comment_status":"closed","ping_status":"closed","template":"","meta":{"footnotes":""},"class_list":["post-1131","page","type-page","status-publish","hentry"],"acf":[],"yoast_head":"<!-- This site is optimized with the Yoast SEO plugin v17.9 - https:\/\/yoast.com\/wordpress\/plugins\/seo\/ -->\n<title>Test de Money Train - Jeu gratuit en mode d\u00e9mo - 2023<\/title>\n<meta name=\"description\" content=\"Machine \u00e0 sous Money Train \u2705 Notes des vrais joueurs, mode de jeu gratuit, captures d&#039;\u00e9cran gagnantes, codes bonus \u2705 Essayez la machine \u00e0 sous Money Train\" \/>\n<meta name=\"robots\" content=\"index, follow, max-snippet:-1, max-image-preview:large, max-video-preview:-1\" \/>\n<link rel=\"canonical\" href=\"https:\/\/mrgreencasinos.com\/fr\/money-train\/\" \/>\n<meta property=\"og:type\" content=\"article\" \/>\n<meta property=\"og:title\" content=\"Test de Money Train - Jeu gratuit en mode d\u00e9mo - 2023\" \/>\n<meta property=\"og:description\" content=\"Machine \u00e0 sous Money Train \u2705 Notes des vrais joueurs, mode de jeu gratuit, captures d&#039;\u00e9cran gagnantes, codes bonus \u2705 Essayez la machine \u00e0 sous Money Train\" \/>\n<meta property=\"og:url\" content=\"https:\/\/mrgreencasinos.com\/fr\/money-train\/\" \/>\n<meta property=\"og:site_name\" content=\"Casino MR Green\" \/>\n<meta property=\"article:modified_time\" content=\"2023-04-27T08:36:55+00:00\" \/>\n<meta property=\"og:image\" content=\"https:\/\/mrgreencasinos.com\/wp-content\/uploads\/2023\/04\/Money-Train-slot-review.jpg\" \/>\n<meta name=\"twitter:card\" content=\"summary_large_image\" \/>\n<meta name=\"twitter:label1\" content=\"Dur\u00e9e de lecture estim\u00e9e\" \/>\n\t<meta name=\"twitter:data1\" content=\"5 minutes\" \/>\n<script type=\"application\/ld+json\" class=\"yoast-schema-graph\">{\"@context\":\"https:\/\/schema.org\",\"@graph\":[{\"@type\":\"WebSite\",\"@id\":\"https:\/\/mrgreencasinos.com\/#website\",\"url\":\"https:\/\/mrgreencasinos.com\/\",\"name\":\"Casino MR Green\",\"description\":\"\",\"potentialAction\":[{\"@type\":\"SearchAction\",\"target\":{\"@type\":\"EntryPoint\",\"urlTemplate\":\"https:\/\/mrgreencasinos.com\/?s={search_term_string}\"},\"query-input\":\"required name=search_term_string\"}],\"inLanguage\":\"fr-FR\"},{\"@type\":\"ImageObject\",\"@id\":\"https:\/\/mrgreencasinos.com\/fr\/money-train\/#primaryimage\",\"inLanguage\":\"fr-FR\",\"url\":\"https:\/\/mrgreencasinos.com\/wp-content\/uploads\/2023\/04\/Money-Train-slot-review.jpg\",\"contentUrl\":\"https:\/\/mrgreencasinos.com\/wp-content\/uploads\/2023\/04\/Money-Train-slot-review.jpg\",\"width\":1980,\"height\":1080,\"caption\":\"Money Train slot review\"},{\"@type\":\"WebPage\",\"@id\":\"https:\/\/mrgreencasinos.com\/fr\/money-train\/#webpage\",\"url\":\"https:\/\/mrgreencasinos.com\/fr\/money-train\/\",\"name\":\"Test de Money Train - Jeu gratuit en mode d\\u00e9mo - 2023\",\"isPartOf\":{\"@id\":\"https:\/\/mrgreencasinos.com\/#website\"},\"primaryImageOfPage\":{\"@id\":\"https:\/\/mrgreencasinos.com\/fr\/money-train\/#primaryimage\"},\"datePublished\":\"2023-04-27T08:25:25+00:00\",\"dateModified\":\"2023-04-27T08:36:55+00:00\",\"description\":\"Machine \\u00e0 sous Money Train \\u2705 Notes des vrais joueurs, mode de jeu gratuit, captures d'\\u00e9cran gagnantes, codes bonus \\u2705 Essayez la machine \\u00e0 sous Money Train\",\"breadcrumb\":{\"@id\":\"https:\/\/mrgreencasinos.com\/fr\/money-train\/#breadcrumb\"},\"inLanguage\":\"fr-FR\",\"potentialAction\":[{\"@type\":\"ReadAction\",\"target\":[\"https:\/\/mrgreencasinos.com\/fr\/money-train\/\"]}]},{\"@type\":\"BreadcrumbList\",\"@id\":\"https:\/\/mrgreencasinos.com\/fr\/money-train\/#breadcrumb\",\"itemListElement\":[{\"@type\":\"ListItem\",\"position\":1,\"name\":\"Home\",\"item\":\"https:\/\/mrgreencasinos.com\/fr\/review-of-the-official-mr-green-website\/\"},{\"@type\":\"ListItem\",\"position\":2,\"name\":\"Aper\\u00e7u de la machine \\u00e0 sous Money Train : gros gains et enjeux \\u00e9lev\\u00e9s\"}]}]}<\/script>\n<!-- \/ Yoast SEO plugin. -->","yoast_head_json":{"title":"Test de Money Train - Jeu gratuit en mode d\u00e9mo - 2023","description":"Machine \u00e0 sous Money Train \u2705 Notes des vrais joueurs, mode de jeu gratuit, captures d'\u00e9cran gagnantes, codes bonus \u2705 Essayez la machine \u00e0 sous Money Train","robots":{"index":"index","follow":"follow","max-snippet":"max-snippet:-1","max-image-preview":"max-image-preview:large","max-video-preview":"max-video-preview:-1"},"canonical":"https:\/\/mrgreencasinos.com\/fr\/money-train\/","og_type":"article","og_title":"Test de Money Train - Jeu gratuit en mode d\u00e9mo - 2023","og_description":"Machine \u00e0 sous Money Train \u2705 Notes des vrais joueurs, mode de jeu gratuit, captures d'\u00e9cran gagnantes, codes bonus \u2705 Essayez la machine \u00e0 sous Money Train","og_url":"https:\/\/mrgreencasinos.com\/fr\/money-train\/","og_site_name":"Casino MR Green","article_modified_time":"2023-04-27T08:36:55+00:00","og_image":[{"url":"https:\/\/mrgreencasinos.com\/wp-content\/uploads\/2023\/04\/Money-Train-slot-review.jpg"}],"twitter_card":"summary_large_image","twitter_misc":{"Dur\u00e9e de lecture estim\u00e9e":"5 minutes"},"schema":{"@context":"https:\/\/schema.org","@graph":[{"@type":"WebSite","@id":"https:\/\/mrgreencasinos.com\/#website","url":"https:\/\/mrgreencasinos.com\/","name":"Casino MR Green","description":"","potentialAction":[{"@type":"SearchAction","target":{"@type":"EntryPoint","urlTemplate":"https:\/\/mrgreencasinos.com\/?s={search_term_string}"},"query-input":"required name=search_term_string"}],"inLanguage":"fr-FR"},{"@type":"ImageObject","@id":"https:\/\/mrgreencasinos.com\/fr\/money-train\/#primaryimage","inLanguage":"fr-FR","url":"https:\/\/mrgreencasinos.com\/wp-content\/uploads\/2023\/04\/Money-Train-slot-review.jpg","contentUrl":"https:\/\/mrgreencasinos.com\/wp-content\/uploads\/2023\/04\/Money-Train-slot-review.jpg","width":1980,"height":1080,"caption":"Money Train slot review"},{"@type":"WebPage","@id":"https:\/\/mrgreencasinos.com\/fr\/money-train\/#webpage","url":"https:\/\/mrgreencasinos.com\/fr\/money-train\/","name":"Test de Money Train - Jeu gratuit en mode d\u00e9mo - 2023","isPartOf":{"@id":"https:\/\/mrgreencasinos.com\/#website"},"primaryImageOfPage":{"@id":"https:\/\/mrgreencasinos.com\/fr\/money-train\/#primaryimage"},"datePublished":"2023-04-27T08:25:25+00:00","dateModified":"2023-04-27T08:36:55+00:00","description":"Machine \u00e0 sous Money Train \u2705 Notes des vrais joueurs, mode de jeu gratuit, captures d'\u00e9cran gagnantes, codes bonus \u2705 Essayez la machine \u00e0 sous Money Train","breadcrumb":{"@id":"https:\/\/mrgreencasinos.com\/fr\/money-train\/#breadcrumb"},"inLanguage":"fr-FR","potentialAction":[{"@type":"ReadAction","target":["https:\/\/mrgreencasinos.com\/fr\/money-train\/"]}]},{"@type":"BreadcrumbList","@id":"https:\/\/mrgreencasinos.com\/fr\/money-train\/#breadcrumb","itemListElement":[{"@type":"ListItem","position":1,"name":"Home","item":"https:\/\/mrgreencasinos.com\/fr\/review-of-the-official-mr-green-website\/"},{"@type":"ListItem","position":2,"name":"Aper\u00e7u de la machine \u00e0 sous Money Train : gros gains et enjeux \u00e9lev\u00e9s"}]}]}},"_links":{"self":[{"href":"https:\/\/mrgreencasinos.com\/fr\/wp-json\/wp\/v2\/pages\/1131","targetHints":{"allow":["GET"]}}],"collection":[{"href":"https:\/\/mrgreencasinos.com\/fr\/wp-json\/wp\/v2\/pages"}],"about":[{"href":"https:\/\/mrgreencasinos.com\/fr\/wp-json\/wp\/v2\/types\/page"}],"author":[{"embeddable":true,"href":"https:\/\/mrgreencasinos.com\/fr\/wp-json\/wp\/v2\/users\/1"}],"replies":[{"embeddable":true,"href":"https:\/\/mrgreencasinos.com\/fr\/wp-json\/wp\/v2\/comments?post=1131"}],"version-history":[{"count":2,"href":"https:\/\/mrgreencasinos.com\/fr\/wp-json\/wp\/v2\/pages\/1131\/revisions"}],"predecessor-version":[{"id":1133,"href":"https:\/\/mrgreencasinos.com\/fr\/wp-json\/wp\/v2\/pages\/1131\/revisions\/1133"}],"wp:attachment":[{"href":"https:\/\/mrgreencasinos.com\/fr\/wp-json\/wp\/v2\/media?parent=1131"}],"curies":[{"name":"wp","href":"https:\/\/api.w.org\/{rel}","templated":true}]}}