{"id":1135,"date":"2023-04-27T08:31:02","date_gmt":"2023-04-27T08:31:02","guid":{"rendered":"https:\/\/mrgreencasinos.com\/power-gods-medusa\/"},"modified":"2023-04-27T08:41:23","modified_gmt":"2023-04-27T08:41:23","slug":"power-gods-medusa","status":"publish","type":"page","link":"https:\/\/mrgreencasinos.com\/fr\/power-gods-medusa\/","title":{"rendered":"Revue de la machine \u00e0 sous The Power of the gods: Medusa"},"content":{"rendered":"<p>Envie de faire un voyage dans le monde magique de la mythologie grecque ? Alors vous devriez jeter un coup d&rsquo;\u0153il au dernier jeu de machines \u00e0 sous de Playtech &#8211; Power of Gods : Medusa Wazdan. Avec cinq rouleaux et trois rang\u00e9es, cette machine \u00e0 sous est s\u00fbre de vous emmener dans une aventure passionnante avec de nombreuses chances de gagner. Voici notre revue Power of Gods: Medusa de ce jeu passionnant.<\/p>\n<div class=\"t-go\"><a href=\"\/go-casino\/?brand=mrgreen\">BONUS DE R\u00c9CLAMATION<\/a><\/div>\n<h2>\u00c0 propos du jeu<\/h2>\n<p>Power of Gods: Medusa tours gratuits sans d\u00e9p\u00f4t est une machine \u00e0 sous \u00e0 cinq rouleaux et trois rang\u00e9es avec 25 lignes de paiement. Son action se d\u00e9roule dans le monde mythique des dieux grecs, et tous les symboles sont li\u00e9s \u00e0 ce th\u00e8me. Les symboles les moins r\u00e9mun\u00e9rateurs sont les symboles de cartes \u00e0 jouer standard &#8211; 10, J, Q, K et A &#8211; tandis que les symboles les plus r\u00e9mun\u00e9rateurs sont les dieux eux-m\u00eames : Zeus, Pos\u00e9idon et Ath\u00e9na, ainsi que le serpent de compagnie de M\u00e9duse.<\/p>\n<h2><img loading=\"lazy\" decoding=\"async\" class=\"aligncenter wp-image-1125 size-full\" src=\"https:\/\/mrgreencasinos.com\/wp-content\/uploads\/2023\/04\/Power-of-Gods-Medusa-review.jpg\" alt=\"Revue de Power of Gods Medusa\" width=\"800\" height=\"400\" srcset=\"https:\/\/mrgreencasinos.com\/wp-content\/uploads\/2023\/04\/Power-of-Gods-Medusa-review.jpg 800w, https:\/\/mrgreencasinos.com\/wp-content\/uploads\/2023\/04\/Power-of-Gods-Medusa-review-300x150.jpg 300w, https:\/\/mrgreencasinos.com\/wp-content\/uploads\/2023\/04\/Power-of-Gods-Medusa-review-768x384.jpg 768w, https:\/\/mrgreencasinos.com\/wp-content\/uploads\/2023\/04\/Power-of-Gods-Medusa-review-720x360.jpg 720w\" sizes=\"auto, (max-width: 800px) 100vw, 800px\" \/><\/h2>\n<h2>Caract\u00e9ristiques sp\u00e9ciales<\/h2>\n<p>Le jeu est rempli de fonctionnalit\u00e9s sp\u00e9ciales passionnantes. Voici quelques-unes des machines \u00e0 sous Power of Gods: Medusa :<\/p>\n<ul>\n<li>Symbole Wild : Le symbole Wild est la t\u00eate de la m\u00e9duse, qui remplace tous les autres symboles \u00e0 l&rsquo;exception du symbole scatter.<\/li>\n<li>Symbole scatter : Le symbole scatter est le serpent de compagnie de Jellyfish et d\u00e9clenche une s\u00e9rie de tours gratuits.<\/li>\n<li>Tours gratuits\u00a0: un rouleau de trois symboles scatter d\u00e9clenche le tour de tours gratuits. Au cours de ce tour, vous recevrez dix tours gratuits et tous les symboles joker qui apparaissent sur les rouleaux deviendront collants et resteront en place pendant toute la dur\u00e9e du tour.<\/li>\n<li>Multiplicateur de gains\u00a0: chaque fois qu&rsquo;un symbole joker appara\u00eet sur les rouleaux lors d&rsquo;un tour de tours gratuits, le multiplicateur de gains augmente de un. Le multiplicateur maximum peut aller jusqu&rsquo;\u00e0 10x.<\/li>\n<li>Jeu bonus : Un rouleau de trois symboles bonus d\u00e9clenche le jeu bonus. Dans ce jeu, vous devrez choisir l&rsquo;un des 12 objets couch\u00e9s face cach\u00e9e pour obtenir le prix en argent. Le prix maximum est de 500x votre mise.<br \/>\nJackpot : Le jeu propose \u00e9galement un jackpot progressif qui peut \u00eatre gagn\u00e9 au hasard.<\/li>\n<\/ul>\n<h2>Qu&rsquo;est-ce que RTP\u00a0?<\/h2>\n<p>RTP signifie Return to Player et mesure combien le jeu rapporte. Il est exprim\u00e9 en pourcentage et indique la somme d&rsquo;argent qui sera vers\u00e9e au joueur dans un certain laps de temps. Par exemple, un jeu avec un RTP de 95 % paiera 95 % de tout l&rsquo;argent mis\u00e9 dessus.<\/p>\n<h2>Qu&rsquo;est-ce que la volatilit\u00e9 ?<\/h2>\n<p>La volatilit\u00e9 est une mesure de la fr\u00e9quence \u00e0 laquelle un jeu de machines \u00e0 sous en ligne Power of Gods: Medusa paiera. Il est exprim\u00e9 sous forme de nombre et indique la vitesse \u00e0 laquelle un jeu paiera les gains. Dans un jeu \u00e0 forte volatilit\u00e9, les gains seront plus importants, mais aussi, les \u00e9carts entre les paiements seront plus longs. Dans un jeu \u00e0 faible volatilit\u00e9, les gains seront moindres, mais ils viendront plus g\u00e9n\u00e9ralement.<\/p>\n<h2>Power of Gods: RTP et volatilit\u00e9 de la machine \u00e0 sous Medusa<\/h2>\n<p>La machine \u00e0 sous Power of Gods: Medusa a un RTP de 96,22% et une volatilit\u00e9 de 7. Il s&rsquo;agit d&rsquo;un jeu avec une volatilit\u00e9 \u00e9lev\u00e9e et un excellent RTP. Cela signifie que vous pouvez vous attendre \u00e0 gagner gros lorsque vous jouez \u00e0 ce jeu, mais cela signifie \u00e9galement que vous devrez attendre ces gains.<\/p>\n<h2>Pourquoi devriez-vous jouer \u00e0 la machine \u00e0 sous Power of the Gods: Medusa<\/h2>\n<p><img loading=\"lazy\" decoding=\"async\" class=\"aligncenter wp-image-1127\" src=\"https:\/\/mrgreencasinos.com\/wp-content\/uploads\/2023\/04\/Power-of-Gods-Medusa-slot-review.jpg\" alt=\"Examen de la machine \u00e0 sous Power of Gods Medusa\" width=\"800\" height=\"392\" srcset=\"https:\/\/mrgreencasinos.com\/wp-content\/uploads\/2023\/04\/Power-of-Gods-Medusa-slot-review.jpg 838w, https:\/\/mrgreencasinos.com\/wp-content\/uploads\/2023\/04\/Power-of-Gods-Medusa-slot-review-300x147.jpg 300w, https:\/\/mrgreencasinos.com\/wp-content\/uploads\/2023\/04\/Power-of-Gods-Medusa-slot-review-768x377.jpg 768w, https:\/\/mrgreencasinos.com\/wp-content\/uploads\/2023\/04\/Power-of-Gods-Medusa-slot-review-720x353.jpg 720w\" sizes=\"auto, (max-width: 800px) 100vw, 800px\" \/><\/p>\n<p>Il existe de nombreuses raisons de choisir les machines \u00e0 sous Power of Gods: Medusa. En voici quelques-unes :<\/p>\n<ul>\n<li>RTP \u00e9lev\u00e9\u00a0: avec un RTP de 96,22\u00a0%, vous savez que vous avez de grandes chances de gagner lorsque vous jouez \u00e0 ce jeu.<\/li>\n<li>Haute volatilit\u00e9 : Avec une volatilit\u00e9 de 7, vous pouvez vous attendre \u00e0 gagner gros lorsque vous jouez \u00e0 ce jeu.<\/li>\n<li>De superbes graphismes : Les graphismes de Power of Gods : Medusa sont de premier ordre et le jeu est tr\u00e8s addictif.<\/li>\n<li>Tours gratuits : Le jeu dispose d&rsquo;une fonction de tours gratuits qui vous aidera \u00e0 gagner encore plus.<\/li>\n<\/ul>\n<div class=\"t-go\"><a href=\"\/go-casino\/?brand=mrgreen\">BONUS DE R\u00c9CLAMATION<\/a><\/div>\n<h2>FAQ<\/h2>\n<h3>Quel est le gain maximum dans Power of Gods: Medusa ?<\/h3>\n<p>Le gain maximum sur Power of Gods: Medusa Australia est de 5 000x votre mise. Ceci est r\u00e9alis\u00e9 sur un rouleau de cinq symboles Medusa sur les rouleaux.<\/p>\n<h3>Quels autres symboles sont inclus dans Power of Gods: Medusa ?<\/h3>\n<p>Les autres symboles de la machine \u00e0 sous Power of Gods : Medusa sont :<\/p>\n<ul>\n<li>M\u00e9duse : Le symbole le plus r\u00e9mun\u00e9rateur du jeu. Sur un rouleau de cinq personnages sur les rouleaux, il rapporte 5 000 fois votre mise.<\/li>\n<li>Pegasus : Le deuxi\u00e8me symbole le plus r\u00e9mun\u00e9rateur du jeu. Sur un rouleau de cinq personnages sur les rouleaux, il rapporte 500 fois votre mise.<\/li>\n<li>La harpie : c&rsquo;est le troisi\u00e8me symbole du jeu avec le plus grand score. Cinq symboles sur les rouleaux rapportent 250 fois votre mise.<\/li>\n<li>Minotaure : Le quatri\u00e8me symbole le plus significatif du jeu. Sur un rouleau de cinq symboles sur les rouleaux, il paie 100 fois la mise.<\/li>\n<\/ul>\n<h2>Verdict<\/h2>\n<p>Power of Gods: Medusa real money est une excellente machine \u00e0 sous dot\u00e9e de nombreuses fonctionnalit\u00e9s int\u00e9ressantes, notamment des symboles joker, des tours gratuits, des jeux bonus et un jackpot progressif. Les graphismes et les effets sonores sont excellents et le th\u00e8me est fascinant. Le jeu est \u00e9galement facile \u00e0 jouer, il convient donc aux joueurs exp\u00e9riment\u00e9s et novices. Avec un RTP de 95,29%, cela vaut vraiment la peine d&rsquo;essayer.<\/p>\n","protected":false},"excerpt":{"rendered":"<p>Envie de faire un voyage dans le monde magique de la mythologie grecque ? Alors vous devriez jeter un coup [&hellip;]<\/p>\n","protected":false},"author":1,"featured_media":0,"parent":0,"menu_order":0,"comment_status":"closed","ping_status":"closed","template":"","meta":{"footnotes":""},"class_list":["post-1135","page","type-page","status-publish","hentry"],"acf":[],"yoast_head":"<!-- This site is optimized with the Yoast SEO plugin v17.9 - https:\/\/yoast.com\/wordpress\/plugins\/seo\/ -->\n<title>Power of Gods: Medusa review - Free Play in Demo Mode - 2023<\/title>\n<meta name=\"description\" content=\"Power of Gods: Medusa Slot \u2705 Real players&#039; ratings, free play mode, winning screenshots, bonus codes \u2705 Try Power of Gods: Medusa Slot\" \/>\n<meta name=\"robots\" content=\"index, follow, max-snippet:-1, max-image-preview:large, max-video-preview:-1\" \/>\n<link rel=\"canonical\" href=\"https:\/\/mrgreencasinos.com\/fr\/power-gods-medusa\/\" \/>\n<meta property=\"og:type\" content=\"article\" \/>\n<meta property=\"og:title\" content=\"Power of Gods: Medusa review - Free Play in Demo Mode - 2023\" \/>\n<meta property=\"og:description\" content=\"Power of Gods: Medusa Slot \u2705 Real players&#039; ratings, free play mode, winning screenshots, bonus codes \u2705 Try Power of Gods: Medusa Slot\" \/>\n<meta property=\"og:url\" content=\"https:\/\/mrgreencasinos.com\/fr\/power-gods-medusa\/\" \/>\n<meta property=\"og:site_name\" content=\"Casino MR Green\" \/>\n<meta property=\"article:modified_time\" content=\"2023-04-27T08:41:23+00:00\" \/>\n<meta property=\"og:image\" content=\"https:\/\/mrgreencasinos.com\/wp-content\/uploads\/2023\/04\/Power-of-Gods-Medusa-review.jpg\" \/>\n<meta name=\"twitter:card\" content=\"summary_large_image\" \/>\n<meta name=\"twitter:label1\" content=\"Dur\u00e9e de lecture estim\u00e9e\" \/>\n\t<meta name=\"twitter:data1\" content=\"5 minutes\" \/>\n<script type=\"application\/ld+json\" class=\"yoast-schema-graph\">{\"@context\":\"https:\/\/schema.org\",\"@graph\":[{\"@type\":\"WebSite\",\"@id\":\"https:\/\/mrgreencasinos.com\/#website\",\"url\":\"https:\/\/mrgreencasinos.com\/\",\"name\":\"Casino MR Green\",\"description\":\"\",\"potentialAction\":[{\"@type\":\"SearchAction\",\"target\":{\"@type\":\"EntryPoint\",\"urlTemplate\":\"https:\/\/mrgreencasinos.com\/?s={search_term_string}\"},\"query-input\":\"required name=search_term_string\"}],\"inLanguage\":\"fr-FR\"},{\"@type\":\"ImageObject\",\"@id\":\"https:\/\/mrgreencasinos.com\/fr\/power-gods-medusa\/#primaryimage\",\"inLanguage\":\"fr-FR\",\"url\":\"https:\/\/mrgreencasinos.com\/wp-content\/uploads\/2023\/04\/Power-of-Gods-Medusa-review.jpg\",\"contentUrl\":\"https:\/\/mrgreencasinos.com\/wp-content\/uploads\/2023\/04\/Power-of-Gods-Medusa-review.jpg\",\"width\":800,\"height\":400,\"caption\":\"Power of Gods Medusa review\"},{\"@type\":\"WebPage\",\"@id\":\"https:\/\/mrgreencasinos.com\/fr\/power-gods-medusa\/#webpage\",\"url\":\"https:\/\/mrgreencasinos.com\/fr\/power-gods-medusa\/\",\"name\":\"Power of Gods: Medusa review - Free Play in Demo Mode - 2023\",\"isPartOf\":{\"@id\":\"https:\/\/mrgreencasinos.com\/#website\"},\"primaryImageOfPage\":{\"@id\":\"https:\/\/mrgreencasinos.com\/fr\/power-gods-medusa\/#primaryimage\"},\"datePublished\":\"2023-04-27T08:31:02+00:00\",\"dateModified\":\"2023-04-27T08:41:23+00:00\",\"description\":\"Power of Gods: Medusa Slot \\u2705 Real players' ratings, free play mode, winning screenshots, bonus codes \\u2705 Try Power of Gods: Medusa Slot\",\"breadcrumb\":{\"@id\":\"https:\/\/mrgreencasinos.com\/fr\/power-gods-medusa\/#breadcrumb\"},\"inLanguage\":\"fr-FR\",\"potentialAction\":[{\"@type\":\"ReadAction\",\"target\":[\"https:\/\/mrgreencasinos.com\/fr\/power-gods-medusa\/\"]}]},{\"@type\":\"BreadcrumbList\",\"@id\":\"https:\/\/mrgreencasinos.com\/fr\/power-gods-medusa\/#breadcrumb\",\"itemListElement\":[{\"@type\":\"ListItem\",\"position\":1,\"name\":\"Home\",\"item\":\"https:\/\/mrgreencasinos.com\/fr\/review-of-the-official-mr-green-website\/\"},{\"@type\":\"ListItem\",\"position\":2,\"name\":\"Revue de la machine \\u00e0 sous The Power of the gods: Medusa\"}]}]}<\/script>\n<!-- \/ Yoast SEO plugin. -->","yoast_head_json":{"title":"Power of Gods: Medusa review - Free Play in Demo Mode - 2023","description":"Power of Gods: Medusa Slot \u2705 Real players' ratings, free play mode, winning screenshots, bonus codes \u2705 Try Power of Gods: Medusa Slot","robots":{"index":"index","follow":"follow","max-snippet":"max-snippet:-1","max-image-preview":"max-image-preview:large","max-video-preview":"max-video-preview:-1"},"canonical":"https:\/\/mrgreencasinos.com\/fr\/power-gods-medusa\/","og_type":"article","og_title":"Power of Gods: Medusa review - Free Play in Demo Mode - 2023","og_description":"Power of Gods: Medusa Slot \u2705 Real players' ratings, free play mode, winning screenshots, bonus codes \u2705 Try Power of Gods: Medusa Slot","og_url":"https:\/\/mrgreencasinos.com\/fr\/power-gods-medusa\/","og_site_name":"Casino MR Green","article_modified_time":"2023-04-27T08:41:23+00:00","og_image":[{"url":"https:\/\/mrgreencasinos.com\/wp-content\/uploads\/2023\/04\/Power-of-Gods-Medusa-review.jpg"}],"twitter_card":"summary_large_image","twitter_misc":{"Dur\u00e9e de lecture estim\u00e9e":"5 minutes"},"schema":{"@context":"https:\/\/schema.org","@graph":[{"@type":"WebSite","@id":"https:\/\/mrgreencasinos.com\/#website","url":"https:\/\/mrgreencasinos.com\/","name":"Casino MR Green","description":"","potentialAction":[{"@type":"SearchAction","target":{"@type":"EntryPoint","urlTemplate":"https:\/\/mrgreencasinos.com\/?s={search_term_string}"},"query-input":"required name=search_term_string"}],"inLanguage":"fr-FR"},{"@type":"ImageObject","@id":"https:\/\/mrgreencasinos.com\/fr\/power-gods-medusa\/#primaryimage","inLanguage":"fr-FR","url":"https:\/\/mrgreencasinos.com\/wp-content\/uploads\/2023\/04\/Power-of-Gods-Medusa-review.jpg","contentUrl":"https:\/\/mrgreencasinos.com\/wp-content\/uploads\/2023\/04\/Power-of-Gods-Medusa-review.jpg","width":800,"height":400,"caption":"Power of Gods Medusa review"},{"@type":"WebPage","@id":"https:\/\/mrgreencasinos.com\/fr\/power-gods-medusa\/#webpage","url":"https:\/\/mrgreencasinos.com\/fr\/power-gods-medusa\/","name":"Power of Gods: Medusa review - Free Play in Demo Mode - 2023","isPartOf":{"@id":"https:\/\/mrgreencasinos.com\/#website"},"primaryImageOfPage":{"@id":"https:\/\/mrgreencasinos.com\/fr\/power-gods-medusa\/#primaryimage"},"datePublished":"2023-04-27T08:31:02+00:00","dateModified":"2023-04-27T08:41:23+00:00","description":"Power of Gods: Medusa Slot \u2705 Real players' ratings, free play mode, winning screenshots, bonus codes \u2705 Try Power of Gods: Medusa Slot","breadcrumb":{"@id":"https:\/\/mrgreencasinos.com\/fr\/power-gods-medusa\/#breadcrumb"},"inLanguage":"fr-FR","potentialAction":[{"@type":"ReadAction","target":["https:\/\/mrgreencasinos.com\/fr\/power-gods-medusa\/"]}]},{"@type":"BreadcrumbList","@id":"https:\/\/mrgreencasinos.com\/fr\/power-gods-medusa\/#breadcrumb","itemListElement":[{"@type":"ListItem","position":1,"name":"Home","item":"https:\/\/mrgreencasinos.com\/fr\/review-of-the-official-mr-green-website\/"},{"@type":"ListItem","position":2,"name":"Revue de la machine \u00e0 sous The Power of the gods: Medusa"}]}]}},"_links":{"self":[{"href":"https:\/\/mrgreencasinos.com\/fr\/wp-json\/wp\/v2\/pages\/1135","targetHints":{"allow":["GET"]}}],"collection":[{"href":"https:\/\/mrgreencasinos.com\/fr\/wp-json\/wp\/v2\/pages"}],"about":[{"href":"https:\/\/mrgreencasinos.com\/fr\/wp-json\/wp\/v2\/types\/page"}],"author":[{"embeddable":true,"href":"https:\/\/mrgreencasinos.com\/fr\/wp-json\/wp\/v2\/users\/1"}],"replies":[{"embeddable":true,"href":"https:\/\/mrgreencasinos.com\/fr\/wp-json\/wp\/v2\/comments?post=1135"}],"version-history":[{"count":2,"href":"https:\/\/mrgreencasinos.com\/fr\/wp-json\/wp\/v2\/pages\/1135\/revisions"}],"predecessor-version":[{"id":1137,"href":"https:\/\/mrgreencasinos.com\/fr\/wp-json\/wp\/v2\/pages\/1135\/revisions\/1137"}],"wp:attachment":[{"href":"https:\/\/mrgreencasinos.com\/fr\/wp-json\/wp\/v2\/media?parent=1135"}],"curies":[{"name":"wp","href":"https:\/\/api.w.org\/{rel}","templated":true}]}}