{"id":1152,"date":"2023-04-28T16:02:19","date_gmt":"2023-04-28T16:02:19","guid":{"rendered":"https:\/\/mrgreencasinos.com\/wolf-night\/"},"modified":"2023-04-28T16:20:32","modified_gmt":"2023-04-28T16:20:32","slug":"wolf-night","status":"publish","type":"page","link":"https:\/\/mrgreencasinos.com\/fr\/wolf-night\/","title":{"rendered":"Un aper\u00e7u complet de la machine \u00e0 sous Wolf&rsquo;s Night"},"content":{"rendered":"<h2>Introduction<\/h2>\n<p>Wolf Night est une machine \u00e0 sous \u00e0 5 rouleaux d\u00e9velopp\u00e9e par High 5 Games. Cette machine \u00e0 sous est r\u00e9alis\u00e9e dans un th\u00e8me am\u00e9rindien et au centre du jeu se trouve un loup. Le symbole joker est le loup, qui peut remplacer n&rsquo;importe quel autre personnage pour vous donner plus de combinaisons gagnantes. Le jeu propose \u00e9galement un tour de bonus de tours gratuits o\u00f9 vous pouvez gagner jusqu&rsquo;\u00e0 20 tours gratuits. Avec de nombreux bonus et fonctionnalit\u00e9s, Wolf Night Australia est s\u00fbr de vous divertir.<\/p>\n<p><img loading=\"lazy\" decoding=\"async\" class=\"aligncenter wp-image-1140\" src=\"https:\/\/mrgreencasinos.com\/wp-content\/uploads\/2023\/04\/Wolf-Night-review.jpg\" alt=\"Wolf Night examen\" width=\"800\" height=\"450\" srcset=\"https:\/\/mrgreencasinos.com\/wp-content\/uploads\/2023\/04\/Wolf-Night-review.jpg 1280w, https:\/\/mrgreencasinos.com\/wp-content\/uploads\/2023\/04\/Wolf-Night-review-300x169.jpg 300w, https:\/\/mrgreencasinos.com\/wp-content\/uploads\/2023\/04\/Wolf-Night-review-1024x576.jpg 1024w, https:\/\/mrgreencasinos.com\/wp-content\/uploads\/2023\/04\/Wolf-Night-review-768x432.jpg 768w, https:\/\/mrgreencasinos.com\/wp-content\/uploads\/2023\/04\/Wolf-Night-review-720x405.jpg 720w\" sizes=\"auto, (max-width: 800px) 100vw, 800px\" \/><div class=\"t-go\"><a href=\"\/go-casino\/?brand=mrgreen\">BONUS DE R\u00c9CLAMATION<\/a><\/div>\n<h2>Graphisme et conception<\/h2>\n<p>Les graphismes et le design de Wolf Night sont attrayants et uniques. L&rsquo;arri\u00e8re-plan est un beau ciel nocturne parsem\u00e9 d&rsquo;\u00e9toiles et une pleine lune. Les symboles du jeu incluent une vari\u00e9t\u00e9 d&rsquo;animaux et de plantes, tels que des loups, des aigles, des hiboux et des cactus. Il y a aussi un symbole de masque tribal qui d\u00e9clenche une s\u00e9rie de tours gratuits Wolf Night. Les graphismes sont simples mais efficaces, cr\u00e9ant une exp\u00e9rience de jeu passionnante et atmosph\u00e9rique.<\/p>\n<h2>Caract\u00e9ristiques de jeu<\/h2>\n<p>Le jeu Wolf Night Booongo poss\u00e8de de nombreuses fonctionnalit\u00e9s pour vous emp\u00eacher de vous ennuyer. Le symbole joker est le loup, qui peut remplacer n&rsquo;importe quel autre personnage pour obtenir plus de combinaisons gagnantes. Le jeu propose \u00e9galement un tour de bonus de tours gratuits, qui est d\u00e9clench\u00e9 par le symbole du masque de la tribu. Lorsque ce symbole appara\u00eet sur les rouleaux, vous recevrez jusqu&rsquo;\u00e0 20 tours gratuits. Pendant le tour de tours gratuits, tous les gains sont doubl\u00e9s et il y a une chance de gagner des tours gratuits suppl\u00e9mentaires.<\/p>\n<h2>Paiements et paris<\/h2>\n<p>L&rsquo;argent r\u00e9el Wolf Night a une plage de mise fixe de 0,50 \u00e0 500 pi\u00e8ces. Le paiement maximum est de 10 000 pi\u00e8ces, qui peuvent \u00eatre gagn\u00e9es si cinq symboles joker apparaissent sur une ligne de paiement active. Le RTP du jeu est \u00e9galement de 96,5 %, ce qui est sup\u00e9rieur \u00e0 la moyenne pour une machine \u00e0 sous Wolf Night en ligne.<\/p>\n<h2>Qu&rsquo;est-ce que le RTP ?<\/h2>\n<p>RTP, ou Return to Player, est le pourcentage d&rsquo;argent qu&rsquo;une machine \u00e0 sous verse aux joueurs au fil du temps. Il s&rsquo;agit d&rsquo;une statistique importante \u00e0 prendre en compte lors de l&rsquo;\u00e9valuation de diff\u00e9rentes machines \u00e0 sous, car elle peut donner un aper\u00e7u de l&rsquo;\u00e9quit\u00e9 du jeu et des gains potentiels. Le RTP de la machine \u00e0 sous Wolf Night est de 96,05 %, ce qui est sup\u00e9rieur \u00e0 la moyenne du secteur. Cela signifie que les joueurs ont de bonnes chances de gagner de l&rsquo;argent et peuvent s&rsquo;attendre \u00e0 un retour d&rsquo;au moins 96,05 % de leur argent \u00e0 long terme.<\/p>\n<h2><img loading=\"lazy\" decoding=\"async\" class=\"aligncenter wp-image-1142\" src=\"https:\/\/mrgreencasinos.com\/wp-content\/uploads\/2023\/04\/Wolf-Night-slot-review.jpg\" alt=\"Wolf Night examen de la machine \u00e0 sous\" width=\"800\" height=\"450\" srcset=\"https:\/\/mrgreencasinos.com\/wp-content\/uploads\/2023\/04\/Wolf-Night-slot-review.jpg 1280w, https:\/\/mrgreencasinos.com\/wp-content\/uploads\/2023\/04\/Wolf-Night-slot-review-300x169.jpg 300w, https:\/\/mrgreencasinos.com\/wp-content\/uploads\/2023\/04\/Wolf-Night-slot-review-1024x576.jpg 1024w, https:\/\/mrgreencasinos.com\/wp-content\/uploads\/2023\/04\/Wolf-Night-slot-review-768x432.jpg 768w, https:\/\/mrgreencasinos.com\/wp-content\/uploads\/2023\/04\/Wolf-Night-slot-review-720x405.jpg 720w\" sizes=\"auto, (max-width: 800px) 100vw, 800px\" \/><\/h2>\n<h2>Qu&rsquo;est-ce que la volatilit\u00e9 ?<\/h2>\n<p>La volatilit\u00e9 est une mesure du risque associ\u00e9 \u00e0 une machine \u00e0 sous. Les machines \u00e0 sous peuvent \u00eatre class\u00e9es comme ayant une volatilit\u00e9 faible, moyenne ou \u00e9lev\u00e9e. Les machines \u00e0 sous \u00e0 faible volatilit\u00e9 ont tendance \u00e0 avoir des gains plus faibles, mais elles se produisent plus souvent. D&rsquo;un autre c\u00f4t\u00e9, les endroits \u00e0 forte volatilit\u00e9 offrent des paiements plus importants, mais ils se produisent moins fr\u00e9quemment. Les machines \u00e0 sous Wolf Night ont une volatilit\u00e9 moyenne, ce qui signifie qu&rsquo;elles offrent un m\u00e9lange \u00e9quilibr\u00e9 de gains \u00e9lev\u00e9s et faibles. Cela rend le jeu adapt\u00e9 aux joueurs conservateurs et agressifs.<\/p>\n<div class=\"t-go\"><a href=\"\/go-casino\/?brand=mrgreen\">BONUS DE R\u00c9CLAMATION<\/a><\/div>\n<h2>FAQ<\/h2>\n<h3>Quelles sont les r\u00e8gles du jeu Wolf Night ?<\/h3>\n<p>Le jeu de machines \u00e0 sous en ligne Wolf Night est assez facile \u00e0 comprendre. Le but du jeu est de faire correspondre les symboles sur les rouleaux pour former des combinaisons gagnantes. Il existe de nombreux symboles dans le jeu, y compris des loups, des vampires et d&rsquo;autres personnages effrayants, et chacun de ces symboles a son paiement. Le jeu a \u00e9galement un symbole joker qui peut remplacer n&rsquo;importe quel autre personnage pour cr\u00e9er plus de combinaisons gagnantes. Le symbole sauvage a \u00e9galement une fonction bonus suppl\u00e9mentaire qui est activ\u00e9e lorsqu&rsquo;il appara\u00eet sur les rouleaux 2, 3 et 4. Lorsque cela se produit, le symbole sauvage s&rsquo;\u00e9tend pour couvrir tout le rouleau et vous donne encore plus de chances de gagner.<\/p>\n<h3>Quelles sont les meilleures strat\u00e9gies pour gagner \u00e0 Wolf Night ?<\/h3>\n<p>L&rsquo;une des meilleures strat\u00e9gies que vous pouvez utiliser lorsque vous jouez \u00e0 Wolf Night est de profiter des fonctionnalit\u00e9s bonus. Comme nous l&rsquo;avons mentionn\u00e9 pr\u00e9c\u00e9demment, le jeu dispose d&rsquo;un tour de bonus qui se d\u00e9clenche lorsque trois symboles bonus apparaissent sur les rouleaux en m\u00eame temps. Au cours de ce tour de bonus, vous obtiendrez dix tours gratuits, et tous les symboles joker qui apparaissent sur les rouleaux restent en place pendant toute la dur\u00e9e du bonus. Cela signifie que vous avez de bien meilleures chances de gagner \u00e0 chaque tour, il est donc important de profiter de ce tour de bonus chaque fois qu&rsquo;il appara\u00eet.<\/p>\n<h2>Conclusion<\/h2>\n<p>Wolf Night est un jeu de machine \u00e0 sous passionnant Wolf Night avec de superbes graphismes et un th\u00e8me am\u00e9rindien. Le jeu poss\u00e8de de nombreuses fonctionnalit\u00e9s telles qu&rsquo;un symbole joker et un tour de bonus de tours gratuits. La gamme de paris et le RTP sont \u00e9galement corrects, ce qui rend ce jeu id\u00e9al pour les fans de paris \u00e0 enjeux faibles et \u00e9lev\u00e9s. Si vous recherchez une machine \u00e0 sous en ligne passionnante, Wolf Night vaut vraiment la peine d&rsquo;\u00eatre essay\u00e9.<\/p>\n","protected":false},"excerpt":{"rendered":"<p>Introduction Wolf Night est une machine \u00e0 sous \u00e0 5 rouleaux d\u00e9velopp\u00e9e par High 5 Games. Cette machine \u00e0 sous [&hellip;]<\/p>\n","protected":false},"author":1,"featured_media":0,"parent":0,"menu_order":0,"comment_status":"closed","ping_status":"closed","template":"","meta":{"footnotes":""},"class_list":["post-1152","page","type-page","status-publish","hentry"],"acf":[],"yoast_head":"<!-- This site is optimized with the Yoast SEO plugin v17.9 - https:\/\/yoast.com\/wordpress\/plugins\/seo\/ -->\n<title>Test de Wolf Night - Jeu gratuit en mode d\u00e9mo - 2023<\/title>\n<meta name=\"description\" content=\"Machine \u00e0 sous Wolf Night \u2705 Notes des vrais joueurs, mode de jeu gratuit, captures d&#039;\u00e9cran gagnantes, codes bonus \u2705 Essayez la machine \u00e0 sous Wolf Night\" \/>\n<meta name=\"robots\" content=\"index, follow, max-snippet:-1, max-image-preview:large, max-video-preview:-1\" \/>\n<link rel=\"canonical\" href=\"https:\/\/mrgreencasinos.com\/fr\/wolf-night\/\" \/>\n<meta property=\"og:type\" content=\"article\" \/>\n<meta property=\"og:title\" content=\"Test de Wolf Night - Jeu gratuit en mode d\u00e9mo - 2023\" \/>\n<meta property=\"og:description\" content=\"Machine \u00e0 sous Wolf Night \u2705 Notes des vrais joueurs, mode de jeu gratuit, captures d&#039;\u00e9cran gagnantes, codes bonus \u2705 Essayez la machine \u00e0 sous Wolf Night\" \/>\n<meta property=\"og:url\" content=\"https:\/\/mrgreencasinos.com\/fr\/wolf-night\/\" \/>\n<meta property=\"og:site_name\" content=\"Casino MR Green\" \/>\n<meta property=\"article:modified_time\" content=\"2023-04-28T16:20:32+00:00\" \/>\n<meta property=\"og:image\" content=\"https:\/\/mrgreencasinos.com\/wp-content\/uploads\/2023\/04\/Wolf-Night-review.jpg\" \/>\n<meta name=\"twitter:card\" content=\"summary_large_image\" \/>\n<meta name=\"twitter:label1\" content=\"Dur\u00e9e de lecture estim\u00e9e\" \/>\n\t<meta name=\"twitter:data1\" content=\"5 minutes\" \/>\n<script type=\"application\/ld+json\" class=\"yoast-schema-graph\">{\"@context\":\"https:\/\/schema.org\",\"@graph\":[{\"@type\":\"WebSite\",\"@id\":\"https:\/\/mrgreencasinos.com\/#website\",\"url\":\"https:\/\/mrgreencasinos.com\/\",\"name\":\"Casino MR Green\",\"description\":\"\",\"potentialAction\":[{\"@type\":\"SearchAction\",\"target\":{\"@type\":\"EntryPoint\",\"urlTemplate\":\"https:\/\/mrgreencasinos.com\/?s={search_term_string}\"},\"query-input\":\"required name=search_term_string\"}],\"inLanguage\":\"fr-FR\"},{\"@type\":\"ImageObject\",\"@id\":\"https:\/\/mrgreencasinos.com\/fr\/wolf-night\/#primaryimage\",\"inLanguage\":\"fr-FR\",\"url\":\"https:\/\/mrgreencasinos.com\/wp-content\/uploads\/2023\/04\/Wolf-Night-review.jpg\",\"contentUrl\":\"https:\/\/mrgreencasinos.com\/wp-content\/uploads\/2023\/04\/Wolf-Night-review.jpg\",\"width\":1280,\"height\":720,\"caption\":\"Wolf Night review\"},{\"@type\":\"WebPage\",\"@id\":\"https:\/\/mrgreencasinos.com\/fr\/wolf-night\/#webpage\",\"url\":\"https:\/\/mrgreencasinos.com\/fr\/wolf-night\/\",\"name\":\"Test de Wolf Night - Jeu gratuit en mode d\\u00e9mo - 2023\",\"isPartOf\":{\"@id\":\"https:\/\/mrgreencasinos.com\/#website\"},\"primaryImageOfPage\":{\"@id\":\"https:\/\/mrgreencasinos.com\/fr\/wolf-night\/#primaryimage\"},\"datePublished\":\"2023-04-28T16:02:19+00:00\",\"dateModified\":\"2023-04-28T16:20:32+00:00\",\"description\":\"Machine \\u00e0 sous Wolf Night \\u2705 Notes des vrais joueurs, mode de jeu gratuit, captures d'\\u00e9cran gagnantes, codes bonus \\u2705 Essayez la machine \\u00e0 sous Wolf Night\",\"breadcrumb\":{\"@id\":\"https:\/\/mrgreencasinos.com\/fr\/wolf-night\/#breadcrumb\"},\"inLanguage\":\"fr-FR\",\"potentialAction\":[{\"@type\":\"ReadAction\",\"target\":[\"https:\/\/mrgreencasinos.com\/fr\/wolf-night\/\"]}]},{\"@type\":\"BreadcrumbList\",\"@id\":\"https:\/\/mrgreencasinos.com\/fr\/wolf-night\/#breadcrumb\",\"itemListElement\":[{\"@type\":\"ListItem\",\"position\":1,\"name\":\"Home\",\"item\":\"https:\/\/mrgreencasinos.com\/fr\/review-of-the-official-mr-green-website\/\"},{\"@type\":\"ListItem\",\"position\":2,\"name\":\"Un aper\\u00e7u complet de la machine \\u00e0 sous Wolf&#8217;s Night\"}]}]}<\/script>\n<!-- \/ Yoast SEO plugin. -->","yoast_head_json":{"title":"Test de Wolf Night - Jeu gratuit en mode d\u00e9mo - 2023","description":"Machine \u00e0 sous Wolf Night \u2705 Notes des vrais joueurs, mode de jeu gratuit, captures d'\u00e9cran gagnantes, codes bonus \u2705 Essayez la machine \u00e0 sous Wolf Night","robots":{"index":"index","follow":"follow","max-snippet":"max-snippet:-1","max-image-preview":"max-image-preview:large","max-video-preview":"max-video-preview:-1"},"canonical":"https:\/\/mrgreencasinos.com\/fr\/wolf-night\/","og_type":"article","og_title":"Test de Wolf Night - Jeu gratuit en mode d\u00e9mo - 2023","og_description":"Machine \u00e0 sous Wolf Night \u2705 Notes des vrais joueurs, mode de jeu gratuit, captures d'\u00e9cran gagnantes, codes bonus \u2705 Essayez la machine \u00e0 sous Wolf Night","og_url":"https:\/\/mrgreencasinos.com\/fr\/wolf-night\/","og_site_name":"Casino MR Green","article_modified_time":"2023-04-28T16:20:32+00:00","og_image":[{"url":"https:\/\/mrgreencasinos.com\/wp-content\/uploads\/2023\/04\/Wolf-Night-review.jpg"}],"twitter_card":"summary_large_image","twitter_misc":{"Dur\u00e9e de lecture estim\u00e9e":"5 minutes"},"schema":{"@context":"https:\/\/schema.org","@graph":[{"@type":"WebSite","@id":"https:\/\/mrgreencasinos.com\/#website","url":"https:\/\/mrgreencasinos.com\/","name":"Casino MR Green","description":"","potentialAction":[{"@type":"SearchAction","target":{"@type":"EntryPoint","urlTemplate":"https:\/\/mrgreencasinos.com\/?s={search_term_string}"},"query-input":"required name=search_term_string"}],"inLanguage":"fr-FR"},{"@type":"ImageObject","@id":"https:\/\/mrgreencasinos.com\/fr\/wolf-night\/#primaryimage","inLanguage":"fr-FR","url":"https:\/\/mrgreencasinos.com\/wp-content\/uploads\/2023\/04\/Wolf-Night-review.jpg","contentUrl":"https:\/\/mrgreencasinos.com\/wp-content\/uploads\/2023\/04\/Wolf-Night-review.jpg","width":1280,"height":720,"caption":"Wolf Night review"},{"@type":"WebPage","@id":"https:\/\/mrgreencasinos.com\/fr\/wolf-night\/#webpage","url":"https:\/\/mrgreencasinos.com\/fr\/wolf-night\/","name":"Test de Wolf Night - Jeu gratuit en mode d\u00e9mo - 2023","isPartOf":{"@id":"https:\/\/mrgreencasinos.com\/#website"},"primaryImageOfPage":{"@id":"https:\/\/mrgreencasinos.com\/fr\/wolf-night\/#primaryimage"},"datePublished":"2023-04-28T16:02:19+00:00","dateModified":"2023-04-28T16:20:32+00:00","description":"Machine \u00e0 sous Wolf Night \u2705 Notes des vrais joueurs, mode de jeu gratuit, captures d'\u00e9cran gagnantes, codes bonus \u2705 Essayez la machine \u00e0 sous Wolf Night","breadcrumb":{"@id":"https:\/\/mrgreencasinos.com\/fr\/wolf-night\/#breadcrumb"},"inLanguage":"fr-FR","potentialAction":[{"@type":"ReadAction","target":["https:\/\/mrgreencasinos.com\/fr\/wolf-night\/"]}]},{"@type":"BreadcrumbList","@id":"https:\/\/mrgreencasinos.com\/fr\/wolf-night\/#breadcrumb","itemListElement":[{"@type":"ListItem","position":1,"name":"Home","item":"https:\/\/mrgreencasinos.com\/fr\/review-of-the-official-mr-green-website\/"},{"@type":"ListItem","position":2,"name":"Un aper\u00e7u complet de la machine \u00e0 sous Wolf&#8217;s Night"}]}]}},"_links":{"self":[{"href":"https:\/\/mrgreencasinos.com\/fr\/wp-json\/wp\/v2\/pages\/1152","targetHints":{"allow":["GET"]}}],"collection":[{"href":"https:\/\/mrgreencasinos.com\/fr\/wp-json\/wp\/v2\/pages"}],"about":[{"href":"https:\/\/mrgreencasinos.com\/fr\/wp-json\/wp\/v2\/types\/page"}],"author":[{"embeddable":true,"href":"https:\/\/mrgreencasinos.com\/fr\/wp-json\/wp\/v2\/users\/1"}],"replies":[{"embeddable":true,"href":"https:\/\/mrgreencasinos.com\/fr\/wp-json\/wp\/v2\/comments?post=1152"}],"version-history":[{"count":2,"href":"https:\/\/mrgreencasinos.com\/fr\/wp-json\/wp\/v2\/pages\/1152\/revisions"}],"predecessor-version":[{"id":1154,"href":"https:\/\/mrgreencasinos.com\/fr\/wp-json\/wp\/v2\/pages\/1152\/revisions\/1154"}],"wp:attachment":[{"href":"https:\/\/mrgreencasinos.com\/fr\/wp-json\/wp\/v2\/media?parent=1152"}],"curies":[{"name":"wp","href":"https:\/\/api.w.org\/{rel}","templated":true}]}}