{"id":1156,"date":"2023-04-28T16:07:30","date_gmt":"2023-04-28T16:07:30","guid":{"rendered":"https:\/\/mrgreencasinos.com\/3-kings\/"},"modified":"2023-05-02T08:42:11","modified_gmt":"2023-05-02T08:42:11","slug":"3-kings","status":"publish","type":"page","link":"https:\/\/mrgreencasinos.com\/fr\/3-kings\/","title":{"rendered":"Une vue d&rsquo;ensemble compl\u00e8te sur 3 Kings"},"content":{"rendered":"<h2>Introduction<\/h2>\n<p>Three Kings est une machine \u00e0 sous en ligne publi\u00e9e par Playtech. C&rsquo;est un jeu \u00e0 th\u00e8me asiatique avec un tour de bonus passionnant, des tours gratuits et un symbole wild. Les graphismes et les effets sonores sont de premier ordre, et le gameplay est passionnant et gratifiant. Dans cet article, nous fournirons un cr\u00e9neau de r\u00e9vision complet de 3 Kings, avec un aper\u00e7u d\u00e9taill\u00e9 des fonctionnalit\u00e9s du jeu, des paiements et du gameplay g\u00e9n\u00e9ral.<\/p>\n<div class=\"t-go\"><a href=\"\/go-casino\/?brand=mrgreen\">BONUS DE R\u00c9CLAMATION<\/a><\/div>\n<h2>Caract\u00e9ristiques de jeu<\/h2>\n<p><img loading=\"lazy\" decoding=\"async\" class=\"aligncenter wp-image-1146\" src=\"https:\/\/mrgreencasinos.com\/wp-content\/uploads\/2023\/04\/3-Kings-review.jpg\" alt=\"3 Kings examen\" width=\"800\" height=\"500\" srcset=\"https:\/\/mrgreencasinos.com\/wp-content\/uploads\/2023\/04\/3-Kings-review.jpg 838w, https:\/\/mrgreencasinos.com\/wp-content\/uploads\/2023\/04\/3-Kings-review-300x188.jpg 300w, https:\/\/mrgreencasinos.com\/wp-content\/uploads\/2023\/04\/3-Kings-review-768x480.jpg 768w, https:\/\/mrgreencasinos.com\/wp-content\/uploads\/2023\/04\/3-Kings-review-720x450.jpg 720w\" sizes=\"auto, (max-width: 800px) 100vw, 800px\" \/><\/p>\n<p>3 Kings a cinq rouleaux et 20 lignes de paiement, et la mise minimale est de 0,20 pi\u00e8ces. Le jeu a un th\u00e8me chinois et les symboles incluent 3 rois, un dragon, un tigre, un temple, un \u00e9ventail, un pot de pi\u00e8ces et des cartes \u00e0 jouer de 9 \u00e0 Ace. Le symbole 3 Kings Igtech est le joker et peut remplacer tous les autres symboles sauf le scatter. Le symbole scatter est le temple, et si trois de ces symboles ou plus apparaissent sur les rouleaux, vous serez r\u00e9compens\u00e9 par 10 tours gratuits. Pendant les tours gratuits, tous les gains sont doubl\u00e9s et vous pouvez gagner des tours gratuits suppl\u00e9mentaires. Enfin, il existe un jeu bonus qui se d\u00e9clenche lorsque trois symboles bonus ou plus apparaissent sur les rouleaux.<\/p>\n<h2>Paiements et tour de bonus<\/h2>\n<p>L&rsquo;argent r\u00e9el des 3 rois a un RTP (retour au joueur) de 96,15 %. Les gains maximum sont jusqu&rsquo;\u00e0 1 000 fois votre mise, que vous pouvez obtenir si cinq symboles joker apparaissent sur les rouleaux. Le jeu bonus est l&rsquo;endroit o\u00f9 vous pouvez vraiment gagner gros, car vos gains peuvent \u00eatre augment\u00e9s jusqu&rsquo;\u00e0 100 fois votre mise. Pendant le jeu bonus, trois coffres vous seront pr\u00e9sent\u00e9s, chacun contenant des prix diff\u00e9rents. Vous pouvez s\u00e9lectionner l&rsquo;un des coffres pour d\u00e9bloquer un prix en argent al\u00e9atoire.<\/p>\n<h2>Graphiques et effets sonores<\/h2>\n<p>Les graphismes et les effets sonores de 3 Kings sont de premier ordre. Le jeu se d\u00e9roule dans un magnifique paysage chinois et tous les symboles sont magnifiquement dessin\u00e9s. La bande son est \u00e9galement tr\u00e8s appropri\u00e9e et vient compl\u00e9ter l&rsquo;ambiance du jeu.<\/p>\n<h2>Jeu global<\/h2>\n<p>Dans l&rsquo;ensemble, les machines \u00e0 sous en ligne 3 Kings sont un jeu de machine \u00e0 sous passionnant et gratifiant. Les graphismes et les effets sonores sont excellents, le gameplay est passionnant et les paiements sont d\u00e9cents. Le tour bonus est le v\u00e9ritable point fort du jeu, puisque vous pouvez gagner jusqu&rsquo;\u00e0 100 fois votre mise. C&rsquo;est d\u00e9finitivement un jeu qui vaut la peine d&rsquo;\u00eatre jou\u00e9.<\/p>\n<h2>Qu&rsquo;est-ce que RTP\u00a0?<\/h2>\n<p>Le RTP, ou Return to Player, est un pourcentage qui montre combien d&rsquo;argent mis\u00e9 dans le jeu est restitu\u00e9 aux joueurs sous forme de gains. Plus le RTP est \u00e9lev\u00e9, plus il est probable que les joueurs repartent avec des gains. La machine \u00e0 sous 3 Kings a un RTP de 96,1%, ce qui en fait un jeu extr\u00eamement rentable.<\/p>\n<h2>Qu&rsquo;est-ce que la volatilit\u00e9 ?<\/h2>\n<p><img loading=\"lazy\" decoding=\"async\" class=\"aligncenter wp-image-1148\" src=\"https:\/\/mrgreencasinos.com\/wp-content\/uploads\/2023\/04\/3-Kings-slot-review.jpg\" alt=\"3 Kings examen de la machine \u00e0 sous\" width=\"800\" height=\"502\" srcset=\"https:\/\/mrgreencasinos.com\/wp-content\/uploads\/2023\/04\/3-Kings-slot-review.jpg 1058w, https:\/\/mrgreencasinos.com\/wp-content\/uploads\/2023\/04\/3-Kings-slot-review-300x188.jpg 300w, https:\/\/mrgreencasinos.com\/wp-content\/uploads\/2023\/04\/3-Kings-slot-review-1024x643.jpg 1024w, https:\/\/mrgreencasinos.com\/wp-content\/uploads\/2023\/04\/3-Kings-slot-review-768x482.jpg 768w, https:\/\/mrgreencasinos.com\/wp-content\/uploads\/2023\/04\/3-Kings-slot-review-720x452.jpg 720w\" sizes=\"auto, (max-width: 800px) 100vw, 800px\" \/><\/p>\n<p>La volatilit\u00e9, \u00e9galement connue sous le nom de variance, est une mesure de la fr\u00e9quence et du montant des gains d&rsquo;une machine \u00e0 sous 3 Kings. Les endroits \u00e0 forte volatilit\u00e9 ont tendance \u00e0 payer de grosses sommes d&rsquo;argent moins fr\u00e9quemment, tandis que les machines \u00e0 sous \u00e0 faible volatilit\u00e9 paient plus g\u00e9n\u00e9ralement de petites sommes. La machine \u00e0 sous 3 Kings a une volatilit\u00e9 \u00e9lev\u00e9e, ce qui signifie que les joueurs devront attendre des paiements plus importants, mais ils auront toujours de nombreuses chances de gagner aller-retour.<\/p>\n<div class=\"t-go\"><a href=\"\/go-casino\/?brand=mrgreen\">BONUS DE R\u00c9CLAMATION<\/a><\/div>\n<h2>FAQ<\/h2>\n<h3>Quelles sont les r\u00e8gles de base du jeu 3 Kings ?<\/h3>\n<p>Les r\u00e8gles de base du jeu 3 Kings Australia sont simples. Le jeu commence avec les joueurs pla\u00e7ant des paris et faisant tourner les rouleaux. Si un joueur parvient \u00e0 d\u00e9crocher trois symboles identiques ou plus sur l&rsquo;une des lignes de paiement actives, il re\u00e7oit un paiement. Les gains augmentent avec le nombre de symboles correspondants. Le jeu propose \u00e9galement des symboles joker qui peuvent remplacer n&rsquo;importe quel autre symbole et aider \u00e0 cr\u00e9er des combinaisons gagnantes.<\/p>\n<h3>Quelles sont les caract\u00e9ristiques du jeu 3 Kings ?<\/h3>\n<p>En plus des symboles r\u00e9guliers, 3 Kings a \u00e9galement de nombreux symboles sp\u00e9ciaux. Ces symboles ont des effets sp\u00e9ciaux, tels que le d\u00e9clenchement de jeux bonus, la multiplication des gains ou l&rsquo;attribution de tours gratuits 3 Kings. Le symbole wild, par exemple, peut se substituer \u00e0 n&rsquo;importe quel autre symbole pour cr\u00e9er des combinaisons gagnantes. Le symbole scatter, en revanche, peut d\u00e9clencher des tours gratuits si trois symboles ou plus apparaissent sur les rouleaux.<\/p>\n<h2>Conclusion<\/h2>\n<p>3 Kings est une machine \u00e0 sous passionnante et rentable de Playtech. Il pr\u00e9sente de superbes graphismes et effets sonores, un gameplay passionnant et des paiements d\u00e9cents. Le tour de bonus est le point culminant du jeu 3 Kings, et vous pouvez gagner jusqu&rsquo;\u00e0 100 fois votre mise. Si vous recherchez une machine \u00e0 sous en ligne passionnante, alors 3 Kings vaut vraiment le d\u00e9tour.<\/p>\n","protected":false},"excerpt":{"rendered":"<p>Introduction Three Kings est une machine \u00e0 sous en ligne publi\u00e9e par Playtech. C&rsquo;est un jeu \u00e0 th\u00e8me asiatique avec [&hellip;]<\/p>\n","protected":false},"author":1,"featured_media":0,"parent":0,"menu_order":0,"comment_status":"closed","ping_status":"closed","template":"","meta":{"footnotes":""},"class_list":["post-1156","page","type-page","status-publish","hentry"],"acf":[],"yoast_head":"<!-- This site is optimized with the Yoast SEO plugin v17.9 - https:\/\/yoast.com\/wordpress\/plugins\/seo\/ -->\n<title>Revue des 3 rois Machine \u00e0 sous (2023) | RTP - mrgreencasinos.com<\/title>\n<meta name=\"description\" content=\"Machine \u00e0 sous 3 Kings \u2705 Notes des vrais joueurs, mode de jeu gratuit, captures d&#039;\u00e9cran gagnantes, codes bonus \u2705 Essayez la machine \u00e0 sous 3 Kings\" \/>\n<meta name=\"robots\" content=\"index, follow, max-snippet:-1, max-image-preview:large, max-video-preview:-1\" \/>\n<link rel=\"canonical\" href=\"https:\/\/mrgreencasinos.com\/fr\/3-kings\/\" \/>\n<meta property=\"og:type\" content=\"article\" \/>\n<meta property=\"og:title\" content=\"Revue des 3 rois Machine \u00e0 sous (2023) | RTP - mrgreencasinos.com\" \/>\n<meta property=\"og:description\" content=\"Machine \u00e0 sous 3 Kings \u2705 Notes des vrais joueurs, mode de jeu gratuit, captures d&#039;\u00e9cran gagnantes, codes bonus \u2705 Essayez la machine \u00e0 sous 3 Kings\" \/>\n<meta property=\"og:url\" content=\"https:\/\/mrgreencasinos.com\/fr\/3-kings\/\" \/>\n<meta property=\"og:site_name\" content=\"Casino MR Green\" \/>\n<meta property=\"article:modified_time\" content=\"2023-05-02T08:42:11+00:00\" \/>\n<meta property=\"og:image\" content=\"https:\/\/mrgreencasinos.com\/wp-content\/uploads\/2023\/04\/3-Kings-review.jpg\" \/>\n<meta name=\"twitter:card\" content=\"summary_large_image\" \/>\n<meta name=\"twitter:label1\" content=\"Dur\u00e9e de lecture estim\u00e9e\" \/>\n\t<meta name=\"twitter:data1\" content=\"4 minutes\" \/>\n<script type=\"application\/ld+json\" class=\"yoast-schema-graph\">{\"@context\":\"https:\/\/schema.org\",\"@graph\":[{\"@type\":\"WebSite\",\"@id\":\"https:\/\/mrgreencasinos.com\/#website\",\"url\":\"https:\/\/mrgreencasinos.com\/\",\"name\":\"Casino MR Green\",\"description\":\"\",\"potentialAction\":[{\"@type\":\"SearchAction\",\"target\":{\"@type\":\"EntryPoint\",\"urlTemplate\":\"https:\/\/mrgreencasinos.com\/?s={search_term_string}\"},\"query-input\":\"required name=search_term_string\"}],\"inLanguage\":\"fr-FR\"},{\"@type\":\"ImageObject\",\"@id\":\"https:\/\/mrgreencasinos.com\/fr\/3-kings\/#primaryimage\",\"inLanguage\":\"fr-FR\",\"url\":\"https:\/\/mrgreencasinos.com\/wp-content\/uploads\/2023\/04\/3-Kings-review.jpg\",\"contentUrl\":\"https:\/\/mrgreencasinos.com\/wp-content\/uploads\/2023\/04\/3-Kings-review.jpg\",\"width\":838,\"height\":524,\"caption\":\"3 Kings review\"},{\"@type\":\"WebPage\",\"@id\":\"https:\/\/mrgreencasinos.com\/fr\/3-kings\/#webpage\",\"url\":\"https:\/\/mrgreencasinos.com\/fr\/3-kings\/\",\"name\":\"Revue des 3 rois Machine \\u00e0 sous (2023) | RTP - mrgreencasinos.com\",\"isPartOf\":{\"@id\":\"https:\/\/mrgreencasinos.com\/#website\"},\"primaryImageOfPage\":{\"@id\":\"https:\/\/mrgreencasinos.com\/fr\/3-kings\/#primaryimage\"},\"datePublished\":\"2023-04-28T16:07:30+00:00\",\"dateModified\":\"2023-05-02T08:42:11+00:00\",\"description\":\"Machine \\u00e0 sous 3 Kings \\u2705 Notes des vrais joueurs, mode de jeu gratuit, captures d'\\u00e9cran gagnantes, codes bonus \\u2705 Essayez la machine \\u00e0 sous 3 Kings\",\"breadcrumb\":{\"@id\":\"https:\/\/mrgreencasinos.com\/fr\/3-kings\/#breadcrumb\"},\"inLanguage\":\"fr-FR\",\"potentialAction\":[{\"@type\":\"ReadAction\",\"target\":[\"https:\/\/mrgreencasinos.com\/fr\/3-kings\/\"]}]},{\"@type\":\"BreadcrumbList\",\"@id\":\"https:\/\/mrgreencasinos.com\/fr\/3-kings\/#breadcrumb\",\"itemListElement\":[{\"@type\":\"ListItem\",\"position\":1,\"name\":\"Home\",\"item\":\"https:\/\/mrgreencasinos.com\/fr\/review-of-the-official-mr-green-website\/\"},{\"@type\":\"ListItem\",\"position\":2,\"name\":\"Une vue d&#8217;ensemble compl\\u00e8te sur 3 Kings\"}]}]}<\/script>\n<!-- \/ Yoast SEO plugin. -->","yoast_head_json":{"title":"Revue des 3 rois Machine \u00e0 sous (2023) | RTP - mrgreencasinos.com","description":"Machine \u00e0 sous 3 Kings \u2705 Notes des vrais joueurs, mode de jeu gratuit, captures d'\u00e9cran gagnantes, codes bonus \u2705 Essayez la machine \u00e0 sous 3 Kings","robots":{"index":"index","follow":"follow","max-snippet":"max-snippet:-1","max-image-preview":"max-image-preview:large","max-video-preview":"max-video-preview:-1"},"canonical":"https:\/\/mrgreencasinos.com\/fr\/3-kings\/","og_type":"article","og_title":"Revue des 3 rois Machine \u00e0 sous (2023) | RTP - mrgreencasinos.com","og_description":"Machine \u00e0 sous 3 Kings \u2705 Notes des vrais joueurs, mode de jeu gratuit, captures d'\u00e9cran gagnantes, codes bonus \u2705 Essayez la machine \u00e0 sous 3 Kings","og_url":"https:\/\/mrgreencasinos.com\/fr\/3-kings\/","og_site_name":"Casino MR Green","article_modified_time":"2023-05-02T08:42:11+00:00","og_image":[{"url":"https:\/\/mrgreencasinos.com\/wp-content\/uploads\/2023\/04\/3-Kings-review.jpg"}],"twitter_card":"summary_large_image","twitter_misc":{"Dur\u00e9e de lecture estim\u00e9e":"4 minutes"},"schema":{"@context":"https:\/\/schema.org","@graph":[{"@type":"WebSite","@id":"https:\/\/mrgreencasinos.com\/#website","url":"https:\/\/mrgreencasinos.com\/","name":"Casino MR Green","description":"","potentialAction":[{"@type":"SearchAction","target":{"@type":"EntryPoint","urlTemplate":"https:\/\/mrgreencasinos.com\/?s={search_term_string}"},"query-input":"required name=search_term_string"}],"inLanguage":"fr-FR"},{"@type":"ImageObject","@id":"https:\/\/mrgreencasinos.com\/fr\/3-kings\/#primaryimage","inLanguage":"fr-FR","url":"https:\/\/mrgreencasinos.com\/wp-content\/uploads\/2023\/04\/3-Kings-review.jpg","contentUrl":"https:\/\/mrgreencasinos.com\/wp-content\/uploads\/2023\/04\/3-Kings-review.jpg","width":838,"height":524,"caption":"3 Kings review"},{"@type":"WebPage","@id":"https:\/\/mrgreencasinos.com\/fr\/3-kings\/#webpage","url":"https:\/\/mrgreencasinos.com\/fr\/3-kings\/","name":"Revue des 3 rois Machine \u00e0 sous (2023) | RTP - mrgreencasinos.com","isPartOf":{"@id":"https:\/\/mrgreencasinos.com\/#website"},"primaryImageOfPage":{"@id":"https:\/\/mrgreencasinos.com\/fr\/3-kings\/#primaryimage"},"datePublished":"2023-04-28T16:07:30+00:00","dateModified":"2023-05-02T08:42:11+00:00","description":"Machine \u00e0 sous 3 Kings \u2705 Notes des vrais joueurs, mode de jeu gratuit, captures d'\u00e9cran gagnantes, codes bonus \u2705 Essayez la machine \u00e0 sous 3 Kings","breadcrumb":{"@id":"https:\/\/mrgreencasinos.com\/fr\/3-kings\/#breadcrumb"},"inLanguage":"fr-FR","potentialAction":[{"@type":"ReadAction","target":["https:\/\/mrgreencasinos.com\/fr\/3-kings\/"]}]},{"@type":"BreadcrumbList","@id":"https:\/\/mrgreencasinos.com\/fr\/3-kings\/#breadcrumb","itemListElement":[{"@type":"ListItem","position":1,"name":"Home","item":"https:\/\/mrgreencasinos.com\/fr\/review-of-the-official-mr-green-website\/"},{"@type":"ListItem","position":2,"name":"Une vue d&#8217;ensemble compl\u00e8te sur 3 Kings"}]}]}},"_links":{"self":[{"href":"https:\/\/mrgreencasinos.com\/fr\/wp-json\/wp\/v2\/pages\/1156","targetHints":{"allow":["GET"]}}],"collection":[{"href":"https:\/\/mrgreencasinos.com\/fr\/wp-json\/wp\/v2\/pages"}],"about":[{"href":"https:\/\/mrgreencasinos.com\/fr\/wp-json\/wp\/v2\/types\/page"}],"author":[{"embeddable":true,"href":"https:\/\/mrgreencasinos.com\/fr\/wp-json\/wp\/v2\/users\/1"}],"replies":[{"embeddable":true,"href":"https:\/\/mrgreencasinos.com\/fr\/wp-json\/wp\/v2\/comments?post=1156"}],"version-history":[{"count":2,"href":"https:\/\/mrgreencasinos.com\/fr\/wp-json\/wp\/v2\/pages\/1156\/revisions"}],"predecessor-version":[{"id":1157,"href":"https:\/\/mrgreencasinos.com\/fr\/wp-json\/wp\/v2\/pages\/1156\/revisions\/1157"}],"wp:attachment":[{"href":"https:\/\/mrgreencasinos.com\/fr\/wp-json\/wp\/v2\/media?parent=1156"}],"curies":[{"name":"wp","href":"https:\/\/api.w.org\/{rel}","templated":true}]}}