{"id":1174,"date":"2023-04-29T07:33:41","date_gmt":"2023-04-29T07:33:41","guid":{"rendered":"https:\/\/mrgreencasinos.com\/wolf-power-megaways\/"},"modified":"2023-05-02T08:44:16","modified_gmt":"2023-05-02T08:44:16","slug":"wolf-power-megaways","status":"publish","type":"page","link":"https:\/\/mrgreencasinos.com\/fr\/wolf-power-megaways\/","title":{"rendered":"Wolf Power Megaways Revue des machines \u00e0 sous : Lib\u00e9rez les gains sauvages"},"content":{"rendered":"<p>La machine \u00e0 sous Wolf Power Megaways est une nouvelle machine \u00e0 sous passionnante de Red Tiger Gaming qui vous emm\u00e8nera dans une folle aventure d&rsquo;aventure et de gros gains. Gr\u00e2ce \u00e0 la fonction innovante Megaways, cette machine \u00e0 sous offre jusqu&rsquo;\u00e0 117 649 fa\u00e7ons de gagner et m\u00eame un jackpot g\u00e9n\u00e9reux avec un prix de 10 000 fois votre mise. Si vous recherchez une machine \u00e0 sous passionnante, alors les machines \u00e0 sous en ligne Wolf Power Megaways sont le jeu parfait pour vous.<\/p>\n<div class=\"t-go\"><a href=\"\/go-casino\/?brand=mrgreen\">BONUS DE R\u00c9CLAMATION<\/a><\/div>\n<h2>Pr\u00e9sentation de Wolf Power Megaways<\/h2>\n<p><img loading=\"lazy\" decoding=\"async\" class=\"aligncenter wp-image-1162\" src=\"https:\/\/mrgreencasinos.com\/wp-content\/uploads\/2023\/04\/Wolf-Power-Megaways-review.jpg\" alt=\"Wolf Power Megaways examen\" width=\"800\" height=\"454\" srcset=\"https:\/\/mrgreencasinos.com\/wp-content\/uploads\/2023\/04\/Wolf-Power-Megaways-review.jpg 1267w, https:\/\/mrgreencasinos.com\/wp-content\/uploads\/2023\/04\/Wolf-Power-Megaways-review-300x170.jpg 300w, https:\/\/mrgreencasinos.com\/wp-content\/uploads\/2023\/04\/Wolf-Power-Megaways-review-1024x581.jpg 1024w, https:\/\/mrgreencasinos.com\/wp-content\/uploads\/2023\/04\/Wolf-Power-Megaways-review-768x436.jpg 768w, https:\/\/mrgreencasinos.com\/wp-content\/uploads\/2023\/04\/Wolf-Power-Megaways-review-720x409.jpg 720w\" sizes=\"auto, (max-width: 800px) 100vw, 800px\" \/><\/p>\n<p>L&rsquo;argent r\u00e9el Wolf Power Megaways est une machine \u00e0 sous \u00e0 6 rouleaux avec la fonction innovante Megaways. Cela signifie que le nombre de symboles sur chaque rouleau change d&rsquo;un tour \u00e0 l&rsquo;autre, cr\u00e9ant jusqu&rsquo;\u00e0 117 649 fa\u00e7ons de gagner. Le jeu offre \u00e9galement de nombreuses fonctionnalit\u00e9s bonus g\u00e9n\u00e9reuses, notamment des tours gratuits et des multiplicateurs. Le jeu a un th\u00e8me classique, avec des loups et d&rsquo;autres symboles sur le th\u00e8me de la faune. Les graphismes sont assez basiques, mais le design simple est assez efficace. Le son et la musique sont \u00e9galement assez atmosph\u00e9riques et contribuent \u00e0 cr\u00e9er une exp\u00e9rience de jeu attrayante.<\/p>\n<h2>Paris et prix<\/h2>\n<p>En ce qui concerne les paris, la machine \u00e0 sous Wolf Power Megaways Australia propose un large \u00e9ventail d&rsquo;options de paris. Les joueurs peuvent parier de 0,10 \u00e0 10 pi\u00e8ces par tour. Cela rend la machine \u00e0 sous id\u00e9ale pour les gros joueurs et les joueurs avec un budget limit\u00e9. Wolf Power Megaways est un jeu \u00e0 volatilit\u00e9 moyenne, ce qui signifie que vous pouvez vous attendre \u00e0 gagner assez souvent. Le premier prix est de 10 000 fois votre mise, donc si vous avez la chance de d\u00e9crocher ce prix, vous pourriez recevoir de g\u00e9n\u00e9reux bonus.<\/p>\n<h2>Fonctionnalit\u00e9s bonus<\/h2>\n<p>La machine \u00e0 sous Wolf Power Megaways regorge de bonus passionnants qui peuvent vous aider \u00e0 accumuler d&rsquo;\u00e9normes gains. Premi\u00e8rement, il y a le symbole Wild, qui est le logo du jeu. Ce symbole remplace tous les autres personnages du jeu pour vous aider \u00e0 faire plus de combinaisons gagnantes.<\/p>\n<p>Le jeu propose \u00e9galement une fonction de tours gratuits. Pour d\u00e9clencher cette fonctionnalit\u00e9, vous devez lancer au moins quatre symboles scatter. Lorsque cela se produit, vous obtiendrez dix tours gratuits Wolf Power Megaways. Au cours de ce tour, vous pouvez d\u00e9clencher un multiplicateur illimit\u00e9. Ce multiplicateur augmente de 1x chaque fois que vous obtenez une victoire.Wolf Power Megaways Playson est une machine \u00e0 sous en ligne qui est devenue populaire parmi les joueurs en raison de son RTP \u00e9lev\u00e9 et de sa volatilit\u00e9. Ce jeu offre aux joueurs la chance de gagner de gros gains en faisant tourner les rouleaux sur une grille 6\u00d77. D\u00e9velopp\u00e9 par iSoftBet, ce jeu a \u00e9t\u00e9 cr\u00e9\u00e9 pour offrir un maximum de divertissement et le potentiel de gros gains. Dans cet article, nous discuterons du RTP et de la volatilit\u00e9 de la machine \u00e0 sous Wolf Power Megaways, de quelques listes, citations et statistiques.<\/p>\n<h2>Comprendre le RTP et la volatilit\u00e9 de la machine \u00e0 sous Wolf Power Megaways<\/h2>\n<p>Le retour au joueur (RTP) sur la machine \u00e0 sous Wolf Power Megaways est de 96,03 %, ce qui est assez \u00e9lev\u00e9 par rapport aux autres machines \u00e0 sous en ligne. Cela signifie que pour chaque pari de 100 \u00a3 sur la place, le joueur recevra 96,03 \u00a3 de gains. La volatilit\u00e9 de cette machine \u00e0 sous est \u00e9galement \u00e9lev\u00e9e, avec des gains maximum allant jusqu&rsquo;\u00e0 15 000 fois la mise. Cela signifie que les joueurs peuvent gagner de gros gains s&rsquo;ils ont de la chance.<\/p>\n<div class=\"t-go\"><a href=\"\/go-casino\/?brand=mrgreen\">BONUS DE R\u00c9CLAMATION<\/a><\/div>\n<h2>D\u00e9bloquez des victoires folles avec Wolf Power Megaways<\/h2>\n<p>La machine \u00e0 sous Wolf Power Megaways est un jeu amusant et gratifiant qui offre des prix incroyables. Gr\u00e2ce \u00e0 la fonction innovante Megaways, vous pouvez obtenir jusqu&rsquo;\u00e0 117 649 fa\u00e7ons de gagner, et le g\u00e9n\u00e9reux jackpot est de 10 000 fois votre mise. Si vous cherchez une machine \u00e0 sous passionnante, alors Wolf Power Megaways est le jeu parfait pour vous.<\/p>\n<h2><img loading=\"lazy\" decoding=\"async\" class=\"aligncenter wp-image-1164\" src=\"https:\/\/mrgreencasinos.com\/wp-content\/uploads\/2023\/04\/Wolf-Power-Megaways-slot-review.jpg\" alt=\"Wolf Power Megaways examen de la machine \u00e0 sous\" width=\"800\" height=\"450\" srcset=\"https:\/\/mrgreencasinos.com\/wp-content\/uploads\/2023\/04\/Wolf-Power-Megaways-slot-review.jpg 838w, https:\/\/mrgreencasinos.com\/wp-content\/uploads\/2023\/04\/Wolf-Power-Megaways-slot-review-300x169.jpg 300w, https:\/\/mrgreencasinos.com\/wp-content\/uploads\/2023\/04\/Wolf-Power-Megaways-slot-review-768x432.jpg 768w, https:\/\/mrgreencasinos.com\/wp-content\/uploads\/2023\/04\/Wolf-Power-Megaways-slot-review-720x405.jpg 720w\" sizes=\"auto, (max-width: 800px) 100vw, 800px\" \/><\/h2>\n<h2>FAQ<\/h2>\n<h3>Comment jouer \u00e0 la machine \u00e0 sous Wolf Power Megaways ?<\/h3>\n<p>La machine \u00e0 sous Wolf Power Megaways est facile \u00e0 jouer. Le jeu se joue sur 6 rouleaux avec 117 649 fa\u00e7ons de gagner. Les joueurs peuvent choisir leur taille de pari et faire tourner les rouleaux. Le jeu propose \u00e9galement des wilds, des scatters et des rouleaux en cascade.<\/p>\n<h3>Quelles sont les caract\u00e9ristiques de la machine \u00e0 sous Wolf Power Megaways ?<\/h3>\n<p>La machine \u00e0 sous Wolf Power Megaways propose un tour de bonus passionnant avec des tours gratuits, des wilds, des scatters et des rouleaux en cascade. Le jeu Wolf Power Megaways propose \u00e9galement des m\u00e9canismes Megaways innovants qui permettent aux joueurs de jouer d&rsquo;une nouvelle mani\u00e8re \u00e0 chaque fois.<\/p>\n<h3>Quel est le gain maximum dans la machine \u00e0 sous Wolf Power Megaways ?<\/h3>\n<p>Le gain maximum dans les machines \u00e0 sous Wolf Power Megaways est de 10 000x votre mise. Cela signifie que vous pouvez gagner jusqu&rsquo;\u00e0 10 000 fois votre mise si vous obtenez la bonne combinaison de symboles.<\/p>\n<h3>Quelle est la meilleure strat\u00e9gie pour la machine \u00e0 sous Wolf Power Megaways ?<\/h3>\n<p>La meilleure strat\u00e9gie pour la machine \u00e0 sous Wolf Power Megaways est de placer de petits paris et d&rsquo;augmenter progressivement la taille du pari. Cela vous aidera \u00e0 maximiser vos chances de gagner et \u00e0 minimiser vos pertes. Vous devez \u00e9galement vous fixer un budget et vous y tenir.<\/p>\n","protected":false},"excerpt":{"rendered":"<p>La machine \u00e0 sous Wolf Power Megaways est une nouvelle machine \u00e0 sous passionnante de Red Tiger Gaming qui vous [&hellip;]<\/p>\n","protected":false},"author":1,"featured_media":0,"parent":0,"menu_order":0,"comment_status":"closed","ping_status":"closed","template":"","meta":{"footnotes":""},"class_list":["post-1174","page","type-page","status-publish","hentry"],"acf":[],"yoast_head":"<!-- This site is optimized with the Yoast SEO plugin v17.9 - https:\/\/yoast.com\/wordpress\/plugins\/seo\/ -->\n<title>Machine \u00e0 sous Wolf Power Megaways (2023) | RTP - mrgreencasinos.com<\/title>\n<meta name=\"description\" content=\"Machine \u00e0 sous Wolf Power Megaways \u2705 Notes des vrais joueurs, mode de jeu gratuit, captures d&#039;\u00e9cran gagnantes, codes bonus \u2705 Essayez la machine \u00e0 sous Wolf Power Megaways\" \/>\n<meta name=\"robots\" content=\"index, follow, max-snippet:-1, max-image-preview:large, max-video-preview:-1\" \/>\n<link rel=\"canonical\" href=\"https:\/\/mrgreencasinos.com\/fr\/wolf-power-megaways\/\" \/>\n<meta property=\"og:type\" content=\"article\" \/>\n<meta property=\"og:title\" content=\"Machine \u00e0 sous Wolf Power Megaways (2023) | RTP - mrgreencasinos.com\" \/>\n<meta property=\"og:description\" content=\"Machine \u00e0 sous Wolf Power Megaways \u2705 Notes des vrais joueurs, mode de jeu gratuit, captures d&#039;\u00e9cran gagnantes, codes bonus \u2705 Essayez la machine \u00e0 sous Wolf Power Megaways\" \/>\n<meta property=\"og:url\" content=\"https:\/\/mrgreencasinos.com\/fr\/wolf-power-megaways\/\" \/>\n<meta property=\"og:site_name\" content=\"Casino MR Green\" \/>\n<meta property=\"article:modified_time\" content=\"2023-05-02T08:44:16+00:00\" \/>\n<meta property=\"og:image\" content=\"https:\/\/mrgreencasinos.com\/wp-content\/uploads\/2023\/04\/Wolf-Power-Megaways-review.jpg\" \/>\n<meta name=\"twitter:card\" content=\"summary_large_image\" \/>\n<meta name=\"twitter:label1\" content=\"Dur\u00e9e de lecture estim\u00e9e\" \/>\n\t<meta name=\"twitter:data1\" content=\"5 minutes\" \/>\n<script type=\"application\/ld+json\" class=\"yoast-schema-graph\">{\"@context\":\"https:\/\/schema.org\",\"@graph\":[{\"@type\":\"WebSite\",\"@id\":\"https:\/\/mrgreencasinos.com\/#website\",\"url\":\"https:\/\/mrgreencasinos.com\/\",\"name\":\"Casino MR Green\",\"description\":\"\",\"potentialAction\":[{\"@type\":\"SearchAction\",\"target\":{\"@type\":\"EntryPoint\",\"urlTemplate\":\"https:\/\/mrgreencasinos.com\/?s={search_term_string}\"},\"query-input\":\"required name=search_term_string\"}],\"inLanguage\":\"fr-FR\"},{\"@type\":\"ImageObject\",\"@id\":\"https:\/\/mrgreencasinos.com\/fr\/wolf-power-megaways\/#primaryimage\",\"inLanguage\":\"fr-FR\",\"url\":\"https:\/\/mrgreencasinos.com\/wp-content\/uploads\/2023\/04\/Wolf-Power-Megaways-review.jpg\",\"contentUrl\":\"https:\/\/mrgreencasinos.com\/wp-content\/uploads\/2023\/04\/Wolf-Power-Megaways-review.jpg\",\"width\":1267,\"height\":719,\"caption\":\"Wolf Power Megaways review\"},{\"@type\":\"WebPage\",\"@id\":\"https:\/\/mrgreencasinos.com\/fr\/wolf-power-megaways\/#webpage\",\"url\":\"https:\/\/mrgreencasinos.com\/fr\/wolf-power-megaways\/\",\"name\":\"Machine \\u00e0 sous Wolf Power Megaways (2023) | RTP - mrgreencasinos.com\",\"isPartOf\":{\"@id\":\"https:\/\/mrgreencasinos.com\/#website\"},\"primaryImageOfPage\":{\"@id\":\"https:\/\/mrgreencasinos.com\/fr\/wolf-power-megaways\/#primaryimage\"},\"datePublished\":\"2023-04-29T07:33:41+00:00\",\"dateModified\":\"2023-05-02T08:44:16+00:00\",\"description\":\"Machine \\u00e0 sous Wolf Power Megaways \\u2705 Notes des vrais joueurs, mode de jeu gratuit, captures d'\\u00e9cran gagnantes, codes bonus \\u2705 Essayez la machine \\u00e0 sous Wolf Power Megaways\",\"breadcrumb\":{\"@id\":\"https:\/\/mrgreencasinos.com\/fr\/wolf-power-megaways\/#breadcrumb\"},\"inLanguage\":\"fr-FR\",\"potentialAction\":[{\"@type\":\"ReadAction\",\"target\":[\"https:\/\/mrgreencasinos.com\/fr\/wolf-power-megaways\/\"]}]},{\"@type\":\"BreadcrumbList\",\"@id\":\"https:\/\/mrgreencasinos.com\/fr\/wolf-power-megaways\/#breadcrumb\",\"itemListElement\":[{\"@type\":\"ListItem\",\"position\":1,\"name\":\"Home\",\"item\":\"https:\/\/mrgreencasinos.com\/fr\/review-of-the-official-mr-green-website\/\"},{\"@type\":\"ListItem\",\"position\":2,\"name\":\"Wolf Power Megaways Revue des machines \\u00e0 sous : Lib\\u00e9rez les gains sauvages\"}]}]}<\/script>\n<!-- \/ Yoast SEO plugin. -->","yoast_head_json":{"title":"Machine \u00e0 sous Wolf Power Megaways (2023) | RTP - mrgreencasinos.com","description":"Machine \u00e0 sous Wolf Power Megaways \u2705 Notes des vrais joueurs, mode de jeu gratuit, captures d'\u00e9cran gagnantes, codes bonus \u2705 Essayez la machine \u00e0 sous Wolf Power Megaways","robots":{"index":"index","follow":"follow","max-snippet":"max-snippet:-1","max-image-preview":"max-image-preview:large","max-video-preview":"max-video-preview:-1"},"canonical":"https:\/\/mrgreencasinos.com\/fr\/wolf-power-megaways\/","og_type":"article","og_title":"Machine \u00e0 sous Wolf Power Megaways (2023) | RTP - mrgreencasinos.com","og_description":"Machine \u00e0 sous Wolf Power Megaways \u2705 Notes des vrais joueurs, mode de jeu gratuit, captures d'\u00e9cran gagnantes, codes bonus \u2705 Essayez la machine \u00e0 sous Wolf Power Megaways","og_url":"https:\/\/mrgreencasinos.com\/fr\/wolf-power-megaways\/","og_site_name":"Casino MR Green","article_modified_time":"2023-05-02T08:44:16+00:00","og_image":[{"url":"https:\/\/mrgreencasinos.com\/wp-content\/uploads\/2023\/04\/Wolf-Power-Megaways-review.jpg"}],"twitter_card":"summary_large_image","twitter_misc":{"Dur\u00e9e de lecture estim\u00e9e":"5 minutes"},"schema":{"@context":"https:\/\/schema.org","@graph":[{"@type":"WebSite","@id":"https:\/\/mrgreencasinos.com\/#website","url":"https:\/\/mrgreencasinos.com\/","name":"Casino MR Green","description":"","potentialAction":[{"@type":"SearchAction","target":{"@type":"EntryPoint","urlTemplate":"https:\/\/mrgreencasinos.com\/?s={search_term_string}"},"query-input":"required name=search_term_string"}],"inLanguage":"fr-FR"},{"@type":"ImageObject","@id":"https:\/\/mrgreencasinos.com\/fr\/wolf-power-megaways\/#primaryimage","inLanguage":"fr-FR","url":"https:\/\/mrgreencasinos.com\/wp-content\/uploads\/2023\/04\/Wolf-Power-Megaways-review.jpg","contentUrl":"https:\/\/mrgreencasinos.com\/wp-content\/uploads\/2023\/04\/Wolf-Power-Megaways-review.jpg","width":1267,"height":719,"caption":"Wolf Power Megaways review"},{"@type":"WebPage","@id":"https:\/\/mrgreencasinos.com\/fr\/wolf-power-megaways\/#webpage","url":"https:\/\/mrgreencasinos.com\/fr\/wolf-power-megaways\/","name":"Machine \u00e0 sous Wolf Power Megaways (2023) | RTP - mrgreencasinos.com","isPartOf":{"@id":"https:\/\/mrgreencasinos.com\/#website"},"primaryImageOfPage":{"@id":"https:\/\/mrgreencasinos.com\/fr\/wolf-power-megaways\/#primaryimage"},"datePublished":"2023-04-29T07:33:41+00:00","dateModified":"2023-05-02T08:44:16+00:00","description":"Machine \u00e0 sous Wolf Power Megaways \u2705 Notes des vrais joueurs, mode de jeu gratuit, captures d'\u00e9cran gagnantes, codes bonus \u2705 Essayez la machine \u00e0 sous Wolf Power Megaways","breadcrumb":{"@id":"https:\/\/mrgreencasinos.com\/fr\/wolf-power-megaways\/#breadcrumb"},"inLanguage":"fr-FR","potentialAction":[{"@type":"ReadAction","target":["https:\/\/mrgreencasinos.com\/fr\/wolf-power-megaways\/"]}]},{"@type":"BreadcrumbList","@id":"https:\/\/mrgreencasinos.com\/fr\/wolf-power-megaways\/#breadcrumb","itemListElement":[{"@type":"ListItem","position":1,"name":"Home","item":"https:\/\/mrgreencasinos.com\/fr\/review-of-the-official-mr-green-website\/"},{"@type":"ListItem","position":2,"name":"Wolf Power Megaways Revue des machines \u00e0 sous : Lib\u00e9rez les gains sauvages"}]}]}},"_links":{"self":[{"href":"https:\/\/mrgreencasinos.com\/fr\/wp-json\/wp\/v2\/pages\/1174","targetHints":{"allow":["GET"]}}],"collection":[{"href":"https:\/\/mrgreencasinos.com\/fr\/wp-json\/wp\/v2\/pages"}],"about":[{"href":"https:\/\/mrgreencasinos.com\/fr\/wp-json\/wp\/v2\/types\/page"}],"author":[{"embeddable":true,"href":"https:\/\/mrgreencasinos.com\/fr\/wp-json\/wp\/v2\/users\/1"}],"replies":[{"embeddable":true,"href":"https:\/\/mrgreencasinos.com\/fr\/wp-json\/wp\/v2\/comments?post=1174"}],"version-history":[{"count":2,"href":"https:\/\/mrgreencasinos.com\/fr\/wp-json\/wp\/v2\/pages\/1174\/revisions"}],"predecessor-version":[{"id":1176,"href":"https:\/\/mrgreencasinos.com\/fr\/wp-json\/wp\/v2\/pages\/1174\/revisions\/1176"}],"wp:attachment":[{"href":"https:\/\/mrgreencasinos.com\/fr\/wp-json\/wp\/v2\/media?parent=1174"}],"curies":[{"name":"wp","href":"https:\/\/api.w.org\/{rel}","templated":true}]}}