{"id":1178,"date":"2023-04-29T07:41:04","date_gmt":"2023-04-29T07:41:04","guid":{"rendered":"https:\/\/mrgreencasinos.com\/cleos-secrets\/"},"modified":"2023-05-02T08:45:39","modified_gmt":"2023-05-02T08:45:39","slug":"cleos-secrets","status":"publish","type":"page","link":"https:\/\/mrgreencasinos.com\/fr\/cleos-secrets\/","title":{"rendered":"Revue de la machine \u00e0 sous Cleo&rsquo;s Secrets\u00a0: lib\u00e9rer la puissance des machines \u00e0 sous de l&rsquo;\u00c9gypte ancienne"},"content":{"rendered":"<h2>Introduction<\/h2>\n<p>Cleo&rsquo;s Secrets est une machine \u00e0 sous en ligne tr\u00e8s appr\u00e9ci\u00e9e d\u00e9velopp\u00e9e par play&rsquo;n GO. Il est bas\u00e9 sur la culture \u00e9gyptienne antique en se concentrant sur Cl\u00e9op\u00e2tre, l&rsquo;une des femmes souveraines les plus puissantes de tous les temps. Le jeu se d\u00e9roule dans l&rsquo;ancienne ville \u00e9gyptienne de Louxor et propose de superbes visuels et une conception sonore. Le jeu Cleo&rsquo;s Secrets est devenu populaire parmi les joueurs en ligne et pour une bonne raison. Dans cette revue Cleo&rsquo;s Secrets, nous examinerons en profondeur le jeu, discuterons de ses fonctionnalit\u00e9s et de son gameplay, et explorerons ses r\u00e9compenses potentielles.<\/p>\n<div class=\"t-go\"><a href=\"\/go-casino\/?brand=mrgreen\">BONUS DE R\u00c9CLAMATION<\/a><\/div>\n<h2>Conception graphique et audio<\/h2>\n<p><img loading=\"lazy\" decoding=\"async\" class=\"aligncenter wp-image-1168\" src=\"https:\/\/mrgreencasinos.com\/wp-content\/uploads\/2023\/04\/Cleos-Secrets-Review.png\" alt=\"Cleo's Secrets Examen\" width=\"800\" height=\"616\" srcset=\"https:\/\/mrgreencasinos.com\/wp-content\/uploads\/2023\/04\/Cleos-Secrets-Review.png 540w, https:\/\/mrgreencasinos.com\/wp-content\/uploads\/2023\/04\/Cleos-Secrets-Review-300x231.png 300w\" sizes=\"auto, (max-width: 800px) 100vw, 800px\" \/><\/p>\n<p>Les graphismes et la conception sonore de Cleo&rsquo;s Secrets sont incomparables. Les visuels sont beaux et d\u00e9taill\u00e9s, avec une repr\u00e9sentation r\u00e9aliste de la culture \u00e9gyptienne antique. Les symboles sur les rouleaux incluent l&rsquo;\u0152il d&rsquo;Horus, le Scarab\u00e9e, l&rsquo;Ankh et les symboles habituels des cartes \u00e0 jouer. La musique de fond est apaisante et atmosph\u00e9rique, ce qui contribue \u00e0 cr\u00e9er une exp\u00e9rience immersive.<\/p>\n<h2>Jouabilit\u00e9<\/h2>\n<p>L&rsquo;argent r\u00e9el de Cleo&rsquo;s Secrets est une machine \u00e0 sous \u00e0 cinq rouleaux avec 20 lignes de paiement. La mise minimale est de 0,20 pi\u00e8ces et la mise maximale est de 100 pi\u00e8ces. La machine \u00e0 sous offre un certain nombre de fonctionnalit\u00e9s uniques, notamment des wilds, des scatters, des tours gratuits et un jeu bonus. Le jeu bonus est d\u00e9clench\u00e9 lorsque trois symboles bonus ou plus apparaissent sur les rouleaux. Cela vous m\u00e8nera au tour de bonus, o\u00f9 vous pouvez gagner jusqu&rsquo;\u00e0 500 fois votre mise initiale.<\/p>\n<h2>R\u00e9compenses potentielles<\/h2>\n<p>Cleo&rsquo;s Secrets offre de g\u00e9n\u00e9reuses r\u00e9compenses potentielles. Le jackpot fixe maximum est de 5 000 pi\u00e8ces, qui peuvent \u00eatre gagn\u00e9es si cinq symboles joker apparaissent sur une ligne de paiement active. De plus, le RTP du jeu est de 96,2%, ce qui en fait une machine \u00e0 sous Cleo&rsquo;s Secrets \u00e0 variance moyenne \u00e0 \u00e9lev\u00e9e.<\/p>\n<h2>Qu&rsquo;est-ce que RTP\u00a0?<\/h2>\n<p>RTP signifie Return to Player et est essentiellement une mesure de la somme d&rsquo;argent qu&rsquo;un joueur peut s&rsquo;attendre \u00e0 gagner en moyenne en jouant aux machines \u00e0 sous Cleo&rsquo;s Secrets. Le pourcentage RTP est calcul\u00e9 en prenant le montant total d&rsquo;argent mis\u00e9 et en le divisant par le montant total d&rsquo;argent retourn\u00e9 aux joueurs. Il est important de noter que le RTP du jeu ne peut pas \u00eatre utilis\u00e9 pour d\u00e9terminer combien d&rsquo;argent vous gagnerez \u00e0 chaque tour particulier. Comme cela d\u00e9pend de divers facteurs, tels que la taille de votre pari et la volatilit\u00e9 du jeu.<\/p>\n<h2>Cl\u00e9o&rsquo;s Secrets RTP<\/h2>\n<p>La machine \u00e0 sous Cleo&rsquo;s Secrets a un RTP de 95,97 %. Cela signifie que pour chaque 100 $ mis\u00e9s, les joueurs peuvent s&rsquo;attendre \u00e0 gagner en moyenne 95,97 $. Il s&rsquo;agit d&rsquo;un RTP relativement \u00e9lev\u00e9, ce qui fait du jeu une excellente option pour les joueurs cherchant \u00e0 maximiser leurs chances de gagner.<\/p>\n<h2>Qu&rsquo;est-ce que la volatilit\u00e9 ?<\/h2>\n<p><img loading=\"lazy\" decoding=\"async\" class=\"aligncenter wp-image-1170\" src=\"https:\/\/mrgreencasinos.com\/wp-content\/uploads\/2023\/04\/Cleos-Secrets-Slot-Review.jpg\" alt=\"Cleo's Secrets Examen de la machine \u00e0 sous\" width=\"800\" height=\"432\" srcset=\"https:\/\/mrgreencasinos.com\/wp-content\/uploads\/2023\/04\/Cleos-Secrets-Slot-Review.jpg 838w, https:\/\/mrgreencasinos.com\/wp-content\/uploads\/2023\/04\/Cleos-Secrets-Slot-Review-300x162.jpg 300w, https:\/\/mrgreencasinos.com\/wp-content\/uploads\/2023\/04\/Cleos-Secrets-Slot-Review-768x414.jpg 768w, https:\/\/mrgreencasinos.com\/wp-content\/uploads\/2023\/04\/Cleos-Secrets-Slot-Review-720x388.jpg 720w\" sizes=\"auto, (max-width: 800px) 100vw, 800px\" \/><\/p>\n<p>La volatilit\u00e9 est une mesure du degr\u00e9 de risque que comporte le fait de jouer \u00e0 une machine \u00e0 sous. Les jeux \u00e0 forte volatilit\u00e9 ont des prix potentiels importants mais peuvent \u00e9galement \u00eatre tr\u00e8s impr\u00e9visibles. D&rsquo;autre part, les jeux \u00e0 faible volatilit\u00e9 ont des prix plus petits mais offrent des rendements plus constants.<\/p>\n<div class=\"t-go\"><a href=\"\/go-casino\/?brand=mrgreen\">BONUS DE R\u00c9CLAMATION<\/a><\/div>\n<h2>FAQ<\/h2>\n<h3>Quelles sont les r\u00e8gles pour jouer \u00e0 Cleo&rsquo;s Secrets ?<\/h3>\n<p>Les r\u00e8gles pour jouer \u00e0 la machine \u00e0 sous Cleo&rsquo;s Secrets sont assez simples. Pour gagner, le joueur doit faire correspondre les symboles de gauche \u00e0 droite sur les rouleaux. Le jeu propose \u00e9galement des symboles wild, des scatters et un jeu bonus. Le symbole joker peut remplacer n&rsquo;importe quel autre symbole \u00e0 l&rsquo;exception du symbole scatter. Le symbole scatter peut activer le tour bonus de tours gratuits Cleo&rsquo;s Secrets. Dans le tour de bonus, les joueurs peuvent gagner jusqu&rsquo;\u00e0 25 tours gratuits.<\/p>\n<h3>Quel est le jackpot maximum dans Cleo&rsquo;s Secrets ?<\/h3>\n<p>Le jackpot maximum dans Cleo&rsquo;s Secrets Australia est de 10 000 pi\u00e8ces. Les joueurs peuvent gagner ce montant si cinq symboles Cl\u00e9op\u00e2tre apparaissent sur les rouleaux. Le deuxi\u00e8me plus gros jackpot est de 2 000 pi\u00e8ces.<\/p>\n<h3>Quels sont les paris minimum et maximum dans Cleo&rsquo;s Secrets ?<\/h3>\n<p>Dans Cleo&rsquo;s Secrets, la mise minimale est de 0,01 pi\u00e8ce par ligne et la mise maximale est de 20 pi\u00e8ces par ligne. La mise maximale par tour est de 500 pi\u00e8ces.<\/p>\n<h3>Cleo&rsquo;s Secrets a-t-il une fonction de lecture automatique ?<\/h3>\n<p>Oui, Cleo&rsquo;s Secrets a une fonction de lecture automatique. Cela permet aux joueurs de d\u00e9finir le nombre de tours qu&rsquo;ils veulent que le jeu Cleo&rsquo;s Secrets fasse automatiquement. C&rsquo;est un excellent moyen de gagner du temps et de ne manquer aucun gain.<\/p>\n<h2>Conclusion<\/h2>\n<p>Cleo&rsquo;s Secrets est une machine \u00e0 sous en ligne impressionnante qui offre une exp\u00e9rience passionnante et immersive. Les graphismes et la conception sonore sont excellents, et le gameplay est passionnant et gratifiant. Avec un jackpot fixe maximum potentiel de 5 000 pi\u00e8ces et un RTP de 96,2 %, ce jeu plaira \u00e0 coup s\u00fbr \u00e0 de nombreux amateurs de machines \u00e0 sous.<\/p>\n","protected":false},"excerpt":{"rendered":"<p>Introduction Cleo&rsquo;s Secrets est une machine \u00e0 sous en ligne tr\u00e8s appr\u00e9ci\u00e9e d\u00e9velopp\u00e9e par play&rsquo;n GO. Il est bas\u00e9 sur [&hellip;]<\/p>\n","protected":false},"author":1,"featured_media":0,"parent":0,"menu_order":0,"comment_status":"closed","ping_status":"closed","template":"","meta":{"footnotes":""},"class_list":["post-1178","page","type-page","status-publish","hentry"],"acf":[],"yoast_head":"<!-- This site is optimized with the Yoast SEO plugin v17.9 - https:\/\/yoast.com\/wordpress\/plugins\/seo\/ -->\n<title>Revue de la machine \u00e0 sous Cleo&#039;s Secrets (2023) | RTP - mrgreencasinos.com<\/title>\n<meta name=\"description\" content=\"Cleo&#039;s Secrets Slot \u2705 Real players&#039; ratings, free play mode, winning screenshots, bonus codes \u2705 Try Cleo&#039;s Secrets Slot\" \/>\n<meta name=\"robots\" content=\"index, follow, max-snippet:-1, max-image-preview:large, max-video-preview:-1\" \/>\n<link rel=\"canonical\" href=\"https:\/\/mrgreencasinos.com\/fr\/cleos-secrets\/\" \/>\n<meta property=\"og:type\" content=\"article\" \/>\n<meta property=\"og:title\" content=\"Revue de la machine \u00e0 sous Cleo&#039;s Secrets (2023) | RTP - mrgreencasinos.com\" \/>\n<meta property=\"og:description\" content=\"Cleo&#039;s Secrets Slot \u2705 Real players&#039; ratings, free play mode, winning screenshots, bonus codes \u2705 Try Cleo&#039;s Secrets Slot\" \/>\n<meta property=\"og:url\" content=\"https:\/\/mrgreencasinos.com\/fr\/cleos-secrets\/\" \/>\n<meta property=\"og:site_name\" content=\"Casino MR Green\" \/>\n<meta property=\"article:modified_time\" content=\"2023-05-02T08:45:39+00:00\" \/>\n<meta property=\"og:image\" content=\"https:\/\/mrgreencasinos.com\/wp-content\/uploads\/2023\/04\/Cleos-Secrets-Review.png\" \/>\n<meta name=\"twitter:card\" content=\"summary_large_image\" \/>\n<meta name=\"twitter:label1\" content=\"Dur\u00e9e de lecture estim\u00e9e\" \/>\n\t<meta name=\"twitter:data1\" content=\"5 minutes\" \/>\n<script type=\"application\/ld+json\" class=\"yoast-schema-graph\">{\"@context\":\"https:\/\/schema.org\",\"@graph\":[{\"@type\":\"WebSite\",\"@id\":\"https:\/\/mrgreencasinos.com\/#website\",\"url\":\"https:\/\/mrgreencasinos.com\/\",\"name\":\"Casino MR Green\",\"description\":\"\",\"potentialAction\":[{\"@type\":\"SearchAction\",\"target\":{\"@type\":\"EntryPoint\",\"urlTemplate\":\"https:\/\/mrgreencasinos.com\/?s={search_term_string}\"},\"query-input\":\"required name=search_term_string\"}],\"inLanguage\":\"fr-FR\"},{\"@type\":\"ImageObject\",\"@id\":\"https:\/\/mrgreencasinos.com\/fr\/cleos-secrets\/#primaryimage\",\"inLanguage\":\"fr-FR\",\"url\":\"https:\/\/mrgreencasinos.com\/wp-content\/uploads\/2023\/04\/Cleos-Secrets-Review.png\",\"contentUrl\":\"https:\/\/mrgreencasinos.com\/wp-content\/uploads\/2023\/04\/Cleos-Secrets-Review.png\",\"width\":540,\"height\":416,\"caption\":\"Cleo's Secrets Review\"},{\"@type\":\"WebPage\",\"@id\":\"https:\/\/mrgreencasinos.com\/fr\/cleos-secrets\/#webpage\",\"url\":\"https:\/\/mrgreencasinos.com\/fr\/cleos-secrets\/\",\"name\":\"Revue de la machine \\u00e0 sous Cleo's Secrets (2023) | RTP - mrgreencasinos.com\",\"isPartOf\":{\"@id\":\"https:\/\/mrgreencasinos.com\/#website\"},\"primaryImageOfPage\":{\"@id\":\"https:\/\/mrgreencasinos.com\/fr\/cleos-secrets\/#primaryimage\"},\"datePublished\":\"2023-04-29T07:41:04+00:00\",\"dateModified\":\"2023-05-02T08:45:39+00:00\",\"description\":\"Cleo's Secrets Slot \\u2705 Real players' ratings, free play mode, winning screenshots, bonus codes \\u2705 Try Cleo's Secrets Slot\",\"breadcrumb\":{\"@id\":\"https:\/\/mrgreencasinos.com\/fr\/cleos-secrets\/#breadcrumb\"},\"inLanguage\":\"fr-FR\",\"potentialAction\":[{\"@type\":\"ReadAction\",\"target\":[\"https:\/\/mrgreencasinos.com\/fr\/cleos-secrets\/\"]}]},{\"@type\":\"BreadcrumbList\",\"@id\":\"https:\/\/mrgreencasinos.com\/fr\/cleos-secrets\/#breadcrumb\",\"itemListElement\":[{\"@type\":\"ListItem\",\"position\":1,\"name\":\"Home\",\"item\":\"https:\/\/mrgreencasinos.com\/fr\/review-of-the-official-mr-green-website\/\"},{\"@type\":\"ListItem\",\"position\":2,\"name\":\"Revue de la machine \\u00e0 sous Cleo&#8217;s Secrets\\u00a0: lib\\u00e9rer la puissance des machines \\u00e0 sous de l&#8217;\\u00c9gypte ancienne\"}]}]}<\/script>\n<!-- \/ Yoast SEO plugin. -->","yoast_head_json":{"title":"Revue de la machine \u00e0 sous Cleo's Secrets (2023) | RTP - mrgreencasinos.com","description":"Cleo's Secrets Slot \u2705 Real players' ratings, free play mode, winning screenshots, bonus codes \u2705 Try Cleo's Secrets Slot","robots":{"index":"index","follow":"follow","max-snippet":"max-snippet:-1","max-image-preview":"max-image-preview:large","max-video-preview":"max-video-preview:-1"},"canonical":"https:\/\/mrgreencasinos.com\/fr\/cleos-secrets\/","og_type":"article","og_title":"Revue de la machine \u00e0 sous Cleo's Secrets (2023) | RTP - mrgreencasinos.com","og_description":"Cleo's Secrets Slot \u2705 Real players' ratings, free play mode, winning screenshots, bonus codes \u2705 Try Cleo's Secrets Slot","og_url":"https:\/\/mrgreencasinos.com\/fr\/cleos-secrets\/","og_site_name":"Casino MR Green","article_modified_time":"2023-05-02T08:45:39+00:00","og_image":[{"url":"https:\/\/mrgreencasinos.com\/wp-content\/uploads\/2023\/04\/Cleos-Secrets-Review.png"}],"twitter_card":"summary_large_image","twitter_misc":{"Dur\u00e9e de lecture estim\u00e9e":"5 minutes"},"schema":{"@context":"https:\/\/schema.org","@graph":[{"@type":"WebSite","@id":"https:\/\/mrgreencasinos.com\/#website","url":"https:\/\/mrgreencasinos.com\/","name":"Casino MR Green","description":"","potentialAction":[{"@type":"SearchAction","target":{"@type":"EntryPoint","urlTemplate":"https:\/\/mrgreencasinos.com\/?s={search_term_string}"},"query-input":"required name=search_term_string"}],"inLanguage":"fr-FR"},{"@type":"ImageObject","@id":"https:\/\/mrgreencasinos.com\/fr\/cleos-secrets\/#primaryimage","inLanguage":"fr-FR","url":"https:\/\/mrgreencasinos.com\/wp-content\/uploads\/2023\/04\/Cleos-Secrets-Review.png","contentUrl":"https:\/\/mrgreencasinos.com\/wp-content\/uploads\/2023\/04\/Cleos-Secrets-Review.png","width":540,"height":416,"caption":"Cleo's Secrets Review"},{"@type":"WebPage","@id":"https:\/\/mrgreencasinos.com\/fr\/cleos-secrets\/#webpage","url":"https:\/\/mrgreencasinos.com\/fr\/cleos-secrets\/","name":"Revue de la machine \u00e0 sous Cleo's Secrets (2023) | RTP - mrgreencasinos.com","isPartOf":{"@id":"https:\/\/mrgreencasinos.com\/#website"},"primaryImageOfPage":{"@id":"https:\/\/mrgreencasinos.com\/fr\/cleos-secrets\/#primaryimage"},"datePublished":"2023-04-29T07:41:04+00:00","dateModified":"2023-05-02T08:45:39+00:00","description":"Cleo's Secrets Slot \u2705 Real players' ratings, free play mode, winning screenshots, bonus codes \u2705 Try Cleo's Secrets Slot","breadcrumb":{"@id":"https:\/\/mrgreencasinos.com\/fr\/cleos-secrets\/#breadcrumb"},"inLanguage":"fr-FR","potentialAction":[{"@type":"ReadAction","target":["https:\/\/mrgreencasinos.com\/fr\/cleos-secrets\/"]}]},{"@type":"BreadcrumbList","@id":"https:\/\/mrgreencasinos.com\/fr\/cleos-secrets\/#breadcrumb","itemListElement":[{"@type":"ListItem","position":1,"name":"Home","item":"https:\/\/mrgreencasinos.com\/fr\/review-of-the-official-mr-green-website\/"},{"@type":"ListItem","position":2,"name":"Revue de la machine \u00e0 sous Cleo&#8217;s Secrets\u00a0: lib\u00e9rer la puissance des machines \u00e0 sous de l&#8217;\u00c9gypte ancienne"}]}]}},"_links":{"self":[{"href":"https:\/\/mrgreencasinos.com\/fr\/wp-json\/wp\/v2\/pages\/1178","targetHints":{"allow":["GET"]}}],"collection":[{"href":"https:\/\/mrgreencasinos.com\/fr\/wp-json\/wp\/v2\/pages"}],"about":[{"href":"https:\/\/mrgreencasinos.com\/fr\/wp-json\/wp\/v2\/types\/page"}],"author":[{"embeddable":true,"href":"https:\/\/mrgreencasinos.com\/fr\/wp-json\/wp\/v2\/users\/1"}],"replies":[{"embeddable":true,"href":"https:\/\/mrgreencasinos.com\/fr\/wp-json\/wp\/v2\/comments?post=1178"}],"version-history":[{"count":2,"href":"https:\/\/mrgreencasinos.com\/fr\/wp-json\/wp\/v2\/pages\/1178\/revisions"}],"predecessor-version":[{"id":1180,"href":"https:\/\/mrgreencasinos.com\/fr\/wp-json\/wp\/v2\/pages\/1178\/revisions\/1180"}],"wp:attachment":[{"href":"https:\/\/mrgreencasinos.com\/fr\/wp-json\/wp\/v2\/media?parent=1178"}],"curies":[{"name":"wp","href":"https:\/\/api.w.org\/{rel}","templated":true}]}}