{"id":1195,"date":"2023-04-30T09:08:58","date_gmt":"2023-04-30T09:08:58","guid":{"rendered":"https:\/\/mrgreencasinos.com\/aztec-sun-hold-and-win\/"},"modified":"2023-05-02T08:47:26","modified_gmt":"2023-05-02T08:47:26","slug":"aztec-sun-hold-and-win","status":"publish","type":"page","link":"https:\/\/mrgreencasinos.com\/fr\/aztec-sun-hold-and-win\/","title":{"rendered":"Pr\u00e9sentation de la machine \u00e0 sous Aztec Sun Hold and Win"},"content":{"rendered":"<h2>Introduction<\/h2>\n<p>Aztec Sun Hold and Win booongo est une machine \u00e0 sous passionnante d\u00e9velopp\u00e9e par le c\u00e9l\u00e8bre fournisseur de jeux Pragmatic Play. Ce jeu est bas\u00e9 sur la civilisation azt\u00e8que et est con\u00e7u pour transmettre le dynamisme et la beaut\u00e9 de la ville antique. Avec ses graphismes impressionnants et ses parties bonus passionnantes, Aztec Sun Hold and Win est un succ\u00e8s parmi les joueurs de machines \u00e0 sous en ligne.<\/p>\n<div class=\"t-go\"><a href=\"\/go-casino\/?brand=mrgreen\">BONUS DE R\u00c9CLAMATION<\/a><\/div>\n<h2>Jouabilit\u00e9<\/h2>\n<p>Aztec Sun Hold and Win est une machine \u00e0 sous \u00e0 cinq rouleaux et trois rang\u00e9es avec 25 lignes de paiement. Le jeu comporte un symbole joker et un symbole scatter qui peuvent aider les joueurs \u00e0 augmenter leurs gains. Les joueurs peuvent \u00e9galement profiter de plusieurs fonctionnalit\u00e9s bonus, notamment la fonction Hold and Win. La fonction Aztec Sun Hold and Win Australia est d\u00e9clench\u00e9e lorsque trois symboles scatter ou plus frappent les rouleaux. Cela active six tours gratuits et r\u00e9compense le joueur avec un prix en argent.<\/p>\n<h2><img loading=\"lazy\" decoding=\"async\" class=\"aligncenter wp-image-1182\" src=\"https:\/\/mrgreencasinos.com\/wp-content\/uploads\/2023\/04\/Aztec-Sun-Hold-and-Win-overview.jpg\" alt=\"Aztec Sun Hold and Win aper\u00e7u\" width=\"800\" height=\"428\" srcset=\"https:\/\/mrgreencasinos.com\/wp-content\/uploads\/2023\/04\/Aztec-Sun-Hold-and-Win-overview.jpg 737w, https:\/\/mrgreencasinos.com\/wp-content\/uploads\/2023\/04\/Aztec-Sun-Hold-and-Win-overview-300x160.jpg 300w, https:\/\/mrgreencasinos.com\/wp-content\/uploads\/2023\/04\/Aztec-Sun-Hold-and-Win-overview-720x385.jpg 720w\" sizes=\"auto, (max-width: 800px) 100vw, 800px\" \/><\/h2>\n<h2>Symboles et bonus<\/h2>\n<p>Aztec Sun Hold and Win propose une vari\u00e9t\u00e9 de symboles, notamment des symboles de cartes \u00e0 jouer, des artefacts azt\u00e8ques et une d\u00e9esse azt\u00e8que f\u00e9minine. Le symbole scatter est repr\u00e9sent\u00e9 par un grand soleil dor\u00e9 et le symbole sauvage est le masque azt\u00e8que dor\u00e9. Le symbole joker peut remplacer tous les autres symboles \u00e0 l&rsquo;exception du symbole scatter. Le jeu a \u00e9galement une fonction bonus Hold and Win, qui est d\u00e9clench\u00e9e lorsque trois symboles scatter ou plus apparaissent sur les rouleaux. Dans ce cas, le joueur re\u00e7oit un prix en argent et six tours gratuits. Pendant les tours gratuits Aztec Sun Hold and Win, tout symbole scatter d\u00e9pos\u00e9 sur les rouleaux sera maintenu en place, augmentant les chances du joueur de gagner gros.<\/p>\n<h2>Graphiques et audio<\/h2>\n<p>La d\u00e9mo Aztec Sun Hold and Win est un jeu visuellement \u00e9poustouflant. L&rsquo;arri\u00e8re-plan du jeu se d\u00e9roule dans une for\u00eat tropicale luxuriante et verte, et les symboles ont des couleurs vives et des d\u00e9tails complexes. La bande-son est \u00e9galement de premier ordre\u00a0: une musique tribale accrocheuse met l&rsquo;accent sur le th\u00e8me azt\u00e8que. RTP Aztec Sun Hold and Win Slots.RTP Aztec Sun Hold and Win est de 96,20\u00a0%. C&rsquo;est plus \u00e9lev\u00e9 que le RTP moyen pour la plupart des machines \u00e0 sous en ligne et rend le jeu plus attrayant pour les joueurs. Plus le RTP d&rsquo;une machine \u00e0 sous est \u00e9lev\u00e9, plus les joueurs sont susceptibles de gagner de l&rsquo;argent \u00e0 long terme.<\/p>\n<h2>Qu&rsquo;est-ce que la volatilit\u00e9 ?<\/h2>\n<p>La volatilit\u00e9 est une mesure de la fr\u00e9quence \u00e0 laquelle un jeu rapporte. Il se d\u00e9cline en trois niveaux : faible, moyen et \u00e9lev\u00e9. Une faible volatilit\u00e9 signifie que le jeu rapporte plus g\u00e9n\u00e9ralement, mais avec des r\u00e9compenses plus faibles. D&rsquo;un autre c\u00f4t\u00e9, un jeu avec une volatilit\u00e9 \u00e9lev\u00e9e rapporte g\u00e9n\u00e9ralement moins, mais avec des r\u00e9compenses plus importantes.<\/p>\n<div class=\"t-go\"><a href=\"\/go-casino\/?brand=mrgreen\">BONUS DE R\u00c9CLAMATION<\/a><\/div>\n<h2>Volatilit\u00e9 des machines \u00e0 sous Aztec Sun Hold et Win<\/h2>\n<p>La machine \u00e0 sous Aztec Sun Hold et Win a une volatilit\u00e9 moyenne. Cela signifie que les joueurs peuvent s&rsquo;attendre \u00e0 des paiements fr\u00e9quents et importants. La volatilit\u00e9 moyenne du jeu augmente \u00e9galement la probabilit\u00e9 que les joueurs obtiennent les gains qu&rsquo;ils souhaitent.<\/p>\n<h2>Comment le RTP et la volatilit\u00e9 affectent les machines \u00e0 sous Aztec Sun Hold et Win<\/h2>\n<p><img loading=\"lazy\" decoding=\"async\" class=\"aligncenter wp-image-1184\" src=\"https:\/\/mrgreencasinos.com\/wp-content\/uploads\/2023\/04\/Aztec-Sun-Hold-and-Win-slot-overview.jpg\" alt=\"Aztec Sun Hold and Win aper\u00e7u des emplacements\" width=\"800\" height=\"448\" srcset=\"https:\/\/mrgreencasinos.com\/wp-content\/uploads\/2023\/04\/Aztec-Sun-Hold-and-Win-slot-overview.jpg 1104w, https:\/\/mrgreencasinos.com\/wp-content\/uploads\/2023\/04\/Aztec-Sun-Hold-and-Win-slot-overview-300x168.jpg 300w, https:\/\/mrgreencasinos.com\/wp-content\/uploads\/2023\/04\/Aztec-Sun-Hold-and-Win-slot-overview-1024x573.jpg 1024w, https:\/\/mrgreencasinos.com\/wp-content\/uploads\/2023\/04\/Aztec-Sun-Hold-and-Win-slot-overview-768x430.jpg 768w, https:\/\/mrgreencasinos.com\/wp-content\/uploads\/2023\/04\/Aztec-Sun-Hold-and-Win-slot-overview-720x403.jpg 720w\" sizes=\"auto, (max-width: 800px) 100vw, 800px\" \/><\/p>\n<p>La combinaison d&rsquo;un RTP \u00e9lev\u00e9 et d&rsquo;une volatilit\u00e9 moyenne des machines \u00e0 sous Aztec Sun Hold et Win en fait un excellent choix pour les joueurs \u00e0 la recherche d&rsquo;un jeu qui offre des paiements fr\u00e9quents et importants. Le RTP \u00e9lev\u00e9 garantit que les joueurs auront de meilleures chances de gagner \u00e0 long terme, tandis que la volatilit\u00e9 moyenne garantit que les joueurs auront la possibilit\u00e9 de remporter des prix plus importants.<\/p>\n<h2>FAQ<\/h2>\n<h3>Quels sont les symboles et les paiements\u00a0?<\/h3>\n<p>Aztec Sun Hold and Win a un total de 9 symboles. Les symboles peu r\u00e9mun\u00e9rateurs sont repr\u00e9sent\u00e9s par des combinaisons de cartes (pique, carreau, tr\u00e8fle et c\u0153ur). Les symboles r\u00e9mun\u00e9rateurs sont repr\u00e9sent\u00e9s par des images sur le th\u00e8me des Azt\u00e8ques (masque d&rsquo;or, guerrier, jaguar et serpent). Le symbole le plus r\u00e9mun\u00e9rateur est le masque dor\u00e9, qui rapporte jusqu&rsquo;\u00e0 15 fois votre mise.<\/p>\n<h3>Comment jouer \u00e0 Aztec Sun Hold and Win ?<\/h3>\n<p>Jouer \u00e0 la machine \u00e0 sous Aztec Sun Hold and Win est tr\u00e8s facile. Tout ce que vous avez \u00e0 faire est de choisir la taille de votre pari, de faire tourner les rouleaux et d&rsquo;essayer de remplir le compteur avec les m\u00eames symboles. Lorsque le compteur est rempli, le tour de bonus d\u00e9marre. Pendant le tour de bonus, vous pouvez gagner jusqu&rsquo;\u00e0 25 fois votre mise.<\/p>\n<h3>Puis-je jouer gratuitement \u00e0 Aztec Sun Hold and Win ?<\/h3>\n<p>Oui, vous pouvez. La plupart des casinos en ligne proposent une version gratuite du jeu. Cela vous permet de vous familiariser avec le jeu avant de jouer pour de l&rsquo;argent r\u00e9el.<\/p>\n<h2>Conclusion<\/h2>\n<p>Aztec Sun Hold and Win est une machine \u00e0 sous visuellement \u00e9poustouflante et excitante. Avec des graphismes impressionnants, des couleurs vibrantes et des bonus passionnants, ce jeu Aztec Sun Hold and Win est s\u00fbr de faire revenir les joueurs pour plus.<\/p>\n","protected":false},"excerpt":{"rendered":"<p>Introduction Aztec Sun Hold and Win booongo est une machine \u00e0 sous passionnante d\u00e9velopp\u00e9e par le c\u00e9l\u00e8bre fournisseur de jeux [&hellip;]<\/p>\n","protected":false},"author":1,"featured_media":0,"parent":0,"menu_order":0,"comment_status":"closed","ping_status":"closed","template":"","meta":{"footnotes":""},"class_list":["post-1195","page","type-page","status-publish","hentry"],"acf":[],"yoast_head":"<!-- This site is optimized with the Yoast SEO plugin v17.9 - https:\/\/yoast.com\/wordpress\/plugins\/seo\/ -->\n<title>Critique de la machine \u00e0 sous Aztec Sun Hold and Win (2023) | RTP - mrgreencasinos.com<\/title>\n<meta name=\"description\" content=\"Machine \u00e0 sous Aztec Sun Hold and Win \u2705 Notes des vrais joueurs, mode de jeu gratuit, captures d&#039;\u00e9cran gagnantes, codes bonus \u2705 Essayez la machine \u00e0 sous Aztec Sun Hold and Win\" \/>\n<meta name=\"robots\" content=\"index, follow, max-snippet:-1, max-image-preview:large, max-video-preview:-1\" \/>\n<link rel=\"canonical\" href=\"https:\/\/mrgreencasinos.com\/fr\/aztec-sun-hold-and-win\/\" \/>\n<meta property=\"og:type\" content=\"article\" \/>\n<meta property=\"og:title\" content=\"Critique de la machine \u00e0 sous Aztec Sun Hold and Win (2023) | RTP - mrgreencasinos.com\" \/>\n<meta property=\"og:description\" content=\"Machine \u00e0 sous Aztec Sun Hold and Win \u2705 Notes des vrais joueurs, mode de jeu gratuit, captures d&#039;\u00e9cran gagnantes, codes bonus \u2705 Essayez la machine \u00e0 sous Aztec Sun Hold and Win\" \/>\n<meta property=\"og:url\" content=\"https:\/\/mrgreencasinos.com\/fr\/aztec-sun-hold-and-win\/\" \/>\n<meta property=\"og:site_name\" content=\"Casino MR Green\" \/>\n<meta property=\"article:modified_time\" content=\"2023-05-02T08:47:26+00:00\" \/>\n<meta property=\"og:image\" content=\"https:\/\/mrgreencasinos.com\/wp-content\/uploads\/2023\/04\/Aztec-Sun-Hold-and-Win-overview.jpg\" \/>\n<meta name=\"twitter:card\" content=\"summary_large_image\" \/>\n<meta name=\"twitter:label1\" content=\"Dur\u00e9e de lecture estim\u00e9e\" \/>\n\t<meta name=\"twitter:data1\" content=\"5 minutes\" \/>\n<script type=\"application\/ld+json\" class=\"yoast-schema-graph\">{\"@context\":\"https:\/\/schema.org\",\"@graph\":[{\"@type\":\"WebSite\",\"@id\":\"https:\/\/mrgreencasinos.com\/#website\",\"url\":\"https:\/\/mrgreencasinos.com\/\",\"name\":\"Casino MR Green\",\"description\":\"\",\"potentialAction\":[{\"@type\":\"SearchAction\",\"target\":{\"@type\":\"EntryPoint\",\"urlTemplate\":\"https:\/\/mrgreencasinos.com\/?s={search_term_string}\"},\"query-input\":\"required name=search_term_string\"}],\"inLanguage\":\"fr-FR\"},{\"@type\":\"ImageObject\",\"@id\":\"https:\/\/mrgreencasinos.com\/fr\/aztec-sun-hold-and-win\/#primaryimage\",\"inLanguage\":\"fr-FR\",\"url\":\"https:\/\/mrgreencasinos.com\/wp-content\/uploads\/2023\/04\/Aztec-Sun-Hold-and-Win-overview.jpg\",\"contentUrl\":\"https:\/\/mrgreencasinos.com\/wp-content\/uploads\/2023\/04\/Aztec-Sun-Hold-and-Win-overview.jpg\",\"width\":737,\"height\":394,\"caption\":\"Aztec Sun Hold and Win overview\"},{\"@type\":\"WebPage\",\"@id\":\"https:\/\/mrgreencasinos.com\/fr\/aztec-sun-hold-and-win\/#webpage\",\"url\":\"https:\/\/mrgreencasinos.com\/fr\/aztec-sun-hold-and-win\/\",\"name\":\"Critique de la machine \\u00e0 sous Aztec Sun Hold and Win (2023) | RTP - mrgreencasinos.com\",\"isPartOf\":{\"@id\":\"https:\/\/mrgreencasinos.com\/#website\"},\"primaryImageOfPage\":{\"@id\":\"https:\/\/mrgreencasinos.com\/fr\/aztec-sun-hold-and-win\/#primaryimage\"},\"datePublished\":\"2023-04-30T09:08:58+00:00\",\"dateModified\":\"2023-05-02T08:47:26+00:00\",\"description\":\"Machine \\u00e0 sous Aztec Sun Hold and Win \\u2705 Notes des vrais joueurs, mode de jeu gratuit, captures d'\\u00e9cran gagnantes, codes bonus \\u2705 Essayez la machine \\u00e0 sous Aztec Sun Hold and Win\",\"breadcrumb\":{\"@id\":\"https:\/\/mrgreencasinos.com\/fr\/aztec-sun-hold-and-win\/#breadcrumb\"},\"inLanguage\":\"fr-FR\",\"potentialAction\":[{\"@type\":\"ReadAction\",\"target\":[\"https:\/\/mrgreencasinos.com\/fr\/aztec-sun-hold-and-win\/\"]}]},{\"@type\":\"BreadcrumbList\",\"@id\":\"https:\/\/mrgreencasinos.com\/fr\/aztec-sun-hold-and-win\/#breadcrumb\",\"itemListElement\":[{\"@type\":\"ListItem\",\"position\":1,\"name\":\"Home\",\"item\":\"https:\/\/mrgreencasinos.com\/fr\/review-of-the-official-mr-green-website\/\"},{\"@type\":\"ListItem\",\"position\":2,\"name\":\"Pr\\u00e9sentation de la machine \\u00e0 sous Aztec Sun Hold and Win\"}]}]}<\/script>\n<!-- \/ Yoast SEO plugin. -->","yoast_head_json":{"title":"Critique de la machine \u00e0 sous Aztec Sun Hold and Win (2023) | RTP - mrgreencasinos.com","description":"Machine \u00e0 sous Aztec Sun Hold and Win \u2705 Notes des vrais joueurs, mode de jeu gratuit, captures d'\u00e9cran gagnantes, codes bonus \u2705 Essayez la machine \u00e0 sous Aztec Sun Hold and Win","robots":{"index":"index","follow":"follow","max-snippet":"max-snippet:-1","max-image-preview":"max-image-preview:large","max-video-preview":"max-video-preview:-1"},"canonical":"https:\/\/mrgreencasinos.com\/fr\/aztec-sun-hold-and-win\/","og_type":"article","og_title":"Critique de la machine \u00e0 sous Aztec Sun Hold and Win (2023) | RTP - mrgreencasinos.com","og_description":"Machine \u00e0 sous Aztec Sun Hold and Win \u2705 Notes des vrais joueurs, mode de jeu gratuit, captures d'\u00e9cran gagnantes, codes bonus \u2705 Essayez la machine \u00e0 sous Aztec Sun Hold and Win","og_url":"https:\/\/mrgreencasinos.com\/fr\/aztec-sun-hold-and-win\/","og_site_name":"Casino MR Green","article_modified_time":"2023-05-02T08:47:26+00:00","og_image":[{"url":"https:\/\/mrgreencasinos.com\/wp-content\/uploads\/2023\/04\/Aztec-Sun-Hold-and-Win-overview.jpg"}],"twitter_card":"summary_large_image","twitter_misc":{"Dur\u00e9e de lecture estim\u00e9e":"5 minutes"},"schema":{"@context":"https:\/\/schema.org","@graph":[{"@type":"WebSite","@id":"https:\/\/mrgreencasinos.com\/#website","url":"https:\/\/mrgreencasinos.com\/","name":"Casino MR Green","description":"","potentialAction":[{"@type":"SearchAction","target":{"@type":"EntryPoint","urlTemplate":"https:\/\/mrgreencasinos.com\/?s={search_term_string}"},"query-input":"required name=search_term_string"}],"inLanguage":"fr-FR"},{"@type":"ImageObject","@id":"https:\/\/mrgreencasinos.com\/fr\/aztec-sun-hold-and-win\/#primaryimage","inLanguage":"fr-FR","url":"https:\/\/mrgreencasinos.com\/wp-content\/uploads\/2023\/04\/Aztec-Sun-Hold-and-Win-overview.jpg","contentUrl":"https:\/\/mrgreencasinos.com\/wp-content\/uploads\/2023\/04\/Aztec-Sun-Hold-and-Win-overview.jpg","width":737,"height":394,"caption":"Aztec Sun Hold and Win overview"},{"@type":"WebPage","@id":"https:\/\/mrgreencasinos.com\/fr\/aztec-sun-hold-and-win\/#webpage","url":"https:\/\/mrgreencasinos.com\/fr\/aztec-sun-hold-and-win\/","name":"Critique de la machine \u00e0 sous Aztec Sun Hold and Win (2023) | RTP - mrgreencasinos.com","isPartOf":{"@id":"https:\/\/mrgreencasinos.com\/#website"},"primaryImageOfPage":{"@id":"https:\/\/mrgreencasinos.com\/fr\/aztec-sun-hold-and-win\/#primaryimage"},"datePublished":"2023-04-30T09:08:58+00:00","dateModified":"2023-05-02T08:47:26+00:00","description":"Machine \u00e0 sous Aztec Sun Hold and Win \u2705 Notes des vrais joueurs, mode de jeu gratuit, captures d'\u00e9cran gagnantes, codes bonus \u2705 Essayez la machine \u00e0 sous Aztec Sun Hold and Win","breadcrumb":{"@id":"https:\/\/mrgreencasinos.com\/fr\/aztec-sun-hold-and-win\/#breadcrumb"},"inLanguage":"fr-FR","potentialAction":[{"@type":"ReadAction","target":["https:\/\/mrgreencasinos.com\/fr\/aztec-sun-hold-and-win\/"]}]},{"@type":"BreadcrumbList","@id":"https:\/\/mrgreencasinos.com\/fr\/aztec-sun-hold-and-win\/#breadcrumb","itemListElement":[{"@type":"ListItem","position":1,"name":"Home","item":"https:\/\/mrgreencasinos.com\/fr\/review-of-the-official-mr-green-website\/"},{"@type":"ListItem","position":2,"name":"Pr\u00e9sentation de la machine \u00e0 sous Aztec Sun Hold and Win"}]}]}},"_links":{"self":[{"href":"https:\/\/mrgreencasinos.com\/fr\/wp-json\/wp\/v2\/pages\/1195","targetHints":{"allow":["GET"]}}],"collection":[{"href":"https:\/\/mrgreencasinos.com\/fr\/wp-json\/wp\/v2\/pages"}],"about":[{"href":"https:\/\/mrgreencasinos.com\/fr\/wp-json\/wp\/v2\/types\/page"}],"author":[{"embeddable":true,"href":"https:\/\/mrgreencasinos.com\/fr\/wp-json\/wp\/v2\/users\/1"}],"replies":[{"embeddable":true,"href":"https:\/\/mrgreencasinos.com\/fr\/wp-json\/wp\/v2\/comments?post=1195"}],"version-history":[{"count":2,"href":"https:\/\/mrgreencasinos.com\/fr\/wp-json\/wp\/v2\/pages\/1195\/revisions"}],"predecessor-version":[{"id":1197,"href":"https:\/\/mrgreencasinos.com\/fr\/wp-json\/wp\/v2\/pages\/1195\/revisions\/1197"}],"wp:attachment":[{"href":"https:\/\/mrgreencasinos.com\/fr\/wp-json\/wp\/v2\/media?parent=1195"}],"curies":[{"name":"wp","href":"https:\/\/api.w.org\/{rel}","templated":true}]}}