{"id":1199,"date":"2023-04-30T09:16:50","date_gmt":"2023-04-30T09:16:50","guid":{"rendered":"https:\/\/mrgreencasinos.com\/dragon-wealth\/"},"modified":"2023-05-02T10:33:49","modified_gmt":"2023-05-02T10:33:49","slug":"dragon-wealth","status":"publish","type":"page","link":"https:\/\/mrgreencasinos.com\/fr\/dragon-wealth\/","title":{"rendered":"\u00c0 quoi s&rsquo;attendre de Dragon Wealth Slot Review"},"content":{"rendered":"<p>Les machines \u00e0 sous en ligne Dragon Wealth ont r\u00e9cemment gagn\u00e9 en popularit\u00e9 en tant que moyen innovant d&rsquo;\u00e9valuer la sant\u00e9 financi\u00e8re et de prendre des d\u00e9cisions d&rsquo;investissement \u00e9clair\u00e9es. Il s&rsquo;agit d&rsquo;un outil complet mais simple qui aide les gens \u00e0 \u00e9valuer leur situation financi\u00e8re actuelle et \u00e0 faire des plans pour l&rsquo;avenir. Par cons\u00e9quent, il est important de comprendre ce que propose Dragon Wealth avant de d\u00e9cider d&rsquo;investir votre argent durement gagn\u00e9.<\/p>\n<div class=\"t-go\"><a href=\"\/go-casino\/?brand=mrgreen\">BONUS DE R\u00c9CLAMATION<\/a><\/div>\n<h2>Que propose l&rsquo;examen de la machine \u00e0 sous Dragon Wealth ?<\/h2>\n<p><img loading=\"lazy\" decoding=\"async\" class=\"aligncenter wp-image-1188\" src=\"https:\/\/mrgreencasinos.com\/wp-content\/uploads\/2023\/04\/Dragon-Wealth-Slot-Review.png\" alt=\"Dragon Wealth Examen de la machine \u00e0 sous\" width=\"800\" height=\"430\" srcset=\"https:\/\/mrgreencasinos.com\/wp-content\/uploads\/2023\/04\/Dragon-Wealth-Slot-Review.png 674w, https:\/\/mrgreencasinos.com\/wp-content\/uploads\/2023\/04\/Dragon-Wealth-Slot-Review-300x161.png 300w\" sizes=\"auto, (max-width: 800px) 100vw, 800px\" \/><\/p>\n<p>La machine \u00e0 sous Dragon Wealth Review est un outil d&rsquo;\u00e9valuation financi\u00e8re complet qui permet aux utilisateurs d&rsquo;\u00e9valuer leur situation financi\u00e8re actuelle et de planifier l&rsquo;avenir. Il fournit aux utilisateurs des conseils personnalis\u00e9s sur la fa\u00e7on de mieux g\u00e9rer leurs finances et d&rsquo;am\u00e9liorer leur situation financi\u00e8re. L&rsquo;outil fournit \u00e9galement aux utilisateurs une repr\u00e9sentation graphique claire de leur situation financi\u00e8re actuelle, leur permettant d&rsquo;identifier et de r\u00e9soudre rapidement les faiblesses. L&rsquo;argent r\u00e9el Dragon Wealth offre \u00e9galement aux utilisateurs la possibilit\u00e9 de comparer leur situation financi\u00e8re avec d&rsquo;autres, leur permettant d&rsquo;identifier tous les domaines dans qu&rsquo;ils peuvent prendre du retard. Cela peut \u00eatre particuli\u00e8rement utile pour ceux qui d\u00e9butent et qui ne sont pas s\u00fbrs de leur situation financi\u00e8re. De plus, la machine \u00e0 sous Dragon Wealth Review offre aux utilisateurs la possibilit\u00e9 de suivre leurs progr\u00e8s au fil du temps et d&rsquo;apporter des ajustements \u00e0 leurs plans financiers si n\u00e9cessaire.<\/p>\n<h2>Comment fonctionne la machine \u00e0 sous Dragon Wealth Review ?<\/h2>\n<p>La machine \u00e0 sous Dragon Wealth Australia est un outil Web qui oblige les utilisateurs \u00e0 saisir leurs donn\u00e9es financi\u00e8res. Apr\u00e8s avoir saisi leurs donn\u00e9es, le syst\u00e8me g\u00e9n\u00e8re une \u00e9valuation individualis\u00e9e de leur sant\u00e9 financi\u00e8re. Cette \u00e9valuation prend en compte les objectifs \u00e0 court et \u00e0 long terme, ainsi que les revenus, les d\u00e9penses, les investissements et les passifs. Le rapport comprend \u00e9galement une analyse du profil de risque de l&rsquo;utilisateur, lui permettant de prendre des d\u00e9cisions d&rsquo;investissement \u00e9clair\u00e9es. La fente d&rsquo;examen Dragon Wealth utilise \u00e9galement un syst\u00e8me de notation complet pour fournir aux utilisateurs une \u00e9valuation compl\u00e8te de leur sant\u00e9 financi\u00e8re. Ce syst\u00e8me de notation est bas\u00e9 sur des facteurs tels que les revenus, les d\u00e9penses, les investissements, les passifs et les niveaux d&rsquo;endettement. Le score obtenu peut \u00eatre utilis\u00e9 pour d\u00e9terminer la sant\u00e9 financi\u00e8re d&rsquo;un utilisateur, les scores les plus \u00e9lev\u00e9s indiquant une meilleure sant\u00e9 financi\u00e8re et les scores les plus faibles indiquant une moins bonne sant\u00e9 financi\u00e8re.<\/p>\n<h2>Avantages de l&rsquo;utilisation de la fente d&rsquo;examen Dragon Wealth<\/h2>\n<p>La machine \u00e0 sous Dragon Wealth offre aux utilisateurs un certain nombre d&rsquo;avantages. Premi\u00e8rement, il s&rsquo;agit d&rsquo;un outil facile \u00e0 utiliser qui permet aux utilisateurs d&rsquo;\u00e9valuer rapidement leur sant\u00e9 financi\u00e8re et de prendre une d\u00e9cision \u00e9clair\u00e9e quant \u00e0 leurs investissements. Il fournit \u00e9galement aux utilisateurs une repr\u00e9sentation graphique de leur situation financi\u00e8re, leur permettant d&rsquo;identifier et de r\u00e9soudre rapidement toute faiblesse. La machine \u00e0 sous Dragon Wealth Booongo fournit \u00e9galement aux utilisateurs un syst\u00e8me d&rsquo;\u00e9valuation complet qui prend en compte les objectifs \u00e0 court et \u00e0 long terme, leur permettant prendre des d\u00e9cisions \u00e9clair\u00e9es concernant leurs investissements. De plus, il permet aux utilisateurs de suivre leurs progr\u00e8s au fil du temps et d&rsquo;apporter des ajustements \u00e0 leurs plans financiers au besoin.<\/p>\n<h2>Qu&rsquo;est-ce que la machine \u00e0 sous Dragon Wealth RTP ?<\/h2>\n<h2><img loading=\"lazy\" decoding=\"async\" class=\"aligncenter wp-image-1190\" src=\"https:\/\/mrgreencasinos.com\/wp-content\/uploads\/2023\/04\/Dragon-Wealth-Review.jpg\" alt=\"Dragon Wealth Examen\" width=\"800\" height=\"508\" srcset=\"https:\/\/mrgreencasinos.com\/wp-content\/uploads\/2023\/04\/Dragon-Wealth-Review.jpg 1200w, https:\/\/mrgreencasinos.com\/wp-content\/uploads\/2023\/04\/Dragon-Wealth-Review-300x191.jpg 300w, https:\/\/mrgreencasinos.com\/wp-content\/uploads\/2023\/04\/Dragon-Wealth-Review-1024x650.jpg 1024w, https:\/\/mrgreencasinos.com\/wp-content\/uploads\/2023\/04\/Dragon-Wealth-Review-768x488.jpg 768w, https:\/\/mrgreencasinos.com\/wp-content\/uploads\/2023\/04\/Dragon-Wealth-Review-720x457.jpg 720w\" sizes=\"auto, (max-width: 800px) 100vw, 800px\" \/><\/h2>\n<p>Le ratio RTP d&rsquo;une machine \u00e0 sous Dragon Wealth est le montant d&rsquo;argent qu&rsquo;un joueur peut s&rsquo;attendre \u00e0 r\u00e9cup\u00e9rer sous forme de gains sur une certaine p\u00e9riode, exprim\u00e9 en pourcentage. Pour la machine \u00e0 sous Dragon Wealth, le RTP est de 96,5 %, ce qui est consid\u00e9r\u00e9 comme tr\u00e8s g\u00e9n\u00e9reux. Cela signifie que pour chaque 100 $ d\u00e9pens\u00e9s sur le jeu, un joueur peut s&rsquo;attendre \u00e0 r\u00e9cup\u00e9rer environ 96,50 $.<\/p>\n<div class=\"t-go\"><a href=\"\/go-casino\/?brand=mrgreen\">BONUS DE R\u00c9CLAMATION<\/a><\/div>\n<h2>Quelle est la volatilit\u00e9 de la machine \u00e0 sous Dragon Wealth ?<\/h2>\n<p>La volatilit\u00e9 d&rsquo;un jeu de machines \u00e0 sous est une mesure de la fr\u00e9quence et du montant des paiements du jeu. Un jeu de machines \u00e0 sous \u00e0 faible volatilit\u00e9 paiera plus g\u00e9n\u00e9ralement de petits gains, tandis qu&rsquo;un jeu de machines \u00e0 sous \u00e0 forte volatilit\u00e9 paiera moins souvent de gros gains. L&rsquo;application Dragon Wealth est consid\u00e9r\u00e9e comme un jeu avec des fluctuations moyennes, c&rsquo;est-\u00e0-dire qu&rsquo;elle verse des gains plus petits plus g\u00e9n\u00e9ralement qu&rsquo;un jeu \u00e0 forte volatilit\u00e9, mais de gros gains moins fr\u00e9quemment qu&rsquo;un jeu \u00e0 faible volatilit\u00e9.<\/p>\n<h2>FAQ<\/h2>\n<h3>Quels sont les symboles gagnants ?<\/h3>\n<p>Tous les symboles sur les rouleaux de la machine \u00e0 sous Dragon Wealth sont r\u00e9alis\u00e9s avec un th\u00e8me chinois. Parmi eux se trouvent des dragons, des pi\u00e8ces de monnaie, des lanternes et plus encore. Le jeu Dragon Wealth comporte \u00e9galement plusieurs symboles sp\u00e9ciaux tels que le symbole sauvage, les tours gratuits Dragon Wealth et le jackpot progressif.<\/p>\n<h3>Comment gagner le jackpot progressif ?<\/h3>\n<p>Le jackpot progressif dans les tours gratuits de Dragon Wealth sans d\u00e9p\u00f4t est d\u00e9clench\u00e9 lorsque trois symboles de jackpot ou plus frappent les rouleaux. Une fois le pot activ\u00e9, le joueur re\u00e7oit une somme d&rsquo;argent al\u00e9atoire. Le montant du jackpot peut varier, mais il peut repr\u00e9senter cinq mille fois le montant de votre mise.<\/p>\n","protected":false},"excerpt":{"rendered":"<p>Les machines \u00e0 sous en ligne Dragon Wealth ont r\u00e9cemment gagn\u00e9 en popularit\u00e9 en tant que moyen innovant d&rsquo;\u00e9valuer la [&hellip;]<\/p>\n","protected":false},"author":1,"featured_media":0,"parent":0,"menu_order":0,"comment_status":"closed","ping_status":"closed","template":"","meta":{"footnotes":""},"class_list":["post-1199","page","type-page","status-publish","hentry"],"acf":[],"yoast_head":"<!-- This site is optimized with the Yoast SEO plugin v17.9 - https:\/\/yoast.com\/wordpress\/plugins\/seo\/ -->\n<title>Critique de la machine \u00e0 sous Dragon Wealth (2023) | RTP - mrgreencasinos.com<\/title>\n<meta name=\"description\" content=\"Machine \u00e0 sous Dragon Wealth \u2705 Notes des vrais joueurs, mode de jeu gratuit, captures d&#039;\u00e9cran gagnantes, codes bonus \u2705 Essayez la machine \u00e0 sous Dragon Wealth\" \/>\n<meta name=\"robots\" content=\"index, follow, max-snippet:-1, max-image-preview:large, max-video-preview:-1\" \/>\n<link rel=\"canonical\" href=\"https:\/\/mrgreencasinos.com\/fr\/dragon-wealth\/\" \/>\n<meta property=\"og:type\" content=\"article\" \/>\n<meta property=\"og:title\" content=\"Critique de la machine \u00e0 sous Dragon Wealth (2023) | RTP - mrgreencasinos.com\" \/>\n<meta property=\"og:description\" content=\"Machine \u00e0 sous Dragon Wealth \u2705 Notes des vrais joueurs, mode de jeu gratuit, captures d&#039;\u00e9cran gagnantes, codes bonus \u2705 Essayez la machine \u00e0 sous Dragon Wealth\" \/>\n<meta property=\"og:url\" content=\"https:\/\/mrgreencasinos.com\/fr\/dragon-wealth\/\" \/>\n<meta property=\"og:site_name\" content=\"Casino MR Green\" \/>\n<meta property=\"article:modified_time\" content=\"2023-05-02T10:33:49+00:00\" \/>\n<meta property=\"og:image\" content=\"https:\/\/mrgreencasinos.com\/wp-content\/uploads\/2023\/04\/Dragon-Wealth-Slot-Review.png\" \/>\n<meta name=\"twitter:card\" content=\"summary_large_image\" \/>\n<meta name=\"twitter:label1\" content=\"Dur\u00e9e de lecture estim\u00e9e\" \/>\n\t<meta name=\"twitter:data1\" content=\"5 minutes\" \/>\n<script type=\"application\/ld+json\" class=\"yoast-schema-graph\">{\"@context\":\"https:\/\/schema.org\",\"@graph\":[{\"@type\":\"WebSite\",\"@id\":\"https:\/\/mrgreencasinos.com\/#website\",\"url\":\"https:\/\/mrgreencasinos.com\/\",\"name\":\"Casino MR Green\",\"description\":\"\",\"potentialAction\":[{\"@type\":\"SearchAction\",\"target\":{\"@type\":\"EntryPoint\",\"urlTemplate\":\"https:\/\/mrgreencasinos.com\/?s={search_term_string}\"},\"query-input\":\"required name=search_term_string\"}],\"inLanguage\":\"fr-FR\"},{\"@type\":\"ImageObject\",\"@id\":\"https:\/\/mrgreencasinos.com\/fr\/dragon-wealth\/#primaryimage\",\"inLanguage\":\"fr-FR\",\"url\":\"https:\/\/mrgreencasinos.com\/wp-content\/uploads\/2023\/04\/Dragon-Wealth-Slot-Review.png\",\"contentUrl\":\"https:\/\/mrgreencasinos.com\/wp-content\/uploads\/2023\/04\/Dragon-Wealth-Slot-Review.png\",\"width\":674,\"height\":362,\"caption\":\"Dragon Wealth Slot Review\"},{\"@type\":\"WebPage\",\"@id\":\"https:\/\/mrgreencasinos.com\/fr\/dragon-wealth\/#webpage\",\"url\":\"https:\/\/mrgreencasinos.com\/fr\/dragon-wealth\/\",\"name\":\"Critique de la machine \\u00e0 sous Dragon Wealth (2023) | RTP - mrgreencasinos.com\",\"isPartOf\":{\"@id\":\"https:\/\/mrgreencasinos.com\/#website\"},\"primaryImageOfPage\":{\"@id\":\"https:\/\/mrgreencasinos.com\/fr\/dragon-wealth\/#primaryimage\"},\"datePublished\":\"2023-04-30T09:16:50+00:00\",\"dateModified\":\"2023-05-02T10:33:49+00:00\",\"description\":\"Machine \\u00e0 sous Dragon Wealth \\u2705 Notes des vrais joueurs, mode de jeu gratuit, captures d'\\u00e9cran gagnantes, codes bonus \\u2705 Essayez la machine \\u00e0 sous Dragon Wealth\",\"breadcrumb\":{\"@id\":\"https:\/\/mrgreencasinos.com\/fr\/dragon-wealth\/#breadcrumb\"},\"inLanguage\":\"fr-FR\",\"potentialAction\":[{\"@type\":\"ReadAction\",\"target\":[\"https:\/\/mrgreencasinos.com\/fr\/dragon-wealth\/\"]}]},{\"@type\":\"BreadcrumbList\",\"@id\":\"https:\/\/mrgreencasinos.com\/fr\/dragon-wealth\/#breadcrumb\",\"itemListElement\":[{\"@type\":\"ListItem\",\"position\":1,\"name\":\"Home\",\"item\":\"https:\/\/mrgreencasinos.com\/fr\/review-of-the-official-mr-green-website\/\"},{\"@type\":\"ListItem\",\"position\":2,\"name\":\"\\u00c0 quoi s&#8217;attendre de Dragon Wealth Slot Review\"}]}]}<\/script>\n<!-- \/ Yoast SEO plugin. -->","yoast_head_json":{"title":"Critique de la machine \u00e0 sous Dragon Wealth (2023) | RTP - mrgreencasinos.com","description":"Machine \u00e0 sous Dragon Wealth \u2705 Notes des vrais joueurs, mode de jeu gratuit, captures d'\u00e9cran gagnantes, codes bonus \u2705 Essayez la machine \u00e0 sous Dragon Wealth","robots":{"index":"index","follow":"follow","max-snippet":"max-snippet:-1","max-image-preview":"max-image-preview:large","max-video-preview":"max-video-preview:-1"},"canonical":"https:\/\/mrgreencasinos.com\/fr\/dragon-wealth\/","og_type":"article","og_title":"Critique de la machine \u00e0 sous Dragon Wealth (2023) | RTP - mrgreencasinos.com","og_description":"Machine \u00e0 sous Dragon Wealth \u2705 Notes des vrais joueurs, mode de jeu gratuit, captures d'\u00e9cran gagnantes, codes bonus \u2705 Essayez la machine \u00e0 sous Dragon Wealth","og_url":"https:\/\/mrgreencasinos.com\/fr\/dragon-wealth\/","og_site_name":"Casino MR Green","article_modified_time":"2023-05-02T10:33:49+00:00","og_image":[{"url":"https:\/\/mrgreencasinos.com\/wp-content\/uploads\/2023\/04\/Dragon-Wealth-Slot-Review.png"}],"twitter_card":"summary_large_image","twitter_misc":{"Dur\u00e9e de lecture estim\u00e9e":"5 minutes"},"schema":{"@context":"https:\/\/schema.org","@graph":[{"@type":"WebSite","@id":"https:\/\/mrgreencasinos.com\/#website","url":"https:\/\/mrgreencasinos.com\/","name":"Casino MR Green","description":"","potentialAction":[{"@type":"SearchAction","target":{"@type":"EntryPoint","urlTemplate":"https:\/\/mrgreencasinos.com\/?s={search_term_string}"},"query-input":"required name=search_term_string"}],"inLanguage":"fr-FR"},{"@type":"ImageObject","@id":"https:\/\/mrgreencasinos.com\/fr\/dragon-wealth\/#primaryimage","inLanguage":"fr-FR","url":"https:\/\/mrgreencasinos.com\/wp-content\/uploads\/2023\/04\/Dragon-Wealth-Slot-Review.png","contentUrl":"https:\/\/mrgreencasinos.com\/wp-content\/uploads\/2023\/04\/Dragon-Wealth-Slot-Review.png","width":674,"height":362,"caption":"Dragon Wealth Slot Review"},{"@type":"WebPage","@id":"https:\/\/mrgreencasinos.com\/fr\/dragon-wealth\/#webpage","url":"https:\/\/mrgreencasinos.com\/fr\/dragon-wealth\/","name":"Critique de la machine \u00e0 sous Dragon Wealth (2023) | RTP - mrgreencasinos.com","isPartOf":{"@id":"https:\/\/mrgreencasinos.com\/#website"},"primaryImageOfPage":{"@id":"https:\/\/mrgreencasinos.com\/fr\/dragon-wealth\/#primaryimage"},"datePublished":"2023-04-30T09:16:50+00:00","dateModified":"2023-05-02T10:33:49+00:00","description":"Machine \u00e0 sous Dragon Wealth \u2705 Notes des vrais joueurs, mode de jeu gratuit, captures d'\u00e9cran gagnantes, codes bonus \u2705 Essayez la machine \u00e0 sous Dragon Wealth","breadcrumb":{"@id":"https:\/\/mrgreencasinos.com\/fr\/dragon-wealth\/#breadcrumb"},"inLanguage":"fr-FR","potentialAction":[{"@type":"ReadAction","target":["https:\/\/mrgreencasinos.com\/fr\/dragon-wealth\/"]}]},{"@type":"BreadcrumbList","@id":"https:\/\/mrgreencasinos.com\/fr\/dragon-wealth\/#breadcrumb","itemListElement":[{"@type":"ListItem","position":1,"name":"Home","item":"https:\/\/mrgreencasinos.com\/fr\/review-of-the-official-mr-green-website\/"},{"@type":"ListItem","position":2,"name":"\u00c0 quoi s&#8217;attendre de Dragon Wealth Slot Review"}]}]}},"_links":{"self":[{"href":"https:\/\/mrgreencasinos.com\/fr\/wp-json\/wp\/v2\/pages\/1199","targetHints":{"allow":["GET"]}}],"collection":[{"href":"https:\/\/mrgreencasinos.com\/fr\/wp-json\/wp\/v2\/pages"}],"about":[{"href":"https:\/\/mrgreencasinos.com\/fr\/wp-json\/wp\/v2\/types\/page"}],"author":[{"embeddable":true,"href":"https:\/\/mrgreencasinos.com\/fr\/wp-json\/wp\/v2\/users\/1"}],"replies":[{"embeddable":true,"href":"https:\/\/mrgreencasinos.com\/fr\/wp-json\/wp\/v2\/comments?post=1199"}],"version-history":[{"count":2,"href":"https:\/\/mrgreencasinos.com\/fr\/wp-json\/wp\/v2\/pages\/1199\/revisions"}],"predecessor-version":[{"id":1201,"href":"https:\/\/mrgreencasinos.com\/fr\/wp-json\/wp\/v2\/pages\/1199\/revisions\/1201"}],"wp:attachment":[{"href":"https:\/\/mrgreencasinos.com\/fr\/wp-json\/wp\/v2\/media?parent=1199"}],"curies":[{"name":"wp","href":"https:\/\/api.w.org\/{rel}","templated":true}]}}