{"id":1221,"date":"2023-05-01T08:22:17","date_gmt":"2023-05-01T08:22:17","guid":{"rendered":"https:\/\/mrgreencasinos.com\/pearl-diver\/"},"modified":"2023-05-02T10:35:48","modified_gmt":"2023-05-02T10:35:48","slug":"pearl-diver","status":"publish","type":"page","link":"https:\/\/mrgreencasinos.com\/fr\/pearl-diver\/","title":{"rendered":"Pr\u00e9sentation de la machine \u00e0 sous Pearl Diver\u00a0: D\u00e9couvrez le tr\u00e9sor cach\u00e9"},"content":{"rendered":"<p>Pearl Diver Booongo est une machine \u00e0 sous \u00e0 cinq rouleaux de Play&rsquo;n Go. Il a un th\u00e8me sous-marin unique avec une vari\u00e9t\u00e9 de cr\u00e9atures marines, y compris une hu\u00eetre et un magnifique plongeur de perles. Les joueurs adoreront les couleurs vives et les graphismes d\u00e9taill\u00e9s de ce jeu.<\/p>\n<div class=\"t-go\"><a href=\"\/go-casino\/?brand=mrgreen\">BONUS DE R\u00c9CLAMATION<\/a><\/div>\n<h2>Jouabilit\u00e9<\/h2>\n<p>L&rsquo;argent r\u00e9el Pearl Diver est une machine \u00e0 sous \u00e0 cinq rouleaux avec 20 lignes de paiement. Le but du jeu est de collecter les symboles sur les rouleaux et de gagner des prix. Le symbole wild est le plongeur de perles, qui peut remplacer n&rsquo;importe quel autre personnage pour cr\u00e9er des combinaisons gagnantes. Il y a aussi un symbole scatter qui d\u00e9clenche une s\u00e9rie de tours gratuits.<\/p>\n<h2><img loading=\"lazy\" decoding=\"async\" class=\"aligncenter wp-image-1207\" src=\"https:\/\/mrgreencasinos.com\/wp-content\/uploads\/2023\/05\/Pearl-Diver-overview-slot.png\" alt=\"Pearl Diver fente d'aper\u00e7u\" width=\"800\" height=\"450\" srcset=\"https:\/\/mrgreencasinos.com\/wp-content\/uploads\/2023\/05\/Pearl-Diver-overview-slot.png 1280w, https:\/\/mrgreencasinos.com\/wp-content\/uploads\/2023\/05\/Pearl-Diver-overview-slot-300x169.png 300w, https:\/\/mrgreencasinos.com\/wp-content\/uploads\/2023\/05\/Pearl-Diver-overview-slot-1024x576.png 1024w, https:\/\/mrgreencasinos.com\/wp-content\/uploads\/2023\/05\/Pearl-Diver-overview-slot-768x432.png 768w, https:\/\/mrgreencasinos.com\/wp-content\/uploads\/2023\/05\/Pearl-Diver-overview-slot-720x405.png 720w\" sizes=\"auto, (max-width: 800px) 100vw, 800px\" \/><\/h2>\n<h2>Caract\u00e9ristiques sp\u00e9ciales<\/h2>\n<p>La principale caract\u00e9ristique de Pearl Diver Australia est le tour de tours gratuits. Il est d\u00e9clench\u00e9 par trois symboles scatter ou plus n&rsquo;importe o\u00f9 sur les rouleaux. Vous recevrez dix tours gratuits et tous les gains de ce tour sont tripl\u00e9s. De plus, le jeu a une fonction de jeu. Apr\u00e8s chaque tour gagnant, vous pouvez choisir un pari pour doubler vos gains. On vous pr\u00e9sentera une carte face cach\u00e9e et vous devrez deviner si elle est rouge ou noire. Si vous devinez correctement, vos gains seront doubl\u00e9s, mais si vous pensez mal, vous perdez tout.<\/p>\n<h2>Graphiques et son<\/h2>\n<p>Pearl Diver a d&rsquo;excellents graphismes et effets sonores. Les symboles sont color\u00e9s et d\u00e9taill\u00e9s, et les rouleaux sont plac\u00e9s sur un magnifique fond sous-marin. La bande-son est \u00e9galement appropri\u00e9e, avec une m\u00e9lodie apaisante et apaisante.<\/p>\n<h2>Avantages et inconv\u00e9nients<\/h2>\n<p>Avantages de<\/p>\n<ul>\n<li>Th\u00e8me sous-marin unique.<\/li>\n<li>Symboles Wild et Scatter.<\/li>\n<li>Tours gratuits de Pearl Diver.<\/li>\n<li>Fonction de pari.<\/li>\n<li>Excellents graphismes et son.<\/li>\n<\/ul>\n<p>Les inconv\u00e9nients<\/p>\n<ul>\n<li>Gains maximum bas<\/li>\n<li>Jeu lent<\/li>\n<\/ul>\n<h2>Qu&rsquo;est-ce que les slots RTP Pearl Diver ?<\/h2>\n<p>Le RTP de Pearl Diver signifie Return To Player, et c&rsquo;est un pourcentage qui vous indique combien de votre mise vous sera rendue au fil du temps. Pearl Diver a un RTP de 95,08 %, ce qui est consid\u00e9r\u00e9 comme assez \u00e9lev\u00e9 pour un jeu de machine \u00e0 sous. Cela signifie qu&rsquo;en moyenne, vous pouvez vous attendre \u00e0 r\u00e9cup\u00e9rer 95,08 % de votre mise sur une longue p\u00e9riode. C&rsquo;est une bonne nouvelle pour les joueurs, car cela signifie que la probabilit\u00e9 de gagner est plus \u00e9lev\u00e9e.<\/p>\n<h2>Quelle est la volatilit\u00e9 de la machine \u00e0 sous Pearl Diver ?<\/h2>\n<p>La volatilit\u00e9 des machines \u00e0 sous Pearl Diver est une mesure du risque du jeu de machine \u00e0 sous. Un jeu avec une faible volatilit\u00e9 paiera plus souvent, mais les gains sont g\u00e9n\u00e9ralement plus petits. D&rsquo;un autre c\u00f4t\u00e9, un jeu avec une volatilit\u00e9 \u00e9lev\u00e9e paiera g\u00e9n\u00e9ralement moins, mais le paiement est g\u00e9n\u00e9ralement plus important. Pearl Diver a une volatilit\u00e9 moyenne, ce qui signifie qu&rsquo;il paie assez r\u00e9guli\u00e8rement, mais avec un niveau de risque d\u00e9cent.<\/p>\n<div class=\"t-go\"><a href=\"\/go-casino\/?brand=mrgreen\">BONUS DE R\u00c9CLAMATION<\/a><\/div>\n<h2>Comment le RTP et la volatilit\u00e9 de Pearl Diver affectent-ils votre gameplay ?<\/h2>\n<p><img loading=\"lazy\" decoding=\"async\" class=\"aligncenter wp-image-1205\" src=\"https:\/\/mrgreencasinos.com\/wp-content\/uploads\/2023\/05\/Pearl-Diver-overview.png\" alt=\"Pearl Diver aper\u00e7u\" width=\"800\" height=\"450\" srcset=\"https:\/\/mrgreencasinos.com\/wp-content\/uploads\/2023\/05\/Pearl-Diver-overview.png 1280w, https:\/\/mrgreencasinos.com\/wp-content\/uploads\/2023\/05\/Pearl-Diver-overview-300x169.png 300w, https:\/\/mrgreencasinos.com\/wp-content\/uploads\/2023\/05\/Pearl-Diver-overview-1024x576.png 1024w, https:\/\/mrgreencasinos.com\/wp-content\/uploads\/2023\/05\/Pearl-Diver-overview-768x432.png 768w, https:\/\/mrgreencasinos.com\/wp-content\/uploads\/2023\/05\/Pearl-Diver-overview-720x405.png 720w\" sizes=\"auto, (max-width: 800px) 100vw, 800px\" \/><\/p>\n<p>Le RTP et la volatilit\u00e9 de la machine \u00e0 sous Pearl Diver peuvent avoir un impact sur votre gameplay. Un RTP \u00e9lev\u00e9 signifie que vous avez une meilleure chance de gagner que lorsque vous jouez avec un RTP inf\u00e9rieur. Une volatilit\u00e9 moyenne signifie \u00e9galement que vous pouvez vous attendre \u00e0 un flux de gains assez r\u00e9gulier mais avec un niveau de risque d\u00e9cent. C&rsquo;est une excellente combinaison pour les joueurs qui aiment prendre un peu de risque et qui ont encore de bonnes chances de gagner.<\/p>\n<h2>FAQ<\/h2>\n<h3>Quel genre de bonus offre la machine \u00e0 sous Pearl Diver ?<\/h3>\n<p>La machine \u00e0 sous Pearl Diver offre de nombreux bonus pour vous aider \u00e0 maximiser vos chances de gagner. Ces bonus incluent des tours gratuits, des symboles joker et des multiplicateurs. Ces bonus vous aideront \u00e0 augmenter vos chances de gros gains. Selon le jeu Pearl Diver que vous avez choisi, vous pouvez compter sur d&rsquo;autres prix int\u00e9ressants, tels que des symboles scatter, des tours bonus et des jackpots progressifs.<\/p>\n<h3>Comment savoir si Pearl Diver me convient ?<\/h3>\n<p>Avant de d\u00e9cider de jouer \u00e0 la machine \u00e0 sous Pearl Diver, il est essentiel de prendre en compte vos objectifs et votre budget. Il est important de noter que ces machines \u00e0 sous offrent de nombreuses options de pari, il est donc n\u00e9cessaire de choisir une machine \u00e0 sous qui correspond \u00e0 votre budget. De plus, ces machines \u00e0 sous ont des th\u00e8mes diff\u00e9rents, il est donc essentiel d&rsquo;en choisir une qui correspond \u00e0 vos int\u00e9r\u00eats.<\/p>\n<h3>Quel est le retour moyen au joueur (RTP) pour la machine \u00e0 sous Pearl Diver ?<\/h3>\n<p>Le ratio moyen de retour au joueur (RTP) pour la machine \u00e0 sous Pearl Diver pokies est de 95 %. Cela signifie que pour chaque 100 $ que vous mettez en jeu, le moteur rapporte en moyenne 95 $ de gains. Il est important de noter que ce RTP peut varier d&rsquo;un jeu \u00e0 l&rsquo;autre, il est donc essentiel de v\u00e9rifier le RTP avant de jouer.<\/p>\n<h2>Conclusion<\/h2>\n<p>Pearl Diver est une machine \u00e0 sous unique et agr\u00e9able de Play&rsquo;n Go. Il a un th\u00e8me g\u00e9nial et de nombreuses fonctionnalit\u00e9s uniques qui ne vous laisseront pas vous ennuyer. Les graphismes et le son sont excellents, et la fonction de jeu est un ajout int\u00e9ressant. Le seul inconv\u00e9nient est le faible gain maximum, qui peut effrayer certains joueurs.<\/p>\n","protected":false},"excerpt":{"rendered":"<p>Pearl Diver Booongo est une machine \u00e0 sous \u00e0 cinq rouleaux de Play&rsquo;n Go. Il a un th\u00e8me sous-marin unique [&hellip;]<\/p>\n","protected":false},"author":1,"featured_media":0,"parent":0,"menu_order":0,"comment_status":"closed","ping_status":"closed","template":"","meta":{"footnotes":""},"class_list":["post-1221","page","type-page","status-publish","hentry"],"acf":[],"yoast_head":"<!-- This site is optimized with the Yoast SEO plugin v17.9 - https:\/\/yoast.com\/wordpress\/plugins\/seo\/ -->\n<title>Machine \u00e0 sous Pearl Diver (2023) | RTP - mrgreencasinos.com<\/title>\n<meta name=\"description\" content=\"Machine \u00e0 sous Pearl Diver \u2705 Notes des vrais joueurs, mode de jeu gratuit, captures d&#039;\u00e9cran gagnantes, codes bonus \u2705 Essayez la machine \u00e0 sous Pearl Diver\" \/>\n<meta name=\"robots\" content=\"index, follow, max-snippet:-1, max-image-preview:large, max-video-preview:-1\" \/>\n<link rel=\"canonical\" href=\"https:\/\/mrgreencasinos.com\/fr\/pearl-diver\/\" \/>\n<meta property=\"og:type\" content=\"article\" \/>\n<meta property=\"og:title\" content=\"Machine \u00e0 sous Pearl Diver (2023) | RTP - mrgreencasinos.com\" \/>\n<meta property=\"og:description\" content=\"Machine \u00e0 sous Pearl Diver \u2705 Notes des vrais joueurs, mode de jeu gratuit, captures d&#039;\u00e9cran gagnantes, codes bonus \u2705 Essayez la machine \u00e0 sous Pearl Diver\" \/>\n<meta property=\"og:url\" content=\"https:\/\/mrgreencasinos.com\/fr\/pearl-diver\/\" \/>\n<meta property=\"og:site_name\" content=\"Casino MR Green\" \/>\n<meta property=\"article:modified_time\" content=\"2023-05-02T10:35:48+00:00\" \/>\n<meta property=\"og:image\" content=\"https:\/\/mrgreencasinos.com\/wp-content\/uploads\/2023\/05\/Pearl-Diver-overview-slot.png\" \/>\n<meta name=\"twitter:card\" content=\"summary_large_image\" \/>\n<meta name=\"twitter:label1\" content=\"Dur\u00e9e de lecture estim\u00e9e\" \/>\n\t<meta name=\"twitter:data1\" content=\"5 minutes\" \/>\n<script type=\"application\/ld+json\" class=\"yoast-schema-graph\">{\"@context\":\"https:\/\/schema.org\",\"@graph\":[{\"@type\":\"WebSite\",\"@id\":\"https:\/\/mrgreencasinos.com\/#website\",\"url\":\"https:\/\/mrgreencasinos.com\/\",\"name\":\"Casino MR Green\",\"description\":\"\",\"potentialAction\":[{\"@type\":\"SearchAction\",\"target\":{\"@type\":\"EntryPoint\",\"urlTemplate\":\"https:\/\/mrgreencasinos.com\/?s={search_term_string}\"},\"query-input\":\"required name=search_term_string\"}],\"inLanguage\":\"fr-FR\"},{\"@type\":\"ImageObject\",\"@id\":\"https:\/\/mrgreencasinos.com\/fr\/pearl-diver\/#primaryimage\",\"inLanguage\":\"fr-FR\",\"url\":\"https:\/\/mrgreencasinos.com\/wp-content\/uploads\/2023\/05\/Pearl-Diver-overview-slot.png\",\"contentUrl\":\"https:\/\/mrgreencasinos.com\/wp-content\/uploads\/2023\/05\/Pearl-Diver-overview-slot.png\",\"width\":1280,\"height\":720,\"caption\":\"Pearl Diver overview slot\"},{\"@type\":\"WebPage\",\"@id\":\"https:\/\/mrgreencasinos.com\/fr\/pearl-diver\/#webpage\",\"url\":\"https:\/\/mrgreencasinos.com\/fr\/pearl-diver\/\",\"name\":\"Machine \\u00e0 sous Pearl Diver (2023) | RTP - mrgreencasinos.com\",\"isPartOf\":{\"@id\":\"https:\/\/mrgreencasinos.com\/#website\"},\"primaryImageOfPage\":{\"@id\":\"https:\/\/mrgreencasinos.com\/fr\/pearl-diver\/#primaryimage\"},\"datePublished\":\"2023-05-01T08:22:17+00:00\",\"dateModified\":\"2023-05-02T10:35:48+00:00\",\"description\":\"Machine \\u00e0 sous Pearl Diver \\u2705 Notes des vrais joueurs, mode de jeu gratuit, captures d'\\u00e9cran gagnantes, codes bonus \\u2705 Essayez la machine \\u00e0 sous Pearl Diver\",\"breadcrumb\":{\"@id\":\"https:\/\/mrgreencasinos.com\/fr\/pearl-diver\/#breadcrumb\"},\"inLanguage\":\"fr-FR\",\"potentialAction\":[{\"@type\":\"ReadAction\",\"target\":[\"https:\/\/mrgreencasinos.com\/fr\/pearl-diver\/\"]}]},{\"@type\":\"BreadcrumbList\",\"@id\":\"https:\/\/mrgreencasinos.com\/fr\/pearl-diver\/#breadcrumb\",\"itemListElement\":[{\"@type\":\"ListItem\",\"position\":1,\"name\":\"Home\",\"item\":\"https:\/\/mrgreencasinos.com\/fr\/review-of-the-official-mr-green-website\/\"},{\"@type\":\"ListItem\",\"position\":2,\"name\":\"Pr\\u00e9sentation de la machine \\u00e0 sous Pearl Diver\\u00a0: D\\u00e9couvrez le tr\\u00e9sor cach\\u00e9\"}]}]}<\/script>\n<!-- \/ Yoast SEO plugin. -->","yoast_head_json":{"title":"Machine \u00e0 sous Pearl Diver (2023) | RTP - mrgreencasinos.com","description":"Machine \u00e0 sous Pearl Diver \u2705 Notes des vrais joueurs, mode de jeu gratuit, captures d'\u00e9cran gagnantes, codes bonus \u2705 Essayez la machine \u00e0 sous Pearl Diver","robots":{"index":"index","follow":"follow","max-snippet":"max-snippet:-1","max-image-preview":"max-image-preview:large","max-video-preview":"max-video-preview:-1"},"canonical":"https:\/\/mrgreencasinos.com\/fr\/pearl-diver\/","og_type":"article","og_title":"Machine \u00e0 sous Pearl Diver (2023) | RTP - mrgreencasinos.com","og_description":"Machine \u00e0 sous Pearl Diver \u2705 Notes des vrais joueurs, mode de jeu gratuit, captures d'\u00e9cran gagnantes, codes bonus \u2705 Essayez la machine \u00e0 sous Pearl Diver","og_url":"https:\/\/mrgreencasinos.com\/fr\/pearl-diver\/","og_site_name":"Casino MR Green","article_modified_time":"2023-05-02T10:35:48+00:00","og_image":[{"url":"https:\/\/mrgreencasinos.com\/wp-content\/uploads\/2023\/05\/Pearl-Diver-overview-slot.png"}],"twitter_card":"summary_large_image","twitter_misc":{"Dur\u00e9e de lecture estim\u00e9e":"5 minutes"},"schema":{"@context":"https:\/\/schema.org","@graph":[{"@type":"WebSite","@id":"https:\/\/mrgreencasinos.com\/#website","url":"https:\/\/mrgreencasinos.com\/","name":"Casino MR Green","description":"","potentialAction":[{"@type":"SearchAction","target":{"@type":"EntryPoint","urlTemplate":"https:\/\/mrgreencasinos.com\/?s={search_term_string}"},"query-input":"required name=search_term_string"}],"inLanguage":"fr-FR"},{"@type":"ImageObject","@id":"https:\/\/mrgreencasinos.com\/fr\/pearl-diver\/#primaryimage","inLanguage":"fr-FR","url":"https:\/\/mrgreencasinos.com\/wp-content\/uploads\/2023\/05\/Pearl-Diver-overview-slot.png","contentUrl":"https:\/\/mrgreencasinos.com\/wp-content\/uploads\/2023\/05\/Pearl-Diver-overview-slot.png","width":1280,"height":720,"caption":"Pearl Diver overview slot"},{"@type":"WebPage","@id":"https:\/\/mrgreencasinos.com\/fr\/pearl-diver\/#webpage","url":"https:\/\/mrgreencasinos.com\/fr\/pearl-diver\/","name":"Machine \u00e0 sous Pearl Diver (2023) | RTP - mrgreencasinos.com","isPartOf":{"@id":"https:\/\/mrgreencasinos.com\/#website"},"primaryImageOfPage":{"@id":"https:\/\/mrgreencasinos.com\/fr\/pearl-diver\/#primaryimage"},"datePublished":"2023-05-01T08:22:17+00:00","dateModified":"2023-05-02T10:35:48+00:00","description":"Machine \u00e0 sous Pearl Diver \u2705 Notes des vrais joueurs, mode de jeu gratuit, captures d'\u00e9cran gagnantes, codes bonus \u2705 Essayez la machine \u00e0 sous Pearl Diver","breadcrumb":{"@id":"https:\/\/mrgreencasinos.com\/fr\/pearl-diver\/#breadcrumb"},"inLanguage":"fr-FR","potentialAction":[{"@type":"ReadAction","target":["https:\/\/mrgreencasinos.com\/fr\/pearl-diver\/"]}]},{"@type":"BreadcrumbList","@id":"https:\/\/mrgreencasinos.com\/fr\/pearl-diver\/#breadcrumb","itemListElement":[{"@type":"ListItem","position":1,"name":"Home","item":"https:\/\/mrgreencasinos.com\/fr\/review-of-the-official-mr-green-website\/"},{"@type":"ListItem","position":2,"name":"Pr\u00e9sentation de la machine \u00e0 sous Pearl Diver\u00a0: D\u00e9couvrez le tr\u00e9sor cach\u00e9"}]}]}},"_links":{"self":[{"href":"https:\/\/mrgreencasinos.com\/fr\/wp-json\/wp\/v2\/pages\/1221","targetHints":{"allow":["GET"]}}],"collection":[{"href":"https:\/\/mrgreencasinos.com\/fr\/wp-json\/wp\/v2\/pages"}],"about":[{"href":"https:\/\/mrgreencasinos.com\/fr\/wp-json\/wp\/v2\/types\/page"}],"author":[{"embeddable":true,"href":"https:\/\/mrgreencasinos.com\/fr\/wp-json\/wp\/v2\/users\/1"}],"replies":[{"embeddable":true,"href":"https:\/\/mrgreencasinos.com\/fr\/wp-json\/wp\/v2\/comments?post=1221"}],"version-history":[{"count":2,"href":"https:\/\/mrgreencasinos.com\/fr\/wp-json\/wp\/v2\/pages\/1221\/revisions"}],"predecessor-version":[{"id":1223,"href":"https:\/\/mrgreencasinos.com\/fr\/wp-json\/wp\/v2\/pages\/1221\/revisions\/1223"}],"wp:attachment":[{"href":"https:\/\/mrgreencasinos.com\/fr\/wp-json\/wp\/v2\/media?parent=1221"}],"curies":[{"name":"wp","href":"https:\/\/api.w.org\/{rel}","templated":true}]}}