{"id":1242,"date":"2023-05-02T07:56:51","date_gmt":"2023-05-02T07:56:51","guid":{"rendered":"https:\/\/mrgreencasinos.com\/legend-cleopatra-megaways\/"},"modified":"2023-05-02T10:30:17","modified_gmt":"2023-05-02T10:30:17","slug":"legend-cleopatra-megaways","status":"publish","type":"page","link":"https:\/\/mrgreencasinos.com\/fr\/legend-cleopatra-megaways\/","title":{"rendered":"Aper\u00e7u de la machine \u00e0 sous Legend of Cleopatra Megaways : une aventure \u00e9gyptienne \u00e9pique"},"content":{"rendered":"<h2>Introduction<\/h2>\n<p>Les machines \u00e0 sous \u00e0 th\u00e8me \u00e9gyptien existent depuis longtemps, mais aucune n&rsquo;a \u00e9t\u00e9 aussi g\u00e9niale que la machine \u00e0 sous Legend of Cleopatra Megaways. Cr\u00e9\u00e9e par Iron Dog Studios et sortie en 2020, cette machine \u00e0 sous est l&rsquo;une des meilleures de son genre. Avec son th\u00e8me passionnant, ses visuels incroyables et son syst\u00e8me Megaways innovant, cette machine \u00e0 sous vous offrira une exp\u00e9rience de jeu inoubliable. Lisez la suite pour en savoir plus sur le lieu, ses caract\u00e9ristiques et comment gagner gros\u00a0!<\/p>\n<div class=\"t-go\"><a href=\"\/go-casino\/?brand=mrgreen\">BONUS DE R\u00c9CLAMATION<\/a><\/div>\n<h2>Th\u00e8me et graphiques<\/h2>\n<p>L&rsquo;action de la machine \u00e0 sous Legend of Cleopatra Megaways Playson se d\u00e9roule dans l&rsquo;\u00c9gypte ancienne, et le personnage principal est Cl\u00e9op\u00e2tre, le dernier pharaon d&rsquo;\u00c9gypte par int\u00e9rim. Le jeu est magnifiquement con\u00e7u et poss\u00e8de un arri\u00e8re-plan d\u00e9taill\u00e9 qui transporte le joueur dans une \u00e9poque oubli\u00e9e. Les rouleaux sont recouverts d&rsquo;or et d\u00e9cor\u00e9s de symboles \u00e9gyptiens classiques tels que des scarab\u00e9es et des hi\u00e9roglyphes. Les personnages ont l&rsquo;air d&rsquo;\u00eatre taill\u00e9s dans la pierre et l&rsquo;effet global est incroyablement excitant.<\/p>\n<h2><img loading=\"lazy\" decoding=\"async\" class=\"aligncenter wp-image-1229\" src=\"https:\/\/mrgreencasinos.com\/wp-content\/uploads\/2023\/05\/Legend-of-Cleopatra-Megaways-Slot-Overview.jpg\" alt=\"Legend of Cleopatra Megaways Pr\u00e9sentation de l'emplacement\" width=\"800\" height=\"410\" srcset=\"https:\/\/mrgreencasinos.com\/wp-content\/uploads\/2023\/05\/Legend-of-Cleopatra-Megaways-Slot-Overview.jpg 1920w, https:\/\/mrgreencasinos.com\/wp-content\/uploads\/2023\/05\/Legend-of-Cleopatra-Megaways-Slot-Overview-300x154.jpg 300w, https:\/\/mrgreencasinos.com\/wp-content\/uploads\/2023\/05\/Legend-of-Cleopatra-Megaways-Slot-Overview-1024x525.jpg 1024w, https:\/\/mrgreencasinos.com\/wp-content\/uploads\/2023\/05\/Legend-of-Cleopatra-Megaways-Slot-Overview-768x394.jpg 768w, https:\/\/mrgreencasinos.com\/wp-content\/uploads\/2023\/05\/Legend-of-Cleopatra-Megaways-Slot-Overview-1536x787.jpg 1536w, https:\/\/mrgreencasinos.com\/wp-content\/uploads\/2023\/05\/Legend-of-Cleopatra-Megaways-Slot-Overview-720x369.jpg 720w\" sizes=\"auto, (max-width: 800px) 100vw, 800px\" \/><\/h2>\n<h2>Fonctionnalit\u00e9s et gameplay<\/h2>\n<p>The Legend of Cleopatra Megaways en argent r\u00e9el est une machine \u00e0 sous \u00e0 6 rouleaux avec jusqu&rsquo;\u00e0 117 649 m\u00e9ga explosions \u00e0 gagner. Le jeu propose \u00e9galement des rouleaux en cascade, ce qui signifie que tous les symboles gagnants seront supprim\u00e9s des rouleaux et remplac\u00e9s par de nouveaux symboles, donnant aux joueurs une chance d&rsquo;obtenir plusieurs victoires par tour. Le jeu propose \u00e9galement un jeu bonus passionnant, qui est d\u00e9clench\u00e9 lorsque trois ou plusieurs symboles scatter apparaissent sur les rouleaux. Pendant le jeu bonus, les joueurs entrent dans une pi\u00e8ce particuli\u00e8re o\u00f9 il leur est demand\u00e9 de choisir l&rsquo;une des quatre portes. Derri\u00e8re chaque porte se trouve un prix diff\u00e9rent, y compris des prix en esp\u00e8ces, des tours gratuits Legend of Cleopatra Megaways et des jeux bonus suppl\u00e9mentaires. Le jeu dispose \u00e9galement d&rsquo;une fonction Super Spin, d\u00e9clench\u00e9e lorsque six symboles scatter ou plus apparaissent sur les rouleaux. Pendant la fonction Super Spin, les joueurs recevront trois tours gratuits avec un multiplicateur al\u00e9atoire. Le multiplicateur peut atteindre jusqu&rsquo;\u00e0 10x, ce qui donne la possibilit\u00e9 de gagner d&rsquo;\u00e9normes prix.<\/p>\n<h2>Potentiel gagnant<\/h2>\n<p>Le RTP (Return to Player) de la machine \u00e0 sous Legend of Cleopatra Megaways est de 96,25 %, ce qui est l\u00e9g\u00e8rement sup\u00e9rieur \u00e0 la moyenne pour une machine \u00e0 sous. Le jeu a \u00e9galement un gain maximum incroyablement g\u00e9n\u00e9reux de 50 000 fois la mise, ce qui permet de gagner d&rsquo;\u00e9normes prix.<\/p>\n<h2>Quel est le RTP chez Legend of Cleopatra Megaways?<\/h2>\n<p>Le RTP \u00e0 la d\u00e9mo Legend of Cleopatra Megaways est un impressionnant 96,7%, l&rsquo;un des plus \u00e9lev\u00e9s de l&rsquo;industrie. Ce pourcentage montre combien d&rsquo;argent est retourn\u00e9 au joueur \u00e0 long terme tout en jouant. Ce taux RTP \u00e9lev\u00e9 est une excellente nouvelle pour les joueurs, car cela signifie qu&rsquo;ils ont de meilleures chances de gagner en jouant \u00e0 cette machine \u00e0 sous.<\/p>\n<div class=\"t-go\"><a href=\"\/go-casino\/?brand=mrgreen\">BONUS DE R\u00c9CLAMATION<\/a><\/div>\n<h2>Quelle est la volatilit\u00e9 de Legend of Cleopatra Megaways ?<\/h2>\n<p>La volatilit\u00e9 de Legend of Cleopatra Megaways Australia est \u00e9lev\u00e9e, ce qui est une excellente nouvelle pour les joueurs car cela signifie qu&rsquo;ils peuvent s&rsquo;attendre \u00e0 des gains plus importants pendant leurs sessions de jeu. Cette machine \u00e0 sous a une fr\u00e9quence de paiement tr\u00e8s \u00e9lev\u00e9e, ce qui signifie que vous aurez de nombreuses chances de gagner gros lors de chaque session de machine \u00e0 sous. Les jeux \u00e0 forte volatilit\u00e9 offrent \u00e9galement un potentiel de gains importants, mais l&rsquo;inconv\u00e9nient est que les joueurs peuvent rencontrer des s\u00e9quences de d\u00e9faites plus longues.<\/p>\n<h2><img loading=\"lazy\" decoding=\"async\" class=\"aligncenter wp-image-1232\" src=\"https:\/\/mrgreencasinos.com\/wp-content\/uploads\/2023\/05\/Legend-of-Cleopatra-Megaways-Overview.jpg\" alt=\"Legend of Cleopatra Megaways Aper\u00e7u\" width=\"800\" height=\"433\" srcset=\"https:\/\/mrgreencasinos.com\/wp-content\/uploads\/2023\/05\/Legend-of-Cleopatra-Megaways-Overview.jpg 1371w, https:\/\/mrgreencasinos.com\/wp-content\/uploads\/2023\/05\/Legend-of-Cleopatra-Megaways-Overview-300x162.jpg 300w, https:\/\/mrgreencasinos.com\/wp-content\/uploads\/2023\/05\/Legend-of-Cleopatra-Megaways-Overview-1024x554.jpg 1024w, https:\/\/mrgreencasinos.com\/wp-content\/uploads\/2023\/05\/Legend-of-Cleopatra-Megaways-Overview-768x416.jpg 768w, https:\/\/mrgreencasinos.com\/wp-content\/uploads\/2023\/05\/Legend-of-Cleopatra-Megaways-Overview-720x390.jpg 720w\" sizes=\"auto, (max-width: 800px) 100vw, 800px\" \/><\/h2>\n<h2>FAQ<\/h2>\n<h3>Quel est le gain maximum dans Legend of Cleopatra Megaways ?<\/h3>\n<p>Le gain maximum dans la machine \u00e0 sous Legend of Cleopatra Megaways est de 10 000x votre mise. Cela peut \u00eatre r\u00e9alis\u00e9 \u00e0 la fois dans le jeu de base et dans le tour de bonus.<\/p>\n<h3>Quelles sont les fonctionnalit\u00e9s de la machine \u00e0 sous Legend of Cleopatra Megaways ?<\/h3>\n<p>La machine \u00e0 sous Legend of Cleopatra Megaways poss\u00e8de un certain nombre de fonctionnalit\u00e9s int\u00e9ressantes, notamment des symboles joker en expansion, des tours gratuits et un multiplicateur al\u00e9atoire. Des symboles jokers extensibles peuvent appara\u00eetre sur n&rsquo;importe lequel des rouleaux et s&rsquo;\u00e9tendre sur l&rsquo;ensemble du rouleau. Le bonus des tours gratuits est d\u00e9clench\u00e9 par trois \u00e9parpillements ou plus sur les rouleaux. Vous obtiendrez 8 tours gratuits et pourrez gagner jusqu&rsquo;\u00e0 100 tours gratuits suppl\u00e9mentaires. Le multiplicateur al\u00e9atoire peut augmenter vos gains jusqu&rsquo;\u00e0 10 fois.<\/p>\n<h2>Conclusion<\/h2>\n<p>La machine \u00e0 sous Legend of Cleopatra Megaways est un excellent choix pour ceux qui recherchent une machine \u00e0 sous passionnante et rentable. Avec son th\u00e8me passionnant, ses graphismes incroyables et ses fonctionnalit\u00e9s innovantes, ce jeu est s\u00fbr de vous offrir une exp\u00e9rience de jeu inoubliable. Avec un RTP g\u00e9n\u00e9reux et des gains maximum de 50 000 fois la mise, ce jeu Legend of Cleopatra Megaways plaira \u00e0 coup s\u00fbr aux joueurs de tous niveaux.<\/p>\n","protected":false},"excerpt":{"rendered":"<p>Introduction Les machines \u00e0 sous \u00e0 th\u00e8me \u00e9gyptien existent depuis longtemps, mais aucune n&rsquo;a \u00e9t\u00e9 aussi g\u00e9niale que la machine [&hellip;]<\/p>\n","protected":false},"author":1,"featured_media":0,"parent":0,"menu_order":0,"comment_status":"closed","ping_status":"closed","template":"","meta":{"footnotes":""},"class_list":["post-1242","page","type-page","status-publish","hentry"],"acf":[],"yoast_head":"<!-- This site is optimized with the Yoast SEO plugin v17.9 - https:\/\/yoast.com\/wordpress\/plugins\/seo\/ -->\n<title>Revue de la machine \u00e0 sous Legend of Cleopatra Megaways (2023) | RTP - mrgreencasinos.com<\/title>\n<meta name=\"description\" content=\"Machine \u00e0 sous Legend of Cleopatra Megaways \u2705 Notes des vrais joueurs, mode de jeu gratuit, captures d&#039;\u00e9cran gagnantes, codes bonus \u2705 Essayez la machine \u00e0 sous Legend of Cleopatra Megaways\" \/>\n<meta name=\"robots\" content=\"index, follow, max-snippet:-1, max-image-preview:large, max-video-preview:-1\" \/>\n<link rel=\"canonical\" href=\"https:\/\/mrgreencasinos.com\/fr\/legend-cleopatra-megaways\/\" \/>\n<meta property=\"og:type\" content=\"article\" \/>\n<meta property=\"og:title\" content=\"Revue de la machine \u00e0 sous Legend of Cleopatra Megaways (2023) | RTP - mrgreencasinos.com\" \/>\n<meta property=\"og:description\" content=\"Machine \u00e0 sous Legend of Cleopatra Megaways \u2705 Notes des vrais joueurs, mode de jeu gratuit, captures d&#039;\u00e9cran gagnantes, codes bonus \u2705 Essayez la machine \u00e0 sous Legend of Cleopatra Megaways\" \/>\n<meta property=\"og:url\" content=\"https:\/\/mrgreencasinos.com\/fr\/legend-cleopatra-megaways\/\" \/>\n<meta property=\"og:site_name\" content=\"Casino MR Green\" \/>\n<meta property=\"article:modified_time\" content=\"2023-05-02T10:30:17+00:00\" \/>\n<meta property=\"og:image\" content=\"https:\/\/mrgreencasinos.com\/wp-content\/uploads\/2023\/05\/Legend-of-Cleopatra-Megaways-Slot-Overview.jpg\" \/>\n<meta name=\"twitter:card\" content=\"summary_large_image\" \/>\n<meta name=\"twitter:label1\" content=\"Dur\u00e9e de lecture estim\u00e9e\" \/>\n\t<meta name=\"twitter:data1\" content=\"4 minutes\" \/>\n<script type=\"application\/ld+json\" class=\"yoast-schema-graph\">{\"@context\":\"https:\/\/schema.org\",\"@graph\":[{\"@type\":\"WebSite\",\"@id\":\"https:\/\/mrgreencasinos.com\/#website\",\"url\":\"https:\/\/mrgreencasinos.com\/\",\"name\":\"Casino MR Green\",\"description\":\"\",\"potentialAction\":[{\"@type\":\"SearchAction\",\"target\":{\"@type\":\"EntryPoint\",\"urlTemplate\":\"https:\/\/mrgreencasinos.com\/?s={search_term_string}\"},\"query-input\":\"required name=search_term_string\"}],\"inLanguage\":\"fr-FR\"},{\"@type\":\"ImageObject\",\"@id\":\"https:\/\/mrgreencasinos.com\/fr\/legend-cleopatra-megaways\/#primaryimage\",\"inLanguage\":\"fr-FR\",\"url\":\"https:\/\/mrgreencasinos.com\/wp-content\/uploads\/2023\/05\/Legend-of-Cleopatra-Megaways-Slot-Overview.jpg\",\"contentUrl\":\"https:\/\/mrgreencasinos.com\/wp-content\/uploads\/2023\/05\/Legend-of-Cleopatra-Megaways-Slot-Overview.jpg\",\"width\":1920,\"height\":984,\"caption\":\"Legend of Cleopatra Megaways Slot Overview\"},{\"@type\":\"WebPage\",\"@id\":\"https:\/\/mrgreencasinos.com\/fr\/legend-cleopatra-megaways\/#webpage\",\"url\":\"https:\/\/mrgreencasinos.com\/fr\/legend-cleopatra-megaways\/\",\"name\":\"Revue de la machine \\u00e0 sous Legend of Cleopatra Megaways (2023) | RTP - mrgreencasinos.com\",\"isPartOf\":{\"@id\":\"https:\/\/mrgreencasinos.com\/#website\"},\"primaryImageOfPage\":{\"@id\":\"https:\/\/mrgreencasinos.com\/fr\/legend-cleopatra-megaways\/#primaryimage\"},\"datePublished\":\"2023-05-02T07:56:51+00:00\",\"dateModified\":\"2023-05-02T10:30:17+00:00\",\"description\":\"Machine \\u00e0 sous Legend of Cleopatra Megaways \\u2705 Notes des vrais joueurs, mode de jeu gratuit, captures d'\\u00e9cran gagnantes, codes bonus \\u2705 Essayez la machine \\u00e0 sous Legend of Cleopatra Megaways\",\"breadcrumb\":{\"@id\":\"https:\/\/mrgreencasinos.com\/fr\/legend-cleopatra-megaways\/#breadcrumb\"},\"inLanguage\":\"fr-FR\",\"potentialAction\":[{\"@type\":\"ReadAction\",\"target\":[\"https:\/\/mrgreencasinos.com\/fr\/legend-cleopatra-megaways\/\"]}]},{\"@type\":\"BreadcrumbList\",\"@id\":\"https:\/\/mrgreencasinos.com\/fr\/legend-cleopatra-megaways\/#breadcrumb\",\"itemListElement\":[{\"@type\":\"ListItem\",\"position\":1,\"name\":\"Home\",\"item\":\"https:\/\/mrgreencasinos.com\/fr\/review-of-the-official-mr-green-website\/\"},{\"@type\":\"ListItem\",\"position\":2,\"name\":\"Aper\\u00e7u de la machine \\u00e0 sous Legend of Cleopatra Megaways : une aventure \\u00e9gyptienne \\u00e9pique\"}]}]}<\/script>\n<!-- \/ Yoast SEO plugin. -->","yoast_head_json":{"title":"Revue de la machine \u00e0 sous Legend of Cleopatra Megaways (2023) | RTP - mrgreencasinos.com","description":"Machine \u00e0 sous Legend of Cleopatra Megaways \u2705 Notes des vrais joueurs, mode de jeu gratuit, captures d'\u00e9cran gagnantes, codes bonus \u2705 Essayez la machine \u00e0 sous Legend of Cleopatra Megaways","robots":{"index":"index","follow":"follow","max-snippet":"max-snippet:-1","max-image-preview":"max-image-preview:large","max-video-preview":"max-video-preview:-1"},"canonical":"https:\/\/mrgreencasinos.com\/fr\/legend-cleopatra-megaways\/","og_type":"article","og_title":"Revue de la machine \u00e0 sous Legend of Cleopatra Megaways (2023) | RTP - mrgreencasinos.com","og_description":"Machine \u00e0 sous Legend of Cleopatra Megaways \u2705 Notes des vrais joueurs, mode de jeu gratuit, captures d'\u00e9cran gagnantes, codes bonus \u2705 Essayez la machine \u00e0 sous Legend of Cleopatra Megaways","og_url":"https:\/\/mrgreencasinos.com\/fr\/legend-cleopatra-megaways\/","og_site_name":"Casino MR Green","article_modified_time":"2023-05-02T10:30:17+00:00","og_image":[{"url":"https:\/\/mrgreencasinos.com\/wp-content\/uploads\/2023\/05\/Legend-of-Cleopatra-Megaways-Slot-Overview.jpg"}],"twitter_card":"summary_large_image","twitter_misc":{"Dur\u00e9e de lecture estim\u00e9e":"4 minutes"},"schema":{"@context":"https:\/\/schema.org","@graph":[{"@type":"WebSite","@id":"https:\/\/mrgreencasinos.com\/#website","url":"https:\/\/mrgreencasinos.com\/","name":"Casino MR Green","description":"","potentialAction":[{"@type":"SearchAction","target":{"@type":"EntryPoint","urlTemplate":"https:\/\/mrgreencasinos.com\/?s={search_term_string}"},"query-input":"required name=search_term_string"}],"inLanguage":"fr-FR"},{"@type":"ImageObject","@id":"https:\/\/mrgreencasinos.com\/fr\/legend-cleopatra-megaways\/#primaryimage","inLanguage":"fr-FR","url":"https:\/\/mrgreencasinos.com\/wp-content\/uploads\/2023\/05\/Legend-of-Cleopatra-Megaways-Slot-Overview.jpg","contentUrl":"https:\/\/mrgreencasinos.com\/wp-content\/uploads\/2023\/05\/Legend-of-Cleopatra-Megaways-Slot-Overview.jpg","width":1920,"height":984,"caption":"Legend of Cleopatra Megaways Slot Overview"},{"@type":"WebPage","@id":"https:\/\/mrgreencasinos.com\/fr\/legend-cleopatra-megaways\/#webpage","url":"https:\/\/mrgreencasinos.com\/fr\/legend-cleopatra-megaways\/","name":"Revue de la machine \u00e0 sous Legend of Cleopatra Megaways (2023) | RTP - mrgreencasinos.com","isPartOf":{"@id":"https:\/\/mrgreencasinos.com\/#website"},"primaryImageOfPage":{"@id":"https:\/\/mrgreencasinos.com\/fr\/legend-cleopatra-megaways\/#primaryimage"},"datePublished":"2023-05-02T07:56:51+00:00","dateModified":"2023-05-02T10:30:17+00:00","description":"Machine \u00e0 sous Legend of Cleopatra Megaways \u2705 Notes des vrais joueurs, mode de jeu gratuit, captures d'\u00e9cran gagnantes, codes bonus \u2705 Essayez la machine \u00e0 sous Legend of Cleopatra Megaways","breadcrumb":{"@id":"https:\/\/mrgreencasinos.com\/fr\/legend-cleopatra-megaways\/#breadcrumb"},"inLanguage":"fr-FR","potentialAction":[{"@type":"ReadAction","target":["https:\/\/mrgreencasinos.com\/fr\/legend-cleopatra-megaways\/"]}]},{"@type":"BreadcrumbList","@id":"https:\/\/mrgreencasinos.com\/fr\/legend-cleopatra-megaways\/#breadcrumb","itemListElement":[{"@type":"ListItem","position":1,"name":"Home","item":"https:\/\/mrgreencasinos.com\/fr\/review-of-the-official-mr-green-website\/"},{"@type":"ListItem","position":2,"name":"Aper\u00e7u de la machine \u00e0 sous Legend of Cleopatra Megaways : une aventure \u00e9gyptienne \u00e9pique"}]}]}},"_links":{"self":[{"href":"https:\/\/mrgreencasinos.com\/fr\/wp-json\/wp\/v2\/pages\/1242","targetHints":{"allow":["GET"]}}],"collection":[{"href":"https:\/\/mrgreencasinos.com\/fr\/wp-json\/wp\/v2\/pages"}],"about":[{"href":"https:\/\/mrgreencasinos.com\/fr\/wp-json\/wp\/v2\/types\/page"}],"author":[{"embeddable":true,"href":"https:\/\/mrgreencasinos.com\/fr\/wp-json\/wp\/v2\/users\/1"}],"replies":[{"embeddable":true,"href":"https:\/\/mrgreencasinos.com\/fr\/wp-json\/wp\/v2\/comments?post=1242"}],"version-history":[{"count":2,"href":"https:\/\/mrgreencasinos.com\/fr\/wp-json\/wp\/v2\/pages\/1242\/revisions"}],"predecessor-version":[{"id":1244,"href":"https:\/\/mrgreencasinos.com\/fr\/wp-json\/wp\/v2\/pages\/1242\/revisions\/1244"}],"wp:attachment":[{"href":"https:\/\/mrgreencasinos.com\/fr\/wp-json\/wp\/v2\/media?parent=1242"}],"curies":[{"name":"wp","href":"https:\/\/api.w.org\/{rel}","templated":true}]}}