{"id":1246,"date":"2023-05-02T08:10:32","date_gmt":"2023-05-02T08:10:32","guid":{"rendered":"https:\/\/mrgreencasinos.com\/savanna-squad\/"},"modified":"2023-05-02T10:44:50","modified_gmt":"2023-05-02T10:44:50","slug":"savanna-squad","status":"publish","type":"page","link":"https:\/\/mrgreencasinos.com\/fr\/savanna-squad\/","title":{"rendered":"Revue de la machine \u00e0 sous Savanna Squad : un jeu de casino incontournable"},"content":{"rendered":"<p>La Savanna Squad est une machine \u00e0 sous en ligne passionnante et tr\u00e8s int\u00e9ressante disponible dans de nombreux casinos en ligne. Ce jeu est devenu l&rsquo;un des jeux de machines \u00e0 sous les plus populaires car il offre aux joueurs une excellente occasion de gagner de gros prix et de s&rsquo;amuser. Dans cette revue Savanna Squad, nous examinerons ce qui rend ce jeu si populaire, ce qui le rend si excitant et quels casinos le proposent.<\/p>\n<div class=\"t-go\"><a href=\"\/go-casino\/?brand=mrgreen\">BONUS DE R\u00c9CLAMATION<\/a><\/div>\n<h2>Le th\u00e8me unique et passionnant<\/h2>\n<p>L&rsquo;action du jeu de machines \u00e0 sous Savanna Squad se d\u00e9roule dans un d\u00e9cor de safari o\u00f9 l&rsquo;accent est mis sur les animaux. Ce th\u00e8me unique attire non seulement le regard mais rend \u00e9galement le jeu plus agr\u00e9able. Le jeu propose une vari\u00e9t\u00e9 d&rsquo;animaux, des \u00e9l\u00e9phants et des z\u00e8bres aux girafes et aux lions. Cela cr\u00e9e une atmosph\u00e8re excitante qui rend le jeu plus agr\u00e9able et engageant pour les joueurs.<\/p>\n<h2><img loading=\"lazy\" decoding=\"async\" class=\"aligncenter wp-image-1236\" src=\"https:\/\/mrgreencasinos.com\/wp-content\/uploads\/2023\/05\/The-Savanna-Squad-slot-review.png\" alt=\"The Savanna Squad examen de la machine \u00e0 sous\" width=\"800\" height=\"467\" srcset=\"https:\/\/mrgreencasinos.com\/wp-content\/uploads\/2023\/05\/The-Savanna-Squad-slot-review.png 1200w, https:\/\/mrgreencasinos.com\/wp-content\/uploads\/2023\/05\/The-Savanna-Squad-slot-review-300x175.png 300w, https:\/\/mrgreencasinos.com\/wp-content\/uploads\/2023\/05\/The-Savanna-Squad-slot-review-1024x597.png 1024w, https:\/\/mrgreencasinos.com\/wp-content\/uploads\/2023\/05\/The-Savanna-Squad-slot-review-768x448.png 768w, https:\/\/mrgreencasinos.com\/wp-content\/uploads\/2023\/05\/The-Savanna-Squad-slot-review-720x420.png 720w\" sizes=\"auto, (max-width: 800px) 100vw, 800px\" \/>Exciting and rewarding gameplay<\/h2>\n<p>La machine \u00e0 sous Savanna Squad offre aux joueurs un gameplay passionnant et enrichissant. Le jeu a cinq rouleaux, trois rang\u00e9es et vingt-cinq lignes de paiement. Son RTP est de 96,50%, bien au-dessus de la moyenne de l&rsquo;industrie. Cela rend le jeu rentable et permet aux joueurs d&rsquo;avoir de grandes chances de gagner de gros prix. Le jeu Savanna Squad offre \u00e9galement plusieurs fonctionnalit\u00e9s bonus, telles qu&rsquo;un bonus de tours gratuits et un symbole wild. Ces fonctionnalit\u00e9s bonus sont passionnantes et donnent au jeu un niveau d&rsquo;excitation suppl\u00e9mentaire. Cela le rend plus agr\u00e9able et permet aux joueurs d&rsquo;avoir une meilleure chance de gagner de gros prix.<\/p>\n<h2>Vari\u00e9t\u00e9 de paris<\/h2>\n<p>Savanna Squad Netgame est un excellent jeu pour ceux qui ont un budget serr\u00e9, car il offre une vari\u00e9t\u00e9 de paris diff\u00e9rents. La mise minimale n&rsquo;est que de 0,25 et la mise maximale est de 25. Cela rend le jeu accessible \u00e0 tous les types de joueurs, quel que soit leur budget.<\/p>\n<h2>Qu&rsquo;est-ce que le RTP et la volatilit\u00e9\u00a0?<\/h2>\n<p>RTP signifie Return to Player et indique combien le jeu doit rapporter en gains. Il est g\u00e9n\u00e9ralement exprim\u00e9 en pourcentage et d\u00e9pend du montant d&rsquo;argent mis\u00e9 sur le jeu. Par exemple, un jeu avec un RTP de 96 % rapportera 96 cents pour chaque dollar investi. Plus le RTP est \u00e9lev\u00e9, plus la probabilit\u00e9 de gagner est \u00e9lev\u00e9e. La volatilit\u00e9, quant \u00e0 elle, est une mesure du risque associ\u00e9 au fait de jouer \u00e0 un jeu particulier. Les jeux \u00e0 forte volatilit\u00e9 peuvent rapporter d&rsquo;\u00e9normes gains, mais ils comportent \u00e9galement un risque plus \u00e9lev\u00e9 de perdre. En revanche, les jeux \u00e0 faible volatilit\u00e9 rapportent plus souvent des gains plus petits, mais avec moins de risque de perte.<\/p>\n<div class=\"t-go\"><a href=\"\/go-casino\/?brand=mrgreen\">BONUS DE R\u00c9CLAMATION<\/a><\/div>\n<h2>RTP et volatilit\u00e9 de Savanna Squad<\/h2>\n<p>Le RTP en argent r\u00e9el de Savanna Squad est de 96,51%, l\u00e9g\u00e8rement sup\u00e9rieur \u00e0 la moyenne du secteur. C&rsquo;est une bonne nouvelle pour les joueurs, car cela signifie qu&rsquo;ils ont de meilleures chances de gagner. Le jeu a \u00e9galement une volatilit\u00e9 moyenne, ce qui convient aux joueurs qui souhaitent adopter une approche \u00e9quilibr\u00e9e de leur jeu. Le jeu rapporte de petits gains fr\u00e9quents, mais a \u00e9galement le potentiel de rapporter d&rsquo;\u00e9normes jackpots.<\/p>\n<h2><img loading=\"lazy\" decoding=\"async\" class=\"aligncenter wp-image-1238\" src=\"https:\/\/mrgreencasinos.com\/wp-content\/uploads\/2023\/05\/The-Savanna-Squad-review.png\" alt=\"The Savanna Squad examen\" width=\"800\" height=\"467\" srcset=\"https:\/\/mrgreencasinos.com\/wp-content\/uploads\/2023\/05\/The-Savanna-Squad-review.png 1200w, https:\/\/mrgreencasinos.com\/wp-content\/uploads\/2023\/05\/The-Savanna-Squad-review-300x175.png 300w, https:\/\/mrgreencasinos.com\/wp-content\/uploads\/2023\/05\/The-Savanna-Squad-review-1024x597.png 1024w, https:\/\/mrgreencasinos.com\/wp-content\/uploads\/2023\/05\/The-Savanna-Squad-review-768x448.png 768w, https:\/\/mrgreencasinos.com\/wp-content\/uploads\/2023\/05\/The-Savanna-Squad-review-720x420.png 720w\" sizes=\"auto, (max-width: 800px) 100vw, 800px\" \/>FAQ<\/h2>\n<h3>Qu&rsquo;est-ce que la machine \u00e0 sous Savanna\u00a0Squad\u00a0?<\/h3>\n<p>La machine \u00e0 sous Savanna Squad est une machine \u00e0 sous en ligne qui emm\u00e8ne les joueurs dans un voyage passionnant \u00e0 travers la savane africaine. Le jeu comporte 5 rouleaux et 25 lignes de paiement et regorge d&rsquo;animaux sauvages, de paysages luxuriants et de gros gains. Avec la bonne combinaison de symboles, les joueurs peuvent gagner jusqu&rsquo;\u00e0 10 000 fois leur mise.<\/p>\n<h3>Quelles sont les r\u00e8gles de la machine \u00e0 sous Savanna Squad\u00a0?<\/h3>\n<p>La machine \u00e0 sous Savanna Squad est un jeu assez simple. Pour commencer \u00e0 jouer, vous devez choisir votre pari et faire tourner les rouleaux. Vous pouvez gagner des prix en esp\u00e8ces si les m\u00eames symboles apparaissent sur les rouleaux. Le jeu propose \u00e9galement un tour de bonus de tours gratuits Savanna Squad. Si vous parvenez \u00e0 placer trois \u00e9parpillements ou plus sur les rouleaux, vous d\u00e9clencherez le tour de bonus et aurez une chance de gagner encore plus de prix en argent.<\/p>\n<h3>Quelles sont les principales fonctionnalit\u00e9s de Savanna\u00a0Squad\u00a0?<\/h3>\n<p>La machine \u00e0 sous Savanna Squad est \u00e9quip\u00e9e de nombreuses fonctionnalit\u00e9s sp\u00e9ciales. L&rsquo;une des plus populaires est la fonction Lion Stack, qui se d\u00e9clenche lorsqu&rsquo;une pile de lions appara\u00eet sur les rouleaux. Lorsque cela se produit, la pile de lions grandit pour couvrir toute la bobine, vous donnant la chance de gagner d&rsquo;\u00e9normes prix. Le jeu propose \u00e9galement un jeu bonus o\u00f9 vous pouvez gagner jusqu&rsquo;\u00e0 10 000 fois votre mise si vous avez de la chance.<\/p>\n<h2>Conclusion<\/h2>\n<p>Savanna Squad est une machine \u00e0 sous en ligne passionnante et tr\u00e8s rentable qui offre aux joueurs la possibilit\u00e9 de gagner de gros prix. Le jeu a un th\u00e8me fascinant et des bonus passionnants, ainsi que de nombreux paris. Il est \u00e9galement disponible dans de nombreux casinos en ligne, ce qui le rend plus accessible aux joueurs. Si vous cherchez un jeu amusant et excitant, Savanna Squad Australia vaut vraiment la peine d&rsquo;\u00eatre essay\u00e9.<\/p>\n","protected":false},"excerpt":{"rendered":"<p>La Savanna Squad est une machine \u00e0 sous en ligne passionnante et tr\u00e8s int\u00e9ressante disponible dans de nombreux casinos en [&hellip;]<\/p>\n","protected":false},"author":1,"featured_media":0,"parent":0,"menu_order":0,"comment_status":"closed","ping_status":"closed","template":"","meta":{"footnotes":""},"class_list":["post-1246","page","type-page","status-publish","hentry"],"acf":[],"yoast_head":"<!-- This site is optimized with the Yoast SEO plugin v17.9 - https:\/\/yoast.com\/wordpress\/plugins\/seo\/ -->\n<title>Machine \u00e0 sous Savanna Squad (2023) | RTP - mrgreencasinos.com<\/title>\n<meta name=\"description\" content=\"Machine \u00e0 sous Savanna Squad \u2705 Notes des vrais joueurs, mode de jeu gratuit, captures d&#039;\u00e9cran gagnantes, codes bonus \u2705 Essayez la machine \u00e0 sous Savanna Squad\" \/>\n<meta name=\"robots\" content=\"index, follow, max-snippet:-1, max-image-preview:large, max-video-preview:-1\" \/>\n<link rel=\"canonical\" href=\"https:\/\/mrgreencasinos.com\/fr\/savanna-squad\/\" \/>\n<meta property=\"og:type\" content=\"article\" \/>\n<meta property=\"og:title\" content=\"Machine \u00e0 sous Savanna Squad (2023) | RTP - mrgreencasinos.com\" \/>\n<meta property=\"og:description\" content=\"Machine \u00e0 sous Savanna Squad \u2705 Notes des vrais joueurs, mode de jeu gratuit, captures d&#039;\u00e9cran gagnantes, codes bonus \u2705 Essayez la machine \u00e0 sous Savanna Squad\" \/>\n<meta property=\"og:url\" content=\"https:\/\/mrgreencasinos.com\/fr\/savanna-squad\/\" \/>\n<meta property=\"og:site_name\" content=\"Casino MR Green\" \/>\n<meta property=\"article:modified_time\" content=\"2023-05-02T10:44:50+00:00\" \/>\n<meta property=\"og:image\" content=\"https:\/\/mrgreencasinos.com\/wp-content\/uploads\/2023\/05\/The-Savanna-Squad-slot-review.png\" \/>\n<meta name=\"twitter:card\" content=\"summary_large_image\" \/>\n<meta name=\"twitter:label1\" content=\"Dur\u00e9e de lecture estim\u00e9e\" \/>\n\t<meta name=\"twitter:data1\" content=\"5 minutes\" \/>\n<script type=\"application\/ld+json\" class=\"yoast-schema-graph\">{\"@context\":\"https:\/\/schema.org\",\"@graph\":[{\"@type\":\"WebSite\",\"@id\":\"https:\/\/mrgreencasinos.com\/#website\",\"url\":\"https:\/\/mrgreencasinos.com\/\",\"name\":\"Casino MR Green\",\"description\":\"\",\"potentialAction\":[{\"@type\":\"SearchAction\",\"target\":{\"@type\":\"EntryPoint\",\"urlTemplate\":\"https:\/\/mrgreencasinos.com\/?s={search_term_string}\"},\"query-input\":\"required name=search_term_string\"}],\"inLanguage\":\"fr-FR\"},{\"@type\":\"ImageObject\",\"@id\":\"https:\/\/mrgreencasinos.com\/fr\/savanna-squad\/#primaryimage\",\"inLanguage\":\"fr-FR\",\"url\":\"https:\/\/mrgreencasinos.com\/wp-content\/uploads\/2023\/05\/The-Savanna-Squad-slot-review.png\",\"contentUrl\":\"https:\/\/mrgreencasinos.com\/wp-content\/uploads\/2023\/05\/The-Savanna-Squad-slot-review.png\",\"width\":1200,\"height\":700,\"caption\":\"The Savanna Squad slot review\"},{\"@type\":\"WebPage\",\"@id\":\"https:\/\/mrgreencasinos.com\/fr\/savanna-squad\/#webpage\",\"url\":\"https:\/\/mrgreencasinos.com\/fr\/savanna-squad\/\",\"name\":\"Machine \\u00e0 sous Savanna Squad (2023) | RTP - mrgreencasinos.com\",\"isPartOf\":{\"@id\":\"https:\/\/mrgreencasinos.com\/#website\"},\"primaryImageOfPage\":{\"@id\":\"https:\/\/mrgreencasinos.com\/fr\/savanna-squad\/#primaryimage\"},\"datePublished\":\"2023-05-02T08:10:32+00:00\",\"dateModified\":\"2023-05-02T10:44:50+00:00\",\"description\":\"Machine \\u00e0 sous Savanna Squad \\u2705 Notes des vrais joueurs, mode de jeu gratuit, captures d'\\u00e9cran gagnantes, codes bonus \\u2705 Essayez la machine \\u00e0 sous Savanna Squad\",\"breadcrumb\":{\"@id\":\"https:\/\/mrgreencasinos.com\/fr\/savanna-squad\/#breadcrumb\"},\"inLanguage\":\"fr-FR\",\"potentialAction\":[{\"@type\":\"ReadAction\",\"target\":[\"https:\/\/mrgreencasinos.com\/fr\/savanna-squad\/\"]}]},{\"@type\":\"BreadcrumbList\",\"@id\":\"https:\/\/mrgreencasinos.com\/fr\/savanna-squad\/#breadcrumb\",\"itemListElement\":[{\"@type\":\"ListItem\",\"position\":1,\"name\":\"Home\",\"item\":\"https:\/\/mrgreencasinos.com\/fr\/review-of-the-official-mr-green-website\/\"},{\"@type\":\"ListItem\",\"position\":2,\"name\":\"Revue de la machine \\u00e0 sous Savanna Squad : un jeu de casino incontournable\"}]}]}<\/script>\n<!-- \/ Yoast SEO plugin. -->","yoast_head_json":{"title":"Machine \u00e0 sous Savanna Squad (2023) | RTP - mrgreencasinos.com","description":"Machine \u00e0 sous Savanna Squad \u2705 Notes des vrais joueurs, mode de jeu gratuit, captures d'\u00e9cran gagnantes, codes bonus \u2705 Essayez la machine \u00e0 sous Savanna Squad","robots":{"index":"index","follow":"follow","max-snippet":"max-snippet:-1","max-image-preview":"max-image-preview:large","max-video-preview":"max-video-preview:-1"},"canonical":"https:\/\/mrgreencasinos.com\/fr\/savanna-squad\/","og_type":"article","og_title":"Machine \u00e0 sous Savanna Squad (2023) | RTP - mrgreencasinos.com","og_description":"Machine \u00e0 sous Savanna Squad \u2705 Notes des vrais joueurs, mode de jeu gratuit, captures d'\u00e9cran gagnantes, codes bonus \u2705 Essayez la machine \u00e0 sous Savanna Squad","og_url":"https:\/\/mrgreencasinos.com\/fr\/savanna-squad\/","og_site_name":"Casino MR Green","article_modified_time":"2023-05-02T10:44:50+00:00","og_image":[{"url":"https:\/\/mrgreencasinos.com\/wp-content\/uploads\/2023\/05\/The-Savanna-Squad-slot-review.png"}],"twitter_card":"summary_large_image","twitter_misc":{"Dur\u00e9e de lecture estim\u00e9e":"5 minutes"},"schema":{"@context":"https:\/\/schema.org","@graph":[{"@type":"WebSite","@id":"https:\/\/mrgreencasinos.com\/#website","url":"https:\/\/mrgreencasinos.com\/","name":"Casino MR Green","description":"","potentialAction":[{"@type":"SearchAction","target":{"@type":"EntryPoint","urlTemplate":"https:\/\/mrgreencasinos.com\/?s={search_term_string}"},"query-input":"required name=search_term_string"}],"inLanguage":"fr-FR"},{"@type":"ImageObject","@id":"https:\/\/mrgreencasinos.com\/fr\/savanna-squad\/#primaryimage","inLanguage":"fr-FR","url":"https:\/\/mrgreencasinos.com\/wp-content\/uploads\/2023\/05\/The-Savanna-Squad-slot-review.png","contentUrl":"https:\/\/mrgreencasinos.com\/wp-content\/uploads\/2023\/05\/The-Savanna-Squad-slot-review.png","width":1200,"height":700,"caption":"The Savanna Squad slot review"},{"@type":"WebPage","@id":"https:\/\/mrgreencasinos.com\/fr\/savanna-squad\/#webpage","url":"https:\/\/mrgreencasinos.com\/fr\/savanna-squad\/","name":"Machine \u00e0 sous Savanna Squad (2023) | RTP - mrgreencasinos.com","isPartOf":{"@id":"https:\/\/mrgreencasinos.com\/#website"},"primaryImageOfPage":{"@id":"https:\/\/mrgreencasinos.com\/fr\/savanna-squad\/#primaryimage"},"datePublished":"2023-05-02T08:10:32+00:00","dateModified":"2023-05-02T10:44:50+00:00","description":"Machine \u00e0 sous Savanna Squad \u2705 Notes des vrais joueurs, mode de jeu gratuit, captures d'\u00e9cran gagnantes, codes bonus \u2705 Essayez la machine \u00e0 sous Savanna Squad","breadcrumb":{"@id":"https:\/\/mrgreencasinos.com\/fr\/savanna-squad\/#breadcrumb"},"inLanguage":"fr-FR","potentialAction":[{"@type":"ReadAction","target":["https:\/\/mrgreencasinos.com\/fr\/savanna-squad\/"]}]},{"@type":"BreadcrumbList","@id":"https:\/\/mrgreencasinos.com\/fr\/savanna-squad\/#breadcrumb","itemListElement":[{"@type":"ListItem","position":1,"name":"Home","item":"https:\/\/mrgreencasinos.com\/fr\/review-of-the-official-mr-green-website\/"},{"@type":"ListItem","position":2,"name":"Revue de la machine \u00e0 sous Savanna Squad : un jeu de casino incontournable"}]}]}},"_links":{"self":[{"href":"https:\/\/mrgreencasinos.com\/fr\/wp-json\/wp\/v2\/pages\/1246","targetHints":{"allow":["GET"]}}],"collection":[{"href":"https:\/\/mrgreencasinos.com\/fr\/wp-json\/wp\/v2\/pages"}],"about":[{"href":"https:\/\/mrgreencasinos.com\/fr\/wp-json\/wp\/v2\/types\/page"}],"author":[{"embeddable":true,"href":"https:\/\/mrgreencasinos.com\/fr\/wp-json\/wp\/v2\/users\/1"}],"replies":[{"embeddable":true,"href":"https:\/\/mrgreencasinos.com\/fr\/wp-json\/wp\/v2\/comments?post=1246"}],"version-history":[{"count":2,"href":"https:\/\/mrgreencasinos.com\/fr\/wp-json\/wp\/v2\/pages\/1246\/revisions"}],"predecessor-version":[{"id":1248,"href":"https:\/\/mrgreencasinos.com\/fr\/wp-json\/wp\/v2\/pages\/1246\/revisions\/1248"}],"wp:attachment":[{"href":"https:\/\/mrgreencasinos.com\/fr\/wp-json\/wp\/v2\/media?parent=1246"}],"curies":[{"name":"wp","href":"https:\/\/api.w.org\/{rel}","templated":true}]}}