{"id":1256,"date":"2023-05-03T07:33:37","date_gmt":"2023-05-03T07:33:37","guid":{"rendered":"https:\/\/mrgreencasinos.com\/osiris-gold-hold-n-link\/"},"modified":"2023-05-03T07:38:36","modified_gmt":"2023-05-03T07:38:36","slug":"osiris-gold-hold-n-link","status":"publish","type":"page","link":"https:\/\/mrgreencasinos.com\/fr\/osiris-gold-hold-n-link\/","title":{"rendered":"Examen complet de la machine \u00e0 sous Osiris Gold Hold &lsquo;n&rsquo; Link"},"content":{"rendered":"<h2>Introduction<\/h2>\n<p>La machine \u00e0 sous Osiris Gold Hold &lsquo;n&rsquo; Link est un classique moderne qui existe depuis 2019. Ce jeu est un excellent moyen d&rsquo;ajouter de l&rsquo;excitation \u00e0 votre exp\u00e9rience de jeu. Il pr\u00e9sente des graphismes vibrants, une bande-son passionnante et de nombreuses opportunit\u00e9s de gros gains. Il a \u00e9galement de nombreuses fonctionnalit\u00e9s bonus, y compris la fonction passionnante Hold &lsquo;n&rsquo; Link. Dans cette revue de la machine \u00e0 sous Osiris Gold Hold &lsquo;n&rsquo; Link, nous examinons en profondeur le jeu et ses fonctionnalit\u00e9s.<\/p>\n<div class=\"t-go\"><a href=\"\/go-casino\/?brand=mrgreen\">BONUS DE R\u00c9CLAMATION<\/a><\/div>\n<h2>Jouabilit\u00e9<\/h2>\n<p>L&rsquo;argent r\u00e9el Osiris Gold Hold &lsquo;n&rsquo; Link est une machine \u00e0 sous \u00e0 5 rouleaux, 3 rang\u00e9es et 20 lignes. Le jeu a une interface simple et conviviale, des graphismes brillants et une bande son amusante. La mise minimale est de 0,20 et la mise maximale est de 40. Les joueurs peuvent utiliser la fonction de lecture automatique pour jouer automatiquement jusqu&rsquo;\u00e0 100 tours.<\/p>\n<h2><img loading=\"lazy\" decoding=\"async\" class=\"aligncenter wp-image-1250\" src=\"https:\/\/mrgreencasinos.com\/wp-content\/uploads\/2023\/05\/Osiris-Gold-Hold-\u2018n-Link-review.jpg\" alt=\"Osiris Gold Hold \u2018n\u2019 Link examen\" width=\"800\" height=\"453\" srcset=\"https:\/\/mrgreencasinos.com\/wp-content\/uploads\/2023\/05\/Osiris-Gold-Hold-\u2018n-Link-review.jpg 990w, https:\/\/mrgreencasinos.com\/wp-content\/uploads\/2023\/05\/Osiris-Gold-Hold-\u2018n-Link-review-300x170.jpg 300w, https:\/\/mrgreencasinos.com\/wp-content\/uploads\/2023\/05\/Osiris-Gold-Hold-\u2018n-Link-review-768x434.jpg 768w, https:\/\/mrgreencasinos.com\/wp-content\/uploads\/2023\/05\/Osiris-Gold-Hold-\u2018n-Link-review-720x407.jpg 720w\" sizes=\"auto, (max-width: 800px) 100vw, 800px\" \/><\/h2>\n<h2>Bonus et fonctionnalit\u00e9s<\/h2>\n<p>Osiris Gold Hold &lsquo;n&rsquo; Link a de nombreuses fonctionnalit\u00e9s bonus int\u00e9ressantes. Le jeu dispose d&rsquo;une fonctionnalit\u00e9 Hold &lsquo;n&rsquo; Link qui permet aux joueurs de gagner jusqu&rsquo;\u00e0 500 fois leur mise. Lorsque cette fonctionnalit\u00e9 est d\u00e9clench\u00e9e, les rouleaux se figent et les joueurs peuvent faire tourner les rouleaux pour augmenter leur prix. Il existe \u00e9galement des symboles sauvages de tours gratuits Osiris Gold Hold &lsquo;n&rsquo; Link et des multiplicateurs pour vous aider \u00e0 am\u00e9liorer vos gains.<\/p>\n<h2>Graphiques et son<\/h2>\n<p>Les graphismes d&rsquo;Osiris Gold Hold &lsquo;n&rsquo; Link sont lumineux et color\u00e9s, avec beaucoup de d\u00e9tails pour vous divertir. La bande-son vous remonte le moral et ajoute \u00e0 l&rsquo;excitation du jeu.<\/p>\n<h2>Quelle est la volatilit\u00e9 d&rsquo;Osiris Gold Hold &lsquo;n&rsquo; Link ?<\/h2>\n<p>La volatilit\u00e9 est une mesure de la fr\u00e9quence \u00e0 laquelle un jeu rapporte des gains. Si le jeu a une volatilit\u00e9 \u00e9lev\u00e9e, il paiera des sommes d&rsquo;argent plus importantes mais moins fr\u00e9quemment. Osiris Gold Hold &lsquo;n&rsquo; Link Australie a une volatilit\u00e9 moyenne, consid\u00e9r\u00e9e comme l&rsquo;\u00e9quilibre parfait entre le risque et la r\u00e9compense. Cela signifie que les joueurs peuvent s&rsquo;attendre \u00e0 gagner une somme d&rsquo;argent raisonnable, mais pas trop souvent.<\/p>\n<div class=\"t-go\"><a href=\"\/go-casino\/?brand=mrgreen\">BONUS DE R\u00c9CLAMATION<\/a><\/div>\n<h2>Comment le RTP et la volatilit\u00e9 affectent-ils votre exp\u00e9rience de jeu\u00a0?<\/h2>\n<p>Le RTP et la volatilit\u00e9 d&rsquo;un jeu peuvent avoir un impact significatif sur votre gameplay. Pour les joueurs qui aiment prendre des risques, un jeu avec une volatilit\u00e9 \u00e9lev\u00e9e et un RTP faible peut \u00eatre plus attrayant. En revanche, si vous recherchez un revenu stable et constant, un jeu avec une faible volatilit\u00e9 et un RTP \u00e9lev\u00e9 vous conviendra mieux.<\/p>\n<p>Le RTP et la volatilit\u00e9 de la d\u00e9mo Osiris Gold Hold &lsquo;n&rsquo; Link en font un jeu id\u00e9al pour les joueurs \u00e0 la recherche d&rsquo;un \u00e9quilibre entre risque et r\u00e9compense. Un RTP \u00e9lev\u00e9 signifie que les joueurs peuvent s&rsquo;attendre \u00e0 un retour de 96,11 cents pour chaque dollar mis\u00e9. Une volatilit\u00e9 moyenne garantit que les gains sont pay\u00e9s de mani\u00e8re coh\u00e9rente, mais pas trop souvent.<\/p>\n<h2><img loading=\"lazy\" decoding=\"async\" class=\"aligncenter wp-image-1252\" src=\"https:\/\/mrgreencasinos.com\/wp-content\/uploads\/2023\/05\/Osiris-Gold-Hold-n-Link-slot.png\" alt=\"Osiris Gold Hold 'n' Link fente\" width=\"800\" height=\"450\" srcset=\"https:\/\/mrgreencasinos.com\/wp-content\/uploads\/2023\/05\/Osiris-Gold-Hold-n-Link-slot.png 1000w, https:\/\/mrgreencasinos.com\/wp-content\/uploads\/2023\/05\/Osiris-Gold-Hold-n-Link-slot-300x169.png 300w, https:\/\/mrgreencasinos.com\/wp-content\/uploads\/2023\/05\/Osiris-Gold-Hold-n-Link-slot-768x432.png 768w, https:\/\/mrgreencasinos.com\/wp-content\/uploads\/2023\/05\/Osiris-Gold-Hold-n-Link-slot-720x405.png 720w\" sizes=\"auto, (max-width: 800px) 100vw, 800px\" \/><\/h2>\n<h2>FAQ<\/h2>\n<h3>Quel est le but de la machine \u00e0 sous Osiris Gold Hold &lsquo;n&rsquo; Link ?<\/h3>\n<p>L&rsquo;objectif principal des machines \u00e0 sous Osiris Gold Hold &lsquo;n&rsquo; Link est d&rsquo;aligner les symboles sur les rouleaux afin de gagner. Il y a cinq rouleaux dans ce jeu, et chaque tour comporte un ensemble de marques. Les joueurs doivent aligner au moins trois des m\u00eames personnages pour gagner. Le montant des gains d\u00e9pend des symboles correspondants.<\/p>\n<h3>Quelles sont les fonctionnalit\u00e9s de la machine \u00e0 sous Osiris Gold Hold &lsquo;n&rsquo; Link ?<\/h3>\n<p>La principale caract\u00e9ristique de la machine \u00e0 sous Osiris Gold Hold &lsquo;n&rsquo; Link est la fonction \u00ab Hold &lsquo;n&rsquo; Link \u00bb. Cette fonctionnalit\u00e9 permet aux joueurs de maintenir un ou plusieurs rouleaux en place pendant que les autres rouleaux tournent. Cela augmente les chances de cr\u00e9er une combinaison gagnante. Cette fonctionnalit\u00e9 peut \u00e9galement \u00eatre utilis\u00e9e pour cr\u00e9er plus de combinaisons gagnantes en maintenant certains symboles en place pendant que d&rsquo;autres personnages tournent.<\/p>\n<h3>Quels sont les gains de la machine \u00e0 sous Osiris Gold Hold &lsquo;n&rsquo; Link ?<\/h3>\n<p>Les paiements dans la machine \u00e0 sous Osiris Gold Hold &lsquo;n&rsquo; Link Netgame sont d\u00e9termin\u00e9s par les symboles correspondants. Plus la valeur du symbole est \u00e9lev\u00e9e, plus le paiement est \u00e9lev\u00e9. Le paiement maximum dans ce jeu est de 5000 pi\u00e8ces.<\/p>\n<h3>Y a-t-il des fonctionnalit\u00e9s sp\u00e9ciales dans la machine \u00e0 sous Osiris Gold Hold &lsquo;n&rsquo; Link ?<\/h3>\n<p>Oui, les machines \u00e0 sous Osiris Gold Hold &lsquo;n&rsquo; Link ont plusieurs caract\u00e9ristiques uniques. L&rsquo;une des fonctionnalit\u00e9s les plus populaires est le bonus myst\u00e8re. Ce bonus est d\u00e9clench\u00e9 de mani\u00e8re al\u00e9atoire et peut r\u00e9compenser les joueurs avec des pi\u00e8ces suppl\u00e9mentaires ou d&rsquo;autres r\u00e9compenses. Les autres caract\u00e9ristiques notables incluent les jokers, les \u00e9parpillements et les multiplicateurs.<\/p>\n<h2>Conclusion<\/h2>\n<p>Osiris Gold Hold &lsquo;n&rsquo; Link est un excellent jeu pour les joueurs qui souhaitent vivre une exp\u00e9rience de jeu passionnante et enrichissante. Le jeu propose des graphismes vibrants, une bande-son palpitante et de nombreuses fonctionnalit\u00e9s bonus. De plus, le jeu Osiris Gold Hold &lsquo;n&rsquo; Link a un RTP \u00e9lev\u00e9 et une volatilit\u00e9 \u00e9lev\u00e9e, ce qui en fait un choix exceptionnel pour les joueurs qui veulent gagner gros.<\/p>\n","protected":false},"excerpt":{"rendered":"<p>Introduction La machine \u00e0 sous Osiris Gold Hold &lsquo;n&rsquo; Link est un classique moderne qui existe depuis 2019. Ce jeu [&hellip;]<\/p>\n","protected":false},"author":1,"featured_media":0,"parent":0,"menu_order":0,"comment_status":"closed","ping_status":"closed","template":"","meta":{"footnotes":""},"class_list":["post-1256","page","type-page","status-publish","hentry"],"acf":[],"yoast_head":"<!-- This site is optimized with the Yoast SEO plugin v17.9 - https:\/\/yoast.com\/wordpress\/plugins\/seo\/ -->\n<title>Revue de la machine \u00e0 sous Osiris Gold Hold &#039;n&#039; Link (2023) | RTP - mrgreencasinos.com<\/title>\n<meta name=\"description\" content=\"Machine \u00e0 sous Osiris Gold Hold &#039;n&#039; Link \u2705 Notes des vrais joueurs, mode de jeu gratuit, captures d&#039;\u00e9cran gagnantes, codes bonus \u2705 Essayez la machine \u00e0 sous Osiris Gold Hold &#039;n&#039; Link\" \/>\n<meta name=\"robots\" content=\"index, follow, max-snippet:-1, max-image-preview:large, max-video-preview:-1\" \/>\n<link rel=\"canonical\" href=\"https:\/\/mrgreencasinos.com\/fr\/osiris-gold-hold-n-link\/\" \/>\n<meta property=\"og:type\" content=\"article\" \/>\n<meta property=\"og:title\" content=\"Revue de la machine \u00e0 sous Osiris Gold Hold &#039;n&#039; Link (2023) | RTP - mrgreencasinos.com\" \/>\n<meta property=\"og:description\" content=\"Machine \u00e0 sous Osiris Gold Hold &#039;n&#039; Link \u2705 Notes des vrais joueurs, mode de jeu gratuit, captures d&#039;\u00e9cran gagnantes, codes bonus \u2705 Essayez la machine \u00e0 sous Osiris Gold Hold &#039;n&#039; Link\" \/>\n<meta property=\"og:url\" content=\"https:\/\/mrgreencasinos.com\/fr\/osiris-gold-hold-n-link\/\" \/>\n<meta property=\"og:site_name\" content=\"Casino MR Green\" \/>\n<meta property=\"article:modified_time\" content=\"2023-05-03T07:38:36+00:00\" \/>\n<meta property=\"og:image\" content=\"https:\/\/mrgreencasinos.com\/wp-content\/uploads\/2023\/05\/Osiris-Gold-Hold-\u2018n-Link-review.jpg\" \/>\n<meta name=\"twitter:card\" content=\"summary_large_image\" \/>\n<meta name=\"twitter:label1\" content=\"Dur\u00e9e de lecture estim\u00e9e\" \/>\n\t<meta name=\"twitter:data1\" content=\"5 minutes\" \/>\n<script type=\"application\/ld+json\" class=\"yoast-schema-graph\">{\"@context\":\"https:\/\/schema.org\",\"@graph\":[{\"@type\":\"WebSite\",\"@id\":\"https:\/\/mrgreencasinos.com\/#website\",\"url\":\"https:\/\/mrgreencasinos.com\/\",\"name\":\"Casino MR Green\",\"description\":\"\",\"potentialAction\":[{\"@type\":\"SearchAction\",\"target\":{\"@type\":\"EntryPoint\",\"urlTemplate\":\"https:\/\/mrgreencasinos.com\/?s={search_term_string}\"},\"query-input\":\"required name=search_term_string\"}],\"inLanguage\":\"fr-FR\"},{\"@type\":\"ImageObject\",\"@id\":\"https:\/\/mrgreencasinos.com\/fr\/osiris-gold-hold-n-link\/#primaryimage\",\"inLanguage\":\"fr-FR\",\"url\":\"https:\/\/mrgreencasinos.com\/wp-content\/uploads\/2023\/05\/Osiris-Gold-Hold-\\u2018n-Link-review.jpg\",\"contentUrl\":\"https:\/\/mrgreencasinos.com\/wp-content\/uploads\/2023\/05\/Osiris-Gold-Hold-\\u2018n-Link-review.jpg\",\"width\":990,\"height\":560,\"caption\":\"Osiris Gold Hold \\u2018n\\u2019 Link review\"},{\"@type\":\"WebPage\",\"@id\":\"https:\/\/mrgreencasinos.com\/fr\/osiris-gold-hold-n-link\/#webpage\",\"url\":\"https:\/\/mrgreencasinos.com\/fr\/osiris-gold-hold-n-link\/\",\"name\":\"Revue de la machine \\u00e0 sous Osiris Gold Hold 'n' Link (2023) | RTP - mrgreencasinos.com\",\"isPartOf\":{\"@id\":\"https:\/\/mrgreencasinos.com\/#website\"},\"primaryImageOfPage\":{\"@id\":\"https:\/\/mrgreencasinos.com\/fr\/osiris-gold-hold-n-link\/#primaryimage\"},\"datePublished\":\"2023-05-03T07:33:37+00:00\",\"dateModified\":\"2023-05-03T07:38:36+00:00\",\"description\":\"Machine \\u00e0 sous Osiris Gold Hold 'n' Link \\u2705 Notes des vrais joueurs, mode de jeu gratuit, captures d'\\u00e9cran gagnantes, codes bonus \\u2705 Essayez la machine \\u00e0 sous Osiris Gold Hold 'n' Link\",\"breadcrumb\":{\"@id\":\"https:\/\/mrgreencasinos.com\/fr\/osiris-gold-hold-n-link\/#breadcrumb\"},\"inLanguage\":\"fr-FR\",\"potentialAction\":[{\"@type\":\"ReadAction\",\"target\":[\"https:\/\/mrgreencasinos.com\/fr\/osiris-gold-hold-n-link\/\"]}]},{\"@type\":\"BreadcrumbList\",\"@id\":\"https:\/\/mrgreencasinos.com\/fr\/osiris-gold-hold-n-link\/#breadcrumb\",\"itemListElement\":[{\"@type\":\"ListItem\",\"position\":1,\"name\":\"Home\",\"item\":\"https:\/\/mrgreencasinos.com\/fr\/review-of-the-official-mr-green-website\/\"},{\"@type\":\"ListItem\",\"position\":2,\"name\":\"Examen complet de la machine \\u00e0 sous Osiris Gold Hold &#8216;n&#8217; Link\"}]}]}<\/script>\n<!-- \/ Yoast SEO plugin. -->","yoast_head_json":{"title":"Revue de la machine \u00e0 sous Osiris Gold Hold 'n' Link (2023) | RTP - mrgreencasinos.com","description":"Machine \u00e0 sous Osiris Gold Hold 'n' Link \u2705 Notes des vrais joueurs, mode de jeu gratuit, captures d'\u00e9cran gagnantes, codes bonus \u2705 Essayez la machine \u00e0 sous Osiris Gold Hold 'n' Link","robots":{"index":"index","follow":"follow","max-snippet":"max-snippet:-1","max-image-preview":"max-image-preview:large","max-video-preview":"max-video-preview:-1"},"canonical":"https:\/\/mrgreencasinos.com\/fr\/osiris-gold-hold-n-link\/","og_type":"article","og_title":"Revue de la machine \u00e0 sous Osiris Gold Hold 'n' Link (2023) | RTP - mrgreencasinos.com","og_description":"Machine \u00e0 sous Osiris Gold Hold 'n' Link \u2705 Notes des vrais joueurs, mode de jeu gratuit, captures d'\u00e9cran gagnantes, codes bonus \u2705 Essayez la machine \u00e0 sous Osiris Gold Hold 'n' Link","og_url":"https:\/\/mrgreencasinos.com\/fr\/osiris-gold-hold-n-link\/","og_site_name":"Casino MR Green","article_modified_time":"2023-05-03T07:38:36+00:00","og_image":[{"url":"https:\/\/mrgreencasinos.com\/wp-content\/uploads\/2023\/05\/Osiris-Gold-Hold-\u2018n-Link-review.jpg"}],"twitter_card":"summary_large_image","twitter_misc":{"Dur\u00e9e de lecture estim\u00e9e":"5 minutes"},"schema":{"@context":"https:\/\/schema.org","@graph":[{"@type":"WebSite","@id":"https:\/\/mrgreencasinos.com\/#website","url":"https:\/\/mrgreencasinos.com\/","name":"Casino MR Green","description":"","potentialAction":[{"@type":"SearchAction","target":{"@type":"EntryPoint","urlTemplate":"https:\/\/mrgreencasinos.com\/?s={search_term_string}"},"query-input":"required name=search_term_string"}],"inLanguage":"fr-FR"},{"@type":"ImageObject","@id":"https:\/\/mrgreencasinos.com\/fr\/osiris-gold-hold-n-link\/#primaryimage","inLanguage":"fr-FR","url":"https:\/\/mrgreencasinos.com\/wp-content\/uploads\/2023\/05\/Osiris-Gold-Hold-\u2018n-Link-review.jpg","contentUrl":"https:\/\/mrgreencasinos.com\/wp-content\/uploads\/2023\/05\/Osiris-Gold-Hold-\u2018n-Link-review.jpg","width":990,"height":560,"caption":"Osiris Gold Hold \u2018n\u2019 Link review"},{"@type":"WebPage","@id":"https:\/\/mrgreencasinos.com\/fr\/osiris-gold-hold-n-link\/#webpage","url":"https:\/\/mrgreencasinos.com\/fr\/osiris-gold-hold-n-link\/","name":"Revue de la machine \u00e0 sous Osiris Gold Hold 'n' Link (2023) | RTP - mrgreencasinos.com","isPartOf":{"@id":"https:\/\/mrgreencasinos.com\/#website"},"primaryImageOfPage":{"@id":"https:\/\/mrgreencasinos.com\/fr\/osiris-gold-hold-n-link\/#primaryimage"},"datePublished":"2023-05-03T07:33:37+00:00","dateModified":"2023-05-03T07:38:36+00:00","description":"Machine \u00e0 sous Osiris Gold Hold 'n' Link \u2705 Notes des vrais joueurs, mode de jeu gratuit, captures d'\u00e9cran gagnantes, codes bonus \u2705 Essayez la machine \u00e0 sous Osiris Gold Hold 'n' Link","breadcrumb":{"@id":"https:\/\/mrgreencasinos.com\/fr\/osiris-gold-hold-n-link\/#breadcrumb"},"inLanguage":"fr-FR","potentialAction":[{"@type":"ReadAction","target":["https:\/\/mrgreencasinos.com\/fr\/osiris-gold-hold-n-link\/"]}]},{"@type":"BreadcrumbList","@id":"https:\/\/mrgreencasinos.com\/fr\/osiris-gold-hold-n-link\/#breadcrumb","itemListElement":[{"@type":"ListItem","position":1,"name":"Home","item":"https:\/\/mrgreencasinos.com\/fr\/review-of-the-official-mr-green-website\/"},{"@type":"ListItem","position":2,"name":"Examen complet de la machine \u00e0 sous Osiris Gold Hold &#8216;n&#8217; Link"}]}]}},"_links":{"self":[{"href":"https:\/\/mrgreencasinos.com\/fr\/wp-json\/wp\/v2\/pages\/1256","targetHints":{"allow":["GET"]}}],"collection":[{"href":"https:\/\/mrgreencasinos.com\/fr\/wp-json\/wp\/v2\/pages"}],"about":[{"href":"https:\/\/mrgreencasinos.com\/fr\/wp-json\/wp\/v2\/types\/page"}],"author":[{"embeddable":true,"href":"https:\/\/mrgreencasinos.com\/fr\/wp-json\/wp\/v2\/users\/1"}],"replies":[{"embeddable":true,"href":"https:\/\/mrgreencasinos.com\/fr\/wp-json\/wp\/v2\/comments?post=1256"}],"version-history":[{"count":2,"href":"https:\/\/mrgreencasinos.com\/fr\/wp-json\/wp\/v2\/pages\/1256\/revisions"}],"predecessor-version":[{"id":1258,"href":"https:\/\/mrgreencasinos.com\/fr\/wp-json\/wp\/v2\/pages\/1256\/revisions\/1258"}],"wp:attachment":[{"href":"https:\/\/mrgreencasinos.com\/fr\/wp-json\/wp\/v2\/media?parent=1256"}],"curies":[{"name":"wp","href":"https:\/\/api.w.org\/{rel}","templated":true}]}}