{"id":1353,"date":"2023-08-16T11:09:06","date_gmt":"2023-08-16T11:09:06","guid":{"rendered":"https:\/\/mrgreencasinos.com\/pokies\/wolf-treasure\/"},"modified":"2023-10-13T15:25:54","modified_gmt":"2023-10-13T15:25:54","slug":"wolf-treasure","status":"publish","type":"page","link":"https:\/\/mrgreencasinos.com\/fr\/pokies\/wolf-treasure\/","title":{"rendered":"\u00c0 la d\u00e9couverte du tr\u00e9sor du loup\u00a0: une exp\u00e9rience de machine \u00e0 sous en ligne inoubliable en Australie"},"content":{"rendered":"<p>[vc_row][vc_column][vc_column_text]\u00cates-vous fan des machines \u00e0 sous en ligne ? Si tel est le cas, alors la captivante machine \u00e0 sous au tr\u00e9sor du loup devrait \u00eatre sur votre radar. Devenu un succ\u00e8s consid\u00e9rable dans toute l&rsquo;Australie, ce jeu immersif avec sa myriade de fonctionnalit\u00e9s offre une exp\u00e9rience de jeu passionnante.[\/vc_column_text][\/vc_column][\/vc_row][vc_row][vc_column width=\u00a0\u00bb1\/2&Prime;][vc_column_text]<\/p>\n<h2>L&rsquo;attrait du tr\u00e9sor du loup<\/h2>\n<p>Wolf Treasure vous emm\u00e8ne dans une aventure extraordinaire. Avec pour toile de fond un paysage d\u00e9sertique pittoresque, il captive les joueurs avec le frisson de la chasse au tr\u00e9sor, accompagn\u00e9 des loups. Les visuels captivants et les sons atmosph\u00e9riques de la machine \u00e0 sous Wolf Treasure donnent vie \u00e0 l&rsquo;aventure. Ce jeu ne consiste pas seulement \u00e0 faire tourner des rouleaux, il s&rsquo;agit \u00e9galement de vous plonger dans une histoire captivante.<\/p>\n<p style=\"text-align: center;\"><div class=\"t-go\"><a href=\"\/go-casino\/?brand=mrgreen\">BONUS DE R\u00c9CLAMATION<\/a><\/div>\n<p>[\/vc_column_text][\/vc_column][vc_column width=\u00a0\u00bb1\/2&Prime;][vc_single_image image=\u00a0\u00bb1310&Prime; img_size=\u00a0\u00bblarge\u00a0\u00bb][\/vc_column][\/vc_row][vc_row][vc_column][vc_column_text]<\/p>\n<h2>S&rsquo;aventurer dans le jeu gratuit Wolf Treasure<\/h2>\n<p>La beaut\u00e9 de Wolf Treasure ne r\u00e9side pas seulement dans son gameplay passionnant mais aussi dans son accessibilit\u00e9. La fonctionnalit\u00e9 de jeu gratuit Wolf Treasure est une aubaine pour les d\u00e9butants. Vous pouvez comprendre les r\u00e8gles, explorer les fonctionnalit\u00e9s et \u00e9laborer des strat\u00e9gies sans risquer un centime. Cependant, n&rsquo;oubliez pas que m\u00eame si le mode de jeu gratuit Wolf Treasure vous garantit de ne pas perdre d&rsquo;argent, cela signifie \u00e9galement que vous ne gagnerez pas d&rsquo;argent r\u00e9el.<\/p>\n<h2>Poursuivre le voyage de jeu gratuit Wolf Treasure<\/h2>\n<p>Au-del\u00e0 de sa fonction de terrain d&rsquo;entra\u00eenement pour les d\u00e9butants, le mode de jeu gratuit Wolf Treasure est \u00e9galement un paradis pour ceux qui profitent simplement du frisson du jeu sans la pression de miser de l&rsquo;argent r\u00e9el. Il s&rsquo;agit d&rsquo;un passe-temps agr\u00e9able, d&rsquo;une \u00e9vasion du quotidien, o\u00f9 vous pourrez vous immerger dans le th\u00e8me captivant et les fonctionnalit\u00e9s impressionnantes du jeu.<\/p>\n<p>Le jeu gratuit Wolf Treasure vous permet \u00e9galement de vous familiariser avec la dynamique du jeu \u00e0 votre rythme. Vous apprenez \u00e0 conna\u00eetre la signification de chaque symbole, \u00e0 comprendre les lignes de paiement et \u00e0 d\u00e9couvrir les conditions qui d\u00e9clenchent les tours gratuits tant d\u00e9sir\u00e9s de Wolf Treasure. Le mode d\u00e9mo offre une compr\u00e9hension compl\u00e8te des m\u00e9canismes du jeu, vous pr\u00e9parant \u00e0 la transition \u00e9ventuelle vers le jeu avec de l&rsquo;argent r\u00e9el, si vous choisissez de le faire.<\/p>\n<p>Dans cet environnement sans risque, vous pouvez exp\u00e9rimenter diff\u00e9rentes strat\u00e9gies de paris et les tester pour voir comment elles influencent votre jeu. Vous pouvez \u00e9valuer si parier sur plus de lignes de paiement augmente vos chances de gagner ou si jouer en toute s\u00e9curit\u00e9 donne de meilleurs r\u00e9sultats.<\/p>\n<p>M\u00eame si vous ne remporterez aucun gain r\u00e9el en mode jeu gratuit, les connaissances et l&rsquo;exp\u00e9rience acquises peuvent s&rsquo;av\u00e9rer inestimables. Lorsque vous vous aventurerez dans le domaine du jeu en argent r\u00e9el Wolf Treasure, vous serez arm\u00e9 de connaissances strat\u00e9giques et d&rsquo;une compr\u00e9hension approfondie du jeu, ce qui pourrait consid\u00e9rablement am\u00e9liorer vos chances de gagner. N&rsquo;oubliez pas que comprendre le jeu est la premi\u00e8re \u00e9tape vers sa ma\u00eetrise. Le jeu gratuit Wolf Treasure vous permet de faire ce premier pas de mani\u00e8re amusante et sans risque.<\/p>\n<h2>Saisir les opportunit\u00e9s avec les tours gratuits de Wolf Treasure<\/h2>\n<p>Les tours gratuits de Wolf Treasure sont au c\u0153ur de la machine \u00e0 sous, rendant l&rsquo;exp\u00e9rience de jeu \u00e0 la fois passionnante et enrichissante. L&rsquo;obtention des bons symboles d\u00e9clenche les tours gratuits convoit\u00e9s du tr\u00e9sor du loup en Australie. Ces tours gratuits augmentent vos chances de gagner, ce qui en fait un favori des joueurs, en particulier parmi les amateurs de machines \u00e0 sous en ligne au tr\u00e9sor de loup en Australie.<\/p>\n<h2>Exploiter le potentiel des tours gratuits de Wolf Treasure<\/h2>\n<p>Le plaisir de d\u00e9clencher des tours gratuits est indescriptible. C&rsquo;est un moment d&rsquo;anticipation et d&rsquo;excitation pendant que vous attendez de voir quelles r\u00e9compenses le tour apporte. La fonction de tours gratuits de Wolf Treasure am\u00e9liore non seulement le gameplay, mais apporte \u00e9galement un \u00e9l\u00e9ment strat\u00e9gique au jeu. Les joueurs exp\u00e9riment\u00e9s savent que d\u00e9clencher des tours gratuits peut augmenter consid\u00e9rablement leurs gains, transformant ainsi un jeu r\u00e9gulier en une potentielle mine d\u2019or.<\/p>\n<p>Chaque tour gratuit est une opportunit\u00e9, une nouvelle chance d&rsquo;accumuler plus de r\u00e9compenses. Que vous soyez un d\u00e9butant qui s&rsquo;essaye aux tours gratuits du tr\u00e9sor du loup dans le mode d\u00e9mo, ou un joueur chevronn\u00e9 visant le jackpot dans la version en argent r\u00e9el, l&rsquo;importance des tours gratuits ne peut \u00eatre surestim\u00e9e. Ils ajoutent une couche suppl\u00e9mentaire d&rsquo;intrigue et de potentiel au jeu, faisant de chaque tour un moment rempli de possibilit\u00e9s.<\/p>\n<p>N&rsquo;oubliez pas que dans le monde des machines \u00e0 sous en ligne, en particulier dans des jeux aussi engageants que Wolf Treasure, chaque tour compte. Tirer le meilleur parti des tours gratuits peut souvent faire la diff\u00e9rence entre une session de jeu ordinaire et une s\u00e9quence de gains extraordinaire. En ce qui concerne la machine \u00e0 sous en ligne Wolf Treasure, les tours gratuits sont vos billets pour une exp\u00e9rience de jeu plus engageante et potentiellement plus enrichissante.[\/vc_column_text][\/vc_column][\/vc_row][vc_row][vc_column width=\u00a0\u00bb1\/2&Prime;][vc_single_image image=\u00a0\u00bb1312&Prime; img_size=\u00a0\u00bblarge\u00a0\u00bb][\/vc_column][vc_column width=\u00a0\u00bb1\/2&Prime;][vc_column_text]<\/p>\n<h2>Machines \u00e0 sous The Thrill of Wolf Treasure pour de l&rsquo;argent r\u00e9el<\/h2>\n<p>\u00cates-vous pr\u00eat pour une v\u00e9ritable action ? Jouer au tr\u00e9sor du loup en argent r\u00e9el pourrait \u00eatre votre prochaine \u00e9tape. Bien s\u00fbr, il y a des risques, mais le plaisir de parier en argent r\u00e9el et le potentiel d&rsquo;\u00e9normes r\u00e9compenses sont incomparables. N&rsquo;oubliez jamais qu&rsquo;un risque \u00e9lev\u00e9 s&rsquo;accompagne d&rsquo;un potentiel de r\u00e9compenses \u00e9lev\u00e9es, ce qui est particuli\u00e8rement vrai lorsque vous jouez \u00e0 Wolf Treasure avec de l&rsquo;argent r\u00e9el.<\/p>\n<p style=\"text-align: center;\"><div class=\"t-go\"><a href=\"\/go-casino\/?brand=mrgreen\">BONUS DE R\u00c9CLAMATION<\/a><\/div>\n<p>[\/vc_column_text][\/vc_column][\/vc_row][vc_row][vc_column][vc_column_text]<\/p>\n<h2>Explorer les meilleures options de Wolf Treasure Casino Australie<\/h2>\n<p>Il existe de nombreux casinos en ligne en Australie o\u00f9 vous pouvez profiter de Wolf Treasure. Ces plateformes les mieux not\u00e9es proposent \u00e0 la fois des versions gratuites et des versions en argent r\u00e9el de la populaire machine \u00e0 sous en ligne Wolf Treasure. Ces casinos sont dignes de confiance, offrent un excellent service client et attirent les joueurs avec des offres de bonus g\u00e9n\u00e9reuses.<\/p>\n<p>Wolf Treasure offre plus qu&rsquo;une simple machine \u00e0 sous en ligne\u00a0; il offre une exp\u00e9rience de jeu unique et engageante, remplie de r\u00e9compenses potentielles. Pour les fans de Wolf Treasure Casino Australie, faire tourner les rouleaux de Wolf Treasure est un must.[\/vc_column_text][\/vc_column][\/vc_row]<\/p>\n","protected":false},"excerpt":{"rendered":"<p>[vc_row][vc_column][vc_column_text]\u00cates-vous fan des machines \u00e0 sous en ligne ? Si tel est le cas, alors la captivante machine \u00e0 sous [&hellip;]<\/p>\n","protected":false},"author":1,"featured_media":0,"parent":287,"menu_order":0,"comment_status":"closed","ping_status":"closed","template":"","meta":{"footnotes":""},"class_list":["post-1353","page","type-page","status-publish","hentry"],"acf":[],"yoast_head":"<!-- This site is optimized with the Yoast SEO plugin v17.9 - https:\/\/yoast.com\/wordpress\/plugins\/seo\/ -->\n<title>Explorez les richesses\u00a0: aventure sur la machine \u00e0 sous Wolf Treasure<\/title>\n<meta name=\"description\" content=\"Embarquez pour un voyage passionnant avec la machine \u00e0 sous Wolf Treasure\u00a0! Faites tourner les rouleaux, d\u00e9bloquez des bonus et d\u00e9couvrez des tr\u00e9sors pour des r\u00e9compenses passionnantes. Joue maintenant!\" \/>\n<meta name=\"robots\" content=\"index, follow, max-snippet:-1, max-image-preview:large, max-video-preview:-1\" \/>\n<link rel=\"canonical\" href=\"https:\/\/mrgreencasinos.com\/fr\/pokies\/wolf-treasure\/\" \/>\n<meta property=\"og:type\" content=\"article\" \/>\n<meta property=\"og:title\" content=\"Explorez les richesses\u00a0: aventure sur la machine \u00e0 sous Wolf Treasure\" \/>\n<meta property=\"og:description\" content=\"Embarquez pour un voyage passionnant avec la machine \u00e0 sous Wolf Treasure\u00a0! Faites tourner les rouleaux, d\u00e9bloquez des bonus et d\u00e9couvrez des tr\u00e9sors pour des r\u00e9compenses passionnantes. Joue maintenant!\" \/>\n<meta property=\"og:url\" content=\"https:\/\/mrgreencasinos.com\/fr\/pokies\/wolf-treasure\/\" \/>\n<meta property=\"og:site_name\" content=\"Casino MR Green\" \/>\n<meta property=\"article:modified_time\" content=\"2023-10-13T15:25:54+00:00\" \/>\n<meta name=\"twitter:card\" content=\"summary_large_image\" \/>\n<meta name=\"twitter:label1\" content=\"Dur\u00e9e de lecture estim\u00e9e\" \/>\n\t<meta name=\"twitter:data1\" content=\"5 minutes\" \/>\n<script type=\"application\/ld+json\" class=\"yoast-schema-graph\">{\"@context\":\"https:\/\/schema.org\",\"@graph\":[{\"@type\":\"WebSite\",\"@id\":\"https:\/\/mrgreencasinos.com\/#website\",\"url\":\"https:\/\/mrgreencasinos.com\/\",\"name\":\"Casino MR Green\",\"description\":\"\",\"potentialAction\":[{\"@type\":\"SearchAction\",\"target\":{\"@type\":\"EntryPoint\",\"urlTemplate\":\"https:\/\/mrgreencasinos.com\/?s={search_term_string}\"},\"query-input\":\"required name=search_term_string\"}],\"inLanguage\":\"fr-FR\"},{\"@type\":\"WebPage\",\"@id\":\"https:\/\/mrgreencasinos.com\/fr\/pokies\/wolf-treasure\/#webpage\",\"url\":\"https:\/\/mrgreencasinos.com\/fr\/pokies\/wolf-treasure\/\",\"name\":\"Explorez les richesses\\u00a0: aventure sur la machine \\u00e0 sous Wolf Treasure\",\"isPartOf\":{\"@id\":\"https:\/\/mrgreencasinos.com\/#website\"},\"datePublished\":\"2023-08-16T11:09:06+00:00\",\"dateModified\":\"2023-10-13T15:25:54+00:00\",\"description\":\"Embarquez pour un voyage passionnant avec la machine \\u00e0 sous Wolf Treasure\\u00a0! Faites tourner les rouleaux, d\\u00e9bloquez des bonus et d\\u00e9couvrez des tr\\u00e9sors pour des r\\u00e9compenses passionnantes. Joue maintenant!\",\"breadcrumb\":{\"@id\":\"https:\/\/mrgreencasinos.com\/fr\/pokies\/wolf-treasure\/#breadcrumb\"},\"inLanguage\":\"fr-FR\",\"potentialAction\":[{\"@type\":\"ReadAction\",\"target\":[\"https:\/\/mrgreencasinos.com\/fr\/pokies\/wolf-treasure\/\"]}]},{\"@type\":\"BreadcrumbList\",\"@id\":\"https:\/\/mrgreencasinos.com\/fr\/pokies\/wolf-treasure\/#breadcrumb\",\"itemListElement\":[{\"@type\":\"ListItem\",\"position\":1,\"name\":\"Home\",\"item\":\"https:\/\/mrgreencasinos.com\/fr\/review-of-the-official-mr-green-website\/\"},{\"@type\":\"ListItem\",\"position\":2,\"name\":\"Pokies\",\"item\":\"https:\/\/mrgreencasinos.com\/fr\/pokies\/\"},{\"@type\":\"ListItem\",\"position\":3,\"name\":\"\\u00c0 la d\\u00e9couverte du tr\\u00e9sor du loup\\u00a0: une exp\\u00e9rience de machine \\u00e0 sous en ligne inoubliable en Australie\"}]}]}<\/script>\n<!-- \/ Yoast SEO plugin. -->","yoast_head_json":{"title":"Explorez les richesses\u00a0: aventure sur la machine \u00e0 sous Wolf Treasure","description":"Embarquez pour un voyage passionnant avec la machine \u00e0 sous Wolf Treasure\u00a0! Faites tourner les rouleaux, d\u00e9bloquez des bonus et d\u00e9couvrez des tr\u00e9sors pour des r\u00e9compenses passionnantes. Joue maintenant!","robots":{"index":"index","follow":"follow","max-snippet":"max-snippet:-1","max-image-preview":"max-image-preview:large","max-video-preview":"max-video-preview:-1"},"canonical":"https:\/\/mrgreencasinos.com\/fr\/pokies\/wolf-treasure\/","og_type":"article","og_title":"Explorez les richesses\u00a0: aventure sur la machine \u00e0 sous Wolf Treasure","og_description":"Embarquez pour un voyage passionnant avec la machine \u00e0 sous Wolf Treasure\u00a0! Faites tourner les rouleaux, d\u00e9bloquez des bonus et d\u00e9couvrez des tr\u00e9sors pour des r\u00e9compenses passionnantes. Joue maintenant!","og_url":"https:\/\/mrgreencasinos.com\/fr\/pokies\/wolf-treasure\/","og_site_name":"Casino MR Green","article_modified_time":"2023-10-13T15:25:54+00:00","twitter_card":"summary_large_image","twitter_misc":{"Dur\u00e9e de lecture estim\u00e9e":"5 minutes"},"schema":{"@context":"https:\/\/schema.org","@graph":[{"@type":"WebSite","@id":"https:\/\/mrgreencasinos.com\/#website","url":"https:\/\/mrgreencasinos.com\/","name":"Casino MR Green","description":"","potentialAction":[{"@type":"SearchAction","target":{"@type":"EntryPoint","urlTemplate":"https:\/\/mrgreencasinos.com\/?s={search_term_string}"},"query-input":"required name=search_term_string"}],"inLanguage":"fr-FR"},{"@type":"WebPage","@id":"https:\/\/mrgreencasinos.com\/fr\/pokies\/wolf-treasure\/#webpage","url":"https:\/\/mrgreencasinos.com\/fr\/pokies\/wolf-treasure\/","name":"Explorez les richesses\u00a0: aventure sur la machine \u00e0 sous Wolf Treasure","isPartOf":{"@id":"https:\/\/mrgreencasinos.com\/#website"},"datePublished":"2023-08-16T11:09:06+00:00","dateModified":"2023-10-13T15:25:54+00:00","description":"Embarquez pour un voyage passionnant avec la machine \u00e0 sous Wolf Treasure\u00a0! Faites tourner les rouleaux, d\u00e9bloquez des bonus et d\u00e9couvrez des tr\u00e9sors pour des r\u00e9compenses passionnantes. Joue maintenant!","breadcrumb":{"@id":"https:\/\/mrgreencasinos.com\/fr\/pokies\/wolf-treasure\/#breadcrumb"},"inLanguage":"fr-FR","potentialAction":[{"@type":"ReadAction","target":["https:\/\/mrgreencasinos.com\/fr\/pokies\/wolf-treasure\/"]}]},{"@type":"BreadcrumbList","@id":"https:\/\/mrgreencasinos.com\/fr\/pokies\/wolf-treasure\/#breadcrumb","itemListElement":[{"@type":"ListItem","position":1,"name":"Home","item":"https:\/\/mrgreencasinos.com\/fr\/review-of-the-official-mr-green-website\/"},{"@type":"ListItem","position":2,"name":"Pokies","item":"https:\/\/mrgreencasinos.com\/fr\/pokies\/"},{"@type":"ListItem","position":3,"name":"\u00c0 la d\u00e9couverte du tr\u00e9sor du loup\u00a0: une exp\u00e9rience de machine \u00e0 sous en ligne inoubliable en Australie"}]}]}},"_links":{"self":[{"href":"https:\/\/mrgreencasinos.com\/fr\/wp-json\/wp\/v2\/pages\/1353","targetHints":{"allow":["GET"]}}],"collection":[{"href":"https:\/\/mrgreencasinos.com\/fr\/wp-json\/wp\/v2\/pages"}],"about":[{"href":"https:\/\/mrgreencasinos.com\/fr\/wp-json\/wp\/v2\/types\/page"}],"author":[{"embeddable":true,"href":"https:\/\/mrgreencasinos.com\/fr\/wp-json\/wp\/v2\/users\/1"}],"replies":[{"embeddable":true,"href":"https:\/\/mrgreencasinos.com\/fr\/wp-json\/wp\/v2\/comments?post=1353"}],"version-history":[{"count":3,"href":"https:\/\/mrgreencasinos.com\/fr\/wp-json\/wp\/v2\/pages\/1353\/revisions"}],"predecessor-version":[{"id":1376,"href":"https:\/\/mrgreencasinos.com\/fr\/wp-json\/wp\/v2\/pages\/1353\/revisions\/1376"}],"up":[{"embeddable":true,"href":"https:\/\/mrgreencasinos.com\/fr\/wp-json\/wp\/v2\/pages\/287"}],"wp:attachment":[{"href":"https:\/\/mrgreencasinos.com\/fr\/wp-json\/wp\/v2\/media?parent=1353"}],"curies":[{"name":"wp","href":"https:\/\/api.w.org\/{rel}","templated":true}]}}