{"id":1357,"date":"2023-08-16T11:14:29","date_gmt":"2023-08-16T11:14:29","guid":{"rendered":"https:\/\/mrgreencasinos.com\/pokies\/9-coins\/"},"modified":"2023-10-13T15:29:38","modified_gmt":"2023-10-13T15:29:38","slug":"9-coins","status":"publish","type":"page","link":"https:\/\/mrgreencasinos.com\/fr\/pokies\/9-coins\/","title":{"rendered":"\u00c0 la d\u00e9couverte de 9 Coins\u00a0: un examen d\u00e9taill\u00e9 du c\u00e9l\u00e8bre jeu de machine \u00e0 sous"},"content":{"rendered":"<p>[vc_row][vc_column][vc_column_text]Il y a un buzz dans le monde des machines \u00e0 sous en ligne. Cela s&rsquo;appelle 9 pi\u00e8ces. Ce jeu offre une exp\u00e9rience engageante et unique aux amateurs de machines \u00e0 sous, qu&rsquo;ils cherchent \u00e0 jouer \u00e0 la machine \u00e0 sous 9 Coins pour le plaisir ou pour de l&rsquo;argent r\u00e9el.[\/vc_column_text][\/vc_column][\/vc_row][vc_row][vc_column width=\u00a0\u00bb1\/2&Prime;][vc_column_text]<\/p>\n<h2>Machine \u00e0 sous 9 pi\u00e8ces \u2013 Un examen d\u00e9taill\u00e9<\/h2>\n<p>La machine \u00e0 sous 9 Coins a un attrait unique. Ses graphismes \u00e9clatants et son th\u00e8me immersif vous transportent dans un monde passionnant. Le gameplay ? C&rsquo;est simple, mais captivant. \u00c0 chaque tour, vous d\u00e9voilez des symboles et des fonctionnalit\u00e9s qui vous tiennent en haleine. Ce jeu n&rsquo;est pas seulement une question de chance ; c&rsquo;est aussi une question de strat\u00e9gie. L&rsquo;examen de la machine \u00e0 sous 9 pi\u00e8ces est incomplet sans faire l&rsquo;\u00e9loge de son interface utilisateur transparente. Il garantit une exp\u00e9rience de jeu fluide \u00e0 chaque fois que vous jouez \u00e0 la machine \u00e0 sous 9 Coins.<\/p>\n<p style=\"text-align: center;\"><div class=\"t-go\"><a href=\"\/go-casino\/?brand=mrgreen\">BONUS DE R\u00c9CLAMATION<\/a><\/div>\n<p>[\/vc_column_text][\/vc_column][vc_column width=\u00a0\u00bb1\/2&Prime;][vc_single_image image=\u00a0\u00bb1321&Prime; img_size=\u00a0\u00bblarge\u00a0\u00bb][\/vc_column][\/vc_row][vc_row][vc_column][vc_column_text]<\/p>\n<h2>Plonger dans la d\u00e9mo de la machine \u00e0 sous 9 Coins<\/h2>\n<p>La d\u00e9mo de la machine \u00e0 sous \u00e0 9 pi\u00e8ces est un point de d\u00e9part judicieux. C&rsquo;est un terrain de jeu sans risque pour apprendre le jeu. Vous comprenez les r\u00e8gles. Vous explorez les symboles. Vous essayez des strat\u00e9gies. Et lorsque vous \u00eates pr\u00eat, vous pouvez passer au jeu r\u00e9el.<\/p>\n<p>La version d\u00e9mo refl\u00e8te parfaitement le jeu r\u00e9el, de sa repr\u00e9sentation graphique \u00e0 sa conception sonore. Cela garantit aux joueurs une sensation authentique du jeu. Cette repr\u00e9sentation pr\u00e9cise est essentielle pour comprendre comment les diff\u00e9rents \u00e9l\u00e9ments du jeu fonctionnent ensemble : les symboles, les lignes de paiement, les bonus et comment ils influencent tous les r\u00e9sultats possibles.<\/p>\n<p>Exp\u00e9rimenter diff\u00e9rentes strat\u00e9gies de pari est un autre avantage important qu&rsquo;offre la d\u00e9mo de la machine \u00e0 sous 9 Coins. Vous pouvez librement tester si vous devez parier de mani\u00e8re prudente ou opter pour des paris plus importants mais plus risqu\u00e9s. Cette phase d&rsquo;exp\u00e9rimentation est cruciale pour formuler une strat\u00e9gie de jeu adapt\u00e9e \u00e0 votre style et \u00e0 votre tol\u00e9rance au risque.<\/p>\n<p>Une fois que vous avez pass\u00e9 un peu de temps avec la d\u00e9mo et que vous avez senti que vous comprenez le fonctionnement du jeu, la transition vers le jeu r\u00e9el se fait en douceur. Les comp\u00e9tences, connaissances et strat\u00e9gies que vous avez d\u00e9velopp\u00e9es au cours de votre exp\u00e9rience avec la d\u00e9mo sont directement transf\u00e9rables au jeu r\u00e9el. Cette transition en douceur, associ\u00e9e \u00e0 la pr\u00e9paration fournie par la d\u00e9mo, am\u00e9liore consid\u00e9rablement votre exp\u00e9rience de jeu et vos chances de succ\u00e8s.<\/p>\n<p>C&rsquo;est la beaut\u00e9 de la d\u00e9mo de la machine \u00e0 sous 9 Coins. Il ne s&rsquo;agit pas seulement de comprendre le jeu ; il s&rsquo;agit d&rsquo;\u00e9laborer des strat\u00e9gies, de gagner en confiance et de s&rsquo;assurer que vous \u00eates parfaitement pr\u00e9par\u00e9 pour la v\u00e9ritable aventure de jeu qui vous attend.<\/p>\n<h2>R\u00e9v\u00e9ler l&rsquo;enthousiasme avec 9 tours gratuits de pi\u00e8ces en Australie<\/h2>\n<p>9 pi\u00e8ces de tours gratuits L&rsquo;Australie est le c\u0153ur du jeu. Obtenez les bons symboles et les tours gratuits vous appartiennent. Ils signifient plus de chances de gagner, ce qui en fait un favori. Pour les joueurs australiens, ces tours gratuits, en particulier la machine \u00e0 sous \u00e0 9 pi\u00e8ces, ajoutent une couche d&rsquo;excitation au jeu.[\/vc_column_text][\/vc_column][\/vc_row][vc_row][vc_column width=\u00a0\u00bb1\/2&Prime;][vc_single_image image=\u00a0\u00bb1319&Prime; img_size=\u00a0\u00bblarge\u00a0\u00bb][\/vc_column][vc_column width=\u00a0\u00bb1\/2&Prime;][vc_column_text]<\/p>\n<h2>Parier sur la machine \u00e0 sous 9 Coins pour de l&rsquo;argent r\u00e9el<\/h2>\n<p>\u00cates-vous pr\u00eat \u00e0 jouer \u00e0 la machine \u00e0 sous 9 Coins pour de l&rsquo;argent r\u00e9el ? C&rsquo;est passionnant, en effet. Vous pariez de l\u2019argent r\u00e9el, ce qui ajoute un avantage au jeu. Les enjeux sont \u00e9lev\u00e9s, tout comme les r\u00e9compenses potentielles. Voici un conseil\u00a0: g\u00e9rez judicieusement votre bankroll. Et n\u2019oubliez pas que le plaisir est dans le jeu, pas seulement dans la victoire.<\/p>\n<p style=\"text-align: center;\"><div class=\"t-go\"><a href=\"\/go-casino\/?brand=mrgreen\">BONUS DE R\u00c9CLAMATION<\/a><\/div>\n<p>[\/vc_column_text][\/vc_column][\/vc_row][vc_row][vc_column][vc_column_text]<\/p>\n<h2>Conclusion de l&rsquo;exp\u00e9rience de la machine \u00e0 sous 9 Coins<\/h2>\n<p>Pour conclure, la machine \u00e0 sous 9 Coins est un m\u00e9lange attrayant de divertissement et de gains potentiels. Sa version d\u00e9mo vous permet de vous entra\u00eener. Ses tours gratuits augmentent vos chances de gagner. Et y jouer pour de l&rsquo;argent r\u00e9el ? C&rsquo;est une mont\u00e9e d&rsquo;adr\u00e9naline. 9 Coins est un concurrent digne de ce nom dans le domaine des machines \u00e0 sous en ligne.<\/p>\n<p>La machine \u00e0 sous 9 Coins offre un m\u00e9lange unique de divertissement, de gameplay strat\u00e9gique et d&rsquo;un potentiel de gains all\u00e9chant. Que vous soyez novice ou joueur chevronn\u00e9, ce jeu vous offrira \u00e0 coup s\u00fbr une exp\u00e9rience m\u00e9morable. La version d\u00e9mo vous permet de vous familiariser avec le jeu et d&rsquo;\u00e9laborer des strat\u00e9gies. Les tours gratuits augmentent non seulement vos chances de gagner, mais ajoutent \u00e9galement une dimension passionnante au gameplay, en particulier pour les joueurs australiens qui profitent de la machine \u00e0 sous 9 Coins. Jouer \u00e0 9 pi\u00e8ces en argent r\u00e9el apporte une couche d&rsquo;excitation suppl\u00e9mentaire, mais n&rsquo;oubliez pas que la joie r\u00e9side dans le voyage, pas seulement dans la destination. Alors pourquoi attendre ? Plongez d\u00e8s aujourd\u2019hui dans le monde captivant de la machine \u00e0 sous 9 Coins et d\u00e9couvrez les surprises qu\u2019elle vous r\u00e9serve.[\/vc_column_text][\/vc_column][\/vc_row]<\/p>\n","protected":false},"excerpt":{"rendered":"<p>[vc_row][vc_column][vc_column_text]Il y a un buzz dans le monde des machines \u00e0 sous en ligne. Cela s&rsquo;appelle 9 pi\u00e8ces. Ce jeu [&hellip;]<\/p>\n","protected":false},"author":1,"featured_media":0,"parent":287,"menu_order":0,"comment_status":"closed","ping_status":"closed","template":"","meta":{"footnotes":""},"class_list":["post-1357","page","type-page","status-publish","hentry"],"acf":[],"yoast_head":"<!-- This site is optimized with the Yoast SEO plugin v17.9 - https:\/\/yoast.com\/wordpress\/plugins\/seo\/ -->\n<title>D\u00e9bloquez de la richesse\u00a0: faites tourner les rouleaux de la machine \u00e0 sous \u00e0 9\u00a0pi\u00e8ces<\/title>\n<meta name=\"description\" content=\"Jouez \u00e0 la passionnante machine \u00e0 sous 9 Coins et d\u00e9bloquez des richesses\u00a0! Faites tourner les rouleaux, d\u00e9clenchez des bonus et d\u00e9couvrez des chemins vers des r\u00e9compenses incroyables. Rejoignez le jeu maintenant\u00a0!\" \/>\n<meta name=\"robots\" content=\"index, follow, max-snippet:-1, max-image-preview:large, max-video-preview:-1\" \/>\n<link rel=\"canonical\" href=\"https:\/\/mrgreencasinos.com\/fr\/pokies\/9-coins\/\" \/>\n<meta property=\"og:type\" content=\"article\" \/>\n<meta property=\"og:title\" content=\"D\u00e9bloquez de la richesse\u00a0: faites tourner les rouleaux de la machine \u00e0 sous \u00e0 9\u00a0pi\u00e8ces\" \/>\n<meta property=\"og:description\" content=\"Jouez \u00e0 la passionnante machine \u00e0 sous 9 Coins et d\u00e9bloquez des richesses\u00a0! Faites tourner les rouleaux, d\u00e9clenchez des bonus et d\u00e9couvrez des chemins vers des r\u00e9compenses incroyables. Rejoignez le jeu maintenant\u00a0!\" \/>\n<meta property=\"og:url\" content=\"https:\/\/mrgreencasinos.com\/fr\/pokies\/9-coins\/\" \/>\n<meta property=\"og:site_name\" content=\"Casino MR Green\" \/>\n<meta property=\"article:modified_time\" content=\"2023-10-13T15:29:38+00:00\" \/>\n<meta name=\"twitter:card\" content=\"summary_large_image\" \/>\n<meta name=\"twitter:label1\" content=\"Dur\u00e9e de lecture estim\u00e9e\" \/>\n\t<meta name=\"twitter:data1\" content=\"4 minutes\" \/>\n<script type=\"application\/ld+json\" class=\"yoast-schema-graph\">{\"@context\":\"https:\/\/schema.org\",\"@graph\":[{\"@type\":\"WebSite\",\"@id\":\"https:\/\/mrgreencasinos.com\/#website\",\"url\":\"https:\/\/mrgreencasinos.com\/\",\"name\":\"Casino MR Green\",\"description\":\"\",\"potentialAction\":[{\"@type\":\"SearchAction\",\"target\":{\"@type\":\"EntryPoint\",\"urlTemplate\":\"https:\/\/mrgreencasinos.com\/?s={search_term_string}\"},\"query-input\":\"required name=search_term_string\"}],\"inLanguage\":\"fr-FR\"},{\"@type\":\"WebPage\",\"@id\":\"https:\/\/mrgreencasinos.com\/fr\/pokies\/9-coins\/#webpage\",\"url\":\"https:\/\/mrgreencasinos.com\/fr\/pokies\/9-coins\/\",\"name\":\"D\\u00e9bloquez de la richesse\\u00a0: faites tourner les rouleaux de la machine \\u00e0 sous \\u00e0 9\\u00a0pi\\u00e8ces\",\"isPartOf\":{\"@id\":\"https:\/\/mrgreencasinos.com\/#website\"},\"datePublished\":\"2023-08-16T11:14:29+00:00\",\"dateModified\":\"2023-10-13T15:29:38+00:00\",\"description\":\"Jouez \\u00e0 la passionnante machine \\u00e0 sous 9 Coins et d\\u00e9bloquez des richesses\\u00a0! Faites tourner les rouleaux, d\\u00e9clenchez des bonus et d\\u00e9couvrez des chemins vers des r\\u00e9compenses incroyables. Rejoignez le jeu maintenant\\u00a0!\",\"breadcrumb\":{\"@id\":\"https:\/\/mrgreencasinos.com\/fr\/pokies\/9-coins\/#breadcrumb\"},\"inLanguage\":\"fr-FR\",\"potentialAction\":[{\"@type\":\"ReadAction\",\"target\":[\"https:\/\/mrgreencasinos.com\/fr\/pokies\/9-coins\/\"]}]},{\"@type\":\"BreadcrumbList\",\"@id\":\"https:\/\/mrgreencasinos.com\/fr\/pokies\/9-coins\/#breadcrumb\",\"itemListElement\":[{\"@type\":\"ListItem\",\"position\":1,\"name\":\"Home\",\"item\":\"https:\/\/mrgreencasinos.com\/fr\/review-of-the-official-mr-green-website\/\"},{\"@type\":\"ListItem\",\"position\":2,\"name\":\"Pokies\",\"item\":\"https:\/\/mrgreencasinos.com\/fr\/pokies\/\"},{\"@type\":\"ListItem\",\"position\":3,\"name\":\"\\u00c0 la d\\u00e9couverte de 9 Coins\\u00a0: un examen d\\u00e9taill\\u00e9 du c\\u00e9l\\u00e8bre jeu de machine \\u00e0 sous\"}]}]}<\/script>\n<!-- \/ Yoast SEO plugin. -->","yoast_head_json":{"title":"D\u00e9bloquez de la richesse\u00a0: faites tourner les rouleaux de la machine \u00e0 sous \u00e0 9\u00a0pi\u00e8ces","description":"Jouez \u00e0 la passionnante machine \u00e0 sous 9 Coins et d\u00e9bloquez des richesses\u00a0! Faites tourner les rouleaux, d\u00e9clenchez des bonus et d\u00e9couvrez des chemins vers des r\u00e9compenses incroyables. Rejoignez le jeu maintenant\u00a0!","robots":{"index":"index","follow":"follow","max-snippet":"max-snippet:-1","max-image-preview":"max-image-preview:large","max-video-preview":"max-video-preview:-1"},"canonical":"https:\/\/mrgreencasinos.com\/fr\/pokies\/9-coins\/","og_type":"article","og_title":"D\u00e9bloquez de la richesse\u00a0: faites tourner les rouleaux de la machine \u00e0 sous \u00e0 9\u00a0pi\u00e8ces","og_description":"Jouez \u00e0 la passionnante machine \u00e0 sous 9 Coins et d\u00e9bloquez des richesses\u00a0! Faites tourner les rouleaux, d\u00e9clenchez des bonus et d\u00e9couvrez des chemins vers des r\u00e9compenses incroyables. Rejoignez le jeu maintenant\u00a0!","og_url":"https:\/\/mrgreencasinos.com\/fr\/pokies\/9-coins\/","og_site_name":"Casino MR Green","article_modified_time":"2023-10-13T15:29:38+00:00","twitter_card":"summary_large_image","twitter_misc":{"Dur\u00e9e de lecture estim\u00e9e":"4 minutes"},"schema":{"@context":"https:\/\/schema.org","@graph":[{"@type":"WebSite","@id":"https:\/\/mrgreencasinos.com\/#website","url":"https:\/\/mrgreencasinos.com\/","name":"Casino MR Green","description":"","potentialAction":[{"@type":"SearchAction","target":{"@type":"EntryPoint","urlTemplate":"https:\/\/mrgreencasinos.com\/?s={search_term_string}"},"query-input":"required name=search_term_string"}],"inLanguage":"fr-FR"},{"@type":"WebPage","@id":"https:\/\/mrgreencasinos.com\/fr\/pokies\/9-coins\/#webpage","url":"https:\/\/mrgreencasinos.com\/fr\/pokies\/9-coins\/","name":"D\u00e9bloquez de la richesse\u00a0: faites tourner les rouleaux de la machine \u00e0 sous \u00e0 9\u00a0pi\u00e8ces","isPartOf":{"@id":"https:\/\/mrgreencasinos.com\/#website"},"datePublished":"2023-08-16T11:14:29+00:00","dateModified":"2023-10-13T15:29:38+00:00","description":"Jouez \u00e0 la passionnante machine \u00e0 sous 9 Coins et d\u00e9bloquez des richesses\u00a0! Faites tourner les rouleaux, d\u00e9clenchez des bonus et d\u00e9couvrez des chemins vers des r\u00e9compenses incroyables. Rejoignez le jeu maintenant\u00a0!","breadcrumb":{"@id":"https:\/\/mrgreencasinos.com\/fr\/pokies\/9-coins\/#breadcrumb"},"inLanguage":"fr-FR","potentialAction":[{"@type":"ReadAction","target":["https:\/\/mrgreencasinos.com\/fr\/pokies\/9-coins\/"]}]},{"@type":"BreadcrumbList","@id":"https:\/\/mrgreencasinos.com\/fr\/pokies\/9-coins\/#breadcrumb","itemListElement":[{"@type":"ListItem","position":1,"name":"Home","item":"https:\/\/mrgreencasinos.com\/fr\/review-of-the-official-mr-green-website\/"},{"@type":"ListItem","position":2,"name":"Pokies","item":"https:\/\/mrgreencasinos.com\/fr\/pokies\/"},{"@type":"ListItem","position":3,"name":"\u00c0 la d\u00e9couverte de 9 Coins\u00a0: un examen d\u00e9taill\u00e9 du c\u00e9l\u00e8bre jeu de machine \u00e0 sous"}]}]}},"_links":{"self":[{"href":"https:\/\/mrgreencasinos.com\/fr\/wp-json\/wp\/v2\/pages\/1357","targetHints":{"allow":["GET"]}}],"collection":[{"href":"https:\/\/mrgreencasinos.com\/fr\/wp-json\/wp\/v2\/pages"}],"about":[{"href":"https:\/\/mrgreencasinos.com\/fr\/wp-json\/wp\/v2\/types\/page"}],"author":[{"embeddable":true,"href":"https:\/\/mrgreencasinos.com\/fr\/wp-json\/wp\/v2\/users\/1"}],"replies":[{"embeddable":true,"href":"https:\/\/mrgreencasinos.com\/fr\/wp-json\/wp\/v2\/comments?post=1357"}],"version-history":[{"count":3,"href":"https:\/\/mrgreencasinos.com\/fr\/wp-json\/wp\/v2\/pages\/1357\/revisions"}],"predecessor-version":[{"id":1377,"href":"https:\/\/mrgreencasinos.com\/fr\/wp-json\/wp\/v2\/pages\/1357\/revisions\/1377"}],"up":[{"embeddable":true,"href":"https:\/\/mrgreencasinos.com\/fr\/wp-json\/wp\/v2\/pages\/287"}],"wp:attachment":[{"href":"https:\/\/mrgreencasinos.com\/fr\/wp-json\/wp\/v2\/media?parent=1357"}],"curies":[{"name":"wp","href":"https:\/\/api.w.org\/{rel}","templated":true}]}}