{"id":1365,"date":"2023-08-16T11:28:51","date_gmt":"2023-08-16T11:28:51","guid":{"rendered":"https:\/\/mrgreencasinos.com\/pokies\/monkey-king\/"},"modified":"2023-10-13T15:36:04","modified_gmt":"2023-10-13T15:36:04","slug":"monkey-king","status":"publish","type":"page","link":"https:\/\/mrgreencasinos.com\/fr\/pokies\/monkey-king\/","title":{"rendered":"Embarquez pour une aventure avec la machine \u00e0 sous Legendary Monkey King\u00a0: un guide complet"},"content":{"rendered":"<p>[vc_row][vc_column][vc_column_text]Embarquez pour un voyage de jeu unique avec la machine \u00e0 sous Monkey King. Ce jeu est un m\u00e9lange enchanteur de folklore et de technologie de jeu moderne. La machine \u00e0 sous Monkey King apporte une l\u00e9gende ancienne sur votre \u00e9cran, offrant une multitude de fonctionnalit\u00e9s sp\u00e9ciales.[\/vc_column_text][\/vc_column][\/vc_row][vc_row][vc_column width=\u00a0\u00bb1\/2&Prime;][vc_column_text]<\/p>\n<h2>Pr\u00e9sentation de la machine \u00e0 sous Monkey King<\/h2>\n<p>La machine \u00e0 sous Monkey King se d\u00e9marque dans la foule. Tirant son th\u00e8me de la l\u00e9gende chinoise du Roi Singe, ce jeu est un m\u00e9lange attrayant de symboles traditionnels et d&rsquo;esth\u00e9tique moderne. Parmi les symboles, vous retrouverez le Roi Singe lui-m\u00eame ainsi que divers objets de son conte mythique. Promettant une exp\u00e9rience de jeu passionnante, chaque tour de la machine \u00e0 sous Monkey King d\u00e9voile une partie intrigante de cette histoire l\u00e9gendaire.<\/p>\n<p style=\"text-align: center;\"><div class=\"t-go\"><a href=\"\/go-casino\/?brand=mrgreen\">BONUS DE R\u00c9CLAMATION<\/a><\/div>\n<p>[\/vc_column_text][\/vc_column][vc_column width=\u00a0\u00bb1\/2&Prime;][vc_single_image image=\u00a0\u00bb1334&Prime; img_size=\u00a0\u00bblarge\u00a0\u00bb][\/vc_column][\/vc_row][vc_row][vc_column][vc_column_text]<\/p>\n<h2>Gameplay de la machine \u00e0 sous Monkey King<\/h2>\n<p>Jouer \u00e0 la machine \u00e0 sous Monkey King est simple. Choisissez la taille de votre mise, s\u00e9lectionnez le nombre de lignes de paiement et appuyez sur Spin. Les commandes du jeu sont faciles \u00e0 naviguer. Au fur et \u00e0 mesure que vous jouez, l&rsquo;histoire du Roi Singe se d\u00e9voile, ajoutant une couche suppl\u00e9mentaire d&rsquo;excitation au jeu. \u00c0 chaque tour de la machine \u00e0 sous Monkey King, vous plongez plus profond\u00e9ment dans ce r\u00e9cit enchanteur.<\/p>\n<p>Les symboles que vous rencontrerez pendant le jeu embellissent encore davantage l&rsquo;histoire. Chacun de ces symboles repr\u00e9sente des personnages ou des objets qui sont au c\u0153ur de la l\u00e9gende du Roi Singe. Les combinaisons gagnantes vous rapportent non seulement des gains, mais r\u00e9v\u00e8lent \u00e9galement des fragments de l&rsquo;histoire, cr\u00e9ant un m\u00e9lange captivant de jeu et de narration.<\/p>\n<p>De plus, la machine \u00e0 sous Monkey King offre une vari\u00e9t\u00e9 de fonctionnalit\u00e9s sp\u00e9ciales, qui introduisent des niveaux suppl\u00e9mentaires de strat\u00e9gie et d&rsquo;excitation. Par exemple, il existe des symboles wild qui peuvent remplacer d&rsquo;autres symboles pour cr\u00e9er des combinaisons gagnantes, et des symboles scatter qui peuvent d\u00e9bloquer des tours bonus. Il existe \u00e9galement des fonctionnalit\u00e9s multiplicateurs qui peuvent augmenter consid\u00e9rablement vos gains. Savoir comment tirer parti de ces fonctionnalit\u00e9s peut ajouter au plaisir du jeu et am\u00e9liorer votre potentiel de gain.<\/p>\n<p>Ce qui distingue la machine \u00e0 sous Monkey King, c&rsquo;est sa capacit\u00e9 \u00e0 plonger les joueurs dans le r\u00e9cit l\u00e9gendaire du Monkey King tout en leur offrant une chance de gagner des r\u00e9compenses attrayantes. Le m\u00e9lange d&rsquo;une narration intrigante, de graphismes \u00e9clatants et d&rsquo;un gameplay captivant garantit que chaque tour est plus qu&rsquo;un simple tour de jeu : c&rsquo;est un pas de plus dans une aventure l\u00e9gendaire.<\/p>\n<p>Alors, entrez dans le monde mythique du Roi Singe, vivez l&rsquo;excitation de chaque tour et plongez-vous dans un jeu de machine \u00e0 sous qui offre bien plus qu&rsquo;un simple jeu : il offre une exp\u00e9rience narrative riche et passionnante.[\/vc_column_text][\/vc_column][\/vc_row][vc_row][vc_column width=\u00a0\u00bb1\/2&Prime;][vc_single_image image=\u00a0\u00bb1332&Prime; img_size=\u00a0\u00bblarge\u00a0\u00bb][\/vc_column][vc_column width=\u00a0\u00bb1\/2&Prime;][vc_column_text]<\/p>\n<h2>La machine \u00e0 sous l\u00e9gendaire Monkey King<\/h2>\n<p>La machine \u00e0 sous Monkey King est ancr\u00e9e dans l&rsquo;histoire l\u00e9gendaire de Sun Wukong, le Roi Singe. Ce conte fait partie int\u00e9grante de la litt\u00e9rature chinoise depuis des si\u00e8cles. Le jeu int\u00e8gre des \u00e9l\u00e9ments de l&rsquo;histoire, lui donnant de la profondeur et du contexte. L&rsquo;esprit aventureux de Monkey King est tiss\u00e9 dans tous les aspects du jeu, faisant de la l\u00e9gendaire machine \u00e0 sous Monkey King une exp\u00e9rience de jeu passionnante.<\/p>\n<p style=\"text-align: center;\"><div class=\"t-go\"><a href=\"\/go-casino\/?brand=mrgreen\">BONUS DE R\u00c9CLAMATION<\/a><\/div>\n<p>[\/vc_column_text][\/vc_column][\/vc_row][vc_row][vc_column][vc_column_text]<\/p>\n<h2>Conseils pour le jeu de machine \u00e0 sous Monkey King<\/h2>\n<p>Pour am\u00e9liorer votre exp\u00e9rience sur la machine \u00e0 sous Monkey King, gardez ces conseils sur la machine \u00e0 sous Monkey King \u00e0 l&rsquo;esprit. Comprendre les m\u00e9canismes du jeu. Familiarisez-vous avec les symboles et leurs valeurs. Jouez au jeu en mode d\u00e9mo avant de parier de l&rsquo;argent r\u00e9el. Utilisez les fonctionnalit\u00e9s sp\u00e9ciales \u00e0 votre avantage. Et surtout, jouez de mani\u00e8re responsable.<\/p>\n<p>La machine \u00e0 sous Monkey King est un jeu qui combine l\u00e9gende, divertissement et gains potentiels. Il offre une exp\u00e9rience de jeu unique et vous transporte dans l&rsquo;univers d&rsquo;un h\u00e9ros l\u00e9gendaire. Il ne s\u2019agit pas seulement de faire tourner des moulinets ; il s&rsquo;agit de s&rsquo;engager dans un r\u00e9cit. Essayez la machine \u00e0 sous Monkey King aujourd&rsquo;hui et faites partie de la l\u00e9gende.<\/p>\n<p>Cliquez sur le bouton Modifier pour modifier ce texte. Lorem ipsum dolor sit amet, consectetur adipiscing elit. Ut elit tellus, luctus nec ullamcorper mattis, pulvinar dapibus leo.[\/vc_column_text][\/vc_column][\/vc_row]<\/p>\n","protected":false},"excerpt":{"rendered":"<p>[vc_row][vc_column][vc_column_text]Embarquez pour un voyage de jeu unique avec la machine \u00e0 sous Monkey King. Ce jeu est un m\u00e9lange enchanteur [&hellip;]<\/p>\n","protected":false},"author":1,"featured_media":0,"parent":287,"menu_order":0,"comment_status":"closed","ping_status":"closed","template":"","meta":{"footnotes":""},"class_list":["post-1365","page","type-page","status-publish","hentry"],"acf":[],"yoast_head":"<!-- This site is optimized with the Yoast SEO plugin v17.9 - https:\/\/yoast.com\/wordpress\/plugins\/seo\/ -->\n<title>Conqu\u00e9rez les richesses avec Monkey King Slot Adventure<\/title>\n<meta name=\"description\" content=\"Embarquez pour un voyage l\u00e9gendaire avec la machine \u00e0 sous Monkey King\u00a0! Faites tourner les rouleaux, d\u00e9bloquez des bonus et r\u00e9cup\u00e9rez des tr\u00e9sors dans ce jeu captivant. Joue maintenant!\" \/>\n<meta name=\"robots\" content=\"index, follow, max-snippet:-1, max-image-preview:large, max-video-preview:-1\" \/>\n<link rel=\"canonical\" href=\"https:\/\/mrgreencasinos.com\/fr\/pokies\/monkey-king\/\" \/>\n<meta property=\"og:type\" content=\"article\" \/>\n<meta property=\"og:title\" content=\"Conqu\u00e9rez les richesses avec Monkey King Slot Adventure\" \/>\n<meta property=\"og:description\" content=\"Embarquez pour un voyage l\u00e9gendaire avec la machine \u00e0 sous Monkey King\u00a0! Faites tourner les rouleaux, d\u00e9bloquez des bonus et r\u00e9cup\u00e9rez des tr\u00e9sors dans ce jeu captivant. Joue maintenant!\" \/>\n<meta property=\"og:url\" content=\"https:\/\/mrgreencasinos.com\/fr\/pokies\/monkey-king\/\" \/>\n<meta property=\"og:site_name\" content=\"Casino MR Green\" \/>\n<meta property=\"article:modified_time\" content=\"2023-10-13T15:36:04+00:00\" \/>\n<meta name=\"twitter:card\" content=\"summary_large_image\" \/>\n<meta name=\"twitter:label1\" content=\"Dur\u00e9e de lecture estim\u00e9e\" \/>\n\t<meta name=\"twitter:data1\" content=\"4 minutes\" \/>\n<script type=\"application\/ld+json\" class=\"yoast-schema-graph\">{\"@context\":\"https:\/\/schema.org\",\"@graph\":[{\"@type\":\"WebSite\",\"@id\":\"https:\/\/mrgreencasinos.com\/#website\",\"url\":\"https:\/\/mrgreencasinos.com\/\",\"name\":\"Casino MR Green\",\"description\":\"\",\"potentialAction\":[{\"@type\":\"SearchAction\",\"target\":{\"@type\":\"EntryPoint\",\"urlTemplate\":\"https:\/\/mrgreencasinos.com\/?s={search_term_string}\"},\"query-input\":\"required name=search_term_string\"}],\"inLanguage\":\"fr-FR\"},{\"@type\":\"WebPage\",\"@id\":\"https:\/\/mrgreencasinos.com\/fr\/pokies\/monkey-king\/#webpage\",\"url\":\"https:\/\/mrgreencasinos.com\/fr\/pokies\/monkey-king\/\",\"name\":\"Conqu\\u00e9rez les richesses avec Monkey King Slot Adventure\",\"isPartOf\":{\"@id\":\"https:\/\/mrgreencasinos.com\/#website\"},\"datePublished\":\"2023-08-16T11:28:51+00:00\",\"dateModified\":\"2023-10-13T15:36:04+00:00\",\"description\":\"Embarquez pour un voyage l\\u00e9gendaire avec la machine \\u00e0 sous Monkey King\\u00a0! Faites tourner les rouleaux, d\\u00e9bloquez des bonus et r\\u00e9cup\\u00e9rez des tr\\u00e9sors dans ce jeu captivant. Joue maintenant!\",\"breadcrumb\":{\"@id\":\"https:\/\/mrgreencasinos.com\/fr\/pokies\/monkey-king\/#breadcrumb\"},\"inLanguage\":\"fr-FR\",\"potentialAction\":[{\"@type\":\"ReadAction\",\"target\":[\"https:\/\/mrgreencasinos.com\/fr\/pokies\/monkey-king\/\"]}]},{\"@type\":\"BreadcrumbList\",\"@id\":\"https:\/\/mrgreencasinos.com\/fr\/pokies\/monkey-king\/#breadcrumb\",\"itemListElement\":[{\"@type\":\"ListItem\",\"position\":1,\"name\":\"Home\",\"item\":\"https:\/\/mrgreencasinos.com\/fr\/review-of-the-official-mr-green-website\/\"},{\"@type\":\"ListItem\",\"position\":2,\"name\":\"Pokies\",\"item\":\"https:\/\/mrgreencasinos.com\/fr\/pokies\/\"},{\"@type\":\"ListItem\",\"position\":3,\"name\":\"Embarquez pour une aventure avec la machine \\u00e0 sous Legendary Monkey King\\u00a0: un guide complet\"}]}]}<\/script>\n<!-- \/ Yoast SEO plugin. -->","yoast_head_json":{"title":"Conqu\u00e9rez les richesses avec Monkey King Slot Adventure","description":"Embarquez pour un voyage l\u00e9gendaire avec la machine \u00e0 sous Monkey King\u00a0! Faites tourner les rouleaux, d\u00e9bloquez des bonus et r\u00e9cup\u00e9rez des tr\u00e9sors dans ce jeu captivant. Joue maintenant!","robots":{"index":"index","follow":"follow","max-snippet":"max-snippet:-1","max-image-preview":"max-image-preview:large","max-video-preview":"max-video-preview:-1"},"canonical":"https:\/\/mrgreencasinos.com\/fr\/pokies\/monkey-king\/","og_type":"article","og_title":"Conqu\u00e9rez les richesses avec Monkey King Slot Adventure","og_description":"Embarquez pour un voyage l\u00e9gendaire avec la machine \u00e0 sous Monkey King\u00a0! Faites tourner les rouleaux, d\u00e9bloquez des bonus et r\u00e9cup\u00e9rez des tr\u00e9sors dans ce jeu captivant. Joue maintenant!","og_url":"https:\/\/mrgreencasinos.com\/fr\/pokies\/monkey-king\/","og_site_name":"Casino MR Green","article_modified_time":"2023-10-13T15:36:04+00:00","twitter_card":"summary_large_image","twitter_misc":{"Dur\u00e9e de lecture estim\u00e9e":"4 minutes"},"schema":{"@context":"https:\/\/schema.org","@graph":[{"@type":"WebSite","@id":"https:\/\/mrgreencasinos.com\/#website","url":"https:\/\/mrgreencasinos.com\/","name":"Casino MR Green","description":"","potentialAction":[{"@type":"SearchAction","target":{"@type":"EntryPoint","urlTemplate":"https:\/\/mrgreencasinos.com\/?s={search_term_string}"},"query-input":"required name=search_term_string"}],"inLanguage":"fr-FR"},{"@type":"WebPage","@id":"https:\/\/mrgreencasinos.com\/fr\/pokies\/monkey-king\/#webpage","url":"https:\/\/mrgreencasinos.com\/fr\/pokies\/monkey-king\/","name":"Conqu\u00e9rez les richesses avec Monkey King Slot Adventure","isPartOf":{"@id":"https:\/\/mrgreencasinos.com\/#website"},"datePublished":"2023-08-16T11:28:51+00:00","dateModified":"2023-10-13T15:36:04+00:00","description":"Embarquez pour un voyage l\u00e9gendaire avec la machine \u00e0 sous Monkey King\u00a0! Faites tourner les rouleaux, d\u00e9bloquez des bonus et r\u00e9cup\u00e9rez des tr\u00e9sors dans ce jeu captivant. Joue maintenant!","breadcrumb":{"@id":"https:\/\/mrgreencasinos.com\/fr\/pokies\/monkey-king\/#breadcrumb"},"inLanguage":"fr-FR","potentialAction":[{"@type":"ReadAction","target":["https:\/\/mrgreencasinos.com\/fr\/pokies\/monkey-king\/"]}]},{"@type":"BreadcrumbList","@id":"https:\/\/mrgreencasinos.com\/fr\/pokies\/monkey-king\/#breadcrumb","itemListElement":[{"@type":"ListItem","position":1,"name":"Home","item":"https:\/\/mrgreencasinos.com\/fr\/review-of-the-official-mr-green-website\/"},{"@type":"ListItem","position":2,"name":"Pokies","item":"https:\/\/mrgreencasinos.com\/fr\/pokies\/"},{"@type":"ListItem","position":3,"name":"Embarquez pour une aventure avec la machine \u00e0 sous Legendary Monkey King\u00a0: un guide complet"}]}]}},"_links":{"self":[{"href":"https:\/\/mrgreencasinos.com\/fr\/wp-json\/wp\/v2\/pages\/1365","targetHints":{"allow":["GET"]}}],"collection":[{"href":"https:\/\/mrgreencasinos.com\/fr\/wp-json\/wp\/v2\/pages"}],"about":[{"href":"https:\/\/mrgreencasinos.com\/fr\/wp-json\/wp\/v2\/types\/page"}],"author":[{"embeddable":true,"href":"https:\/\/mrgreencasinos.com\/fr\/wp-json\/wp\/v2\/users\/1"}],"replies":[{"embeddable":true,"href":"https:\/\/mrgreencasinos.com\/fr\/wp-json\/wp\/v2\/comments?post=1365"}],"version-history":[{"count":3,"href":"https:\/\/mrgreencasinos.com\/fr\/wp-json\/wp\/v2\/pages\/1365\/revisions"}],"predecessor-version":[{"id":1379,"href":"https:\/\/mrgreencasinos.com\/fr\/wp-json\/wp\/v2\/pages\/1365\/revisions\/1379"}],"up":[{"embeddable":true,"href":"https:\/\/mrgreencasinos.com\/fr\/wp-json\/wp\/v2\/pages\/287"}],"wp:attachment":[{"href":"https:\/\/mrgreencasinos.com\/fr\/wp-json\/wp\/v2\/media?parent=1365"}],"curies":[{"name":"wp","href":"https:\/\/api.w.org\/{rel}","templated":true}]}}