{"id":1369,"date":"2023-08-16T11:31:05","date_gmt":"2023-08-16T11:31:05","guid":{"rendered":"https:\/\/mrgreencasinos.com\/pokies\/lion-gems-hold-and-win\/"},"modified":"2023-10-13T15:39:38","modified_gmt":"2023-10-13T15:39:38","slug":"lion-gems-hold-and-win","status":"publish","type":"page","link":"https:\/\/mrgreencasinos.com\/fr\/pokies\/lion-gems-hold-and-win\/","title":{"rendered":"Vivez le frisson de la jungle avec la machine \u00e0 sous Lion Gems\u00a0: Hold and Win"},"content":{"rendered":"<p>[vc_row][vc_column][vc_column_text]Bienvenue dans le frisson de la jungle avec Lion Gems: Hold and Win Slot. Le jeu est un m\u00e9lange d&rsquo;aventures sauvages, de pierres pr\u00e9cieuses \u00e9tincelantes et de victoires passionnantes qui attendent chaque joueur. Plongeons dans la revue Lion Gems: Hold and Win.[\/vc_column_text][\/vc_column][\/vc_row][vc_row][vc_column width=\u00a0\u00bb1\/2&Prime;][vc_column_text]<\/p>\n<h2>Lion Gems\u00a0: Revue Tenir et Gagner<\/h2>\n<p>Lion Gems : Hold and Win Slot est une merveille de jeu. Il donne vie \u00e0 la jungle avec des graphismes \u00e9clatants, une conception sonore immersive et un gameplay captivant. Le th\u00e8me est un s\u00e9duisant m\u00e9lange de nature et de richesses. Des pierres pr\u00e9cieuses scintillantes, des lions puissants et une flore luxuriante remplissent les rouleaux. Chaque tour d\u00e9voile une nouvelle facette de ce monde intrigant, renfor\u00e7ant l&rsquo;attrait de la fonction de d\u00e9tention et de victoire des pierres pr\u00e9cieuses du lion.<\/p>\n<p style=\"text-align: center;\"><div class=\"t-go\"><a href=\"\/go-casino\/?brand=mrgreen\">BONUS DE R\u00c9CLAMATION<\/a><\/div>\n<p>[\/vc_column_text][\/vc_column][vc_column width=\u00a0\u00bb1\/2&Prime;][vc_single_image image=\u00a0\u00bb1341&Prime; img_size=\u00a0\u00bblarge\u00a0\u00bb][\/vc_column][\/vc_row][vc_row][vc_column][vc_column_text]<\/p>\n<h2>Comment jouer \u00e0 Lion Gems\u00a0: machine \u00e0 sous Hold and Win<\/h2>\n<p>Jouer \u00e0 Lion Gems\u00a0: Hold and Win Slot est simple. Tout d\u2019abord, s\u00e9lectionnez le montant de votre mise. Ensuite, choisissez le nombre de lignes de paiement \u00e0 jouer. Ensuite, appuyez sur \u00ab\u00a0tourner\u00a0\u00bb. Les symboles incluent diverses pierres pr\u00e9cieuses et \u00e9l\u00e9ments de la jungle. Le puissant lion est le symbole wild du jeu, tandis que la gemme \u00e9tincelante d\u00e9clenche la fonction sp\u00e9ciale \u00ab\u00a0Hold and Win\u00a0\u00bb. Plus vous alignez de symboles, plus votre gain potentiel est important. Lorsque vous jouez \u00e0 Lion Gems : Hold and Win, chaque tour vous rapproche des fonctionnalit\u00e9s uniques du jeu et des r\u00e9compenses possibles.<\/p>\n<h2>Fonctionnalit\u00e9s sp\u00e9ciales de Lion Gems\u00a0: Tenez et gagnez<\/h2>\n<p>La fonctionnalit\u00e9 \u00ab\u00a0Hold and Win\u00a0\u00bb est le point culminant du jeu. Il est d\u00e9clench\u00e9 par le symbole de la gemme \u00e9tincelante. Une fois activ\u00e9e, la fonctionnalit\u00e9 verrouille les symboles gagnants en place pendant que les autres positions tournent \u00e0 nouveau. Cela peut conduire \u00e0 des gains plus importants et plus excitants. Il s&rsquo;agit d&rsquo;une fonctionnalit\u00e9 passionnante qui fait monter l&rsquo;excitation du jeu d&rsquo;un cran, ce qui rend l&rsquo;option de jouer \u00e0 Lion Gems: Hold and Win Slot attrayante.<\/p>\n<p>Pour commencer, le symbole de la gemme \u00e9tincelante, lorsqu&rsquo;il est d\u00e9clench\u00e9, se verrouille sur la bobine et lance la fonction \u00ab\u00a0Conserver et gagner\u00a0\u00bb. Cette fonction unique verrouille les symboles gagnants en place pendant que toutes les autres positions subissent une s\u00e9rie de relances. \u00c0 chaque nouvelle rotation, tous les symboles de pierres pr\u00e9cieuses suppl\u00e9mentaires atterriront \u00e9galement sur les rouleaux et les relances seront r\u00e9initialis\u00e9es. La fonctionnalit\u00e9 se termine lorsque toutes les positions sont remplies de pierres pr\u00e9cieuses ou qu&rsquo;il ne reste plus de relances, ce qui entra\u00eene des gains importants qui peuvent augmenter consid\u00e9rablement vos gains globaux.<\/p>\n<p>Un autre aspect passionnant de la machine \u00e0 sous Lion Gems: Hold and Win est son tour de bonus, activ\u00e9 lorsqu&rsquo;un nombre sp\u00e9cifique de symboles scatter appara\u00eet sur les rouleaux. Cette fonctionnalit\u00e9 offre aux joueurs des tours gratuits, au cours desquels le potentiel de gain est consid\u00e9rablement am\u00e9lior\u00e9. Le tour de bonus, associ\u00e9 \u00e0 la forte volatilit\u00e9 du jeu, signifie que m\u00eame si les gains peuvent se produire moins fr\u00e9quemment, lorsqu&rsquo;ils se produisent, ils peuvent \u00eatre substantiels.<\/p>\n<p>De plus, Lion Gems : Hold and Win propose \u00e9galement une fonction de jackpot progressif. Il s\u2019agit d\u2019un jackpot group\u00e9 qui augmente \u00e0 chaque pari plac\u00e9. Si vous \u00eates assez chanceux, d\u00e9crocher une combinaison sp\u00e9cifique de symboles peut vous accorder ce jackpot, conduisant \u00e0 des gains qui changeront votre vie.[\/vc_column_text][\/vc_column][\/vc_row][vc_row][vc_column width=\u00a0\u00bb1\/2&Prime;][vc_single_image image=\u00a0\u00bb1339&Prime; img_size=\u00a0\u00bbfull\u00a0\u00bb][\/vc_column][vc_column width=\u00a0\u00bb1\/2&Prime;][vc_column_text]<\/p>\n<h2>Jouer \u00e0 Lion Gems\u00a0: d\u00e9tenez et gagnez avec de l&rsquo;argent r\u00e9el<\/h2>\n<p>Le plaisir de jouer \u00e0 Lion Gems Hold en argent r\u00e9el est ind\u00e9niable. Cela apporte une couche suppl\u00e9mentaire d\u2019excitation au jeu. Cependant, il est important de jouer de mani\u00e8re responsable. Connaissez vos limites et privil\u00e9giez toujours le plaisir plut\u00f4t que les gains potentiels.<\/p>\n<p>Lion Gems : Hold and Win Slot est un voyage passionnant au c\u0153ur de la jungle. Riche en fonctionnalit\u00e9s et plein d\u2019enthousiasme, il offre une exp\u00e9rience de jeu passionnante. Essayez-le aujourd&rsquo;hui\u00a0!<\/p>\n<p style=\"text-align: center;\"><div class=\"t-go\"><a href=\"\/go-casino\/?brand=mrgreen\">BONUS DE R\u00c9CLAMATION<\/a><\/div>\n<p>[\/vc_column_text][\/vc_column][\/vc_row]<\/p>\n","protected":false},"excerpt":{"rendered":"<p>[vc_row][vc_column][vc_column_text]Bienvenue dans le frisson de la jungle avec Lion Gems: Hold and Win Slot. Le jeu est un m\u00e9lange d&rsquo;aventures [&hellip;]<\/p>\n","protected":false},"author":1,"featured_media":0,"parent":287,"menu_order":0,"comment_status":"closed","ping_status":"closed","template":"","meta":{"footnotes":""},"class_list":["post-1369","page","type-page","status-publish","hentry"],"acf":[],"yoast_head":"<!-- This site is optimized with the Yoast SEO plugin v17.9 - https:\/\/yoast.com\/wordpress\/plugins\/seo\/ -->\n<title>Tenez et gagnez avec Lion Gems Slot Adventure<\/title>\n<meta name=\"description\" content=\"Vivez l&#039;excitation sur la machine \u00e0 sous Lion Gems\u00a0: Hold and Win\u00a0! Conservez des symboles, d\u00e9clenchez des bonus et capturez de grandes r\u00e9compenses. Jouez maintenant pour un gameplay passionnant\u00a0!\" \/>\n<meta name=\"robots\" content=\"index, follow, max-snippet:-1, max-image-preview:large, max-video-preview:-1\" \/>\n<link rel=\"canonical\" href=\"https:\/\/mrgreencasinos.com\/fr\/pokies\/lion-gems-hold-and-win\/\" \/>\n<meta property=\"og:type\" content=\"article\" \/>\n<meta property=\"og:title\" content=\"Tenez et gagnez avec Lion Gems Slot Adventure\" \/>\n<meta property=\"og:description\" content=\"Vivez l&#039;excitation sur la machine \u00e0 sous Lion Gems\u00a0: Hold and Win\u00a0! Conservez des symboles, d\u00e9clenchez des bonus et capturez de grandes r\u00e9compenses. Jouez maintenant pour un gameplay passionnant\u00a0!\" \/>\n<meta property=\"og:url\" content=\"https:\/\/mrgreencasinos.com\/fr\/pokies\/lion-gems-hold-and-win\/\" \/>\n<meta property=\"og:site_name\" content=\"Casino MR Green\" \/>\n<meta property=\"article:modified_time\" content=\"2023-10-13T15:39:38+00:00\" \/>\n<meta name=\"twitter:card\" content=\"summary_large_image\" \/>\n<meta name=\"twitter:label1\" content=\"Dur\u00e9e de lecture estim\u00e9e\" \/>\n\t<meta name=\"twitter:data1\" content=\"3 minutes\" \/>\n<script type=\"application\/ld+json\" class=\"yoast-schema-graph\">{\"@context\":\"https:\/\/schema.org\",\"@graph\":[{\"@type\":\"WebSite\",\"@id\":\"https:\/\/mrgreencasinos.com\/#website\",\"url\":\"https:\/\/mrgreencasinos.com\/\",\"name\":\"Casino MR Green\",\"description\":\"\",\"potentialAction\":[{\"@type\":\"SearchAction\",\"target\":{\"@type\":\"EntryPoint\",\"urlTemplate\":\"https:\/\/mrgreencasinos.com\/?s={search_term_string}\"},\"query-input\":\"required name=search_term_string\"}],\"inLanguage\":\"fr-FR\"},{\"@type\":\"WebPage\",\"@id\":\"https:\/\/mrgreencasinos.com\/fr\/pokies\/lion-gems-hold-and-win\/#webpage\",\"url\":\"https:\/\/mrgreencasinos.com\/fr\/pokies\/lion-gems-hold-and-win\/\",\"name\":\"Tenez et gagnez avec Lion Gems Slot Adventure\",\"isPartOf\":{\"@id\":\"https:\/\/mrgreencasinos.com\/#website\"},\"datePublished\":\"2023-08-16T11:31:05+00:00\",\"dateModified\":\"2023-10-13T15:39:38+00:00\",\"description\":\"Vivez l'excitation sur la machine \\u00e0 sous Lion Gems\\u00a0: Hold and Win\\u00a0! Conservez des symboles, d\\u00e9clenchez des bonus et capturez de grandes r\\u00e9compenses. Jouez maintenant pour un gameplay passionnant\\u00a0!\",\"breadcrumb\":{\"@id\":\"https:\/\/mrgreencasinos.com\/fr\/pokies\/lion-gems-hold-and-win\/#breadcrumb\"},\"inLanguage\":\"fr-FR\",\"potentialAction\":[{\"@type\":\"ReadAction\",\"target\":[\"https:\/\/mrgreencasinos.com\/fr\/pokies\/lion-gems-hold-and-win\/\"]}]},{\"@type\":\"BreadcrumbList\",\"@id\":\"https:\/\/mrgreencasinos.com\/fr\/pokies\/lion-gems-hold-and-win\/#breadcrumb\",\"itemListElement\":[{\"@type\":\"ListItem\",\"position\":1,\"name\":\"Home\",\"item\":\"https:\/\/mrgreencasinos.com\/fr\/review-of-the-official-mr-green-website\/\"},{\"@type\":\"ListItem\",\"position\":2,\"name\":\"Pokies\",\"item\":\"https:\/\/mrgreencasinos.com\/fr\/pokies\/\"},{\"@type\":\"ListItem\",\"position\":3,\"name\":\"Vivez le frisson de la jungle avec la machine \\u00e0 sous Lion Gems\\u00a0: Hold and Win\"}]}]}<\/script>\n<!-- \/ Yoast SEO plugin. -->","yoast_head_json":{"title":"Tenez et gagnez avec Lion Gems Slot Adventure","description":"Vivez l'excitation sur la machine \u00e0 sous Lion Gems\u00a0: Hold and Win\u00a0! Conservez des symboles, d\u00e9clenchez des bonus et capturez de grandes r\u00e9compenses. Jouez maintenant pour un gameplay passionnant\u00a0!","robots":{"index":"index","follow":"follow","max-snippet":"max-snippet:-1","max-image-preview":"max-image-preview:large","max-video-preview":"max-video-preview:-1"},"canonical":"https:\/\/mrgreencasinos.com\/fr\/pokies\/lion-gems-hold-and-win\/","og_type":"article","og_title":"Tenez et gagnez avec Lion Gems Slot Adventure","og_description":"Vivez l'excitation sur la machine \u00e0 sous Lion Gems\u00a0: Hold and Win\u00a0! Conservez des symboles, d\u00e9clenchez des bonus et capturez de grandes r\u00e9compenses. Jouez maintenant pour un gameplay passionnant\u00a0!","og_url":"https:\/\/mrgreencasinos.com\/fr\/pokies\/lion-gems-hold-and-win\/","og_site_name":"Casino MR Green","article_modified_time":"2023-10-13T15:39:38+00:00","twitter_card":"summary_large_image","twitter_misc":{"Dur\u00e9e de lecture estim\u00e9e":"3 minutes"},"schema":{"@context":"https:\/\/schema.org","@graph":[{"@type":"WebSite","@id":"https:\/\/mrgreencasinos.com\/#website","url":"https:\/\/mrgreencasinos.com\/","name":"Casino MR Green","description":"","potentialAction":[{"@type":"SearchAction","target":{"@type":"EntryPoint","urlTemplate":"https:\/\/mrgreencasinos.com\/?s={search_term_string}"},"query-input":"required name=search_term_string"}],"inLanguage":"fr-FR"},{"@type":"WebPage","@id":"https:\/\/mrgreencasinos.com\/fr\/pokies\/lion-gems-hold-and-win\/#webpage","url":"https:\/\/mrgreencasinos.com\/fr\/pokies\/lion-gems-hold-and-win\/","name":"Tenez et gagnez avec Lion Gems Slot Adventure","isPartOf":{"@id":"https:\/\/mrgreencasinos.com\/#website"},"datePublished":"2023-08-16T11:31:05+00:00","dateModified":"2023-10-13T15:39:38+00:00","description":"Vivez l'excitation sur la machine \u00e0 sous Lion Gems\u00a0: Hold and Win\u00a0! Conservez des symboles, d\u00e9clenchez des bonus et capturez de grandes r\u00e9compenses. Jouez maintenant pour un gameplay passionnant\u00a0!","breadcrumb":{"@id":"https:\/\/mrgreencasinos.com\/fr\/pokies\/lion-gems-hold-and-win\/#breadcrumb"},"inLanguage":"fr-FR","potentialAction":[{"@type":"ReadAction","target":["https:\/\/mrgreencasinos.com\/fr\/pokies\/lion-gems-hold-and-win\/"]}]},{"@type":"BreadcrumbList","@id":"https:\/\/mrgreencasinos.com\/fr\/pokies\/lion-gems-hold-and-win\/#breadcrumb","itemListElement":[{"@type":"ListItem","position":1,"name":"Home","item":"https:\/\/mrgreencasinos.com\/fr\/review-of-the-official-mr-green-website\/"},{"@type":"ListItem","position":2,"name":"Pokies","item":"https:\/\/mrgreencasinos.com\/fr\/pokies\/"},{"@type":"ListItem","position":3,"name":"Vivez le frisson de la jungle avec la machine \u00e0 sous Lion Gems\u00a0: Hold and Win"}]}]}},"_links":{"self":[{"href":"https:\/\/mrgreencasinos.com\/fr\/wp-json\/wp\/v2\/pages\/1369","targetHints":{"allow":["GET"]}}],"collection":[{"href":"https:\/\/mrgreencasinos.com\/fr\/wp-json\/wp\/v2\/pages"}],"about":[{"href":"https:\/\/mrgreencasinos.com\/fr\/wp-json\/wp\/v2\/types\/page"}],"author":[{"embeddable":true,"href":"https:\/\/mrgreencasinos.com\/fr\/wp-json\/wp\/v2\/users\/1"}],"replies":[{"embeddable":true,"href":"https:\/\/mrgreencasinos.com\/fr\/wp-json\/wp\/v2\/comments?post=1369"}],"version-history":[{"count":3,"href":"https:\/\/mrgreencasinos.com\/fr\/wp-json\/wp\/v2\/pages\/1369\/revisions"}],"predecessor-version":[{"id":1380,"href":"https:\/\/mrgreencasinos.com\/fr\/wp-json\/wp\/v2\/pages\/1369\/revisions\/1380"}],"up":[{"embeddable":true,"href":"https:\/\/mrgreencasinos.com\/fr\/wp-json\/wp\/v2\/pages\/287"}],"wp:attachment":[{"href":"https:\/\/mrgreencasinos.com\/fr\/wp-json\/wp\/v2\/media?parent=1369"}],"curies":[{"name":"wp","href":"https:\/\/api.w.org\/{rel}","templated":true}]}}