{"id":1386,"date":"2023-12-03T10:58:19","date_gmt":"2023-12-03T10:58:19","guid":{"rendered":"https:\/\/mrgreencasinos.com\/about-us\/"},"modified":"2023-12-12T10:41:23","modified_gmt":"2023-12-12T10:41:23","slug":"about-us","status":"publish","type":"page","link":"https:\/\/mrgreencasinos.com\/fr\/about-us\/","title":{"rendered":"MR Green Casino \u00c0 propos de nous"},"content":{"rendered":"<p>Au sein de la vaste \u00e9tendue des casinos en ligne, M. Green appara\u00eet comme un phare d&rsquo;excellence sans pr\u00e9c\u00e9dent, promettant une aventure de jeu qui transcende l&rsquo;ordinaire. Depuis sa cr\u00e9ation, Mr Green Casino n&rsquo;a cess\u00e9 d&rsquo;\u00e9tablir de nouvelles normes en combinant divertissement, innovation et engagement in\u00e9branlable en faveur du jeu responsable.<\/p>\n<h2>Une saga d&rsquo;innovation et de vision<\/h2>\n<p>La cr\u00e9ation de Mr Green Casino en 2008 a marqu\u00e9 la concr\u00e9tisation d&rsquo;une vision collective au sein d&rsquo;un groupe de visionnaires du jeu. Leur mission \u00e9tait claire : cr\u00e9er un casino en ligne qui red\u00e9finit les normes du divertissement. Anim\u00e9 par une passion commune pour le jeu vid\u00e9o et un engagement in\u00e9branlable \u00e0 offrir une exp\u00e9rience extraordinaire, M. Green est rapidement devenu un pionnier du secteur.<\/p>\n<h2>Esprit d&rsquo;innovation\u00a0: fa\u00e7onner un nouveau paradigme<\/h2>\n<p>D\u00e8s le d\u00e9but, M. Green a fait de l\u2019innovation son principe directeur. Le casino a pr\u00e9sent\u00e9 une gamme \u00e9clectique de jeux provenant de divers fournisseurs de logiciels, garantissant ainsi un portefeuille de jeux dynamique et vari\u00e9. Cet engagement en faveur de la diversit\u00e9 enrichit non seulement l&rsquo;exp\u00e9rience de jeu, mais souligne \u00e9galement la d\u00e9termination de M. Green \u00e0 rester \u00e0 la pointe de l&rsquo;\u00e9volution de l&rsquo;industrie.<\/p>\n<h2>Une symphonie de jeux\u00a0: une diversit\u00e9 et une qualit\u00e9 in\u00e9gal\u00e9es<\/h2>\n<p>Au c\u0153ur de l&rsquo;attrait de Mr Green Casino se trouve une collection enchanteresse de jeux con\u00e7us pour r\u00e9pondre \u00e0 tous les palais de joueurs. Des machines \u00e0 sous classiques aux jeux de pointe avec croupier en direct, la biblioth\u00e8que du casino t\u00e9moigne de son engagement \u00e0 fournir un sanctuaire de jeu complet. Que vous soyez un joueur chevronn\u00e9 \u00e0 la recherche d&rsquo;action qui fait monter l&rsquo;adr\u00e9naline ou un joueur occasionnel \u00e0 la recherche de divertissements captivants, Mr Green propose une s\u00e9lection de jeux qui s&rsquo;adresse \u00e0 tous.<\/p>\n<h2>Fournisseurs d&rsquo;\u00e9lite\u00a0: collaboration avec les meilleurs<\/h2>\n<p>La qu\u00eate de l&rsquo;excellence de M. Green se manifeste \u00e0 travers sa collaboration avec la cr\u00e8me de la cr\u00e8me des fournisseurs de logiciels. En s&rsquo;associant avec des g\u00e9ants de l&rsquo;industrie tels que NetEnt, Microgaming, Play&rsquo;n GO et Evolution Gaming, le casino garantit que les joueurs ont acc\u00e8s \u00e0 des jeux qui non seulement respectent, mais d\u00e9passent les normes les plus \u00e9lev\u00e9es.<\/p>\n<h2>Jeu responsable\u00a0: favoriser une atmosph\u00e8re s\u00e9curis\u00e9e et solidaire<\/h2>\n<p>Mr Green Casino va au-del\u00e0 du simple divertissement ; il donne la priorit\u00e9 \u00e0 la cr\u00e9ation d\u2019un environnement de jeu responsable et s\u00e9curis\u00e9. Le casino accorde une grande importance au bien-\u00eatre des joueurs et met en \u0153uvre des mesures qui encouragent le jeu responsable. Des limites de d\u00e9p\u00f4t personnalisables \u00e0 la fourniture de ressources pour l&rsquo;auto-\u00e9valuation, M. Green encourage les joueurs \u00e0 savourer leurs exp\u00e9riences de jeu de mani\u00e8re responsable.<\/p>\n<h2>Mesures de responsabilit\u00e9 innovantes\u00a0: garder une longueur d\u2019avance<\/h2>\n<p>M. Green n&rsquo;adh\u00e8re pas seulement aux pratiques de base du jeu responsable ; il exploite une technologie de pointe pour mettre en \u0153uvre des solutions innovantes. Le casino utilise des outils avanc\u00e9s pour surveiller le comportement des joueurs, identifiant des mod\u00e8les pouvant indiquer des habitudes de jeu probl\u00e9matiques. En restant \u00e0 la pointe de l&rsquo;innovation, Mr Green veille \u00e0 ce que les joueurs puissent s&rsquo;adonner \u00e0 leur passe-temps favori en toute confiance et tranquillit\u00e9 d&rsquo;esprit.<\/p>\n<h2>Prix \u200b\u200bet reconnaissance\u00a0: se r\u00e9jouir de la gloire de l\u2019excellence<\/h2>\n<p>La poursuite incessante de l\u2019excellence par M. Green n\u2019est pas pass\u00e9e inaper\u00e7ue. Le casino a remport\u00e9 de nombreuses r\u00e9compenses prestigieuses au fil des ann\u00e9es, t\u00e9moignage de son engagement in\u00e9branlable \u00e0 offrir une exp\u00e9rience de jeu in\u00e9gal\u00e9e. Qu&rsquo;il s&rsquo;agisse de distinctions pour son innovation r\u00e9volutionnaire ou de reconnaissance pour son service client exceptionnel, M. Green continue de briller comme un exemple d&rsquo;excellence dans le domaine des casinos en ligne.<\/p>\n<h2>Support client\u00a0: d\u00e9passer les attentes<\/h2>\n<p>Chez Mr Green Casino, la satisfaction du client n&rsquo;est pas seulement un objectif ; c&rsquo;est une priorit\u00e9. Le casino dispose d&rsquo;une \u00e9quipe de support client d\u00e9di\u00e9e et professionnelle, disponible 24 heures sur 24 pour r\u00e9pondre \u00e0 toutes questions ou pr\u00e9occupations. Que les joueurs recherchent de l&rsquo;aide pour des questions li\u00e9es \u00e0 leur compte, des demandes de renseignements sur les jeux ou une assistance technique, le support client de M. Green est pr\u00eat \u00e0 d\u00e9passer les attentes.<\/p>\n<h2>Canaux d&rsquo;assistance de pointe\u00a0: exploiter les avanc\u00e9es technologiques<\/h2>\n<p>Conform\u00e9ment \u00e0 son engagement en faveur de l&rsquo;innovation, Mr Green utilise la technologie pour fournir un support client fluide. Le chat en direct, les e-mails et une section FAQ compl\u00e8te font partie des canaux par lesquels les joueurs peuvent se connecter avec l&rsquo;\u00e9quipe d&rsquo;assistance. Cet engagement en faveur de l&rsquo;accessibilit\u00e9 garantit que l&rsquo;assistance est facilement disponible, am\u00e9liorant ainsi l&rsquo;exp\u00e9rience globale du joueur.<\/p>\n<h2>Un chef-d&rsquo;\u0153uvre d\u00e9voil\u00e9 dans le jeu en ligne<\/h2>\n<p>Dans la vaste tapisserie des casinos en ligne, M. Green appara\u00eet comme un chef-d\u2019\u0153uvre tiss\u00e9 de fils d\u2019innovation, de divertissement et de responsabilit\u00e9. De ses d\u00e9buts modestes \u00e0 son statut actuel de pionnier, Mr Green Casino continue de captiver les joueurs avec ses offres extraordinaires. \u00c0 mesure que le paysage du jeu en ligne \u00e9volue, une constante pr\u00e9vaut : l&rsquo;engagement in\u00e9branlable de Mr Green Casino \u00e0 offrir une exp\u00e9rience de jeu qui transcende les attentes, garantissant que chaque moment pass\u00e9 au casino soit tout simplement extraordinaire.<\/p>\n","protected":false},"excerpt":{"rendered":"<p>Au sein de la vaste \u00e9tendue des casinos en ligne, M. Green appara\u00eet comme un phare d&rsquo;excellence sans pr\u00e9c\u00e9dent, promettant [&hellip;]<\/p>\n","protected":false},"author":1,"featured_media":0,"parent":0,"menu_order":0,"comment_status":"closed","ping_status":"closed","template":"","meta":{"footnotes":""},"class_list":["post-1386","page","type-page","status-publish","hentry"],"acf":[],"yoast_head":"<!-- This site is optimized with the Yoast SEO plugin v17.9 - https:\/\/yoast.com\/wordpress\/plugins\/seo\/ -->\n<title>D\u00e9couvrez le MR Green Casino - D\u00e9voilement d&#039;une exp\u00e9rience de jeu exclusive<\/title>\n<meta name=\"description\" content=\"Plongez-vous dans le monde du divertissement sur MR Green Casino. D\u00e9couvrez l&#039;attrait unique de notre paradis du jeu, o\u00f9 l&#039;excitation rencontre la sophistication. Adh\u00e9rer maintenant!\" \/>\n<meta name=\"robots\" content=\"index, follow, max-snippet:-1, max-image-preview:large, max-video-preview:-1\" \/>\n<link rel=\"canonical\" href=\"https:\/\/mrgreencasinos.com\/fr\/about-us\/\" \/>\n<meta property=\"og:type\" content=\"article\" \/>\n<meta property=\"og:title\" content=\"D\u00e9couvrez le MR Green Casino - D\u00e9voilement d&#039;une exp\u00e9rience de jeu exclusive\" \/>\n<meta property=\"og:description\" content=\"Plongez-vous dans le monde du divertissement sur MR Green Casino. D\u00e9couvrez l&#039;attrait unique de notre paradis du jeu, o\u00f9 l&#039;excitation rencontre la sophistication. Adh\u00e9rer maintenant!\" \/>\n<meta property=\"og:url\" content=\"https:\/\/mrgreencasinos.com\/fr\/about-us\/\" \/>\n<meta property=\"og:site_name\" content=\"Casino MR Green\" \/>\n<meta property=\"article:modified_time\" content=\"2023-12-12T10:41:23+00:00\" \/>\n<meta name=\"twitter:card\" content=\"summary_large_image\" \/>\n<meta name=\"twitter:label1\" content=\"Dur\u00e9e de lecture estim\u00e9e\" \/>\n\t<meta name=\"twitter:data1\" content=\"4 minutes\" \/>\n<script type=\"application\/ld+json\" class=\"yoast-schema-graph\">{\"@context\":\"https:\/\/schema.org\",\"@graph\":[{\"@type\":\"WebSite\",\"@id\":\"https:\/\/mrgreencasinos.com\/#website\",\"url\":\"https:\/\/mrgreencasinos.com\/\",\"name\":\"Casino MR Green\",\"description\":\"\",\"potentialAction\":[{\"@type\":\"SearchAction\",\"target\":{\"@type\":\"EntryPoint\",\"urlTemplate\":\"https:\/\/mrgreencasinos.com\/?s={search_term_string}\"},\"query-input\":\"required name=search_term_string\"}],\"inLanguage\":\"fr-FR\"},{\"@type\":\"WebPage\",\"@id\":\"https:\/\/mrgreencasinos.com\/fr\/about-us\/#webpage\",\"url\":\"https:\/\/mrgreencasinos.com\/fr\/about-us\/\",\"name\":\"D\\u00e9couvrez le MR Green Casino - D\\u00e9voilement d'une exp\\u00e9rience de jeu exclusive\",\"isPartOf\":{\"@id\":\"https:\/\/mrgreencasinos.com\/#website\"},\"datePublished\":\"2023-12-03T10:58:19+00:00\",\"dateModified\":\"2023-12-12T10:41:23+00:00\",\"description\":\"Plongez-vous dans le monde du divertissement sur MR Green Casino. D\\u00e9couvrez l'attrait unique de notre paradis du jeu, o\\u00f9 l'excitation rencontre la sophistication. Adh\\u00e9rer maintenant!\",\"breadcrumb\":{\"@id\":\"https:\/\/mrgreencasinos.com\/fr\/about-us\/#breadcrumb\"},\"inLanguage\":\"fr-FR\",\"potentialAction\":[{\"@type\":\"ReadAction\",\"target\":[\"https:\/\/mrgreencasinos.com\/fr\/about-us\/\"]}]},{\"@type\":\"BreadcrumbList\",\"@id\":\"https:\/\/mrgreencasinos.com\/fr\/about-us\/#breadcrumb\",\"itemListElement\":[{\"@type\":\"ListItem\",\"position\":1,\"name\":\"Home\",\"item\":\"https:\/\/mrgreencasinos.com\/fr\/review-of-the-official-mr-green-website\/\"},{\"@type\":\"ListItem\",\"position\":2,\"name\":\"MR Green Casino \\u00c0 propos de nous\"}]}]}<\/script>\n<!-- \/ Yoast SEO plugin. -->","yoast_head_json":{"title":"D\u00e9couvrez le MR Green Casino - D\u00e9voilement d'une exp\u00e9rience de jeu exclusive","description":"Plongez-vous dans le monde du divertissement sur MR Green Casino. D\u00e9couvrez l'attrait unique de notre paradis du jeu, o\u00f9 l'excitation rencontre la sophistication. Adh\u00e9rer maintenant!","robots":{"index":"index","follow":"follow","max-snippet":"max-snippet:-1","max-image-preview":"max-image-preview:large","max-video-preview":"max-video-preview:-1"},"canonical":"https:\/\/mrgreencasinos.com\/fr\/about-us\/","og_type":"article","og_title":"D\u00e9couvrez le MR Green Casino - D\u00e9voilement d'une exp\u00e9rience de jeu exclusive","og_description":"Plongez-vous dans le monde du divertissement sur MR Green Casino. D\u00e9couvrez l'attrait unique de notre paradis du jeu, o\u00f9 l'excitation rencontre la sophistication. Adh\u00e9rer maintenant!","og_url":"https:\/\/mrgreencasinos.com\/fr\/about-us\/","og_site_name":"Casino MR Green","article_modified_time":"2023-12-12T10:41:23+00:00","twitter_card":"summary_large_image","twitter_misc":{"Dur\u00e9e de lecture estim\u00e9e":"4 minutes"},"schema":{"@context":"https:\/\/schema.org","@graph":[{"@type":"WebSite","@id":"https:\/\/mrgreencasinos.com\/#website","url":"https:\/\/mrgreencasinos.com\/","name":"Casino MR Green","description":"","potentialAction":[{"@type":"SearchAction","target":{"@type":"EntryPoint","urlTemplate":"https:\/\/mrgreencasinos.com\/?s={search_term_string}"},"query-input":"required name=search_term_string"}],"inLanguage":"fr-FR"},{"@type":"WebPage","@id":"https:\/\/mrgreencasinos.com\/fr\/about-us\/#webpage","url":"https:\/\/mrgreencasinos.com\/fr\/about-us\/","name":"D\u00e9couvrez le MR Green Casino - D\u00e9voilement d'une exp\u00e9rience de jeu exclusive","isPartOf":{"@id":"https:\/\/mrgreencasinos.com\/#website"},"datePublished":"2023-12-03T10:58:19+00:00","dateModified":"2023-12-12T10:41:23+00:00","description":"Plongez-vous dans le monde du divertissement sur MR Green Casino. D\u00e9couvrez l'attrait unique de notre paradis du jeu, o\u00f9 l'excitation rencontre la sophistication. Adh\u00e9rer maintenant!","breadcrumb":{"@id":"https:\/\/mrgreencasinos.com\/fr\/about-us\/#breadcrumb"},"inLanguage":"fr-FR","potentialAction":[{"@type":"ReadAction","target":["https:\/\/mrgreencasinos.com\/fr\/about-us\/"]}]},{"@type":"BreadcrumbList","@id":"https:\/\/mrgreencasinos.com\/fr\/about-us\/#breadcrumb","itemListElement":[{"@type":"ListItem","position":1,"name":"Home","item":"https:\/\/mrgreencasinos.com\/fr\/review-of-the-official-mr-green-website\/"},{"@type":"ListItem","position":2,"name":"MR Green Casino \u00c0 propos de nous"}]}]}},"_links":{"self":[{"href":"https:\/\/mrgreencasinos.com\/fr\/wp-json\/wp\/v2\/pages\/1386","targetHints":{"allow":["GET"]}}],"collection":[{"href":"https:\/\/mrgreencasinos.com\/fr\/wp-json\/wp\/v2\/pages"}],"about":[{"href":"https:\/\/mrgreencasinos.com\/fr\/wp-json\/wp\/v2\/types\/page"}],"author":[{"embeddable":true,"href":"https:\/\/mrgreencasinos.com\/fr\/wp-json\/wp\/v2\/users\/1"}],"replies":[{"embeddable":true,"href":"https:\/\/mrgreencasinos.com\/fr\/wp-json\/wp\/v2\/comments?post=1386"}],"version-history":[{"count":1,"href":"https:\/\/mrgreencasinos.com\/fr\/wp-json\/wp\/v2\/pages\/1386\/revisions"}],"predecessor-version":[{"id":1387,"href":"https:\/\/mrgreencasinos.com\/fr\/wp-json\/wp\/v2\/pages\/1386\/revisions\/1387"}],"wp:attachment":[{"href":"https:\/\/mrgreencasinos.com\/fr\/wp-json\/wp\/v2\/media?parent=1386"}],"curies":[{"name":"wp","href":"https:\/\/api.w.org\/{rel}","templated":true}]}}