{"id":1391,"date":"2023-12-03T11:09:09","date_gmt":"2023-12-03T11:09:09","guid":{"rendered":"https:\/\/mrgreencasinos.com\/contact-us\/"},"modified":"2023-12-12T10:47:17","modified_gmt":"2023-12-12T10:47:17","slug":"contact-us","status":"publish","type":"page","link":"https:\/\/mrgreencasinos.com\/fr\/contact-us\/","title":{"rendered":"MR Green Casino Contactez-nous"},"content":{"rendered":"<p>\u00cates-vous un joueur passionn\u00e9 \u00e0 la recherche d&rsquo;un gameplay fluide sur Mr Green Casino ? Que vous ayez des questions, rencontriez des probl\u00e8mes techniques ou souhaitiez simplement partager vos commentaires, la section Contactez-nous est votre ligne directe vers une exp\u00e9rience d&rsquo;assistance client de classe mondiale. Explorez les diff\u00e9rents canaux disponibles pour vous connecter au casino et assurez-vous que votre parcours de jeu reste sans pr\u00e9c\u00e9dent.<\/p>\n<h2>Assistance par chat en direct\u00a0: des solutions instantan\u00e9es \u00e0 port\u00e9e de main<\/h2>\n<p>B\u00e9n\u00e9ficiez d&rsquo;une assistance en temps r\u00e9el gr\u00e2ce \u00e0 la fonction de chat en direct de Mr Green Casino. Accessible directement sur le site Web, cette option vous met en relation avec des agents d&rsquo;assistance comp\u00e9tents et pr\u00eats \u00e0 r\u00e9pondre instantan\u00e9ment \u00e0 vos requ\u00eates. Que vous naviguiez dans les subtilit\u00e9s d&rsquo;un jeu ou que vous ayez besoin d&rsquo;informations sur les promotions, l&rsquo;\u00e9quipe d&rsquo;assistance Live Chat se consacre \u00e0 am\u00e9liorer votre exp\u00e9rience de jeu.<\/p>\n<h2>Assistance par e-mail\u00a0: des r\u00e9ponses compl\u00e8tes dans votre bo\u00eete de r\u00e9ception<\/h2>\n<p>Pour des questions d\u00e9taill\u00e9es ou des situations n\u00e9cessitant une r\u00e9ponse plus d\u00e9taill\u00e9e, l&rsquo;assistance par e-mail de Mr Green Casino est la voie id\u00e9ale. Envoyez-leur un message \u00e0 l&rsquo;adresse e-mail fournie et attendez une r\u00e9ponse compl\u00e8te adapt\u00e9e \u00e0 vos besoins sp\u00e9cifiques. Qu&rsquo;il s&rsquo;agisse de probl\u00e8mes li\u00e9s au compte, de probl\u00e8mes de paiement ou de commentaires g\u00e9n\u00e9raux, l&rsquo;\u00e9quipe d&rsquo;assistance par courrier \u00e9lectronique s&rsquo;engage \u00e0 fournir une assistance d\u00e9taill\u00e9e et personnalis\u00e9e.<\/p>\n<h2>Assistance t\u00e9l\u00e9phonique\u00a0: parlez directement \u00e0 des experts<\/h2>\n<p>Parfois, une conversation directe constitue le moyen le plus efficace de r\u00e9soudre les probl\u00e8mes. L&rsquo;assistance t\u00e9l\u00e9phonique de Mr Green Casino garantit que vous pouvez vous connecter avec un repr\u00e9sentant du service client par t\u00e9l\u00e9phone. Cette option est parfaite pour les questions urgentes ou si vous pr\u00e9f\u00e9rez la clart\u00e9 d\u2019un \u00e9change verbal. Consultez le site Web pour conna\u00eetre la ligne t\u00e9l\u00e9phonique d\u00e9di\u00e9e dans votre r\u00e9gion, afin de vous assurer de recevoir une assistance rapide et pr\u00e9cise.<\/p>\n<h2>Foire aux questions (FAQ)\u00a0: acc\u00e8s instantan\u00e9 aux informations<\/h2>\n<p>Avant de nous contacter, explorez la section FAQ compl\u00e8te sur le site Web de Mr Green Casino. Il s&rsquo;agit d&rsquo;un tr\u00e9sor d&rsquo;informations, couvrant les requ\u00eates courantes sur les comptes, les paiements, les jeux, etc. Vous pourriez trouver les r\u00e9ponses dont vous avez besoin sans avoir besoin d\u2019aide suppl\u00e9mentaire.<\/p>\n<p>Les options Contactez-nous de Mr Green Casino sont con\u00e7ues pour r\u00e9pondre \u00e0 vos divers besoins, garantissant que votre exp\u00e9rience de jeu soit non seulement agr\u00e9able, mais \u00e9galement soutenue par une \u00e9quipe de support client r\u00e9active et d\u00e9di\u00e9e. Choisissez la cha\u00eene qui vous convient le mieux et perp\u00e9tuez le plaisir du jeu\u00a0!<\/p>\n","protected":false},"excerpt":{"rendered":"<p>\u00cates-vous un joueur passionn\u00e9 \u00e0 la recherche d&rsquo;un gameplay fluide sur Mr Green Casino ? Que vous ayez des questions, [&hellip;]<\/p>\n","protected":false},"author":1,"featured_media":0,"parent":0,"menu_order":0,"comment_status":"closed","ping_status":"closed","template":"","meta":{"footnotes":""},"class_list":["post-1391","page","type-page","status-publish","hentry"],"acf":[],"yoast_head":"<!-- This site is optimized with the Yoast SEO plugin v17.9 - https:\/\/yoast.com\/wordpress\/plugins\/seo\/ -->\n<title>Contactez MR Green Casino\u00a0: contact sans tracas pour obtenir de l&#039;aide<\/title>\n<meta name=\"description\" content=\"Plongez-vous dans l&#039;exp\u00e9rience de jeu ultime sur MR Green Casino. Contactez-nous pour un service client exceptionnel. Votre voyage vers l\u2019excitation commence ici\u00a0!\" \/>\n<meta name=\"robots\" content=\"index, follow, max-snippet:-1, max-image-preview:large, max-video-preview:-1\" \/>\n<link rel=\"canonical\" href=\"https:\/\/mrgreencasinos.com\/fr\/contact-us\/\" \/>\n<meta property=\"og:type\" content=\"article\" \/>\n<meta property=\"og:title\" content=\"Contactez MR Green Casino\u00a0: contact sans tracas pour obtenir de l&#039;aide\" \/>\n<meta property=\"og:description\" content=\"Plongez-vous dans l&#039;exp\u00e9rience de jeu ultime sur MR Green Casino. Contactez-nous pour un service client exceptionnel. Votre voyage vers l\u2019excitation commence ici\u00a0!\" \/>\n<meta property=\"og:url\" content=\"https:\/\/mrgreencasinos.com\/fr\/contact-us\/\" \/>\n<meta property=\"og:site_name\" content=\"Casino MR Green\" \/>\n<meta property=\"article:modified_time\" content=\"2023-12-12T10:47:17+00:00\" \/>\n<meta name=\"twitter:card\" content=\"summary_large_image\" \/>\n<meta name=\"twitter:label1\" content=\"Dur\u00e9e de lecture estim\u00e9e\" \/>\n\t<meta name=\"twitter:data1\" content=\"2 minutes\" \/>\n<script type=\"application\/ld+json\" class=\"yoast-schema-graph\">{\"@context\":\"https:\/\/schema.org\",\"@graph\":[{\"@type\":\"WebSite\",\"@id\":\"https:\/\/mrgreencasinos.com\/#website\",\"url\":\"https:\/\/mrgreencasinos.com\/\",\"name\":\"Casino MR Green\",\"description\":\"\",\"potentialAction\":[{\"@type\":\"SearchAction\",\"target\":{\"@type\":\"EntryPoint\",\"urlTemplate\":\"https:\/\/mrgreencasinos.com\/?s={search_term_string}\"},\"query-input\":\"required name=search_term_string\"}],\"inLanguage\":\"fr-FR\"},{\"@type\":\"WebPage\",\"@id\":\"https:\/\/mrgreencasinos.com\/fr\/contact-us\/#webpage\",\"url\":\"https:\/\/mrgreencasinos.com\/fr\/contact-us\/\",\"name\":\"Contactez MR Green Casino\\u00a0: contact sans tracas pour obtenir de l'aide\",\"isPartOf\":{\"@id\":\"https:\/\/mrgreencasinos.com\/#website\"},\"datePublished\":\"2023-12-03T11:09:09+00:00\",\"dateModified\":\"2023-12-12T10:47:17+00:00\",\"description\":\"Plongez-vous dans l'exp\\u00e9rience de jeu ultime sur MR Green Casino. Contactez-nous pour un service client exceptionnel. Votre voyage vers l\\u2019excitation commence ici\\u00a0!\",\"breadcrumb\":{\"@id\":\"https:\/\/mrgreencasinos.com\/fr\/contact-us\/#breadcrumb\"},\"inLanguage\":\"fr-FR\",\"potentialAction\":[{\"@type\":\"ReadAction\",\"target\":[\"https:\/\/mrgreencasinos.com\/fr\/contact-us\/\"]}]},{\"@type\":\"BreadcrumbList\",\"@id\":\"https:\/\/mrgreencasinos.com\/fr\/contact-us\/#breadcrumb\",\"itemListElement\":[{\"@type\":\"ListItem\",\"position\":1,\"name\":\"Home\",\"item\":\"https:\/\/mrgreencasinos.com\/fr\/review-of-the-official-mr-green-website\/\"},{\"@type\":\"ListItem\",\"position\":2,\"name\":\"MR Green Casino Contactez-nous\"}]}]}<\/script>\n<!-- \/ Yoast SEO plugin. -->","yoast_head_json":{"title":"Contactez MR Green Casino\u00a0: contact sans tracas pour obtenir de l'aide","description":"Plongez-vous dans l'exp\u00e9rience de jeu ultime sur MR Green Casino. Contactez-nous pour un service client exceptionnel. Votre voyage vers l\u2019excitation commence ici\u00a0!","robots":{"index":"index","follow":"follow","max-snippet":"max-snippet:-1","max-image-preview":"max-image-preview:large","max-video-preview":"max-video-preview:-1"},"canonical":"https:\/\/mrgreencasinos.com\/fr\/contact-us\/","og_type":"article","og_title":"Contactez MR Green Casino\u00a0: contact sans tracas pour obtenir de l'aide","og_description":"Plongez-vous dans l'exp\u00e9rience de jeu ultime sur MR Green Casino. Contactez-nous pour un service client exceptionnel. Votre voyage vers l\u2019excitation commence ici\u00a0!","og_url":"https:\/\/mrgreencasinos.com\/fr\/contact-us\/","og_site_name":"Casino MR Green","article_modified_time":"2023-12-12T10:47:17+00:00","twitter_card":"summary_large_image","twitter_misc":{"Dur\u00e9e de lecture estim\u00e9e":"2 minutes"},"schema":{"@context":"https:\/\/schema.org","@graph":[{"@type":"WebSite","@id":"https:\/\/mrgreencasinos.com\/#website","url":"https:\/\/mrgreencasinos.com\/","name":"Casino MR Green","description":"","potentialAction":[{"@type":"SearchAction","target":{"@type":"EntryPoint","urlTemplate":"https:\/\/mrgreencasinos.com\/?s={search_term_string}"},"query-input":"required name=search_term_string"}],"inLanguage":"fr-FR"},{"@type":"WebPage","@id":"https:\/\/mrgreencasinos.com\/fr\/contact-us\/#webpage","url":"https:\/\/mrgreencasinos.com\/fr\/contact-us\/","name":"Contactez MR Green Casino\u00a0: contact sans tracas pour obtenir de l'aide","isPartOf":{"@id":"https:\/\/mrgreencasinos.com\/#website"},"datePublished":"2023-12-03T11:09:09+00:00","dateModified":"2023-12-12T10:47:17+00:00","description":"Plongez-vous dans l'exp\u00e9rience de jeu ultime sur MR Green Casino. Contactez-nous pour un service client exceptionnel. Votre voyage vers l\u2019excitation commence ici\u00a0!","breadcrumb":{"@id":"https:\/\/mrgreencasinos.com\/fr\/contact-us\/#breadcrumb"},"inLanguage":"fr-FR","potentialAction":[{"@type":"ReadAction","target":["https:\/\/mrgreencasinos.com\/fr\/contact-us\/"]}]},{"@type":"BreadcrumbList","@id":"https:\/\/mrgreencasinos.com\/fr\/contact-us\/#breadcrumb","itemListElement":[{"@type":"ListItem","position":1,"name":"Home","item":"https:\/\/mrgreencasinos.com\/fr\/review-of-the-official-mr-green-website\/"},{"@type":"ListItem","position":2,"name":"MR Green Casino Contactez-nous"}]}]}},"_links":{"self":[{"href":"https:\/\/mrgreencasinos.com\/fr\/wp-json\/wp\/v2\/pages\/1391","targetHints":{"allow":["GET"]}}],"collection":[{"href":"https:\/\/mrgreencasinos.com\/fr\/wp-json\/wp\/v2\/pages"}],"about":[{"href":"https:\/\/mrgreencasinos.com\/fr\/wp-json\/wp\/v2\/types\/page"}],"author":[{"embeddable":true,"href":"https:\/\/mrgreencasinos.com\/fr\/wp-json\/wp\/v2\/users\/1"}],"replies":[{"embeddable":true,"href":"https:\/\/mrgreencasinos.com\/fr\/wp-json\/wp\/v2\/comments?post=1391"}],"version-history":[{"count":1,"href":"https:\/\/mrgreencasinos.com\/fr\/wp-json\/wp\/v2\/pages\/1391\/revisions"}],"predecessor-version":[{"id":1392,"href":"https:\/\/mrgreencasinos.com\/fr\/wp-json\/wp\/v2\/pages\/1391\/revisions\/1392"}],"wp:attachment":[{"href":"https:\/\/mrgreencasinos.com\/fr\/wp-json\/wp\/v2\/media?parent=1391"}],"curies":[{"name":"wp","href":"https:\/\/api.w.org\/{rel}","templated":true}]}}