{"id":1409,"date":"2023-12-03T11:51:22","date_gmt":"2023-12-03T11:51:22","guid":{"rendered":"https:\/\/mrgreencasinos.com\/privacy-policy\/"},"modified":"2023-12-12T10:57:34","modified_gmt":"2023-12-12T10:57:34","slug":"privacy-policy","status":"publish","type":"page","link":"https:\/\/mrgreencasinos.com\/fr\/privacy-policy\/","title":{"rendered":"MR Green Casino Ppolitique de confidentialit\u00e9"},"content":{"rendered":"<p>Chez MR Green Casino, nous comprenons l&rsquo;importance de la confidentialit\u00e9. Notre politique de confidentialit\u00e9 est con\u00e7ue pour \u00eatre transparente et facile \u00e0 comprendre. En acc\u00e9dant \u00e0 nos services, vous acceptez les conditions d\u00e9crites dans cette politique, soulignant notre engagement \u00e0 prot\u00e9ger vos donn\u00e9es personnelles.<\/p>\n<h2>Collecte d&rsquo;informations<\/h2>\n<p>Informations personnelles\u00a0: MR Green Casino collecte des informations personnelles essentielles pour offrir une exp\u00e9rience de jeu fluide. Cela inclut, sans toutefois s&rsquo;y limiter, votre nom, vos coordonn\u00e9es, votre date de naissance et vos informations de paiement. Rassurez-vous, ces donn\u00e9es sont collect\u00e9es dans le seul but d&rsquo;am\u00e9liorer votre exp\u00e9rience utilisateur et sont trait\u00e9es avec la plus grande confidentialit\u00e9.<\/p>\n<p>Cookies et technologies de suivi : Pour am\u00e9liorer nos services, MR Green Casino utilise des cookies et des technologies de suivi. Ces outils nous permettent d&rsquo;analyser le comportement et les pr\u00e9f\u00e9rences des utilisateurs et d&rsquo;am\u00e9liorer la fonctionnalit\u00e9 globale de notre plateforme. Les utilisateurs ont la possibilit\u00e9 de g\u00e9rer leurs pr\u00e9f\u00e9rences en mati\u00e8re de cookies, permettant ainsi de contr\u00f4ler les informations partag\u00e9es.<\/p>\n<p>Utilisation des informations\u00a0: MR Green Casino s&rsquo;engage \u00e0 utiliser vos informations personnelles de mani\u00e8re responsable et \u00e9thique. Les principales finalit\u00e9s pour lesquelles nous utilisons vos donn\u00e9es comprennent\u00a0:<\/p>\n<p>Gestion de compte : Vos informations sont cruciales pour la cr\u00e9ation et la gestion de votre compte de casino. Cela garantit une exp\u00e9rience de jeu personnalis\u00e9e, vous permettant de garder une trace de vos pr\u00e9f\u00e9rences et de votre historique de jeu.<\/p>\n<p>Communication\u00a0: nous pouvons utiliser vos coordonn\u00e9es pour communiquer des mises \u00e0 jour importantes, des offres promotionnelles et des recommandations personnalis\u00e9es. Vous avez la possibilit\u00e9 de vous d\u00e9sinscrire des communications promotionnelles tout en continuant \u00e0 recevoir des messages relatifs aux services essentiels.<\/p>\n<p>S\u00e9curit\u00e9 et pr\u00e9vention de la fraude : La protection de nos utilisateurs est notre priorit\u00e9 absolue. Vos donn\u00e9es sont utilis\u00e9es pour surveiller et pr\u00e9venir les activit\u00e9s frauduleuses, garantissant ainsi un environnement de jeu s\u00e9curis\u00e9 pour tous les joueurs de MR Green Casino.<\/p>\n<p>Am\u00e9lioration des services\u00a0: les donn\u00e9es agr\u00e9g\u00e9es et anonymis\u00e9es sont analys\u00e9es pour am\u00e9liorer continuellement nos services. Cela nous aide \u00e0 identifier les tendances, \u00e0 optimiser les offres de jeux et \u00e0 adapter les promotions pour mieux r\u00e9pondre \u00e0 vos pr\u00e9f\u00e9rences.<\/p>\n<h2>Partage d&rsquo;information<\/h2>\n<p>MR Green Casino comprend la sensibilit\u00e9 de vos informations personnelles. Nous ne vendons pas, n&rsquo;\u00e9changeons pas et ne transf\u00e9rons pas vos donn\u00e9es \u00e0 des parties externes sans votre consentement explicite, sauf dans les cas mandat\u00e9s par la loi ou pour prot\u00e9ger la s\u00fbret\u00e9 et la s\u00e9curit\u00e9 de nos utilisateurs.<\/p>\n<p>Fournisseurs de services\u00a0: dans certains cas, nous pouvons faire appel \u00e0 des fournisseurs de services tiers de confiance pour nous aider \u00e0 offrir une exp\u00e9rience de jeu fluide. Ces fournisseurs adh\u00e8rent \u00e0 des accords de confidentialit\u00e9 stricts et ne sont autoris\u00e9s \u00e0 utiliser vos informations qu&rsquo;\u00e0 des fins sp\u00e9cifi\u00e9es.<\/p>\n<p>Conformit\u00e9 l\u00e9gale\u00a0: MR Green Casino peut divulguer vos informations lorsque la loi l&rsquo;exige ou en r\u00e9ponse \u00e0 des demandes l\u00e9gales. Cela inclut les situations o\u00f9 nous estimons qu&rsquo;il est n\u00e9cessaire de prot\u00e9ger nos droits, de se conformer \u00e0 des proc\u00e9dures judiciaires ou de r\u00e9pondre \u00e0 des demandes l\u00e9gitimes du gouvernement.<\/p>\n<h2>S\u00e9curit\u00e9 des donn\u00e9es<\/h2>\n<p>Transmission s\u00e9curis\u00e9e : MR Green Casino utilise des protocoles de cryptage standard de l&rsquo;industrie pour garantir la transmission s\u00e9curis\u00e9e de vos donn\u00e9es. Cela prot\u00e8ge vos informations personnelles contre tout acc\u00e8s non autoris\u00e9 lors de la transmission entre votre appareil et nos serveurs.<\/p>\n<p>Contr\u00f4les d&rsquo;acc\u00e8s\u00a0: L&rsquo;acc\u00e8s \u00e0 vos informations personnelles est limit\u00e9 au personnel autoris\u00e9 ayant besoin de les conna\u00eetre. Des contr\u00f4les d&rsquo;acc\u00e8s stricts sont en place pour emp\u00eacher tout acc\u00e8s non autoris\u00e9 ou toute divulgation de donn\u00e9es sensibles.<\/p>\n<p>Audits r\u00e9guliers : Pour maintenir les normes de s\u00e9curit\u00e9 les plus \u00e9lev\u00e9es, MR Green Casino effectue r\u00e9guli\u00e8rement des audits de s\u00e9curit\u00e9. Ces \u00e9valuations aident \u00e0 identifier et \u00e0 corriger les vuln\u00e9rabilit\u00e9s potentielles, garantissant ainsi que vos donn\u00e9es restent prot\u00e9g\u00e9es.<\/p>\n<h2>Vos droits et choix<\/h2>\n<p>MR Green Casino respecte vos droits concernant vos informations personnelles. Vous avez le droit de :<\/p>\n<p>Acc\u00e8s et correction\u00a0: v\u00e9rifiez et corrigez vos informations personnelles via les param\u00e8tres de votre compte de casino ou en contactant notre \u00e9quipe d&rsquo;assistance.<\/p>\n<p>D\u00e9sinscription\u00a0: d\u00e9sactivez les communications promotionnelles tout en continuant \u00e0 recevoir des messages li\u00e9s aux services essentiels.<\/p>\n<p>Suppression des donn\u00e9es : Demandez la suppression de votre compte et des informations personnelles associ\u00e9es, sous r\u00e9serve des obligations l\u00e9gales et r\u00e9glementaires.<\/p>\n<h2>Mises \u00e0 jour de la politique de confidentialit\u00e9<\/h2>\n<p>MR Green Casino peut mettre \u00e0 jour sa politique de confidentialit\u00e9 pour refl\u00e9ter les changements dans les exigences l\u00e9gales ou r\u00e9glementaires, les progr\u00e8s technologiques ou les am\u00e9liorations de nos services. Les utilisateurs seront inform\u00e9s des changements importants et la politique mise \u00e0 jour sera accessible sur notre site Web.<\/p>\n<p>Chez MR Green Casino, nous accordons la priorit\u00e9 \u00e0 la s\u00e9curit\u00e9 et \u00e0 la confidentialit\u00e9 de nos joueurs. Notre politique de confidentialit\u00e9 est con\u00e7ue pour inspirer confiance, en garantissant que vos informations personnelles sont trait\u00e9es de mani\u00e8re responsable et transparente. En choisissant MR Green Casino, vous ne s\u00e9lectionnez pas seulement une plateforme de jeu ; vous optez pour une exp\u00e9rience immersive et s\u00e9curis\u00e9e qui respecte votre vie priv\u00e9e \u00e0 chaque instant.<\/p>\n","protected":false},"excerpt":{"rendered":"<p>Chez MR Green Casino, nous comprenons l&rsquo;importance de la confidentialit\u00e9. Notre politique de confidentialit\u00e9 est con\u00e7ue pour \u00eatre transparente et [&hellip;]<\/p>\n","protected":false},"author":1,"featured_media":0,"parent":0,"menu_order":0,"comment_status":"closed","ping_status":"closed","template":"","meta":{"footnotes":""},"class_list":["post-1409","page","type-page","status-publish","hentry"],"acf":[],"yoast_head":"<!-- This site is optimized with the Yoast SEO plugin v17.9 - https:\/\/yoast.com\/wordpress\/plugins\/seo\/ -->\n<title>Am\u00e9liorer votre exp\u00e9rience de jeu\u00a0: la politique exclusive de MR Green Casino<\/title>\n<meta name=\"description\" content=\"D\u00e9couvrez un monde de jeu s\u00e9curis\u00e9 avec MR Green Casino. Notre engagement en mati\u00e8re de confidentialit\u00e9 garantit un environnement de jeu transparent et prot\u00e9g\u00e9. Explorez des fonctionnalit\u00e9s uniques maintenant\u00a0!\" \/>\n<meta name=\"robots\" content=\"index, follow, max-snippet:-1, max-image-preview:large, max-video-preview:-1\" \/>\n<link rel=\"canonical\" href=\"https:\/\/mrgreencasinos.com\/fr\/privacy-policy\/\" \/>\n<meta property=\"og:type\" content=\"article\" \/>\n<meta property=\"og:title\" content=\"Am\u00e9liorer votre exp\u00e9rience de jeu\u00a0: la politique exclusive de MR Green Casino\" \/>\n<meta property=\"og:description\" content=\"D\u00e9couvrez un monde de jeu s\u00e9curis\u00e9 avec MR Green Casino. Notre engagement en mati\u00e8re de confidentialit\u00e9 garantit un environnement de jeu transparent et prot\u00e9g\u00e9. Explorez des fonctionnalit\u00e9s uniques maintenant\u00a0!\" \/>\n<meta property=\"og:url\" content=\"https:\/\/mrgreencasinos.com\/fr\/privacy-policy\/\" \/>\n<meta property=\"og:site_name\" content=\"Casino MR Green\" \/>\n<meta property=\"article:modified_time\" content=\"2023-12-12T10:57:34+00:00\" \/>\n<meta name=\"twitter:card\" content=\"summary_large_image\" \/>\n<meta name=\"twitter:label1\" content=\"Dur\u00e9e de lecture estim\u00e9e\" \/>\n\t<meta name=\"twitter:data1\" content=\"4 minutes\" \/>\n<script type=\"application\/ld+json\" class=\"yoast-schema-graph\">{\"@context\":\"https:\/\/schema.org\",\"@graph\":[{\"@type\":\"WebSite\",\"@id\":\"https:\/\/mrgreencasinos.com\/#website\",\"url\":\"https:\/\/mrgreencasinos.com\/\",\"name\":\"Casino MR Green\",\"description\":\"\",\"potentialAction\":[{\"@type\":\"SearchAction\",\"target\":{\"@type\":\"EntryPoint\",\"urlTemplate\":\"https:\/\/mrgreencasinos.com\/?s={search_term_string}\"},\"query-input\":\"required name=search_term_string\"}],\"inLanguage\":\"fr-FR\"},{\"@type\":\"WebPage\",\"@id\":\"https:\/\/mrgreencasinos.com\/fr\/privacy-policy\/#webpage\",\"url\":\"https:\/\/mrgreencasinos.com\/fr\/privacy-policy\/\",\"name\":\"Am\\u00e9liorer votre exp\\u00e9rience de jeu\\u00a0: la politique exclusive de MR Green Casino\",\"isPartOf\":{\"@id\":\"https:\/\/mrgreencasinos.com\/#website\"},\"datePublished\":\"2023-12-03T11:51:22+00:00\",\"dateModified\":\"2023-12-12T10:57:34+00:00\",\"description\":\"D\\u00e9couvrez un monde de jeu s\\u00e9curis\\u00e9 avec MR Green Casino. Notre engagement en mati\\u00e8re de confidentialit\\u00e9 garantit un environnement de jeu transparent et prot\\u00e9g\\u00e9. Explorez des fonctionnalit\\u00e9s uniques maintenant\\u00a0!\",\"breadcrumb\":{\"@id\":\"https:\/\/mrgreencasinos.com\/fr\/privacy-policy\/#breadcrumb\"},\"inLanguage\":\"fr-FR\",\"potentialAction\":[{\"@type\":\"ReadAction\",\"target\":[\"https:\/\/mrgreencasinos.com\/fr\/privacy-policy\/\"]}]},{\"@type\":\"BreadcrumbList\",\"@id\":\"https:\/\/mrgreencasinos.com\/fr\/privacy-policy\/#breadcrumb\",\"itemListElement\":[{\"@type\":\"ListItem\",\"position\":1,\"name\":\"Home\",\"item\":\"https:\/\/mrgreencasinos.com\/fr\/review-of-the-official-mr-green-website\/\"},{\"@type\":\"ListItem\",\"position\":2,\"name\":\"MR Green Casino Ppolitique de confidentialit\\u00e9\"}]}]}<\/script>\n<!-- \/ Yoast SEO plugin. -->","yoast_head_json":{"title":"Am\u00e9liorer votre exp\u00e9rience de jeu\u00a0: la politique exclusive de MR Green Casino","description":"D\u00e9couvrez un monde de jeu s\u00e9curis\u00e9 avec MR Green Casino. Notre engagement en mati\u00e8re de confidentialit\u00e9 garantit un environnement de jeu transparent et prot\u00e9g\u00e9. Explorez des fonctionnalit\u00e9s uniques maintenant\u00a0!","robots":{"index":"index","follow":"follow","max-snippet":"max-snippet:-1","max-image-preview":"max-image-preview:large","max-video-preview":"max-video-preview:-1"},"canonical":"https:\/\/mrgreencasinos.com\/fr\/privacy-policy\/","og_type":"article","og_title":"Am\u00e9liorer votre exp\u00e9rience de jeu\u00a0: la politique exclusive de MR Green Casino","og_description":"D\u00e9couvrez un monde de jeu s\u00e9curis\u00e9 avec MR Green Casino. Notre engagement en mati\u00e8re de confidentialit\u00e9 garantit un environnement de jeu transparent et prot\u00e9g\u00e9. Explorez des fonctionnalit\u00e9s uniques maintenant\u00a0!","og_url":"https:\/\/mrgreencasinos.com\/fr\/privacy-policy\/","og_site_name":"Casino MR Green","article_modified_time":"2023-12-12T10:57:34+00:00","twitter_card":"summary_large_image","twitter_misc":{"Dur\u00e9e de lecture estim\u00e9e":"4 minutes"},"schema":{"@context":"https:\/\/schema.org","@graph":[{"@type":"WebSite","@id":"https:\/\/mrgreencasinos.com\/#website","url":"https:\/\/mrgreencasinos.com\/","name":"Casino MR Green","description":"","potentialAction":[{"@type":"SearchAction","target":{"@type":"EntryPoint","urlTemplate":"https:\/\/mrgreencasinos.com\/?s={search_term_string}"},"query-input":"required name=search_term_string"}],"inLanguage":"fr-FR"},{"@type":"WebPage","@id":"https:\/\/mrgreencasinos.com\/fr\/privacy-policy\/#webpage","url":"https:\/\/mrgreencasinos.com\/fr\/privacy-policy\/","name":"Am\u00e9liorer votre exp\u00e9rience de jeu\u00a0: la politique exclusive de MR Green Casino","isPartOf":{"@id":"https:\/\/mrgreencasinos.com\/#website"},"datePublished":"2023-12-03T11:51:22+00:00","dateModified":"2023-12-12T10:57:34+00:00","description":"D\u00e9couvrez un monde de jeu s\u00e9curis\u00e9 avec MR Green Casino. Notre engagement en mati\u00e8re de confidentialit\u00e9 garantit un environnement de jeu transparent et prot\u00e9g\u00e9. Explorez des fonctionnalit\u00e9s uniques maintenant\u00a0!","breadcrumb":{"@id":"https:\/\/mrgreencasinos.com\/fr\/privacy-policy\/#breadcrumb"},"inLanguage":"fr-FR","potentialAction":[{"@type":"ReadAction","target":["https:\/\/mrgreencasinos.com\/fr\/privacy-policy\/"]}]},{"@type":"BreadcrumbList","@id":"https:\/\/mrgreencasinos.com\/fr\/privacy-policy\/#breadcrumb","itemListElement":[{"@type":"ListItem","position":1,"name":"Home","item":"https:\/\/mrgreencasinos.com\/fr\/review-of-the-official-mr-green-website\/"},{"@type":"ListItem","position":2,"name":"MR Green Casino Ppolitique de confidentialit\u00e9"}]}]}},"_links":{"self":[{"href":"https:\/\/mrgreencasinos.com\/fr\/wp-json\/wp\/v2\/pages\/1409","targetHints":{"allow":["GET"]}}],"collection":[{"href":"https:\/\/mrgreencasinos.com\/fr\/wp-json\/wp\/v2\/pages"}],"about":[{"href":"https:\/\/mrgreencasinos.com\/fr\/wp-json\/wp\/v2\/types\/page"}],"author":[{"embeddable":true,"href":"https:\/\/mrgreencasinos.com\/fr\/wp-json\/wp\/v2\/users\/1"}],"replies":[{"embeddable":true,"href":"https:\/\/mrgreencasinos.com\/fr\/wp-json\/wp\/v2\/comments?post=1409"}],"version-history":[{"count":1,"href":"https:\/\/mrgreencasinos.com\/fr\/wp-json\/wp\/v2\/pages\/1409\/revisions"}],"predecessor-version":[{"id":1410,"href":"https:\/\/mrgreencasinos.com\/fr\/wp-json\/wp\/v2\/pages\/1409\/revisions\/1410"}],"wp:attachment":[{"href":"https:\/\/mrgreencasinos.com\/fr\/wp-json\/wp\/v2\/media?parent=1409"}],"curies":[{"name":"wp","href":"https:\/\/api.w.org\/{rel}","templated":true}]}}