{"id":1419,"date":"2023-12-03T12:14:59","date_gmt":"2023-12-03T12:14:59","guid":{"rendered":"https:\/\/mrgreencasinos.com\/gdpr-policy\/"},"modified":"2023-12-12T11:06:00","modified_gmt":"2023-12-12T11:06:00","slug":"gdpr-policy","status":"publish","type":"page","link":"https:\/\/mrgreencasinos.com\/fr\/gdpr-policy\/","title":{"rendered":"MR Green Casino Politique RGPD"},"content":{"rendered":"<p>\u00c0 l&rsquo;\u00e8re num\u00e9rique, o\u00f9 les donn\u00e9es personnelles sont une denr\u00e9e pr\u00e9cieuse, les casinos en ligne comme MR Green donnent la priorit\u00e9 \u00e0 la protection des informations des utilisateurs. Le\u00a0R\u00e8glement g\u00e9n\u00e9ral sur la protection des donn\u00e9es\u00a0(RGPD) constitue la pierre angulaire pour garantir\u00a0que\u00a0les\u00a0individus\u00a0ont\u00a0le contr\u00f4le\u00a0sur\u00a0leurs\u00a0donn\u00e9es\u00a0personnelles. \u00c0 cet \u00e9gard, MR Green Casino a mis en \u0153uvre une politique globale RGPD pour prot\u00e9ger la vie priv\u00e9e de ses joueurs. Examinons les aspects cl\u00e9s de l&rsquo;engagement de MR Green en faveur de la conformit\u00e9 au RGPD.<\/p>\n<h2>Conformit\u00e9 au RGPD chez MR Green Casino<\/h2>\n<p>MR Green Casino reconna\u00eet l&rsquo;importance de la transparence et de la responsabilit\u00e9 lorsqu&rsquo;il s&rsquo;agit de g\u00e9rer les donn\u00e9es des utilisateurs. Le cadre de conformit\u00e9 au RGPD n\u2019est pas seulement une obligation l\u00e9gale mais un engagement \u00e0 instaurer la confiance avec les acteurs. Cette politique d\u00e9crit les principes r\u00e9gissant la collecte, le traitement et le stockage des donn\u00e9es personnelles dans les limites de la r\u00e9glementation RGPD.<\/p>\n<h2>Collecte de donn\u00e9es et sp\u00e9cification de l&rsquo;objectif<\/h2>\n<p>MR Green Casino collecte des donn\u00e9es utilisateur \u00e0 des fins sp\u00e9cifiques,\u00a0explicites\u00a0et\u00a0l\u00e9gitimes,\u00a0clairement\u00a0communiqu\u00e9es\u00a0aux joueurs. Le casino garantit que le traitement des donn\u00e9es correspond \u00e0 l&rsquo;objectif vis\u00e9 et s&rsquo;abstient d&rsquo;utiliser les informations \u00e0 des fins non li\u00e9es. Cette transparence inspire confiance aux utilisateurs, sachant que leurs donn\u00e9es sont utilis\u00e9es de mani\u00e8re responsable.<\/p>\n<h2>M\u00e9canisme de consentement et contr\u00f4le des utilisateurs<\/h2>\n<p>La notion de consentement est au c\u0153ur du RGPD, et MR Green Casino respecte rigoureusement ce principe. Les joueurs sont inform\u00e9s des donn\u00e9es collect\u00e9es, de leur finalit\u00e9 et ont la possibilit\u00e9 de donner leur consentement explicite. De plus, les utilisateurs ont le droit de retirer leur consentement \u00e0 tout moment, leur accordant ainsi le contr\u00f4le de leurs informations personnelles.<\/p>\n<h2>Minimisation des donn\u00e9es et limitation du stockage<\/h2>\n<p>MR Green Casino adh\u00e8re aux principes du RGPD en mati\u00e8re de minimisation des donn\u00e9es et de limitation du stockage. Seules les donn\u00e9es n\u00e9cessaires, essentielles \u00e0 l&rsquo;exp\u00e9rience de jeu, sont collect\u00e9es et les dur\u00e9es de conservation sont clairement d\u00e9finies. Cela garantit que les informations personnelles ne sont pas conserv\u00e9es plus longtemps que n\u00e9cessaire, r\u00e9duisant ainsi le risque d&rsquo;acc\u00e8s non autoris\u00e9 ou d&rsquo;utilisation abusive.<\/p>\n<h2>Mesures de s\u00e9curit\u00e9 et int\u00e9grit\u00e9 des donn\u00e9es<\/h2>\n<p>La protection des donn\u00e9es des utilisateurs est primordiale chez MR Green Casino. Des mesures de s\u00e9curit\u00e9 strictes sont en place pour prot\u00e9ger contre l&rsquo;acc\u00e8s non autoris\u00e9, la divulgation, la modification et la destruction des informations personnelles. Des \u00e9valuations et des audits r\u00e9guliers sont effectu\u00e9s pour maintenir l&rsquo;int\u00e9grit\u00e9 des syst\u00e8mes de traitement des donn\u00e9es, offrant ainsi aux joueurs un environnement de jeu s\u00e9curis\u00e9.<\/p>\n<h2>Droits individuels dans le cadre du RGPD\u00a0: responsabiliser les joueurs<\/h2>\n<p>MR Green Casino s&rsquo;engage \u00e0 respecter les droits conf\u00e9r\u00e9s aux individus par le RGPD. Les joueurs ont le droit d&rsquo;acc\u00e9der \u00e0 leurs donn\u00e9es personnelles, de rectifier les inexactitudes et de demander leur effacement, le cas \u00e9ch\u00e9ant. Le casino a mis en place des m\u00e9canismes pour faciliter l&rsquo;exercice de ces droits, permettant aux joueurs d&rsquo;avoir un plus grand contr\u00f4le sur leurs informations.<\/p>\n<h2>Transfert de donn\u00e9es et conformit\u00e9 internationale<\/h2>\n<p>Dans le paysage mondial des jeux en ligne, MR Green Casino garantit que les transferts internationaux de donn\u00e9es sont conformes aux exigences du RGPD. Des garanties ad\u00e9quates sont mises en \u0153uvre lorsque les donn\u00e9es sont transf\u00e9r\u00e9es vers des juridictions en dehors de l&rsquo;Union europ\u00e9enne, garantissant un niveau coh\u00e9rent de protection des informations des utilisateurs.<\/p>\n<h2>Notification de violation de donn\u00e9es\u00a0et\u00a0r\u00e9ponse aux incidents<\/h2>\n<p>Malgr\u00e9 des mesures de s\u00e9curit\u00e9 robustes, MR Green Casino reconna\u00eet la possibilit\u00e9 de violations de donn\u00e9es. En cas de violation, le casino s&rsquo;engage \u00e0 informer rapidement les autorit\u00e9s comp\u00e9tentes et les personnes concern\u00e9es. Un plan complet de r\u00e9ponse aux incidents est en place pour att\u00e9nuer l&rsquo;impact et prendre rapidement des mesures correctives.<\/p>\n<h2>D\u00e9l\u00e9gu\u00e9 \u00e0 la responsabilit\u00e9 et \u00e0 la protection des donn\u00e9es<\/h2>\n<p>Pour garantir la conformit\u00e9 continue au RGPD, MR Green Casino nomme un d\u00e9l\u00e9gu\u00e9 \u00e0 la protection des donn\u00e9es (DPO). Le DPD supervise la mise en \u0153uvre des politiques de protection des donn\u00e9es, effectue des \u00e9valuations r\u00e9guli\u00e8res et sert de point de contact pour les demandes li\u00e9es aux donn\u00e9es. Cet engagement en mati\u00e8re de responsabilit\u00e9 renforce l&rsquo;engagement du casino \u00e0 prot\u00e9ger la vie priv\u00e9e des utilisateurs.<\/p>\n<h2>Confidentialit\u00e9\u00a0par\u00a0conception et par d\u00e9faut<\/h2>\n<p>MR Green Casino int\u00e8gre les principes de confidentialit\u00e9 d\u00e8s la conception et par d\u00e9faut dans ses syst\u00e8mes et processus. La protection des donn\u00e9es est prise en compte d\u00e8s la cr\u00e9ation de nouvelles fonctionnalit\u00e9s ou services, garantissant que la confidentialit\u00e9 fait partie int\u00e9grante de l&rsquo;exp\u00e9rience de jeu. Cette approche proactive \u00e9vite les probl\u00e8mes de confidentialit\u00e9 plut\u00f4t que de les r\u00e9soudre r\u00e9trospectivement.<\/p>\n<h2>Am\u00e9lioration continue\u00a0et\u00a0mises \u00e0 jour de conformit\u00e9<\/h2>\n<p>La conformit\u00e9 au RGPD est un engagement continu pour MR Green Casino. Des examens r\u00e9guliers des pratiques et politiques de protection des donn\u00e9es sont effectu\u00e9s pour identifier les domaines \u00e0 am\u00e9liorer. Toute mise \u00e0 jour ou modification des exigences de conformit\u00e9 est rapidement mise en \u0153uvre afin de respecter les normes les plus \u00e9lev\u00e9es en mati\u00e8re de protection des donn\u00e9es.<\/p>\n","protected":false},"excerpt":{"rendered":"<p>\u00c0 l&rsquo;\u00e8re num\u00e9rique, o\u00f9 les donn\u00e9es personnelles sont une denr\u00e9e pr\u00e9cieuse, les casinos en ligne comme MR Green donnent la [&hellip;]<\/p>\n","protected":false},"author":1,"featured_media":0,"parent":0,"menu_order":0,"comment_status":"closed","ping_status":"closed","template":"","meta":{"footnotes":""},"class_list":["post-1419","page","type-page","status-publish","hentry"],"acf":[],"yoast_head":"<!-- This site is optimized with the Yoast SEO plugin v17.9 - https:\/\/yoast.com\/wordpress\/plugins\/seo\/ -->\n<title>Jeux s\u00e9curis\u00e9s\u00a0: la politique RGPD de MR Green Casino garantit la confidentialit\u00e9 des donn\u00e9es<\/title>\n<meta name=\"description\" content=\"D\u00e9couvrez l&#039;engagement de MR Green Casino envers la conformit\u00e9 au RGPD. Notre approche unique garantit la confidentialit\u00e9 de vos donn\u00e9es avec confiance et transparence. D\u00e9couvrez l&#039;exp\u00e9rience de jeu la plus s\u00fbre\u00a0!\" \/>\n<meta name=\"robots\" content=\"index, follow, max-snippet:-1, max-image-preview:large, max-video-preview:-1\" \/>\n<link rel=\"canonical\" href=\"https:\/\/mrgreencasinos.com\/fr\/gdpr-policy\/\" \/>\n<meta property=\"og:type\" content=\"article\" \/>\n<meta property=\"og:title\" content=\"Jeux s\u00e9curis\u00e9s\u00a0: la politique RGPD de MR Green Casino garantit la confidentialit\u00e9 des donn\u00e9es\" \/>\n<meta property=\"og:description\" content=\"D\u00e9couvrez l&#039;engagement de MR Green Casino envers la conformit\u00e9 au RGPD. Notre approche unique garantit la confidentialit\u00e9 de vos donn\u00e9es avec confiance et transparence. D\u00e9couvrez l&#039;exp\u00e9rience de jeu la plus s\u00fbre\u00a0!\" \/>\n<meta property=\"og:url\" content=\"https:\/\/mrgreencasinos.com\/fr\/gdpr-policy\/\" \/>\n<meta property=\"og:site_name\" content=\"Casino MR Green\" \/>\n<meta property=\"article:modified_time\" content=\"2023-12-12T11:06:00+00:00\" \/>\n<meta name=\"twitter:card\" content=\"summary_large_image\" \/>\n<meta name=\"twitter:label1\" content=\"Dur\u00e9e de lecture estim\u00e9e\" \/>\n\t<meta name=\"twitter:data1\" content=\"4 minutes\" \/>\n<script type=\"application\/ld+json\" class=\"yoast-schema-graph\">{\"@context\":\"https:\/\/schema.org\",\"@graph\":[{\"@type\":\"WebSite\",\"@id\":\"https:\/\/mrgreencasinos.com\/#website\",\"url\":\"https:\/\/mrgreencasinos.com\/\",\"name\":\"Casino MR Green\",\"description\":\"\",\"potentialAction\":[{\"@type\":\"SearchAction\",\"target\":{\"@type\":\"EntryPoint\",\"urlTemplate\":\"https:\/\/mrgreencasinos.com\/?s={search_term_string}\"},\"query-input\":\"required name=search_term_string\"}],\"inLanguage\":\"fr-FR\"},{\"@type\":\"WebPage\",\"@id\":\"https:\/\/mrgreencasinos.com\/fr\/gdpr-policy\/#webpage\",\"url\":\"https:\/\/mrgreencasinos.com\/fr\/gdpr-policy\/\",\"name\":\"Jeux s\\u00e9curis\\u00e9s\\u00a0: la politique RGPD de MR Green Casino garantit la confidentialit\\u00e9 des donn\\u00e9es\",\"isPartOf\":{\"@id\":\"https:\/\/mrgreencasinos.com\/#website\"},\"datePublished\":\"2023-12-03T12:14:59+00:00\",\"dateModified\":\"2023-12-12T11:06:00+00:00\",\"description\":\"D\\u00e9couvrez l'engagement de MR Green Casino envers la conformit\\u00e9 au RGPD. Notre approche unique garantit la confidentialit\\u00e9 de vos donn\\u00e9es avec confiance et transparence. D\\u00e9couvrez l'exp\\u00e9rience de jeu la plus s\\u00fbre\\u00a0!\",\"breadcrumb\":{\"@id\":\"https:\/\/mrgreencasinos.com\/fr\/gdpr-policy\/#breadcrumb\"},\"inLanguage\":\"fr-FR\",\"potentialAction\":[{\"@type\":\"ReadAction\",\"target\":[\"https:\/\/mrgreencasinos.com\/fr\/gdpr-policy\/\"]}]},{\"@type\":\"BreadcrumbList\",\"@id\":\"https:\/\/mrgreencasinos.com\/fr\/gdpr-policy\/#breadcrumb\",\"itemListElement\":[{\"@type\":\"ListItem\",\"position\":1,\"name\":\"Home\",\"item\":\"https:\/\/mrgreencasinos.com\/fr\/review-of-the-official-mr-green-website\/\"},{\"@type\":\"ListItem\",\"position\":2,\"name\":\"MR Green Casino Politique RGPD\"}]}]}<\/script>\n<!-- \/ Yoast SEO plugin. -->","yoast_head_json":{"title":"Jeux s\u00e9curis\u00e9s\u00a0: la politique RGPD de MR Green Casino garantit la confidentialit\u00e9 des donn\u00e9es","description":"D\u00e9couvrez l'engagement de MR Green Casino envers la conformit\u00e9 au RGPD. Notre approche unique garantit la confidentialit\u00e9 de vos donn\u00e9es avec confiance et transparence. D\u00e9couvrez l'exp\u00e9rience de jeu la plus s\u00fbre\u00a0!","robots":{"index":"index","follow":"follow","max-snippet":"max-snippet:-1","max-image-preview":"max-image-preview:large","max-video-preview":"max-video-preview:-1"},"canonical":"https:\/\/mrgreencasinos.com\/fr\/gdpr-policy\/","og_type":"article","og_title":"Jeux s\u00e9curis\u00e9s\u00a0: la politique RGPD de MR Green Casino garantit la confidentialit\u00e9 des donn\u00e9es","og_description":"D\u00e9couvrez l'engagement de MR Green Casino envers la conformit\u00e9 au RGPD. Notre approche unique garantit la confidentialit\u00e9 de vos donn\u00e9es avec confiance et transparence. D\u00e9couvrez l'exp\u00e9rience de jeu la plus s\u00fbre\u00a0!","og_url":"https:\/\/mrgreencasinos.com\/fr\/gdpr-policy\/","og_site_name":"Casino MR Green","article_modified_time":"2023-12-12T11:06:00+00:00","twitter_card":"summary_large_image","twitter_misc":{"Dur\u00e9e de lecture estim\u00e9e":"4 minutes"},"schema":{"@context":"https:\/\/schema.org","@graph":[{"@type":"WebSite","@id":"https:\/\/mrgreencasinos.com\/#website","url":"https:\/\/mrgreencasinos.com\/","name":"Casino MR Green","description":"","potentialAction":[{"@type":"SearchAction","target":{"@type":"EntryPoint","urlTemplate":"https:\/\/mrgreencasinos.com\/?s={search_term_string}"},"query-input":"required name=search_term_string"}],"inLanguage":"fr-FR"},{"@type":"WebPage","@id":"https:\/\/mrgreencasinos.com\/fr\/gdpr-policy\/#webpage","url":"https:\/\/mrgreencasinos.com\/fr\/gdpr-policy\/","name":"Jeux s\u00e9curis\u00e9s\u00a0: la politique RGPD de MR Green Casino garantit la confidentialit\u00e9 des donn\u00e9es","isPartOf":{"@id":"https:\/\/mrgreencasinos.com\/#website"},"datePublished":"2023-12-03T12:14:59+00:00","dateModified":"2023-12-12T11:06:00+00:00","description":"D\u00e9couvrez l'engagement de MR Green Casino envers la conformit\u00e9 au RGPD. Notre approche unique garantit la confidentialit\u00e9 de vos donn\u00e9es avec confiance et transparence. D\u00e9couvrez l'exp\u00e9rience de jeu la plus s\u00fbre\u00a0!","breadcrumb":{"@id":"https:\/\/mrgreencasinos.com\/fr\/gdpr-policy\/#breadcrumb"},"inLanguage":"fr-FR","potentialAction":[{"@type":"ReadAction","target":["https:\/\/mrgreencasinos.com\/fr\/gdpr-policy\/"]}]},{"@type":"BreadcrumbList","@id":"https:\/\/mrgreencasinos.com\/fr\/gdpr-policy\/#breadcrumb","itemListElement":[{"@type":"ListItem","position":1,"name":"Home","item":"https:\/\/mrgreencasinos.com\/fr\/review-of-the-official-mr-green-website\/"},{"@type":"ListItem","position":2,"name":"MR Green Casino Politique RGPD"}]}]}},"_links":{"self":[{"href":"https:\/\/mrgreencasinos.com\/fr\/wp-json\/wp\/v2\/pages\/1419","targetHints":{"allow":["GET"]}}],"collection":[{"href":"https:\/\/mrgreencasinos.com\/fr\/wp-json\/wp\/v2\/pages"}],"about":[{"href":"https:\/\/mrgreencasinos.com\/fr\/wp-json\/wp\/v2\/types\/page"}],"author":[{"embeddable":true,"href":"https:\/\/mrgreencasinos.com\/fr\/wp-json\/wp\/v2\/users\/1"}],"replies":[{"embeddable":true,"href":"https:\/\/mrgreencasinos.com\/fr\/wp-json\/wp\/v2\/comments?post=1419"}],"version-history":[{"count":1,"href":"https:\/\/mrgreencasinos.com\/fr\/wp-json\/wp\/v2\/pages\/1419\/revisions"}],"predecessor-version":[{"id":1420,"href":"https:\/\/mrgreencasinos.com\/fr\/wp-json\/wp\/v2\/pages\/1419\/revisions\/1420"}],"wp:attachment":[{"href":"https:\/\/mrgreencasinos.com\/fr\/wp-json\/wp\/v2\/media?parent=1419"}],"curies":[{"name":"wp","href":"https:\/\/api.w.org\/{rel}","templated":true}]}}