{"id":262,"date":"2022-01-17T15:37:26","date_gmt":"2022-01-17T15:37:26","guid":{"rendered":"https:\/\/mrgreencasinos.com\/review-of-the-official-mr-green-website\/"},"modified":"2022-09-29T15:54:33","modified_gmt":"2022-09-29T15:54:33","slug":"review-of-the-official-mr-green-website","status":"publish","type":"page","link":"https:\/\/mrgreencasinos.com\/fr\/","title":{"rendered":"Review"},"content":{"rendered":"<p>[vc_row equal_height=\u00a0\u00bbyes\u00a0\u00bb content_placement=\u00a0\u00bbmiddle\u00a0\u00bb el_id=\u00a0\u00bbcasino\u00a0\u00bb][vc_column width=\u00a0\u00bb1\/2&Prime;][vc_column_text]<\/p>\n<h1>Critique du casino MR Green<\/h1>\n<p>Tout le monde peut utiliser les services d&rsquo;un casino moderne, pour lequel il suffit d&rsquo;avoir un smartphone avec une connexion Internet \u00e0 port\u00e9e de main. Vous n&rsquo;avez plus besoin de chercher le casino le plus proche au Canada ou de voyager \u00e0 l&rsquo;\u00e9tranger pour faire tourner la roue de la fortune, jouer au poker ou obtenir beaucoup d&rsquo;impressions vives des machines \u00e0 sous. Chaque ann\u00e9e, le nombre de salles de jeux sur Internet augmente, ce qui permet aux parieurs de prendre en compte les pr\u00e9f\u00e9rences individuelles lors du choix. Parmi les param\u00e8tres cl\u00e9s \u00e0 garder \u00e0 l&rsquo;esprit lors de la recherche figurent le niveau de service, la fiabilit\u00e9 et une abondance de bonus pour les d\u00e9butants. Pour cette raison, le casino MrGreen est devenu tr\u00e8s populaire car il r\u00e9pond aux crit\u00e8res les plus \u00e9lev\u00e9s.<\/p>\n<div class=\"t-go\"><a href=\"\/go-casino\/?brand=mrgreen\">BONUS DE R\u00c9CLAMATION<\/a><\/div>[\/vc_column_text][\/vc_column][vc_column width=\u00a0\u00bb1\/2&Prime;][vc_single_image image=\u00a0\u00bb551&Prime; img_size=\u00a0\u00bbfull\u00a0\u00bb alignment=\u00a0\u00bbcenter\u00a0\u00bb][\/vc_column][\/vc_row][vc_row][vc_column][vc_column_text]<div class=\"slot__list\">\n\t\t<div class=\"slot-item\">\n\t\t<div class=\"slot-item__top\">\n\t\t\t<div class=\"slot-item__thumb\">\n\t\t\t\t<div class=\"slot-item__thumb-ins\">\n\t\t\t\t\t<img decoding=\"async\" src=\"https:\/\/mrgreencasinos.com\/wp-content\/uploads\/2022\/09\/money-train-2.jpeg\" alt=\"Money Train 2\">\n\t\t\t\t<\/div>\n\t\t\t<\/div>\n\t\t\t<div class=\"slot-item__rating\">96,04% <span>RTP<\/span><\/div>\n\t\t<\/div>\n\t\t<div class=\"slot-item__name\">Money Train 2<\/div>\n\t\t<div class=\"slot-item__desc\"><ul>\n<li>Pari minimum 0,10 $ (AU)<\/li>\n<li>Pari maximum 20 $ (AU)<\/li>\n<li>Haute volatilit\u00e9<\/li>\n<li>Relax Gaming<\/li>\n<\/ul>\n<\/div>\n\t\t<div class=\"slot-item__button-wrap\">\n\t\t\t<a href=\"https:\/\/mrgreencasinos.com\/go-casino?sub_id_1=MoneyTrain2\/\" class=\"slot-item__button\">Joue maintenant<\/a>\n\t\t<\/div>\n\t<\/div>\n\t\t<div class=\"slot-item\">\n\t\t<div class=\"slot-item__top\">\n\t\t\t<div class=\"slot-item__thumb\">\n\t\t\t\t<div class=\"slot-item__thumb-ins\">\n\t\t\t\t\t<img decoding=\"async\" src=\"https:\/\/mrgreencasinos.com\/wp-content\/uploads\/2022\/09\/Book-of-Ra-Deluxe.jpeg\" alt=\"Book of Ra Deluxe\">\n\t\t\t\t<\/div>\n\t\t\t<\/div>\n\t\t\t<div class=\"slot-item__rating\">95.10% <span>RTP<\/span><\/div>\n\t\t<\/div>\n\t\t<div class=\"slot-item__name\">Book of Ra Deluxe<\/div>\n\t\t<div class=\"slot-item__desc\"><ul>\n<li>Pari minimum 0,10 $ (AU)<\/li>\n<li>Pari maximum 400 $ (AU)<\/li>\n<li>Haute volatilit\u00e9<\/li>\n<li>Novomatic<\/li>\n<\/ul>\n<\/div>\n\t\t<div class=\"slot-item__button-wrap\">\n\t\t\t<a href=\"https:\/\/mrgreencasinos.com\/go-casino?sub_id_1=BookofRaDeluxe\/\" class=\"slot-item__button\">Joue maintenant<\/a>\n\t\t<\/div>\n\t<\/div>\n\t\t<div class=\"slot-item\">\n\t\t<div class=\"slot-item__top\">\n\t\t\t<div class=\"slot-item__thumb\">\n\t\t\t\t<div class=\"slot-item__thumb-ins\">\n\t\t\t\t\t<img decoding=\"async\" src=\"https:\/\/mrgreencasinos.com\/wp-content\/uploads\/2022\/09\/Wolf-Treasure.jpeg\" alt=\"Wolf Treasure\">\n\t\t\t\t<\/div>\n\t\t\t<\/div>\n\t\t\t<div class=\"slot-item__rating\">96% <span>RTP<\/span><\/div>\n\t\t<\/div>\n\t\t<div class=\"slot-item__name\">Wolf Treasure<\/div>\n\t\t<div class=\"slot-item__desc\"><ul>\n<li>Pari minimum 0,25 $ (AU)<\/li>\n<li>Pari maximum 25 $ (AU)<\/li>\n<li>Volatilit\u00e9 moyenne<\/li>\n<li>IG Tech<\/li>\n<\/ul>\n<\/div>\n\t\t<div class=\"slot-item__button-wrap\">\n\t\t\t<a href=\"https:\/\/mrgreencasinos.com\/go-casino?sub_id_1=WolfTreasure\/\" class=\"slot-item__button\">Joue maintenant<\/a>\n\t\t<\/div>\n\t<\/div>\n\t\t<div class=\"slot-item\">\n\t\t<div class=\"slot-item__top\">\n\t\t\t<div class=\"slot-item__thumb\">\n\t\t\t\t<div class=\"slot-item__thumb-ins\">\n\t\t\t\t\t<img decoding=\"async\" src=\"https:\/\/mrgreencasinos.com\/wp-content\/uploads\/2022\/09\/5-Dragons.jpeg\" alt=\"5 Dragons\">\n\t\t\t\t<\/div>\n\t\t\t<\/div>\n\t\t\t<div class=\"slot-item__rating\">95.17% <span>RTP<\/span><\/div>\n\t\t<\/div>\n\t\t<div class=\"slot-item__name\">5 Dragons<\/div>\n\t\t<div class=\"slot-item__desc\"><ul>\n<li>Pari minimum 0,25 $ (AU)<\/li>\n<li>Pari maximum 100 $ (AU)<\/li>\n<li>Volatilit\u00e9 moyenne<\/li>\n<li>Aristocrate<\/li>\n<\/ul>\n<\/div>\n\t\t<div class=\"slot-item__button-wrap\">\n\t\t\t<a href=\"https:\/\/mrgreencasinos.com\/go-casino?sub_id_1=5Dragons\/\" class=\"slot-item__button\">Joue maintenant<\/a>\n\t\t<\/div>\n\t<\/div>\n\t\t<div class=\"slot-item\">\n\t\t<div class=\"slot-item__top\">\n\t\t\t<div class=\"slot-item__thumb\">\n\t\t\t\t<div class=\"slot-item__thumb-ins\">\n\t\t\t\t\t<img decoding=\"async\" src=\"https:\/\/mrgreencasinos.com\/wp-content\/uploads\/2022\/09\/Mega-Moolah.jpeg\" alt=\"Mega Moolah\">\n\t\t\t\t<\/div>\n\t\t\t<\/div>\n\t\t\t<div class=\"slot-item__rating\">94% <span>RTP<\/span><\/div>\n\t\t<\/div>\n\t\t<div class=\"slot-item__name\">Mega Moolah<\/div>\n\t\t<div class=\"slot-item__desc\"><ul>\n<li>Pari minimum 0,25 $ (AU)<\/li>\n<li>Pari maximum 6,25 $ (AU)<\/li>\n<li>Faible volatilit\u00e9<\/li>\n<li>Microgaming<\/li>\n<\/ul>\n<\/div>\n\t\t<div class=\"slot-item__button-wrap\">\n\t\t\t<a href=\"https:\/\/mrgreencasinos.com\/go-casino?sub_id_1=MegaMoolah\/\" class=\"slot-item__button\">Joue maintenant<\/a>\n\t\t<\/div>\n\t<\/div>\n\t\t<div class=\"slot-item\">\n\t\t<div class=\"slot-item__top\">\n\t\t\t<div class=\"slot-item__thumb\">\n\t\t\t\t<div class=\"slot-item__thumb-ins\">\n\t\t\t\t\t<img decoding=\"async\" src=\"https:\/\/mrgreencasinos.com\/wp-content\/uploads\/2022\/09\/Sweet-Bonanza.jpeg\" alt=\"Sweet Bonanza\">\n\t\t\t\t<\/div>\n\t\t\t<\/div>\n\t\t\t<div class=\"slot-item__rating\">94% <span>RTP<\/span><\/div>\n\t\t<\/div>\n\t\t<div class=\"slot-item__name\">Sweet Bonanza<\/div>\n\t\t<div class=\"slot-item__desc\"><ul>\n<li>Pari minimum 0,20 $ (AU)<\/li>\n<li>Pari maximum 125 $ (AU)<\/li>\n<li>Volatilit\u00e9 moyenne<\/li>\n<li>Pragmatic Play<\/li>\n<\/ul>\n<\/div>\n\t\t<div class=\"slot-item__button-wrap\">\n\t\t\t<a href=\"https:\/\/mrgreencasinos.com\/go-casino?sub_id_1=SweetBonanza\/\" class=\"slot-item__button\">Joue maintenant<\/a>\n\t\t<\/div>\n\t<\/div>\n\t<\/div>\n<link rel=\"stylesheet\" href=\"https:\/\/mrgreencasinos.com\/wp-content\/themes\/airi\/css\/slots-list.css\">[\/vc_column_text][\/vc_column][\/vc_row][vc_row equal_height=\u00a0\u00bbyes\u00a0\u00bb content_placement=\u00a0\u00bbmiddle\u00a0\u00bb][vc_column][vc_column_text]<\/p>\n<h2><b>Examen du site officiel de MR Green<\/b><\/h2>\n<p><span class=\"\">Pour comprendre les fonctionnalit\u00e9s d&rsquo;un site <a href=\"https:\/\/mrgreencasinos.com\/fr\/betting\/\">de paris<\/a>, il suffit de se familiariser avec son examen d\u00e9taill\u00e9.\u00a0<\/span>\u00c0 partir de l&rsquo;examen, vous pouvez obtenir les informations les plus pr\u00e9cises sur l&rsquo;institution, ce qui vous aidera \u00e0 utiliser les avantages disponibles avec une efficacit\u00e9 maximale.\u00a0<span class=\"goog-text-highlight\">L&rsquo;\u00a0<\/span><b><span class=\"goog-text-highlight\">examen du casino MR Green a\u00a0<\/span><\/b><span class=\"goog-text-highlight\">montr\u00e9 que le casino a un design moderne, une\u00a0<\/span><a href=\"https:\/\/mrgreencasinos.com\/fr\/login\/\"><span class=\"goog-text-highlight\">connexion<\/span><\/a><span class=\"goog-text-highlight\">\u00a0rapide , ce qui peut d\u00e9j\u00e0 \u00eatre attribu\u00e9 aux avantages du site.\u00a0<\/span>M\u00eame les joueurs qui passent plusieurs heures par jour au casino ne se fatigueront pas.\u00a0Un menu pratique vous permet de trouver rapidement une section qui vous int\u00e9resse.\u00a0Chaque cat\u00e9gorie de divertissement de jeu a des filtres pratiques qui aident \u00e0 acc\u00e9l\u00e9rer la recherche de la machine qui vous int\u00e9resse.[\/vc_column_text][\/vc_column][\/vc_row][vc_row equal_height=\u00a0\u00bbyes\u00a0\u00bb content_placement=\u00a0\u00bbmiddle\u00a0\u00bb el_id=\u00a0\u00bbdeposit\u00a0\u00bb][vc_column width=\u00a0\u00bb1\/2&Prime;][vc_single_image image=\u00a0\u00bb549&Prime; img_size=\u00a0\u00bbfull\u00a0\u00bb alignment=\u00a0\u00bbcenter\u00a0\u00bb][\/vc_column][vc_column width=\u00a0\u00bb1\/2&Prime;][vc_column_text]<\/p>\n<h2><b><span class=\"\">D\u00e9p\u00f4t et retrait de fonds dans le MR Gree<\/span><\/b><\/h2>\n<p>La\u00a0<b>revue du casino en ligne MR Green\u00a0<\/b>montre que le casino traite ses joueurs de mani\u00e8re responsable.\u00a0Pour effectuer des transactions financi\u00e8res, les joueurs se verront proposer de tels syst\u00e8mes de paiement\u00a0:<\/p>\n<ul>\n<li aria-level=\"1\">Visa, MasterCard\u00a0;<\/li>\n<li aria-level=\"1\">Skrill, PayPal\u00a0;<\/li>\n<li aria-level=\"1\">virement;<\/li>\n<li aria-level=\"1\">zimpler;<\/li>\n<li aria-level=\"1\">Bon pro;<\/li>\n<li aria-level=\"1\">Euteller, Paysafe, Trustly.<\/li>\n<\/ul>\n<p>Dans le m\u00eame temps, les utilisateurs doivent tenir compte du fait que, pour des raisons de s\u00e9curit\u00e9, il est recommand\u00e9 d&rsquo;effectuer le premier paiement sur le site par carte bancaire.\u00a0<span class=\"goog-text-highlight\">\u00c0 l&rsquo;avenir, les joueurs ne seront plus limit\u00e9s dans leur choix, ce qui permettra d&rsquo;utiliser plus d&rsquo;options s\u00e9lectionn\u00e9es individuellement, dans lesquelles le joueur n&rsquo;aura pas \u00e0 payer de commission ou pourra obtenir d&rsquo;autres avantages lors des transferts.<\/span>[\/vc_column_text][\/vc_column][\/vc_row][vc_row equal_height=\u00a0\u00bbyes\u00a0\u00bb content_placement=\u00a0\u00bbmiddle\u00a0\u00bb][vc_column][vc_message]<span class=\"\">Pour que les transactions se d\u00e9roulent efficacement, il est n\u00e9cessaire de pr\u00eater attention \u00e0 une question telle que les montants de retrait minimum et maximum.\u00a0<\/span>Vous pouvez d\u00e9poser un montant de 10 \u00a3 ou plus.\u00a0Il n&rsquo;y a pas de limites au retrait d&rsquo;argent.\u00a0Le site vous permet de payer dans diff\u00e9rentes devises, notamment en livres, en dollars ou en euros.\u00a0<span class=\"goog-text-highlight\">Un autre aspect qui affecte le confort d&rsquo;utilisation du syst\u00e8me de paiement est le montant de la commission.\u00a0<\/span>Si les joueurs utilisent le syst\u00e8me de paiement Paysafecard, le rechargement aura lieu avec une commission de 4 %.\u00a0Lors de l&rsquo;utilisation d&rsquo;autres m\u00e9thodes de d\u00e9p\u00f4t, la commission ne sera pas factur\u00e9e \u00e0 l&rsquo;utilisateur, le choix d\u00e9pend donc des souhaits du joueur.[\/vc_message][\/vc_column][\/vc_row][vc_row equal_height=\u00a0\u00bbyes\u00a0\u00bb content_placement=\u00a0\u00bbmiddle\u00a0\u00bb css=\u00a0\u00bb.vc_custom_1642524692582{background-image: url(https:\/\/mrgreencasinos.com\/wp-content\/uploads\/2022\/01\/224be4442536b57e6eaba73c8e19b255-game-background-online-casino.jpg?id=25) !important;}\u00a0\u00bb][vc_column][vc_column_text]<\/p>\n<h2><span style=\"color: #ffffff;\"><b><span class=\"\">Logiciel de jeu de casino Mr. Green<\/span><\/b><\/span><\/h2>\n<p><span style=\"color: #ffffff;\">Une large s\u00e9lection de machines \u00e0 sous, de tables de cartes et d&rsquo;autres divertissements de jeu, que le site a r\u00e9ussi \u00e0 collecter au fil des ann\u00e9es de travail fructueux, vous permet d&rsquo;obtenir de nombreuses impressions positives du\u00a0<b>casino, MR Green\u00a0<\/b>.\u00a0<span class=\"\">Le logiciel du casino est fourni par plusieurs fournisseurs, de sorte que les machines diff\u00e9reront en vari\u00e9t\u00e9, ce qui vous permettra de choisir un nouveau jeu chaque jour.\u00a0<\/span><span class=\"\">Tous les fournisseurs sont connus et respect\u00e9s, ont une r\u00e9putation irr\u00e9prochable et ont des jeux d&rsquo;excellente qualit\u00e9.\u00a0<\/span>En utilisant des logiciels de haute qualit\u00e9, l&rsquo;entreprise parvient \u00e0 maintenir sa r\u00e9putation irr\u00e9prochable.\u00a0Parmi les fournisseurs de logiciels demand\u00e9s pr\u00e9sent\u00e9s au\u00a0<b>casino MR Green\u00a0<\/b>, il convient de souligner :<\/span><\/p>\n<ul>\n<li aria-level=\"1\"><span style=\"color: #ffffff;\">NetEnt\u00a0;<\/span><\/li>\n<li aria-level=\"1\"><span style=\"color: #ffffff;\">rotation rapide\u00a0;<\/span><\/li>\n<li aria-level=\"1\"><span style=\"color: #ffffff;\">Yggdrasil\u00a0;<\/span><\/li>\n<li aria-level=\"1\"><span style=\"color: #ffffff;\">Play&rsquo;n Go.<\/span><\/li>\n<\/ul>\n<p>[\/vc_column_text][\/vc_column][\/vc_row][vc_row equal_height=\u00a0\u00bbyes\u00a0\u00bb content_placement=\u00a0\u00bbmiddle\u00a0\u00bb el_id=\u00a0\u00bbbrands\u00a0\u00bb][vc_column width=\u00a0\u00bb1\/2&Prime;][vc_column_text]En plus des marques r\u00e9pertori\u00e9es, dont les machines se trouvent dans la plupart des casinos en ligne de notre \u00e9poque, le catalogue contient \u00e9galement des jeux de Betsoft, Microgaming, Evolution, Isoftbet et Thunderkick.\u00a0Le casino propose \u00e9galement aux visiteurs de placer des paris en direct.\u00a0Pour ce faire, le site a une section distincte, qui contient du baccarat, du poker et d&rsquo;autres jeux bien connus et appr\u00e9ci\u00e9s par de nombreux jeux.\u00a0Le site Web et le logiciel sont optimis\u00e9s pour que vous puissiez placer des paris sans aucun probl\u00e8me sur n&rsquo;importe quel appareil.\u00a0<span class=\"goog-text-highlight\">Le choix de divertissement est vraiment vaste, ce qui permet \u00e0 chaque visiteur du casino de choisir la machine qui correspond \u00e0 ses pr\u00e9f\u00e9rences.\u00a0<\/span>Le site fournit des informations d\u00e9taill\u00e9es sur les machines \u00e0 sous, afin que vous puissiez \u00e9tudier leurs param\u00e8tres avant de commencer \u00e0 placer des paris.\u00a0En mode gratuit, vous pouvez facilement v\u00e9rifier la probabilit\u00e9 d&rsquo;obtenir diverses combinaisons lorsque vous placez des paris.<\/p>\n<div class=\"t-go\"><a href=\"\/go-casino\/?brand=mrgreen\">BONUS DE R\u00c9CLAMATION<\/a><\/div>[\/vc_column_text][\/vc_column][vc_column width=\u00a0\u00bb1\/2&Prime;][vc_single_image image=\u00a0\u00bb28&Prime; img_size=\u00a0\u00bbfull\u00a0\u00bb alignment=\u00a0\u00bbcenter\u00a0\u00bb][\/vc_column][\/vc_row][vc_row][vc_column][vc_text_separator title=\u00a0\u00bbLicence et s\u00e9curit\u00e9\u00a0\u00bb i_icon_fontawesome=\u00a0\u00bbfas fa-angle-double-right\u00a0\u00bb title_align=\u00a0\u00bbseparator_align_left\u00a0\u00bb color=\u00a0\u00bbsky\u00a0\u00bb add_icon=\u00a0\u00bbtrue\u00a0\u00bb][\/vc_column][\/vc_row][vc_row][vc_column][vc_column_text]<span class=\"\">La s\u00e9curit\u00e9 joue un r\u00f4le important pour chaque visiteur du casino.\u00a0<\/span>C&rsquo;est ce param\u00e8tre qui vous permet de ne pas vous soucier de votre <a href=\"https:\/\/mrgreencasinos.com\/fr\/deposit\/\">d\u00e9p\u00f4t<\/a>, en accordant une plus grande attention \u00e0 la connaissance des caract\u00e9ristiques du slot, ainsi qu&rsquo;\u00e0 sa gestion.\u00a0L&rsquo;octroi de licences est le param\u00e8tre qui confirme l&rsquo;attitude responsable de l&rsquo;institution vis-\u00e0-vis de la fourniture de son service.\u00a0<span class=\"\">Si l&rsquo;op\u00e9rateur est licenci\u00e9, cela signifie qu&rsquo;il adh\u00e8re aux normes de qualit\u00e9 \u00e9lev\u00e9es de l&rsquo;industrie du jeu et suit la politique de fair-play.\u00a0<\/span>Personne ne risquerait de perdre une licence, compte tenu du co\u00fbt et de la complexit\u00e9 de son obtention.\u00a0<b>Mr. Green Online Casino\u00a0<\/b>a \u00e9t\u00e9 autoris\u00e9 par la Malta Gambling Authority.\u00a0Les joueurs ont la possibilit\u00e9 de v\u00e9rifier la licence en utilisant le lien sur la page principale du site.<\/p>\n<p>L&rsquo;\u00e9tablissement travaille avec les meilleurs fournisseurs de divertissement, dont IGT, Play N&rsquo; Go, Quickspin et Evolution Gaming, dont le travail est effectu\u00e9 conform\u00e9ment aux exigences de la Gambling Control Commission.\u00a0Le site utilise des technologies modernes qui assurent le cryptage et la protection des informations personnelles.\u00a0Pour cette raison, vous pouvez vous d\u00e9tendre sur le site et ne pas vous soucier de votre s\u00e9curit\u00e9 en jouant.[\/vc_column_text][\/vc_column][\/vc_row]<\/p>\n","protected":false},"excerpt":{"rendered":"<p>[vc_row equal_height=\u00a0\u00bbyes\u00a0\u00bb content_placement=\u00a0\u00bbmiddle\u00a0\u00bb el_id=\u00a0\u00bbcasino\u00a0\u00bb][vc_column width=\u00a0\u00bb1\/2&Prime;][vc_column_text] Critique du casino MR Green Tout le monde peut utiliser les services d&rsquo;un casino moderne, [&hellip;]<\/p>\n","protected":false},"author":1,"featured_media":0,"parent":0,"menu_order":0,"comment_status":"closed","ping_status":"closed","template":"page-templates\/template_fullwidth.php","meta":{"footnotes":""},"class_list":["post-262","page","type-page","status-publish","hentry"],"acf":[],"yoast_head":"<!-- This site is optimized with the Yoast SEO plugin v17.9 - https:\/\/yoast.com\/wordpress\/plugins\/seo\/ -->\n<title>Revue Mr Green Casino - \u00c9valuations, Jeux, Bonus<\/title>\n<meta name=\"description\" content=\"Passez en revue le populaire casino Mr Green, qui propose des centaines de jeux, des bonus attrayants et un autre type d&#039;exp\u00e9rience de casino en ligne\" \/>\n<meta name=\"robots\" content=\"index, follow, max-snippet:-1, max-image-preview:large, max-video-preview:-1\" \/>\n<link rel=\"canonical\" href=\"https:\/\/mrgreencasinos.com\/fr\/\" \/>\n<meta property=\"og:type\" content=\"article\" \/>\n<meta property=\"og:title\" content=\"Revue Mr Green Casino - \u00c9valuations, Jeux, Bonus\" \/>\n<meta property=\"og:description\" content=\"Passez en revue le populaire casino Mr Green, qui propose des centaines de jeux, des bonus attrayants et un autre type d&#039;exp\u00e9rience de casino en ligne\" \/>\n<meta property=\"og:url\" content=\"https:\/\/mrgreencasinos.com\/fr\/\" \/>\n<meta property=\"og:site_name\" content=\"Casino MR Green\" \/>\n<meta property=\"article:modified_time\" content=\"2022-09-29T15:54:33+00:00\" \/>\n<meta name=\"twitter:card\" content=\"summary_large_image\" \/>\n<meta name=\"twitter:label1\" content=\"Dur\u00e9e de lecture estim\u00e9e\" \/>\n\t<meta name=\"twitter:data1\" content=\"5 minutes\" \/>\n<script type=\"application\/ld+json\" class=\"yoast-schema-graph\">{\"@context\":\"https:\/\/schema.org\",\"@graph\":[{\"@type\":\"WebSite\",\"@id\":\"https:\/\/mrgreencasinos.com\/#website\",\"url\":\"https:\/\/mrgreencasinos.com\/\",\"name\":\"Casino MR Green\",\"description\":\"\",\"potentialAction\":[{\"@type\":\"SearchAction\",\"target\":{\"@type\":\"EntryPoint\",\"urlTemplate\":\"https:\/\/mrgreencasinos.com\/?s={search_term_string}\"},\"query-input\":\"required name=search_term_string\"}],\"inLanguage\":\"fr-FR\"},{\"@type\":\"WebPage\",\"@id\":\"https:\/\/mrgreencasinos.com\/fr\/#webpage\",\"url\":\"https:\/\/mrgreencasinos.com\/fr\/\",\"name\":\"Revue Mr Green Casino - \\u00c9valuations, Jeux, Bonus\",\"isPartOf\":{\"@id\":\"https:\/\/mrgreencasinos.com\/#website\"},\"datePublished\":\"2022-01-17T15:37:26+00:00\",\"dateModified\":\"2022-09-29T15:54:33+00:00\",\"description\":\"Passez en revue le populaire casino Mr Green, qui propose des centaines de jeux, des bonus attrayants et un autre type d'exp\\u00e9rience de casino en ligne\",\"breadcrumb\":{\"@id\":\"https:\/\/mrgreencasinos.com\/fr\/#breadcrumb\"},\"inLanguage\":\"fr-FR\",\"potentialAction\":[{\"@type\":\"ReadAction\",\"target\":[\"https:\/\/mrgreencasinos.com\/fr\/\"]}]},{\"@type\":\"BreadcrumbList\",\"@id\":\"https:\/\/mrgreencasinos.com\/fr\/#breadcrumb\",\"itemListElement\":[{\"@type\":\"ListItem\",\"position\":1,\"name\":\"Home\",\"item\":\"https:\/\/mrgreencasinos.com\/fr\/review-of-the-official-mr-green-website\/\"},{\"@type\":\"ListItem\",\"position\":2,\"name\":\"Review\"}]}]}<\/script>\n<!-- \/ Yoast SEO plugin. -->","yoast_head_json":{"title":"Revue Mr Green Casino - \u00c9valuations, Jeux, Bonus","description":"Passez en revue le populaire casino Mr Green, qui propose des centaines de jeux, des bonus attrayants et un autre type d'exp\u00e9rience de casino en ligne","robots":{"index":"index","follow":"follow","max-snippet":"max-snippet:-1","max-image-preview":"max-image-preview:large","max-video-preview":"max-video-preview:-1"},"canonical":"https:\/\/mrgreencasinos.com\/fr\/","og_type":"article","og_title":"Revue Mr Green Casino - \u00c9valuations, Jeux, Bonus","og_description":"Passez en revue le populaire casino Mr Green, qui propose des centaines de jeux, des bonus attrayants et un autre type d'exp\u00e9rience de casino en ligne","og_url":"https:\/\/mrgreencasinos.com\/fr\/","og_site_name":"Casino MR Green","article_modified_time":"2022-09-29T15:54:33+00:00","twitter_card":"summary_large_image","twitter_misc":{"Dur\u00e9e de lecture estim\u00e9e":"5 minutes"},"schema":{"@context":"https:\/\/schema.org","@graph":[{"@type":"WebSite","@id":"https:\/\/mrgreencasinos.com\/#website","url":"https:\/\/mrgreencasinos.com\/","name":"Casino MR Green","description":"","potentialAction":[{"@type":"SearchAction","target":{"@type":"EntryPoint","urlTemplate":"https:\/\/mrgreencasinos.com\/?s={search_term_string}"},"query-input":"required name=search_term_string"}],"inLanguage":"fr-FR"},{"@type":"WebPage","@id":"https:\/\/mrgreencasinos.com\/fr\/#webpage","url":"https:\/\/mrgreencasinos.com\/fr\/","name":"Revue Mr Green Casino - \u00c9valuations, Jeux, Bonus","isPartOf":{"@id":"https:\/\/mrgreencasinos.com\/#website"},"datePublished":"2022-01-17T15:37:26+00:00","dateModified":"2022-09-29T15:54:33+00:00","description":"Passez en revue le populaire casino Mr Green, qui propose des centaines de jeux, des bonus attrayants et un autre type d'exp\u00e9rience de casino en ligne","breadcrumb":{"@id":"https:\/\/mrgreencasinos.com\/fr\/#breadcrumb"},"inLanguage":"fr-FR","potentialAction":[{"@type":"ReadAction","target":["https:\/\/mrgreencasinos.com\/fr\/"]}]},{"@type":"BreadcrumbList","@id":"https:\/\/mrgreencasinos.com\/fr\/#breadcrumb","itemListElement":[{"@type":"ListItem","position":1,"name":"Home","item":"https:\/\/mrgreencasinos.com\/fr\/review-of-the-official-mr-green-website\/"},{"@type":"ListItem","position":2,"name":"Review"}]}]}},"_links":{"self":[{"href":"https:\/\/mrgreencasinos.com\/fr\/wp-json\/wp\/v2\/pages\/262","targetHints":{"allow":["GET"]}}],"collection":[{"href":"https:\/\/mrgreencasinos.com\/fr\/wp-json\/wp\/v2\/pages"}],"about":[{"href":"https:\/\/mrgreencasinos.com\/fr\/wp-json\/wp\/v2\/types\/page"}],"author":[{"embeddable":true,"href":"https:\/\/mrgreencasinos.com\/fr\/wp-json\/wp\/v2\/users\/1"}],"replies":[{"embeddable":true,"href":"https:\/\/mrgreencasinos.com\/fr\/wp-json\/wp\/v2\/comments?post=262"}],"version-history":[{"count":11,"href":"https:\/\/mrgreencasinos.com\/fr\/wp-json\/wp\/v2\/pages\/262\/revisions"}],"predecessor-version":[{"id":963,"href":"https:\/\/mrgreencasinos.com\/fr\/wp-json\/wp\/v2\/pages\/262\/revisions\/963"}],"wp:attachment":[{"href":"https:\/\/mrgreencasinos.com\/fr\/wp-json\/wp\/v2\/media?parent=262"}],"curies":[{"name":"wp","href":"https:\/\/api.w.org\/{rel}","templated":true}]}}