{"id":267,"date":"2022-01-21T07:18:03","date_gmt":"2022-01-21T07:18:03","guid":{"rendered":"https:\/\/mrgreencasinos.com\/app\/"},"modified":"2022-08-31T16:37:50","modified_gmt":"2022-08-31T16:37:50","slug":"app","status":"publish","type":"page","link":"https:\/\/mrgreencasinos.com\/fr\/app\/","title":{"rendered":"Application de casino"},"content":{"rendered":"<p>[vc_row content_placement=\u00a0\u00bbmiddle\u00a0\u00bb][vc_column width=\u00a0\u00bb1\/2&Prime;][vc_column_text]<\/p>\n<h1><b>Application de casino M. Green\u00a0<\/b><\/h1>\n<p>Les paris de casino peuvent agr\u00e9ablement surprendre m\u00eame les joueurs les plus exigeants, car ils se d\u00e9roulent dans les conditions les plus confortables et la gamme de divertissements ne cesse de s&rsquo;\u00e9largir.\u00a0Pour cette raison, le nombre de joueurs augmente d&rsquo;ann\u00e9e en ann\u00e9e.\u00a0Les plus performants sont donc les \u00e9tablissements qui tiennent compte des pr\u00e9f\u00e9rences de leur public.\u00a0Une personne moderne n&rsquo;a souvent tout simplement pas le temps de s&rsquo;asseoir devant un PC pendant plusieurs heures, m\u00eame lorsqu&rsquo;il s&rsquo;agit de faire ce qu&rsquo;il aime \u2013 parier dans un casino.\u00a0Pour cette raison, l&rsquo;\u00a0<b>application de casino MR Green a\u00a0<\/b>rapidement gagn\u00e9 en popularit\u00e9 parmi les visiteurs de l&rsquo;\u00e9tablissement de jeu.<\/p>\n<div class=\"t-go\"><a href=\"\/go-casino\/?brand=mrgreen\">BONUS DE R\u00c9CLAMATION<\/a><\/div>[\/vc_column_text][\/vc_column][vc_column width=\u00a0\u00bb1\/2&Prime;][vc_single_image image=\u00a0\u00bb94&Prime; img_size=\u00a0\u00bbfull\u00a0\u00bb alignment=\u00a0\u00bbcenter\u00a0\u00bb][\/vc_column][\/vc_row][vc_row][vc_column][vc_column_text]<\/p>\n<h2><b>Avantages et fonctionnalit\u00e9s de l&rsquo;application MR Green<\/b><\/h2>\n<p>Pour choisir un endroit appropri\u00e9 pour les paris, il est n\u00e9cessaire de comparer plusieurs options pour plusieurs param\u00e8tres, parmi lesquels il convient de souligner la fiabilit\u00e9, la s\u00e9curit\u00e9, les m\u00e9thodes modernes de d\u00e9p\u00f4t et de retrait d&rsquo;argent, ainsi que la fabricabilit\u00e9.\u00a0<span class=\"\">La solution la plus simple qui vous permet de placer des paris \u00e0 l&rsquo;aide de votre smartphone reste la version mobile.\u00a0<\/span>Il reprend exactement les fonctionnalit\u00e9s du site de paris officiel et n&rsquo;en diff\u00e8re que par le fait que la consommation de trafic sera bien moindre et que la vitesse de chargement de la page sur l&rsquo;appareil mobile augmentera.\u00a0<b>L&rsquo;application de casino en ligne Mr. Green\u00a0<\/b>diff\u00e8re de la version mobile du site comme suit :<\/p>\n<ul>\n<li aria-level=\"1\">l&rsquo;application a un niveau d&rsquo;interactivit\u00e9 plus \u00e9lev\u00e9\u00a0;<\/li>\n<li aria-level=\"1\">logiciel de pari facile \u00e0 utiliser\u00a0;<\/li>\n<li aria-level=\"1\">il diff\u00e8re par l&rsquo;utilisation de graphiques en trois dimensions;<\/li>\n<li aria-level=\"1\">en m\u00eame temps, l&rsquo;application est optimis\u00e9e pour fonctionner sur les smartphones, elle ne plantera donc pas ;<\/li>\n<li aria-level=\"1\">l&rsquo;application r\u00e9duit la consommation de donn\u00e9es lors du t\u00e9l\u00e9chargement.<\/li>\n<\/ul>\n<p>Les applications ont une interface utilisateur plus organis\u00e9e et adapt\u00e9e aux fonctionnalit\u00e9s d&rsquo;un smartphone.\u00a0Dans l&rsquo;application, vous pouvez effectuer des paiements, recevoir des\u00a0<a href=\"https:\/\/mrgreencasinos.com\/fr\/bonuses\/\">bonus<\/a>\u00a0, les parier ou utiliser n&rsquo;importe quelle section du site officiel pour les paris.[\/vc_column_text][\/vc_column][\/vc_row][vc_row content_placement=\u00a0\u00bbmiddle\u00a0\u00bb][vc_column width=\u00a0\u00bb1\/2&Prime;][vc_single_image image=\u00a0\u00bb95&Prime; img_size=\u00a0\u00bbfull\u00a0\u00bb alignment=\u00a0\u00bbcenter\u00a0\u00bb][\/vc_column][vc_column width=\u00a0\u00bb1\/2&Prime;][vc_column_text]<\/p>\n<h2><b><span class=\"\">T\u00e9l\u00e9chargez l&rsquo;application MR Green sur votre t\u00e9l\u00e9phone &#8211; instructions \u00e9tape par \u00e9tape<\/span><\/b><\/h2>\n<p>Il n&rsquo;est pas difficile pour\u00a0MR\u00a0<b>Green Casino de <a href=\"https:\/\/mrgreencasinos.com\/fr\/download\/\">t\u00e9l\u00e9charger\u00a0<\/a><\/b>sur votre appareil.\u00a0<span class=\"goog-text-highlight\">Des versions distinctes des programmes de paris sont d\u00e9velopp\u00e9es pour tous les syst\u00e8mes d&rsquo;exploitation de jeu populaires, qui sont <a href=\"https:\/\/mrgreencasinos.com\/fr\/android\/\">Android<\/a> et <a href=\"https:\/\/mrgreencasinos.com\/fr\/iphone\/\">iOS<\/a>.\u00a0<\/span>Les joueurs doivent simplement suivre les r\u00e8gles d&rsquo;installation du programme sur l&rsquo;appareil pour obtenir un logiciel de pari complet sur leur smartphone en quelques minutes.[\/vc_column_text][\/vc_column][\/vc_row][vc_row][vc_column][vc_column_text]<\/p>\n<h2><b>T\u00e9l\u00e9charger l&rsquo;application MR Green pour iOS<\/b><\/h2>\n<p>Le nombre d&rsquo;utilisateurs d&rsquo;iOS dans le monde est de plusieurs dizaines de millions, il n&rsquo;est donc pas surprenant que le casino se pr\u00e9occupe du d\u00e9veloppement d&rsquo;une version appropri\u00e9e de son site pour les besoins d&rsquo;un large public.\u00a0Contrairement aux utilisateurs d&rsquo;Android, les propri\u00e9taires d&rsquo;iOS auront besoin de beaucoup moins d&rsquo;efforts pour obtenir une application de paris sur leur appareil.\u00a0La politique de l&rsquo;Apple Store n&#8217;emp\u00eache pas les d\u00e9veloppeurs d&rsquo;ajouter leurs <a href=\"https:\/\/mrgreencasinos.com\/fr\/software\/\">logiciels<\/a> au catalogue.\u00a0Pour cette raison, les joueurs devront effectuer la s\u00e9quence d&rsquo;actions suivante\u00a0:<\/p>\n<ul>\n<li aria-level=\"1\">ouvrez iTunes sur votre appareil mobile\u00a0;<\/li>\n<li aria-level=\"1\">Rechercher le programme dans le catalogue \u00e0 la demande \u00ab\u00a0<a href=\"https:\/\/mrgreencasinos.com\/fr\/\">Mr. Green Casino<\/a>\u00a0\u00bb ;<\/li>\n<li aria-level=\"1\">Cliquez sur l&rsquo;application appropri\u00e9e, familiarisez-vous avec ses fonctionnalit\u00e9s et mettez-la en t\u00e9l\u00e9chargement ;<\/li>\n<li aria-level=\"1\">attendez que l&rsquo;installation automatique se termine\u00a0;<\/li>\n<li aria-level=\"1\">acc\u00e9dez \u00e0 votre compte ou inscrivez-vous.<\/li>\n<\/ul>\n<p><span class=\"goog-text-highlight\">Les joueurs n&rsquo;ont pas besoin de se r\u00e9inscrire s&rsquo;ils sont d\u00e9j\u00e0 utilisateurs des services du casino s\u00e9lectionn\u00e9.\u00a0<\/span>Apr\u00e8s avoir install\u00e9 l&rsquo;application et l&rsquo;autorisation, les utilisateurs ont acc\u00e8s \u00e0 la liste compl\u00e8te des services fournis par le d\u00e9veloppeur.<\/p>\n<div class=\"t-go\"><a href=\"\/go-casino\/?brand=mrgreen\">BONUS DE R\u00c9CLAMATION<\/a><\/div>[\/vc_column_text][\/vc_column][\/vc_row][vc_row content_placement=\u00a0\u00bbmiddle\u00a0\u00bb][vc_column width=\u00a0\u00bb1\/2&Prime;][vc_column_text]<\/p>\n<h2><b>T\u00e9l\u00e9chargez l&rsquo;application MR Green pour Android<\/b><\/h2>\n<p>L&rsquo;\u00a0<b>application Android MR Green\u00a0<\/b>a un large public d&rsquo;utilisateurs, vous pouvez donc facilement trouver des avis sur son travail et ses principaux avantages sur Internet.\u00a0La particularit\u00e9 de la boutique d&rsquo;applications Google Play est que vous ne pouvez pas y utiliser de logiciel de jeu.\u00a0<span class=\"goog-text-highlight\">Pour cette raison, aucun site de casino ne peut ajouter ses applications de pari au catalogue.\u00a0<\/span>Comment r\u00e9soudre le probl\u00e8me?\u00a0Les joueurs devront indiquer le fichier .apk directement \u00e0 partir du site officiel de M. Green.\u00a0Cela n\u00e9cessite:<\/p>\n<ul>\n<li aria-level=\"1\">allez sur la page officielle du casino et s\u00e9lectionnez la section avec le casino mobile ;<\/li>\n<li aria-level=\"1\">s\u00e9lectionner le syst\u00e8me d&rsquo;exploitation appropri\u00e9\u00a0;<\/li>\n<li aria-level=\"1\">suivez le lien et lancez le t\u00e9l\u00e9chargement\u00a0;<\/li>\n<li aria-level=\"1\">s\u00e9lectionnez le fichier .apk re\u00e7u sur l&rsquo;appareil et installez-le manuellement\u00a0;<\/li>\n<li aria-level=\"1\">attendez que l&rsquo;installation soit termin\u00e9e et commencez \u00e0 profiter des avantages des paris de casino.<\/li>\n<\/ul>\n<p>[\/vc_column_text][\/vc_column][vc_column width=\u00a0\u00bb1\/2&Prime;][vc_column_text]Pour ce faire, vous devez vous rendre dans Param\u00e8tres&gt; S\u00e9curit\u00e9&gt;.\u00a0Apr\u00e8s avoir termin\u00e9 la proc\u00e9dure d&rsquo;installation de l&rsquo;application, les param\u00e8tres doivent \u00eatre remis \u00e0 leur position d&rsquo;origine.\u00a0<b><span class=\"goog-text-highlight\">Le casino\u00a0<\/span><\/b><b><span class=\"goog-text-highlight\">mobile de M. Green\u00a0<\/span><\/b><span class=\"goog-text-highlight\">sera le meilleur moyen d&rsquo;augmenter vos revenus suppl\u00e9mentaires, ainsi que d&rsquo;apporter de nombreuses exp\u00e9riences de paris vives.<\/span>[\/vc_column_text][\/vc_column][\/vc_row][vc_row][vc_column][vc_message]<\/p>\n<h2><b>Questions et r\u00e9ponses<\/b><\/h2>\n<p>Comment puis-je contacter le service d&rsquo;assistance du casino ?<\/p>\n<p>Pour contacter les repr\u00e9sentants de l&rsquo;institution, vous pouvez utiliser le chat en ligne, le t\u00e9l\u00e9phone ou le courrier \u00e9lectronique.<\/p>\n<p>Comment se d\u00e9roulent les d\u00e9marches avec un acompte chez M. Green Mobile ?<\/p>\n<p><span class=\"goog-text-highlight\">Les joueurs peuvent utiliser l&rsquo;une des m\u00e9thodes propos\u00e9es pour r\u00e9approvisionner un compte et encaisser un d\u00e9p\u00f4t, y compris Visa, Visa Electron, Maestro, MasterCard, Trustly et autres.\u00a0<\/span>Chaque service a ses indicateurs de commission et ses limites de retraits et de r\u00e9approvisionnements.<\/p>\n<p>Un joueur peut-il fermer son compte Mr. Green ?<\/p>\n<p>Pour fermer un compte de casino, il vous suffit de contacter le service d&rsquo;assistance 24h\/24 et 7j\/7 du casino.[\/vc_message][\/vc_column][\/vc_row]<\/p>\n","protected":false},"excerpt":{"rendered":"<p>[vc_row content_placement=\u00a0\u00bbmiddle\u00a0\u00bb][vc_column width=\u00a0\u00bb1\/2&Prime;][vc_column_text] Application de casino M. Green\u00a0 Les paris de casino peuvent agr\u00e9ablement surprendre m\u00eame les joueurs les plus [&hellip;]<\/p>\n","protected":false},"author":1,"featured_media":0,"parent":0,"menu_order":0,"comment_status":"closed","ping_status":"closed","template":"page-templates\/template_fullwidth.php","meta":{"footnotes":""},"class_list":["post-267","page","type-page","status-publish","hentry"],"acf":[],"yoast_head":"<!-- This site is optimized with the Yoast SEO plugin v17.9 - https:\/\/yoast.com\/wordpress\/plugins\/seo\/ -->\n<title>Application de casino - Casino MR Green<\/title>\n<meta name=\"description\" content=\"Aper\u00e7u des avantages de l&#039;application de casino Mr. Green. Comment t\u00e9l\u00e9charger, comment utiliser l&#039;application.\" \/>\n<meta name=\"robots\" content=\"index, follow, max-snippet:-1, max-image-preview:large, max-video-preview:-1\" \/>\n<link rel=\"canonical\" href=\"https:\/\/mrgreencasinos.com\/fr\/app\/\" \/>\n<meta property=\"og:type\" content=\"article\" \/>\n<meta property=\"og:title\" content=\"Application de casino - Casino MR Green\" \/>\n<meta property=\"og:description\" content=\"Aper\u00e7u des avantages de l&#039;application de casino Mr. Green. Comment t\u00e9l\u00e9charger, comment utiliser l&#039;application.\" \/>\n<meta property=\"og:url\" content=\"https:\/\/mrgreencasinos.com\/fr\/app\/\" \/>\n<meta property=\"og:site_name\" content=\"Casino MR Green\" \/>\n<meta property=\"article:modified_time\" content=\"2022-08-31T16:37:50+00:00\" \/>\n<meta name=\"twitter:card\" content=\"summary_large_image\" \/>\n<meta name=\"twitter:label1\" content=\"Dur\u00e9e de lecture estim\u00e9e\" \/>\n\t<meta name=\"twitter:data1\" content=\"4 minutes\" \/>\n<script type=\"application\/ld+json\" class=\"yoast-schema-graph\">{\"@context\":\"https:\/\/schema.org\",\"@graph\":[{\"@type\":\"WebSite\",\"@id\":\"https:\/\/mrgreencasinos.com\/#website\",\"url\":\"https:\/\/mrgreencasinos.com\/\",\"name\":\"Casino MR Green\",\"description\":\"\",\"potentialAction\":[{\"@type\":\"SearchAction\",\"target\":{\"@type\":\"EntryPoint\",\"urlTemplate\":\"https:\/\/mrgreencasinos.com\/?s={search_term_string}\"},\"query-input\":\"required name=search_term_string\"}],\"inLanguage\":\"fr-FR\"},{\"@type\":\"WebPage\",\"@id\":\"https:\/\/mrgreencasinos.com\/fr\/app\/#webpage\",\"url\":\"https:\/\/mrgreencasinos.com\/fr\/app\/\",\"name\":\"Application de casino - Casino MR Green\",\"isPartOf\":{\"@id\":\"https:\/\/mrgreencasinos.com\/#website\"},\"datePublished\":\"2022-01-21T07:18:03+00:00\",\"dateModified\":\"2022-08-31T16:37:50+00:00\",\"description\":\"Aper\\u00e7u des avantages de l'application de casino Mr. Green. Comment t\\u00e9l\\u00e9charger, comment utiliser l'application.\",\"breadcrumb\":{\"@id\":\"https:\/\/mrgreencasinos.com\/fr\/app\/#breadcrumb\"},\"inLanguage\":\"fr-FR\",\"potentialAction\":[{\"@type\":\"ReadAction\",\"target\":[\"https:\/\/mrgreencasinos.com\/fr\/app\/\"]}]},{\"@type\":\"BreadcrumbList\",\"@id\":\"https:\/\/mrgreencasinos.com\/fr\/app\/#breadcrumb\",\"itemListElement\":[{\"@type\":\"ListItem\",\"position\":1,\"name\":\"Home\",\"item\":\"https:\/\/mrgreencasinos.com\/fr\/review-of-the-official-mr-green-website\/\"},{\"@type\":\"ListItem\",\"position\":2,\"name\":\"Application de casino\"}]}]}<\/script>\n<!-- \/ Yoast SEO plugin. -->","yoast_head_json":{"title":"Application de casino - Casino MR Green","description":"Aper\u00e7u des avantages de l'application de casino Mr. Green. Comment t\u00e9l\u00e9charger, comment utiliser l'application.","robots":{"index":"index","follow":"follow","max-snippet":"max-snippet:-1","max-image-preview":"max-image-preview:large","max-video-preview":"max-video-preview:-1"},"canonical":"https:\/\/mrgreencasinos.com\/fr\/app\/","og_type":"article","og_title":"Application de casino - Casino MR Green","og_description":"Aper\u00e7u des avantages de l'application de casino Mr. Green. Comment t\u00e9l\u00e9charger, comment utiliser l'application.","og_url":"https:\/\/mrgreencasinos.com\/fr\/app\/","og_site_name":"Casino MR Green","article_modified_time":"2022-08-31T16:37:50+00:00","twitter_card":"summary_large_image","twitter_misc":{"Dur\u00e9e de lecture estim\u00e9e":"4 minutes"},"schema":{"@context":"https:\/\/schema.org","@graph":[{"@type":"WebSite","@id":"https:\/\/mrgreencasinos.com\/#website","url":"https:\/\/mrgreencasinos.com\/","name":"Casino MR Green","description":"","potentialAction":[{"@type":"SearchAction","target":{"@type":"EntryPoint","urlTemplate":"https:\/\/mrgreencasinos.com\/?s={search_term_string}"},"query-input":"required name=search_term_string"}],"inLanguage":"fr-FR"},{"@type":"WebPage","@id":"https:\/\/mrgreencasinos.com\/fr\/app\/#webpage","url":"https:\/\/mrgreencasinos.com\/fr\/app\/","name":"Application de casino - Casino MR Green","isPartOf":{"@id":"https:\/\/mrgreencasinos.com\/#website"},"datePublished":"2022-01-21T07:18:03+00:00","dateModified":"2022-08-31T16:37:50+00:00","description":"Aper\u00e7u des avantages de l'application de casino Mr. Green. Comment t\u00e9l\u00e9charger, comment utiliser l'application.","breadcrumb":{"@id":"https:\/\/mrgreencasinos.com\/fr\/app\/#breadcrumb"},"inLanguage":"fr-FR","potentialAction":[{"@type":"ReadAction","target":["https:\/\/mrgreencasinos.com\/fr\/app\/"]}]},{"@type":"BreadcrumbList","@id":"https:\/\/mrgreencasinos.com\/fr\/app\/#breadcrumb","itemListElement":[{"@type":"ListItem","position":1,"name":"Home","item":"https:\/\/mrgreencasinos.com\/fr\/review-of-the-official-mr-green-website\/"},{"@type":"ListItem","position":2,"name":"Application de casino"}]}]}},"_links":{"self":[{"href":"https:\/\/mrgreencasinos.com\/fr\/wp-json\/wp\/v2\/pages\/267","targetHints":{"allow":["GET"]}}],"collection":[{"href":"https:\/\/mrgreencasinos.com\/fr\/wp-json\/wp\/v2\/pages"}],"about":[{"href":"https:\/\/mrgreencasinos.com\/fr\/wp-json\/wp\/v2\/types\/page"}],"author":[{"embeddable":true,"href":"https:\/\/mrgreencasinos.com\/fr\/wp-json\/wp\/v2\/users\/1"}],"replies":[{"embeddable":true,"href":"https:\/\/mrgreencasinos.com\/fr\/wp-json\/wp\/v2\/comments?post=267"}],"version-history":[{"count":7,"href":"https:\/\/mrgreencasinos.com\/fr\/wp-json\/wp\/v2\/pages\/267\/revisions"}],"predecessor-version":[{"id":929,"href":"https:\/\/mrgreencasinos.com\/fr\/wp-json\/wp\/v2\/pages\/267\/revisions\/929"}],"wp:attachment":[{"href":"https:\/\/mrgreencasinos.com\/fr\/wp-json\/wp\/v2\/media?parent=267"}],"curies":[{"name":"wp","href":"https:\/\/api.w.org\/{rel}","templated":true}]}}