{"id":272,"date":"2022-01-21T07:25:37","date_gmt":"2022-01-21T07:25:37","guid":{"rendered":"https:\/\/mrgreencasinos.com\/live\/"},"modified":"2022-08-05T12:48:06","modified_gmt":"2022-08-05T12:48:06","slug":"live","status":"publish","type":"page","link":"https:\/\/mrgreencasinos.com\/fr\/live\/","title":{"rendered":"Casino en direct"},"content":{"rendered":"<p>[vc_row][vc_column][vc_column_text]<\/p>\n<h1><b>M. Green casino en direct<\/b><\/h1>\n<p>Les paris de casino rassemblent des millions d&rsquo;utilisateurs \u00e0 travers le monde.\u00a0Pour recevoir des dividendes substantiels, les joueurs n&rsquo;ont qu&rsquo;\u00e0 faire plusieurs paris, chacun pouvant se terminer par une victoire.\u00a0Pour comprendre \u00e0 quel point le saut de d\u00e9veloppement des\u00a0<a href=\"https:\/\/mrgreencasinos.com\/fr\/pokies\/\">machines \u00e0 sous<\/a>\u00a0et des \u00e9tablissements de jeux en g\u00e9n\u00e9ral a \u00e9t\u00e9 important, il suffit de rappeler qu&rsquo;au d\u00e9but du si\u00e8cle dernier, les machines \u00e0 sous pesaient plus d&rsquo;une tonne et occupaient chacune plusieurs m\u00e8tres carr\u00e9s de surface.\u00a0<span class=\"goog-text-highlight\">Aujourd&rsquo;hui, un appareil portable peut contenir plusieurs milliers de machines, de tables de cartes et d&rsquo;autres sections de jeu sur lesquelles vous pouvez continuer \u00e0 parier en voyage, en transport ou pendant votre pause d\u00e9jeuner au bureau.<\/span><\/p>\n<p>Le d\u00e9veloppement des casinos a conduit \u00e0 l&rsquo;\u00e9mergence des plateformes en ligne, qui sont aujourd&rsquo;hui les plus appr\u00e9ci\u00e9es des utilisateurs.\u00a0Pour attirer l&rsquo;attention d&rsquo;un nouveau public, les \u00e9tablissements tentent d&rsquo;\u00e9largir au maximum l&rsquo;offre de divertissement, notamment les jeux avec croupiers en direct.\u00a0Cette section du casino est l&rsquo;une des plus jeunes, ce qui ne l&#8217;emp\u00eache pas de profiter de sa popularit\u00e9 grandissante.\u00a0Le\u00a0<b>bonus du casino en direct MR Green\u00a0<\/b>peut rendre les paris dans cette section encore plus amusants et rentables.[\/vc_column_text][\/vc_column][\/vc_row][vc_row content_placement=\u00a0\u00bbmiddle\u00a0\u00bb][vc_column width=\u00a0\u00bb1\/2&Prime;][vc_column_text]<\/p>\n<h2><b>La diff\u00e9rence entre les casinos en direct et les autres jeux<\/b><\/h2>\n<p>Vous pouvez parier seul dans un\u00a0<a href=\"https:\/\/mrgreencasinos.com\/fr\/\">casino en ligne<\/a>\u00a0en choisissant un mode unique sur les machines \u00e0 sous, ou en compagnie d&rsquo;un charmant croupier.\u00a0La derni\u00e8re option de pari est disponible dans la section correspondante, g\u00e9n\u00e9ralement appel\u00e9e en direct.\u00a0Les paris avec des croupiers en direct se d\u00e9roulent sur le territoire d&rsquo;un studio \u00e9quip\u00e9 avec une imitation d&rsquo;un vrai casino.\u00a0Pour cette raison, les joueurs peuvent profiter de l&rsquo;immersion totale dans le gameplay, obtenant les impressions les plus vives et les \u00e9motions les plus vives de ce qui se passe \u00e0 l&rsquo;\u00e9cran.\u00a0<span class=\"goog-text-highlight\">Les concessionnaires du studio travaillent par \u00e9quipes, ce qui vous permet de placer des paris \u00e0 tout moment.<\/span><\/p>\n<div class=\"t-go\"><a href=\"\/go-casino\/?brand=mrgreen\">BONUS DE R\u00c9CLAMATION<\/a><\/div>[\/vc_column_text][\/vc_column][vc_column width=\u00a0\u00bb1\/2&Prime;][vc_single_image image=\u00a0\u00bb106&Prime; img_size=\u00a0\u00bblarge\u00a0\u00bb alignment=\u00a0\u00bbcenter\u00a0\u00bb][\/vc_column][\/vc_row][vc_row][vc_column][vc_message]<span class=\"\">L&rsquo;efficacit\u00e9 technologique d&rsquo;un tel logiciel a conduit au fait que l&rsquo;image est mise \u00e0 jour en douceur et que les joueurs n&rsquo;ont pas de dissonance, m\u00eame si lui et le croupier peuvent \u00eatre s\u00e9par\u00e9s de plusieurs milliers de kilom\u00e8tres.\u00a0<\/span><span class=\"goog-text-highlight\">Les commandes sont positionn\u00e9es de mani\u00e8re optimale, donc rien ne vous emp\u00eache de faire des paris efficaces.\u00a0<\/span>Dans la salle de jeu avec croupiers en direct, vous pouvez placer des paris en compagnie d&rsquo;autres parieurs, ou en priv\u00e9, lorsque le jeu a lieu en t\u00eate-\u00e0-t\u00eate.<\/p>\n<p>Pour le r\u00f4le du croupier, des sp\u00e9cialistes ayant une exp\u00e9rience dans un vrai casino sont choisis.\u00a0Pour cette raison, le c\u00f4t\u00e9 organisationnel de la question reste \u00e9lev\u00e9.\u00a0La composante divertissement du processus est assur\u00e9e gr\u00e2ce aux int\u00e9rieurs lumineux du studio, ainsi qu&rsquo;aux croupiers agr\u00e9ables qui peuvent trouver un langage commun avec chaque visiteur du casino.\u00a0Le logiciel utilis\u00e9 dans cette section est constamment mis \u00e0 jour, il fonctionne donc parfaitement.[\/vc_message][\/vc_column][\/vc_row][vc_row content_placement=\u00a0\u00bbmiddle\u00a0\u00bb][vc_column width=\u00a0\u00bb1\/2&Prime;][vc_single_image image=\u00a0\u00bb111&Prime; img_size=\u00a0\u00bbfull\u00a0\u00bb alignment=\u00a0\u00bbcenter\u00a0\u00bb][\/vc_column][vc_column width=\u00a0\u00bb1\/2&Prime;][vc_column_text]<\/p>\n<h2><b><span class=\"\">Qu&rsquo;est-ce que le casino en direct MR Green ?<\/span><\/b><\/h2>\n<p>Le\u00a0<b>casino en direct MR Green\u00a0<\/b>offre \u00e0 ses visiteurs une vaste liste de divertissements, dont beaucoup sont \u00e9galement disponibles dans la section des paris avec des croupiers en direct.\u00a0Dans la section croupier en direct, vous pouvez jouer \u00e0 des jeux tels que la <a href=\"https:\/\/mrgreencasinos.com\/fr\/live-roulette\/\">roulette<\/a>, le blackjack, le poker et le <a href=\"https:\/\/mrgreencasinos.com\/fr\/live-baccarat\/\">baccarat<\/a>.\u00a0Chacun de ces jeux est tr\u00e8s demand\u00e9 par les visiteurs.\u00a0Ils diff\u00e8rent par des r\u00e8gles assez simples et compr\u00e9hensibles que m\u00eame un d\u00e9butant pourrait comprendre les caract\u00e9ristiques des paris.\u00a0Vous pouvez placer des paris dans des salles avec diff\u00e9rentes valeurs b\u00eata minimales.\u00a0Les amateurs de paris \u00e0 la roulette peuvent choisir :<\/p>\n<ul>\n<li aria-level=\"1\">Roulette \u00c9clair\u00a0;<\/li>\n<li aria-level=\"1\">roulette d&rsquo;argent\u00a0;<\/li>\n<li aria-level=\"1\">Blaze Roulette;<\/li>\n<li aria-level=\"1\">Roulette d\u00e9di\u00e9e en direct.<\/li>\n<\/ul>\n<p>[\/vc_column_text][\/vc_column][\/vc_row][vc_row][vc_column][vc_column_text]<\/p>\n<div class=\"vc_row wpb_row vc_row-fluid\">\n<div class=\"wpb_column vc_column_container vc_col-sm-12\">\n<div class=\"vc_column-inner\">\n<div class=\"wpb_wrapper\">\n<div class=\"wpb_text_column wpb_content_element \">\n<div class=\"wpb_wrapper\">\n<p>Si le blackjack semble pr\u00e9f\u00e9rable pour le parieur, il sera \u00e9galement agr\u00e9ablement surpris par la vari\u00e9t\u00e9 des variantes de son jeu pr\u00e9f\u00e9r\u00e9 que l&rsquo;on peut trouver dans le casino.\u00a0Vous pouvez placer des paris en direct et gagner de l&rsquo;argent en utilisant Club Royale Blackjack 1, Free Bet Blackjack, Speed \u200b\u200bBlackjack et Blackjack Party.<\/p><\/div>\n<\/div>\n<\/div>\n<\/div>\n<\/div>\n<\/div>\n<div class=\"vc_row wpb_row vc_row-fluid\">\n<div class=\"wpb_column vc_column_container vc_col-sm-12\">\n<div class=\"vc_column-inner\">\n<div class=\"wpb_wrapper\">\n<div class=\"wpb_text_column wpb_content_element \">\n<div class=\"wpb_wrapper\"><\/div>\n<\/div>\n<\/div>\n<\/div>\n<\/div>\n<\/div>\n<p>[\/vc_column_text][\/vc_column][\/vc_row][vc_row][vc_column][vc_column_text]<\/p>\n<h2><b><span class=\"\">Comment MR Green joue-t-il en live ?<\/span><\/b><\/h2>\n<p>Les visiteurs ayant une exp\u00e9rience des paris choisissent souvent le poker en mode paris avec un vrai croupier.\u00a0Ce jeu est vari\u00e9, et pour des paris r\u00e9ussis, il suffira d&rsquo;apprendre les combinaisons et leur signification.\u00a0Les types de poker les plus populaires sont le Texas Hold&#8217;em, le Stud Poker et le Top Texas Hold&#8217;em.\u00a0Chaque salle avec des croupiers en direct a une description d\u00e9taill\u00e9e, de sorte que les joueurs sont toujours confiants dans l&rsquo;exactitude de leur propre choix.<\/p>\n<p>Le baccara est un autre grand jeu o\u00f9 vous pouvez placer vos paris en compagnie de croupiers en direct amusants et attentifs.\u00a0Il est assez facile \u00e0 jouer et l&rsquo;avantage de la maison sera faible.\u00a0Parmi les vari\u00e9t\u00e9s qui valent la peine d&rsquo;\u00eatre essay\u00e9es, citons le Speed \u200b\u200b\u200b\u200bBaccarat A, le Free Baccarat et le Baccarat Control Squeeze.<\/p>\n<div class=\"t-go\"><a href=\"\/go-casino\/?brand=mrgreen\">BONUS DE R\u00c9CLAMATION<\/a><\/div>[\/vc_column_text][\/vc_column][\/vc_row][vc_row content_placement=\u00a0\u00bbmiddle\u00a0\u00bb css=\u00a0\u00bb.vc_custom_1642750664226{background-image: url(https:\/\/mrgreencasinos.com\/wp-content\/uploads\/2022\/01\/modern-abstract-casino-background-with-shiny-blue-playing-cards-signs-poker-symbols-on-black-background-casino-symbols-widescreen-wallpaper-vector.jpg?id=113) !important;}\u00a0\u00bb][vc_column][vc_column_text]<\/p>\n<h2><span style=\"color: #ffffff;\"><b><span class=\"\">Avantages du casino en direct MR Green<\/span><\/b><\/span><\/h2>\n<p><span style=\"color: #ffffff;\">La\u00a0<b>revue du casino en direct MR Green a\u00a0<\/b>montr\u00e9 que la section avec de vrais croupiers m\u00e9rite d&rsquo;\u00eatre convaincue de ses avantages de premi\u00e8re main.\u00a0<span class=\"\">Pour cette raison, les parieurs doivent suivre la proc\u00e9dure d&rsquo;inscription, apr\u00e8s quoi ils peuvent commencer \u00e0 faire des paris en direct.\u00a0<\/span>Contrairement aux machines \u00e0 sous uniques, il est impossible de placer des paris sur des cr\u00e9dits gratuits ici, de sorte que les m\u00e9canismes de jeu doivent \u00eatre test\u00e9s dans le mode standard du divertissement correspondant.\u00a0Les avantages les plus importants du live sont :<\/span><\/p>\n<ul>\n<li aria-level=\"1\"><span style=\"color: #ffffff;\">Excellente humeur;<\/span><\/li>\n<li aria-level=\"1\"><span style=\"color: #ffffff;\">Faible avantage du casino\u00a0;<\/span><\/li>\n<li aria-level=\"1\"><span style=\"color: #ffffff;\">Possibilit\u00e9 de toucher un gros jackpot.<\/span><\/li>\n<\/ul>\n<p><span style=\"color: #ffffff;\"><b>Mr. Green Live Casino Canada <\/b>est disponible quand vous le souhaitez.\u00a0Il suffira aux joueurs d&rsquo;\u00e9tudier les salles de paris actuelles en choisissant la cat\u00e9gorie de prix appropri\u00e9e en fonction du d\u00e9p\u00f4t disponible.<\/span>[\/vc_column_text][\/vc_column][\/vc_row][vc_row][vc_column][vc_text_separator title=\u00a0\u00bbComment jouer au casino en direct avec un vrai croupier\u00a0\u00bb title_align=\u00a0\u00bbseparator_align_left\u00a0\u00bb color=\u00a0\u00bbsky\u00a0\u00bb][\/vc_column][\/vc_row][vc_row][vc_column][vc_column_text]Pour les paris dans ce mode, aucune pr\u00e9paration particuli\u00e8re n&rsquo;est requise.\u00a0Les joueurs doivent simplement se connecter au site Web du casino, apr\u00e8s quoi ils doivent v\u00e9rifier le d\u00e9p\u00f4t.\u00a0Il doit y avoir un montant suffisant pour placer la mise minimale sur le compte s\u00e9lectionn\u00e9.\u00a0<span class=\"\">Ensuite, le joueur devra choisir une salle avec un croupier, dont le style de service client et l&rsquo;apparence correspondent aux souhaits du parieur.\u00a0<\/span>Sinon, la probabilit\u00e9 de r\u00e9ussite d\u00e9pendra de la chance du joueur et de la strat\u00e9gie de jeu choisie.[\/vc_column_text][\/vc_column][\/vc_row]<\/p>\n","protected":false},"excerpt":{"rendered":"<p>[vc_row][vc_column][vc_column_text] M. Green casino en direct Les paris de casino rassemblent des millions d&rsquo;utilisateurs \u00e0 travers le monde.\u00a0Pour recevoir des [&hellip;]<\/p>\n","protected":false},"author":1,"featured_media":0,"parent":0,"menu_order":0,"comment_status":"closed","ping_status":"closed","template":"page-templates\/template_fullwidth.php","meta":{"footnotes":""},"class_list":["post-272","page","type-page","status-publish","hentry"],"acf":[],"yoast_head":"<!-- This site is optimized with the Yoast SEO plugin v17.9 - https:\/\/yoast.com\/wordpress\/plugins\/seo\/ -->\n<title>Casino en direct - Casino MR Green<\/title>\n<meta name=\"description\" content=\"Revue de casino en direct M. green. Liste des avantages, gamme de machines \u00e0 sous sous licence 2023\" \/>\n<meta name=\"robots\" content=\"index, follow, max-snippet:-1, max-image-preview:large, max-video-preview:-1\" \/>\n<link rel=\"canonical\" href=\"https:\/\/mrgreencasinos.com\/fr\/live\/\" \/>\n<meta property=\"og:type\" content=\"article\" \/>\n<meta property=\"og:title\" content=\"Casino en direct - Casino MR Green\" \/>\n<meta property=\"og:description\" content=\"Revue de casino en direct M. green. Liste des avantages, gamme de machines \u00e0 sous sous licence 2023\" \/>\n<meta property=\"og:url\" content=\"https:\/\/mrgreencasinos.com\/fr\/live\/\" \/>\n<meta property=\"og:site_name\" content=\"Casino MR Green\" \/>\n<meta property=\"article:modified_time\" content=\"2022-08-05T12:48:06+00:00\" \/>\n<meta name=\"twitter:card\" content=\"summary_large_image\" \/>\n<meta name=\"twitter:label1\" content=\"Dur\u00e9e de lecture estim\u00e9e\" \/>\n\t<meta name=\"twitter:data1\" content=\"5 minutes\" \/>\n<script type=\"application\/ld+json\" class=\"yoast-schema-graph\">{\"@context\":\"https:\/\/schema.org\",\"@graph\":[{\"@type\":\"WebSite\",\"@id\":\"https:\/\/mrgreencasinos.com\/#website\",\"url\":\"https:\/\/mrgreencasinos.com\/\",\"name\":\"Casino MR Green\",\"description\":\"\",\"potentialAction\":[{\"@type\":\"SearchAction\",\"target\":{\"@type\":\"EntryPoint\",\"urlTemplate\":\"https:\/\/mrgreencasinos.com\/?s={search_term_string}\"},\"query-input\":\"required name=search_term_string\"}],\"inLanguage\":\"fr-FR\"},{\"@type\":\"WebPage\",\"@id\":\"https:\/\/mrgreencasinos.com\/fr\/live\/#webpage\",\"url\":\"https:\/\/mrgreencasinos.com\/fr\/live\/\",\"name\":\"Casino en direct - Casino MR Green\",\"isPartOf\":{\"@id\":\"https:\/\/mrgreencasinos.com\/#website\"},\"datePublished\":\"2022-01-21T07:25:37+00:00\",\"dateModified\":\"2022-08-05T12:48:06+00:00\",\"description\":\"Revue de casino en direct M. green. Liste des avantages, gamme de machines \\u00e0 sous sous licence 2023\",\"breadcrumb\":{\"@id\":\"https:\/\/mrgreencasinos.com\/fr\/live\/#breadcrumb\"},\"inLanguage\":\"fr-FR\",\"potentialAction\":[{\"@type\":\"ReadAction\",\"target\":[\"https:\/\/mrgreencasinos.com\/fr\/live\/\"]}]},{\"@type\":\"BreadcrumbList\",\"@id\":\"https:\/\/mrgreencasinos.com\/fr\/live\/#breadcrumb\",\"itemListElement\":[{\"@type\":\"ListItem\",\"position\":1,\"name\":\"Home\",\"item\":\"https:\/\/mrgreencasinos.com\/fr\/review-of-the-official-mr-green-website\/\"},{\"@type\":\"ListItem\",\"position\":2,\"name\":\"Casino en direct\"}]}]}<\/script>\n<!-- \/ Yoast SEO plugin. -->","yoast_head_json":{"title":"Casino en direct - Casino MR Green","description":"Revue de casino en direct M. green. Liste des avantages, gamme de machines \u00e0 sous sous licence 2023","robots":{"index":"index","follow":"follow","max-snippet":"max-snippet:-1","max-image-preview":"max-image-preview:large","max-video-preview":"max-video-preview:-1"},"canonical":"https:\/\/mrgreencasinos.com\/fr\/live\/","og_type":"article","og_title":"Casino en direct - Casino MR Green","og_description":"Revue de casino en direct M. green. Liste des avantages, gamme de machines \u00e0 sous sous licence 2023","og_url":"https:\/\/mrgreencasinos.com\/fr\/live\/","og_site_name":"Casino MR Green","article_modified_time":"2022-08-05T12:48:06+00:00","twitter_card":"summary_large_image","twitter_misc":{"Dur\u00e9e de lecture estim\u00e9e":"5 minutes"},"schema":{"@context":"https:\/\/schema.org","@graph":[{"@type":"WebSite","@id":"https:\/\/mrgreencasinos.com\/#website","url":"https:\/\/mrgreencasinos.com\/","name":"Casino MR Green","description":"","potentialAction":[{"@type":"SearchAction","target":{"@type":"EntryPoint","urlTemplate":"https:\/\/mrgreencasinos.com\/?s={search_term_string}"},"query-input":"required name=search_term_string"}],"inLanguage":"fr-FR"},{"@type":"WebPage","@id":"https:\/\/mrgreencasinos.com\/fr\/live\/#webpage","url":"https:\/\/mrgreencasinos.com\/fr\/live\/","name":"Casino en direct - Casino MR Green","isPartOf":{"@id":"https:\/\/mrgreencasinos.com\/#website"},"datePublished":"2022-01-21T07:25:37+00:00","dateModified":"2022-08-05T12:48:06+00:00","description":"Revue de casino en direct M. green. Liste des avantages, gamme de machines \u00e0 sous sous licence 2023","breadcrumb":{"@id":"https:\/\/mrgreencasinos.com\/fr\/live\/#breadcrumb"},"inLanguage":"fr-FR","potentialAction":[{"@type":"ReadAction","target":["https:\/\/mrgreencasinos.com\/fr\/live\/"]}]},{"@type":"BreadcrumbList","@id":"https:\/\/mrgreencasinos.com\/fr\/live\/#breadcrumb","itemListElement":[{"@type":"ListItem","position":1,"name":"Home","item":"https:\/\/mrgreencasinos.com\/fr\/review-of-the-official-mr-green-website\/"},{"@type":"ListItem","position":2,"name":"Casino en direct"}]}]}},"_links":{"self":[{"href":"https:\/\/mrgreencasinos.com\/fr\/wp-json\/wp\/v2\/pages\/272","targetHints":{"allow":["GET"]}}],"collection":[{"href":"https:\/\/mrgreencasinos.com\/fr\/wp-json\/wp\/v2\/pages"}],"about":[{"href":"https:\/\/mrgreencasinos.com\/fr\/wp-json\/wp\/v2\/types\/page"}],"author":[{"embeddable":true,"href":"https:\/\/mrgreencasinos.com\/fr\/wp-json\/wp\/v2\/users\/1"}],"replies":[{"embeddable":true,"href":"https:\/\/mrgreencasinos.com\/fr\/wp-json\/wp\/v2\/comments?post=272"}],"version-history":[{"count":5,"href":"https:\/\/mrgreencasinos.com\/fr\/wp-json\/wp\/v2\/pages\/272\/revisions"}],"predecessor-version":[{"id":762,"href":"https:\/\/mrgreencasinos.com\/fr\/wp-json\/wp\/v2\/pages\/272\/revisions\/762"}],"wp:attachment":[{"href":"https:\/\/mrgreencasinos.com\/fr\/wp-json\/wp\/v2\/media?parent=272"}],"curies":[{"name":"wp","href":"https:\/\/api.w.org\/{rel}","templated":true}]}}