{"id":277,"date":"2022-01-20T17:23:40","date_gmt":"2022-01-20T17:23:40","guid":{"rendered":"https:\/\/mrgreencasinos.com\/bonuses\/"},"modified":"2022-08-31T16:40:39","modified_gmt":"2022-08-31T16:40:39","slug":"bonuses","status":"publish","type":"page","link":"https:\/\/mrgreencasinos.com\/fr\/bonuses\/","title":{"rendered":"Primes MR Green"},"content":{"rendered":"<p>[vc_row][vc_column width=\u00a0\u00bb1\/2&Prime;][vc_column_text]<\/p>\n<h1>Primes MR Green<\/h1>\n<p>Chaque joueur adulte peut faire plusieurs paris efficaces dans le casino.\u00a0La forte demande de divertissement de jeu a conduit au fait qu&rsquo;aujourd&rsquo;hui plusieurs dizaines d&rsquo;\u00e9tablissements fonctionnent sur Internet, chacun pouvant offrir une large s\u00e9lection de jeux et un bon service.\u00a0Dans le m\u00eame temps, les joueurs souhaitent tirer le meilleur parti <a href=\"https:\/\/mrgreencasinos.com\/fr\/registration\/\">de l&rsquo;inscription<\/a> sur un site particulier, pour lequel ils doivent \u00e9tudier les bonus propos\u00e9s.\u00a0<span class=\"\">Le\u00a0<\/span><b><span class=\"\">bonus de bienvenue du casino MR Green\u00a0<\/span><\/b><span class=\"\">est la r\u00e9compense la plus pr\u00e9cieuse pour l&rsquo;ouverture d&rsquo;un d\u00e9p\u00f4t qu&rsquo;un joueur peut recevoir sur le site.\u00a0<\/span><span class=\"goog-text-highlight\">Pour son public constant d&rsquo;utilisateurs, le terrain de jeu a \u00e9galement pr\u00e9par\u00e9 de nombreuses pr\u00e9sentations agr\u00e9ables, qui seront discut\u00e9es ci-dessous.<\/span><\/p>\n<div class=\"t-go\"><a href=\"\/go-casino\/?brand=mrgreen\">BONUS DE R\u00c9CLAMATION<\/a><\/div>[\/vc_column_text][\/vc_column][vc_column width=\u00a0\u00bb1\/2&Prime;][vc_single_image image=\u00a0\u00bb49&Prime; img_size=\u00a0\u00bbfull\u00a0\u00bb alignment=\u00a0\u00bbcenter\u00a0\u00bb][\/vc_column][\/vc_row][vc_row][vc_column][vc_column_text]<\/p>\n<h2><b><span class=\"\">Caract\u00e9ristiques du syst\u00e8me de bonus MR Green<\/span><\/b><\/h2>\n<p>La pr\u00e9sence de bonus joue un r\u00f4le important pour assurer des paris efficaces.\u00a0Avec leur aide, vous pouvez placer des paris plus longtemps, en collectant r\u00e9guli\u00e8rement des gains au blackjack, \u00e0 la roulette, au baccarat et au poker, ou dans d&rsquo;autres divertissements.\u00a0Pour parier sur le site, il existe des machines et des jeux de hasard tels que:<\/p>\n<ul>\n<li aria-level=\"1\">Cl\u00e9op\u00e2tre Mega Jackpots\u00a0;<\/li>\n<li aria-level=\"1\">Monopole;<\/li>\n<li aria-level=\"1\">Pilleur de tombe;<\/li>\n<li aria-level=\"1\">Pixies de la for\u00eat;<\/li>\n<li aria-level=\"1\">Rooks Revenge;<\/li>\n<li aria-level=\"1\">Battlestar Galactica.<\/li>\n<\/ul>\n<p><span class=\"goog-text-highlight\">De nombreuses machines \u00e0 sous ont un jackpot progressif, ce qui vous permettra de gagner encore plus souvent.\u00a0<\/span>La connaissance du divertissement dans le catalogue joue un r\u00f4le important car avec leur aide, vous devrez miser les bonus fournis, ce que vous devez faire en utilisant l&rsquo;offre du\u00a0<a href=\"https:\/\/mrgreencasinos.com\/fr\/\">casino Mr. Green<\/a>\u00a0.[\/vc_column_text][\/vc_column][\/vc_row][vc_row][vc_column width=\u00a0\u00bb1\/2&Prime;][vc_single_image image=\u00a0\u00bb34&Prime; img_size=\u00a0\u00bbfull\u00a0\u00bb alignment=\u00a0\u00bbcenter\u00a0\u00bb][\/vc_column][vc_column width=\u00a0\u00bb1\/2&Prime;][vc_column_text]<span class=\"\">Si nous parlons du cadeau le plus agr\u00e9able, nous parlons alors d&rsquo;un bonus de bienvenue.\u00a0<\/span>Il s&rsquo;agit de 100 % du montant de la recharge.\u00a0Cela signifie qu&rsquo;en d\u00e9posant 50 $, le joueur recevra 50 $ suppl\u00e9mentaires, donc les paris peuvent \u00eatre faits 2 fois plus longtemps, obtenant les impressions les plus vives du processus.\u00a0Toutes les machines \u00e0 sous sont certifi\u00e9es, de sorte que les gains sont pay\u00e9s automatiquement apr\u00e8s avoir \u00e9t\u00e9 corrig\u00e9s.\u00a0Pour effacer cette promotion, vous devrez miser 25 fois le montant du bonus.\u00a0La taille de mise x25 est suffisamment acceptable pour rendre les paris efficaces.\u00a0L&rsquo;offre de bienvenue vous permet \u00e9galement d&rsquo;obtenir 200 tours gratuits suppl\u00e9mentaires sur les machines \u00e0 sous.[\/vc_column_text][\/vc_column][\/vc_row][vc_row][vc_column][vc_message]<span class=\"\">Comment obtenir le bonus de bienvenue ?\u00a0<\/span>Pour ce faire, vous devrez passer par la proc\u00e9dure d&rsquo;inscription, qui est une condition obligatoire.\u00a0L&rsquo;\u00e9tape suivante consiste \u00e0 approvisionner votre compte, ce qui entra\u00eenera une participation automatique \u00e0 la promotion.\u00a0<span class=\"goog-text-highlight\">Si le joueur ne veut pas remplir les conditions pour recevoir un bonus solide, il lui suffit d&rsquo;attendre l&rsquo;expiration de la p\u00e9riode de mise, apr\u00e8s quoi les bonus non utilis\u00e9s seront annul\u00e9s.<\/span>[\/vc_message][\/vc_column][\/vc_row][vc_row css=\u00a0\u00bb.vc_custom_1642700115228{background-image: url(https:\/\/mrgreencasinos.com\/wp-content\/uploads\/2022\/01\/modern-abstract-casino-background-with-playing-card-signs-poker-symbols-on-black-background-casino-symbols-widescreen-wallpaper-vector.jpg?id=44) !important;}\u00a0\u00bb][vc_column][vc_column_text]<\/p>\n<h2><span style=\"color: #ffffff;\"><b><span class=\"\">Comment puis-je retirer des fonds bonus de mon compte\u00a0?<\/span><\/b><\/span><\/h2>\n<p><span style=\"color: #ffffff;\">Le\u00a0<b>bonus du casino MR Green<\/b>est un avantage pr\u00e9cieux pour tout visiteur de la plateforme de divertissement, il n&rsquo;y a donc aucune raison de refuser de les recevoir.\u00a0Une condition pr\u00e9alable \u00e0 la r\u00e9ception et \u00e0 l&rsquo;utilisation ult\u00e9rieure des bonus est leur mise.\u00a0Les conditions de mise, y compris la taille de la mise et la date limite pour remplir ses conditions, sont indiqu\u00e9es dans la section avec l&rsquo;incitatif s\u00e9lectionn\u00e9.\u00a0Les modes de paiement propos\u00e9s aux joueurs sont assez divers.\u00a0Parmi eux figurent des options telles que les cartes de cr\u00e9dit et de d\u00e9bit VISA et MasterCard.\u00a0En outre, les options de retrait sont les portefeuilles \u00e9lectroniques, les bons Paysafe et les virements bancaires.\u00a0Dans la plupart des cas, les demandes de retrait seront examin\u00e9es dans les 24 heures suivant leur formation.\u00a0Uniquement dans le cas des virements bancaires, le casino se r\u00e9serve le droit d&rsquo;augmenter le d\u00e9lai de traitement de la transaction de 1 \u00e0 3 jours.\u00a0Cela est d\u00fb aux particularit\u00e9s des syst\u00e8mes bancaires.<\/span><\/p>\n<p><span style=\"color: #ffffff;\">Lors du choix d&rsquo;une m\u00e9thode de d\u00e9p\u00f4t, les joueurs doivent tenir compte du fait que certains syst\u00e8mes de paiement per\u00e7oivent une commission suppl\u00e9mentaire pour l&rsquo;ex\u00e9cution des transactions.\u00a0Pour cette raison, de nombreuses personnes choisissent les portefeuilles \u00e9lectroniques Neteller et Skrill, qui conviennent \u00e0 la fois aux d\u00e9p\u00f4ts et aux retraits\u00a0<b>.<\/b><\/span>[\/vc_column_text][\/vc_column][\/vc_row][vc_row][vc_column][vc_text_separator title=\u00a0\u00bbComment utiliser le code promo MR Green ?\u00a0\u00bb i_icon_fontawesome=\u00a0\u00bbfas fa-arrow-circle-down\u00a0\u00bb title_align=\u00a0\u00bbseparator_align_left\u00a0\u00bb align=\u00a0\u00bbalign_left\u00a0\u00bb color=\u00a0\u00bbsky\u00a0\u00bb add_icon=\u00a0\u00bbtrue\u00a0\u00bb][\/vc_column][\/vc_row][vc_row][vc_column][vc_column_text]<b><span class=\"\">Le <a href=\"https:\/\/mrgreencasinos.com\/fr\/promo-codes\/\">code<\/a> bonus de M. Green\u00a0<\/span><\/b><span class=\"\">est l&rsquo;un des types de bonus les plus demand\u00e9s dans tous les casinos modernes.\u00a0<\/span>Vous pouvez rechercher des codes vous permettant de recevoir des bonus suppl\u00e9mentaires sur les sites partenaires, ainsi que dans la section bonus du site Web du bureau.\u00a0<b>Le code bonus sans d\u00e9p\u00f4t de M. Green\u00a0<\/b>vous permet d&rsquo;obtenir des cadeaux encore plus agr\u00e9ables du bureau, qui seront cr\u00e9dit\u00e9s sans conditions suppl\u00e9mentaires, notamment le r\u00e9approvisionnement du compte.<\/p>\n<h2><b><span class=\"\">Quels sont les principaux bonus de MR Green ?<\/span><\/b><\/h2>\n<p>Pour toucher un gros jackpot, les visiteurs du casino n&rsquo;ont pas \u00e0 d\u00e9penser uniquement leurs fonds.\u00a0L&rsquo;institution propose \u00e9galement de placer des paris sur de l&rsquo;argent bonus, recevant en retour de vrais dividendes, qui peuvent \u00eatre facilement retir\u00e9s du d\u00e9p\u00f4t.\u00a0Le cadeau le plus important que chaque nouveau joueur devrait emporter est le bonus de bienvenue.\u00a0C&rsquo;est 100% du d\u00e9p\u00f4t jusqu&rsquo;\u00e0 100 $.<\/p>\n<p><b>Mr. Green Casino Free Spins\u00a0<\/b>peut \u00e9galement \u00eatre facilement obtenu pour am\u00e9liorer votre situation financi\u00e8re avec leur aide.\u00a0<span class=\"goog-text-highlight\">Dans le cadre des tours gratuits, les joueurs continuent de gagner de l&rsquo;argent, mais ne risquent rien.\u00a0<\/span>S&rsquo;il a de la chance, les gains seront rapidement cr\u00e9dit\u00e9s sur le compte, et dans le cas d&rsquo;un tour inefficace, le parieur perdra tout simplement l&rsquo;un des tours gratuits.\u00a0Dans\u00a0<b>MR Green, des promotions\u00a0<\/b>sont organis\u00e9es r\u00e9guli\u00e8rement, les joueurs doivent donc visiter p\u00e9riodiquement la section appropri\u00e9e sur le site de divertissement pour rendre les paris encore plus excitants, durables et efficaces.<\/p>\n<div class=\"t-go\"><a href=\"\/go-casino\/?brand=mrgreen\">BONUS DE R\u00c9CLAMATION<\/a><\/div>[\/vc_column_text][\/vc_column][\/vc_row][vc_row][vc_column width=\u00a0\u00bb1\/2&Prime;][vc_single_image image=\u00a0\u00bb71&Prime; img_size=\u00a0\u00bbfull\u00a0\u00bb alignment=\u00a0\u00bbcenter\u00a0\u00bb][\/vc_column][vc_column width=\u00a0\u00bb1\/2&Prime;][vc_column_text]<\/p>\n<h2><b><span class=\"\">Questions et r\u00e9ponses<\/span><\/b><\/h2>\n<p>Quels paiements Mr. Green Casino accepte-t-il ?<\/p>\n<p>Le casino accepte les transactions utilisant les syst\u00e8mes de paiement Visa, Visa Electron, Maestro, MasterCard, Trustly, Neteller, Skrill, ClickandBuy, Paysafe et les virements bancaires.<\/p>\n<p>Quel est le d\u00e9p\u00f4t minimum au Mr. Green Casino ?<\/p>\n<p>Le d\u00e9p\u00f4t minimum requis pour jouer \u00e0 Mr. Green est de 10 $.<\/p>\n<p>\u00c0 quoi ressemble la promotion de bienvenue du casino Mr. Green ?<\/p>\n<p><span class=\"\">Premier d\u00e9p\u00f4t pour les jeux de hasard r\u00e9guliers\u00a0: 100\u00a0% du montant d\u00e9pos\u00e9 jusqu&rsquo;\u00e0 100\u00a0$. Premier d\u00e9p\u00f4t dans un\u00a0<\/span><a href=\"https:\/\/mrgreencasinos.com\/fr\/live\/\"><span class=\"\">casino en direct<\/span><\/a><span class=\"\">\u00a0: 100\u00a0% du montant d\u00e9pos\u00e9 jusqu&rsquo;\u00e0 100\u00a0$.<\/span><\/p>\n<p>Le casino de M. Green est-il l\u00e9gal en Canada ?<\/p>\n<p>Oui, M. Green est l\u00e9gal en Canada.[\/vc_column_text][\/vc_column][\/vc_row]<\/p>\n","protected":false},"excerpt":{"rendered":"<p>[vc_row][vc_column width=\u00a0\u00bb1\/2&Prime;][vc_column_text] Primes MR Green Chaque joueur adulte peut faire plusieurs paris efficaces dans le casino.\u00a0La forte demande de divertissement [&hellip;]<\/p>\n","protected":false},"author":1,"featured_media":0,"parent":0,"menu_order":0,"comment_status":"closed","ping_status":"closed","template":"page-templates\/template_fullwidth.php","meta":{"footnotes":""},"class_list":["post-277","page","type-page","status-publish","hentry"],"acf":[],"yoast_head":"<!-- This site is optimized with the Yoast SEO plugin v17.9 - https:\/\/yoast.com\/wordpress\/plugins\/seo\/ -->\n<title>Tous les bonus et codes promotionnels sur MR Green Casino 2023<\/title>\n<meta name=\"description\" content=\"Bonus r\u00e9els de MR Green casino-uniquement des codes promotionnels fonctionnels! Bonus sans d\u00e9p\u00f4t \u2714 Codes de remise en argent \u2714 Programme de fid\u00e9lit\u00e9 VIP \u2714 Tours gratuits \u2714 Faible mise!\" \/>\n<meta name=\"robots\" content=\"index, follow, max-snippet:-1, max-image-preview:large, max-video-preview:-1\" \/>\n<link rel=\"canonical\" href=\"https:\/\/mrgreencasinos.com\/fr\/bonuses\/\" \/>\n<meta property=\"og:type\" content=\"article\" \/>\n<meta property=\"og:title\" content=\"Tous les bonus et codes promotionnels sur MR Green Casino 2023\" \/>\n<meta property=\"og:description\" content=\"Bonus r\u00e9els de MR Green casino-uniquement des codes promotionnels fonctionnels! Bonus sans d\u00e9p\u00f4t \u2714 Codes de remise en argent \u2714 Programme de fid\u00e9lit\u00e9 VIP \u2714 Tours gratuits \u2714 Faible mise!\" \/>\n<meta property=\"og:url\" content=\"https:\/\/mrgreencasinos.com\/fr\/bonuses\/\" \/>\n<meta property=\"og:site_name\" content=\"Casino MR Green\" \/>\n<meta property=\"article:modified_time\" content=\"2022-08-31T16:40:39+00:00\" \/>\n<meta name=\"twitter:card\" content=\"summary_large_image\" \/>\n<meta name=\"twitter:label1\" content=\"Dur\u00e9e de lecture estim\u00e9e\" \/>\n\t<meta name=\"twitter:data1\" content=\"5 minutes\" \/>\n<script type=\"application\/ld+json\" class=\"yoast-schema-graph\">{\"@context\":\"https:\/\/schema.org\",\"@graph\":[{\"@type\":\"WebSite\",\"@id\":\"https:\/\/mrgreencasinos.com\/#website\",\"url\":\"https:\/\/mrgreencasinos.com\/\",\"name\":\"Casino MR Green\",\"description\":\"\",\"potentialAction\":[{\"@type\":\"SearchAction\",\"target\":{\"@type\":\"EntryPoint\",\"urlTemplate\":\"https:\/\/mrgreencasinos.com\/?s={search_term_string}\"},\"query-input\":\"required name=search_term_string\"}],\"inLanguage\":\"fr-FR\"},{\"@type\":\"WebPage\",\"@id\":\"https:\/\/mrgreencasinos.com\/fr\/bonuses\/#webpage\",\"url\":\"https:\/\/mrgreencasinos.com\/fr\/bonuses\/\",\"name\":\"Tous les bonus et codes promotionnels sur MR Green Casino 2023\",\"isPartOf\":{\"@id\":\"https:\/\/mrgreencasinos.com\/#website\"},\"datePublished\":\"2022-01-20T17:23:40+00:00\",\"dateModified\":\"2022-08-31T16:40:39+00:00\",\"description\":\"Bonus r\\u00e9els de MR Green casino-uniquement des codes promotionnels fonctionnels! Bonus sans d\\u00e9p\\u00f4t \\u2714 Codes de remise en argent \\u2714 Programme de fid\\u00e9lit\\u00e9 VIP \\u2714 Tours gratuits \\u2714 Faible mise!\",\"breadcrumb\":{\"@id\":\"https:\/\/mrgreencasinos.com\/fr\/bonuses\/#breadcrumb\"},\"inLanguage\":\"fr-FR\",\"potentialAction\":[{\"@type\":\"ReadAction\",\"target\":[\"https:\/\/mrgreencasinos.com\/fr\/bonuses\/\"]}]},{\"@type\":\"BreadcrumbList\",\"@id\":\"https:\/\/mrgreencasinos.com\/fr\/bonuses\/#breadcrumb\",\"itemListElement\":[{\"@type\":\"ListItem\",\"position\":1,\"name\":\"Home\",\"item\":\"https:\/\/mrgreencasinos.com\/fr\/review-of-the-official-mr-green-website\/\"},{\"@type\":\"ListItem\",\"position\":2,\"name\":\"Primes MR Green\"}]}]}<\/script>\n<!-- \/ Yoast SEO plugin. -->","yoast_head_json":{"title":"Tous les bonus et codes promotionnels sur MR Green Casino 2023","description":"Bonus r\u00e9els de MR Green casino-uniquement des codes promotionnels fonctionnels! Bonus sans d\u00e9p\u00f4t \u2714 Codes de remise en argent \u2714 Programme de fid\u00e9lit\u00e9 VIP \u2714 Tours gratuits \u2714 Faible mise!","robots":{"index":"index","follow":"follow","max-snippet":"max-snippet:-1","max-image-preview":"max-image-preview:large","max-video-preview":"max-video-preview:-1"},"canonical":"https:\/\/mrgreencasinos.com\/fr\/bonuses\/","og_type":"article","og_title":"Tous les bonus et codes promotionnels sur MR Green Casino 2023","og_description":"Bonus r\u00e9els de MR Green casino-uniquement des codes promotionnels fonctionnels! Bonus sans d\u00e9p\u00f4t \u2714 Codes de remise en argent \u2714 Programme de fid\u00e9lit\u00e9 VIP \u2714 Tours gratuits \u2714 Faible mise!","og_url":"https:\/\/mrgreencasinos.com\/fr\/bonuses\/","og_site_name":"Casino MR Green","article_modified_time":"2022-08-31T16:40:39+00:00","twitter_card":"summary_large_image","twitter_misc":{"Dur\u00e9e de lecture estim\u00e9e":"5 minutes"},"schema":{"@context":"https:\/\/schema.org","@graph":[{"@type":"WebSite","@id":"https:\/\/mrgreencasinos.com\/#website","url":"https:\/\/mrgreencasinos.com\/","name":"Casino MR Green","description":"","potentialAction":[{"@type":"SearchAction","target":{"@type":"EntryPoint","urlTemplate":"https:\/\/mrgreencasinos.com\/?s={search_term_string}"},"query-input":"required name=search_term_string"}],"inLanguage":"fr-FR"},{"@type":"WebPage","@id":"https:\/\/mrgreencasinos.com\/fr\/bonuses\/#webpage","url":"https:\/\/mrgreencasinos.com\/fr\/bonuses\/","name":"Tous les bonus et codes promotionnels sur MR Green Casino 2023","isPartOf":{"@id":"https:\/\/mrgreencasinos.com\/#website"},"datePublished":"2022-01-20T17:23:40+00:00","dateModified":"2022-08-31T16:40:39+00:00","description":"Bonus r\u00e9els de MR Green casino-uniquement des codes promotionnels fonctionnels! Bonus sans d\u00e9p\u00f4t \u2714 Codes de remise en argent \u2714 Programme de fid\u00e9lit\u00e9 VIP \u2714 Tours gratuits \u2714 Faible mise!","breadcrumb":{"@id":"https:\/\/mrgreencasinos.com\/fr\/bonuses\/#breadcrumb"},"inLanguage":"fr-FR","potentialAction":[{"@type":"ReadAction","target":["https:\/\/mrgreencasinos.com\/fr\/bonuses\/"]}]},{"@type":"BreadcrumbList","@id":"https:\/\/mrgreencasinos.com\/fr\/bonuses\/#breadcrumb","itemListElement":[{"@type":"ListItem","position":1,"name":"Home","item":"https:\/\/mrgreencasinos.com\/fr\/review-of-the-official-mr-green-website\/"},{"@type":"ListItem","position":2,"name":"Primes MR Green"}]}]}},"_links":{"self":[{"href":"https:\/\/mrgreencasinos.com\/fr\/wp-json\/wp\/v2\/pages\/277","targetHints":{"allow":["GET"]}}],"collection":[{"href":"https:\/\/mrgreencasinos.com\/fr\/wp-json\/wp\/v2\/pages"}],"about":[{"href":"https:\/\/mrgreencasinos.com\/fr\/wp-json\/wp\/v2\/types\/page"}],"author":[{"embeddable":true,"href":"https:\/\/mrgreencasinos.com\/fr\/wp-json\/wp\/v2\/users\/1"}],"replies":[{"embeddable":true,"href":"https:\/\/mrgreencasinos.com\/fr\/wp-json\/wp\/v2\/comments?post=277"}],"version-history":[{"count":7,"href":"https:\/\/mrgreencasinos.com\/fr\/wp-json\/wp\/v2\/pages\/277\/revisions"}],"predecessor-version":[{"id":931,"href":"https:\/\/mrgreencasinos.com\/fr\/wp-json\/wp\/v2\/pages\/277\/revisions\/931"}],"wp:attachment":[{"href":"https:\/\/mrgreencasinos.com\/fr\/wp-json\/wp\/v2\/media?parent=277"}],"curies":[{"name":"wp","href":"https:\/\/api.w.org\/{rel}","templated":true}]}}