{"id":282,"date":"2022-01-20T18:50:49","date_gmt":"2022-01-20T18:50:49","guid":{"rendered":"https:\/\/mrgreencasinos.com\/login\/"},"modified":"2022-08-09T10:13:41","modified_gmt":"2022-08-09T10:13:41","slug":"login","status":"publish","type":"page","link":"https:\/\/mrgreencasinos.com\/fr\/login\/","title":{"rendered":"MR Green Login"},"content":{"rendered":"<p>[vc_row][vc_column][vc_column_text]<\/p>\n<h1><b><span class=\"\">Ce que vous devez savoir sur la connexion au MR Green<\/span><\/b><\/h1>\n<p>Pour se connecter, le joueur devra utiliser le login et le mot de passe invent\u00e9s lors de l&rsquo;inscription.\u00a0<span class=\"goog-text-highlight\">Pour cette raison, il est recommand\u00e9 de les conserver ou de les apprendre.\u00a0<\/span>Vous pouvez vous connecter sur n&rsquo;importe quel appareil, des PC ou ordinateurs portables aux\u00a0<a href=\"https:\/\/mrgreencasinos.com\/fr\/app\/\">appareils mobiles<\/a>\u00a0.\u00a0Pour placer des paris,\u00a0<b>connectez-vous au casino officiel MR Green\u00a0<\/b>et acc\u00e9dez \u00e0 votre compte.\u00a0C&rsquo;est lui qui vous permet d&rsquo;obtenir des outils suppl\u00e9mentaires pour la gestion de votre compte.[\/vc_column_text][\/vc_column][\/vc_row][vc_row content_placement=\u00a0\u00bbmiddle\u00a0\u00bb][vc_column width=\u00a0\u00bb1\/2&Prime;][vc_column_text]Si un joueur n&rsquo;a jamais utilis\u00e9 les services d&rsquo;un \u00e9tablissement de jeu auparavant, il devra suivre la proc\u00e9dure d&rsquo;inscription.\u00a0Pour ce faire, appuyez sur le bouton appropri\u00e9 avec le mot \u00abinscription\u00bb, apr\u00e8s quoi le joueur sera invit\u00e9 \u00e0 remplir un court questionnaire.\u00a0Avant de confirmer votre inscription, vous devez vous assurer que le formulaire d&rsquo;inscription est mal rempli.\u00a0Au stade de la v\u00e9rification, les informations sp\u00e9cifi\u00e9es seront compar\u00e9es aux donn\u00e9es sp\u00e9cifi\u00e9es dans les documents du joueur.\u00a0Si une divergence est constat\u00e9e, les parieurs devront subir une v\u00e9rification suppl\u00e9mentaire, ce qui prendra plus de temps et retardera le d\u00e9but des paris.\u00a0<span class=\"goog-text-highlight\">Il suffit de suivre la proc\u00e9dure d&rsquo;inscription une seule fois.\u00a0<\/span>Apr\u00e8s cela, le parieur peut entrer dans le compte personnel sous le mot de passe et la connexion sp\u00e9cifi\u00e9s lors de l&rsquo;inscription sur de nouveaux appareils.<\/p>\n<div class=\"t-go\"><a href=\"\/go-casino\/?brand=mrgreen\">BONUS DE R\u00c9CLAMATION<\/a><\/div>[\/vc_column_text][\/vc_column][vc_column width=\u00a0\u00bb1\/2&Prime;][vc_single_image image=\u00a0\u00bb77&Prime; img_size=\u00a0\u00bbfull\u00a0\u00bb alignment=\u00a0\u00bbcenter\u00a0\u00bb][\/vc_column][\/vc_row][vc_row][vc_column width=\u00a0\u00bb1\/2&Prime;][vc_column_text]<\/p>\n<h2><b>Capacit\u00e9s fonctionnelles du compte personnel<\/b><\/h2>\n<p><span class=\"goog-text-highlight\">Apr\u00e8s inscription, les parieurs peuvent profiter d&rsquo;un large \u00e9ventail de divertissements pour tous les go\u00fbts.\u00a0<\/span>La gamme de jeux de casino est en constante expansion.\u00a0D\u00e9j\u00e0 aujourd&rsquo;hui sur le site vous pouvez profiter des slots de d\u00e9veloppeurs tels que :<\/p>\n<ul>\n<li aria-level=\"1\">Gen\u00e8se Gaming\u00a0;<\/li>\n<li aria-level=\"1\">Micro-jeux\u00a0;<\/li>\n<li aria-level=\"1\">IGT.<\/li>\n<\/ul>\n<p>[\/vc_column_text][\/vc_column][vc_column width=\u00a0\u00bb1\/2&Prime;][vc_column_text]<span class=\"\">L&rsquo;administration coop\u00e8re avec plusieurs sites \u00e0 la fois, ce qui distingue favorablement le site des autres marques de casinos sur Internet.\u00a0<\/span>L&rsquo;avantage pour les joueurs sera qu&rsquo;ils pourront choisir parmi une \u00e9norme liste de machines, chacune avec ses param\u00e8tres et ses caract\u00e9ristiques uniques.\u00a0<a href=\"https:\/\/mrgreencasinos.com\/fr\/pokies\/\"><span class=\"goog-text-highlight\">Les machines<\/span><\/a><span class=\"goog-text-highlight\">\u00a0\u00e0 sous avec des r\u00e8gles simples sont le choix parfait pour ceux qui veulent passer un bon moment et rechercher des gains solides.\u00a0<\/span>De nombreux joueurs choisissent \u00e9galement de parier :<\/p>\n<ul>\n<li aria-level=\"1\">vid\u00e9o poker;<\/li>\n<li aria-level=\"1\">blackjack\u00a0;<\/li>\n<li aria-level=\"1\">baccarat.<\/li>\n<\/ul>\n<p>[\/vc_column_text][\/vc_column][\/vc_row][vc_row][vc_column width=\u00a0\u00bb1\/2&Prime;][vc_single_image image=\u00a0\u00bb84&Prime; img_size=\u00a0\u00bbfull\u00a0\u00bb][\/vc_column][vc_column width=\u00a0\u00bb1\/2&Prime;][vc_column_text]<span class=\"\">Si le parieur n&rsquo;a pas \u00e9t\u00e9 enregistr\u00e9, seules les fonctionnalit\u00e9s les plus \u00e9l\u00e9mentaires du site lui seront accessibles.\u00a0<\/span>Il pourra se familiariser avec la licence, clarifier la disponibilit\u00e9 des certificats de s\u00e9curit\u00e9 ou \u00e9tudier les promotions en cours de l&rsquo;administration.\u00a0Les machines \u00e0 sous ne peuvent \u00eatre lanc\u00e9es qu&rsquo;en mode test.\u00a0Pour cette raison, les d\u00e9butants convaincus de la fiabilit\u00e9 de l&rsquo;\u00e9tablissement de jeu doivent imm\u00e9diatement se rendre dans la section d&rsquo;inscription et suivre cette proc\u00e9dure simple qui ne prend pas beaucoup de temps.\u00a0<b>L&rsquo;identifiant et le mot de passe de M. Green Casino\u00a0<\/b>seront la premi\u00e8re ligne de s\u00e9curit\u00e9 pour un compte de jeu, ils doivent donc \u00eatre assez complexes.<\/p>\n<p>Apr\u00e8s s&rsquo;\u00eatre inscrit, le joueur peut explorer son compte, o\u00f9 vous pourrez en savoir plus sur vos performances en examinant l&rsquo;historique des paris.\u00a0<span class=\"goog-text-highlight\">Avec l&rsquo;aide du casino, vous pouvez reconstituer et retirer de l&rsquo;argent du d\u00e9p\u00f4t en utilisant Visa, Visa Electron, Maestro, MasterCard, Trustly, Neteller, Skrill, ClickandBuy, Paysafe.\u00a0<\/span>\u00c9galement dans votre compte, vous pouvez suivre les bonus r\u00e9els et la progression de la r\u00e9alisation des conditions de leur pari.[\/vc_column_text][\/vc_column][\/vc_row][vc_row css=\u00a0\u00bb.vc_custom_1642705984385{background-image: url(https:\/\/mrgreencasinos.com\/wp-content\/uploads\/2022\/01\/360_F_267254913_9VQl1JBkFiDs2v8zMcF82kdnHRJx8tg8.jpg?id=89) !important;background-position: center !important;background-repeat: no-repeat !important;background-size: cover !important;}\u00a0\u00bb][vc_column][vc_column_text]<\/p>\n<h2><b><span class=\"\">Comment se connecter \u00e0 votre compte MR Green<\/span><\/b><\/h2>\n<p>Pour acc\u00e9der au compte personnel, le joueur devra pr\u00e9ciser l&rsquo;adresse e-mail choisie lors de l&rsquo;inscription, ainsi que le mot de passe.\u00a0Pour cela, les champs correspondants sont pr\u00e9sent\u00e9s dans la section autorisation.\u00a0Pour le moment, le casino ne pr\u00e9voit pas la possibilit\u00e9 d&rsquo;entrer en utilisant les r\u00e9seaux sociaux.\u00a0Si le joueur a accidentellement oubli\u00e9 le mot de passe, il peut utiliser la section pour le restaurer, qui est pr\u00e9sent\u00e9e dans le menu d&rsquo;autorisation.<\/p>\n<h2><b>Que faire si vous ne vous souvenez plus du mot de passe<\/b><\/h2>\n<p>Une personne moderne doit stocker une \u00e9norme quantit\u00e9 d&rsquo;informations importantes dans sa t\u00eate.\u00a0<span class=\"goog-text-highlight\">Pour cette raison, il ne faut pas \u00eatre surpris par le fait que des informations p\u00e9riodiquement pr\u00e9cieuses disparaissent simplement de la m\u00e9moire.\u00a0<\/span>Face \u00e0 une situation de connexion similaire, le joueur devra suivre une proc\u00e9dure de r\u00e9cup\u00e9ration simple.\u00a0La section \u00ab\u00a0Mot de passe oubli\u00e9\u00a0\u00bb sur la page de connexion a \u00e9t\u00e9 cr\u00e9\u00e9e uniquement pour de tels cas.\u00a0Apr\u00e8s avoir appel\u00e9 la fonction appropri\u00e9e, le joueur recevra un lien vers son adresse e-mail sp\u00e9cifi\u00e9e lors de l&rsquo;inscription, par lequel vous pouvez r\u00e9initialiser le mot de passe en entrant un nouveau code pour le compte personnel.\u00a0Si vous avez des questions suppl\u00e9mentaires, vous pouvez toujours contacter le service d&rsquo;assistance pour obtenir de l&rsquo;aide.[\/vc_column_text][\/vc_column][\/vc_row][vc_row][vc_column][vc_message]<\/p>\n<h2><b><span class=\"\">Que faire en cas de blocage de compte<\/span><\/b><\/h2>\n<p>Le respect des r\u00e8gles du terrain de jeu est obligatoire pour chaque joueur.\u00a0Habituellement, les casinos en ligne fixent des exigences standard, notamment l&rsquo;absence de comptes de jeu suppl\u00e9mentaires appartenant \u00e0 un parieur.\u00a0Si le compte a \u00e9t\u00e9 bloqu\u00e9, cela indique que l&rsquo;administration soup\u00e7onne son propri\u00e9taire d&rsquo;avoir enfreint les r\u00e8gles ou observe une activit\u00e9 suspecte.\u00a0Pour restaurer votre compte, vous devrez contacter le support.\u00a0Dans un casino fiable, ses sp\u00e9cialistes r\u00e9pondent rapidement et fournissent un service vraiment de haute qualit\u00e9.[\/vc_message][\/vc_column][\/vc_row]<\/p>\n","protected":false},"excerpt":{"rendered":"<p>[vc_row][vc_column][vc_column_text] Ce que vous devez savoir sur la connexion au MR Green Pour se connecter, le joueur devra utiliser le [&hellip;]<\/p>\n","protected":false},"author":1,"featured_media":0,"parent":0,"menu_order":0,"comment_status":"closed","ping_status":"closed","template":"page-templates\/template_fullwidth.php","meta":{"footnotes":""},"class_list":["post-282","page","type-page","status-publish","hentry"],"acf":[],"yoast_head":"<!-- This site is optimized with the Yoast SEO plugin v17.9 - https:\/\/yoast.com\/wordpress\/plugins\/seo\/ -->\n<title>Connexion \u00e0 MR Green - Casino MR Green<\/title>\n<meta name=\"description\" content=\"Connectez-vous au site officiel du casino MR Green. Planifiez \u00e9tape par \u00e9tape comment acc\u00e9der \u00e0 votre compte personnel\" \/>\n<meta name=\"robots\" content=\"index, follow, max-snippet:-1, max-image-preview:large, max-video-preview:-1\" \/>\n<link rel=\"canonical\" href=\"https:\/\/mrgreencasinos.com\/fr\/login\/\" \/>\n<meta property=\"og:type\" content=\"article\" \/>\n<meta property=\"og:title\" content=\"Connexion \u00e0 MR Green - Casino MR Green\" \/>\n<meta property=\"og:description\" content=\"Connectez-vous au site officiel du casino MR Green. Planifiez \u00e9tape par \u00e9tape comment acc\u00e9der \u00e0 votre compte personnel\" \/>\n<meta property=\"og:url\" content=\"https:\/\/mrgreencasinos.com\/fr\/login\/\" \/>\n<meta property=\"og:site_name\" content=\"Casino MR Green\" \/>\n<meta property=\"article:modified_time\" content=\"2022-08-09T10:13:41+00:00\" \/>\n<meta name=\"twitter:card\" content=\"summary_large_image\" \/>\n<meta name=\"twitter:label1\" content=\"Dur\u00e9e de lecture estim\u00e9e\" \/>\n\t<meta name=\"twitter:data1\" content=\"4 minutes\" \/>\n<script type=\"application\/ld+json\" class=\"yoast-schema-graph\">{\"@context\":\"https:\/\/schema.org\",\"@graph\":[{\"@type\":\"WebSite\",\"@id\":\"https:\/\/mrgreencasinos.com\/#website\",\"url\":\"https:\/\/mrgreencasinos.com\/\",\"name\":\"Casino MR Green\",\"description\":\"\",\"potentialAction\":[{\"@type\":\"SearchAction\",\"target\":{\"@type\":\"EntryPoint\",\"urlTemplate\":\"https:\/\/mrgreencasinos.com\/?s={search_term_string}\"},\"query-input\":\"required name=search_term_string\"}],\"inLanguage\":\"fr-FR\"},{\"@type\":\"WebPage\",\"@id\":\"https:\/\/mrgreencasinos.com\/fr\/login\/#webpage\",\"url\":\"https:\/\/mrgreencasinos.com\/fr\/login\/\",\"name\":\"Connexion \\u00e0 MR Green - Casino MR Green\",\"isPartOf\":{\"@id\":\"https:\/\/mrgreencasinos.com\/#website\"},\"datePublished\":\"2022-01-20T18:50:49+00:00\",\"dateModified\":\"2022-08-09T10:13:41+00:00\",\"description\":\"Connectez-vous au site officiel du casino MR Green. Planifiez \\u00e9tape par \\u00e9tape comment acc\\u00e9der \\u00e0 votre compte personnel\",\"breadcrumb\":{\"@id\":\"https:\/\/mrgreencasinos.com\/fr\/login\/#breadcrumb\"},\"inLanguage\":\"fr-FR\",\"potentialAction\":[{\"@type\":\"ReadAction\",\"target\":[\"https:\/\/mrgreencasinos.com\/fr\/login\/\"]}]},{\"@type\":\"BreadcrumbList\",\"@id\":\"https:\/\/mrgreencasinos.com\/fr\/login\/#breadcrumb\",\"itemListElement\":[{\"@type\":\"ListItem\",\"position\":1,\"name\":\"Home\",\"item\":\"https:\/\/mrgreencasinos.com\/fr\/review-of-the-official-mr-green-website\/\"},{\"@type\":\"ListItem\",\"position\":2,\"name\":\"MR Green Login\"}]}]}<\/script>\n<!-- \/ Yoast SEO plugin. -->","yoast_head_json":{"title":"Connexion \u00e0 MR Green - Casino MR Green","description":"Connectez-vous au site officiel du casino MR Green. Planifiez \u00e9tape par \u00e9tape comment acc\u00e9der \u00e0 votre compte personnel","robots":{"index":"index","follow":"follow","max-snippet":"max-snippet:-1","max-image-preview":"max-image-preview:large","max-video-preview":"max-video-preview:-1"},"canonical":"https:\/\/mrgreencasinos.com\/fr\/login\/","og_type":"article","og_title":"Connexion \u00e0 MR Green - Casino MR Green","og_description":"Connectez-vous au site officiel du casino MR Green. Planifiez \u00e9tape par \u00e9tape comment acc\u00e9der \u00e0 votre compte personnel","og_url":"https:\/\/mrgreencasinos.com\/fr\/login\/","og_site_name":"Casino MR Green","article_modified_time":"2022-08-09T10:13:41+00:00","twitter_card":"summary_large_image","twitter_misc":{"Dur\u00e9e de lecture estim\u00e9e":"4 minutes"},"schema":{"@context":"https:\/\/schema.org","@graph":[{"@type":"WebSite","@id":"https:\/\/mrgreencasinos.com\/#website","url":"https:\/\/mrgreencasinos.com\/","name":"Casino MR Green","description":"","potentialAction":[{"@type":"SearchAction","target":{"@type":"EntryPoint","urlTemplate":"https:\/\/mrgreencasinos.com\/?s={search_term_string}"},"query-input":"required name=search_term_string"}],"inLanguage":"fr-FR"},{"@type":"WebPage","@id":"https:\/\/mrgreencasinos.com\/fr\/login\/#webpage","url":"https:\/\/mrgreencasinos.com\/fr\/login\/","name":"Connexion \u00e0 MR Green - Casino MR Green","isPartOf":{"@id":"https:\/\/mrgreencasinos.com\/#website"},"datePublished":"2022-01-20T18:50:49+00:00","dateModified":"2022-08-09T10:13:41+00:00","description":"Connectez-vous au site officiel du casino MR Green. Planifiez \u00e9tape par \u00e9tape comment acc\u00e9der \u00e0 votre compte personnel","breadcrumb":{"@id":"https:\/\/mrgreencasinos.com\/fr\/login\/#breadcrumb"},"inLanguage":"fr-FR","potentialAction":[{"@type":"ReadAction","target":["https:\/\/mrgreencasinos.com\/fr\/login\/"]}]},{"@type":"BreadcrumbList","@id":"https:\/\/mrgreencasinos.com\/fr\/login\/#breadcrumb","itemListElement":[{"@type":"ListItem","position":1,"name":"Home","item":"https:\/\/mrgreencasinos.com\/fr\/review-of-the-official-mr-green-website\/"},{"@type":"ListItem","position":2,"name":"MR Green Login"}]}]}},"_links":{"self":[{"href":"https:\/\/mrgreencasinos.com\/fr\/wp-json\/wp\/v2\/pages\/282","targetHints":{"allow":["GET"]}}],"collection":[{"href":"https:\/\/mrgreencasinos.com\/fr\/wp-json\/wp\/v2\/pages"}],"about":[{"href":"https:\/\/mrgreencasinos.com\/fr\/wp-json\/wp\/v2\/types\/page"}],"author":[{"embeddable":true,"href":"https:\/\/mrgreencasinos.com\/fr\/wp-json\/wp\/v2\/users\/1"}],"replies":[{"embeddable":true,"href":"https:\/\/mrgreencasinos.com\/fr\/wp-json\/wp\/v2\/comments?post=282"}],"version-history":[{"count":5,"href":"https:\/\/mrgreencasinos.com\/fr\/wp-json\/wp\/v2\/pages\/282\/revisions"}],"predecessor-version":[{"id":851,"href":"https:\/\/mrgreencasinos.com\/fr\/wp-json\/wp\/v2\/pages\/282\/revisions\/851"}],"wp:attachment":[{"href":"https:\/\/mrgreencasinos.com\/fr\/wp-json\/wp\/v2\/media?parent=282"}],"curies":[{"name":"wp","href":"https:\/\/api.w.org\/{rel}","templated":true}]}}