{"id":287,"date":"2022-01-21T07:43:15","date_gmt":"2022-01-21T07:43:15","guid":{"rendered":"https:\/\/mrgreencasinos.com\/pokies\/"},"modified":"2022-08-09T10:15:20","modified_gmt":"2022-08-09T10:15:20","slug":"pokies","status":"publish","type":"page","link":"https:\/\/mrgreencasinos.com\/fr\/pokies\/","title":{"rendered":"Pokies"},"content":{"rendered":"<p>[vc_row content_placement=\u00a0\u00bbmiddle\u00a0\u00bb][vc_column width=\u00a0\u00bb1\/2&Prime;][vc_column_text]<\/p>\n<h1><b><span class=\"\">Machines \u00e0 sous MR Green<\/span><\/b><\/h1>\n<p><span class=\"\">Parier dans un casino peut, dans les plus brefs d\u00e9lais, changer la vie d&rsquo;une personne pour le mieux, si vous lui faites traiter consciemment et correctement de tels divertissements.\u00a0<\/span>Le jeu responsable est la premi\u00e8re \u00e9tape vers des gains vraiment importants.\u00a0Une \u00e9tape tout aussi importante consistera \u00e0 trouver un \u00e9tablissement de jeu adapt\u00e9 qui puisse offrir un logiciel de haute qualit\u00e9, un haut niveau de service, une vari\u00e9t\u00e9 de\u00a0<a href=\"https:\/\/mrgreencasinos.com\/fr\/bonuses\/\">bonus<\/a>\u00a0et des moyens de retirer de l&rsquo;argent du d\u00e9p\u00f4t.\u00a0<span class=\"goog-text-highlight\">Les\u00a0<\/span><b><span class=\"goog-text-highlight\">meilleures machines \u00e0 sous en ligne Canada MR Green <\/span><\/b><span class=\"goog-text-highlight\">offriront un gameplay amusant, tandis que la probabilit\u00e9 de r\u00e9ussir les tours des rouleaux tout en les utilisant reste maximale.\u00a0<\/span>[\/vc_column_text][\/vc_column][vc_column width=\u00a0\u00bb1\/2&Prime;][vc_column_text]<\/p>\n<h2><b><span class=\"\">Comment jouer sur le site MR Green et gagner ?<\/span><\/b><\/h2>\n<p>Si un joueur consid\u00e8re les paris dans un casino comme un moyen d&rsquo;am\u00e9liorer sa situation financi\u00e8re, la premi\u00e8re \u00e9tape consiste \u00e0 \u00e9tudier des informations suppl\u00e9mentaires sur le site.\u00a0La licence et la s\u00e9curit\u00e9 sont les facteurs qui peuvent rendre les paris plus rentables.\u00a0Mr. Green op\u00e8re selon les normes modernes de fair-play, ce qui est un avantage absolu pour ses joueurs.\u00a0Le casino est autoris\u00e9 par la Malta Gaming Commission.\u00a0<span class=\"\">\u00c9tant donn\u00e9 que la licence peut \u00eatre r\u00e9voqu\u00e9e \u00e0 tout moment, m\u00eame pour une violation mineure des r\u00e8gles, et que son obtention est un processus fastidieux et co\u00fbteux, vous pouvez \u00eatre s\u00fbr que l&rsquo;institution ne risquera pas de la perdre.<\/span>[\/vc_column_text][\/vc_column][\/vc_row][vc_row css=\u00a0\u00bb.vc_custom_1642751217135{background-image: url(https:\/\/mrgreencasinos.com\/wp-content\/uploads\/2022\/01\/WeMissYou-blank-slots1-1500&#215;535-1.jpg?id=121) !important;}\u00a0\u00bb][vc_column][vc_column_text]<span style=\"color: #ffffff;\"><span class=\"\">Pour jouer \u00e0\u00a0<\/span><b><span class=\"\">MR Green Pokies\u00a0<\/span><\/b><span class=\"\">et obtenir le maximum de dividendes sur vos paris, il suffira de suivre quelques recommandations simples :<\/span><\/span><\/p>\n<ul>\n<li aria-level=\"1\"><span style=\"color: #ffffff;\"><span class=\"\">Gardez toujours une trace de votre bankroll.\u00a0<\/span>Le contr\u00f4le de la bankroll est la cl\u00e9 pour diff\u00e9rencier les d\u00e9butants des casinos des vrais professionnels du jeu.\u00a0Seule une petite partie du d\u00e9p\u00f4t doit \u00eatre mise afin que plus tard le joueur ait encore la possibilit\u00e9 de continuer \u00e0 parier.<\/span><\/li>\n<li aria-level=\"1\"><span style=\"color: #ffffff;\"><span class=\"\">Vous ne devriez pas essayer de r\u00e9cup\u00e9rer imm\u00e9diatement apr\u00e8s un spin infructueux.\u00a0<\/span><span class=\"\">La machine \u00e0 sous fonctionne selon un g\u00e9n\u00e9rateur de nombres al\u00e9atoires, de sorte que les chances de gagner n&rsquo;augmentent pas avec le temps mais restent inchang\u00e9es.<\/span><\/span><\/li>\n<li aria-level=\"1\"><span style=\"color: #ffffff;\">Paris sur les bonnes machines \u00e0 sous.\u00a0Lors des paris, il est recommand\u00e9 d&rsquo;adh\u00e9rer \u00e0 une certaine strat\u00e9gie qui convient aux pr\u00e9f\u00e9rences du joueur.\u00a0Il doit offrir le maximum d&rsquo;avantages et \u00eatre adapt\u00e9 \u00e0 la taille du d\u00e9p\u00f4t.<\/span><\/li>\n<\/ul>\n<p>[\/vc_column_text][\/vc_column][\/vc_row][vc_row content_placement=\u00a0\u00bbmiddle\u00a0\u00bb][vc_column width=\u00a0\u00bb1\/2&Prime;][vc_column_text]<b>MR Green pokies Canada <\/b>peut g\u00e9rer \u00e0 la fois les gros joueurs et les petits joueurs.\u00a0Dans le premier cas, le parieur a un gros d\u00e9p\u00f4t, il peut donc parier sur les plus gros montants sans se soucier de la possibilit\u00e9 de perte.\u00a0Dans le second, les joueurs agissent plus prudemment, sans risquer une partie importante de l&rsquo;argent du d\u00e9p\u00f4t pour un tour de rouleaux.\u00a0Les gros joueurs peuvent utiliser des machines \u00e0 sous \u00e0 variance \u00e9lev\u00e9e pour leurs paris.\u00a0En eux, la probabilit\u00e9 d&rsquo;obtenir une combinaison payante sera faible, mais si une telle s\u00e9quence est form\u00e9e, alors le gain sera maximum.\u00a0Les low-rollers choisissent des machines \u00e0 sous avec une faible variance.\u00a0<span class=\"\">Les paiements y sont effectu\u00e9s r\u00e9guli\u00e8rement, mais leur taille sera petite.\u00a0<\/span><span class=\"goog-text-highlight\">La solution optimale pour la plupart des joueurs sera les machines \u00e0 sous \u00e0 variance moyenne, o\u00f9 la probabilit\u00e9 de toucher une combinaison payante et sa taille sont \u00e9quilibr\u00e9es.<\/span><\/p>\n<div class=\"t-go\"><a href=\"\/go-casino\/?brand=mrgreen\">BONUS DE R\u00c9CLAMATION<\/a><\/div>[\/vc_column_text][\/vc_column][vc_column width=\u00a0\u00bb1\/2&Prime;][vc_single_image image=\u00a0\u00bb124&Prime; img_size=\u00a0\u00bbfull\u00a0\u00bb][\/vc_column][\/vc_row][vc_row content_placement=\u00a0\u00bbmiddle\u00a0\u00bb][vc_column width=\u00a0\u00bb1\/2&Prime;][vc_single_image image=\u00a0\u00bb126&Prime; img_size=\u00a0\u00bbfull\u00a0\u00bb alignment=\u00a0\u00bbcenter\u00a0\u00bb][\/vc_column][vc_column width=\u00a0\u00bb1\/2&Prime;][vc_column_text]<\/p>\n<h2><b><span class=\"\">Qu&rsquo;est-ce qu&rsquo;un slot et ses types sur MR Green ?<\/span><\/b><\/h2>\n<p><span class=\"\">Chaque machine \u00e0 sous a ses caract\u00e9ristiques distinctives, qui rendent le jeu aussi excitant que possible si vous choisissez les machines \u00e0 sous de mani\u00e8re responsable.\u00a0<\/span><b>Les machines \u00e0 sous gratuites en ligne de M. Green\u00a0<\/b>seront la meilleure solution pour ceux qui viennent de se familiariser avec les particularit\u00e9s des paris sur les machines \u00e0 sous.\u00a0Puisqu&rsquo;il est impossible de perdre un d\u00e9p\u00f4t lors d&rsquo;un jeu gratuit, un tel choix sera une d\u00e9cision rentable.\u00a0<span class=\"goog-text-highlight\">Les machines \u00e0 sous gratuites ont leurs propres m\u00e9rites, notamment la possibilit\u00e9 de tester les commandes, l&rsquo;ordre d&rsquo;apparition des combinaisons ou de s&rsquo;assurer que la machine \u00e0 sous paie lorsque vous gagnez.\u00a0<\/span>Apr\u00e8s cela, vous pouvez choisir le mode de pari payant, dont dispose chaque machine \u00e0 sous.[\/vc_column_text][\/vc_column][\/vc_row][vc_row][vc_column][vc_column_text]<span class=\"\">Pour la commodit\u00e9 des parieurs, toutes les machines \u00e0 sous peuvent \u00eatre divis\u00e9es en plusieurs cat\u00e9gories :<\/span><\/p>\n<ul>\n<li aria-level=\"1\">Machines \u00e0 fruits classiques\u00a0;<\/li>\n<li aria-level=\"1\">Machines \u00e0 sous avec des r\u00e8gles et un terrain de jeu inhabituels\u00a0;<\/li>\n<li aria-level=\"1\">Machines \u00e0 sous avec graphismes en trois dimensions;<\/li>\n<li aria-level=\"1\">Simulateurs avec modes bonus;<\/li>\n<li aria-level=\"1\"><a href=\"https:\/\/mrgreencasinos.com\/fr\/megaways-slot\/\">Megaways machine \u00e0 sous<\/a>.<\/li>\n<\/ul>\n<p>Le nid d&rsquo;abeilles aux fruits classique est la solution parfaite pour la vieille \u00e9cole.\u00a0<span class=\"goog-text-highlight\">Ces machines \u00e0 sous sont simples \u00e0 utiliser, n&rsquo;ont pas de symboles ni de modes bonus et ont des options de personnalisation minimales.\u00a0<\/span>Les joueurs modernes pr\u00e9f\u00e8rent les machines \u00e0 sous avec des graphismes en trois dimensions, qui ont aussi souvent un jeu bonus, o\u00f9 vous pouvez rapidement augmenter la taille de vos gains\u00a0<b>.\u00a0La roulette de casino Mr. Green\u00a0<\/b>, ainsi que le blackjack, le poker, le baccarat et d&rsquo;autres divertissements populaires peuvent \u00e9galement \u00eatre une source d&rsquo;impressions vives.[\/vc_column_text][\/vc_column][\/vc_row][vc_row content_placement=\u00a0\u00bbmiddle\u00a0\u00bb][vc_column width=\u00a0\u00bb1\/2&Prime;][vc_column_text]<\/p>\n<h2><b><span class=\"\">Comment v\u00e9rifier le retour du slot ?<\/span><\/b><\/h2>\n<p>Le calcul du pourcentage de rendement est l&rsquo;un des points les plus importants dont d\u00e9pend la capacit\u00e9 \u00e0 recevoir des dividendes des paris.\u00a0Le pourcentage de paiement est d\u00e9termin\u00e9 par le d\u00e9veloppeur lors de la cr\u00e9ation de chaque nouvelle machine \u00e0 sous.\u00a0Il n&rsquo;y a aucun moyen pour le joueur ou l&rsquo;administration du casino de le changer.\u00a0Pour cette raison, vous n&rsquo;avez pas \u00e0 vous soucier de la s\u00e9curit\u00e9 du gameplay.\u00a0Il existe plusieurs fa\u00e7ons de v\u00e9rifier le RTP d&rsquo;une machine \u00e0 sous particuli\u00e8re\u00a0:<\/p>\n<ul>\n<li aria-level=\"1\">\u00e9tudier les rapports des soci\u00e9t\u00e9s d&rsquo;audit ind\u00e9pendantes, par exemple, l&rsquo;organisation eCORGA\u00a0;<\/li>\n<li aria-level=\"1\">utiliser le site Web du casino et rev\u00e9rifier les donn\u00e9es sur le site du fournisseur\u00a0;<\/li>\n<li aria-level=\"1\"><span class=\"goog-text-highlight\">familiarisez-vous avec l&rsquo;examen de la fente par les sp\u00e9cialistes qui testent la fente et confirment les donn\u00e9es du d\u00e9veloppeur.<\/span><\/li>\n<\/ul>\n<div class=\"t-go\"><a href=\"\/go-casino\/?brand=mrgreen\">BONUS DE R\u00c9CLAMATION<\/a><\/div>[\/vc_column_text][\/vc_column][vc_column width=\u00a0\u00bb1\/2&Prime;][vc_single_image image=\u00a0\u00bb130&Prime; img_size=\u00a0\u00bbfull\u00a0\u00bb alignment=\u00a0\u00bbcenter\u00a0\u00bb][\/vc_column][\/vc_row][vc_row][vc_column][vc_message]<span class=\"\">Certaines entreprises qui cr\u00e9ent des machines \u00e0 sous adh\u00e8rent \u00e0 un certain niveau RTP dans tous les jeux.\u00a0<\/span><span class=\"goog-text-highlight\">Sachant cela, le joueur peut estimer \u00e0 l&rsquo;avance le pourcentage de retour de la machine \u00e0 sous.<\/span>[\/vc_message][\/vc_column][\/vc_row][vc_row][vc_column][vc_column_text]<\/p>\n<h2><b><span class=\"\">Jouer aux machines \u00e0 sous en ligne pour de l&rsquo;argent r\u00e9el ?<\/span><\/b><\/h2>\n<p>Le jeu responsable est la r\u00e8gle principale lors des paris.\u00a0<span class=\"goog-text-highlight\">Pour les jeux de hasard, vous ne devez utiliser que des fonds dont la perte ne sera pas un probl\u00e8me pour le budget familial.\u00a0<\/span><span class=\"\">Un point tout aussi important est la s\u00e9lection de machines avec un niveau RTP \u00e9lev\u00e9 (au moins 95%).\u00a0<\/span>La machine \u00e0 sous devrait \u00eatre d\u00e9velopp\u00e9e par un studio bien connu, par exemple Betsoft, Microgaming, Evolution, avec lequel\u00a0<a href=\"https:\/\/mrgreencasinos.com\/fr\/\">le casino MR Green<\/a>\u00a0coop\u00e8re.[\/vc_column_text][\/vc_column][\/vc_row]<\/p>\n","protected":false},"excerpt":{"rendered":"<p>[vc_row content_placement=\u00a0\u00bbmiddle\u00a0\u00bb][vc_column width=\u00a0\u00bb1\/2&Prime;][vc_column_text] Machines \u00e0 sous MR Green Parier dans un casino peut, dans les plus brefs d\u00e9lais, changer la [&hellip;]<\/p>\n","protected":false},"author":1,"featured_media":0,"parent":0,"menu_order":0,"comment_status":"closed","ping_status":"closed","template":"page-templates\/template_fullwidth.php","meta":{"footnotes":""},"class_list":["post-287","page","type-page","status-publish","hentry"],"acf":[],"yoast_head":"<!-- This site is optimized with the Yoast SEO plugin v17.9 - https:\/\/yoast.com\/wordpress\/plugins\/seo\/ -->\n<title>Jouez aux Machines \u00e0 Sous en ligne | Casino Mr Green<\/title>\n<meta name=\"description\" content=\"Machines \u00e0 sous MR Green. Aper\u00e7u de la gamme de machines \u00e0 sous. Jouez pour de l&#039;argent r\u00e9el et gratuitement. D\u00e9crochez le jackpot au MR Green Casino\" \/>\n<meta name=\"robots\" content=\"index, follow, max-snippet:-1, max-image-preview:large, max-video-preview:-1\" \/>\n<link rel=\"canonical\" href=\"https:\/\/mrgreencasinos.com\/fr\/pokies\/\" \/>\n<meta property=\"og:type\" content=\"article\" \/>\n<meta property=\"og:title\" content=\"Jouez aux Machines \u00e0 Sous en ligne | Casino Mr Green\" \/>\n<meta property=\"og:description\" content=\"Machines \u00e0 sous MR Green. Aper\u00e7u de la gamme de machines \u00e0 sous. Jouez pour de l&#039;argent r\u00e9el et gratuitement. D\u00e9crochez le jackpot au MR Green Casino\" \/>\n<meta property=\"og:url\" content=\"https:\/\/mrgreencasinos.com\/fr\/pokies\/\" \/>\n<meta property=\"og:site_name\" content=\"Casino MR Green\" \/>\n<meta property=\"article:modified_time\" content=\"2022-08-09T10:15:20+00:00\" \/>\n<meta name=\"twitter:card\" content=\"summary_large_image\" \/>\n<meta name=\"twitter:label1\" content=\"Dur\u00e9e de lecture estim\u00e9e\" \/>\n\t<meta name=\"twitter:data1\" content=\"5 minutes\" \/>\n<script type=\"application\/ld+json\" class=\"yoast-schema-graph\">{\"@context\":\"https:\/\/schema.org\",\"@graph\":[{\"@type\":\"WebSite\",\"@id\":\"https:\/\/mrgreencasinos.com\/#website\",\"url\":\"https:\/\/mrgreencasinos.com\/\",\"name\":\"Casino MR Green\",\"description\":\"\",\"potentialAction\":[{\"@type\":\"SearchAction\",\"target\":{\"@type\":\"EntryPoint\",\"urlTemplate\":\"https:\/\/mrgreencasinos.com\/?s={search_term_string}\"},\"query-input\":\"required name=search_term_string\"}],\"inLanguage\":\"fr-FR\"},{\"@type\":\"WebPage\",\"@id\":\"https:\/\/mrgreencasinos.com\/fr\/pokies\/#webpage\",\"url\":\"https:\/\/mrgreencasinos.com\/fr\/pokies\/\",\"name\":\"Jouez aux Machines \\u00e0 Sous en ligne | Casino Mr Green\",\"isPartOf\":{\"@id\":\"https:\/\/mrgreencasinos.com\/#website\"},\"datePublished\":\"2022-01-21T07:43:15+00:00\",\"dateModified\":\"2022-08-09T10:15:20+00:00\",\"description\":\"Machines \\u00e0 sous MR Green. Aper\\u00e7u de la gamme de machines \\u00e0 sous. Jouez pour de l'argent r\\u00e9el et gratuitement. D\\u00e9crochez le jackpot au MR Green Casino\",\"breadcrumb\":{\"@id\":\"https:\/\/mrgreencasinos.com\/fr\/pokies\/#breadcrumb\"},\"inLanguage\":\"fr-FR\",\"potentialAction\":[{\"@type\":\"ReadAction\",\"target\":[\"https:\/\/mrgreencasinos.com\/fr\/pokies\/\"]}]},{\"@type\":\"BreadcrumbList\",\"@id\":\"https:\/\/mrgreencasinos.com\/fr\/pokies\/#breadcrumb\",\"itemListElement\":[{\"@type\":\"ListItem\",\"position\":1,\"name\":\"Home\",\"item\":\"https:\/\/mrgreencasinos.com\/fr\/review-of-the-official-mr-green-website\/\"},{\"@type\":\"ListItem\",\"position\":2,\"name\":\"Pokies\"}]}]}<\/script>\n<!-- \/ Yoast SEO plugin. -->","yoast_head_json":{"title":"Jouez aux Machines \u00e0 Sous en ligne | Casino Mr Green","description":"Machines \u00e0 sous MR Green. Aper\u00e7u de la gamme de machines \u00e0 sous. Jouez pour de l'argent r\u00e9el et gratuitement. D\u00e9crochez le jackpot au MR Green Casino","robots":{"index":"index","follow":"follow","max-snippet":"max-snippet:-1","max-image-preview":"max-image-preview:large","max-video-preview":"max-video-preview:-1"},"canonical":"https:\/\/mrgreencasinos.com\/fr\/pokies\/","og_type":"article","og_title":"Jouez aux Machines \u00e0 Sous en ligne | Casino Mr Green","og_description":"Machines \u00e0 sous MR Green. Aper\u00e7u de la gamme de machines \u00e0 sous. Jouez pour de l'argent r\u00e9el et gratuitement. D\u00e9crochez le jackpot au MR Green Casino","og_url":"https:\/\/mrgreencasinos.com\/fr\/pokies\/","og_site_name":"Casino MR Green","article_modified_time":"2022-08-09T10:15:20+00:00","twitter_card":"summary_large_image","twitter_misc":{"Dur\u00e9e de lecture estim\u00e9e":"5 minutes"},"schema":{"@context":"https:\/\/schema.org","@graph":[{"@type":"WebSite","@id":"https:\/\/mrgreencasinos.com\/#website","url":"https:\/\/mrgreencasinos.com\/","name":"Casino MR Green","description":"","potentialAction":[{"@type":"SearchAction","target":{"@type":"EntryPoint","urlTemplate":"https:\/\/mrgreencasinos.com\/?s={search_term_string}"},"query-input":"required name=search_term_string"}],"inLanguage":"fr-FR"},{"@type":"WebPage","@id":"https:\/\/mrgreencasinos.com\/fr\/pokies\/#webpage","url":"https:\/\/mrgreencasinos.com\/fr\/pokies\/","name":"Jouez aux Machines \u00e0 Sous en ligne | Casino Mr Green","isPartOf":{"@id":"https:\/\/mrgreencasinos.com\/#website"},"datePublished":"2022-01-21T07:43:15+00:00","dateModified":"2022-08-09T10:15:20+00:00","description":"Machines \u00e0 sous MR Green. Aper\u00e7u de la gamme de machines \u00e0 sous. Jouez pour de l'argent r\u00e9el et gratuitement. D\u00e9crochez le jackpot au MR Green Casino","breadcrumb":{"@id":"https:\/\/mrgreencasinos.com\/fr\/pokies\/#breadcrumb"},"inLanguage":"fr-FR","potentialAction":[{"@type":"ReadAction","target":["https:\/\/mrgreencasinos.com\/fr\/pokies\/"]}]},{"@type":"BreadcrumbList","@id":"https:\/\/mrgreencasinos.com\/fr\/pokies\/#breadcrumb","itemListElement":[{"@type":"ListItem","position":1,"name":"Home","item":"https:\/\/mrgreencasinos.com\/fr\/review-of-the-official-mr-green-website\/"},{"@type":"ListItem","position":2,"name":"Pokies"}]}]}},"_links":{"self":[{"href":"https:\/\/mrgreencasinos.com\/fr\/wp-json\/wp\/v2\/pages\/287","targetHints":{"allow":["GET"]}}],"collection":[{"href":"https:\/\/mrgreencasinos.com\/fr\/wp-json\/wp\/v2\/pages"}],"about":[{"href":"https:\/\/mrgreencasinos.com\/fr\/wp-json\/wp\/v2\/types\/page"}],"author":[{"embeddable":true,"href":"https:\/\/mrgreencasinos.com\/fr\/wp-json\/wp\/v2\/users\/1"}],"replies":[{"embeddable":true,"href":"https:\/\/mrgreencasinos.com\/fr\/wp-json\/wp\/v2\/comments?post=287"}],"version-history":[{"count":6,"href":"https:\/\/mrgreencasinos.com\/fr\/wp-json\/wp\/v2\/pages\/287\/revisions"}],"predecessor-version":[{"id":767,"href":"https:\/\/mrgreencasinos.com\/fr\/wp-json\/wp\/v2\/pages\/287\/revisions\/767"}],"wp:attachment":[{"href":"https:\/\/mrgreencasinos.com\/fr\/wp-json\/wp\/v2\/media?parent=287"}],"curies":[{"name":"wp","href":"https:\/\/api.w.org\/{rel}","templated":true}]}}