{"id":298,"date":"2022-04-27T10:41:42","date_gmt":"2022-04-27T10:41:42","guid":{"rendered":"https:\/\/mrgreencasinos.com\/?page_id=298"},"modified":"2022-08-05T13:27:22","modified_gmt":"2022-08-05T13:27:22","slug":"table-games","status":"publish","type":"page","link":"https:\/\/mrgreencasinos.com\/fr\/table-games\/","title":{"rendered":"Jeux de table au casino en ligne Mr Green"},"content":{"rendered":"<p><img loading=\"lazy\" decoding=\"async\" class=\" wp-image-294 aligncenter\" src=\"https:\/\/mrgreencasinos.com\/wp-content\/uploads\/2022\/04\/tg-mystery-card-roulette-300x171.jpg\" alt=\"table games\" width=\"771\" height=\"440\" srcset=\"https:\/\/mrgreencasinos.com\/wp-content\/uploads\/2022\/04\/tg-mystery-card-roulette-300x171.jpg 300w, https:\/\/mrgreencasinos.com\/wp-content\/uploads\/2022\/04\/tg-mystery-card-roulette.jpg 700w\" sizes=\"auto, (max-width: 771px) 100vw, 771px\" \/><\/p>\n<p>Le divertissement le plus populaire aujourd&rsquo;hui est les machines \u00e0 sous. Ils attirent le plus grand nombre de personnes \u00e0 la fois dans les casinos r\u00e9guliers et sur Internet. Dans le m\u00eame temps, de nombreux connaisseurs affirment que les vrais connaisseurs du jeu pr\u00e9f\u00e8rent les machines \u00e0 sous au divertissement \u00e0 la table de jeu. Lire cette critique des jeux de table Mr Green.<\/p>\n<div class=\"t-go\"><a href=\"\/go-casino\/?brand=mrgreen\">BONUS DE R\u00c9CLAMATION<\/a><\/div>\n<h2>Quel est le secret de la popularit\u00e9 des jeux de table ?<\/h2>\n<p>L&rsquo;histoire des jeux de soci\u00e9t\u00e9 remonte \u00e0 l&rsquo;av\u00e8nement de l&rsquo;argent. Avec le d\u00e9veloppement de la civilisation, ces divertissements sont devenus de plus en plus int\u00e9ressants et fascinants. Si auparavant, il n&rsquo;\u00e9tait possible de v\u00e9rifier leur chance que dans de vrais clubs de jeu, mais aujourd&rsquo;hui, les joueurs sont disponibles \u00e0 des jeux de table pour de l&rsquo;argent r\u00e9el, M. Green.<\/p>\n<p>Le jeu est une incitation puissante et la principale raison pour laquelle les jeux de table tels que la roulette ou le baccarat sont si populaires parmi les joueurs ukrainiens. Gr\u00e2ce \u00e0 eux, vous pouvez en quelques minutes casser un gros score. Ou perdre une fortune &#8211; tout d\u00e9pend de Lady Fortune. Et si les d\u00e9s sont un \u00e9l\u00e9ment de chance, la capacit\u00e9 de compter les coups de votre adversaire et de faire une pr\u00e9diction correcte est tr\u00e8s importante au poker.<\/p>\n<p>Parmi les personnalit\u00e9s c\u00e9l\u00e8bres, il y en a beaucoup qui jouent r\u00e9guli\u00e8rement aux jeux de table. Le jeu pr\u00e9f\u00e9r\u00e9 de Napol\u00e9on Ier \u00e9tait le blackjack. Tobey Maguire et Ben Affleck excellent au poker et se sont m\u00eame assis \u00e0 la m\u00eame table. Michael Jordan passe souvent son temps \u00e0 jouer au craps, et m\u00eame Elizabeth II joue \u00e0 la roulette.<\/p>\n<h2>Diff\u00e9rents types de jeux de table en ligne<\/h2>\n<p>Dans tous les casinos en ligne, sans exception, vous pouvez trouver des tables o\u00f9 se rassemblent un grand nombre de joueurs. Ce sont diff\u00e9rentes versions du <a href=\"https:\/\/mrgreencasinos.com\/fr\/baccarat\/\">baccarat<\/a>, du blackjack et de la roulette. Ils fonctionnent aussi bien sur les ordinateurs que sur les smartphones, diff\u00e8rent des r\u00e8gles des machines \u00e0 sous vid\u00e9o, des conditions de gain. Ci-dessous, nous passerons en revue la liste principale des jeux de cartes de table Mr Green.<\/p>\n<p>Vid\u00e9o poker. Les r\u00e8gles du jeu sont les m\u00eames qu&rsquo;au poker \u00e0 cinq cartes avec \u00e9change. Les gains sont accumul\u00e9s si le pari gagnant est jou\u00e9. Les joueurs prennent de nouvelles cartes ou corrigent celles en main. Il est possible d&rsquo;exp\u00e9rimenter diff\u00e9rentes tactiques et strat\u00e9gies.<br \/>\nBlackjack. L&rsquo;un des plus anciens jeux de hasard. Pendant des centaines d&rsquo;ann\u00e9es, les r\u00e8gles sont rest\u00e9es inchang\u00e9es. L&rsquo;essentiel est d&rsquo;obtenir 21 points. De plus, le joueur gagne s&rsquo;il a plus de points que le croupier. Les cartes peuvent \u00eatre fixes, changeantes, en appliquant diff\u00e9rentes strat\u00e9gies.<br \/>\nRoulette. La popularit\u00e9 de la roulette dans les casinos en ligne en Ukraine est sans concurrence. Sur la table de jeu se trouve un rouet qui est divis\u00e9 en secteurs color\u00e9s avec des chiffres. Le participant parie sur des num\u00e9ros pairs et impairs, rouges ou noirs, un ou plusieurs num\u00e9ros.<br \/>\nChien rouge. Au c\u0153ur du divertissement de jeu Red Dog, le concept de la propagation. Vous devez calculer la moyenne entre les cartes hautes et basses.<br \/>\nBaccara. Essayez de deviner qui va gagner &#8211; le revendeur ou l&rsquo;utilisateur. Si vous devinez un match nul, les gains seront de 9 contre 1.<br \/>\n<a href=\"https:\/\/mrgreencasinos.com\/fr\/keno\/\">K\u00e9no<\/a>. Le joueur choisit 15 num\u00e9ros sur 80. Le gain maximum pouvant \u00eatre obtenu atteint 10 000 paris.<\/p>\n<div class=\"t-go\"><a href=\"\/go-casino\/?brand=mrgreen\">BONUS DE R\u00c9CLAMATION<\/a><\/div>\n<h2>Comment jouer aux jeux de table ?<\/h2>\n<p>Lors de la premi\u00e8re \u00e9tape, vous devez \u00e9tudier attentivement les r\u00e8gles et vous entra\u00eener gratuitement sur les versions de d\u00e9monstration des jeux de table. Ensuite, vous pouvez passer aux paris en argent r\u00e9el, en commen\u00e7ant par de petites sommes. Des qualit\u00e9s cl\u00e9s qui contribuent \u00e0 augmenter les chances de gagner : la ma\u00eetrise de soi, la capacit\u00e9 \u00e0 penser logiquement et un esprit d&rsquo;analyse. Au fil du temps, chaque joueur d\u00e9veloppe sa propre strat\u00e9gie. Comme base primaire \u00ab\u00a0base\u00a0\u00bb on peut prendre des \u00e9l\u00e9ments de techniques d\u00e9j\u00e0 connues :<\/p>\n<p>Strat\u00e9gie martingale : un pari fait apr\u00e8s avoir perdu doit \u00eatre deux fois plus gros que le pr\u00e9c\u00e9dent. Ayant gagn\u00e9, il faut r\u00e9duire les risques deux fois, jusqu&rsquo;au premier coup \u00ab\u00a0vide\u00a0\u00bb (c&rsquo;est important pour la roulette).<\/p>\n<p>Au poker, la tactique des paris multiples et compl\u00e9mentaires faits simultan\u00e9ment \u00e0 diff\u00e9rentes tables peut \u00eatre appliqu\u00e9e.<\/p>\n<p>Chacune des strat\u00e9gies propos\u00e9es ou d\u00e9velopp\u00e9es ind\u00e9pendamment devrait \u00eatre test\u00e9e dans les meilleurs jeux de table Mr Green.<\/p>\n<p><img loading=\"lazy\" decoding=\"async\" class=\" wp-image-296 aligncenter\" src=\"https:\/\/mrgreencasinos.com\/wp-content\/uploads\/2022\/04\/SIX-CARD-POKER-300x171.jpg\" alt=\"table games casino\" width=\"737\" height=\"420\" srcset=\"https:\/\/mrgreencasinos.com\/wp-content\/uploads\/2022\/04\/SIX-CARD-POKER-300x171.jpg 300w, https:\/\/mrgreencasinos.com\/wp-content\/uploads\/2022\/04\/SIX-CARD-POKER.jpg 700w\" sizes=\"auto, (max-width: 737px) 100vw, 737px\" \/><\/p>\n<h2>Caract\u00e9ristiques des jeux en direct<\/h2>\n<p>Consid\u00e9rez les diff\u00e9rences, ainsi que les c\u00f4t\u00e9s positifs et n\u00e9gatifs des jeux de table en direct Mr Green :<\/p>\n<p>Blackjack. De nombreux joueurs choisissent de jouer dans l&rsquo;espoir de pouvoir calculer les cartes et agir sur telle ou telle strat\u00e9gie. Mais l&rsquo;administration du casino en ligne a depuis longtemps trouv\u00e9 comment \u00e9liminer cette vuln\u00e9rabilit\u00e9. \u00c0 cet \u00e9gard, les concessionnaires \u00ab\u00a0coupent\u00a0\u00bb un demi-morceau, ce qui annule la possibilit\u00e9 d&rsquo;erreur de calcul de la part des joueurs. De plus, avant une nouvelle donne, certaines des cartes sont distribu\u00e9es dans l&rsquo;obscurit\u00e9, ce qui emp\u00eache \u00e9galement une erreur de calcul claire du jeu. Le blackjack ne diff\u00e8re du blackjack habituel que par la pr\u00e9sence d&rsquo;une atmosph\u00e8re appropri\u00e9e et la capacit\u00e9 de communiquer avec un employ\u00e9 de l&rsquo;\u00e9tablissement et d&rsquo;autres visiteurs.<br \/>\nBaccara. Ce jeu a toujours impliqu\u00e9 une communication en direct entre les participants. D\u00e8s lors, le format standard du jeu en ligne devient vite lassant. La pr\u00e9sence du chat donne la possibilit\u00e9 de cr\u00e9er le processus le plus r\u00e9aliste du jeu, mais aussi de lui ajouter de la vivacit\u00e9.<br \/>\nRoulette. De nombreux joueurs s&rsquo;accordent \u00e0 dire que la roulette en direct n&rsquo;est pas tr\u00e8s diff\u00e9rente du jeu en ligne classique. Le jeu n&rsquo;a pas de calculs math\u00e9matiques, donc guid\u00e9 uniquement par l&rsquo;intuition. Le principal avantage &#8211; une image de qualit\u00e9 et la possibilit\u00e9 de communiquer en direct avec un lien vid\u00e9o.<br \/>\nHold&#8217;em. Il est tr\u00e8s difficile de comparer le jeu habituel avec le jeu avec des croupiers professionnels. Le principal avantage du jeu en ligne est la pr\u00e9sence d&rsquo;un chat et d&rsquo;une compagnie agr\u00e9able.<\/p>\n<p>Jouer avec des croupiers professionnels implique toujours de parier avec de l&rsquo;argent r\u00e9el. Si diff\u00e9rentes machines \u00e0 sous peuvent \u00eatre jou\u00e9es gratuitement sans inscription en mode d\u00e9mo, le casino en ligne n&rsquo;implique pas cette fonction.<\/p>\n<div class=\"t-go\"><a href=\"\/go-casino\/?brand=mrgreen\">BONUS DE R\u00c9CLAMATION<\/a><\/div>\n<h2>Comment jouer au casino en ligne pour de l&rsquo;argent ?<\/h2>\n<p>Le divertissement est uniquement pour les vrais paris. Sur certaines plateformes, il est permis de parier en crypto-monnaies. Il n&rsquo;y a pas de version de d\u00e9monstration, il est donc impossible de tester le divertissement sans d\u00e9penser son propre argent.<\/p>\n<p>Une r\u00e8gle importante dans tous les casinos en ligne est l&rsquo;enregistrement du joueur. Dans un bureau priv\u00e9, vous devez effectuer un d\u00e9p\u00f4t avant de commencer \u00e0 jouer pour de l&rsquo;argent. Ensuite, choisissez n&rsquo;importe quel divertissement en ligne pratique et profitez du processus de jeu avec des croupiers. De plus, vous attendez souvent un bonus sans d\u00e9p\u00f4t pour les jeux de table Mr Green.<\/p>\n<h2>FAQ<\/h2>\n<h3>Quoi de mieux &#8211; les jeux de table en ligne Mr Green ou les machines ?<\/h3>\n<p>Tout type de divertissement est int\u00e9ressant. Les <a href=\"https:\/\/mrgreencasinos.com\/fr\/pokies\/\">machines \u00e0 sous<\/a> \u00e9tonnent la polyvalence de l&rsquo;imagination de l&rsquo;intrigue, des graphismes int\u00e9ressants. Les r\u00e8gles pour chaque machine d\u00e9finissent le fournisseur lui-m\u00eame. Dans les jeux de table en ligne Mr Green, ce sont les m\u00eames. Cependant, dans ces cas, la strat\u00e9gie choisie est d\u00e9terminante pour les gains.<\/p>\n<h3>Est-il possible de gagner si vous utilisez des strat\u00e9gies ?<\/h3>\n<p>Telle ou cette tactique ne garantit pas une victoire. Cependant, cela donne un avantage sur le casino.<\/p>\n<h3>A quels jeux de soci\u00e9t\u00e9 peut-on jouer gratuitement ?<\/h3>\n<p>Jeux de table gratuits Mr Green que vous pouvez essayer \u00e0 n&rsquo;importe quel endroit. Il est pr\u00e9f\u00e9rable de commencer par le mode d\u00e9mo pour pratiquer vos comp\u00e9tences.<\/p>\n","protected":false},"excerpt":{"rendered":"<p>Le divertissement le plus populaire aujourd&rsquo;hui est les machines \u00e0 sous. Ils attirent le plus grand nombre de personnes \u00e0 [&hellip;]<\/p>\n","protected":false},"author":1,"featured_media":0,"parent":0,"menu_order":0,"comment_status":"closed","ping_status":"closed","template":"page-templates\/template_fullwidth.php","meta":{"footnotes":""},"class_list":["post-298","page","type-page","status-publish","hentry"],"acf":[],"yoast_head":"<!-- This site is optimized with the Yoast SEO plugin v17.9 - https:\/\/yoast.com\/wordpress\/plugins\/seo\/ -->\n<title>Jeux de table au casino Mrgreen - Blackjack, Poker, et plus<\/title>\n<meta name=\"description\" content=\"Toutes les informations sur les jeux de table dans le casino, les r\u00e8gles, les types et bien plus encore dans notre revue - Mrgreen Casino\" \/>\n<meta name=\"robots\" content=\"index, follow, max-snippet:-1, max-image-preview:large, max-video-preview:-1\" \/>\n<link rel=\"canonical\" href=\"https:\/\/mrgreencasinos.com\/fr\/table-games\/\" \/>\n<meta property=\"og:type\" content=\"article\" \/>\n<meta property=\"og:title\" content=\"Jeux de table au casino Mrgreen - Blackjack, Poker, et plus\" \/>\n<meta property=\"og:description\" content=\"Toutes les informations sur les jeux de table dans le casino, les r\u00e8gles, les types et bien plus encore dans notre revue - Mrgreen Casino\" \/>\n<meta property=\"og:url\" content=\"https:\/\/mrgreencasinos.com\/fr\/table-games\/\" \/>\n<meta property=\"og:site_name\" content=\"Casino MR Green\" \/>\n<meta property=\"article:modified_time\" content=\"2022-08-05T13:27:22+00:00\" \/>\n<meta property=\"og:image\" content=\"https:\/\/mrgreencasinos.com\/wp-content\/uploads\/2022\/04\/tg-mystery-card-roulette-300x171.jpg\" \/>\n<meta name=\"twitter:card\" content=\"summary_large_image\" \/>\n<meta name=\"twitter:label1\" content=\"Dur\u00e9e de lecture estim\u00e9e\" \/>\n\t<meta name=\"twitter:data1\" content=\"6 minutes\" \/>\n<script type=\"application\/ld+json\" class=\"yoast-schema-graph\">{\"@context\":\"https:\/\/schema.org\",\"@graph\":[{\"@type\":\"WebSite\",\"@id\":\"https:\/\/mrgreencasinos.com\/#website\",\"url\":\"https:\/\/mrgreencasinos.com\/\",\"name\":\"Casino MR Green\",\"description\":\"\",\"potentialAction\":[{\"@type\":\"SearchAction\",\"target\":{\"@type\":\"EntryPoint\",\"urlTemplate\":\"https:\/\/mrgreencasinos.com\/?s={search_term_string}\"},\"query-input\":\"required name=search_term_string\"}],\"inLanguage\":\"fr-FR\"},{\"@type\":\"ImageObject\",\"@id\":\"https:\/\/mrgreencasinos.com\/fr\/table-games\/#primaryimage\",\"inLanguage\":\"fr-FR\",\"url\":\"https:\/\/mrgreencasinos.com\/wp-content\/uploads\/2022\/04\/tg-mystery-card-roulette.jpg\",\"contentUrl\":\"https:\/\/mrgreencasinos.com\/wp-content\/uploads\/2022\/04\/tg-mystery-card-roulette.jpg\",\"width\":700,\"height\":400,\"caption\":\"table games\"},{\"@type\":\"WebPage\",\"@id\":\"https:\/\/mrgreencasinos.com\/fr\/table-games\/#webpage\",\"url\":\"https:\/\/mrgreencasinos.com\/fr\/table-games\/\",\"name\":\"Jeux de table au casino Mrgreen - Blackjack, Poker, et plus\",\"isPartOf\":{\"@id\":\"https:\/\/mrgreencasinos.com\/#website\"},\"primaryImageOfPage\":{\"@id\":\"https:\/\/mrgreencasinos.com\/fr\/table-games\/#primaryimage\"},\"datePublished\":\"2022-04-27T10:41:42+00:00\",\"dateModified\":\"2022-08-05T13:27:22+00:00\",\"description\":\"Toutes les informations sur les jeux de table dans le casino, les r\\u00e8gles, les types et bien plus encore dans notre revue - Mrgreen Casino\",\"breadcrumb\":{\"@id\":\"https:\/\/mrgreencasinos.com\/fr\/table-games\/#breadcrumb\"},\"inLanguage\":\"fr-FR\",\"potentialAction\":[{\"@type\":\"ReadAction\",\"target\":[\"https:\/\/mrgreencasinos.com\/fr\/table-games\/\"]}]},{\"@type\":\"BreadcrumbList\",\"@id\":\"https:\/\/mrgreencasinos.com\/fr\/table-games\/#breadcrumb\",\"itemListElement\":[{\"@type\":\"ListItem\",\"position\":1,\"name\":\"Home\",\"item\":\"https:\/\/mrgreencasinos.com\/fr\/review-of-the-official-mr-green-website\/\"},{\"@type\":\"ListItem\",\"position\":2,\"name\":\"Jeux de table au casino en ligne Mr Green\"}]}]}<\/script>\n<!-- \/ Yoast SEO plugin. -->","yoast_head_json":{"title":"Jeux de table au casino Mrgreen - Blackjack, Poker, et plus","description":"Toutes les informations sur les jeux de table dans le casino, les r\u00e8gles, les types et bien plus encore dans notre revue - Mrgreen Casino","robots":{"index":"index","follow":"follow","max-snippet":"max-snippet:-1","max-image-preview":"max-image-preview:large","max-video-preview":"max-video-preview:-1"},"canonical":"https:\/\/mrgreencasinos.com\/fr\/table-games\/","og_type":"article","og_title":"Jeux de table au casino Mrgreen - Blackjack, Poker, et plus","og_description":"Toutes les informations sur les jeux de table dans le casino, les r\u00e8gles, les types et bien plus encore dans notre revue - Mrgreen Casino","og_url":"https:\/\/mrgreencasinos.com\/fr\/table-games\/","og_site_name":"Casino MR Green","article_modified_time":"2022-08-05T13:27:22+00:00","og_image":[{"url":"https:\/\/mrgreencasinos.com\/wp-content\/uploads\/2022\/04\/tg-mystery-card-roulette-300x171.jpg"}],"twitter_card":"summary_large_image","twitter_misc":{"Dur\u00e9e de lecture estim\u00e9e":"6 minutes"},"schema":{"@context":"https:\/\/schema.org","@graph":[{"@type":"WebSite","@id":"https:\/\/mrgreencasinos.com\/#website","url":"https:\/\/mrgreencasinos.com\/","name":"Casino MR Green","description":"","potentialAction":[{"@type":"SearchAction","target":{"@type":"EntryPoint","urlTemplate":"https:\/\/mrgreencasinos.com\/?s={search_term_string}"},"query-input":"required name=search_term_string"}],"inLanguage":"fr-FR"},{"@type":"ImageObject","@id":"https:\/\/mrgreencasinos.com\/fr\/table-games\/#primaryimage","inLanguage":"fr-FR","url":"https:\/\/mrgreencasinos.com\/wp-content\/uploads\/2022\/04\/tg-mystery-card-roulette.jpg","contentUrl":"https:\/\/mrgreencasinos.com\/wp-content\/uploads\/2022\/04\/tg-mystery-card-roulette.jpg","width":700,"height":400,"caption":"table games"},{"@type":"WebPage","@id":"https:\/\/mrgreencasinos.com\/fr\/table-games\/#webpage","url":"https:\/\/mrgreencasinos.com\/fr\/table-games\/","name":"Jeux de table au casino Mrgreen - Blackjack, Poker, et plus","isPartOf":{"@id":"https:\/\/mrgreencasinos.com\/#website"},"primaryImageOfPage":{"@id":"https:\/\/mrgreencasinos.com\/fr\/table-games\/#primaryimage"},"datePublished":"2022-04-27T10:41:42+00:00","dateModified":"2022-08-05T13:27:22+00:00","description":"Toutes les informations sur les jeux de table dans le casino, les r\u00e8gles, les types et bien plus encore dans notre revue - Mrgreen Casino","breadcrumb":{"@id":"https:\/\/mrgreencasinos.com\/fr\/table-games\/#breadcrumb"},"inLanguage":"fr-FR","potentialAction":[{"@type":"ReadAction","target":["https:\/\/mrgreencasinos.com\/fr\/table-games\/"]}]},{"@type":"BreadcrumbList","@id":"https:\/\/mrgreencasinos.com\/fr\/table-games\/#breadcrumb","itemListElement":[{"@type":"ListItem","position":1,"name":"Home","item":"https:\/\/mrgreencasinos.com\/fr\/review-of-the-official-mr-green-website\/"},{"@type":"ListItem","position":2,"name":"Jeux de table au casino en ligne Mr Green"}]}]}},"_links":{"self":[{"href":"https:\/\/mrgreencasinos.com\/fr\/wp-json\/wp\/v2\/pages\/298","targetHints":{"allow":["GET"]}}],"collection":[{"href":"https:\/\/mrgreencasinos.com\/fr\/wp-json\/wp\/v2\/pages"}],"about":[{"href":"https:\/\/mrgreencasinos.com\/fr\/wp-json\/wp\/v2\/types\/page"}],"author":[{"embeddable":true,"href":"https:\/\/mrgreencasinos.com\/fr\/wp-json\/wp\/v2\/users\/1"}],"replies":[{"embeddable":true,"href":"https:\/\/mrgreencasinos.com\/fr\/wp-json\/wp\/v2\/comments?post=298"}],"version-history":[{"count":5,"href":"https:\/\/mrgreencasinos.com\/fr\/wp-json\/wp\/v2\/pages\/298\/revisions"}],"predecessor-version":[{"id":774,"href":"https:\/\/mrgreencasinos.com\/fr\/wp-json\/wp\/v2\/pages\/298\/revisions\/774"}],"wp:attachment":[{"href":"https:\/\/mrgreencasinos.com\/fr\/wp-json\/wp\/v2\/media?parent=298"}],"curies":[{"name":"wp","href":"https:\/\/api.w.org\/{rel}","templated":true}]}}