{"id":308,"date":"2022-04-27T10:53:21","date_gmt":"2022-04-27T10:53:21","guid":{"rendered":"https:\/\/mrgreencasinos.com\/?page_id=308"},"modified":"2022-07-21T14:57:21","modified_gmt":"2022-07-21T14:57:21","slug":"promotions","status":"publish","type":"page","link":"https:\/\/mrgreencasinos.com\/fr\/promotions\/","title":{"rendered":"Les promotions de Mr Green Casino"},"content":{"rendered":"<p><span style=\"font-weight: 400;\"><img loading=\"lazy\" decoding=\"async\" class=\" wp-image-304 aligncenter\" src=\"https:\/\/mrgreencasinos.com\/wp-content\/uploads\/2022\/04\/mrgreen-300x163.jpg\" alt=\"promotions\" width=\"747\" height=\"406\" srcset=\"https:\/\/mrgreencasinos.com\/wp-content\/uploads\/2022\/04\/mrgreen-300x163.jpg 300w, https:\/\/mrgreencasinos.com\/wp-content\/uploads\/2022\/04\/mrgreen-768x417.jpg 768w, https:\/\/mrgreencasinos.com\/wp-content\/uploads\/2022\/04\/mrgreen-720x391.jpg 720w, https:\/\/mrgreencasinos.com\/wp-content\/uploads\/2022\/04\/mrgreen.jpg 1000w\" sizes=\"auto, (max-width: 747px) 100vw, 747px\" \/><\/span><\/p>\n<p>Qui n&rsquo;aime pas les promotions du casino Mr Green ? Souvent, les fans de jeux d&rsquo;argent sur Internet ne sont inscrits dans les casinos en ligne que pour des promotions. Th\u00e9oriquement, les op\u00e9rateurs de jeux d&rsquo;argent n&rsquo;approuvent pas de telles actions, mais en pratique, ils ne sont pas tr\u00e8s d\u00e9sireux de les arr\u00eater, car il est beaucoup plus facile de garder le client que de le convaincre de cr\u00e9er un compte.<\/p>\n<div class=\"t-go\"><a href=\"\/go-casino\/?brand=mrgreen\">BONUS DE R\u00c9CLAMATION<\/a><\/div>\n<h2>Types de bonus de casino<\/h2>\n<p>Au sens large, les promotions de casino en ligne Mr Green d\u00e9signent tous les cadeaux, prix et promotions que les casinos en ligne offrent aux clients nouveaux et r\u00e9guliers.<\/p>\n<p>Ils peuvent \u00eatre divis\u00e9s en plusieurs grandes cat\u00e9gories :<\/p>\n<ul>\n<li>Bonus gratuits ;<\/li>\n<li>Bonus de d\u00e9p\u00f4t\u00a0;<\/li>\n<li>Bonus de remboursement\u00a0;<\/li>\n<li><a href=\"https:\/\/mrgreencasinos.com\/fr\/free-spins\/\">Tours gratuits<\/a>\u00a0;<\/li>\n<li>Points comp du programme de fid\u00e9lit\u00e9\u00a0;<\/li>\n<li>Autres types.<\/li>\n<\/ul>\n<p>Les sites de jeu en ligne organisent des promotions pour leurs joueurs. En obtenant les meilleures promotions du casino Mr Green, qui peuvent vraiment reconqu\u00e9rir, l&rsquo;utilisateur augmente sa bankroll de 50% \u00e0 200%. Une fois le pari termin\u00e9, l&rsquo;argent est disponible pour \u00eatre retir\u00e9 sur la carte ou le portefeuille \u00e9lectronique.<\/p>\n<h2>Quels bonus sont offerts dans les casinos en ligne ?<\/h2>\n<p>Les op\u00e9rateurs ont des promotions avec recharge et sans caution. Avant de les activer, il est n\u00e9cessaire de lire attentivement les termes et conditions. Cela vous aidera \u00e0 choisir la meilleure offre.<\/p>\n<p>Les op\u00e9rateurs proposent les types de promotions suivants\u00a0:<\/p>\n<ul>\n<li>Aucun d\u00e9p\u00f4t sous la forme d&rsquo;un petit montant ou de tours gratuits pour l&rsquo;enregistrement d&rsquo;un compte par un joueur.<\/li>\n<li>Bonus pour le premier d\u00e9p\u00f4t. Souvent, les sites proposent des packages de bienvenue pour plusieurs premiers d\u00e9p\u00f4ts \u00e0 la fois.<\/li>\n<li>Prime d&rsquo;anniversaire. La plupart du temps, il est re\u00e7u par des joueurs qui ont \u00e9t\u00e9 v\u00e9rifi\u00e9s.<\/li>\n<li>Rechargez pour un deuxi\u00e8me d\u00e9p\u00f4t.<\/li>\n<li>Promotions pour les joueurs avec des enjeux \u00e9lev\u00e9s.<\/li>\n<li>Remise en argent des fonds perdus.<\/li>\n<li>Programme de fid\u00e9lit\u00e9. Pour les paris sur les jeux de hasard, les utilisateurs re\u00e7oivent des points bonus, qui sont ensuite \u00e9chang\u00e9s contre de l&rsquo;argent r\u00e9el.<\/li>\n<li>Offres individuelles aux clients r\u00e9guliers.<\/li>\n<li><a href=\"https:\/\/mrgreencasinos.com\/fr\/vip\/\">Programme VIP<\/a>.<\/li>\n<\/ul>\n<p>Les nouveaux joueurs b\u00e9n\u00e9ficient des promotions de bienvenue du casino Mr Green Australia. Les Bezdep sont donn\u00e9s sous la forme de tours gratuits, des prix en esp\u00e8ces \u00e0 partir desquels il faut \u00e9galement miser. \u00c0 l&rsquo;avenir, utilisez les offres de rechargement, qui augmentent le d\u00e9p\u00f4t de 50\u00a0% \u00e0 150\u00a0%.<\/p>\n<p>Il existe des promotions distinctes pour les clients qui souhaitent faire des paris \u00e9lev\u00e9s. Pour eux, les limites du montant maximum du bonus sont augment\u00e9es. Mais aussi le d\u00e9p\u00f4t minimum est beaucoup plus important.<\/p>\n<h2>Jouer gratuitement<\/h2>\n<p>Les op\u00e9rateurs retournent aux clients une partie des fonds perdus. Le pourcentage d\u00e9pend du statut du joueur. L&rsquo;argent re\u00e7u n&rsquo;a pas besoin d&rsquo;\u00eatre mis\u00e9 et peut \u00eatre imm\u00e9diatement retir\u00e9 de votre compte.<\/p>\n<p>Les utilisateurs re\u00e7oivent \u00e9galement des offres individuelles. Par cons\u00e9quent, il est n\u00e9cessaire de s&rsquo;installer pour recevoir la liste de diffusion promotionnelle de l&rsquo;op\u00e9rateur par courrier \u00e9lectronique. Il est \u00e9galement possible de s&rsquo;abonner aux comptes du site dans les r\u00e9seaux sociaux.<\/p>\n<p>De bonnes r\u00e9compenses sont donn\u00e9es aux clients via le programme de fid\u00e9lit\u00e9. Les aires de jeux donnent des points aux utilisateurs. Plus un joueur obtient de points, plus son niveau sera \u00e9lev\u00e9. Pour cela, des avantages suppl\u00e9mentaires sont accord\u00e9s, notamment des promotions propos\u00e9es sous forme d&rsquo;argent pour un compte suppl\u00e9mentaire. Les limites de paiement sont augment\u00e9es et le temps de confirmation des demandes est r\u00e9duit. Le client b\u00e9n\u00e9ficie d&rsquo;un service personnalis\u00e9.<\/p>\n<div class=\"t-go\"><a href=\"\/go-casino\/?brand=mrgreen\">BONUS DE R\u00c9CLAMATION<\/a><\/div>\n<h2>Comment bien \u00e9valuer les conditions de mise ?<\/h2>\n<p>Pour choisir une bonne offre, l&rsquo;utilisateur doit la lire attentivement et la comparer avec les promotions d&rsquo;autres op\u00e9rateurs. Les conditions pr\u00eatent attention \u00e0:<\/p>\n<ul>\n<li>Pari.<\/li>\n<li>P\u00e9riode de pari.<\/li>\n<li>Jeux disponibles.<\/li>\n<li>Limitez les mises.<\/li>\n<li>Le montant maximum de retrait.<\/li>\n<li>Taille optimale de la mise<\/li>\n<\/ul>\n<p>Parier sur les promotions de bonus de casino Mr Green &#8211; signifie respecter le pari. Pourtant, ce chiffre est appel\u00e9 le facteur de mise. Il vous permet de d\u00e9terminer le montant auquel parier dans les jeux de hasard. Par exemple, pour un bonus de 100$ \u00e0 un coefficient de X35 il faut tourner dans les jeux 100&#215;35=$3500. Une fois le coefficient atteint, l&rsquo;argent est disponible pour le paiement. Vous pouvez suivre la performance du pari dans myAlpari dans la section des bonus actifs.<\/p>\n<p>Plus le coefficient est petit, plus il est facile de miser les fonds fournis. Les promotions offrent des options pour le pari de X35 et plus. Mises plus ou moins pratiques jusqu&rsquo;\u00e0 X50. Les offres sans d\u00e9p\u00f4t utilisent une valeur de pari allant jusqu&rsquo;\u00e0 X70.<\/p>\n<p><span style=\"font-weight: 400;\"><img loading=\"lazy\" decoding=\"async\" class=\" wp-image-306 aligncenter\" src=\"https:\/\/mrgreencasinos.com\/wp-content\/uploads\/2022\/04\/mr-green-casino-300x200.jpg\" alt=\"mr green\" width=\"809\" height=\"539\" srcset=\"https:\/\/mrgreencasinos.com\/wp-content\/uploads\/2022\/04\/mr-green-casino-300x200.jpg 300w, https:\/\/mrgreencasinos.com\/wp-content\/uploads\/2022\/04\/mr-green-casino.jpg 600w\" sizes=\"auto, (max-width: 809px) 100vw, 809px\" \/><\/span><\/p>\n<h2>Comment les restrictions affectent-elles la valeur du bonus ?<\/h2>\n<p>Lorsque vous choisissez une promotion, vous devez faire attention \u00e0 la p\u00e9riode de mise. Plus il y a de jours donn\u00e9s, moins l&rsquo;utilisateur doit se pr\u00e9cipiter. Ainsi, moins d&rsquo;erreurs seront commises. Par cons\u00e9quent, lors de l&rsquo;\u00e9valuation des conditions, il est pr\u00e9f\u00e9rable de choisir des offres avec une p\u00e9riode de mise plus longue. Pour les sites sans d\u00e9p\u00f4t, pr\u00e9voyez de 1 \u00e0 5 jours, et pour l&rsquo;argent accumul\u00e9, un d\u00e9p\u00f4t est accord\u00e9 jusqu&rsquo;\u00e0 1 mois.<\/p>\n<h2>Conditions de mise des bonus<\/h2>\n<p>Fondamentalement, les promotions de jeu gratuit du casino Mr Green pariant dans les machines \u00e0 sous. Dans la plupart des machines \u00e0 sous, 100% des paris effectu\u00e9s sont comptabilis\u00e9s. Dans le m\u00eame temps pour les autres jeux (roulette, poker, vid\u00e9o poker) le chiffre oscille entre 5% et 20%. Les jeux en direct ne peuvent pas \u00eatre utilis\u00e9s pour de l&rsquo;argent bonus. Les informations sur les paris disponibles sont pr\u00e9cis\u00e9es dans le r\u00e8glement du site.<\/p>\n<p>Parfois, les op\u00e9rateurs limitent l&rsquo;acc\u00e8s aux machines \u00e0 sous avec un RTP \u00e9lev\u00e9 de 98% ou plus aux utilisateurs qui ont des fonds sur un compte bonus. De cette fa\u00e7on, les casinos en ligne r\u00e9duisent les chances des clients de parier. Les utilisateurs de paris dans de telles machines sur le site ne comptent pas. Informations sur les restrictions pour les machines \u00e0 RTP \u00e9lev\u00e9 sp\u00e9cifi\u00e9es sur le site dans la section avec les r\u00e8gles.<\/p>\n<p>Les conditions pr\u00e9cisent la limite maximale du pari. Il est important d&rsquo;en tenir compte lors des paris. Pour les paris plus importants, les casinos en ligne radient l&rsquo;argent du compte bonus et annulent les gains. La limite du pari affecte les chances de terminer le pari. Une limite trop petite oblige l&rsquo;utilisateur \u00e0 faire plus de tours.<\/p>\n<p>Cela peut avoir un effet n\u00e9gatif sur la distance, car l&rsquo;op\u00e9rateur a un avantage de jeu sur le joueur.<\/p>\n<p>Pour les sites sans d\u00e9p\u00f4t, fixez des limites au montant maximum disponible pour le retrait. Habituellement, ce n&rsquo;est pas plus de X10 du montant des fonds re\u00e7us. Par cons\u00e9quent, lorsque vous atteignez le solde du montant requis, vous pouvez choisir des machines \u00e0 faible dispersion, qui vous permettent de conserver la bankroll pendant longtemps.<\/p>\n<p>Les op\u00e9rateurs sont en catimini, quand les conditions de promo prescrivent un vager bas. Dans ce cas, le coefficient est fix\u00e9 pour le montant total du d\u00e9p\u00f4t et de l&rsquo;argent du bonus. En cons\u00e9quence, le vrai sheager s&rsquo;av\u00e8re \u00eatre 2 fois plus \u00e9lev\u00e9 que le mat\u00e9riel promotionnel du casino. Sur cette nuance il faut pr\u00eater attention aux conditions de l&rsquo;action.<\/p>\n<div class=\"t-go\"><a href=\"\/go-casino\/?brand=mrgreen\">BONUS DE R\u00c9CLAMATION<\/a><\/div>\n<h2>Comment miser un bonus sur un casino en ligne ?<\/h2>\n<p>Les joueurs veulent trouver une r\u00e9ponse \u00e0 la question de savoir comment r\u00e9cup\u00e9rer les promotions de casino en direct Mr Green. Ce n&rsquo;est pas facile \u00e0 faire, car les op\u00e9rateurs ne donnent tout simplement pas d&rsquo;argent. Ils cr\u00e9ent des conditions pour rendre la t\u00e2che aussi difficile que possible. Cependant, il est toujours possible d&rsquo;effectuer des paris, si vous choisissez la bonne offre promotionnelle.<\/p>\n<p>Tout d&rsquo;abord, vous devez \u00e9tudier attentivement la description de l&rsquo;action. Ensuite, il sera clair quelles conditions doivent \u00eatre remplies. En cas de violation, l&rsquo;argent du bonus et les gains seront annul\u00e9s. Apr\u00e8s avoir activ\u00e9 la promo, il est impossible de retirer des fonds tant que le coefficient de mise requis n&rsquo;est pas atteint.<\/p>\n<h2>Choix de jeux pour parier<\/h2>\n<p>Il existe un indicateur tel que l&rsquo;esp\u00e9rance math\u00e9matique. Si vous \u00eates guid\u00e9 par celui-ci, vous pouvez choisir une machine \u00e0 sous appropri\u00e9e. Un tel jeu maximise les chances du joueur.<\/p>\n<p>\u00c0 titre d&rsquo;exemple, l&rsquo;attente pour les 100\u00a0$ et X50 re\u00e7us est de 100\/50=2\u00a0%. Pour r\u00e9duire l&rsquo;avantage du site \u00e0 0%, vous devez choisir des machines \u00e0 sous avec un RTP de 98%. Les machines \u00e0 sous avec un taux de rendement \u00e9lev\u00e9 traduisent une attente du c\u00f4t\u00e9 de l&rsquo;utilisateur. Cela augmente les chances d&rsquo;obtenir de bons gains.<\/p>\n<p>Dans la collection de jeux, les casinos en ligne ne sont pas tellement des machines avec un RTP de 98% ou plus. Mais ces machines \u00e0 sous le sont toujours. Les exemples incluent Jokerizer (98%) par Yggdrasil ou Blood Suckers par NetEnt. C&rsquo;est dans ces jeux avec les taux mentionn\u00e9s ci-dessus de l&rsquo;action pariant avec succ\u00e8s de l&rsquo;argent.<\/p>\n","protected":false},"excerpt":{"rendered":"<p>Qui n&rsquo;aime pas les promotions du casino Mr Green ? Souvent, les fans de jeux d&rsquo;argent sur Internet ne sont [&hellip;]<\/p>\n","protected":false},"author":1,"featured_media":0,"parent":0,"menu_order":0,"comment_status":"closed","ping_status":"closed","template":"page-templates\/template_fullwidth.php","meta":{"footnotes":""},"class_list":["post-308","page","type-page","status-publish","hentry"],"acf":[],"yoast_head":"<!-- This site is optimized with the Yoast SEO plugin v17.9 - https:\/\/yoast.com\/wordpress\/plugins\/seo\/ -->\n<title>Promotions du casino en ligne chez Mr Green - mrgreencasinos.com<\/title>\n<meta name=\"description\" content=\"Promotions de casino en direct. Lisez notre critique du casino Mr Green et d\u00e9couvrez-en plus sur les nouveaux bonus et promotions\" \/>\n<meta name=\"robots\" content=\"index, follow, max-snippet:-1, max-image-preview:large, max-video-preview:-1\" \/>\n<link rel=\"canonical\" href=\"https:\/\/mrgreencasinos.com\/fr\/promotions\/\" \/>\n<meta property=\"og:type\" content=\"article\" \/>\n<meta property=\"og:title\" content=\"Promotions du casino en ligne chez Mr Green - mrgreencasinos.com\" \/>\n<meta property=\"og:description\" content=\"Promotions de casino en direct. Lisez notre critique du casino Mr Green et d\u00e9couvrez-en plus sur les nouveaux bonus et promotions\" \/>\n<meta property=\"og:url\" content=\"https:\/\/mrgreencasinos.com\/fr\/promotions\/\" \/>\n<meta property=\"og:site_name\" content=\"Casino MR Green\" \/>\n<meta property=\"article:modified_time\" content=\"2022-07-21T14:57:21+00:00\" \/>\n<meta property=\"og:image\" content=\"https:\/\/mrgreencasinos.com\/wp-content\/uploads\/2022\/04\/mrgreen-300x163.jpg\" \/>\n<meta name=\"twitter:card\" content=\"summary_large_image\" \/>\n<meta name=\"twitter:label1\" content=\"Dur\u00e9e de lecture estim\u00e9e\" \/>\n\t<meta name=\"twitter:data1\" content=\"7 minutes\" \/>\n<script type=\"application\/ld+json\" class=\"yoast-schema-graph\">{\"@context\":\"https:\/\/schema.org\",\"@graph\":[{\"@type\":\"WebSite\",\"@id\":\"https:\/\/mrgreencasinos.com\/#website\",\"url\":\"https:\/\/mrgreencasinos.com\/\",\"name\":\"Casino MR Green\",\"description\":\"\",\"potentialAction\":[{\"@type\":\"SearchAction\",\"target\":{\"@type\":\"EntryPoint\",\"urlTemplate\":\"https:\/\/mrgreencasinos.com\/?s={search_term_string}\"},\"query-input\":\"required name=search_term_string\"}],\"inLanguage\":\"fr-FR\"},{\"@type\":\"ImageObject\",\"@id\":\"https:\/\/mrgreencasinos.com\/fr\/promotions\/#primaryimage\",\"inLanguage\":\"fr-FR\",\"url\":\"https:\/\/mrgreencasinos.com\/wp-content\/uploads\/2022\/04\/mrgreen.jpg\",\"contentUrl\":\"https:\/\/mrgreencasinos.com\/wp-content\/uploads\/2022\/04\/mrgreen.jpg\",\"width\":1000,\"height\":543,\"caption\":\"promotions\"},{\"@type\":\"WebPage\",\"@id\":\"https:\/\/mrgreencasinos.com\/fr\/promotions\/#webpage\",\"url\":\"https:\/\/mrgreencasinos.com\/fr\/promotions\/\",\"name\":\"Promotions du casino en ligne chez Mr Green - mrgreencasinos.com\",\"isPartOf\":{\"@id\":\"https:\/\/mrgreencasinos.com\/#website\"},\"primaryImageOfPage\":{\"@id\":\"https:\/\/mrgreencasinos.com\/fr\/promotions\/#primaryimage\"},\"datePublished\":\"2022-04-27T10:53:21+00:00\",\"dateModified\":\"2022-07-21T14:57:21+00:00\",\"description\":\"Promotions de casino en direct. Lisez notre critique du casino Mr Green et d\\u00e9couvrez-en plus sur les nouveaux bonus et promotions\",\"breadcrumb\":{\"@id\":\"https:\/\/mrgreencasinos.com\/fr\/promotions\/#breadcrumb\"},\"inLanguage\":\"fr-FR\",\"potentialAction\":[{\"@type\":\"ReadAction\",\"target\":[\"https:\/\/mrgreencasinos.com\/fr\/promotions\/\"]}]},{\"@type\":\"BreadcrumbList\",\"@id\":\"https:\/\/mrgreencasinos.com\/fr\/promotions\/#breadcrumb\",\"itemListElement\":[{\"@type\":\"ListItem\",\"position\":1,\"name\":\"Home\",\"item\":\"https:\/\/mrgreencasinos.com\/fr\/review-of-the-official-mr-green-website\/\"},{\"@type\":\"ListItem\",\"position\":2,\"name\":\"Les promotions de Mr Green Casino\"}]}]}<\/script>\n<!-- \/ Yoast SEO plugin. -->","yoast_head_json":{"title":"Promotions du casino en ligne chez Mr Green - mrgreencasinos.com","description":"Promotions de casino en direct. Lisez notre critique du casino Mr Green et d\u00e9couvrez-en plus sur les nouveaux bonus et promotions","robots":{"index":"index","follow":"follow","max-snippet":"max-snippet:-1","max-image-preview":"max-image-preview:large","max-video-preview":"max-video-preview:-1"},"canonical":"https:\/\/mrgreencasinos.com\/fr\/promotions\/","og_type":"article","og_title":"Promotions du casino en ligne chez Mr Green - mrgreencasinos.com","og_description":"Promotions de casino en direct. Lisez notre critique du casino Mr Green et d\u00e9couvrez-en plus sur les nouveaux bonus et promotions","og_url":"https:\/\/mrgreencasinos.com\/fr\/promotions\/","og_site_name":"Casino MR Green","article_modified_time":"2022-07-21T14:57:21+00:00","og_image":[{"url":"https:\/\/mrgreencasinos.com\/wp-content\/uploads\/2022\/04\/mrgreen-300x163.jpg"}],"twitter_card":"summary_large_image","twitter_misc":{"Dur\u00e9e de lecture estim\u00e9e":"7 minutes"},"schema":{"@context":"https:\/\/schema.org","@graph":[{"@type":"WebSite","@id":"https:\/\/mrgreencasinos.com\/#website","url":"https:\/\/mrgreencasinos.com\/","name":"Casino MR Green","description":"","potentialAction":[{"@type":"SearchAction","target":{"@type":"EntryPoint","urlTemplate":"https:\/\/mrgreencasinos.com\/?s={search_term_string}"},"query-input":"required name=search_term_string"}],"inLanguage":"fr-FR"},{"@type":"ImageObject","@id":"https:\/\/mrgreencasinos.com\/fr\/promotions\/#primaryimage","inLanguage":"fr-FR","url":"https:\/\/mrgreencasinos.com\/wp-content\/uploads\/2022\/04\/mrgreen.jpg","contentUrl":"https:\/\/mrgreencasinos.com\/wp-content\/uploads\/2022\/04\/mrgreen.jpg","width":1000,"height":543,"caption":"promotions"},{"@type":"WebPage","@id":"https:\/\/mrgreencasinos.com\/fr\/promotions\/#webpage","url":"https:\/\/mrgreencasinos.com\/fr\/promotions\/","name":"Promotions du casino en ligne chez Mr Green - mrgreencasinos.com","isPartOf":{"@id":"https:\/\/mrgreencasinos.com\/#website"},"primaryImageOfPage":{"@id":"https:\/\/mrgreencasinos.com\/fr\/promotions\/#primaryimage"},"datePublished":"2022-04-27T10:53:21+00:00","dateModified":"2022-07-21T14:57:21+00:00","description":"Promotions de casino en direct. Lisez notre critique du casino Mr Green et d\u00e9couvrez-en plus sur les nouveaux bonus et promotions","breadcrumb":{"@id":"https:\/\/mrgreencasinos.com\/fr\/promotions\/#breadcrumb"},"inLanguage":"fr-FR","potentialAction":[{"@type":"ReadAction","target":["https:\/\/mrgreencasinos.com\/fr\/promotions\/"]}]},{"@type":"BreadcrumbList","@id":"https:\/\/mrgreencasinos.com\/fr\/promotions\/#breadcrumb","itemListElement":[{"@type":"ListItem","position":1,"name":"Home","item":"https:\/\/mrgreencasinos.com\/fr\/review-of-the-official-mr-green-website\/"},{"@type":"ListItem","position":2,"name":"Les promotions de Mr Green Casino"}]}]}},"_links":{"self":[{"href":"https:\/\/mrgreencasinos.com\/fr\/wp-json\/wp\/v2\/pages\/308","targetHints":{"allow":["GET"]}}],"collection":[{"href":"https:\/\/mrgreencasinos.com\/fr\/wp-json\/wp\/v2\/pages"}],"about":[{"href":"https:\/\/mrgreencasinos.com\/fr\/wp-json\/wp\/v2\/types\/page"}],"author":[{"embeddable":true,"href":"https:\/\/mrgreencasinos.com\/fr\/wp-json\/wp\/v2\/users\/1"}],"replies":[{"embeddable":true,"href":"https:\/\/mrgreencasinos.com\/fr\/wp-json\/wp\/v2\/comments?post=308"}],"version-history":[{"count":4,"href":"https:\/\/mrgreencasinos.com\/fr\/wp-json\/wp\/v2\/pages\/308\/revisions"}],"predecessor-version":[{"id":664,"href":"https:\/\/mrgreencasinos.com\/fr\/wp-json\/wp\/v2\/pages\/308\/revisions\/664"}],"wp:attachment":[{"href":"https:\/\/mrgreencasinos.com\/fr\/wp-json\/wp\/v2\/media?parent=308"}],"curies":[{"name":"wp","href":"https:\/\/api.w.org\/{rel}","templated":true}]}}