{"id":318,"date":"2022-04-27T11:04:27","date_gmt":"2022-04-27T11:04:27","guid":{"rendered":"https:\/\/mrgreencasinos.com\/?page_id=318"},"modified":"2022-07-21T14:37:37","modified_gmt":"2022-07-21T14:37:37","slug":"withdrawal","status":"publish","type":"page","link":"https:\/\/mrgreencasinos.com\/fr\/withdrawal\/","title":{"rendered":"Casinos en ligne avec retrait instantan\u00e9"},"content":{"rendered":"<p><span style=\"font-weight: 400;\"><img loading=\"lazy\" decoding=\"async\" class=\" wp-image-314 aligncenter\" src=\"https:\/\/mrgreencasinos.com\/wp-content\/uploads\/2022\/04\/mr_green-1_review_page-300x125.jpg\" alt=\"withdrawal \" width=\"828\" height=\"345\" srcset=\"https:\/\/mrgreencasinos.com\/wp-content\/uploads\/2022\/04\/mr_green-1_review_page-300x125.jpg 300w, https:\/\/mrgreencasinos.com\/wp-content\/uploads\/2022\/04\/mr_green-1_review_page-768x320.jpg 768w, https:\/\/mrgreencasinos.com\/wp-content\/uploads\/2022\/04\/mr_green-1_review_page-720x300.jpg 720w, https:\/\/mrgreencasinos.com\/wp-content\/uploads\/2022\/04\/mr_green-1_review_page.jpg 1000w\" sizes=\"auto, (max-width: 828px) 100vw, 828px\" \/><\/span><\/p>\n<p>En s&rsquo;inscrivant sur un casino en ligne, les utilisateurs veulent en tirer le meilleur parti, c&rsquo;est-\u00e0-dire gagner. Par cons\u00e9quent, il est n\u00e9cessaire de choisir des sites \u00e9prouv\u00e9s o\u00f9 les joueurs ne sont pas tromp\u00e9s.<\/p>\n<p>Presque Frais de retrait <a href=\"https:\/\/mrgreencasinos.com\/fr\/\">MR Green<\/a> pour l&rsquo;inscription. Apr\u00e8s cela, l&rsquo;argent peut \u00eatre retir\u00e9, il est seulement important de remplir les conditions de mise. Pour ce n&rsquo;est pas difficile, il est important de s&rsquo;inscrire correctement :<\/p>\n<ul>\n<li>Remplissez soigneusement toutes les sections <a href=\"https:\/\/mrgreencasinos.com\/fr\/registration\/\">de l&rsquo;inscription<\/a>. Pour ce faire, indiquez l&rsquo;e-mail, le mot de passe, la devise. Ensuite, le formulaire est envoy\u00e9.<\/li>\n<li>Il est n\u00e9cessaire de confirmer l&rsquo;inscription. Un e-mail est re\u00e7u avec un lien vers lequel aller.<\/li>\n<li>Le profil doit \u00eatre enti\u00e8rement rempli. Il est important de remplir m\u00eame des champs suppl\u00e9mentaires, \u00e0 v\u00e9rifier.<\/li>\n<li>Il reste \u00e0 lier la carte ou le compte portefeuille. Il est souhaitable de le faire apr\u00e8s l&rsquo;inscription.<\/li>\n<\/ul>\n<p>Pour obtenir un bonus sans d\u00e9p\u00f4t, vous devez vous rendre dans le champ appropri\u00e9 de votre armoire personnelle. Il est n\u00e9cessaire d&rsquo;activer le bonus sans d\u00e9p\u00f4t, apr\u00e8s quoi il sera disponible. Habituellement, ces bonus n\u00e9cessitent des mises. Les conditions sont pr\u00e9cis\u00e9es dans le contrat d&rsquo;utilisation. S&rsquo;il y a au moins un bonus dans le cabinet personnel, il est difficile de retirer de l&rsquo;argent rapidement.<\/p>\n<div class=\"t-go\"><a href=\"\/go-casino\/?brand=mrgreen\">BONUS DE R\u00c9CLAMATION<\/a><\/div>\n<h2>Retrait des gains<\/h2>\n<p>Vous devez d&rsquo;abord envoyer vos documents et votre passeport. Lors du premier retrait de gains MR Green, vous devez g\u00e9n\u00e9ralement attendre plus longtemps, car il y a une v\u00e9rification approfondie de l&rsquo;identit\u00e9 de l&rsquo;utilisateur. Souvent, les institutions retardent d\u00e9lib\u00e9r\u00e9ment les transferts, ce qui oblige les utilisateurs \u00e0 parier davantage.<\/p>\n<p>M\u00eame apr\u00e8s la formation de la demande de retrait, il est permis d&rsquo;utiliser les fonds. Le transfert est alors annul\u00e9. Pour acc\u00e9l\u00e9rer le processus, il est souhaitable de sp\u00e9cifier toutes les informations vous concernant en m\u00eame temps, liez le compte.<\/p>\n<p>Selon le casino, il peut y avoir des restrictions sur les paiements et le temps. Par exemple, dans de nombreux \u00e9tablissements, le premier transfert est effectu\u00e9 dans les 48 heures. Les options de retrait MR Green sont r\u00e9alis\u00e9es beaucoup plus rapidement. A limites et conditions sur les transferts \u00e0 chaque institution est diff\u00e9rente.<\/p>\n<p><span style=\"font-weight: 400;\"><img loading=\"lazy\" decoding=\"async\" class=\" wp-image-316 aligncenter\" src=\"https:\/\/mrgreencasinos.com\/wp-content\/uploads\/2022\/04\/MrGreen_sidebar_banner-300x166.png\" alt=\"mr green withdrawal \" width=\"826\" height=\"457\" srcset=\"https:\/\/mrgreencasinos.com\/wp-content\/uploads\/2022\/04\/MrGreen_sidebar_banner-300x166.png 300w, https:\/\/mrgreencasinos.com\/wp-content\/uploads\/2022\/04\/MrGreen_sidebar_banner.png 470w\" sizes=\"auto, (max-width: 826px) 100vw, 826px\" \/><\/span><\/p>\n<h2>Lors du choix d&rsquo;un site, les crit\u00e8res suivants sont importants :<\/h2>\n<ul>\n<li>La pr\u00e9sence d&rsquo;une licence. Ces sites proposent des machines \u00e0 sous avec des param\u00e8tres, qui sont d\u00e9finis lors du d\u00e9veloppement du fournisseur officiel.<\/li>\n<li>R\u00e8gles claires. Si quelque chose n&rsquo;est pas tout \u00e0 fait clair, mieux vaut pr\u00e9ciser les informations \u00e0 l&rsquo;appui.<\/li>\n<li>Conception et fonctionnalit\u00e9 du site. Les propri\u00e9taires de ressources de qualit\u00e9 investissent dans la conception individuelle. Dans les casinos frauduleux, on utilise principalement des solutions de mod\u00e8les.<\/li>\n<li>Nombre d&rsquo;animations. Dans les bons casinos, vous avez la possibilit\u00e9 de choisir parmi plusieurs centaines ou milliers de jeux. Sur des sites douteux plac\u00e9s seulement quelques dizaines d&rsquo;options.<\/li>\n<li>M\u00e9thodes de payement. Les d\u00e9p\u00f4ts et les paiements doivent \u00eatre effectu\u00e9s par des m\u00e9thodes courantes.<\/li>\n<li>Service d&rsquo;assistance. L&rsquo;utilisateur doit b\u00e9n\u00e9ficier d&rsquo;une assistance rapide. Les meilleures m\u00e9thodes de communication par chat ou par t\u00e9l\u00e9phone.<\/li>\n<li>Obtenir les gains peut \u00eatre de la m\u00eame mani\u00e8re que le d\u00e9p\u00f4t a \u00e9t\u00e9 effectu\u00e9.<\/li>\n<li>Si les fonds ne sont pas utilis\u00e9s dans les machines \u00e0 sous, le retrait est factur\u00e9 une commission &#8211; le club compense donc le co\u00fbt de la commission des syst\u00e8mes de paiement.<\/li>\n<\/ul>\n<p>Habituellement, il n&rsquo;y a aucun probl\u00e8me avec le temps de retrait de MR Green dans un casino fiable. Mais les utilisateurs peuvent eux-m\u00eames enfreindre les r\u00e8gles, puis ne pas comprendre pourquoi l&rsquo;argent n&rsquo;est pas cr\u00e9dit\u00e9. Il existe diff\u00e9rentes raisons pour lesquelles les casinos ne veulent pas payer les gains. Par exemple, n&rsquo;a pas \u00e9t\u00e9 pass\u00e9 des bonus de v\u00e9rification ou de mise. Ensuite, l&rsquo;institution refuse de verser des fonds.<\/p>\n<h2>Vitesse de retrait<\/h2>\n<p>Les op\u00e9rateurs fixent l&rsquo;heure de confirmation du transfert. De plus, les r\u00e8gles pr\u00e9cisent une p\u00e9riode limite, mais en pratique pour les joueurs r\u00e9guliers tout se passe beaucoup plus vite.<\/p>\n<div class=\"t-go\"><a href=\"\/go-casino\/?brand=mrgreen\">BONUS DE R\u00c9CLAMATION<\/a><\/div>\n<h2>La rapidit\u00e9 de l&rsquo;op\u00e9ration de paiement est influenc\u00e9e par\u00a0:<\/h2>\n<ul>\n<li>Le programme de travail du service financier. Sur certaines ressources, les op\u00e9rateurs travaillent en semaine \u00e0 heures fixes. Lors de la commande de gains le week-end ou la nuit, les demandes sont trait\u00e9es plus longtemps.<\/li>\n<li>Montant command\u00e9. Les r\u00e8gles prescrivent les conditions dans lesquelles les paiements sont effectu\u00e9s, en fonction du montant des fonds \u00e0 retirer.<\/li>\n<li>Exigence de v\u00e9rification. La possibilit\u00e9 de retirer de l&rsquo;argent est suspendue pendant la p\u00e9riode de v\u00e9rification.<\/li>\n<li>Dans les casinos en argent r\u00e9el avec le compte MR Green Player, les retraits des syst\u00e8mes de paiement v\u00e9rifi\u00e9s permettent au joueur d&rsquo;encaisser le montant des gains, o\u00f9 et quand.<\/li>\n<\/ul>\n","protected":false},"excerpt":{"rendered":"<p>En s&rsquo;inscrivant sur un casino en ligne, les utilisateurs veulent en tirer le meilleur parti, c&rsquo;est-\u00e0-dire gagner. Par cons\u00e9quent, il [&hellip;]<\/p>\n","protected":false},"author":1,"featured_media":0,"parent":0,"menu_order":0,"comment_status":"closed","ping_status":"closed","template":"page-templates\/template_fullwidth.php","meta":{"footnotes":""},"class_list":["post-318","page","type-page","status-publish","hentry"],"acf":[],"yoast_head":"<!-- This site is optimized with the Yoast SEO plugin v17.9 - https:\/\/yoast.com\/wordpress\/plugins\/seo\/ -->\n<title>Retrait Mr Green - D\u00e9lai de retrait - Mrgreencasinos.com<\/title>\n<meta name=\"description\" content=\"Il existe de nombreuses m\u00e9thodes de retrait disponibles chez Mr Green. D\u00e9couvrez le temps de retrait et bien plus encore dans notre revue\" \/>\n<meta name=\"robots\" content=\"index, follow, max-snippet:-1, max-image-preview:large, max-video-preview:-1\" \/>\n<link rel=\"canonical\" href=\"https:\/\/mrgreencasinos.com\/fr\/withdrawal\/\" \/>\n<meta property=\"og:type\" content=\"article\" \/>\n<meta property=\"og:title\" content=\"Retrait Mr Green - D\u00e9lai de retrait - Mrgreencasinos.com\" \/>\n<meta property=\"og:description\" content=\"Il existe de nombreuses m\u00e9thodes de retrait disponibles chez Mr Green. D\u00e9couvrez le temps de retrait et bien plus encore dans notre revue\" \/>\n<meta property=\"og:url\" content=\"https:\/\/mrgreencasinos.com\/fr\/withdrawal\/\" \/>\n<meta property=\"og:site_name\" content=\"Casino MR Green\" \/>\n<meta property=\"article:modified_time\" content=\"2022-07-21T14:37:37+00:00\" \/>\n<meta property=\"og:image\" content=\"https:\/\/mrgreencasinos.com\/wp-content\/uploads\/2022\/04\/mr_green-1_review_page-300x125.jpg\" \/>\n<meta name=\"twitter:card\" content=\"summary_large_image\" \/>\n<meta name=\"twitter:label1\" content=\"Dur\u00e9e de lecture estim\u00e9e\" \/>\n\t<meta name=\"twitter:data1\" content=\"4 minutes\" \/>\n<script type=\"application\/ld+json\" class=\"yoast-schema-graph\">{\"@context\":\"https:\/\/schema.org\",\"@graph\":[{\"@type\":\"WebSite\",\"@id\":\"https:\/\/mrgreencasinos.com\/#website\",\"url\":\"https:\/\/mrgreencasinos.com\/\",\"name\":\"Casino MR Green\",\"description\":\"\",\"potentialAction\":[{\"@type\":\"SearchAction\",\"target\":{\"@type\":\"EntryPoint\",\"urlTemplate\":\"https:\/\/mrgreencasinos.com\/?s={search_term_string}\"},\"query-input\":\"required name=search_term_string\"}],\"inLanguage\":\"fr-FR\"},{\"@type\":\"ImageObject\",\"@id\":\"https:\/\/mrgreencasinos.com\/fr\/withdrawal\/#primaryimage\",\"inLanguage\":\"fr-FR\",\"url\":\"https:\/\/mrgreencasinos.com\/wp-content\/uploads\/2022\/04\/mr_green-1_review_page.jpg\",\"contentUrl\":\"https:\/\/mrgreencasinos.com\/wp-content\/uploads\/2022\/04\/mr_green-1_review_page.jpg\",\"width\":1000,\"height\":417,\"caption\":\"withdrawal\"},{\"@type\":\"WebPage\",\"@id\":\"https:\/\/mrgreencasinos.com\/fr\/withdrawal\/#webpage\",\"url\":\"https:\/\/mrgreencasinos.com\/fr\/withdrawal\/\",\"name\":\"Retrait Mr Green - D\\u00e9lai de retrait - Mrgreencasinos.com\",\"isPartOf\":{\"@id\":\"https:\/\/mrgreencasinos.com\/#website\"},\"primaryImageOfPage\":{\"@id\":\"https:\/\/mrgreencasinos.com\/fr\/withdrawal\/#primaryimage\"},\"datePublished\":\"2022-04-27T11:04:27+00:00\",\"dateModified\":\"2022-07-21T14:37:37+00:00\",\"description\":\"Il existe de nombreuses m\\u00e9thodes de retrait disponibles chez Mr Green. D\\u00e9couvrez le temps de retrait et bien plus encore dans notre revue\",\"breadcrumb\":{\"@id\":\"https:\/\/mrgreencasinos.com\/fr\/withdrawal\/#breadcrumb\"},\"inLanguage\":\"fr-FR\",\"potentialAction\":[{\"@type\":\"ReadAction\",\"target\":[\"https:\/\/mrgreencasinos.com\/fr\/withdrawal\/\"]}]},{\"@type\":\"BreadcrumbList\",\"@id\":\"https:\/\/mrgreencasinos.com\/fr\/withdrawal\/#breadcrumb\",\"itemListElement\":[{\"@type\":\"ListItem\",\"position\":1,\"name\":\"Home\",\"item\":\"https:\/\/mrgreencasinos.com\/fr\/review-of-the-official-mr-green-website\/\"},{\"@type\":\"ListItem\",\"position\":2,\"name\":\"Casinos en ligne avec retrait instantan\\u00e9\"}]}]}<\/script>\n<!-- \/ Yoast SEO plugin. -->","yoast_head_json":{"title":"Retrait Mr Green - D\u00e9lai de retrait - Mrgreencasinos.com","description":"Il existe de nombreuses m\u00e9thodes de retrait disponibles chez Mr Green. D\u00e9couvrez le temps de retrait et bien plus encore dans notre revue","robots":{"index":"index","follow":"follow","max-snippet":"max-snippet:-1","max-image-preview":"max-image-preview:large","max-video-preview":"max-video-preview:-1"},"canonical":"https:\/\/mrgreencasinos.com\/fr\/withdrawal\/","og_type":"article","og_title":"Retrait Mr Green - D\u00e9lai de retrait - Mrgreencasinos.com","og_description":"Il existe de nombreuses m\u00e9thodes de retrait disponibles chez Mr Green. D\u00e9couvrez le temps de retrait et bien plus encore dans notre revue","og_url":"https:\/\/mrgreencasinos.com\/fr\/withdrawal\/","og_site_name":"Casino MR Green","article_modified_time":"2022-07-21T14:37:37+00:00","og_image":[{"url":"https:\/\/mrgreencasinos.com\/wp-content\/uploads\/2022\/04\/mr_green-1_review_page-300x125.jpg"}],"twitter_card":"summary_large_image","twitter_misc":{"Dur\u00e9e de lecture estim\u00e9e":"4 minutes"},"schema":{"@context":"https:\/\/schema.org","@graph":[{"@type":"WebSite","@id":"https:\/\/mrgreencasinos.com\/#website","url":"https:\/\/mrgreencasinos.com\/","name":"Casino MR Green","description":"","potentialAction":[{"@type":"SearchAction","target":{"@type":"EntryPoint","urlTemplate":"https:\/\/mrgreencasinos.com\/?s={search_term_string}"},"query-input":"required name=search_term_string"}],"inLanguage":"fr-FR"},{"@type":"ImageObject","@id":"https:\/\/mrgreencasinos.com\/fr\/withdrawal\/#primaryimage","inLanguage":"fr-FR","url":"https:\/\/mrgreencasinos.com\/wp-content\/uploads\/2022\/04\/mr_green-1_review_page.jpg","contentUrl":"https:\/\/mrgreencasinos.com\/wp-content\/uploads\/2022\/04\/mr_green-1_review_page.jpg","width":1000,"height":417,"caption":"withdrawal"},{"@type":"WebPage","@id":"https:\/\/mrgreencasinos.com\/fr\/withdrawal\/#webpage","url":"https:\/\/mrgreencasinos.com\/fr\/withdrawal\/","name":"Retrait Mr Green - D\u00e9lai de retrait - Mrgreencasinos.com","isPartOf":{"@id":"https:\/\/mrgreencasinos.com\/#website"},"primaryImageOfPage":{"@id":"https:\/\/mrgreencasinos.com\/fr\/withdrawal\/#primaryimage"},"datePublished":"2022-04-27T11:04:27+00:00","dateModified":"2022-07-21T14:37:37+00:00","description":"Il existe de nombreuses m\u00e9thodes de retrait disponibles chez Mr Green. D\u00e9couvrez le temps de retrait et bien plus encore dans notre revue","breadcrumb":{"@id":"https:\/\/mrgreencasinos.com\/fr\/withdrawal\/#breadcrumb"},"inLanguage":"fr-FR","potentialAction":[{"@type":"ReadAction","target":["https:\/\/mrgreencasinos.com\/fr\/withdrawal\/"]}]},{"@type":"BreadcrumbList","@id":"https:\/\/mrgreencasinos.com\/fr\/withdrawal\/#breadcrumb","itemListElement":[{"@type":"ListItem","position":1,"name":"Home","item":"https:\/\/mrgreencasinos.com\/fr\/review-of-the-official-mr-green-website\/"},{"@type":"ListItem","position":2,"name":"Casinos en ligne avec retrait instantan\u00e9"}]}]}},"_links":{"self":[{"href":"https:\/\/mrgreencasinos.com\/fr\/wp-json\/wp\/v2\/pages\/318","targetHints":{"allow":["GET"]}}],"collection":[{"href":"https:\/\/mrgreencasinos.com\/fr\/wp-json\/wp\/v2\/pages"}],"about":[{"href":"https:\/\/mrgreencasinos.com\/fr\/wp-json\/wp\/v2\/types\/page"}],"author":[{"embeddable":true,"href":"https:\/\/mrgreencasinos.com\/fr\/wp-json\/wp\/v2\/users\/1"}],"replies":[{"embeddable":true,"href":"https:\/\/mrgreencasinos.com\/fr\/wp-json\/wp\/v2\/comments?post=318"}],"version-history":[{"count":6,"href":"https:\/\/mrgreencasinos.com\/fr\/wp-json\/wp\/v2\/pages\/318\/revisions"}],"predecessor-version":[{"id":650,"href":"https:\/\/mrgreencasinos.com\/fr\/wp-json\/wp\/v2\/pages\/318\/revisions\/650"}],"wp:attachment":[{"href":"https:\/\/mrgreencasinos.com\/fr\/wp-json\/wp\/v2\/media?parent=318"}],"curies":[{"name":"wp","href":"https:\/\/api.w.org\/{rel}","templated":true}]}}