{"id":330,"date":"2022-04-27T11:24:28","date_gmt":"2022-04-27T11:24:28","guid":{"rendered":"https:\/\/mrgreencasinos.com\/?page_id=330"},"modified":"2022-08-31T16:34:25","modified_gmt":"2022-08-31T16:34:25","slug":"registration","status":"publish","type":"page","link":"https:\/\/mrgreencasinos.com\/fr\/registration\/","title":{"rendered":"Comment s&rsquo;inscrire chez Mr Green?"},"content":{"rendered":"<p><span style=\"font-weight: 400;\"><img loading=\"lazy\" decoding=\"async\" class=\" wp-image-326 aligncenter\" src=\"https:\/\/mrgreencasinos.com\/wp-content\/uploads\/2022\/04\/How-to-Register-at-MrGreen-Casino-1-740x400-1-300x162.jpg\" alt=\"mr green registration\" width=\"811\" height=\"438\" srcset=\"https:\/\/mrgreencasinos.com\/wp-content\/uploads\/2022\/04\/How-to-Register-at-MrGreen-Casino-1-740x400-1-300x162.jpg 300w, https:\/\/mrgreencasinos.com\/wp-content\/uploads\/2022\/04\/How-to-Register-at-MrGreen-Casino-1-740x400-1-720x389.jpg 720w, https:\/\/mrgreencasinos.com\/wp-content\/uploads\/2022\/04\/How-to-Register-at-MrGreen-Casino-1-740x400-1.jpg 740w\" sizes=\"auto, (max-width: 811px) 100vw, 811px\" \/><\/span><\/p>\n<p>L&rsquo;inscription de Mr Green Review au casino via Internet ou une application mobile consiste \u00e0 cr\u00e9er une page personnelle avec des coordonn\u00e9es et des informations personnelles. Si l&rsquo;op\u00e9rateur est fiable et agr\u00e9\u00e9, l&rsquo;enregistrement est absolument s\u00fbr et ne comporte aucun risque.<\/p>\n<div class=\"t-go\"><a href=\"\/go-casino\/?brand=mrgreen\">BONUS DE R\u00c9CLAMATION<\/a><\/div>\n<h2>Les principaux moyens d&rsquo;inscription aux casinos en ligne Mr Green<\/h2>\n<h3>par email<\/h3>\n<p>Le moyen le plus simple de cr\u00e9er un compte est d&rsquo;utiliser le courrier \u00e9lectronique. Pour ce faire, vous devez\u00a0:<\/p>\n<ul>\n<li>Choisissez un casino avec des conditions optimales.<\/li>\n<li>Sur la page principale, cliquez sur \u00ab\u00a0Enregistrement\u00a0\u00bb (g\u00e9n\u00e9ralement situ\u00e9 dans le coin sup\u00e9rieur droit).<\/li>\n<li>Saisissez l&rsquo;adresse e-mail. L&rsquo;e-mail doit \u00eatre actif et appartenir \u00e0 la personne au nom de laquelle le compte est cr\u00e9\u00e9.<\/li>\n<li>Trouvez un mot de passe. Pour la protection, il est pr\u00e9f\u00e9rable d&rsquo;utiliser une combinaison complexe de chiffres, de lettres et de symboles. Parfois, un mot de passe est g\u00e9n\u00e9r\u00e9 automatiquement.<\/li>\n<li>Un e-mail avec un lien sera envoy\u00e9 \u00e0 l&rsquo;adresse e-mail indiqu\u00e9e. Les serveurs de messagerie peuvent consid\u00e9rer ces lettres comme dangereuses, donc si votre bo\u00eete de r\u00e9ception est vide apr\u00e8s 3 \u00e0 5 minutes, vous devez v\u00e9rifier votre dossier spam.<\/li>\n<li>Cliquez sur le lien dans l&rsquo;e-mail pour terminer la cr\u00e9ation du compte.<\/li>\n<\/ul>\n<p>Il vaut \u00e9galement la peine de mettre en place des filtres de messagerie, afin que l&rsquo;envoi ne se retrouve pas dans les spams. Cela garantit que vous ne manquerez pas de bonnes affaires.<\/p>\n<h3>Par num\u00e9ro de t\u00e9l\u00e9phone<\/h3>\n<p>L&rsquo;enregistrement de Mr Green mobile est maintenant devenu tr\u00e8s populaire. Pour cr\u00e9er un compte de cette mani\u00e8re, vous devez\u00a0:<\/p>\n<ul>\n<li>Entrez un num\u00e9ro de mobile sur le site au format international.<\/li>\n<li>Un SMS avec un code num\u00e9rique sera envoy\u00e9 au num\u00e9ro indiqu\u00e9. Il doit \u00eatre saisi dans un champ sp\u00e9cial de la page.<\/li>\n<li>D\u00e9finissez un mot de passe statique (permanent) pour vous <a href=\"https:\/\/mrgreencasinos.com\/fr\/login\/\">connecter<\/a> \u00e0 votre armoire personnelle si vous le souhaitez.<\/li>\n<li>Cette option vous permet d&rsquo;\u00e9viter les spams sur votre bo\u00eete e-mail, mais des offres sp\u00e9ciales peuvent \u00eatre envoy\u00e9es via sms ou messengers. Certains sites sugg\u00e8rent que vous mettiez votre adresse e-mail, votre num\u00e9ro de t\u00e9l\u00e9phone et une identification \u00e0 deux facteurs sur votre profil pour prot\u00e9ger votre compte contre le piratage.<\/li>\n<\/ul>\n<h3>Via les r\u00e9seaux sociaux<\/h3>\n<p>L&rsquo;inscription de l&rsquo;application Mr Green sur les r\u00e9seaux sociaux est un moyen de cr\u00e9er rapidement un compte sans confirmer votre e-mail ni utiliser votre t\u00e9l\u00e9phone portable. Avec cette m\u00e9thode, vous n&rsquo;avez pas besoin d&rsquo;entrer votre e-mail, le syst\u00e8me prendra automatiquement les informations de contact du profil de l&rsquo;utilisateur. Souvent, les casinos utilisent des plugins pour les r\u00e9seaux sociaux les plus populaires : Instagram, Facebook, Google+. L&rsquo;inconv\u00e9nient est que l&rsquo;application aura acc\u00e8s aux informations publiques du profil.<\/p>\n<h2>V\u00e9rification du compte &#8211; dois-je le faire\u00a0?<\/h2>\n<p>La v\u00e9rification est l&rsquo;\u00e9tablissement de l&rsquo;identit\u00e9 de l&rsquo;utilisateur sur la base de copies \u00e9lectroniques de documents. Il s&rsquo;agit presque toujours d&rsquo;une proc\u00e9dure obligatoire pour l&rsquo;enregistrement de Mr Green Australia, sans laquelle vous ne pouvez pas retirer d&rsquo;argent. C&rsquo;est requis:<\/p>\n<ul>\n<li>Lors du premier pr\u00e9l\u00e8vement. Le casino doit s&rsquo;assurer que le joueur a l&rsquo;\u00e2ge l\u00e9gal et r\u00e9side dans le pays o\u00f9 le jeu est autoris\u00e9.<\/li>\n<li>Si le montant du paiement est nettement sup\u00e9rieur au montant du d\u00e9p\u00f4t.<\/li>\n<li>Si le d\u00e9p\u00f4t a \u00e9t\u00e9 effectu\u00e9 par une m\u00e9thode et qu&rsquo;un autre moyen de paiement est sp\u00e9cifi\u00e9 pour le retrait. Par exemple, le joueur a d\u00e9pos\u00e9 le montant de la carte, mais souhaite obtenir les gains sur le portefeuille \u00e9lectronique.<\/li>\n<\/ul>\n<p>Les r\u00e8gles de v\u00e9rification et les conditions d&rsquo;inscription de Mr Green peuvent varier l\u00e9g\u00e8rement. Mais souvent l&rsquo;utilisateur doit fournir au service d&rsquo;assistance les documents suivants :<\/p>\n<ul>\n<li>Une copie \u00e9lectronique du passeport, o\u00f9 le nom, le pr\u00e9nom, la date de naissance sont clairement visibles.<\/li>\n<li>Une page du passeport avec enregistrement de r\u00e9sidence ou une facture de services publics. Ces documents sont n\u00e9cessaires pour \u00e9tablir le pays de r\u00e9sidence.<\/li>\n<li>Relev\u00e9 de la carte ou du porte-monnaie \u00e9lectronique, o\u00f9 vous pouvez voir l&rsquo;op\u00e9ration de rechargement d&rsquo;un compte dans le casino.<\/li>\n<li>Photo du recto d&rsquo;une carte bancaire ou capture d&rsquo;\u00e9cran d&rsquo;un portefeuille, o\u00f9 figure le nom du propri\u00e9taire. Parfois, il est n\u00e9cessaire d&rsquo;envoyer une photo de la carte des deux c\u00f4t\u00e9s. Dans ce cas, assurez-vous de peindre le code CVV (trois chiffres au dos).<\/li>\n<\/ul>\n<p>Pour des raisons de s\u00e9curit\u00e9, certains sites demandent des documents et des photos suppl\u00e9mentaires, par exemple :<\/p>\n<ul>\n<li>Selfie avec passeport en main.<\/li>\n<li>Une photo avec une feuille de papier avec un code sp\u00e9cial ou un mot de v\u00e9rification dessus.<\/li>\n<\/ul>\n<p>La v\u00e9rification peut prendre de quelques heures \u00e0 7 jours ouvrables, selon la vitesse de v\u00e9rification. Habituellement, la proc\u00e9dure est effectu\u00e9e une fois, mais dans de rares cas, l&rsquo;administration peut l&rsquo;initier \u00e0 plusieurs reprises.<\/p>\n<div class=\"t-go\"><a href=\"\/go-casino\/?brand=mrgreen\">BONUS DE R\u00c9CLAMATION<\/a><\/div>\n<h2>Primes d&rsquo;inscription<\/h2>\n<p>Tr\u00e8s souvent, les joueurs inscrits au casino accordent des bonus simplement pour avoir cr\u00e9\u00e9 un compte ou pour avoir effectu\u00e9 un d\u00e9p\u00f4t. Le bonus d&rsquo;inscription Mr Green peut prendre la forme de :<\/p>\n<ul>\n<li>Argent, qui sont cr\u00e9dit\u00e9s sur un compte sp\u00e9cial. Les fonds bonus ne sont autoris\u00e9s \u00e0 \u00eatre utilis\u00e9s que pour le jeu, ils sont fournis avec la condition de mise. Dans ce cas, un coefficient sp\u00e9cial &#8211; la mise &#8211; est appliqu\u00e9. Il pr\u00e9cise combien de fois mettre le montant du bonus, afin de le reconqu\u00e9rir et de le retirer. En moyenne, le coefficient est de 25-40.<\/li>\n<li>Les b\u00e9n\u00e9fices de l&rsquo;inscription aux tours gratuits de Mr Green sont cr\u00e9dit\u00e9s sur le compte bonus, et l&rsquo;argent peut \u00eatre utilis\u00e9 dans n&rsquo;importe quelle machine \u00e0 sous.<\/li>\n<\/ul>\n<p>Les bonus sans d\u00e9p\u00f4t les plus rentables avec les conditions de leur r\u00e9ception et de leur mise peuvent \u00eatre trouv\u00e9s sur le site.<\/p>\n<p><span style=\"font-weight: 400;\"><img loading=\"lazy\" decoding=\"async\" class=\" wp-image-328 aligncenter\" src=\"https:\/\/mrgreencasinos.com\/wp-content\/uploads\/2022\/04\/How-to-Register-MrGreen-Casino-300x162.jpg\" alt=\"register\" width=\"802\" height=\"433\" srcset=\"https:\/\/mrgreencasinos.com\/wp-content\/uploads\/2022\/04\/How-to-Register-MrGreen-Casino-300x162.jpg 300w, https:\/\/mrgreencasinos.com\/wp-content\/uploads\/2022\/04\/How-to-Register-MrGreen-Casino-1024x554.jpg 1024w, https:\/\/mrgreencasinos.com\/wp-content\/uploads\/2022\/04\/How-to-Register-MrGreen-Casino-768x415.jpg 768w, https:\/\/mrgreencasinos.com\/wp-content\/uploads\/2022\/04\/How-to-Register-MrGreen-Casino-720x389.jpg 720w, https:\/\/mrgreencasinos.com\/wp-content\/uploads\/2022\/04\/How-to-Register-MrGreen-Casino.jpg 1480w\" sizes=\"auto, (max-width: 802px) 100vw, 802px\" \/><\/span><\/p>\n<h2>Que faut-il consid\u00e9rer avant de s&rsquo;inscrire ?<\/h2>\n<p>Inscrivez-vous \u00e0 un <a href=\"https:\/\/mrgreencasinos.com\/fr\/\">casino en ligne<\/a> sans investir d&rsquo;argent et jouer \u00e0 n&rsquo;importe quelle machine \u00e0 sous est facile. Mais si vous ignorez certaines nuances, vous ne pourrez pas retirer vos gains. Par cons\u00e9quent, m\u00eame avant l&rsquo;inscription, il vaut la peine d&rsquo;envisager:<\/p>\n<ul>\n<li>Si le casino travaille sur le territoire du pays dans lequel l&rsquo;utilisateur r\u00e9side.<\/li>\n<li>Avec quels producteurs de machines \u00e0 sous l&rsquo;entreprise coop\u00e8re.<\/li>\n<li>Si l&rsquo;op\u00e9rateur de <a href=\"https:\/\/mrgreencasinos.com\/fr\/games\/\">jeux<\/a> a une licence.<\/li>\n<li>Quelles m\u00e9thodes de d\u00e9p\u00f4t d&rsquo;un compte existent.<\/li>\n<li>\u00c0 quelle vitesse l&rsquo;entreprise retire-t-elle de l&rsquo;argent et si elle bloque les comptes des joueurs qui r\u00e9ussissent.<\/li>\n<li>Il n&rsquo;est pas d\u00e9raisonnable d&rsquo;\u00e9tudier les critiques sur Internet, mais vous devez vous rappeler qu&rsquo;elles ne sont pas toujours vraies. Des commentaires positifs peuvent \u00eatre \u00e9crits au nom du casino, n\u00e9gatifs &#8211; au nom de leurs concurrents. Par cons\u00e9quent, il est pr\u00e9f\u00e9rable de se concentrer sur les avis et les commentaires de sources ind\u00e9pendantes, telles que la notation et les informations de M. Green sans inscription.<\/li>\n<\/ul>\n<div class=\"t-go\"><a href=\"\/go-casino\/?brand=mrgreen\">BONUS DE R\u00c9CLAMATION<\/a><\/div>\n<h2>Erreurs fr\u00e9quentes des d\u00e9butants<\/h2>\n<p>Il semblerait que l&rsquo;inscription sur le site soit une proc\u00e9dure simple \u00e0 laquelle tout le monde peut faire face. N\u00e9anmoins, les d\u00e9butants font souvent des erreurs. Les raisons les plus courantes pour ne pas cr\u00e9er de compte ou passer la v\u00e9rification\u00a0:<\/p>\n<ul>\n<li>Utiliser de fausses pages dans les r\u00e9seaux sociaux, ainsi que sp\u00e9cifier un nom et un pr\u00e9nom fictifs dans le profil.<\/li>\n<li>S&rsquo;inscrire dans un casino qui n&rsquo;accepte pas les citoyens du pays de l&rsquo;utilisateur.<\/li>\n<li>Tenter de retirer de l&rsquo;argent en faveur d&rsquo;une autre personne. Les donn\u00e9es du profil du joueur doivent correspondre au nom du propri\u00e9taire de la carte ou du porte-monnaie.<\/li>\n<li>Cr\u00e9er plusieurs comptes sur le m\u00eame site afin d&rsquo;obtenir des bonus, des freespins et autres avantages.<\/li>\n<li>Recharger un compte avec une carte non personnalis\u00e9e ou virtuelle. Certaines entreprises acceptent les virements et retirent de l&rsquo;argent uniquement aux transporteurs de paiement nomm\u00e9s.<\/li>\n<li>L&rsquo;une des causes fr\u00e9quentes de conflit est le refus du joueur de se soumettre \u00e0 une v\u00e9rification. En fait, c&rsquo;est une proc\u00e9dure absolument s\u00fbre, si vous coop\u00e9rez avec une entreprise fiable et suivez clairement les instructions fournies par le service d&rsquo;assistance.<\/li>\n<\/ul>\n","protected":false},"excerpt":{"rendered":"<p>L&rsquo;inscription de Mr Green Review au casino via Internet ou une application mobile consiste \u00e0 cr\u00e9er une page personnelle avec [&hellip;]<\/p>\n","protected":false},"author":1,"featured_media":0,"parent":0,"menu_order":0,"comment_status":"closed","ping_status":"closed","template":"page-templates\/template_fullwidth.php","meta":{"footnotes":""},"class_list":["post-330","page","type-page","status-publish","hentry"],"acf":[],"yoast_head":"<!-- This site is optimized with the Yoast SEO plugin v17.9 - https:\/\/yoast.com\/wordpress\/plugins\/seo\/ -->\n<title>Comment s&#039;inscrire sur Mr Green Casino? - mrgreencasinos.com<\/title>\n<meta name=\"description\" content=\"Tout ce que vous devez savoir sur l&#039;inscription au casino en ligne Mr Green, v\u00e9rification, instructions \u00e9tape par \u00e9tape\" \/>\n<meta name=\"robots\" content=\"index, follow, max-snippet:-1, max-image-preview:large, max-video-preview:-1\" \/>\n<link rel=\"canonical\" href=\"https:\/\/mrgreencasinos.com\/fr\/registration\/\" \/>\n<meta property=\"og:type\" content=\"article\" \/>\n<meta property=\"og:title\" content=\"Comment s&#039;inscrire sur Mr Green Casino? - mrgreencasinos.com\" \/>\n<meta property=\"og:description\" content=\"Tout ce que vous devez savoir sur l&#039;inscription au casino en ligne Mr Green, v\u00e9rification, instructions \u00e9tape par \u00e9tape\" \/>\n<meta property=\"og:url\" content=\"https:\/\/mrgreencasinos.com\/fr\/registration\/\" \/>\n<meta property=\"og:site_name\" content=\"Casino MR Green\" \/>\n<meta property=\"article:modified_time\" content=\"2022-08-31T16:34:25+00:00\" \/>\n<meta property=\"og:image\" content=\"https:\/\/mrgreencasinos.com\/wp-content\/uploads\/2022\/04\/How-to-Register-at-MrGreen-Casino-1-740x400-1-300x162.jpg\" \/>\n<meta name=\"twitter:card\" content=\"summary_large_image\" \/>\n<meta name=\"twitter:label1\" content=\"Dur\u00e9e de lecture estim\u00e9e\" \/>\n\t<meta name=\"twitter:data1\" content=\"6 minutes\" \/>\n<script type=\"application\/ld+json\" class=\"yoast-schema-graph\">{\"@context\":\"https:\/\/schema.org\",\"@graph\":[{\"@type\":\"WebSite\",\"@id\":\"https:\/\/mrgreencasinos.com\/#website\",\"url\":\"https:\/\/mrgreencasinos.com\/\",\"name\":\"Casino MR Green\",\"description\":\"\",\"potentialAction\":[{\"@type\":\"SearchAction\",\"target\":{\"@type\":\"EntryPoint\",\"urlTemplate\":\"https:\/\/mrgreencasinos.com\/?s={search_term_string}\"},\"query-input\":\"required name=search_term_string\"}],\"inLanguage\":\"fr-FR\"},{\"@type\":\"ImageObject\",\"@id\":\"https:\/\/mrgreencasinos.com\/fr\/registration\/#primaryimage\",\"inLanguage\":\"fr-FR\",\"url\":\"https:\/\/mrgreencasinos.com\/wp-content\/uploads\/2022\/04\/How-to-Register-at-MrGreen-Casino-1-740x400-1.jpg\",\"contentUrl\":\"https:\/\/mrgreencasinos.com\/wp-content\/uploads\/2022\/04\/How-to-Register-at-MrGreen-Casino-1-740x400-1.jpg\",\"width\":740,\"height\":400,\"caption\":\"mr green registration\"},{\"@type\":\"WebPage\",\"@id\":\"https:\/\/mrgreencasinos.com\/fr\/registration\/#webpage\",\"url\":\"https:\/\/mrgreencasinos.com\/fr\/registration\/\",\"name\":\"Comment s'inscrire sur Mr Green Casino? - mrgreencasinos.com\",\"isPartOf\":{\"@id\":\"https:\/\/mrgreencasinos.com\/#website\"},\"primaryImageOfPage\":{\"@id\":\"https:\/\/mrgreencasinos.com\/fr\/registration\/#primaryimage\"},\"datePublished\":\"2022-04-27T11:24:28+00:00\",\"dateModified\":\"2022-08-31T16:34:25+00:00\",\"description\":\"Tout ce que vous devez savoir sur l'inscription au casino en ligne Mr Green, v\\u00e9rification, instructions \\u00e9tape par \\u00e9tape\",\"breadcrumb\":{\"@id\":\"https:\/\/mrgreencasinos.com\/fr\/registration\/#breadcrumb\"},\"inLanguage\":\"fr-FR\",\"potentialAction\":[{\"@type\":\"ReadAction\",\"target\":[\"https:\/\/mrgreencasinos.com\/fr\/registration\/\"]}]},{\"@type\":\"BreadcrumbList\",\"@id\":\"https:\/\/mrgreencasinos.com\/fr\/registration\/#breadcrumb\",\"itemListElement\":[{\"@type\":\"ListItem\",\"position\":1,\"name\":\"Home\",\"item\":\"https:\/\/mrgreencasinos.com\/fr\/review-of-the-official-mr-green-website\/\"},{\"@type\":\"ListItem\",\"position\":2,\"name\":\"Comment s&#8217;inscrire chez Mr Green?\"}]}]}<\/script>\n<!-- \/ Yoast SEO plugin. -->","yoast_head_json":{"title":"Comment s'inscrire sur Mr Green Casino? - mrgreencasinos.com","description":"Tout ce que vous devez savoir sur l'inscription au casino en ligne Mr Green, v\u00e9rification, instructions \u00e9tape par \u00e9tape","robots":{"index":"index","follow":"follow","max-snippet":"max-snippet:-1","max-image-preview":"max-image-preview:large","max-video-preview":"max-video-preview:-1"},"canonical":"https:\/\/mrgreencasinos.com\/fr\/registration\/","og_type":"article","og_title":"Comment s'inscrire sur Mr Green Casino? - mrgreencasinos.com","og_description":"Tout ce que vous devez savoir sur l'inscription au casino en ligne Mr Green, v\u00e9rification, instructions \u00e9tape par \u00e9tape","og_url":"https:\/\/mrgreencasinos.com\/fr\/registration\/","og_site_name":"Casino MR Green","article_modified_time":"2022-08-31T16:34:25+00:00","og_image":[{"url":"https:\/\/mrgreencasinos.com\/wp-content\/uploads\/2022\/04\/How-to-Register-at-MrGreen-Casino-1-740x400-1-300x162.jpg"}],"twitter_card":"summary_large_image","twitter_misc":{"Dur\u00e9e de lecture estim\u00e9e":"6 minutes"},"schema":{"@context":"https:\/\/schema.org","@graph":[{"@type":"WebSite","@id":"https:\/\/mrgreencasinos.com\/#website","url":"https:\/\/mrgreencasinos.com\/","name":"Casino MR Green","description":"","potentialAction":[{"@type":"SearchAction","target":{"@type":"EntryPoint","urlTemplate":"https:\/\/mrgreencasinos.com\/?s={search_term_string}"},"query-input":"required name=search_term_string"}],"inLanguage":"fr-FR"},{"@type":"ImageObject","@id":"https:\/\/mrgreencasinos.com\/fr\/registration\/#primaryimage","inLanguage":"fr-FR","url":"https:\/\/mrgreencasinos.com\/wp-content\/uploads\/2022\/04\/How-to-Register-at-MrGreen-Casino-1-740x400-1.jpg","contentUrl":"https:\/\/mrgreencasinos.com\/wp-content\/uploads\/2022\/04\/How-to-Register-at-MrGreen-Casino-1-740x400-1.jpg","width":740,"height":400,"caption":"mr green registration"},{"@type":"WebPage","@id":"https:\/\/mrgreencasinos.com\/fr\/registration\/#webpage","url":"https:\/\/mrgreencasinos.com\/fr\/registration\/","name":"Comment s'inscrire sur Mr Green Casino? - mrgreencasinos.com","isPartOf":{"@id":"https:\/\/mrgreencasinos.com\/#website"},"primaryImageOfPage":{"@id":"https:\/\/mrgreencasinos.com\/fr\/registration\/#primaryimage"},"datePublished":"2022-04-27T11:24:28+00:00","dateModified":"2022-08-31T16:34:25+00:00","description":"Tout ce que vous devez savoir sur l'inscription au casino en ligne Mr Green, v\u00e9rification, instructions \u00e9tape par \u00e9tape","breadcrumb":{"@id":"https:\/\/mrgreencasinos.com\/fr\/registration\/#breadcrumb"},"inLanguage":"fr-FR","potentialAction":[{"@type":"ReadAction","target":["https:\/\/mrgreencasinos.com\/fr\/registration\/"]}]},{"@type":"BreadcrumbList","@id":"https:\/\/mrgreencasinos.com\/fr\/registration\/#breadcrumb","itemListElement":[{"@type":"ListItem","position":1,"name":"Home","item":"https:\/\/mrgreencasinos.com\/fr\/review-of-the-official-mr-green-website\/"},{"@type":"ListItem","position":2,"name":"Comment s&#8217;inscrire chez Mr Green?"}]}]}},"_links":{"self":[{"href":"https:\/\/mrgreencasinos.com\/fr\/wp-json\/wp\/v2\/pages\/330","targetHints":{"allow":["GET"]}}],"collection":[{"href":"https:\/\/mrgreencasinos.com\/fr\/wp-json\/wp\/v2\/pages"}],"about":[{"href":"https:\/\/mrgreencasinos.com\/fr\/wp-json\/wp\/v2\/types\/page"}],"author":[{"embeddable":true,"href":"https:\/\/mrgreencasinos.com\/fr\/wp-json\/wp\/v2\/users\/1"}],"replies":[{"embeddable":true,"href":"https:\/\/mrgreencasinos.com\/fr\/wp-json\/wp\/v2\/comments?post=330"}],"version-history":[{"count":6,"href":"https:\/\/mrgreencasinos.com\/fr\/wp-json\/wp\/v2\/pages\/330\/revisions"}],"predecessor-version":[{"id":925,"href":"https:\/\/mrgreencasinos.com\/fr\/wp-json\/wp\/v2\/pages\/330\/revisions\/925"}],"wp:attachment":[{"href":"https:\/\/mrgreencasinos.com\/fr\/wp-json\/wp\/v2\/media?parent=330"}],"curies":[{"name":"wp","href":"https:\/\/api.w.org\/{rel}","templated":true}]}}