{"id":341,"date":"2022-04-27T11:38:50","date_gmt":"2022-04-27T11:38:50","guid":{"rendered":"https:\/\/mrgreencasinos.com\/?page_id=341"},"modified":"2022-07-21T14:52:50","modified_gmt":"2022-07-21T14:52:50","slug":"jackpot","status":"publish","type":"page","link":"https:\/\/mrgreencasinos.com\/fr\/jackpot\/","title":{"rendered":"Jackpot au Mr Green Casino"},"content":{"rendered":"<p><span style=\"font-weight: 400;\"><img loading=\"lazy\" decoding=\"async\" class=\" wp-image-337 aligncenter\" src=\"https:\/\/mrgreencasinos.com\/wp-content\/uploads\/2022\/04\/\u0411\u0435\u0437-\u043d\u0430\u0437\u0432\u0430\u043d\u0438\u044f-10-300x150.jpg\" alt=\"jackpot\" width=\"822\" height=\"411\" srcset=\"https:\/\/mrgreencasinos.com\/wp-content\/uploads\/2022\/04\/\u0411\u0435\u0437-\u043d\u0430\u0437\u0432\u0430\u043d\u0438\u044f-10-300x150.jpg 300w, https:\/\/mrgreencasinos.com\/wp-content\/uploads\/2022\/04\/\u0411\u0435\u0437-\u043d\u0430\u0437\u0432\u0430\u043d\u0438\u044f-10.jpg 318w\" sizes=\"auto, (max-width: 822px) 100vw, 822px\" \/><\/span><\/p>\n<p>Vous pouvez simplement jouer aux machines et obtenir de beaux prix &#8211; c&rsquo;est comme aller p\u00eacher avec des amis et attraper des karas. Mais pour ceux dont le r\u00eave est d&rsquo;attraper de gros poissons pr\u00e9dateurs, le plan d&rsquo;action sera quelque peu diff\u00e9rent. Et le jackpot n&rsquo;est que le tr\u00e8s gros poisson. Cependant, il est tout \u00e0 fait possible de l&rsquo;attraper. Il vous suffit d&rsquo;aller au bon jeu d&rsquo;eau, de prendre l&rsquo;app\u00e2t et de prendre une position d&rsquo;attente. Lisez la critique des jeux de jackpot Mr Green pour comprendre comment gagner le jackpot.<\/p>\n<div class=\"t-go\"><a href=\"\/go-casino\/?brand=mrgreen\">BONUS DE R\u00c9CLAMATION<\/a><\/div>\n<h2>\u00c0 la poursuite du premier prix de Mr Green<\/h2>\n<p>En parlant de ce qu&rsquo;est le jackpot, il vaut la peine de d\u00e9finir deux vecteurs \u00e0 la fois. Le jackpot lui-m\u00eame est un certain prix dans un jeu de hasard de taille particuli\u00e8rement importante. Le jackpot peut \u00eatre gagn\u00e9 dans un jeu de machines \u00e0 sous. Et il peut s&rsquo;agir d&rsquo;un pot plac\u00e9 dans la machine elle-m\u00eame ou d&rsquo;un fonds de prix interne du casino. Dans les deux cas, cependant, la cl\u00e9 pour obtenir le jackpot sera de jouer sur une machine \u00e0 sous particuli\u00e8re \u00e0 un certain pari.<\/p>\n<p>Les jeux de jackpot du casino Mr Green de toute nature sont accumul\u00e9s par les joueurs qui parient. C&rsquo;est \u00e0 ce moment qu&rsquo;un pourcentage des paris effectu\u00e9s dans le jeu forme un pot s\u00e9par\u00e9. Chaque joueur, participant \u00e0 la formation de cette banque, peut d\u00e9crocher le jackpot.<\/p>\n<h2>Quels types de jackpots existe-t-il ?<\/h2>\n<p>Regardons les jackpots des machines \u00e0 sous pour commencer. Si vous allez dans n&rsquo;importe quel <a href=\"https:\/\/mrgreencasinos.com\/fr\/\">casino en ligne<\/a>, dans la section Salle de jeux, vous verrez un certain nombre de cat\u00e9gories dans lesquelles toutes les machines \u00e0 sous sont conventionnellement divis\u00e9es &#8211; nouvelles, classiques, anciennes, fruits, etc. Parmi ces cat\u00e9gories, le plus souvent distingu\u00e9es et d&rsquo;un type tel que Jeux de jackpot. Entrez dans cette cat\u00e9gorie et vous verrez toute une gamme de machines o\u00f9 vous pouvez gagner le jackpot.<\/p>\n<p>Pour d\u00e9crocher le jackpot dans une machine \u00e0 sous, il vous suffit de jouer pour de l&rsquo;argent. Les jackpots de machines \u00e0 sous en ligne ont leur propre gradation\u00a0:<\/p>\n<ul>\n<li>Jackpots pour les combinaisons. Par exemple, dans la machine \u00e0 sous Garden of Riches ou toute autre machine \u00e0 sous similaire de nouvelle g\u00e9n\u00e9ration du fabricant Novomatic pour obtenir le jackpot, vous devez collecter un plein \u00e9cran du m\u00eame symbole. En fait, c&rsquo;est la m\u00eame chose que d&rsquo;attraper une combinaison, seulement aussi grande que possible. Un qui couvrirait tout l&rsquo;\u00e9cran. L&rsquo;essentiel est simple : jouez, et peut-\u00eatre que la chance vous sourira.<\/li>\n<li>Jackpots al\u00e9atoires. Ils sont aussi appel\u00e9s Mystery Prize. Il s&rsquo;agit d&rsquo;un prix qui peut \u00e0 tout moment revenir \u00e0 l&rsquo;un des joueurs de la machine \u00e0 sous, ind\u00e9pendamment de ce qui se passe \u00e0 l&rsquo;\u00e9cran. C&rsquo;est-\u00e0-dire que m\u00eame aucune combinaison n&rsquo;a besoin d&rsquo;\u00eatre collect\u00e9e.<\/li>\n<li>Jeux bonus Jackpot Mr Green. Un exemple populaire d&rsquo;une machine \u00e0 sous avec un tel jackpot est Pink Panter de Playtech. Dans de tels cas, le jackpot est jou\u00e9 dans un tour de bonus sp\u00e9cial. Il peut commencer \u00e0 tout moment ou apr\u00e8s la composition de la combinaison. Effectuez avec succ\u00e8s la t\u00e2che du tirage au sort &#8211; et obtenez votre prix. Ces tirages ressemblent souvent au tour bonus, comme dans les machines \u00e0 sous Igrosoft : il faut choisir au hasard certains objets.<\/li>\n<\/ul>\n<p>Essentiellement, tout ce qui pr\u00e9c\u00e8de sont des formes diff\u00e9rentes du m\u00eame m\u00e9canisme. L&rsquo;argent des paris s&rsquo;accumule \u00e0 la banque et peut tomber sur quelqu&rsquo;un. Personne ne sait quand cela arrivera. Mais ce n&rsquo;est que pour le mieux : l&rsquo;attribution du pot est totalement spontan\u00e9e et impartiale.<\/p>\n<h2>Machines \u00e0 sous avec plusieurs jackpots<\/h2>\n<p>Certaines machines \u00e0 sous offrent plusieurs jackpots, ce qui augmente vos chances de gagner l&rsquo;un d&rsquo;entre eux. Dans la plupart des cas, les machines \u00e0 sous multi jackpot ont diff\u00e9rentes fonctionnalit\u00e9s qui vous permettent de d\u00e9bloquer des tours bonus et d&rsquo;obtenir plusieurs jackpots.<\/p>\n<p>Bien s\u00fbr, certaines machines \u00e0 sous ont un m\u00e9canisme de d\u00e9clenchement al\u00e9atoire qui donne une grosse somme d&rsquo;argent \u00e0 votre portefeuille.<\/p>\n<p>M\u00eame si les machines \u00e0 sous multi-jackpot offrent des prix beaucoup plus petits, vous \u00eates plus susceptible de toucher le jackpot que les autres jeux de machines \u00e0 sous.<\/p>\n<h2>Qu&rsquo;est-ce qu&rsquo;un jackpot de casino ?<\/h2>\n<p>C&rsquo;est essentiellement la m\u00eame chose, seul le pourcentage des paris plac\u00e9s est accumul\u00e9 non pas par la machine elle-m\u00eame, mais par le casino. Un tel jackpot se distingue comme un avantage principalement parce qu&rsquo;il est g\u00e9n\u00e9ralement plus important. Les casinos en ligne offrent la possibilit\u00e9 de gagner leurs jackpots internes sur plusieurs machines \u00e0 sous, voire sur toutes \u00e0 la fois. Ainsi, l&rsquo;utilisateur qui r\u00eave du jackpot aura un plus grand choix de machines pr\u00e9f\u00e9r\u00e9es, et il est en quelque sorte possible de combiner plaisir et profit. Par exemple, ouvrir votre Book of Ra pr\u00e9f\u00e9r\u00e9 et y attendre des <a href=\"https:\/\/mrgreencasinos.com\/fr\/bonuses\/\">bonus<\/a> avec des livres. Un jackpot peut tomber \u00e0 tout moment, quels que soient les gains que vous offrez en cours d&rsquo;ex\u00e9cution sur la machine \u00e0 sous. Alors jouer aux jeux de jackpot Mr Green est doublement rentable.<\/p>\n<div class=\"t-go\"><a href=\"\/go-casino\/?brand=mrgreen\">BONUS DE R\u00c9CLAMATION<\/a><\/div>\n<h2>Jackpots r\u00e9guliers et progressifs<\/h2>\n<p>Dans le monde d&rsquo;aujourd&rsquo;hui, les jackpots sont pour la plupart progressifs. Auparavant, le jackpot \u00e9tait simplement consid\u00e9r\u00e9 comme le plus gros gain aux machines \u00e0 sous, mais au fil des ans, l&rsquo;\u00e9tendue du concept s&rsquo;est \u00e9largie. Aujourd&rsquo;hui, le jackpot est plut\u00f4t un pot s\u00e9par\u00e9 : s\u00e9par\u00e9 des gains de base dans le gameplay des machines \u00e0 sous. Quand vous pouvez gagner plus, c&rsquo;est toujours une bonne chose, n&rsquo;est-ce pas ?<\/p>\n<p>Alors, qu&rsquo;est-ce que le jackpot progressif ? Il s&rsquo;agit d&rsquo;un pot qui n&rsquo;a pas de montant fixe et peut \u00eatre aussi grand que vous le souhaitez. Nous savons d\u00e9j\u00e0 que les jackpots augmentent avec les paris. Il s&rsquo;av\u00e8re donc que plus il y a de personnes impliqu\u00e9es dans la constitution de la cagnotte, plus vite cette grosse somme reviendra \u00e0 l&rsquo;un des participants.<\/p>\n<p>Si nous parlons des jeux de jackpot en argent r\u00e9el Mr Green dans la machine, les propri\u00e9taires potentiels sont tous ceux qui jouent actuellement \u00e0 cette machine \u00e0 sous. Si vous jouez \u00e0 un jeu li\u00e9 au jackpot du casino, vous \u00eates en comp\u00e9tition avec d&rsquo;autres joueurs du casino pour le droit de poss\u00e9der ce prix. Alors que la machine n&rsquo;a pas vraiment d&rsquo;importance : le jackpot est souvent un pour plusieurs machines \u00e0 sous.<\/p>\n<p><span style=\"font-weight: 400;\"><img loading=\"lazy\" decoding=\"async\" class=\" wp-image-339 aligncenter\" src=\"https:\/\/mrgreencasinos.com\/wp-content\/uploads\/2022\/04\/Mr-Green-presents-Live-Casino-Jackpots-300x169.jpg\" alt=\"jackpot mr green\" width=\"834\" height=\"470\" srcset=\"https:\/\/mrgreencasinos.com\/wp-content\/uploads\/2022\/04\/Mr-Green-presents-Live-Casino-Jackpots-300x169.jpg 300w, https:\/\/mrgreencasinos.com\/wp-content\/uploads\/2022\/04\/Mr-Green-presents-Live-Casino-Jackpots-768x432.jpg 768w, https:\/\/mrgreencasinos.com\/wp-content\/uploads\/2022\/04\/Mr-Green-presents-Live-Casino-Jackpots-720x405.jpg 720w, https:\/\/mrgreencasinos.com\/wp-content\/uploads\/2022\/04\/Mr-Green-presents-Live-Casino-Jackpots.jpg 872w\" sizes=\"auto, (max-width: 834px) 100vw, 834px\" \/><\/span><\/p>\n<h2>Comment gagner le jackpot ?<\/h2>\n<p>Plus il y a de personnes en comp\u00e9tition pour le jackpot maintenant, plus c&rsquo;est rentable pour vous. A partir de chaque pari, une somme d&rsquo;argent suppl\u00e9mentaire est ajout\u00e9e au jackpot, qui peut devenir le v\u00f4tre. Et avec la grande activit\u00e9 des joueurs, \u00e7a peut tomber plus vite : c&rsquo;est comme faire tanguer un bateau. Dans cet esprit, la premi\u00e8re recommandation est de jouer \u00e0 un moment populaire.<\/p>\n<p>Presque personne ne jouera aux jeux de jackpot en ligne Mr Green \u00e0 4 heures du matin. La meilleure approche n&rsquo;est pas tard le soir ou l&rsquo;apr\u00e8s-midi le week-end. Cependant, si vous n&rsquo;\u00eates pas \u00e0 la recherche du jackpot du casino, mais de la machine \u00e0 jackpot, le temps ne peut pas \u00eatre orient\u00e9. Attraper votre machine \u00e0 sous fantaisie \u00e0 coup s\u00fbr jou\u00e9 partout dans le monde, et les fuseaux horaires sont diff\u00e9rents.<\/p>\n<p>La deuxi\u00e8me recommandation &#8211; lire des articles th\u00e9matiques et des blogs, et le meilleur de tous les forums. Si vous vous tenez au courant des \u00e9v\u00e9nements et des tendances du jeu, votre intuition vous indique correctement laquelle des machines avec des jackpots est actuellement en mouvement. Et qui sait: cela peut vous demander le minimum &#8211; et le prix sera d\u00e9j\u00e0 en jeu.<\/p>\n<p>Et troisi\u00e8mement &#8211; essayez de rester dans le jeu aussi longtemps que possible. Si votre objectif premier est le jackpot, privil\u00e9giez une petite mise. Les gains aux machines \u00e0 sous d\u00e9pendent directement de la taille du pari. Mais pour toucher le jackpot, vous n&rsquo;avez pas besoin d&rsquo;un gros pari, tout ce que vous avez \u00e0 faire est de toucher la cat\u00e9gorie. Jeux Jackpot t\u00e9l\u00e9chargement gratuit Mr Green peut maintenant.<\/p>\n<div class=\"t-go\"><a href=\"\/go-casino\/?brand=mrgreen\">BONUS DE R\u00c9CLAMATION<\/a><\/div>\n<h2>Astuces pour les machines \u00e0 sous Jackpot<\/h2>\n<p>Pour gagner plus d&rsquo;argent, vous devez faire la mise maximale. La plupart des gens ne r\u00e9alisent pas que gagner le jackpot ne signifie pas qu&rsquo;ils gagneront tout l&rsquo;argent. Cela d\u00e9pend de la quantit\u00e9 de jeux de jackpot bitcoin Mr Green que vous pariez.<\/p>\n<ul>\n<li>Les jackpots progressifs rapportent tr\u00e8s peu d&rsquo;argent \u00e0 moins que vous ne jouiez au maximum.<\/li>\n<li>Choisissez un jeu de machine \u00e0 sous qui offre plusieurs prix.<\/li>\n<li>Assurez-vous de tester la machine si elle est livr\u00e9e avec un \u00ab\u00a0mode gratuit\u00a0\u00bb, juste pour comprendre comment fonctionnent les m\u00e9canismes et les fonctionnalit\u00e9s.<\/li>\n<li>Lisez les instructions de paiement avant de jouer.<\/li>\n<li>Essayez de jouer un peu chaque jour au lieu de rester assis pendant des heures \u00e0 courir apr\u00e8s le jackpot.<\/li>\n<\/ul>\n","protected":false},"excerpt":{"rendered":"<p>Vous pouvez simplement jouer aux machines et obtenir de beaux prix &#8211; c&rsquo;est comme aller p\u00eacher avec des amis et [&hellip;]<\/p>\n","protected":false},"author":1,"featured_media":0,"parent":0,"menu_order":0,"comment_status":"closed","ping_status":"closed","template":"page-templates\/template_fullwidth.php","meta":{"footnotes":""},"class_list":["post-341","page","type-page","status-publish","hentry"],"acf":[],"yoast_head":"<!-- This site is optimized with the Yoast SEO plugin v17.9 - https:\/\/yoast.com\/wordpress\/plugins\/seo\/ -->\n<title>Machines \u00e0 sous Jackpot | Jouez aux machines \u00e0 sous progressives | M. Green Casino<\/title>\n<meta name=\"description\" content=\"Jackpots progressifs chez Mr Green. Chaque machine \u00e0 sous du casino de Mr Green a un gain maximum de milliers ou de dizaines de milliers\" \/>\n<meta name=\"robots\" content=\"index, follow, max-snippet:-1, max-image-preview:large, max-video-preview:-1\" \/>\n<link rel=\"canonical\" href=\"https:\/\/mrgreencasinos.com\/fr\/jackpot\/\" \/>\n<meta property=\"og:type\" content=\"article\" \/>\n<meta property=\"og:title\" content=\"Machines \u00e0 sous Jackpot | Jouez aux machines \u00e0 sous progressives | M. Green Casino\" \/>\n<meta property=\"og:description\" content=\"Jackpots progressifs chez Mr Green. Chaque machine \u00e0 sous du casino de Mr Green a un gain maximum de milliers ou de dizaines de milliers\" \/>\n<meta property=\"og:url\" content=\"https:\/\/mrgreencasinos.com\/fr\/jackpot\/\" \/>\n<meta property=\"og:site_name\" content=\"Casino MR Green\" \/>\n<meta property=\"article:modified_time\" content=\"2022-07-21T14:52:50+00:00\" \/>\n<meta property=\"og:image\" content=\"https:\/\/mrgreencasinos.com\/wp-content\/uploads\/2022\/04\/\u0411\u0435\u0437-\u043d\u0430\u0437\u0432\u0430\u043d\u0438\u044f-10-300x150.jpg\" \/>\n<meta name=\"twitter:card\" content=\"summary_large_image\" \/>\n<meta name=\"twitter:label1\" content=\"Dur\u00e9e de lecture estim\u00e9e\" \/>\n\t<meta name=\"twitter:data1\" content=\"7 minutes\" \/>\n<script type=\"application\/ld+json\" class=\"yoast-schema-graph\">{\"@context\":\"https:\/\/schema.org\",\"@graph\":[{\"@type\":\"WebSite\",\"@id\":\"https:\/\/mrgreencasinos.com\/#website\",\"url\":\"https:\/\/mrgreencasinos.com\/\",\"name\":\"Casino MR Green\",\"description\":\"\",\"potentialAction\":[{\"@type\":\"SearchAction\",\"target\":{\"@type\":\"EntryPoint\",\"urlTemplate\":\"https:\/\/mrgreencasinos.com\/?s={search_term_string}\"},\"query-input\":\"required name=search_term_string\"}],\"inLanguage\":\"fr-FR\"},{\"@type\":\"ImageObject\",\"@id\":\"https:\/\/mrgreencasinos.com\/fr\/jackpot\/#primaryimage\",\"inLanguage\":\"fr-FR\",\"url\":\"https:\/\/mrgreencasinos.com\/wp-content\/uploads\/2022\/04\/\\u0411\\u0435\\u0437-\\u043d\\u0430\\u0437\\u0432\\u0430\\u043d\\u0438\\u044f-10.jpg\",\"contentUrl\":\"https:\/\/mrgreencasinos.com\/wp-content\/uploads\/2022\/04\/\\u0411\\u0435\\u0437-\\u043d\\u0430\\u0437\\u0432\\u0430\\u043d\\u0438\\u044f-10.jpg\",\"width\":318,\"height\":159,\"caption\":\"jackpot\"},{\"@type\":\"WebPage\",\"@id\":\"https:\/\/mrgreencasinos.com\/fr\/jackpot\/#webpage\",\"url\":\"https:\/\/mrgreencasinos.com\/fr\/jackpot\/\",\"name\":\"Machines \\u00e0 sous Jackpot | Jouez aux machines \\u00e0 sous progressives | M. Green Casino\",\"isPartOf\":{\"@id\":\"https:\/\/mrgreencasinos.com\/#website\"},\"primaryImageOfPage\":{\"@id\":\"https:\/\/mrgreencasinos.com\/fr\/jackpot\/#primaryimage\"},\"datePublished\":\"2022-04-27T11:38:50+00:00\",\"dateModified\":\"2022-07-21T14:52:50+00:00\",\"description\":\"Jackpots progressifs chez Mr Green. Chaque machine \\u00e0 sous du casino de Mr Green a un gain maximum de milliers ou de dizaines de milliers\",\"breadcrumb\":{\"@id\":\"https:\/\/mrgreencasinos.com\/fr\/jackpot\/#breadcrumb\"},\"inLanguage\":\"fr-FR\",\"potentialAction\":[{\"@type\":\"ReadAction\",\"target\":[\"https:\/\/mrgreencasinos.com\/fr\/jackpot\/\"]}]},{\"@type\":\"BreadcrumbList\",\"@id\":\"https:\/\/mrgreencasinos.com\/fr\/jackpot\/#breadcrumb\",\"itemListElement\":[{\"@type\":\"ListItem\",\"position\":1,\"name\":\"Home\",\"item\":\"https:\/\/mrgreencasinos.com\/fr\/review-of-the-official-mr-green-website\/\"},{\"@type\":\"ListItem\",\"position\":2,\"name\":\"Jackpot au Mr Green Casino\"}]}]}<\/script>\n<!-- \/ Yoast SEO plugin. -->","yoast_head_json":{"title":"Machines \u00e0 sous Jackpot | Jouez aux machines \u00e0 sous progressives | M. Green Casino","description":"Jackpots progressifs chez Mr Green. Chaque machine \u00e0 sous du casino de Mr Green a un gain maximum de milliers ou de dizaines de milliers","robots":{"index":"index","follow":"follow","max-snippet":"max-snippet:-1","max-image-preview":"max-image-preview:large","max-video-preview":"max-video-preview:-1"},"canonical":"https:\/\/mrgreencasinos.com\/fr\/jackpot\/","og_type":"article","og_title":"Machines \u00e0 sous Jackpot | Jouez aux machines \u00e0 sous progressives | M. Green Casino","og_description":"Jackpots progressifs chez Mr Green. Chaque machine \u00e0 sous du casino de Mr Green a un gain maximum de milliers ou de dizaines de milliers","og_url":"https:\/\/mrgreencasinos.com\/fr\/jackpot\/","og_site_name":"Casino MR Green","article_modified_time":"2022-07-21T14:52:50+00:00","og_image":[{"url":"https:\/\/mrgreencasinos.com\/wp-content\/uploads\/2022\/04\/\u0411\u0435\u0437-\u043d\u0430\u0437\u0432\u0430\u043d\u0438\u044f-10-300x150.jpg"}],"twitter_card":"summary_large_image","twitter_misc":{"Dur\u00e9e de lecture estim\u00e9e":"7 minutes"},"schema":{"@context":"https:\/\/schema.org","@graph":[{"@type":"WebSite","@id":"https:\/\/mrgreencasinos.com\/#website","url":"https:\/\/mrgreencasinos.com\/","name":"Casino MR Green","description":"","potentialAction":[{"@type":"SearchAction","target":{"@type":"EntryPoint","urlTemplate":"https:\/\/mrgreencasinos.com\/?s={search_term_string}"},"query-input":"required name=search_term_string"}],"inLanguage":"fr-FR"},{"@type":"ImageObject","@id":"https:\/\/mrgreencasinos.com\/fr\/jackpot\/#primaryimage","inLanguage":"fr-FR","url":"https:\/\/mrgreencasinos.com\/wp-content\/uploads\/2022\/04\/\u0411\u0435\u0437-\u043d\u0430\u0437\u0432\u0430\u043d\u0438\u044f-10.jpg","contentUrl":"https:\/\/mrgreencasinos.com\/wp-content\/uploads\/2022\/04\/\u0411\u0435\u0437-\u043d\u0430\u0437\u0432\u0430\u043d\u0438\u044f-10.jpg","width":318,"height":159,"caption":"jackpot"},{"@type":"WebPage","@id":"https:\/\/mrgreencasinos.com\/fr\/jackpot\/#webpage","url":"https:\/\/mrgreencasinos.com\/fr\/jackpot\/","name":"Machines \u00e0 sous Jackpot | Jouez aux machines \u00e0 sous progressives | M. Green Casino","isPartOf":{"@id":"https:\/\/mrgreencasinos.com\/#website"},"primaryImageOfPage":{"@id":"https:\/\/mrgreencasinos.com\/fr\/jackpot\/#primaryimage"},"datePublished":"2022-04-27T11:38:50+00:00","dateModified":"2022-07-21T14:52:50+00:00","description":"Jackpots progressifs chez Mr Green. Chaque machine \u00e0 sous du casino de Mr Green a un gain maximum de milliers ou de dizaines de milliers","breadcrumb":{"@id":"https:\/\/mrgreencasinos.com\/fr\/jackpot\/#breadcrumb"},"inLanguage":"fr-FR","potentialAction":[{"@type":"ReadAction","target":["https:\/\/mrgreencasinos.com\/fr\/jackpot\/"]}]},{"@type":"BreadcrumbList","@id":"https:\/\/mrgreencasinos.com\/fr\/jackpot\/#breadcrumb","itemListElement":[{"@type":"ListItem","position":1,"name":"Home","item":"https:\/\/mrgreencasinos.com\/fr\/review-of-the-official-mr-green-website\/"},{"@type":"ListItem","position":2,"name":"Jackpot au Mr Green Casino"}]}]}},"_links":{"self":[{"href":"https:\/\/mrgreencasinos.com\/fr\/wp-json\/wp\/v2\/pages\/341","targetHints":{"allow":["GET"]}}],"collection":[{"href":"https:\/\/mrgreencasinos.com\/fr\/wp-json\/wp\/v2\/pages"}],"about":[{"href":"https:\/\/mrgreencasinos.com\/fr\/wp-json\/wp\/v2\/types\/page"}],"author":[{"embeddable":true,"href":"https:\/\/mrgreencasinos.com\/fr\/wp-json\/wp\/v2\/users\/1"}],"replies":[{"embeddable":true,"href":"https:\/\/mrgreencasinos.com\/fr\/wp-json\/wp\/v2\/comments?post=341"}],"version-history":[{"count":6,"href":"https:\/\/mrgreencasinos.com\/fr\/wp-json\/wp\/v2\/pages\/341\/revisions"}],"predecessor-version":[{"id":661,"href":"https:\/\/mrgreencasinos.com\/fr\/wp-json\/wp\/v2\/pages\/341\/revisions\/661"}],"wp:attachment":[{"href":"https:\/\/mrgreencasinos.com\/fr\/wp-json\/wp\/v2\/media?parent=341"}],"curies":[{"name":"wp","href":"https:\/\/api.w.org\/{rel}","templated":true}]}}