{"id":353,"date":"2022-04-27T12:34:56","date_gmt":"2022-04-27T12:34:56","guid":{"rendered":"https:\/\/mrgreencasinos.com\/?page_id=353"},"modified":"2022-07-21T15:00:31","modified_gmt":"2022-07-21T15:00:31","slug":"roulette","status":"publish","type":"page","link":"https:\/\/mrgreencasinos.com\/fr\/roulette\/","title":{"rendered":"Donnez votre avis sur la roulette Mr Green"},"content":{"rendered":"<p><span style=\"font-weight: 400;\"><img loading=\"lazy\" decoding=\"async\" class=\" wp-image-349 aligncenter\" src=\"https:\/\/mrgreencasinos.com\/wp-content\/uploads\/2022\/04\/e62e318bf1-300x169.jpeg\" alt=\"roulette\" width=\"702\" height=\"395\" srcset=\"https:\/\/mrgreencasinos.com\/wp-content\/uploads\/2022\/04\/e62e318bf1-300x169.jpeg 300w, https:\/\/mrgreencasinos.com\/wp-content\/uploads\/2022\/04\/e62e318bf1.jpeg 620w\" sizes=\"auto, (max-width: 702px) 100vw, 702px\" \/><\/span><\/p>\n<p>Quelle est la meilleure roulette en ligne Mr Green et comment y jouer, beaucoup de gens ne le savent que superficiellement, car un tel jeu de hasard n&rsquo;est disponible que dans les grands casinos, donc peu de gens l&rsquo;ont rencontr\u00e9. Cependant, malgr\u00e9 cela, la roulette est le jeu le plus populaire dans tous les \u00e9tablissements de jeu. Vous pouvez gagner le plus gros montant avec, ce qui ne peut pas \u00eatre dit sur les machines \u00e0 sous. De plus, jouer \u00e0 la roulette n&rsquo;est pas tr\u00e8s difficile, car il a des r\u00e8gles tr\u00e8s simples que tout le monde comprend. Consultez cette revue de la roulette de Mr Green pour comprendre ce qu&rsquo;est la roulette.<\/p>\n<div class=\"t-go\"><a href=\"\/go-casino\/?brand=mrgreen\">BONUS DE R\u00c9CLAMATION<\/a><\/div>\n<h2>Qu&rsquo;est-ce que la roulette ?<\/h2>\n<p>C&rsquo;est un jeu de hasard dans lequel le sort du pari d&rsquo;une personne est attribu\u00e9 \u00e0 la balle. Le joueur place un jeton sur n&rsquo;importe quel nombre de la table &#8211; de 0 \u00e0 36. Ensuite, le croupier prend la balle et la lance sur la roue. La balle parcourt longtemps les nombreux secteurs de la roue qui tourne uniform\u00e9ment et s&rsquo;arr\u00eate \u00e0 n&rsquo;importe quel nombre. Les participants regardent le nombre avec enthousiasme et comprennent qui a gagn\u00e9 et qui a perdu. Tous les jetons qui ont \u00e9t\u00e9 plac\u00e9s sur ce num\u00e9ro sont consid\u00e9r\u00e9s comme gagnants : leurs propri\u00e9taires re\u00e7oivent un prix. Et tous les autres num\u00e9ros sont consid\u00e9r\u00e9s comme non jou\u00e9s &#8211; tous les autres jetons sont pris par le croupier.<\/p>\n<h2>Le but de la roulette<\/h2>\n<p>Le but du jeu est de deviner le num\u00e9ro sur la bobine de jeu, et ses caract\u00e9ristiques, telles que la couleur, la r\u00e9gularit\u00e9, la taille. Toutes les op\u00e9rations \u00e0 la table de jeu effectuent le croupier, car lui seul est autoris\u00e9 \u00e0 prendre des paris, \u00e0 donner des jetons ou \u00e0 gagner de l&rsquo;argent. Si le casino est grand, un assistant peut travailler avec le croupier, qui peut prendre en charge une partie du travail. Les joueurs qui participent devront deviner un certain nombre et placer un pari dessus, compos\u00e9 de jetons. Il est \u00e9galement n\u00e9cessaire de d\u00e9terminer les caract\u00e9ristiques du num\u00e9ro choisi, et une fois toutes les mises effectu\u00e9es, le croupier peut commencer la partie. \u00c0 chaque table, il y a un tambour avec un cadran tournant, sur lequel le croupier lance la balle dans le sens oppos\u00e9 \u00e0 sa rotation, apr\u00e8s quoi la balle tournera encore quelques cercles et s&rsquo;arr\u00eatera \u00e0 un certain nombre. Celui qui a devin\u00e9 le pari gagne, tous les autres sont perdants et leurs paris sont annul\u00e9s.<\/p>\n<h2>Comment gagner \u00e0 la roulette ?<\/h2>\n<p>Gagnez \u00e0 la roulette en ligne <a href=\"https:\/\/mrgreencasinos.com\/fr\/\">Mr Green<\/a>, vous ne pouvez le faire que si la fortune est de votre c\u00f4t\u00e9. Si vous esp\u00e9rez compter vos gains, cela ne sert \u00e0 rien, car personne, pas m\u00eame le croupier, ne conna\u00eet le num\u00e9ro gagnant \u00e0 l&rsquo;avance. De nos jours, vous pouvez facilement trouver des syst\u00e8mes gagnants \u00e0 la roulette sur Internet, qui sont vendus pour une certaine somme d&rsquo;argent, mais en r\u00e9alit\u00e9 c&rsquo;est une fraude, alors ne faites pas un tel achat. Deviner le bon num\u00e9ro n&rsquo;est pas r\u00e9aliste, mais vous pouvez augmenter vos chances de gagner en choisissant la roulette am\u00e9ricaine, car c&rsquo;est la plus facile \u00e0 jouer.<\/p>\n<h2>Quel type de roulette en ligne existe-t-il ?<\/h2>\n<p>Il existe deux types de roulette dans la salle de jeu &#8211; europ\u00e9enne et am\u00e9ricaine. Le premier d&rsquo;entre eux est plus populaire car il est plus simple et offre une plus grande probabilit\u00e9 de gagner. Il se compose de 36 chiffres et d&rsquo;un \u00ab\u00a0z\u00e9ro\u00a0\u00bb. L&rsquo;am\u00e9ricain ne diff\u00e8re que par le fait qu&rsquo;il contient d\u00e9j\u00e0 deux \u00ab\u00a0z\u00e9ros\u00a0\u00bb. Le total europ\u00e9en est de 37 chiffres et l&rsquo;am\u00e9ricain de 38. Un d\u00e9butant doit savoir que le z\u00e9ro est un nombre assez d\u00e9licat qui ne s&rsquo;applique pas aux secteurs (dizaines, quatre, cotes et Si la boule s&rsquo;arr\u00eate sur le z\u00e9ro, seul le jeton qui a \u00e9t\u00e9 plac\u00e9 directement sur le 0 gagnera.<\/p>\n<h2>Roulette &#8211; un jeu simple en ligne<\/h2>\n<p>Il n&rsquo;est pas du tout n\u00e9cessaire pour un participant de parier sur un num\u00e9ro en particulier. Bien s\u00fbr, c&rsquo;est l&rsquo;option la plus rentable de toutes: si vous devinez le nombre, vous devenez propri\u00e9taire d&rsquo;un \u00e9norme kusha. Mais les chances de mise en \u0153uvre de l&rsquo;entreprise sont extr\u00eamement faibles. Mais il existe d&rsquo;autres options beaucoup plus r\u00e9alistes pour <a href=\"https:\/\/mrgreencasinos.com\/fr\/betting\/\">parier<\/a> : rouge, noir, pair, impair et autre. Par exemple, des dizaines tr\u00e8s populaires.<\/p>\n<ul>\n<li>1-12. Vous pouvez parier sur la premi\u00e8re douzaine &#8211; les 12 premiers num\u00e9ros de la roue. Ici, le joueur n&rsquo;a pas besoin d&rsquo;entrer dans les d\u00e9tails : num\u00e9ro rouge ou noir, pair ou impair. Simplement, si la boule s&rsquo;arr\u00eate \u00e0 n&rsquo;importe quel nombre de 1 \u00e0 12 &#8211; vous gagnerez.<\/li>\n<li>13-24. Vous pouvez \u00e9galement mettre une puce sur la deuxi\u00e8me douzaine &#8211; cela inclut une liste de num\u00e9ros diff\u00e9rente. Il comprend la partie m\u00e9diane de la table de jeu avec les num\u00e9ros de 13 \u00e0 24. Par cons\u00e9quent, c&rsquo;est la bille qui s&rsquo;arr\u00eate dans cette fourchette, vous obtiendrez les gains du croupier.<\/li>\n<li>25-36. La derni\u00e8re douzaine se compose de ces m\u00eames chiffres, le dernier sur la roue. Ici aussi, vous pouvez mettre un jeton et vous attendre \u00e0 gagner. Bien s\u00fbr, le prix dans ce cas serait petit, mais plus que r\u00e9aliste. Les chances de gagner sont bien pr\u00e9sentes.<\/li>\n<\/ul>\n<p>Choisissez l&rsquo;une des trois options : vous gagnerez un petit mais r\u00e9aliste gain Mr Green roulette Australia.<\/p>\n<div class=\"t-go\"><a href=\"\/go-casino\/?brand=mrgreen\">BONUS DE R\u00c9CLAMATION<\/a><\/div>\n<h2>Une strat\u00e9gie sans issue pour battre la roulette dans les casinos<\/h2>\n<p>La recherche d&rsquo;une strat\u00e9gie de roulette Mr Green gagnant-gagnant revient \u00e0 essayer de trouver la pierre philosophale &#8211; une perte de temps. Le probl\u00e8me pour les joueurs est l&rsquo;avantage par d\u00e9faut du casino. Au d\u00e9triment du terrain non payant, vous perdez de toute fa\u00e7on 1\/37e de la mise moyenne. L&rsquo;avantage de base du casino pour la roulette europ\u00e9enne avec un z\u00e9ro est de 2,7 %, pour la roulette am\u00e9ricaine, il est de 5,26 %.<\/p>\n<p><span style=\"font-weight: 400;\"><img loading=\"lazy\" decoding=\"async\" class=\" wp-image-351 aligncenter\" src=\"https:\/\/mrgreencasinos.com\/wp-content\/uploads\/2022\/04\/mr-green-3-300x100.jpg\" alt=\"mr green roulette\" width=\"828\" height=\"276\" srcset=\"https:\/\/mrgreencasinos.com\/wp-content\/uploads\/2022\/04\/mr-green-3-300x100.jpg 300w, https:\/\/mrgreencasinos.com\/wp-content\/uploads\/2022\/04\/mr-green-3-720x240.jpg 720w, https:\/\/mrgreencasinos.com\/wp-content\/uploads\/2022\/04\/mr-green-3.jpg 750w\" sizes=\"auto, (max-width: 828px) 100vw, 828px\" \/><\/span><\/p>\n<h2>Les principaux types de strat\u00e9gies<\/h2>\n<p>Le fait que la roulette ne puisse pas \u00eatre battue ne signifie pas qu&rsquo;elle ne peut pas \u00eatre gagn\u00e9e. En choisissant la bonne tactique et en apprenant les r\u00e8gles en d\u00e9tail, l&rsquo;utilisateur peut esp\u00e9rer un bon score. Pour faire du profit, il est important de s&rsquo;arr\u00eater \u00e0 temps pour ne pas rendre l&rsquo;argent au casino.<\/p>\n<p>Strat\u00e9gie de roulette gagnant-gagnant &#8211; une utopie. Mais pendant trois cents ans ont form\u00e9 certaines tactiques qui permettent une esp\u00e9rance positive de gagner.<\/p>\n<h2>La m\u00e9thode des taux optimaux<\/h2>\n<p>Les sch\u00e9mas de paris optimaux impliquent le placement de jetons sur le terrain selon un certain syst\u00e8me. Toutes les \u00e9tapes sont calcul\u00e9es par des formules math\u00e9matiques, donc tout \u00e9cart par rapport \u00e0 la m\u00e9thodologie au milieu du jeu est sem\u00e9 d&#8217;emb\u00fbches. Dans une telle strat\u00e9gie de la roulette de M. Green, l&rsquo;accent mis sur la taille du montant en jeu est d\u00e9plac\u00e9 vers certaines cellules, et la base est l&rsquo;observation.<\/p>\n<p>La strat\u00e9gie Makarov (Biarritz) est tr\u00e8s demand\u00e9e. Son essence est de parier sur le m\u00eame num\u00e9ro 36 fois de suite. Plus la cellule souhait\u00e9e tombe rapidement, plus le montant que le joueur prendra sera important.<\/p>\n<p>Le sch\u00e9ma le plus simple dans ce segment est le \u00ab\u00a0Fancy System\u00a0\u00bb. Son objectif est de recouvrir la plupart des cases de la table avec des jetons. Mr Green roulette gratuit est disponible d\u00e8s maintenant.<\/p>\n<div class=\"t-go\"><a href=\"\/go-casino\/?brand=mrgreen\">BONUS DE R\u00c9CLAMATION<\/a><\/div>\n<h2>La structure du terrain de jeu<\/h2>\n<p>Toutes les m\u00e9thodes consistent classiquement en trois \u00e9tapes :<\/p>\n<ul>\n<li>D&rsquo;abord, il y a toujours une longue observation du jeu et le d\u00e9compte des nombres auxquels la bille s&rsquo;arr\u00eate.<\/li>\n<li>Ensuite, il y a une comparaison des donn\u00e9es d&rsquo;observation avec la disposition de la tactique souhait\u00e9e.<\/li>\n<li>La derni\u00e8re \u00e9tape &#8211; la disposition des jetons et le jeu.<\/li>\n<\/ul>\n<p>Il y a des moments o\u00f9 la roulette lors d&rsquo;une longue session de jeu roulette Mr Green donne le r\u00e9sultat, qui ne rentre pas dans les m\u00e9thodes de taux optimaux. Ensuite, il vaut la peine de continuer \u00e0 surveiller jusqu&rsquo;\u00e0 ce que les r\u00e9sultats soient acceptables.<\/p>\n<h2>Gestion des r\u00e9sultats<\/h2>\n<p>Les strat\u00e9gies de gestion des r\u00e9sultats sont les plus populaires parmi les utilisateurs de la roulette en direct de Mr Green. Ils ne sont pas bas\u00e9s sur le placement des jetons, mais sur les r\u00e9sultats sp\u00e9cifiques du sch\u00e9ma \u00ab\u00a0gagn\u00e9\/perdu\u00a0\u00bb. En fonction des r\u00e9sultats de la rotation, le participant baisse ou augmente le niveau des paris. Par exemple, la strat\u00e9gie Martingale.<\/p>\n","protected":false},"excerpt":{"rendered":"<p>Quelle est la meilleure roulette en ligne Mr Green et comment y jouer, beaucoup de gens ne le savent que [&hellip;]<\/p>\n","protected":false},"author":1,"featured_media":0,"parent":0,"menu_order":0,"comment_status":"closed","ping_status":"closed","template":"page-templates\/template_fullwidth.php","meta":{"footnotes":""},"class_list":["post-353","page","type-page","status-publish","hentry"],"acf":[],"yoast_head":"<!-- This site is optimized with the Yoast SEO plugin v17.9 - https:\/\/yoast.com\/wordpress\/plugins\/seo\/ -->\n<title>Jouez \u00e0 la roulette en ligne pour de l&#039;argent r\u00e9el | M. Green Casino<\/title>\n<meta name=\"description\" content=\"Lisez sur le casino en ligne le plus vert et jouez \u00e0 la fantastique roulette et aux jeux en direct de Mr Green sur une vari\u00e9t\u00e9 de plateformes\" \/>\n<meta name=\"robots\" content=\"index, follow, max-snippet:-1, max-image-preview:large, max-video-preview:-1\" \/>\n<link rel=\"canonical\" href=\"https:\/\/mrgreencasinos.com\/fr\/roulette\/\" \/>\n<meta property=\"og:type\" content=\"article\" \/>\n<meta property=\"og:title\" content=\"Jouez \u00e0 la roulette en ligne pour de l&#039;argent r\u00e9el | M. Green Casino\" \/>\n<meta property=\"og:description\" content=\"Lisez sur le casino en ligne le plus vert et jouez \u00e0 la fantastique roulette et aux jeux en direct de Mr Green sur une vari\u00e9t\u00e9 de plateformes\" \/>\n<meta property=\"og:url\" content=\"https:\/\/mrgreencasinos.com\/fr\/roulette\/\" \/>\n<meta property=\"og:site_name\" content=\"Casino MR Green\" \/>\n<meta property=\"article:modified_time\" content=\"2022-07-21T15:00:31+00:00\" \/>\n<meta property=\"og:image\" content=\"https:\/\/mrgreencasinos.com\/wp-content\/uploads\/2022\/04\/e62e318bf1-300x169.jpeg\" \/>\n<meta name=\"twitter:card\" content=\"summary_large_image\" \/>\n<meta name=\"twitter:label1\" content=\"Dur\u00e9e de lecture estim\u00e9e\" \/>\n\t<meta name=\"twitter:data1\" content=\"7 minutes\" \/>\n<script type=\"application\/ld+json\" class=\"yoast-schema-graph\">{\"@context\":\"https:\/\/schema.org\",\"@graph\":[{\"@type\":\"WebSite\",\"@id\":\"https:\/\/mrgreencasinos.com\/#website\",\"url\":\"https:\/\/mrgreencasinos.com\/\",\"name\":\"Casino MR Green\",\"description\":\"\",\"potentialAction\":[{\"@type\":\"SearchAction\",\"target\":{\"@type\":\"EntryPoint\",\"urlTemplate\":\"https:\/\/mrgreencasinos.com\/?s={search_term_string}\"},\"query-input\":\"required name=search_term_string\"}],\"inLanguage\":\"fr-FR\"},{\"@type\":\"ImageObject\",\"@id\":\"https:\/\/mrgreencasinos.com\/fr\/roulette\/#primaryimage\",\"inLanguage\":\"fr-FR\",\"url\":\"https:\/\/mrgreencasinos.com\/wp-content\/uploads\/2022\/04\/e62e318bf1.jpeg\",\"contentUrl\":\"https:\/\/mrgreencasinos.com\/wp-content\/uploads\/2022\/04\/e62e318bf1.jpeg\",\"width\":620,\"height\":350,\"caption\":\"roulette\"},{\"@type\":\"WebPage\",\"@id\":\"https:\/\/mrgreencasinos.com\/fr\/roulette\/#webpage\",\"url\":\"https:\/\/mrgreencasinos.com\/fr\/roulette\/\",\"name\":\"Jouez \\u00e0 la roulette en ligne pour de l'argent r\\u00e9el | M. Green Casino\",\"isPartOf\":{\"@id\":\"https:\/\/mrgreencasinos.com\/#website\"},\"primaryImageOfPage\":{\"@id\":\"https:\/\/mrgreencasinos.com\/fr\/roulette\/#primaryimage\"},\"datePublished\":\"2022-04-27T12:34:56+00:00\",\"dateModified\":\"2022-07-21T15:00:31+00:00\",\"description\":\"Lisez sur le casino en ligne le plus vert et jouez \\u00e0 la fantastique roulette et aux jeux en direct de Mr Green sur une vari\\u00e9t\\u00e9 de plateformes\",\"breadcrumb\":{\"@id\":\"https:\/\/mrgreencasinos.com\/fr\/roulette\/#breadcrumb\"},\"inLanguage\":\"fr-FR\",\"potentialAction\":[{\"@type\":\"ReadAction\",\"target\":[\"https:\/\/mrgreencasinos.com\/fr\/roulette\/\"]}]},{\"@type\":\"BreadcrumbList\",\"@id\":\"https:\/\/mrgreencasinos.com\/fr\/roulette\/#breadcrumb\",\"itemListElement\":[{\"@type\":\"ListItem\",\"position\":1,\"name\":\"Home\",\"item\":\"https:\/\/mrgreencasinos.com\/fr\/review-of-the-official-mr-green-website\/\"},{\"@type\":\"ListItem\",\"position\":2,\"name\":\"Donnez votre avis sur la roulette Mr Green\"}]}]}<\/script>\n<!-- \/ Yoast SEO plugin. -->","yoast_head_json":{"title":"Jouez \u00e0 la roulette en ligne pour de l'argent r\u00e9el | M. Green Casino","description":"Lisez sur le casino en ligne le plus vert et jouez \u00e0 la fantastique roulette et aux jeux en direct de Mr Green sur une vari\u00e9t\u00e9 de plateformes","robots":{"index":"index","follow":"follow","max-snippet":"max-snippet:-1","max-image-preview":"max-image-preview:large","max-video-preview":"max-video-preview:-1"},"canonical":"https:\/\/mrgreencasinos.com\/fr\/roulette\/","og_type":"article","og_title":"Jouez \u00e0 la roulette en ligne pour de l'argent r\u00e9el | M. Green Casino","og_description":"Lisez sur le casino en ligne le plus vert et jouez \u00e0 la fantastique roulette et aux jeux en direct de Mr Green sur une vari\u00e9t\u00e9 de plateformes","og_url":"https:\/\/mrgreencasinos.com\/fr\/roulette\/","og_site_name":"Casino MR Green","article_modified_time":"2022-07-21T15:00:31+00:00","og_image":[{"url":"https:\/\/mrgreencasinos.com\/wp-content\/uploads\/2022\/04\/e62e318bf1-300x169.jpeg"}],"twitter_card":"summary_large_image","twitter_misc":{"Dur\u00e9e de lecture estim\u00e9e":"7 minutes"},"schema":{"@context":"https:\/\/schema.org","@graph":[{"@type":"WebSite","@id":"https:\/\/mrgreencasinos.com\/#website","url":"https:\/\/mrgreencasinos.com\/","name":"Casino MR Green","description":"","potentialAction":[{"@type":"SearchAction","target":{"@type":"EntryPoint","urlTemplate":"https:\/\/mrgreencasinos.com\/?s={search_term_string}"},"query-input":"required name=search_term_string"}],"inLanguage":"fr-FR"},{"@type":"ImageObject","@id":"https:\/\/mrgreencasinos.com\/fr\/roulette\/#primaryimage","inLanguage":"fr-FR","url":"https:\/\/mrgreencasinos.com\/wp-content\/uploads\/2022\/04\/e62e318bf1.jpeg","contentUrl":"https:\/\/mrgreencasinos.com\/wp-content\/uploads\/2022\/04\/e62e318bf1.jpeg","width":620,"height":350,"caption":"roulette"},{"@type":"WebPage","@id":"https:\/\/mrgreencasinos.com\/fr\/roulette\/#webpage","url":"https:\/\/mrgreencasinos.com\/fr\/roulette\/","name":"Jouez \u00e0 la roulette en ligne pour de l'argent r\u00e9el | M. Green Casino","isPartOf":{"@id":"https:\/\/mrgreencasinos.com\/#website"},"primaryImageOfPage":{"@id":"https:\/\/mrgreencasinos.com\/fr\/roulette\/#primaryimage"},"datePublished":"2022-04-27T12:34:56+00:00","dateModified":"2022-07-21T15:00:31+00:00","description":"Lisez sur le casino en ligne le plus vert et jouez \u00e0 la fantastique roulette et aux jeux en direct de Mr Green sur une vari\u00e9t\u00e9 de plateformes","breadcrumb":{"@id":"https:\/\/mrgreencasinos.com\/fr\/roulette\/#breadcrumb"},"inLanguage":"fr-FR","potentialAction":[{"@type":"ReadAction","target":["https:\/\/mrgreencasinos.com\/fr\/roulette\/"]}]},{"@type":"BreadcrumbList","@id":"https:\/\/mrgreencasinos.com\/fr\/roulette\/#breadcrumb","itemListElement":[{"@type":"ListItem","position":1,"name":"Home","item":"https:\/\/mrgreencasinos.com\/fr\/review-of-the-official-mr-green-website\/"},{"@type":"ListItem","position":2,"name":"Donnez votre avis sur la roulette Mr Green"}]}]}},"_links":{"self":[{"href":"https:\/\/mrgreencasinos.com\/fr\/wp-json\/wp\/v2\/pages\/353","targetHints":{"allow":["GET"]}}],"collection":[{"href":"https:\/\/mrgreencasinos.com\/fr\/wp-json\/wp\/v2\/pages"}],"about":[{"href":"https:\/\/mrgreencasinos.com\/fr\/wp-json\/wp\/v2\/types\/page"}],"author":[{"embeddable":true,"href":"https:\/\/mrgreencasinos.com\/fr\/wp-json\/wp\/v2\/users\/1"}],"replies":[{"embeddable":true,"href":"https:\/\/mrgreencasinos.com\/fr\/wp-json\/wp\/v2\/comments?post=353"}],"version-history":[{"count":5,"href":"https:\/\/mrgreencasinos.com\/fr\/wp-json\/wp\/v2\/pages\/353\/revisions"}],"predecessor-version":[{"id":667,"href":"https:\/\/mrgreencasinos.com\/fr\/wp-json\/wp\/v2\/pages\/353\/revisions\/667"}],"wp:attachment":[{"href":"https:\/\/mrgreencasinos.com\/fr\/wp-json\/wp\/v2\/media?parent=353"}],"curies":[{"name":"wp","href":"https:\/\/api.w.org\/{rel}","templated":true}]}}