{"id":363,"date":"2022-04-27T12:48:20","date_gmt":"2022-04-27T12:48:20","guid":{"rendered":"https:\/\/mrgreencasinos.com\/?page_id=363"},"modified":"2022-08-10T09:13:30","modified_gmt":"2022-08-10T09:13:30","slug":"blackjack","status":"publish","type":"page","link":"https:\/\/mrgreencasinos.com\/fr\/blackjack\/","title":{"rendered":"Avis sur le blackjack Mr Green"},"content":{"rendered":"<p><span style=\"font-weight: 400;\"><img loading=\"lazy\" decoding=\"async\" class=\" wp-image-359 aligncenter\" src=\"https:\/\/mrgreencasinos.com\/wp-content\/uploads\/2022\/04\/top-300x181.png\" alt=\"blackjack\" width=\"722\" height=\"436\" srcset=\"https:\/\/mrgreencasinos.com\/wp-content\/uploads\/2022\/04\/top-300x181.png 300w, https:\/\/mrgreencasinos.com\/wp-content\/uploads\/2022\/04\/top-1024x618.png 1024w, https:\/\/mrgreencasinos.com\/wp-content\/uploads\/2022\/04\/top-768x464.png 768w, https:\/\/mrgreencasinos.com\/wp-content\/uploads\/2022\/04\/top-720x435.png 720w, https:\/\/mrgreencasinos.com\/wp-content\/uploads\/2022\/04\/top.png 1474w\" sizes=\"auto, (max-width: 722px) 100vw, 722px\" \/><\/span><\/p>\n<p>Des millions de joueurs en Australie recherchent un endroit d\u00e9cent pour jouer \u00e0 des jeux de hasard. L&rsquo;une des meilleures opportunit\u00e9s est offerte par le Green Casino. Ce site Web particulier a \u00e9t\u00e9 lanc\u00e9 pour la premi\u00e8re fois en 2008 et est devenu un succ\u00e8s majeur depuis. Ce casino en ligne a remport\u00e9 plusieurs prix de suite, car il est devenu l&rsquo;un des meilleurs casinos en ligne d&rsquo;Europe. Beaucoup de gens connaissent ce site Web comme l&rsquo;un des plus efficaces en termes de jeux.<\/p>\n<p>Par exemple, il a des r\u00e8gles de blackjack Mr Green assez raisonnables, car le joueur pourra choisir parmi une variante diff\u00e9rente de ce jeu de table particulier. Ce casino en ligne appartient \u00e0 Mr Green Ltd Casinos et poss\u00e8de une licence officielle fournie par Malte et r\u00e9glement\u00e9e par la United Kingdom Gambling Commission. Au cours des deux derni\u00e8res ann\u00e9es, ce site Web a \u00e9t\u00e9 salu\u00e9 par la critique pour \u00eatre l&rsquo;un des sites Web les mieux con\u00e7us, non seulement pour les ordinateurs de bureau, mais \u00e9galement pour les utilisateurs mobiles. Il est possible de dire que cela cr\u00e9e une bonne ambiance pour toutes les personnes qui souhaitent profiter de certains jeux tout en \u00e9tant en d\u00e9placement.<\/p>\n<p>\u00c0 l&rsquo;heure actuelle, il est possible de profiter de certains titres de blackjack du casino en ligne Mr Green de ces fournisseurs de logiciels, tels que Play&rsquo;N GO, IGT, Net Entertainment et Evolution Gaming. Leurs jeux ont une <a href=\"https:\/\/mrgreencasinos.com\/fr\/app\/\">application<\/a> bien adapt\u00e9e aux gadgets iOS et Android. Mais avant que le joueur ne commence \u00e0 jouer \u00e0 l&rsquo;un d&rsquo;entre eux, il est tr\u00e8s important d&rsquo;apprendre quelques d\u00e9tails sur les r\u00e8gles et les \u00e9l\u00e9ments de base sur la fa\u00e7on de jouer au Blackjack.<\/p>\n<p style=\"text-align: center;\"><div class=\"t-go\"><a href=\"\/go-casino\/?brand=mrgreen\">BONUS DE R\u00c9CLAMATION<\/a><\/div>\n<h2>Comment jouer au blackjack<\/h2>\n<p>D\u00e8s le d\u00e9but, il est important d&rsquo;admettre qu&rsquo;il existe au moins 65 variantes de l&rsquo;exp\u00e9rience du blackjack Mr Green. Pour pouvoir en profiter, le joueur devra terminer le processus d&rsquo;inscription. Car contrairement aux machines \u00e0 sous, il est impossible de lancer des <a href=\"https:\/\/mrgreencasinos.com\/fr\/table-games\/\">jeux de table<\/a> en mode d\u00e9mo, car ces jeux ne supportent tout simplement pas ce genre de jeu gratuit. Quelques mots doivent \u00eatre dits sur les r\u00e8gles de ce jeu.<\/p>\n<p>Le blackjack est \u00e9galement connu sous le nom de \u00ab\u00a021\u00a0\u00bb. L&rsquo;essence du jeu est simple &#8211; marquer 21 points ou plus que dans la main du croupier, mais en aucun cas plus de 21. Si le joueur en r\u00e9cup\u00e8re plus de 21, il \u00ab\u00a0s&rsquo;\u00e9puise\u00a0\u00bb. Le blackjack est l&rsquo;un de ces rares jeux de cartes qui incluent une possibilit\u00e9 de tirages. Pourtant, les r\u00e8gles de ce jeu particulier sont tr\u00e8s simples et m\u00eame les nouveaux joueurs qui le d\u00e9couvriront pour la premi\u00e8re fois ne devraient avoir aucun probl\u00e8me \u00e0 savoir quoi faire pour gagner beaucoup d&rsquo;argent dans le processus. \u00c0 ce moment, en ouvrant le catalogue en ligne des jeux de table sur le site Web de Mr Green Casino, le joueur pourra choisir parmi un certain nombre de variantes diff\u00e9rentes du Blackjack. Ils incluent des options telles que\u00a0:<\/p>\n<ul>\n<li>Tous les Blackjack am\u00e9ricains ;<\/li>\n<li>Blackjack europ\u00e9en\u00a0;<\/li>\n<li>Blackjack classique\u00a0;<\/li>\n<li>Jacks or Better Blackjack\u00a0;<\/li>\n<li>Blackjack en direct.<\/li>\n<\/ul>\n<p>Peu importe le titre que le joueur choisira de jouer, il est possible de s&rsquo;amuser en faisant cela, surtout pour ceux qui connaissent au moins une sorte de strat\u00e9gie qui peut \u00eatre utilis\u00e9e pour gagner beaucoup d&rsquo;argent.<\/p>\n<p><span style=\"font-weight: 400;\"><img loading=\"lazy\" decoding=\"async\" class=\" wp-image-361 aligncenter\" src=\"https:\/\/mrgreencasinos.com\/wp-content\/uploads\/2022\/04\/mrgreen-blackjack-happy-hour-300x163.jpg\" alt=\"mr green black jack\" width=\"863\" height=\"469\" srcset=\"https:\/\/mrgreencasinos.com\/wp-content\/uploads\/2022\/04\/mrgreen-blackjack-happy-hour-300x163.jpg 300w, https:\/\/mrgreencasinos.com\/wp-content\/uploads\/2022\/04\/mrgreen-blackjack-happy-hour.jpg 600w\" sizes=\"auto, (max-width: 863px) 100vw, 863px\" \/><\/span><\/p>\n<h2>Strat\u00e9gie de blackjack<\/h2>\n<p>L&rsquo;une des principales choses qu&rsquo;un joueur doit savoir avant de s&rsquo;asseoir \u00e0 une table de blackjack (m\u00eame si elle est num\u00e9rique) est de conna\u00eetre la strat\u00e9gie de base. Cette strat\u00e9gie est bas\u00e9e sur des math\u00e9matiques pures et a \u00e9t\u00e9 test\u00e9e \u00e0 l&rsquo;aide de simulations informatiques. Si le joueur suit correctement cette strat\u00e9gie, l&rsquo;avantage de la maison est r\u00e9duit au minimum. Cela n&rsquo;aurait pas \u00e9t\u00e9 un bon examen du blackjack de M. Green sans cette strat\u00e9gie. Chaque joueur int\u00e9ress\u00e9 \u00e0 jouer \u00e0 ce jeu pour de l&rsquo;argent r\u00e9el doit \u00eatre familiaris\u00e9 avec cette strat\u00e9gie.<\/p>\n<p>Selon la th\u00e9orie des probabilit\u00e9s, un joueur ne peut jamais gagner toutes les mains en utilisant la strat\u00e9gie de base du blackjack. De temps en temps, les joueurs devront recevoir des pertes. Par exemple, si le joueur s&rsquo;arr\u00eate avec 13 contre le 5 du croupier, et dans cette situation, il perd trois fois de suite, il peut arr\u00eater de suivre cette strat\u00e9gie. Cependant, \u00e0 long terme, la probabilit\u00e9 fera des ravages : s&rsquo;ils s&rsquo;arr\u00eatent mille fois avec 13 contre le 5 du croupier, ils gagneront plus de mains que le joueur n&rsquo;en perdra.<\/p>\n<p>Apr\u00e8s avoir ma\u00eetris\u00e9 la strat\u00e9gie de base, les joueurs peuvent commencer \u00e0 utiliser le soi-disant \u00ab\u00a0syst\u00e8me de pari\u00a0\u00bb ou syst\u00e8me de \u00ab\u00a0gestion de l&rsquo;argent\u00a0\u00bb. Mais il est important d&rsquo;\u00eatre patient lors de son utilisation. C&rsquo;est le syst\u00e8me le plus populaire : le joueur mise un montant fixe \u00e0 chaque main, quel que soit le r\u00e9sultat des mains pr\u00e9c\u00e9dentes. En combinant cette strat\u00e9gie avec la strat\u00e9gie de base, le joueur ne perdra pas plus de 1% sur le long terme.<\/p>\n<p>De nombreux joueurs ne consid\u00e8rent pas du tout le \u00ab\u00a0syst\u00e8me de mise\u00a0\u00bb comme un syst\u00e8me. Quelle diff\u00e9rence cela fait-il de placer syst\u00e9matiquement un pari ou de faire varier al\u00e9atoirement sa valeur\u00a0? Mais puisque cette strat\u00e9gie \u00e9tire le jeu pendant une longue p\u00e9riode de temps et \u00e9vite de tomber dans une s\u00e9quence de d\u00e9faites, ce syst\u00e8me a le droit d&rsquo;exister.<\/p>\n<p style=\"text-align: center;\"><div class=\"t-go\"><a href=\"\/go-casino\/?brand=mrgreen\">BONUS DE R\u00c9CLAMATION<\/a><\/div>\n<h2>Blackjack en ligne vs Blackjack en direct<\/h2>\n<p>Une autre chose qui devrait \u00eatre mentionn\u00e9e dans le cadre de l&rsquo;examen de Mr Green Blackjack est la diff\u00e9rence entre le blackjack en ligne r\u00e9gulier et le blackjack en direct. Il y a quelques avantages que chaque membre inscrit du casino en ligne obtient en jouant \u00e0 la version live de ce jeu :<\/p>\n<ul>\n<li>Possibilit\u00e9 d&rsquo;avoir une exp\u00e9rience beaucoup plus immersive de jouer au blackjack en ligne ;<\/li>\n<li>Une opportunit\u00e9 d&rsquo;interagir non seulement avec d&rsquo;autres joueurs, mais aussi avec le croupier;<\/li>\n<li>Qualit\u00e9 HD du flux vid\u00e9o\u00a0;<\/li>\n<li>De bien plus grandes opportunit\u00e9s de gagner de l&rsquo;argent.<\/li>\n<\/ul>\n<p>Mais le joueur doit \u00eatre conscient que les versions en direct du blackjack sont beaucoup plus risqu\u00e9es que les titres de blackjack en ligne classiques. La principale raison \u00e0 cela &#8211; le blackjack en direct est fid\u00e8le \u00e0 l&rsquo;exp\u00e9rience de la vie &#8211; il n&rsquo;est pas bas\u00e9 sur un g\u00e9n\u00e9rateur de nombres al\u00e9atoires car il inclut de vrais croupiers qui communiqueront et interagiront avec le joueur gr\u00e2ce \u00e0 la fonctionnalit\u00e9 de diffusion en direct.<\/p>\n","protected":false},"excerpt":{"rendered":"<p>Des millions de joueurs en Australie recherchent un endroit d\u00e9cent pour jouer \u00e0 des jeux de hasard. L&rsquo;une des meilleures [&hellip;]<\/p>\n","protected":false},"author":1,"featured_media":0,"parent":0,"menu_order":0,"comment_status":"closed","ping_status":"closed","template":"page-templates\/template_fullwidth.php","meta":{"footnotes":""},"class_list":["post-363","page","type-page","status-publish","hentry"],"acf":[],"yoast_head":"<!-- This site is optimized with the Yoast SEO plugin v17.9 - https:\/\/yoast.com\/wordpress\/plugins\/seo\/ -->\n<title>Jouez au Blackjack en ligne pour de l&#039;argent r\u00e9el | Monsieur green<\/title>\n<meta name=\"description\" content=\"Profitez du blackjack avec de vrais croupiers en direct et d\u00e9couvrez le jeu en direct sur votre ordinateur ou votre mobile. Allez sur Mr Green Live Casino et rejoignez l&#039;action\" \/>\n<meta name=\"robots\" content=\"index, follow, max-snippet:-1, max-image-preview:large, max-video-preview:-1\" \/>\n<link rel=\"canonical\" href=\"https:\/\/mrgreencasinos.com\/fr\/blackjack\/\" \/>\n<meta property=\"og:type\" content=\"article\" \/>\n<meta property=\"og:title\" content=\"Jouez au Blackjack en ligne pour de l&#039;argent r\u00e9el | Monsieur green\" \/>\n<meta property=\"og:description\" content=\"Profitez du blackjack avec de vrais croupiers en direct et d\u00e9couvrez le jeu en direct sur votre ordinateur ou votre mobile. Allez sur Mr Green Live Casino et rejoignez l&#039;action\" \/>\n<meta property=\"og:url\" content=\"https:\/\/mrgreencasinos.com\/fr\/blackjack\/\" \/>\n<meta property=\"og:site_name\" content=\"Casino MR Green\" \/>\n<meta property=\"article:modified_time\" content=\"2022-08-10T09:13:30+00:00\" \/>\n<meta property=\"og:image\" content=\"https:\/\/mrgreencasinos.com\/wp-content\/uploads\/2022\/04\/top-300x181.png\" \/>\n<meta name=\"twitter:card\" content=\"summary_large_image\" \/>\n<meta name=\"twitter:label1\" content=\"Dur\u00e9e de lecture estim\u00e9e\" \/>\n\t<meta name=\"twitter:data1\" content=\"8 minutes\" \/>\n<script type=\"application\/ld+json\" class=\"yoast-schema-graph\">{\"@context\":\"https:\/\/schema.org\",\"@graph\":[{\"@type\":\"WebSite\",\"@id\":\"https:\/\/mrgreencasinos.com\/#website\",\"url\":\"https:\/\/mrgreencasinos.com\/\",\"name\":\"Casino MR Green\",\"description\":\"\",\"potentialAction\":[{\"@type\":\"SearchAction\",\"target\":{\"@type\":\"EntryPoint\",\"urlTemplate\":\"https:\/\/mrgreencasinos.com\/?s={search_term_string}\"},\"query-input\":\"required name=search_term_string\"}],\"inLanguage\":\"fr-FR\"},{\"@type\":\"ImageObject\",\"@id\":\"https:\/\/mrgreencasinos.com\/fr\/blackjack\/#primaryimage\",\"inLanguage\":\"fr-FR\",\"url\":\"https:\/\/mrgreencasinos.com\/wp-content\/uploads\/2022\/04\/top.png\",\"contentUrl\":\"https:\/\/mrgreencasinos.com\/wp-content\/uploads\/2022\/04\/top.png\",\"width\":1474,\"height\":890,\"caption\":\"blackjack\"},{\"@type\":\"WebPage\",\"@id\":\"https:\/\/mrgreencasinos.com\/fr\/blackjack\/#webpage\",\"url\":\"https:\/\/mrgreencasinos.com\/fr\/blackjack\/\",\"name\":\"Jouez au Blackjack en ligne pour de l'argent r\\u00e9el | Monsieur green\",\"isPartOf\":{\"@id\":\"https:\/\/mrgreencasinos.com\/#website\"},\"primaryImageOfPage\":{\"@id\":\"https:\/\/mrgreencasinos.com\/fr\/blackjack\/#primaryimage\"},\"datePublished\":\"2022-04-27T12:48:20+00:00\",\"dateModified\":\"2022-08-10T09:13:30+00:00\",\"description\":\"Profitez du blackjack avec de vrais croupiers en direct et d\\u00e9couvrez le jeu en direct sur votre ordinateur ou votre mobile. Allez sur Mr Green Live Casino et rejoignez l'action\",\"breadcrumb\":{\"@id\":\"https:\/\/mrgreencasinos.com\/fr\/blackjack\/#breadcrumb\"},\"inLanguage\":\"fr-FR\",\"potentialAction\":[{\"@type\":\"ReadAction\",\"target\":[\"https:\/\/mrgreencasinos.com\/fr\/blackjack\/\"]}]},{\"@type\":\"BreadcrumbList\",\"@id\":\"https:\/\/mrgreencasinos.com\/fr\/blackjack\/#breadcrumb\",\"itemListElement\":[{\"@type\":\"ListItem\",\"position\":1,\"name\":\"Home\",\"item\":\"https:\/\/mrgreencasinos.com\/fr\/review-of-the-official-mr-green-website\/\"},{\"@type\":\"ListItem\",\"position\":2,\"name\":\"Avis sur le blackjack Mr Green\"}]}]}<\/script>\n<!-- \/ Yoast SEO plugin. -->","yoast_head_json":{"title":"Jouez au Blackjack en ligne pour de l'argent r\u00e9el | Monsieur green","description":"Profitez du blackjack avec de vrais croupiers en direct et d\u00e9couvrez le jeu en direct sur votre ordinateur ou votre mobile. Allez sur Mr Green Live Casino et rejoignez l'action","robots":{"index":"index","follow":"follow","max-snippet":"max-snippet:-1","max-image-preview":"max-image-preview:large","max-video-preview":"max-video-preview:-1"},"canonical":"https:\/\/mrgreencasinos.com\/fr\/blackjack\/","og_type":"article","og_title":"Jouez au Blackjack en ligne pour de l'argent r\u00e9el | Monsieur green","og_description":"Profitez du blackjack avec de vrais croupiers en direct et d\u00e9couvrez le jeu en direct sur votre ordinateur ou votre mobile. Allez sur Mr Green Live Casino et rejoignez l'action","og_url":"https:\/\/mrgreencasinos.com\/fr\/blackjack\/","og_site_name":"Casino MR Green","article_modified_time":"2022-08-10T09:13:30+00:00","og_image":[{"url":"https:\/\/mrgreencasinos.com\/wp-content\/uploads\/2022\/04\/top-300x181.png"}],"twitter_card":"summary_large_image","twitter_misc":{"Dur\u00e9e de lecture estim\u00e9e":"8 minutes"},"schema":{"@context":"https:\/\/schema.org","@graph":[{"@type":"WebSite","@id":"https:\/\/mrgreencasinos.com\/#website","url":"https:\/\/mrgreencasinos.com\/","name":"Casino MR Green","description":"","potentialAction":[{"@type":"SearchAction","target":{"@type":"EntryPoint","urlTemplate":"https:\/\/mrgreencasinos.com\/?s={search_term_string}"},"query-input":"required name=search_term_string"}],"inLanguage":"fr-FR"},{"@type":"ImageObject","@id":"https:\/\/mrgreencasinos.com\/fr\/blackjack\/#primaryimage","inLanguage":"fr-FR","url":"https:\/\/mrgreencasinos.com\/wp-content\/uploads\/2022\/04\/top.png","contentUrl":"https:\/\/mrgreencasinos.com\/wp-content\/uploads\/2022\/04\/top.png","width":1474,"height":890,"caption":"blackjack"},{"@type":"WebPage","@id":"https:\/\/mrgreencasinos.com\/fr\/blackjack\/#webpage","url":"https:\/\/mrgreencasinos.com\/fr\/blackjack\/","name":"Jouez au Blackjack en ligne pour de l'argent r\u00e9el | Monsieur green","isPartOf":{"@id":"https:\/\/mrgreencasinos.com\/#website"},"primaryImageOfPage":{"@id":"https:\/\/mrgreencasinos.com\/fr\/blackjack\/#primaryimage"},"datePublished":"2022-04-27T12:48:20+00:00","dateModified":"2022-08-10T09:13:30+00:00","description":"Profitez du blackjack avec de vrais croupiers en direct et d\u00e9couvrez le jeu en direct sur votre ordinateur ou votre mobile. Allez sur Mr Green Live Casino et rejoignez l'action","breadcrumb":{"@id":"https:\/\/mrgreencasinos.com\/fr\/blackjack\/#breadcrumb"},"inLanguage":"fr-FR","potentialAction":[{"@type":"ReadAction","target":["https:\/\/mrgreencasinos.com\/fr\/blackjack\/"]}]},{"@type":"BreadcrumbList","@id":"https:\/\/mrgreencasinos.com\/fr\/blackjack\/#breadcrumb","itemListElement":[{"@type":"ListItem","position":1,"name":"Home","item":"https:\/\/mrgreencasinos.com\/fr\/review-of-the-official-mr-green-website\/"},{"@type":"ListItem","position":2,"name":"Avis sur le blackjack Mr Green"}]}]}},"_links":{"self":[{"href":"https:\/\/mrgreencasinos.com\/fr\/wp-json\/wp\/v2\/pages\/363","targetHints":{"allow":["GET"]}}],"collection":[{"href":"https:\/\/mrgreencasinos.com\/fr\/wp-json\/wp\/v2\/pages"}],"about":[{"href":"https:\/\/mrgreencasinos.com\/fr\/wp-json\/wp\/v2\/types\/page"}],"author":[{"embeddable":true,"href":"https:\/\/mrgreencasinos.com\/fr\/wp-json\/wp\/v2\/users\/1"}],"replies":[{"embeddable":true,"href":"https:\/\/mrgreencasinos.com\/fr\/wp-json\/wp\/v2\/comments?post=363"}],"version-history":[{"count":8,"href":"https:\/\/mrgreencasinos.com\/fr\/wp-json\/wp\/v2\/pages\/363\/revisions"}],"predecessor-version":[{"id":908,"href":"https:\/\/mrgreencasinos.com\/fr\/wp-json\/wp\/v2\/pages\/363\/revisions\/908"}],"wp:attachment":[{"href":"https:\/\/mrgreencasinos.com\/fr\/wp-json\/wp\/v2\/media?parent=363"}],"curies":[{"name":"wp","href":"https:\/\/api.w.org\/{rel}","templated":true}]}}