{"id":375,"date":"2022-04-27T13:02:23","date_gmt":"2022-04-27T13:02:23","guid":{"rendered":"https:\/\/mrgreencasinos.com\/?page_id=375"},"modified":"2022-07-21T14:46:17","modified_gmt":"2022-07-21T14:46:17","slug":"betting","status":"publish","type":"page","link":"https:\/\/mrgreencasinos.com\/fr\/betting\/","title":{"rendered":"Revoir les paris de Mr Green"},"content":{"rendered":"<p><span style=\"font-weight: 400;\"><img loading=\"lazy\" decoding=\"async\" class=\" wp-image-371 aligncenter\" src=\"https:\/\/mrgreencasinos.com\/wp-content\/uploads\/2022\/04\/awards-bg-300x155.jpg\" alt=\"casino betting\" width=\"730\" height=\"377\" srcset=\"https:\/\/mrgreencasinos.com\/wp-content\/uploads\/2022\/04\/awards-bg-300x155.jpg 300w, https:\/\/mrgreencasinos.com\/wp-content\/uploads\/2022\/04\/awards-bg-1024x529.jpg 1024w, https:\/\/mrgreencasinos.com\/wp-content\/uploads\/2022\/04\/awards-bg-768x396.jpg 768w, https:\/\/mrgreencasinos.com\/wp-content\/uploads\/2022\/04\/awards-bg-1536x793.jpg 1536w, https:\/\/mrgreencasinos.com\/wp-content\/uploads\/2022\/04\/awards-bg-2048x1057.jpg 2048w, https:\/\/mrgreencasinos.com\/wp-content\/uploads\/2022\/04\/awards-bg-720x372.jpg 720w\" sizes=\"auto, (max-width: 730px) 100vw, 730px\" \/><\/span><\/p>\n<h2>Histoire de la Colombie-Britannique Mr Green<\/h2>\n<p>Mr Green betting Australia appartient \u00e0 la soci\u00e9t\u00e9 Mr Green Ltd, qui est surtout connue pour son casino du m\u00eame nom. Cette soci\u00e9t\u00e9 a \u00e9t\u00e9 fond\u00e9e en 2008 et est aujourd&rsquo;hui un op\u00e9rateur de jeu en ligne majeur en Europe. Son si\u00e8ge social est situ\u00e9 \u00e0 Malte, sous la licence de jeu dont il exerce ses activit\u00e9s sur Internet et dans la plupart des r\u00e9gions du continent europ\u00e9en. Mr Green Ltd utilise une licence d\u00e9livr\u00e9e par la British Gambling Commission pour travailler sur le territoire de Foggy Albion.<\/p>\n<p>Compte tenu de l&rsquo;activit\u00e9 principale de sa structure m\u00e8re, Mr Green Ltd est plut\u00f4t un ajout \u00e0 la liste des services qu&rsquo;elle propose. La section des paris a \u00e9t\u00e9 ajout\u00e9e \u00e0 la ressource en ligne de Mr Green Ltd bien plus tard, seulement en 2016, afin d&rsquo;augmenter les profits en attirant une nouvelle gamme de clients. Par cons\u00e9quent, en g\u00e9n\u00e9ral, le site de cette soci\u00e9t\u00e9 propose une gamme compl\u00e8te de jeux de hasard et son \u00e9quipement technique est fourni et pris en charge par les principaux d\u00e9veloppeurs de logiciels du secteur. Cette revue de paris Mr Green vous familiarisera avec toutes les offres du bookmaker.<\/p>\n<div class=\"t-go\"><a href=\"\/go-casino\/?brand=mrgreen\">BONUS DE R\u00c9CLAMATION<\/a><\/div>\n<h2>Gamme de Mr Green Betting Company<\/h2>\n<p>Le site de paris Mr Green propose une liste de plus de 30 sports diff\u00e9rents, dont : football, basket-ball, hockey, tennis, handball, volley-ball, football am\u00e9ricain, football australien, baseball, boxe, \u00e9checs, cricket, cyclisme, fl\u00e9chettes, floorball, futsal, golf, courses de chevaux, ligue de rugby, union de rugby, snooker, surf, arts martiaux, sports d&rsquo;hiver, voile, bandy, pesapallo et plus encore.<\/p>\n<p>De plus, les cybersports, populaires ces derniers temps parmi les jeunes joueurs, sont disponibles pour les paris en ligne, ainsi que certains \u00e9v\u00e9nements tr\u00e8s non sportifs &#8211; par exemple, des \u00e9v\u00e9nements politiques ou de divertissement, y compris diverses \u00e9missions de t\u00e9l\u00e9vision et comp\u00e9titions. Dans le m\u00eame temps, seuls les march\u00e9s les plus profonds se caract\u00e9risent par les disciplines les plus appr\u00e9ci\u00e9es des acteurs. Parmi eux, bien s\u00fbr, le football, repr\u00e9sent\u00e9 par un grand nombre d&rsquo;\u00e9v\u00e9nements.<\/p>\n<h2>Paris en direct sur la soci\u00e9t\u00e9 de paris Mr Green<\/h2>\n<p>Il est bon de noter que les paris en direct de Mr Green dans le bureau du bookmaker sont une priorit\u00e9. Cependant, trouver les matchs \u00e0 parier peut \u00eatre une t\u00e2che ardue pour de nombreux joueurs en raison de l&rsquo;interface tr\u00e8s d\u00e9routante du site. Le seul point positif de cette section est le player info-graphique qui permet d&rsquo;\u00eatre au courant de ce qui se passe dans le match.<\/p>\n<h2>Cotes des paris Mr Green<\/h2>\n<p>Les cotes des paris de Mr Green \u00e9voluent, en r\u00e8gle g\u00e9n\u00e9rale, dans une fourchette \u00e9troite de valeurs et d\u00e9pendent du type de sport et de la popularit\u00e9 des rencontres. Par exemple, les cotes pour des r\u00e9sultats oppos\u00e9s \u00e9galement attendus du m\u00eame \u00e9v\u00e9nement fluctuent souvent du rapport des nombres 1,87\/1,87 \u00e0 1,93\/1,93. Ce niveau de cotes peut \u00eatre attribu\u00e9 \u00e0 tout \u00e0 fait d\u00e9cent, si nous le comparons avec des param\u00e8tres similaires d&rsquo;autres bookmakers.<\/p>\n<h2>Site de paris en ligne Mr Green<\/h2>\n<p>Le site Web de Mr Green, d&rsquo;une part, est beau et color\u00e9, mais d&rsquo;autre part, il est tr\u00e8s inconfortable pour les amateurs de paris sportifs. Cela s&rsquo;applique principalement \u00e0 son interface, o\u00f9 il est parfois tr\u00e8s difficile de trouver non seulement l&rsquo;\u00e9v\u00e9nement souhait\u00e9, mais m\u00eame le championnat. Bien que dans ce cas, il faille probablement tenir compte du fait que cette ressource est principalement con\u00e7ue pour les fans de jeux de casino, et la section des paris a \u00e9t\u00e9 ajout\u00e9e uniquement pour l&rsquo;assortiment.<\/p>\n<p>Le bouton pour changer le format des cotes est \u00e9galement cach\u00e9 en bas de la page, l\u00e0 o\u00f9 peu de gens pensent \u00e0 le chercher. Parmi les avantages, vous pouvez noter la disponibilit\u00e9 d&rsquo;informations statistiques sur diverses disciplines et comp\u00e9titions sportives, ainsi que l&rsquo;adaptation de la ressource pour fonctionner sur des appareils mobiles modernes. Un autre point positif est la disponibilit\u00e9 des versions linguistiques populaires du site.<\/p>\n<p><span style=\"font-weight: 400;\"><img loading=\"lazy\" decoding=\"async\" class=\" wp-image-373 aligncenter\" src=\"https:\/\/mrgreencasinos.com\/wp-content\/uploads\/2022\/04\/mr-green-bookmaker-300x180.jpg\" alt=\"mr green bookmaker\" width=\"792\" height=\"475\" srcset=\"https:\/\/mrgreencasinos.com\/wp-content\/uploads\/2022\/04\/mr-green-bookmaker-300x180.jpg 300w, https:\/\/mrgreencasinos.com\/wp-content\/uploads\/2022\/04\/mr-green-bookmaker.jpg 630w\" sizes=\"auto, (max-width: 792px) 100vw, 792px\" \/><\/span><\/p>\n<h2>BC Mr Green dans les pays de la CEI<\/h2>\n<p>La marque Mr Green dans les pays de la CEI, et en Europe \u00e9galement, n&rsquo;est connue que comme op\u00e9rateur de casinos en ligne et de machines \u00e0 sous. Bookmaker \u00e0 part enti\u00e8re, il est encore tr\u00e8s loin. Et la section des paris sportifs de la ressource de M. Green peut \u00eatre inaccessible pour les utilisateurs de nombreux pays de l&rsquo;ex-Union sovi\u00e9tique. Par cons\u00e9quent, nos joueurs, nous ne recommanderions pas cette ressource pour les paris, car Internet peut toujours trouver plus appropri\u00e9 pour nous, les bookmakers.<\/p>\n<p><span style=\"font-weight: 400;\">Advantages<\/span><\/p>\n<ul>\n<li>Fait partie d&rsquo;une marque de jeu bien connue et r\u00e9put\u00e9e ;<\/li>\n<li>Bon choix de sports;<\/li>\n<li>Cotes d\u00e9centes\u00a0;<\/li>\n<li>Bonus tentant pour les nouveaux joueurs\u00a0;<\/li>\n<li>Offre \u00e9galement des services de casino en ligne\u00a0;<\/li>\n<li>Transactions rapides\u00a0;<\/li>\n<li>Excellent service client.<\/li>\n<\/ul>\n<p><span style=\"font-weight: 400;\">Disadvantages<\/span><\/p>\n<ul>\n<li>Bookmaker impopulaire;<\/li>\n<li>Feuille de calcul moyenne\u00a0;<\/li>\n<li>Interface de site Web tr\u00e8s inconfortable;<\/li>\n<li>Absence de version russe du site et de service d&rsquo;assistance russophone\u00a0;<\/li>\n<li>Restriction des maximums aux joueurs qui r\u00e9ussissent\u00a0;<\/li>\n<li>Enregistrement interdit aux citoyens de plusieurs pays.<\/li>\n<\/ul>\n<h2>Bonus et promotions<\/h2>\n<p>Le bookmaker offre le <a href=\"https:\/\/mrgreencasinos.com\/fr\/bonuses\/\">bonus<\/a> de pari Mr Green le plus courant pour les nouveaux joueurs. Vous y trouverez des bonus de d\u00e9marrage et des tours gratuits sur les meilleurs jeux de casino. Ils offrent 200 tours gratuits et un bonus de match de 100 % ; vous doublez donc votre argent sur votre premier d\u00e9p\u00f4t et obtenez \u00e9galement 200 tours gratuits.<\/p>\n<p>Nous pouvons vous aider avec des conseils de gestion de l&rsquo;argent dans les paris sportifs afin que vous soyez plus que pr\u00eat \u00e0 profiter des bonus.<\/p>\n<div class=\"t-go\"><a href=\"\/go-casino\/?brand=mrgreen\">BONUS DE R\u00c9CLAMATION<\/a><\/div>\n<h2>M. Green Mobile Casino<\/h2>\n<p>L&rsquo;appareil iOS ex\u00e9cutera l&rsquo;application MR Green <a href=\"https:\/\/mrgreencasinos.com\/fr\/app\/\">Mobile Casino<\/a>, qui peut \u00eatre trouv\u00e9e sur iTunes et n\u00e9cessite au moins une version. 8.1 syst\u00e8me d&rsquo;exploitation. Bien que l&rsquo;application Android ne soit pas encore disponible sur le Google Play Store, elle peut \u00eatre t\u00e9l\u00e9charg\u00e9e en toute s\u00e9curit\u00e9 \u00e0 partir du site Web et install\u00e9e sans aucun probl\u00e8me. Les deux versions comporteront de nombreux jeux de diff\u00e9rents d\u00e9veloppeurs qui sont TN. L&rsquo;application de paris Mr Green est excellente et a acc\u00e8s \u00e0 la m\u00eame promotion et au m\u00eame service que le casino complet.<\/p>\n<h2>Options de paiement<\/h2>\n<p>Mr Green betting login offre une vari\u00e9t\u00e9 de solutions de paiement. Ils offrent des d\u00e9p\u00f4ts rapides, ce qui leur permet d&rsquo;approvisionner votre compte en utilisant la derni\u00e8re m\u00e9thode que vous avez utilis\u00e9e (carte de cr\u00e9dit uniquement). Vous pouvez \u00e9galement utiliser une carte de cr\u00e9dit ou de d\u00e9bit ordinaire et la transaction sera instantan\u00e9e. Virement bancaire direct dans les 24 heures. Les portefeuilles \u00e9lectroniques (Skrill, Neteller, ClickandBuy) et Paysafe Card sont \u00e9galement utilis\u00e9s ici.<\/p>\n<p>En ce qui concerne les retraits et en raison des exigences r\u00e9glementaires, les joueurs ne peuvent retirer qu&rsquo;en utilisant la m\u00eame m\u00e9thode que pour les d\u00e9p\u00f4ts. Des commissions peuvent \u00eatre factur\u00e9es en fonction de l&rsquo;endroit o\u00f9 vous vous trouvez, du montant et de la devise. Les joueurs sont \u00e9galement invit\u00e9s \u00e0 v\u00e9rifier leur identit\u00e9, et cela ne prend que quelques minutes. Les m\u00e9thodes suivantes sont disponibles\u00a0: cartes de cr\u00e9dit, virements bancaires directs et portefeuilles \u00e9lectroniques.<\/p>\n<h2>Service Clients<\/h2>\n<p>Le support client est toujours disponible pour vous aider avec toutes les questions que vous pourriez avoir. Contactez-les par t\u00e9l\u00e9phone, par e-mail ou utilisez le service de chat instantan\u00e9 qui est disponible 24 heures sur 24, 7 jours sur 7, m\u00eame les jours f\u00e9ri\u00e9s.<\/p>\n","protected":false},"excerpt":{"rendered":"<p>Histoire de la Colombie-Britannique Mr Green Mr Green betting Australia appartient \u00e0 la soci\u00e9t\u00e9 Mr Green Ltd, qui est surtout [&hellip;]<\/p>\n","protected":false},"author":1,"featured_media":0,"parent":0,"menu_order":0,"comment_status":"closed","ping_status":"closed","template":"page-templates\/template_fullwidth.php","meta":{"footnotes":""},"class_list":["post-375","page","type-page","status-publish","hentry"],"acf":[],"yoast_head":"<!-- This site is optimized with the Yoast SEO plugin v17.9 - https:\/\/yoast.com\/wordpress\/plugins\/seo\/ -->\n<title>Paris sportifs en ligne et cotes | M. Green Casino<\/title>\n<meta name=\"description\" content=\"Chez Mr. Green Casino, vous ne pouvez pas seulement jouer au casino ! Pariez sur le sport avec nous ! En savoir plus dans notre revue\" \/>\n<meta name=\"robots\" content=\"index, follow, max-snippet:-1, max-image-preview:large, max-video-preview:-1\" \/>\n<link rel=\"canonical\" href=\"https:\/\/mrgreencasinos.com\/fr\/betting\/\" \/>\n<meta property=\"og:type\" content=\"article\" \/>\n<meta property=\"og:title\" content=\"Paris sportifs en ligne et cotes | M. Green Casino\" \/>\n<meta property=\"og:description\" content=\"Chez Mr. Green Casino, vous ne pouvez pas seulement jouer au casino ! Pariez sur le sport avec nous ! En savoir plus dans notre revue\" \/>\n<meta property=\"og:url\" content=\"https:\/\/mrgreencasinos.com\/fr\/betting\/\" \/>\n<meta property=\"og:site_name\" content=\"Casino MR Green\" \/>\n<meta property=\"article:modified_time\" content=\"2022-07-21T14:46:17+00:00\" \/>\n<meta property=\"og:image\" content=\"https:\/\/mrgreencasinos.com\/wp-content\/uploads\/2022\/04\/awards-bg-300x155.jpg\" \/>\n<meta name=\"twitter:card\" content=\"summary_large_image\" \/>\n<meta name=\"twitter:label1\" content=\"Dur\u00e9e de lecture estim\u00e9e\" \/>\n\t<meta name=\"twitter:data1\" content=\"6 minutes\" \/>\n<script type=\"application\/ld+json\" class=\"yoast-schema-graph\">{\"@context\":\"https:\/\/schema.org\",\"@graph\":[{\"@type\":\"WebSite\",\"@id\":\"https:\/\/mrgreencasinos.com\/#website\",\"url\":\"https:\/\/mrgreencasinos.com\/\",\"name\":\"Casino MR Green\",\"description\":\"\",\"potentialAction\":[{\"@type\":\"SearchAction\",\"target\":{\"@type\":\"EntryPoint\",\"urlTemplate\":\"https:\/\/mrgreencasinos.com\/?s={search_term_string}\"},\"query-input\":\"required name=search_term_string\"}],\"inLanguage\":\"fr-FR\"},{\"@type\":\"ImageObject\",\"@id\":\"https:\/\/mrgreencasinos.com\/fr\/betting\/#primaryimage\",\"inLanguage\":\"fr-FR\",\"url\":\"https:\/\/mrgreencasinos.com\/wp-content\/uploads\/2022\/04\/awards-bg.jpg\",\"contentUrl\":\"https:\/\/mrgreencasinos.com\/wp-content\/uploads\/2022\/04\/awards-bg.jpg\",\"width\":2100,\"height\":1084,\"caption\":\"casino betting\"},{\"@type\":\"WebPage\",\"@id\":\"https:\/\/mrgreencasinos.com\/fr\/betting\/#webpage\",\"url\":\"https:\/\/mrgreencasinos.com\/fr\/betting\/\",\"name\":\"Paris sportifs en ligne et cotes | M. Green Casino\",\"isPartOf\":{\"@id\":\"https:\/\/mrgreencasinos.com\/#website\"},\"primaryImageOfPage\":{\"@id\":\"https:\/\/mrgreencasinos.com\/fr\/betting\/#primaryimage\"},\"datePublished\":\"2022-04-27T13:02:23+00:00\",\"dateModified\":\"2022-07-21T14:46:17+00:00\",\"description\":\"Chez Mr. Green Casino, vous ne pouvez pas seulement jouer au casino ! Pariez sur le sport avec nous ! En savoir plus dans notre revue\",\"breadcrumb\":{\"@id\":\"https:\/\/mrgreencasinos.com\/fr\/betting\/#breadcrumb\"},\"inLanguage\":\"fr-FR\",\"potentialAction\":[{\"@type\":\"ReadAction\",\"target\":[\"https:\/\/mrgreencasinos.com\/fr\/betting\/\"]}]},{\"@type\":\"BreadcrumbList\",\"@id\":\"https:\/\/mrgreencasinos.com\/fr\/betting\/#breadcrumb\",\"itemListElement\":[{\"@type\":\"ListItem\",\"position\":1,\"name\":\"Home\",\"item\":\"https:\/\/mrgreencasinos.com\/fr\/review-of-the-official-mr-green-website\/\"},{\"@type\":\"ListItem\",\"position\":2,\"name\":\"Revoir les paris de Mr Green\"}]}]}<\/script>\n<!-- \/ Yoast SEO plugin. -->","yoast_head_json":{"title":"Paris sportifs en ligne et cotes | M. Green Casino","description":"Chez Mr. Green Casino, vous ne pouvez pas seulement jouer au casino ! Pariez sur le sport avec nous ! En savoir plus dans notre revue","robots":{"index":"index","follow":"follow","max-snippet":"max-snippet:-1","max-image-preview":"max-image-preview:large","max-video-preview":"max-video-preview:-1"},"canonical":"https:\/\/mrgreencasinos.com\/fr\/betting\/","og_type":"article","og_title":"Paris sportifs en ligne et cotes | M. Green Casino","og_description":"Chez Mr. Green Casino, vous ne pouvez pas seulement jouer au casino ! Pariez sur le sport avec nous ! En savoir plus dans notre revue","og_url":"https:\/\/mrgreencasinos.com\/fr\/betting\/","og_site_name":"Casino MR Green","article_modified_time":"2022-07-21T14:46:17+00:00","og_image":[{"url":"https:\/\/mrgreencasinos.com\/wp-content\/uploads\/2022\/04\/awards-bg-300x155.jpg"}],"twitter_card":"summary_large_image","twitter_misc":{"Dur\u00e9e de lecture estim\u00e9e":"6 minutes"},"schema":{"@context":"https:\/\/schema.org","@graph":[{"@type":"WebSite","@id":"https:\/\/mrgreencasinos.com\/#website","url":"https:\/\/mrgreencasinos.com\/","name":"Casino MR Green","description":"","potentialAction":[{"@type":"SearchAction","target":{"@type":"EntryPoint","urlTemplate":"https:\/\/mrgreencasinos.com\/?s={search_term_string}"},"query-input":"required name=search_term_string"}],"inLanguage":"fr-FR"},{"@type":"ImageObject","@id":"https:\/\/mrgreencasinos.com\/fr\/betting\/#primaryimage","inLanguage":"fr-FR","url":"https:\/\/mrgreencasinos.com\/wp-content\/uploads\/2022\/04\/awards-bg.jpg","contentUrl":"https:\/\/mrgreencasinos.com\/wp-content\/uploads\/2022\/04\/awards-bg.jpg","width":2100,"height":1084,"caption":"casino betting"},{"@type":"WebPage","@id":"https:\/\/mrgreencasinos.com\/fr\/betting\/#webpage","url":"https:\/\/mrgreencasinos.com\/fr\/betting\/","name":"Paris sportifs en ligne et cotes | M. Green Casino","isPartOf":{"@id":"https:\/\/mrgreencasinos.com\/#website"},"primaryImageOfPage":{"@id":"https:\/\/mrgreencasinos.com\/fr\/betting\/#primaryimage"},"datePublished":"2022-04-27T13:02:23+00:00","dateModified":"2022-07-21T14:46:17+00:00","description":"Chez Mr. Green Casino, vous ne pouvez pas seulement jouer au casino ! Pariez sur le sport avec nous ! En savoir plus dans notre revue","breadcrumb":{"@id":"https:\/\/mrgreencasinos.com\/fr\/betting\/#breadcrumb"},"inLanguage":"fr-FR","potentialAction":[{"@type":"ReadAction","target":["https:\/\/mrgreencasinos.com\/fr\/betting\/"]}]},{"@type":"BreadcrumbList","@id":"https:\/\/mrgreencasinos.com\/fr\/betting\/#breadcrumb","itemListElement":[{"@type":"ListItem","position":1,"name":"Home","item":"https:\/\/mrgreencasinos.com\/fr\/review-of-the-official-mr-green-website\/"},{"@type":"ListItem","position":2,"name":"Revoir les paris de Mr Green"}]}]}},"_links":{"self":[{"href":"https:\/\/mrgreencasinos.com\/fr\/wp-json\/wp\/v2\/pages\/375","targetHints":{"allow":["GET"]}}],"collection":[{"href":"https:\/\/mrgreencasinos.com\/fr\/wp-json\/wp\/v2\/pages"}],"about":[{"href":"https:\/\/mrgreencasinos.com\/fr\/wp-json\/wp\/v2\/types\/page"}],"author":[{"embeddable":true,"href":"https:\/\/mrgreencasinos.com\/fr\/wp-json\/wp\/v2\/users\/1"}],"replies":[{"embeddable":true,"href":"https:\/\/mrgreencasinos.com\/fr\/wp-json\/wp\/v2\/comments?post=375"}],"version-history":[{"count":5,"href":"https:\/\/mrgreencasinos.com\/fr\/wp-json\/wp\/v2\/pages\/375\/revisions"}],"predecessor-version":[{"id":657,"href":"https:\/\/mrgreencasinos.com\/fr\/wp-json\/wp\/v2\/pages\/375\/revisions\/657"}],"wp:attachment":[{"href":"https:\/\/mrgreencasinos.com\/fr\/wp-json\/wp\/v2\/media?parent=375"}],"curies":[{"name":"wp","href":"https:\/\/api.w.org\/{rel}","templated":true}]}}