{"id":387,"date":"2022-04-27T13:19:09","date_gmt":"2022-04-27T13:19:09","guid":{"rendered":"https:\/\/mrgreencasinos.com\/?page_id=387"},"modified":"2022-07-21T14:49:02","modified_gmt":"2022-07-21T14:49:02","slug":"deposit","status":"publish","type":"page","link":"https:\/\/mrgreencasinos.com\/fr\/deposit\/","title":{"rendered":"Comment faire un d\u00e9p\u00f4t \u00e0 Mr Green ?"},"content":{"rendered":"<p><span style=\"font-weight: 400;\"><img loading=\"lazy\" decoding=\"async\" class=\" wp-image-383 aligncenter\" src=\"https:\/\/mrgreencasinos.com\/wp-content\/uploads\/2022\/04\/How-to-Deposit-at-Mr-Green-300x162.jpg\" alt=\"deposit\" width=\"778\" height=\"420\" srcset=\"https:\/\/mrgreencasinos.com\/wp-content\/uploads\/2022\/04\/How-to-Deposit-at-Mr-Green-300x162.jpg 300w, https:\/\/mrgreencasinos.com\/wp-content\/uploads\/2022\/04\/How-to-Deposit-at-Mr-Green-1024x554.jpg 1024w, https:\/\/mrgreencasinos.com\/wp-content\/uploads\/2022\/04\/How-to-Deposit-at-Mr-Green-768x415.jpg 768w, https:\/\/mrgreencasinos.com\/wp-content\/uploads\/2022\/04\/How-to-Deposit-at-Mr-Green-720x389.jpg 720w, https:\/\/mrgreencasinos.com\/wp-content\/uploads\/2022\/04\/How-to-Deposit-at-Mr-Green.jpg 1480w\" sizes=\"auto, (max-width: 778px) 100vw, 778px\" \/><\/span><\/p>\n<p>Le casino de jeu est c\u00e9l\u00e8bre pour son syst\u00e8me transparent de cr\u00e9dit des gains. Par cons\u00e9quent, il n&rsquo;est pas surprenant que de nombreux joueurs viennent sur le site pour jouer aux <a href=\"https:\/\/mrgreencasinos.com\/fr\/pokies\/\">machines \u00e0 sous<\/a> pour de l&rsquo;argent. Si vous voulez tenter votre chance pour la premi\u00e8re fois, en faisant de vrais paris, vous devez d&rsquo;abord effectuer un d\u00e9p\u00f4t. Lisez cet avis sur le d\u00e9p\u00f4t de casino Mr Green pour en conna\u00eetre toutes les nuances.<\/p>\n<p>Avant de pouvoir effectuer un premier d\u00e9p\u00f4t Mr Green chez Mr Green vous devez cr\u00e9er un compte. Une fois que vous avez termin\u00e9 de cr\u00e9er et de v\u00e9rifier votre compte, vous pouvez cliquer sur les \u00e9chelles et effectuer les \u00e9tapes suivantes\u00a0:<\/p>\n<ul>\n<li>Tout d&rsquo;abord, vous devez s\u00e9lectionner votre mode de paiement pr\u00e9f\u00e9r\u00e9 parmi ceux r\u00e9pertori\u00e9s.<\/li>\n<li>Entrez le montant que vous souhaitez d\u00e9poser.<\/li>\n<li>Cliquez sur le bouton \u00ab\u00a0D\u00e9p\u00f4t sur mon compte\u00a0\u00bb.<\/li>\n<\/ul>\n<div class=\"t-go\"><a href=\"\/go-casino\/?brand=mrgreen\">BONUS DE R\u00c9CLAMATION<\/a><\/div>\n<h2>Reconstituer votre solde\u00a0: par o\u00f9 commencer\u00a0?<\/h2>\n<p>Seuls les utilisateurs enregistr\u00e9s peuvent jouer au casino pour de l&rsquo;argent. Passer par cette proc\u00e9dure est n\u00e9cessaire pour votre s\u00e9curit\u00e9 personnelle, la protection des donn\u00e9es personnelles et de paiement. Pour s&rsquo;inscrire, un joueur peut utiliser 2 options :<\/p>\n<ul>\n<li>Cliquez sur le bouton \u00ab\u00a0Inscription\u00a0\u00bb, puis saisissez une adresse e-mail personnelle. Apr\u00e8s avoir d\u00e9fini un mot de passe, confirmez les actions en cliquant sur le lien de la lettre du club.<\/li>\n<li>Utilisez l&rsquo;un des boutons des ressources Internet (r\u00e9seaux sociaux, services de messagerie, etc.) pour vous connecter au portail de jeu. Il est important que le compte dans le syst\u00e8me en ligne choisi soit enregistr\u00e9 \u00e0 votre nom.<\/li>\n<\/ul>\n<p>Une fois que vous \u00eates inscrit, vous devez cliquer sur le bouton \u00ab\u00a0Profil\u00a0\u00bb et remplir vos donn\u00e9es. Dans le questionnaire, vous devez entrer votre nom complet, votre date de naissance et d&rsquo;autres informations. Cela vous aidera \u00e0 l&rsquo;avenir \u00e0 \u00e9viter le rejet de la demande de <a href=\"https:\/\/mrgreencasinos.com\/fr\/withdrawal\/\">retrait<\/a>. De plus, vous pouvez obtenir des bonus du casino le jour de votre anniversaire et pour confirmer le num\u00e9ro de t\u00e9l\u00e9phone.<\/p>\n<p>D\u00e9posez sur votre compte comme vous le souhaitez.<\/p>\n<p>Les d\u00e9p\u00f4ts de casino Mr Green offre aux joueurs une vari\u00e9t\u00e9 de fa\u00e7ons :<\/p>\n<ul>\n<li>Cartes bancaires (MIR, Visa, etc.) ;<\/li>\n<li>Porte-monnaie \u00e9lectroniques (Kiwi, Yad, etc.)\u00a0;<\/li>\n<li>Services bancaires en ligne (Sberbank en ligne, etc.);<\/li>\n<li>Num\u00e9ros de compte de la carte SIM (MTS, etc.).<\/li>\n<\/ul>\n<p>Le paiement minimum pour tous les services financiers n&rsquo;est que de 1 $. R\u00e8gle importante : les cartes plastiques, comptes et autres moyens de paiement doivent vous appartenir et \u00eatre enregistr\u00e9s \u00e0 votre nom. Le syst\u00e8me du casino vous permet non seulement de rejeter les contributions apport\u00e9es par les cartes de cr\u00e9dit et les portefeuilles de tiers, mais \u00e9galement de bloquer le compte du joueur pour non-respect de \u00ab\u00a0l&rsquo;accord d&rsquo;utilisation\u00a0\u00bb.<\/p>\n<h2>D\u00e9p\u00f4ts Paypal<\/h2>\n<p>Paypal est l&rsquo;un des portefeuilles \u00e9lectroniques les plus populaires pour le d\u00e9p\u00f4t de casino en ligne Mr Green. Cette m\u00e9thode pr\u00e9sente de nombreux avantages par rapport \u00e0 un virement bancaire, car elle est plus rapide, il n&rsquo;y a pas de frais et des offres de d\u00e9p\u00f4t instantan\u00e9.<\/p>\n<h2>Les meilleures fa\u00e7ons de d\u00e9poser dans les casinos en ligne<\/h2>\n<p>Quels sont les moyens les plus efficaces pour les joueurs de poker et les partenaires de jeu d&rsquo;effectuer des d\u00e9p\u00f4ts\u00a0? Skrill Neteller est-il toujours le plus fort et sans limite de d\u00e9p\u00f4t Mr Green ?<\/p>\n<p>Si vous \u00eates un joueur de poker, un fan de casino en ligne ou un affili\u00e9 de jeux et de portefeuilles \u00e9lectroniques, cet article est pour vous. Nous expliquons quelles m\u00e9thodes de d\u00e9p\u00f4t sont les meilleures pour les salles de poker et les casinos en ligne, et comment en tirer de l&rsquo;argent.<\/p>\n<p>Les joueurs \u00e9vitent g\u00e9n\u00e9ralement de faire des d\u00e9p\u00f4ts \u00e0 l&rsquo;aide d&rsquo;une carte de cr\u00e9dit ou d&rsquo;un mandat qui lie leurs jeux et paris \u00e0 leur compte bancaire. Ainsi, avoir un portefeuille num\u00e9rique ajoute un niveau de marge de man\u0153uvre \u00e0 l&rsquo;activit\u00e9 en ligne d&rsquo;un joueur. \u00c9tant donn\u00e9 que les marques de portefeuilles num\u00e9riques s&rsquo;associent g\u00e9n\u00e9ralement \u00e0 Mastercard, d\u00e9penser des gains ou retirer des distributeurs automatiques fait \u00e9galement partie du service.<\/p>\n<p><span style=\"font-weight: 400;\"><img loading=\"lazy\" decoding=\"async\" class=\" wp-image-385 aligncenter\" src=\"https:\/\/mrgreencasinos.com\/wp-content\/uploads\/2022\/04\/maxresdefault-12-300x169.jpg\" alt=\"deposit mr green\" width=\"815\" height=\"459\" srcset=\"https:\/\/mrgreencasinos.com\/wp-content\/uploads\/2022\/04\/maxresdefault-12-300x169.jpg 300w, https:\/\/mrgreencasinos.com\/wp-content\/uploads\/2022\/04\/maxresdefault-12-1024x576.jpg 1024w, https:\/\/mrgreencasinos.com\/wp-content\/uploads\/2022\/04\/maxresdefault-12-768x432.jpg 768w, https:\/\/mrgreencasinos.com\/wp-content\/uploads\/2022\/04\/maxresdefault-12-720x405.jpg 720w, https:\/\/mrgreencasinos.com\/wp-content\/uploads\/2022\/04\/maxresdefault-12.jpg 1280w\" sizes=\"auto, (max-width: 815px) 100vw, 815px\" \/><\/span><\/p>\n<h2>Vous cherchez un moyen de paiement prudent et rapide ?<\/h2>\n<p>Les portefeuilles num\u00e9riques sont un excellent moyen de paiement si vous souhaitez transf\u00e9rer des fonds rapidement et discr\u00e8tement. Plusieurs portefeuilles num\u00e9riques dominent le march\u00e9 du poker et des casinos en ligne, principalement parce qu&rsquo;ils ont propos\u00e9 des solutions de paiement en avance sur leurs concurrents.<\/p>\n<p>Les leaders du march\u00e9 sont Skrill et Neteller, qui sont des marques du groupe Paysafe, suivis par Ecopayz et MuchBetter. Les joueurs et les commer\u00e7ants ont tendance \u00e0 utiliser la m\u00e9thode de d\u00e9p\u00f4t, qui est accept\u00e9e par la plupart des marques de jeux et des plateformes de trading. Skrill et Neteller sont bien en avance sur leurs concurrents \u00e0 cet \u00e9gard, mais les petites marques pourraient changer la donne \u00e0 l&rsquo;avenir.<\/p>\n<div class=\"t-go\"><a href=\"\/go-casino\/?brand=mrgreen\">BONUS DE R\u00c9CLAMATION<\/a><\/div>\n<h2>Comment retirer de l&rsquo;argent du solde du casino?<\/h2>\n<p>Le retrait des gains du compte s&rsquo;effectue de la m\u00eame mani\u00e8re qu&rsquo;un d\u00e9p\u00f4t. La demande de r\u00e9ception de fonds est \u00e9galement ex\u00e9cut\u00e9e dans la section \u00ab\u00a0Caissier\u00a0\u00bb. Les gains ne peuvent \u00eatre retir\u00e9s que de la m\u00eame mani\u00e8re que le d\u00e9p\u00f4t a \u00e9t\u00e9 effectu\u00e9. Si cela est impossible, vous devez contacter l&rsquo;op\u00e9rateur du support technique.<\/p>\n<h2>Comment effectuer un d\u00e9p\u00f4t au casino ?<\/h2>\n<h3>Connectez-vous au casino en ligne<\/h3>\n<p>Utilisez votre adresse e-mail et votre mot de passe pour vous connecter et d\u00e9poser des bonus Mr Green. Apr\u00e8s avoir acc\u00e9d\u00e9 \u00e0 votre profil, rendez-vous sur la page de paiement pour v\u00e9rifier les m\u00e9thodes bancaires disponibles. Vous devrez s\u00e9lectionner l&rsquo;une des m\u00e9thodes sugg\u00e9r\u00e9es pour effectuer un d\u00e9p\u00f4t.<\/p>\n<h3>S\u00e9lectionnez une m\u00e9thode sur la page de d\u00e9p\u00f4t<\/h3>\n<p>Dans votre portefeuille de joueur, vous pourrez consulter votre solde, vos d\u00e9p\u00f4ts, vos retraits et consulter l&rsquo;historique de vos transactions. S\u00e9lectionnez l&rsquo;option \u00ab\u00a0d\u00e9p\u00f4t\u00a0\u00bb et choisissez le mode de paiement que vous souhaitez utiliser. Le casino en ligne propose une vari\u00e9t\u00e9 de m\u00e9thodes de paiement, des cartes de cr\u00e9dit aux portefeuilles \u00e9lectroniques populaires.<\/p>\n<h3>Veuillez entrer le montant du d\u00e9p\u00f4t<\/h3>\n<p>Apr\u00e8s avoir s\u00e9lectionn\u00e9 votre option de paiement, vous devez fournir les informations n\u00e9cessaires pour compl\u00e9ter la transaction. Entrez le montant du d\u00e9p\u00f4t dans le champ vide ou s\u00e9lectionnez l&rsquo;un des montants pr\u00e9d\u00e9termin\u00e9s. Assurez-vous de respecter les limites de d\u00e9p\u00f4t de la m\u00e9thode bancaire que vous avez choisie. La devise sera celle que vous avez s\u00e9lectionn\u00e9e lors de l&rsquo;inscription.<\/p>\n<h3>Entrez un code promotionnel<\/h3>\n<p>Si disponible, vous avez la possibilit\u00e9 d&rsquo;entrer un code promotionnel pour d\u00e9bloquer le bonus. Veuillez vous assurer que toutes les informations sont correctes et vous pouvez effectuer un d\u00e9p\u00f4t. Si vous ne souhaitez aucun bonus, vous avez la possibilit\u00e9 de d\u00e9sactiver cette offre.<\/p>\n<h3>Confirmer le transfert<\/h3>\n<p>Cliquez sur le bouton en bas de la fen\u00eatre de d\u00e9p\u00f4t intitul\u00e9 \u00ab\u00a0d\u00e9p\u00f4t\u00a0\u00bb. C&rsquo;est ainsi que vous effectuez le paiement et, en une minute, les fonds seront cr\u00e9dit\u00e9s sur votre solde.<\/p>\n","protected":false},"excerpt":{"rendered":"<p>Le casino de jeu est c\u00e9l\u00e8bre pour son syst\u00e8me transparent de cr\u00e9dit des gains. Par cons\u00e9quent, il n&rsquo;est pas surprenant [&hellip;]<\/p>\n","protected":false},"author":1,"featured_media":0,"parent":0,"menu_order":0,"comment_status":"closed","ping_status":"closed","template":"page-templates\/template_fullwidth.php","meta":{"footnotes":""},"class_list":["post-387","page","type-page","status-publish","hentry"],"acf":[],"yoast_head":"<!-- This site is optimized with the Yoast SEO plugin v17.9 - https:\/\/yoast.com\/wordpress\/plugins\/seo\/ -->\n<title>M\u00e9thodes de paiement et de d\u00e9p\u00f4t | Mr Green Casino en ligne<\/title>\n<meta name=\"description\" content=\"D\u00e9posez et jouez avec de l&#039;argent r\u00e9el au casino en ligne Mr Green en utilisant nos m\u00e9thodes de d\u00e9p\u00f4t rapides et s\u00e9curis\u00e9es telles que Visa, Mastercard\" \/>\n<meta name=\"robots\" content=\"index, follow, max-snippet:-1, max-image-preview:large, max-video-preview:-1\" \/>\n<link rel=\"canonical\" href=\"https:\/\/mrgreencasinos.com\/fr\/deposit\/\" \/>\n<meta property=\"og:type\" content=\"article\" \/>\n<meta property=\"og:title\" content=\"M\u00e9thodes de paiement et de d\u00e9p\u00f4t | Mr Green Casino en ligne\" \/>\n<meta property=\"og:description\" content=\"D\u00e9posez et jouez avec de l&#039;argent r\u00e9el au casino en ligne Mr Green en utilisant nos m\u00e9thodes de d\u00e9p\u00f4t rapides et s\u00e9curis\u00e9es telles que Visa, Mastercard\" \/>\n<meta property=\"og:url\" content=\"https:\/\/mrgreencasinos.com\/fr\/deposit\/\" \/>\n<meta property=\"og:site_name\" content=\"Casino MR Green\" \/>\n<meta property=\"article:modified_time\" content=\"2022-07-21T14:49:02+00:00\" \/>\n<meta property=\"og:image\" content=\"https:\/\/mrgreencasinos.com\/wp-content\/uploads\/2022\/04\/How-to-Deposit-at-Mr-Green-300x162.jpg\" \/>\n<meta name=\"twitter:card\" content=\"summary_large_image\" \/>\n<meta name=\"twitter:label1\" content=\"Dur\u00e9e de lecture estim\u00e9e\" \/>\n\t<meta name=\"twitter:data1\" content=\"6 minutes\" \/>\n<script type=\"application\/ld+json\" class=\"yoast-schema-graph\">{\"@context\":\"https:\/\/schema.org\",\"@graph\":[{\"@type\":\"WebSite\",\"@id\":\"https:\/\/mrgreencasinos.com\/#website\",\"url\":\"https:\/\/mrgreencasinos.com\/\",\"name\":\"Casino MR Green\",\"description\":\"\",\"potentialAction\":[{\"@type\":\"SearchAction\",\"target\":{\"@type\":\"EntryPoint\",\"urlTemplate\":\"https:\/\/mrgreencasinos.com\/?s={search_term_string}\"},\"query-input\":\"required name=search_term_string\"}],\"inLanguage\":\"fr-FR\"},{\"@type\":\"ImageObject\",\"@id\":\"https:\/\/mrgreencasinos.com\/fr\/deposit\/#primaryimage\",\"inLanguage\":\"fr-FR\",\"url\":\"https:\/\/mrgreencasinos.com\/wp-content\/uploads\/2022\/04\/How-to-Deposit-at-Mr-Green.jpg\",\"contentUrl\":\"https:\/\/mrgreencasinos.com\/wp-content\/uploads\/2022\/04\/How-to-Deposit-at-Mr-Green.jpg\",\"width\":1480,\"height\":800,\"caption\":\"deposit\"},{\"@type\":\"WebPage\",\"@id\":\"https:\/\/mrgreencasinos.com\/fr\/deposit\/#webpage\",\"url\":\"https:\/\/mrgreencasinos.com\/fr\/deposit\/\",\"name\":\"M\\u00e9thodes de paiement et de d\\u00e9p\\u00f4t | Mr Green Casino en ligne\",\"isPartOf\":{\"@id\":\"https:\/\/mrgreencasinos.com\/#website\"},\"primaryImageOfPage\":{\"@id\":\"https:\/\/mrgreencasinos.com\/fr\/deposit\/#primaryimage\"},\"datePublished\":\"2022-04-27T13:19:09+00:00\",\"dateModified\":\"2022-07-21T14:49:02+00:00\",\"description\":\"D\\u00e9posez et jouez avec de l'argent r\\u00e9el au casino en ligne Mr Green en utilisant nos m\\u00e9thodes de d\\u00e9p\\u00f4t rapides et s\\u00e9curis\\u00e9es telles que Visa, Mastercard\",\"breadcrumb\":{\"@id\":\"https:\/\/mrgreencasinos.com\/fr\/deposit\/#breadcrumb\"},\"inLanguage\":\"fr-FR\",\"potentialAction\":[{\"@type\":\"ReadAction\",\"target\":[\"https:\/\/mrgreencasinos.com\/fr\/deposit\/\"]}]},{\"@type\":\"BreadcrumbList\",\"@id\":\"https:\/\/mrgreencasinos.com\/fr\/deposit\/#breadcrumb\",\"itemListElement\":[{\"@type\":\"ListItem\",\"position\":1,\"name\":\"Home\",\"item\":\"https:\/\/mrgreencasinos.com\/fr\/review-of-the-official-mr-green-website\/\"},{\"@type\":\"ListItem\",\"position\":2,\"name\":\"Comment faire un d\\u00e9p\\u00f4t \\u00e0 Mr Green ?\"}]}]}<\/script>\n<!-- \/ Yoast SEO plugin. -->","yoast_head_json":{"title":"M\u00e9thodes de paiement et de d\u00e9p\u00f4t | Mr Green Casino en ligne","description":"D\u00e9posez et jouez avec de l'argent r\u00e9el au casino en ligne Mr Green en utilisant nos m\u00e9thodes de d\u00e9p\u00f4t rapides et s\u00e9curis\u00e9es telles que Visa, Mastercard","robots":{"index":"index","follow":"follow","max-snippet":"max-snippet:-1","max-image-preview":"max-image-preview:large","max-video-preview":"max-video-preview:-1"},"canonical":"https:\/\/mrgreencasinos.com\/fr\/deposit\/","og_type":"article","og_title":"M\u00e9thodes de paiement et de d\u00e9p\u00f4t | Mr Green Casino en ligne","og_description":"D\u00e9posez et jouez avec de l'argent r\u00e9el au casino en ligne Mr Green en utilisant nos m\u00e9thodes de d\u00e9p\u00f4t rapides et s\u00e9curis\u00e9es telles que Visa, Mastercard","og_url":"https:\/\/mrgreencasinos.com\/fr\/deposit\/","og_site_name":"Casino MR Green","article_modified_time":"2022-07-21T14:49:02+00:00","og_image":[{"url":"https:\/\/mrgreencasinos.com\/wp-content\/uploads\/2022\/04\/How-to-Deposit-at-Mr-Green-300x162.jpg"}],"twitter_card":"summary_large_image","twitter_misc":{"Dur\u00e9e de lecture estim\u00e9e":"6 minutes"},"schema":{"@context":"https:\/\/schema.org","@graph":[{"@type":"WebSite","@id":"https:\/\/mrgreencasinos.com\/#website","url":"https:\/\/mrgreencasinos.com\/","name":"Casino MR Green","description":"","potentialAction":[{"@type":"SearchAction","target":{"@type":"EntryPoint","urlTemplate":"https:\/\/mrgreencasinos.com\/?s={search_term_string}"},"query-input":"required name=search_term_string"}],"inLanguage":"fr-FR"},{"@type":"ImageObject","@id":"https:\/\/mrgreencasinos.com\/fr\/deposit\/#primaryimage","inLanguage":"fr-FR","url":"https:\/\/mrgreencasinos.com\/wp-content\/uploads\/2022\/04\/How-to-Deposit-at-Mr-Green.jpg","contentUrl":"https:\/\/mrgreencasinos.com\/wp-content\/uploads\/2022\/04\/How-to-Deposit-at-Mr-Green.jpg","width":1480,"height":800,"caption":"deposit"},{"@type":"WebPage","@id":"https:\/\/mrgreencasinos.com\/fr\/deposit\/#webpage","url":"https:\/\/mrgreencasinos.com\/fr\/deposit\/","name":"M\u00e9thodes de paiement et de d\u00e9p\u00f4t | Mr Green Casino en ligne","isPartOf":{"@id":"https:\/\/mrgreencasinos.com\/#website"},"primaryImageOfPage":{"@id":"https:\/\/mrgreencasinos.com\/fr\/deposit\/#primaryimage"},"datePublished":"2022-04-27T13:19:09+00:00","dateModified":"2022-07-21T14:49:02+00:00","description":"D\u00e9posez et jouez avec de l'argent r\u00e9el au casino en ligne Mr Green en utilisant nos m\u00e9thodes de d\u00e9p\u00f4t rapides et s\u00e9curis\u00e9es telles que Visa, Mastercard","breadcrumb":{"@id":"https:\/\/mrgreencasinos.com\/fr\/deposit\/#breadcrumb"},"inLanguage":"fr-FR","potentialAction":[{"@type":"ReadAction","target":["https:\/\/mrgreencasinos.com\/fr\/deposit\/"]}]},{"@type":"BreadcrumbList","@id":"https:\/\/mrgreencasinos.com\/fr\/deposit\/#breadcrumb","itemListElement":[{"@type":"ListItem","position":1,"name":"Home","item":"https:\/\/mrgreencasinos.com\/fr\/review-of-the-official-mr-green-website\/"},{"@type":"ListItem","position":2,"name":"Comment faire un d\u00e9p\u00f4t \u00e0 Mr Green ?"}]}]}},"_links":{"self":[{"href":"https:\/\/mrgreencasinos.com\/fr\/wp-json\/wp\/v2\/pages\/387","targetHints":{"allow":["GET"]}}],"collection":[{"href":"https:\/\/mrgreencasinos.com\/fr\/wp-json\/wp\/v2\/pages"}],"about":[{"href":"https:\/\/mrgreencasinos.com\/fr\/wp-json\/wp\/v2\/types\/page"}],"author":[{"embeddable":true,"href":"https:\/\/mrgreencasinos.com\/fr\/wp-json\/wp\/v2\/users\/1"}],"replies":[{"embeddable":true,"href":"https:\/\/mrgreencasinos.com\/fr\/wp-json\/wp\/v2\/comments?post=387"}],"version-history":[{"count":4,"href":"https:\/\/mrgreencasinos.com\/fr\/wp-json\/wp\/v2\/pages\/387\/revisions"}],"predecessor-version":[{"id":659,"href":"https:\/\/mrgreencasinos.com\/fr\/wp-json\/wp\/v2\/pages\/387\/revisions\/659"}],"wp:attachment":[{"href":"https:\/\/mrgreencasinos.com\/fr\/wp-json\/wp\/v2\/media?parent=387"}],"curies":[{"name":"wp","href":"https:\/\/api.w.org\/{rel}","templated":true}]}}