{"id":396,"date":"2022-04-27T13:37:26","date_gmt":"2022-04-27T13:37:26","guid":{"rendered":"https:\/\/mrgreencasinos.com\/?page_id=396"},"modified":"2022-08-31T16:36:12","modified_gmt":"2022-08-31T16:36:12","slug":"keno","status":"publish","type":"page","link":"https:\/\/mrgreencasinos.com\/fr\/keno\/","title":{"rendered":"Donnez votre avis sur le Keno Mr Green"},"content":{"rendered":"<p><span style=\"font-weight: 400;\"><img loading=\"lazy\" decoding=\"async\" class=\" wp-image-392 aligncenter\" src=\"https:\/\/mrgreencasinos.com\/wp-content\/uploads\/2022\/04\/mr_green-1_review_page-1-300x125.jpg\" alt=\"mr green\" width=\"720\" height=\"300\" srcset=\"https:\/\/mrgreencasinos.com\/wp-content\/uploads\/2022\/04\/mr_green-1_review_page-1-300x125.jpg 300w, https:\/\/mrgreencasinos.com\/wp-content\/uploads\/2022\/04\/mr_green-1_review_page-1-768x320.jpg 768w, https:\/\/mrgreencasinos.com\/wp-content\/uploads\/2022\/04\/mr_green-1_review_page-1-720x300.jpg 720w, https:\/\/mrgreencasinos.com\/wp-content\/uploads\/2022\/04\/mr_green-1_review_page-1.jpg 1000w\" sizes=\"auto, (max-width: 720px) 100vw, 720px\" \/><\/span><\/p>\n<p>Popularit\u00e9 du keno en ligne Mr Green en raison de son concept simple et passionnant. Les chances de gagner ne sont pas les plus \u00e9lev\u00e9es, mais la logique du gameplay est facile \u00e0 comprendre. Vous choisissez quelques num\u00e9ros qui, \u00e0 votre avis, seront gagnants.<\/p>\n<p>Au Keno, vous n&rsquo;\u00eates pas oblig\u00e9 de miser gros. Cependant, votre paiement tiendra compte \u00e0 la fois de la taille du pari et du nombre de num\u00e9ros corrects. Les loteries d&rsquo;\u00c9tat ont un nombre fixe de tirages, mais dans les versions en ligne, vous pouvez parier autant de fois que vous le souhaitez.<\/p>\n<div class=\"t-go\"><a href=\"\/go-casino\/?brand=mrgreen\">BONUS DE R\u00c9CLAMATION<\/a><\/div>\n<h2>Comment jouer au Keno en direct ?<\/h2>\n<p>Les joueurs re\u00e7oivent une carte virtuelle contenant des nombres de 1 \u00e0 80. Les nombres sont dispos\u00e9s en huit lignes et dix colonnes. Les joueurs doivent ensuite s\u00e9lectionner jusqu&rsquo;\u00e0 20 num\u00e9ros sur la carte. Dans certains casinos en ligne, les joueurs peuvent \u00eatre limit\u00e9s \u00e0 s\u00e9lectionner jusqu&rsquo;\u00e0 10 num\u00e9ros, selon les r\u00e8gles du jeu. Certains casinos en ligne ont une fonction automatique que les joueurs peuvent utiliser pour permettre \u00e0 l&rsquo;ordinateur de s\u00e9lectionner des num\u00e9ros al\u00e9atoires en leur nom. G\u00e9n\u00e9ralement, plus les joueurs choisissent de num\u00e9ros, plus leurs gains sont \u00e9lev\u00e9s.<\/p>\n<h3>Pari<\/h3>\n<p>La prochaine \u00e9tape pour le keno en argent r\u00e9el du casino en ligne Mr Green demande aux joueurs de d\u00e9terminer le montant d&rsquo;argent qu&rsquo;ils veulent parier sur les num\u00e9ros s\u00e9lectionn\u00e9s. Les joueurs peuvent \u00e9galement d\u00e9cider du nombre de jeux de Keno auxquels ils veulent jouer avec les m\u00eames num\u00e9ros. Par exemple, un joueur peut jouer sept parties \u00e0 1 $ chacune, ce qui signifie que la mise totale serait de 7 $. G\u00e9n\u00e9ralement, le montant du pari d\u00e9termine g\u00e9n\u00e9ralement combien les joueurs peuvent gagner. La plupart des casinos en ligne permettent aux joueurs de miser entre 1 $ et 100 $.<\/p>\n<p>Pour jouer au keno casino Mr Green, les joueurs peuvent \u00e9galement parier sur des groupes de num\u00e9ros dans le m\u00eame jeu en utilisant les paris sur le chemin. Cela est g\u00e9n\u00e9ralement compliqu\u00e9 lorsque les joueurs choisissent leurs combinaisons de num\u00e9ros pr\u00e9f\u00e9r\u00e9es et doivent les suivre tout au long du jeu.<\/p>\n<h3>Num\u00e9ros gagnants<\/h3>\n<p>Apr\u00e8s avoir plac\u00e9 les paris, l&rsquo;h\u00f4te du jeu de keno d\u00e9marre g\u00e9n\u00e9ralement la machine de keno. Toutes les machines de keno fonctionnent sur le m\u00eame principe de s\u00e9lection de nombres al\u00e9atoires. Les joueurs peuvent alors v\u00e9rifier si les num\u00e9ros choisis par la machine de keno correspondent \u00e0 leurs num\u00e9ros choisis. Chaque match se termine par une victoire. Le montant total d&rsquo;argent qu&rsquo;un joueur peut gagner d\u00e9pend du nombre de num\u00e9ros correspondants et du montant de la mise.<\/p>\n<h2>R\u00e8gles du keno en direct<\/h2>\n<p>Les jeux de Keno en direct sont g\u00e9n\u00e9ralement consid\u00e9r\u00e9s comme plus fiables que les jeux virtuels. En effet, les choix al\u00e9atoires sont g\u00e9n\u00e9ralement vraiment al\u00e9atoires, contrairement aux jeux virtuels o\u00f9 les programmes informatiques g\u00e9n\u00e8rent des nombres al\u00e9atoires. Il convient de noter que les jeux en direct peuvent prendre un peu plus de temps que les jeux virtuels. En effet, <a href=\"https:\/\/mrgreencasinos.com\/fr\/live\/\">le croupier en direct<\/a> a besoin de temps pour interagir avec les joueurs. T\u00e9l\u00e9chargez <a href=\"https:\/\/mrgreencasinos.com\/fr\/app\/\">l&rsquo;application<\/a> de keno casino Mr Green et profitez du jeu.<\/p>\n<h2>Conseils et strat\u00e9gies pour gagner au keno en ligne<\/h2>\n<p>Gagner au Keno d\u00e9pend beaucoup de la chance. Tous les tirages de Keno sont bas\u00e9s sur un g\u00e9n\u00e9rateur de nombres al\u00e9atoires. Par cons\u00e9quent, il n&rsquo;y a pas de mod\u00e8les ou de strat\u00e9gies optimales dans ce jeu.<\/p>\n<p>Cependant, il existe un rythme g\u00e9n\u00e9ral et un style de jeu qui vous permettront de minimiser vos pertes et d&rsquo;augmenter vos chances de succ\u00e8s. Il existe quelques exceptions qui impliquent des cotes fixes. Mais vous pouvez calculer math\u00e9matiquement les chances qu&rsquo;une strat\u00e9gie particuli\u00e8re fonctionne.<\/p>\n<div class=\"t-go\"><a href=\"\/go-casino\/?brand=mrgreen\">BONUS DE R\u00c9CLAMATION<\/a><\/div>\n<h2>Les chances de gagner au keno<\/h2>\n<p>Le jeu n&rsquo;offre pas les meilleures cotes aux joueurs, mais cela ne signifie pas que vous ne devriez rien savoir des cotes. Apr\u00e8s tout, vous pariez de l&rsquo;argent r\u00e9el dans l&rsquo;espoir de gagner quelque chose en retour.<\/p>\n<p>La r\u00e8gle de base est que plus le pourcentage de num\u00e9ros que vous obtenez est \u00e9lev\u00e9, meilleur sera le paiement. La chute de 20 num\u00e9ros signifierait un paiement de sept chiffres.<\/p>\n<p>Ainsi, dans un jeu de Keno \u00e0 20 num\u00e9ros, les meilleures chances de r\u00e9ussite sont une combinaison de 5 et s&rsquo;en approchent. Ces cotes vous aideront \u00e0 comprendre comment vous abordez les diff\u00e9rents types de ce jeu et comment faire votre choix.<\/p>\n<p><span style=\"font-weight: 400;\"><img loading=\"lazy\" decoding=\"async\" class=\" wp-image-394 aligncenter\" src=\"https:\/\/mrgreencasinos.com\/wp-content\/uploads\/2022\/04\/\u0411\u0435\u0437-\u043d\u0430\u0437\u0432\u0430\u043d\u0438\u044f-11-300x145.jpg\" alt=\"casino mr green\" width=\"836\" height=\"404\" srcset=\"https:\/\/mrgreencasinos.com\/wp-content\/uploads\/2022\/04\/\u0411\u0435\u0437-\u043d\u0430\u0437\u0432\u0430\u043d\u0438\u044f-11-300x145.jpg 300w, https:\/\/mrgreencasinos.com\/wp-content\/uploads\/2022\/04\/\u0411\u0435\u0437-\u043d\u0430\u0437\u0432\u0430\u043d\u0438\u044f-11.jpg 323w\" sizes=\"auto, (max-width: 836px) 100vw, 836px\" \/><\/span><\/p>\n<h2>FAQ<\/h2>\n<p>Le Keno est un jeu qui a eu une mauvaise r\u00e9putation au fil des ann\u00e9es en raison de son avantage casino \u00e9lev\u00e9. Mais aujourd&rsquo;hui, gr\u00e2ce aux bornes de keno vid\u00e9o et au keno en ligne, vous avez de bien meilleures chances de gagner \u00e0 ce jeu de type loterie.<\/p>\n<p>En raison de l&rsquo;avantage moindre du casino dans le keno en ligne, les joueurs sont naturellement int\u00e9ress\u00e9s par cette version. N\u00e9anmoins, discutons de certaines des questions les plus courantes que les joueurs se posent sur le keno en ligne.<\/p>\n<h3>O\u00f9 puis-je obtenir un bonus de keno ?<\/h3>\n<p>Le bonus Keno casino Mr Green est offert aux joueurs. En fait, vous trouverez souvent des bonus de keno avec des bonus de machines \u00e0 sous car ils ont \u00e0 peu pr\u00e8s le m\u00eame avantage de casino.<\/p>\n<p>Lisez attentivement les termes et conditions afin de savoir exactement quelles conditions de mise vous devez remplir pour obtenir le bonus.<\/p>\n<h3>Combien cela co\u00fbte-t-il de jouer au keno en ligne ?<\/h3>\n<p>Un \u00e9norme avantage du casino en ligne de keno Mr Green Australia est que jouer \u00e0 ce jeu est vraiment bon march\u00e9. Certains casinos en ligne vous permettent de parier sur une seule carte pour seulement un centime. Cela signifie que vous pouvez parier sur 5 cartes diff\u00e9rentes pour aussi peu que 0,05 $, et c&rsquo;est une tr\u00e8s bonne affaire.<\/p>\n<p>Mais notez : si vous jouez \u00e0 un jeu rapide comme le keno instantan\u00e9, vous devez contr\u00f4ler votre bankroll en raison de la vitesse \u00e9lev\u00e9e de l&rsquo;action.<\/p>\n<h3>Puis-je jouer au keno pour le plaisir\u00a0?<\/h3>\n<p>Oui, tout casino en ligne proposant du keno vous donne la possibilit\u00e9 de jouer gratuitement, comme le casino de keno gratuit Mr Green. Cliquez simplement sur le jeu qui vous int\u00e9resse et il se lancera. Certains casinos peuvent vous demander de cr\u00e9er d&rsquo;abord un compte, mais cela ne prend pas longtemps.<\/p>\n<h3>Quelle est la meilleure strat\u00e9gie pour jouer au keno en ligne ?<\/h3>\n<p>En plus de trouver les meilleures chances de gagner, la seule chose que vous puissiez faire est de vous concentrer sur la bonne gestion de votre bankroll. Ne pariez pas un grand nombre de cartes dans un court laps de temps en essayant de r\u00e9cup\u00e9rer les pertes pr\u00e9c\u00e9dentes.<\/p>\n<p>De plus, jouer au keno en ligne au lieu d&rsquo;un casino traditionnel est d\u00e9j\u00e0 une bonne strat\u00e9gie de keno du casino Mr Green en soi. Apr\u00e8s tout, l&rsquo;avantage du casino en jouant au keno en ligne est d&rsquo;environ 5 %, tandis que les salles de keno traditionnelles peuvent fonctionner avec un avantage de 15 % \u00e0 40 %.<\/p>\n<h3>Puis-je battre les casinos de keno en ligne ?<\/h3>\n<p>Le Keno est un jeu de style loterie qui ne n\u00e9cessite presque aucune strat\u00e9gie. La principale chose que vous devez faire est de trouver les casinos en ligne qui offrent les meilleures chances de gagner.<\/p>\n<p>Lire aussi sur : <a href=\"https:\/\/mrgreencasinos.com\/fr\/bingo\/\">Bingo<\/a><\/p>\n","protected":false},"excerpt":{"rendered":"<p>Popularit\u00e9 du keno en ligne Mr Green en raison de son concept simple et passionnant. Les chances de gagner ne [&hellip;]<\/p>\n","protected":false},"author":1,"featured_media":0,"parent":0,"menu_order":0,"comment_status":"closed","ping_status":"closed","template":"page-templates\/template_fullwidth.php","meta":{"footnotes":""},"class_list":["post-396","page","type-page","status-publish","hentry"],"acf":[],"yoast_head":"<!-- This site is optimized with the Yoast SEO plugin v17.9 - https:\/\/yoast.com\/wordpress\/plugins\/seo\/ -->\n<title>Jeu en ligne Keno - jouer ensemble Mr green casino<\/title>\n<meta name=\"description\" content=\"Le Keno est une loterie num\u00e9rique et l&#039;un des plus anciens jeux connus. D\u00e9couvrez comment jouer dans notre revue - Mr Green\" \/>\n<meta name=\"robots\" content=\"index, follow, max-snippet:-1, max-image-preview:large, max-video-preview:-1\" \/>\n<link rel=\"canonical\" href=\"https:\/\/mrgreencasinos.com\/fr\/keno\/\" \/>\n<meta property=\"og:type\" content=\"article\" \/>\n<meta property=\"og:title\" content=\"Jeu en ligne Keno - jouer ensemble Mr green casino\" \/>\n<meta property=\"og:description\" content=\"Le Keno est une loterie num\u00e9rique et l&#039;un des plus anciens jeux connus. D\u00e9couvrez comment jouer dans notre revue - Mr Green\" \/>\n<meta property=\"og:url\" content=\"https:\/\/mrgreencasinos.com\/fr\/keno\/\" \/>\n<meta property=\"og:site_name\" content=\"Casino MR Green\" \/>\n<meta property=\"article:modified_time\" content=\"2022-08-31T16:36:12+00:00\" \/>\n<meta property=\"og:image\" content=\"https:\/\/mrgreencasinos.com\/wp-content\/uploads\/2022\/04\/mr_green-1_review_page-1-300x125.jpg\" \/>\n<meta name=\"twitter:card\" content=\"summary_large_image\" \/>\n<meta name=\"twitter:label1\" content=\"Dur\u00e9e de lecture estim\u00e9e\" \/>\n\t<meta name=\"twitter:data1\" content=\"6 minutes\" \/>\n<script type=\"application\/ld+json\" class=\"yoast-schema-graph\">{\"@context\":\"https:\/\/schema.org\",\"@graph\":[{\"@type\":\"WebSite\",\"@id\":\"https:\/\/mrgreencasinos.com\/#website\",\"url\":\"https:\/\/mrgreencasinos.com\/\",\"name\":\"Casino MR Green\",\"description\":\"\",\"potentialAction\":[{\"@type\":\"SearchAction\",\"target\":{\"@type\":\"EntryPoint\",\"urlTemplate\":\"https:\/\/mrgreencasinos.com\/?s={search_term_string}\"},\"query-input\":\"required name=search_term_string\"}],\"inLanguage\":\"fr-FR\"},{\"@type\":\"ImageObject\",\"@id\":\"https:\/\/mrgreencasinos.com\/fr\/keno\/#primaryimage\",\"inLanguage\":\"fr-FR\",\"url\":\"https:\/\/mrgreencasinos.com\/wp-content\/uploads\/2022\/04\/mr_green-1_review_page-1.jpg\",\"contentUrl\":\"https:\/\/mrgreencasinos.com\/wp-content\/uploads\/2022\/04\/mr_green-1_review_page-1.jpg\",\"width\":1000,\"height\":417,\"caption\":\"mr green\"},{\"@type\":\"WebPage\",\"@id\":\"https:\/\/mrgreencasinos.com\/fr\/keno\/#webpage\",\"url\":\"https:\/\/mrgreencasinos.com\/fr\/keno\/\",\"name\":\"Jeu en ligne Keno - jouer ensemble Mr green casino\",\"isPartOf\":{\"@id\":\"https:\/\/mrgreencasinos.com\/#website\"},\"primaryImageOfPage\":{\"@id\":\"https:\/\/mrgreencasinos.com\/fr\/keno\/#primaryimage\"},\"datePublished\":\"2022-04-27T13:37:26+00:00\",\"dateModified\":\"2022-08-31T16:36:12+00:00\",\"description\":\"Le Keno est une loterie num\\u00e9rique et l'un des plus anciens jeux connus. D\\u00e9couvrez comment jouer dans notre revue - Mr Green\",\"breadcrumb\":{\"@id\":\"https:\/\/mrgreencasinos.com\/fr\/keno\/#breadcrumb\"},\"inLanguage\":\"fr-FR\",\"potentialAction\":[{\"@type\":\"ReadAction\",\"target\":[\"https:\/\/mrgreencasinos.com\/fr\/keno\/\"]}]},{\"@type\":\"BreadcrumbList\",\"@id\":\"https:\/\/mrgreencasinos.com\/fr\/keno\/#breadcrumb\",\"itemListElement\":[{\"@type\":\"ListItem\",\"position\":1,\"name\":\"Home\",\"item\":\"https:\/\/mrgreencasinos.com\/fr\/review-of-the-official-mr-green-website\/\"},{\"@type\":\"ListItem\",\"position\":2,\"name\":\"Donnez votre avis sur le Keno Mr Green\"}]}]}<\/script>\n<!-- \/ Yoast SEO plugin. -->","yoast_head_json":{"title":"Jeu en ligne Keno - jouer ensemble Mr green casino","description":"Le Keno est une loterie num\u00e9rique et l'un des plus anciens jeux connus. D\u00e9couvrez comment jouer dans notre revue - Mr Green","robots":{"index":"index","follow":"follow","max-snippet":"max-snippet:-1","max-image-preview":"max-image-preview:large","max-video-preview":"max-video-preview:-1"},"canonical":"https:\/\/mrgreencasinos.com\/fr\/keno\/","og_type":"article","og_title":"Jeu en ligne Keno - jouer ensemble Mr green casino","og_description":"Le Keno est une loterie num\u00e9rique et l'un des plus anciens jeux connus. D\u00e9couvrez comment jouer dans notre revue - Mr Green","og_url":"https:\/\/mrgreencasinos.com\/fr\/keno\/","og_site_name":"Casino MR Green","article_modified_time":"2022-08-31T16:36:12+00:00","og_image":[{"url":"https:\/\/mrgreencasinos.com\/wp-content\/uploads\/2022\/04\/mr_green-1_review_page-1-300x125.jpg"}],"twitter_card":"summary_large_image","twitter_misc":{"Dur\u00e9e de lecture estim\u00e9e":"6 minutes"},"schema":{"@context":"https:\/\/schema.org","@graph":[{"@type":"WebSite","@id":"https:\/\/mrgreencasinos.com\/#website","url":"https:\/\/mrgreencasinos.com\/","name":"Casino MR Green","description":"","potentialAction":[{"@type":"SearchAction","target":{"@type":"EntryPoint","urlTemplate":"https:\/\/mrgreencasinos.com\/?s={search_term_string}"},"query-input":"required name=search_term_string"}],"inLanguage":"fr-FR"},{"@type":"ImageObject","@id":"https:\/\/mrgreencasinos.com\/fr\/keno\/#primaryimage","inLanguage":"fr-FR","url":"https:\/\/mrgreencasinos.com\/wp-content\/uploads\/2022\/04\/mr_green-1_review_page-1.jpg","contentUrl":"https:\/\/mrgreencasinos.com\/wp-content\/uploads\/2022\/04\/mr_green-1_review_page-1.jpg","width":1000,"height":417,"caption":"mr green"},{"@type":"WebPage","@id":"https:\/\/mrgreencasinos.com\/fr\/keno\/#webpage","url":"https:\/\/mrgreencasinos.com\/fr\/keno\/","name":"Jeu en ligne Keno - jouer ensemble Mr green casino","isPartOf":{"@id":"https:\/\/mrgreencasinos.com\/#website"},"primaryImageOfPage":{"@id":"https:\/\/mrgreencasinos.com\/fr\/keno\/#primaryimage"},"datePublished":"2022-04-27T13:37:26+00:00","dateModified":"2022-08-31T16:36:12+00:00","description":"Le Keno est une loterie num\u00e9rique et l'un des plus anciens jeux connus. D\u00e9couvrez comment jouer dans notre revue - Mr Green","breadcrumb":{"@id":"https:\/\/mrgreencasinos.com\/fr\/keno\/#breadcrumb"},"inLanguage":"fr-FR","potentialAction":[{"@type":"ReadAction","target":["https:\/\/mrgreencasinos.com\/fr\/keno\/"]}]},{"@type":"BreadcrumbList","@id":"https:\/\/mrgreencasinos.com\/fr\/keno\/#breadcrumb","itemListElement":[{"@type":"ListItem","position":1,"name":"Home","item":"https:\/\/mrgreencasinos.com\/fr\/review-of-the-official-mr-green-website\/"},{"@type":"ListItem","position":2,"name":"Donnez votre avis sur le Keno Mr Green"}]}]}},"_links":{"self":[{"href":"https:\/\/mrgreencasinos.com\/fr\/wp-json\/wp\/v2\/pages\/396","targetHints":{"allow":["GET"]}}],"collection":[{"href":"https:\/\/mrgreencasinos.com\/fr\/wp-json\/wp\/v2\/pages"}],"about":[{"href":"https:\/\/mrgreencasinos.com\/fr\/wp-json\/wp\/v2\/types\/page"}],"author":[{"embeddable":true,"href":"https:\/\/mrgreencasinos.com\/fr\/wp-json\/wp\/v2\/users\/1"}],"replies":[{"embeddable":true,"href":"https:\/\/mrgreencasinos.com\/fr\/wp-json\/wp\/v2\/comments?post=396"}],"version-history":[{"count":6,"href":"https:\/\/mrgreencasinos.com\/fr\/wp-json\/wp\/v2\/pages\/396\/revisions"}],"predecessor-version":[{"id":927,"href":"https:\/\/mrgreencasinos.com\/fr\/wp-json\/wp\/v2\/pages\/396\/revisions\/927"}],"wp:attachment":[{"href":"https:\/\/mrgreencasinos.com\/fr\/wp-json\/wp\/v2\/media?parent=396"}],"curies":[{"name":"wp","href":"https:\/\/api.w.org\/{rel}","templated":true}]}}