{"id":450,"date":"2022-06-15T08:31:37","date_gmt":"2022-06-15T08:31:37","guid":{"rendered":"https:\/\/mrgreencasinos.com\/?page_id=450"},"modified":"2022-08-09T10:42:51","modified_gmt":"2022-08-09T10:42:51","slug":"free-spins","status":"publish","type":"page","link":"https:\/\/mrgreencasinos.com\/fr\/free-spins\/","title":{"rendered":"Tours gratuits au Casino en Ligne Mr Green"},"content":{"rendered":"<p><span style=\"font-weight: 400;\"><img loading=\"lazy\" decoding=\"async\" class=\" wp-image-445 aligncenter\" src=\"https:\/\/mrgreencasinos.com\/wp-content\/uploads\/2022\/06\/50-free-spins-14869-300x114.png\" alt=\"free spins\" width=\"597\" height=\"227\" srcset=\"https:\/\/mrgreencasinos.com\/wp-content\/uploads\/2022\/06\/50-free-spins-14869-300x114.png 300w, https:\/\/mrgreencasinos.com\/wp-content\/uploads\/2022\/06\/50-free-spins-14869-768x292.png 768w, https:\/\/mrgreencasinos.com\/wp-content\/uploads\/2022\/06\/50-free-spins-14869-720x274.png 720w, https:\/\/mrgreencasinos.com\/wp-content\/uploads\/2022\/06\/50-free-spins-14869.png 828w\" sizes=\"auto, (max-width: 597px) 100vw, 597px\" \/><\/span><\/p>\n<p>L&rsquo;industrie des jeux de casino en ligne s&rsquo;est d\u00e9velopp\u00e9e \u00e0 un rythme incroyable depuis la cr\u00e9ation du premier site. Cette tendance semble peu susceptible de changer dans un avenir proche. Il existe de nombreuses th\u00e9ories selon lesquelles cette croissance est uniquement due \u00e0 la r\u00e9volution Internet, mais ce n&rsquo;est qu&rsquo;une partie de la v\u00e9rit\u00e9. En fait, il existe de nombreuses autres raisons expliquant le succ\u00e8s du jeu virtuel pour lesquelles les gens choisissent de plus en plus de jouer en ligne.<\/p>\n<p>Les plates-formes de jeu ou m\u00eame les jeux sont disponibles dans diff\u00e9rentes langues. Cela signifie que les joueurs peuvent profiter d&rsquo;un large \u00e9ventail de <a href=\"https:\/\/mrgreencasinos.com\/fr\/pokies\/\">machines \u00e0 sous<\/a> au casino. Le site officiel du <a href=\"https:\/\/mrgreencasinos.com\/fr\/\">casino en ligne MR Green<\/a> est le meilleur choix.<\/p>\n<p>Les parchemins d&rsquo;inscription gratuits sont l&rsquo;une des vari\u00e9t\u00e9s de bonus accumul\u00e9s dans les casinos en ligne. Les sites virtuels avec de nombreux jeux de hasard impliquent diff\u00e9rentes incitations rentables pour les joueurs potentiels. Les tours gratuits du casino Mr Green accumul\u00e9s dans les machines \u00e0 sous, gr\u00e2ce \u00e0 un cadeau aussi pratique, les joueurs peuvent avoir une r\u00e9elle opportunit\u00e9 de commencer \u00e0 jouer sans investir davantage \u00e0 partir de votre compte personnel.<\/p>\n<div class=\"t-go\"><a href=\"\/go-casino\/?brand=mrgreen\">BONUS DE R\u00c9CLAMATION<\/a><\/div>\n<h2>Avantages des tours gratuits<\/h2>\n<p>Des tours gratuits pour l&rsquo;inscription sont offerts avec un programme de fid\u00e9lit\u00e9 aux clients potentiels. En utilisant de tels cadeaux, les exploitants de clubs de jeu tentent d&rsquo;attirer l&rsquo;attention des joueurs. Les bonus tentants attirent particuli\u00e8rement les joueurs avec un statut de jeu \u00e9lev\u00e9.<\/p>\n<p>Les r\u00e9compenses servent \u00e0 apprendre les formalit\u00e9s de base du jeu. Pour acqu\u00e9rir de l&rsquo;exp\u00e9rience, les tours gratuits sont parfaits, car tout le monde n&rsquo;est pas pr\u00eat \u00e0 d\u00e9bourser une certaine somme d&rsquo;argent de sa propre poche pour gagner une grosse somme d&rsquo;argent.<\/p>\n<h2>R\u00e8gles d&rsquo;utilisation des tours gratuits<\/h2>\n<p>Selon les r\u00e8gles d&rsquo;attribution des bonus gratuits, le joueur doit miser chaque bonus. Mais pour MR Green, le code des tours gratuits a ses propres commandes :<\/p>\n<p>Pari. Le montant total des paris que le joueur devra miser avant m\u00eame d&rsquo;effectuer le retrait des fonds gagn\u00e9s. Sur les tours, il y a g\u00e9n\u00e9ralement un petit pari allant jusqu&rsquo;\u00e0 x30. Il s&rsquo;applique au montant total des gains, qui revient \u00e0 l&rsquo;utilisateur en tant que montant du prix accumul\u00e9. Pour conna\u00eetre le montant de la mise, vous devez multiplier les gains par le multiplicateur sp\u00e9cifi\u00e9.<\/p>\n<h2>Freespins sans mise<\/h2>\n<p>Impliqu\u00e9 dans le casino et MR Green tours gratuits sans d\u00e9p\u00f4t sans avoir besoin de miser. De telles r\u00e9compenses peuvent \u00eatre obtenues en jouant \u00e0 certaines machines \u00e0 sous.<\/p>\n<p>Le niveau des paris. Dans les r\u00e8gles du bonus peuvent \u00eatre sp\u00e9cifi\u00e9s les paris maximum que les utilisateurs peuvent faire, bonus de pari.<\/p>\n<p>Liste des cr\u00e9neaux. Lors de l&rsquo;utilisation de freespins, les joueurs doivent les appliquer \u00e0 certaines machines \u00e0 sous vid\u00e9o. La liste de ces r\u00e9compenses est longue.<\/p>\n<p>Pour activer les bonus, il suffit d&rsquo;\u00e9tudier individuellement toutes les subtilit\u00e9s et r\u00e8gles de chaque promotion.<\/p>\n<p>Temps d&rsquo;action. Les tours gratuits ont tr\u00e8s souvent une dur\u00e9e d&rsquo;environ 1 \u00e0 24 h.<\/p>\n<p><b><img loading=\"lazy\" decoding=\"async\" class=\" wp-image-447 aligncenter\" src=\"https:\/\/mrgreencasinos.com\/wp-content\/uploads\/2022\/06\/logo_mrgreen_color-300x193.png\" alt=\"mr green\" width=\"552\" height=\"355\" srcset=\"https:\/\/mrgreencasinos.com\/wp-content\/uploads\/2022\/06\/logo_mrgreen_color-300x193.png 300w, https:\/\/mrgreencasinos.com\/wp-content\/uploads\/2022\/06\/logo_mrgreen_color-1024x658.png 1024w, https:\/\/mrgreencasinos.com\/wp-content\/uploads\/2022\/06\/logo_mrgreen_color-768x493.png 768w, https:\/\/mrgreencasinos.com\/wp-content\/uploads\/2022\/06\/logo_mrgreen_color-720x462.png 720w, https:\/\/mrgreencasinos.com\/wp-content\/uploads\/2022\/06\/logo_mrgreen_color.png 1090w\" sizes=\"auto, (max-width: 552px) 100vw, 552px\" \/><\/b><\/p>\n<h2>Bonus sans d\u00e9p\u00f4t avec freespins<\/h2>\n<p>Les tours gratuits MR Green sans d\u00e9p\u00f4t sont g\u00e9n\u00e9ralement accompagn\u00e9s de tours gratuits. \u00c9tant donn\u00e9 que les op\u00e9rateurs pensent que c&rsquo;est une excellente occasion d&rsquo;\u00e9valuer vos propres capacit\u00e9s. Il est facile de faire l&rsquo;exp\u00e9rience du jeu. 77 tours gratuits sont offerts \u00e0 ceux qui ont rempli toutes les conditions pour les recevoir.<\/p>\n<p>Les utilisateurs exp\u00e9riment\u00e9s profiteront certainement de cette incitation. Ils sont bien conscients qu&rsquo;en utilisant des cadeaux gratuits, vous pouvez d\u00e9velopper votre propre strat\u00e9gie. Les tours gratuits pour l&rsquo;inscription sont particuli\u00e8rement attrayants lorsque le joueur d\u00e9termine l&rsquo;option de pari optimale, choisit le bon nombre de lignes, essayant de passer au jeu de hasard en m\u00eame temps. En mode gratuit, les joueurs ne pourront pas jouer \u00e0 risque. Puisqu&rsquo;une telle opportunit\u00e9 n&rsquo;est fournie qu&rsquo;avec l&rsquo;utilisation de l&rsquo;argent.<\/p>\n<div class=\"t-go\"><a href=\"\/go-casino\/?brand=mrgreen\">BONUS DE R\u00c9CLAMATION<\/a><\/div>\n<h2>Comment obtenir un tour gratuit pour l&rsquo;inscription<\/h2>\n<p>Quoi de plus pratique lorsque les utilisateurs, lors de leur inscription, re\u00e7oivent des cadeaux lucratifs et g\u00e9n\u00e9reux. L&rsquo;un d&rsquo;eux est le freespin d&rsquo;inscription.<\/p>\n<p>Les joueurs peuvent d&rsquo;abord choisir l&rsquo;option d&rsquo;accumulation de bonus. En jouant aux machines \u00e0 sous, des tours gratuits pour l&rsquo;inscription seront attribu\u00e9s aux utilisateurs au moment o\u00f9 il allume exactement la machine \u00e0 sous, ce qui est pr\u00e9vu dans les r\u00e8gles d&rsquo;utilisation du bonus de tours gratuits MR Green.<\/p>\n","protected":false},"excerpt":{"rendered":"<p>L&rsquo;industrie des jeux de casino en ligne s&rsquo;est d\u00e9velopp\u00e9e \u00e0 un rythme incroyable depuis la cr\u00e9ation du premier site. Cette [&hellip;]<\/p>\n","protected":false},"author":1,"featured_media":0,"parent":0,"menu_order":0,"comment_status":"closed","ping_status":"closed","template":"page-templates\/template_fullwidth.php","meta":{"footnotes":""},"class_list":["post-450","page","type-page","status-publish","hentry"],"acf":[],"yoast_head":"<!-- This site is optimized with the Yoast SEO plugin v17.9 - https:\/\/yoast.com\/wordpress\/plugins\/seo\/ -->\n<title>Mr Green Casino : Revue des tours gratuits 2023<\/title>\n<meta name=\"description\" content=\"Le nouveau bonus de casino sans d\u00e9p\u00f4t de Mr Green Casino offre 50 tours gratuits sur Lucky Mr Green aux nouveaux joueurs lors de leur inscription en 2023\" \/>\n<meta name=\"robots\" content=\"index, follow, max-snippet:-1, max-image-preview:large, max-video-preview:-1\" \/>\n<link rel=\"canonical\" href=\"https:\/\/mrgreencasinos.com\/fr\/free-spins\/\" \/>\n<meta property=\"og:type\" content=\"article\" \/>\n<meta property=\"og:title\" content=\"Mr Green Casino : Revue des tours gratuits 2023\" \/>\n<meta property=\"og:description\" content=\"Le nouveau bonus de casino sans d\u00e9p\u00f4t de Mr Green Casino offre 50 tours gratuits sur Lucky Mr Green aux nouveaux joueurs lors de leur inscription en 2023\" \/>\n<meta property=\"og:url\" content=\"https:\/\/mrgreencasinos.com\/fr\/free-spins\/\" \/>\n<meta property=\"og:site_name\" content=\"Casino MR Green\" \/>\n<meta property=\"article:modified_time\" content=\"2022-08-09T10:42:51+00:00\" \/>\n<meta property=\"og:image\" content=\"https:\/\/mrgreencasinos.com\/wp-content\/uploads\/2022\/06\/50-free-spins-14869-300x114.png\" \/>\n<meta name=\"twitter:card\" content=\"summary_large_image\" \/>\n<meta name=\"twitter:label1\" content=\"Dur\u00e9e de lecture estim\u00e9e\" \/>\n\t<meta name=\"twitter:data1\" content=\"4 minutes\" \/>\n<script type=\"application\/ld+json\" class=\"yoast-schema-graph\">{\"@context\":\"https:\/\/schema.org\",\"@graph\":[{\"@type\":\"WebSite\",\"@id\":\"https:\/\/mrgreencasinos.com\/#website\",\"url\":\"https:\/\/mrgreencasinos.com\/\",\"name\":\"Casino MR Green\",\"description\":\"\",\"potentialAction\":[{\"@type\":\"SearchAction\",\"target\":{\"@type\":\"EntryPoint\",\"urlTemplate\":\"https:\/\/mrgreencasinos.com\/?s={search_term_string}\"},\"query-input\":\"required name=search_term_string\"}],\"inLanguage\":\"fr-FR\"},{\"@type\":\"ImageObject\",\"@id\":\"https:\/\/mrgreencasinos.com\/fr\/free-spins\/#primaryimage\",\"inLanguage\":\"fr-FR\",\"url\":\"https:\/\/mrgreencasinos.com\/wp-content\/uploads\/2022\/06\/50-free-spins-14869.png\",\"contentUrl\":\"https:\/\/mrgreencasinos.com\/wp-content\/uploads\/2022\/06\/50-free-spins-14869.png\",\"width\":828,\"height\":315,\"caption\":\"free spins\"},{\"@type\":\"WebPage\",\"@id\":\"https:\/\/mrgreencasinos.com\/fr\/free-spins\/#webpage\",\"url\":\"https:\/\/mrgreencasinos.com\/fr\/free-spins\/\",\"name\":\"Mr Green Casino : Revue des tours gratuits 2023\",\"isPartOf\":{\"@id\":\"https:\/\/mrgreencasinos.com\/#website\"},\"primaryImageOfPage\":{\"@id\":\"https:\/\/mrgreencasinos.com\/fr\/free-spins\/#primaryimage\"},\"datePublished\":\"2022-06-15T08:31:37+00:00\",\"dateModified\":\"2022-08-09T10:42:51+00:00\",\"description\":\"Le nouveau bonus de casino sans d\\u00e9p\\u00f4t de Mr Green Casino offre 50 tours gratuits sur Lucky Mr Green aux nouveaux joueurs lors de leur inscription en 2023\",\"breadcrumb\":{\"@id\":\"https:\/\/mrgreencasinos.com\/fr\/free-spins\/#breadcrumb\"},\"inLanguage\":\"fr-FR\",\"potentialAction\":[{\"@type\":\"ReadAction\",\"target\":[\"https:\/\/mrgreencasinos.com\/fr\/free-spins\/\"]}]},{\"@type\":\"BreadcrumbList\",\"@id\":\"https:\/\/mrgreencasinos.com\/fr\/free-spins\/#breadcrumb\",\"itemListElement\":[{\"@type\":\"ListItem\",\"position\":1,\"name\":\"Home\",\"item\":\"https:\/\/mrgreencasinos.com\/fr\/review-of-the-official-mr-green-website\/\"},{\"@type\":\"ListItem\",\"position\":2,\"name\":\"Tours gratuits au Casino en Ligne Mr Green\"}]}]}<\/script>\n<!-- \/ Yoast SEO plugin. -->","yoast_head_json":{"title":"Mr Green Casino : Revue des tours gratuits 2023","description":"Le nouveau bonus de casino sans d\u00e9p\u00f4t de Mr Green Casino offre 50 tours gratuits sur Lucky Mr Green aux nouveaux joueurs lors de leur inscription en 2023","robots":{"index":"index","follow":"follow","max-snippet":"max-snippet:-1","max-image-preview":"max-image-preview:large","max-video-preview":"max-video-preview:-1"},"canonical":"https:\/\/mrgreencasinos.com\/fr\/free-spins\/","og_type":"article","og_title":"Mr Green Casino : Revue des tours gratuits 2023","og_description":"Le nouveau bonus de casino sans d\u00e9p\u00f4t de Mr Green Casino offre 50 tours gratuits sur Lucky Mr Green aux nouveaux joueurs lors de leur inscription en 2023","og_url":"https:\/\/mrgreencasinos.com\/fr\/free-spins\/","og_site_name":"Casino MR Green","article_modified_time":"2022-08-09T10:42:51+00:00","og_image":[{"url":"https:\/\/mrgreencasinos.com\/wp-content\/uploads\/2022\/06\/50-free-spins-14869-300x114.png"}],"twitter_card":"summary_large_image","twitter_misc":{"Dur\u00e9e de lecture estim\u00e9e":"4 minutes"},"schema":{"@context":"https:\/\/schema.org","@graph":[{"@type":"WebSite","@id":"https:\/\/mrgreencasinos.com\/#website","url":"https:\/\/mrgreencasinos.com\/","name":"Casino MR Green","description":"","potentialAction":[{"@type":"SearchAction","target":{"@type":"EntryPoint","urlTemplate":"https:\/\/mrgreencasinos.com\/?s={search_term_string}"},"query-input":"required name=search_term_string"}],"inLanguage":"fr-FR"},{"@type":"ImageObject","@id":"https:\/\/mrgreencasinos.com\/fr\/free-spins\/#primaryimage","inLanguage":"fr-FR","url":"https:\/\/mrgreencasinos.com\/wp-content\/uploads\/2022\/06\/50-free-spins-14869.png","contentUrl":"https:\/\/mrgreencasinos.com\/wp-content\/uploads\/2022\/06\/50-free-spins-14869.png","width":828,"height":315,"caption":"free spins"},{"@type":"WebPage","@id":"https:\/\/mrgreencasinos.com\/fr\/free-spins\/#webpage","url":"https:\/\/mrgreencasinos.com\/fr\/free-spins\/","name":"Mr Green Casino : Revue des tours gratuits 2023","isPartOf":{"@id":"https:\/\/mrgreencasinos.com\/#website"},"primaryImageOfPage":{"@id":"https:\/\/mrgreencasinos.com\/fr\/free-spins\/#primaryimage"},"datePublished":"2022-06-15T08:31:37+00:00","dateModified":"2022-08-09T10:42:51+00:00","description":"Le nouveau bonus de casino sans d\u00e9p\u00f4t de Mr Green Casino offre 50 tours gratuits sur Lucky Mr Green aux nouveaux joueurs lors de leur inscription en 2023","breadcrumb":{"@id":"https:\/\/mrgreencasinos.com\/fr\/free-spins\/#breadcrumb"},"inLanguage":"fr-FR","potentialAction":[{"@type":"ReadAction","target":["https:\/\/mrgreencasinos.com\/fr\/free-spins\/"]}]},{"@type":"BreadcrumbList","@id":"https:\/\/mrgreencasinos.com\/fr\/free-spins\/#breadcrumb","itemListElement":[{"@type":"ListItem","position":1,"name":"Home","item":"https:\/\/mrgreencasinos.com\/fr\/review-of-the-official-mr-green-website\/"},{"@type":"ListItem","position":2,"name":"Tours gratuits au Casino en Ligne Mr Green"}]}]}},"_links":{"self":[{"href":"https:\/\/mrgreencasinos.com\/fr\/wp-json\/wp\/v2\/pages\/450","targetHints":{"allow":["GET"]}}],"collection":[{"href":"https:\/\/mrgreencasinos.com\/fr\/wp-json\/wp\/v2\/pages"}],"about":[{"href":"https:\/\/mrgreencasinos.com\/fr\/wp-json\/wp\/v2\/types\/page"}],"author":[{"embeddable":true,"href":"https:\/\/mrgreencasinos.com\/fr\/wp-json\/wp\/v2\/users\/1"}],"replies":[{"embeddable":true,"href":"https:\/\/mrgreencasinos.com\/fr\/wp-json\/wp\/v2\/comments?post=450"}],"version-history":[{"count":6,"href":"https:\/\/mrgreencasinos.com\/fr\/wp-json\/wp\/v2\/pages\/450\/revisions"}],"predecessor-version":[{"id":856,"href":"https:\/\/mrgreencasinos.com\/fr\/wp-json\/wp\/v2\/pages\/450\/revisions\/856"}],"wp:attachment":[{"href":"https:\/\/mrgreencasinos.com\/fr\/wp-json\/wp\/v2\/media?parent=450"}],"curies":[{"name":"wp","href":"https:\/\/api.w.org\/{rel}","templated":true}]}}