{"id":458,"date":"2022-06-15T09:01:13","date_gmt":"2022-06-15T09:01:13","guid":{"rendered":"https:\/\/mrgreencasinos.com\/?page_id=458"},"modified":"2022-07-21T14:35:45","modified_gmt":"2022-07-21T14:35:45","slug":"software","status":"publish","type":"page","link":"https:\/\/mrgreencasinos.com\/fr\/software\/","title":{"rendered":"Logiciels pour casinos en ligne"},"content":{"rendered":"<p><span style=\"font-weight: 400;\"><img loading=\"lazy\" decoding=\"async\" class=\" wp-image-455 aligncenter\" src=\"https:\/\/mrgreencasinos.com\/wp-content\/uploads\/2022\/06\/mrgreen-banner-300x133.jpg\" alt=\"software\" width=\"774\" height=\"343\" srcset=\"https:\/\/mrgreencasinos.com\/wp-content\/uploads\/2022\/06\/mrgreen-banner-300x133.jpg 300w, https:\/\/mrgreencasinos.com\/wp-content\/uploads\/2022\/06\/mrgreen-banner-1024x454.jpg 1024w, https:\/\/mrgreencasinos.com\/wp-content\/uploads\/2022\/06\/mrgreen-banner-768x341.jpg 768w, https:\/\/mrgreencasinos.com\/wp-content\/uploads\/2022\/06\/mrgreen-banner-1536x681.jpg 1536w, https:\/\/mrgreencasinos.com\/wp-content\/uploads\/2022\/06\/mrgreen-banner-2048x908.jpg 2048w, https:\/\/mrgreencasinos.com\/wp-content\/uploads\/2022\/06\/mrgreen-banner-720x319.jpg 720w\" sizes=\"auto, (max-width: 774px) 100vw, 774px\" \/><\/span><\/p>\n<p>De nos jours, la performance stable des casinos en ligne d\u00e9pend directement de la qualit\u00e9 du logiciel MR Green. Et ce fait n&rsquo;est pas du tout surprenant, car les gains \u00e0 distance ont leurs propres caract\u00e9ristiques qui distinguent les casinos en ligne des salles de jeux ordinaires.<\/p>\n<p>Lorsqu&rsquo;un joueur choisit un casino en ligne, il fait d&rsquo;abord attention au fabricant des machines \u00e0 sous. Seuls les casinos de confiance choisissent le meilleur logiciel. Chaque fabricant se distingue par ses avantages. En r\u00e8gle g\u00e9n\u00e9rale, les leaders du jeu en ligne cr\u00e9ent des jeux avec de bons graphismes et une animation spectaculaire. Les machines \u00e0 sous vid\u00e9o raviront les joueurs avec leurs fonctionnalit\u00e9s de prix. Le club MR Green ne propose que les meilleurs jeux des principaux fabricants. Chaque client peut \u00eatre s\u00fbr qu&rsquo;il joue dans un casino honn\u00eate.<\/p>\n<p>Les professionnels qui gagnent r\u00e9guli\u00e8rement en jouant au <a href=\"https:\/\/mrgreencasinos.com\/fr\/\">casino MR Green<\/a> notent que vous pouvez choisir l&rsquo;institution en fonction du niveau du logiciel. Cela est d\u00fb au fait que tout en gagnant de l&rsquo;argent, vous ne pouvez pas garantir que la machine \u00e0 sous ne sera pas reprogramm\u00e9e manuellement. Par cons\u00e9quent, si un d\u00e9butant tombe amoureux des tricheurs, il ne pourra comprendre la tromperie qu&rsquo;apr\u00e8s avoir compl\u00e8tement perdu son argent.<\/p>\n<p>Sans exp\u00e9rience pour gagner de l&rsquo;argent dans les casinos en ligne, il est difficile de d\u00e9terminer par vous-m\u00eame le niveau de logiciel, alors faites confiance \u00e0 l&rsquo;opinion de la majorit\u00e9. Sur la base de leur propre exp\u00e9rience, les utilisateurs ont trouv\u00e9 des sites o\u00f9 ils peuvent gagner de l&rsquo;argent en toute s\u00e9curit\u00e9 et ne pas \u00eatre distraits par d&rsquo;autres probl\u00e8mes. L&rsquo;un de ces portails est la soci\u00e9t\u00e9 de logiciels de jeux MR Green. Contrairement \u00e0 ses concurrents, ce club a pris soin de la s\u00e9curit\u00e9 et de la protection des logiciels. Il est enti\u00e8rement sous licence par un tiers qui supervise la reprogrammation <a href=\"https:\/\/mrgreencasinos.com\/fr\/pokies\/\">des cr\u00e9neaux<\/a> horaires. Ainsi, les gains deviennent honn\u00eates pour une personne.<\/p>\n<p>Par ailleurs, il convient de noter que le club est engag\u00e9 dans la modernisation et la mise en \u0153uvre de nouvelles machines \u00e0 sous. Tout d&rsquo;abord, ils sont n\u00e9cessaires pour les professionnels qui en ont assez de gagner de l&rsquo;argent en jouant aux m\u00eames jeux. Et \u00e0 l&rsquo;avenir, le nouveau venu pourra basculer entre les appareils et potentiellement augmenter ses revenus. Mais cela peut prendre beaucoup de temps avant ce point, vous devrez donc vous entra\u00eener tout le temps. Sans surprise, les pros n&rsquo;arr\u00eatent jamais de s&rsquo;entra\u00eener en mode d\u00e9mo, car il y a toujours des changements dans le gameplay. En cons\u00e9quence, les tactiques utilis\u00e9es peuvent ne pas fonctionner.<\/p>\n<p>Au contraire, les d\u00e9butants ne cherchent qu&rsquo;\u00e0 gagner de l&rsquo;argent et ne passent pas de temps \u00e0 \u00e9tudier et \u00e0 analyser les nuances de la machine \u00e0 sous. Ils perdent donc tout leur argent simplement parce qu&rsquo;ils ne comptent que sur leur chance. Bien que le logiciel du casino en ligne pr\u00e9sent\u00e9 garantisse \u00e9galement l&rsquo;honn\u00eatet\u00e9, le succ\u00e8s d\u00e9pend directement de l&rsquo;approche du joueur pour gagner de l&rsquo;argent. Dans ce cas, MR Green offre la possibilit\u00e9 de d\u00e9couvrir des services de jeu en ligne au plus haut niveau. Et vous obtiendrez vos gains dans une devise pratique en quelques jours seulement. C&rsquo;est pourquoi vous devriez vous inscrire au fournisseur de logiciels de casino en direct MR Green.<\/p>\n<div class=\"t-go\"><a href=\"\/go-casino\/?brand=mrgreen\">BONUS DE R\u00c9CLAMATION<\/a><\/div>\n<h2>Acheter un logiciel<\/h2>\n<p>Acheter un logiciel et le mettre en place est un investissement tr\u00e8s co\u00fbteux. Il est \u00e0 noter que vous n&rsquo;avez qu&rsquo;\u00e0 acheter un logiciel de haute qualit\u00e9 qui assure le bon fonctionnement de votre plateforme de jeu. N&rsquo;oubliez pas non plus l&rsquo;int\u00e9gration du contenu du jeu. Pour les d\u00e9butants dans ce secteur, vous devez acheter des logiciels uniquement aupr\u00e8s du fournisseur de logiciels MR Green, car ils ont des certificats de qualit\u00e9 et ils sont demand\u00e9s par les joueurs depuis assez longtemps.<\/p>\n<p><b><img loading=\"lazy\" decoding=\"async\" class=\" wp-image-447 aligncenter\" src=\"https:\/\/mrgreencasinos.com\/wp-content\/uploads\/2022\/06\/logo_mrgreen_color-300x193.png\" alt=\"mr green\" width=\"825\" height=\"531\" srcset=\"https:\/\/mrgreencasinos.com\/wp-content\/uploads\/2022\/06\/logo_mrgreen_color-300x193.png 300w, https:\/\/mrgreencasinos.com\/wp-content\/uploads\/2022\/06\/logo_mrgreen_color-1024x658.png 1024w, https:\/\/mrgreencasinos.com\/wp-content\/uploads\/2022\/06\/logo_mrgreen_color-768x493.png 768w, https:\/\/mrgreencasinos.com\/wp-content\/uploads\/2022\/06\/logo_mrgreen_color-720x462.png 720w, https:\/\/mrgreencasinos.com\/wp-content\/uploads\/2022\/06\/logo_mrgreen_color.png 1090w\" sizes=\"auto, (max-width: 825px) 100vw, 825px\" \/><\/b><\/p>\n<h2>Choix des syst\u00e8mes de paiement<\/h2>\n<p>L&rsquo;int\u00e9gration des syst\u00e8mes de paiement est l&rsquo;une des \u00e9tapes les plus n\u00e9cessaires dans le d\u00e9veloppement des casinos en ligne. Par cons\u00e9quent, les propri\u00e9taires de plateformes de jeu ne devraient ajouter que des m\u00e9thodes de paiement fiables. Il convient de noter que les op\u00e9rateurs devraient proposer un large choix de syst\u00e8mes de paiement aux utilisateurs de casinos en ligne.<\/p>\n<p>La solution multifonctionnelle pour logiciel de jeu en ligne garantit la cr\u00e9ation d&rsquo;un site Web MR Green multifonctionnel, fiable et s\u00e9curis\u00e9 qui aura les caract\u00e9ristiques suivantes :<\/p>\n<ul>\n<li>Fonctionnalit\u00e9 avanc\u00e9e ;<\/li>\n<li>Facilit\u00e9 d&rsquo;utilisation;<\/li>\n<li>Grande rapidit\u00e9 de traitement des demandes\u00a0;<\/li>\n<li>S\u00fbret\u00e9 et s\u00e9curit\u00e9 de toutes les transactions des utilisateurs\u00a0;<\/li>\n<li>Personnalisation avanc\u00e9e pour r\u00e9pondre \u00e0 tous les besoins des utilisateurs et \u00e0 tous les budgets.<\/li>\n<\/ul>\n","protected":false},"excerpt":{"rendered":"<p>De nos jours, la performance stable des casinos en ligne d\u00e9pend directement de la qualit\u00e9 du logiciel MR Green. Et [&hellip;]<\/p>\n","protected":false},"author":1,"featured_media":0,"parent":0,"menu_order":0,"comment_status":"closed","ping_status":"closed","template":"page-templates\/template_fullwidth.php","meta":{"footnotes":""},"class_list":["post-458","page","type-page","status-publish","hentry"],"acf":[],"yoast_head":"<!-- This site is optimized with the Yoast SEO plugin v17.9 - https:\/\/yoast.com\/wordpress\/plugins\/seo\/ -->\n<title>Fournisseurs de jeux de casino en ligne 2023 - Mr Green<\/title>\n<meta name=\"description\" content=\"Logiciel et plateforme. Mr Green adopte une nouvelle approche de la s\u00e9lection de logiciels, choisissant de s\u00e9lectionner les meilleurs jeux de plusieurs fournisseurs\" \/>\n<meta name=\"robots\" content=\"index, follow, max-snippet:-1, max-image-preview:large, max-video-preview:-1\" \/>\n<link rel=\"canonical\" href=\"https:\/\/mrgreencasinos.com\/fr\/software\/\" \/>\n<meta property=\"og:type\" content=\"article\" \/>\n<meta property=\"og:title\" content=\"Fournisseurs de jeux de casino en ligne 2023 - Mr Green\" \/>\n<meta property=\"og:description\" content=\"Logiciel et plateforme. Mr Green adopte une nouvelle approche de la s\u00e9lection de logiciels, choisissant de s\u00e9lectionner les meilleurs jeux de plusieurs fournisseurs\" \/>\n<meta property=\"og:url\" content=\"https:\/\/mrgreencasinos.com\/fr\/software\/\" \/>\n<meta property=\"og:site_name\" content=\"Casino MR Green\" \/>\n<meta property=\"article:modified_time\" content=\"2022-07-21T14:35:45+00:00\" \/>\n<meta property=\"og:image\" content=\"https:\/\/mrgreencasinos.com\/wp-content\/uploads\/2022\/06\/mrgreen-banner-300x133.jpg\" \/>\n<meta name=\"twitter:card\" content=\"summary_large_image\" \/>\n<meta name=\"twitter:label1\" content=\"Dur\u00e9e de lecture estim\u00e9e\" \/>\n\t<meta name=\"twitter:data1\" content=\"4 minutes\" \/>\n<script type=\"application\/ld+json\" class=\"yoast-schema-graph\">{\"@context\":\"https:\/\/schema.org\",\"@graph\":[{\"@type\":\"WebSite\",\"@id\":\"https:\/\/mrgreencasinos.com\/#website\",\"url\":\"https:\/\/mrgreencasinos.com\/\",\"name\":\"Casino MR Green\",\"description\":\"\",\"potentialAction\":[{\"@type\":\"SearchAction\",\"target\":{\"@type\":\"EntryPoint\",\"urlTemplate\":\"https:\/\/mrgreencasinos.com\/?s={search_term_string}\"},\"query-input\":\"required name=search_term_string\"}],\"inLanguage\":\"fr-FR\"},{\"@type\":\"ImageObject\",\"@id\":\"https:\/\/mrgreencasinos.com\/fr\/software\/#primaryimage\",\"inLanguage\":\"fr-FR\",\"url\":\"https:\/\/mrgreencasinos.com\/wp-content\/uploads\/2022\/06\/mrgreen-banner-300x133.jpg\",\"contentUrl\":\"https:\/\/mrgreencasinos.com\/wp-content\/uploads\/2022\/06\/mrgreen-banner-300x133.jpg\"},{\"@type\":\"WebPage\",\"@id\":\"https:\/\/mrgreencasinos.com\/fr\/software\/#webpage\",\"url\":\"https:\/\/mrgreencasinos.com\/fr\/software\/\",\"name\":\"Fournisseurs de jeux de casino en ligne 2023 - Mr Green\",\"isPartOf\":{\"@id\":\"https:\/\/mrgreencasinos.com\/#website\"},\"primaryImageOfPage\":{\"@id\":\"https:\/\/mrgreencasinos.com\/fr\/software\/#primaryimage\"},\"datePublished\":\"2022-06-15T09:01:13+00:00\",\"dateModified\":\"2022-07-21T14:35:45+00:00\",\"description\":\"Logiciel et plateforme. Mr Green adopte une nouvelle approche de la s\\u00e9lection de logiciels, choisissant de s\\u00e9lectionner les meilleurs jeux de plusieurs fournisseurs\",\"breadcrumb\":{\"@id\":\"https:\/\/mrgreencasinos.com\/fr\/software\/#breadcrumb\"},\"inLanguage\":\"fr-FR\",\"potentialAction\":[{\"@type\":\"ReadAction\",\"target\":[\"https:\/\/mrgreencasinos.com\/fr\/software\/\"]}]},{\"@type\":\"BreadcrumbList\",\"@id\":\"https:\/\/mrgreencasinos.com\/fr\/software\/#breadcrumb\",\"itemListElement\":[{\"@type\":\"ListItem\",\"position\":1,\"name\":\"Home\",\"item\":\"https:\/\/mrgreencasinos.com\/fr\/review-of-the-official-mr-green-website\/\"},{\"@type\":\"ListItem\",\"position\":2,\"name\":\"Logiciels pour casinos en ligne\"}]}]}<\/script>\n<!-- \/ Yoast SEO plugin. -->","yoast_head_json":{"title":"Fournisseurs de jeux de casino en ligne 2023 - Mr Green","description":"Logiciel et plateforme. Mr Green adopte une nouvelle approche de la s\u00e9lection de logiciels, choisissant de s\u00e9lectionner les meilleurs jeux de plusieurs fournisseurs","robots":{"index":"index","follow":"follow","max-snippet":"max-snippet:-1","max-image-preview":"max-image-preview:large","max-video-preview":"max-video-preview:-1"},"canonical":"https:\/\/mrgreencasinos.com\/fr\/software\/","og_type":"article","og_title":"Fournisseurs de jeux de casino en ligne 2023 - Mr Green","og_description":"Logiciel et plateforme. Mr Green adopte une nouvelle approche de la s\u00e9lection de logiciels, choisissant de s\u00e9lectionner les meilleurs jeux de plusieurs fournisseurs","og_url":"https:\/\/mrgreencasinos.com\/fr\/software\/","og_site_name":"Casino MR Green","article_modified_time":"2022-07-21T14:35:45+00:00","og_image":[{"url":"https:\/\/mrgreencasinos.com\/wp-content\/uploads\/2022\/06\/mrgreen-banner-300x133.jpg"}],"twitter_card":"summary_large_image","twitter_misc":{"Dur\u00e9e de lecture estim\u00e9e":"4 minutes"},"schema":{"@context":"https:\/\/schema.org","@graph":[{"@type":"WebSite","@id":"https:\/\/mrgreencasinos.com\/#website","url":"https:\/\/mrgreencasinos.com\/","name":"Casino MR Green","description":"","potentialAction":[{"@type":"SearchAction","target":{"@type":"EntryPoint","urlTemplate":"https:\/\/mrgreencasinos.com\/?s={search_term_string}"},"query-input":"required name=search_term_string"}],"inLanguage":"fr-FR"},{"@type":"ImageObject","@id":"https:\/\/mrgreencasinos.com\/fr\/software\/#primaryimage","inLanguage":"fr-FR","url":"https:\/\/mrgreencasinos.com\/wp-content\/uploads\/2022\/06\/mrgreen-banner-300x133.jpg","contentUrl":"https:\/\/mrgreencasinos.com\/wp-content\/uploads\/2022\/06\/mrgreen-banner-300x133.jpg"},{"@type":"WebPage","@id":"https:\/\/mrgreencasinos.com\/fr\/software\/#webpage","url":"https:\/\/mrgreencasinos.com\/fr\/software\/","name":"Fournisseurs de jeux de casino en ligne 2023 - Mr Green","isPartOf":{"@id":"https:\/\/mrgreencasinos.com\/#website"},"primaryImageOfPage":{"@id":"https:\/\/mrgreencasinos.com\/fr\/software\/#primaryimage"},"datePublished":"2022-06-15T09:01:13+00:00","dateModified":"2022-07-21T14:35:45+00:00","description":"Logiciel et plateforme. Mr Green adopte une nouvelle approche de la s\u00e9lection de logiciels, choisissant de s\u00e9lectionner les meilleurs jeux de plusieurs fournisseurs","breadcrumb":{"@id":"https:\/\/mrgreencasinos.com\/fr\/software\/#breadcrumb"},"inLanguage":"fr-FR","potentialAction":[{"@type":"ReadAction","target":["https:\/\/mrgreencasinos.com\/fr\/software\/"]}]},{"@type":"BreadcrumbList","@id":"https:\/\/mrgreencasinos.com\/fr\/software\/#breadcrumb","itemListElement":[{"@type":"ListItem","position":1,"name":"Home","item":"https:\/\/mrgreencasinos.com\/fr\/review-of-the-official-mr-green-website\/"},{"@type":"ListItem","position":2,"name":"Logiciels pour casinos en ligne"}]}]}},"_links":{"self":[{"href":"https:\/\/mrgreencasinos.com\/fr\/wp-json\/wp\/v2\/pages\/458","targetHints":{"allow":["GET"]}}],"collection":[{"href":"https:\/\/mrgreencasinos.com\/fr\/wp-json\/wp\/v2\/pages"}],"about":[{"href":"https:\/\/mrgreencasinos.com\/fr\/wp-json\/wp\/v2\/types\/page"}],"author":[{"embeddable":true,"href":"https:\/\/mrgreencasinos.com\/fr\/wp-json\/wp\/v2\/users\/1"}],"replies":[{"embeddable":true,"href":"https:\/\/mrgreencasinos.com\/fr\/wp-json\/wp\/v2\/comments?post=458"}],"version-history":[{"count":6,"href":"https:\/\/mrgreencasinos.com\/fr\/wp-json\/wp\/v2\/pages\/458\/revisions"}],"predecessor-version":[{"id":649,"href":"https:\/\/mrgreencasinos.com\/fr\/wp-json\/wp\/v2\/pages\/458\/revisions\/649"}],"wp:attachment":[{"href":"https:\/\/mrgreencasinos.com\/fr\/wp-json\/wp\/v2\/media?parent=458"}],"curies":[{"name":"wp","href":"https:\/\/api.w.org\/{rel}","templated":true}]}}