{"id":471,"date":"2022-06-15T10:06:52","date_gmt":"2022-06-15T10:06:52","guid":{"rendered":"https:\/\/mrgreencasinos.com\/?page_id=471"},"modified":"2022-07-21T14:41:12","modified_gmt":"2022-07-21T14:41:12","slug":"vip","status":"publish","type":"page","link":"https:\/\/mrgreencasinos.com\/fr\/vip\/","title":{"rendered":"Casino pour joueurs VIP : les privil\u00e8ges du statut VIP"},"content":{"rendered":"<p><span style=\"font-weight: 400;\"><img loading=\"lazy\" decoding=\"async\" class=\" wp-image-467 aligncenter\" src=\"https:\/\/mrgreencasinos.com\/wp-content\/uploads\/2022\/06\/mr-green-vip-casino-300x106.png\" alt=\"vip mr green\" width=\"699\" height=\"247\" srcset=\"https:\/\/mrgreencasinos.com\/wp-content\/uploads\/2022\/06\/mr-green-vip-casino-300x106.png 300w, https:\/\/mrgreencasinos.com\/wp-content\/uploads\/2022\/06\/mr-green-vip-casino.png 568w\" sizes=\"auto, (max-width: 699px) 100vw, 699px\" \/><\/span><\/p>\n<p>Tout casino, qu&rsquo;il soit virtuel ou en ligne, a int\u00e9r\u00eat \u00e0 garder le joueur le plus longtemps possible chez lui, et \u00e0 ne pas le laisser aller \u00e0 la comp\u00e9tition. Et pour atteindre leur objectif, les casinos peuvent recourir \u00e0 diverses astuces.<\/p>\n<p>L&rsquo;une des m\u00e9thodes les plus courantes est un programme client pr\u00e9f\u00e9rentiel &#8211; programme de casino VIP. Maintenant, ce n&rsquo;est plus un probl\u00e8me de trouver un tel programme, car toutes les principales institutions en ligne le pratiquent activement. Un tel programme VIP du <a href=\"https:\/\/mrgreencasinos.com\/fr\/\">casino MR Green<\/a> peut commencer d\u00e8s l&rsquo;inscription dans le syst\u00e8me, mais seulement si vous gagnez une certaine somme d&rsquo;argent. Et il est g\u00e9n\u00e9ralement tr\u00e8s grand.<\/p>\n<p>De nombreux casinos introduisent souvent des programmes de fid\u00e9lit\u00e9, ou programmes dits VIP. Mais ils ont \u00e0 peu pr\u00e8s la m\u00eame essence. Il existe des programmes similaires dans les casinos terrestres, mais dans la plupart des cas, ils sont pratiqu\u00e9s exactement dans les \u00e9tablissements en ligne.<\/p>\n<p>Tous ces programmes VIP ne sont pas identiques. Chaque casino a le droit de fixer ses propres termes et conditions. Ils peuvent donc diff\u00e9rer d&rsquo;un \u00e9tablissement \u00e0 l&rsquo;autre. Ceci est souvent utilis\u00e9 par les casinos pour attirer autant de clients que possible. Ainsi, ils rendent le programme de fid\u00e9lit\u00e9 le plus attractif possible.<\/p>\n<p>Si des programmes similaires sont compl\u00e8tement identiques et ne diff\u00e8rent pratiquement pas, il est fort probable qu&rsquo;ils appartiennent simplement au m\u00eame grand r\u00e9seau.<\/p>\n<p>Parfois, pour devenir un bonus VIP d&rsquo;inscription \u00e0 MR Green, il vous suffit de vous inscrire aupr\u00e8s du casino. Mais parfois, vous devez remplir certaines conditions, comme l&rsquo;anciennet\u00e9 ou un chiffre d&rsquo;affaires commercial sp\u00e9cifique. Parfois, le statut VIP peut \u00eatre attribu\u00e9 si le joueur a fait un gros pari sur un montant pr\u00e9d\u00e9termin\u00e9, afin d&rsquo;augmenter le statut de son compte.<\/p>\n<div class=\"t-go\"><a href=\"\/go-casino\/?brand=mrgreen\">BONUS DE R\u00c9CLAMATION<\/a><\/div>\n<h2>Comment utiliser ce programme ?<\/h2>\n<p>Chaque casino a ses propres r\u00e8gles, qui doivent \u00eatre respect\u00e9es.<\/p>\n<p>Parfois, ces programmes sont m\u00eame limit\u00e9s \u00e0 certaines machines \u00e0 sous. Donc, si vous envisagez de devenir membre du club VIP, choisissez le casino avec les conditions les plus confortables pour vous dans le cadre de ce programme.<\/p>\n<p>Selon les statistiques, la plupart des clients d&rsquo;un tel programme pr\u00e9f\u00e8rent \u00e9changer les points re\u00e7us via le programme de fid\u00e9lit\u00e9 contre de l&rsquo;argent r\u00e9el.<\/p>\n<p>Il existe \u00e9galement des programmes \u00e0 plusieurs niveaux. Disons que vous avez atteint un niveau et que vos privil\u00e8ges seront encore plus \u00e9lev\u00e9s au suivant.<\/p>\n<p>Tous les amateurs de jeux d&rsquo;argent, ma\u00eetris\u00e9s le jeu dans les machines \u00e0 sous en ligne, habitu\u00e9s \u00e0 la vari\u00e9t\u00e9 des bonus VIP MR Green. Les maisons de jeux virtuelles rivalisaient pour proposer \u00e0 leurs clients des offres sp\u00e9ciales, une de plus r\u00e9mun\u00e9ratrices. Et cet \u00e9tat de fait poursuit un but logique : disposer d&rsquo;un public joueur et maintenir l&rsquo;activit\u00e9 du jeu en contre-fid\u00e9lit\u00e9. Rencontrez de telles offres et bonus peuvent \u00eatre sur le site du casino MR Green.<\/p>\n<p>Eh bien, et les utilisateurs r\u00e9guliers d&rsquo;une institution en ligne particuli\u00e8re, il existe un d\u00e9sir logique d&rsquo;obtenir progressivement des bonus plus rentables. Heureusement, la grande majorit\u00e9 des casinos sont pr\u00eats \u00e0 r\u00e9pondre \u00e0 ces d\u00e9sirs, en introduisant un programme VIP pour leurs utilisateurs.<\/p>\n<p>Les codes bonus MR Green VIP sont des offres ouvertes uniquement aux utilisateurs r\u00e9guliers, le plus souvent progressivement. Par exemple, un joueur a fait des paris pour un certain montant &#8211; et sur la base de cet historique re\u00e7oit des bonus personnels (avec ou sans <a href=\"https:\/\/mrgreencasinos.com\/fr\/deposit\/\">d\u00e9p\u00f4t<\/a>), un cashback accru, de meilleurs points bonus de taux de change, l&rsquo;acc\u00e8s \u00e0 la participation \u00e0 des tirages VIP ferm\u00e9s, etc.<\/p>\n<p><span style=\"font-weight: 400;\"><img loading=\"lazy\" decoding=\"async\" class=\" wp-image-469 aligncenter\" src=\"https:\/\/mrgreencasinos.com\/wp-content\/uploads\/2022\/06\/MARCOM-16487-DesignDaVincisTreasureNetworkPromo-BlogFeature-300x173.jpg\" alt=\"mr green casino\" width=\"657\" height=\"379\" srcset=\"https:\/\/mrgreencasinos.com\/wp-content\/uploads\/2022\/06\/MARCOM-16487-DesignDaVincisTreasureNetworkPromo-BlogFeature-300x173.jpg 300w, https:\/\/mrgreencasinos.com\/wp-content\/uploads\/2022\/06\/MARCOM-16487-DesignDaVincisTreasureNetworkPromo-BlogFeature-1024x589.jpg 1024w, https:\/\/mrgreencasinos.com\/wp-content\/uploads\/2022\/06\/MARCOM-16487-DesignDaVincisTreasureNetworkPromo-BlogFeature-768x442.jpg 768w, https:\/\/mrgreencasinos.com\/wp-content\/uploads\/2022\/06\/MARCOM-16487-DesignDaVincisTreasureNetworkPromo-BlogFeature-720x414.jpg 720w, https:\/\/mrgreencasinos.com\/wp-content\/uploads\/2022\/06\/MARCOM-16487-DesignDaVincisTreasureNetworkPromo-BlogFeature.jpg 1460w\" sizes=\"auto, (max-width: 657px) 100vw, 657px\" \/><\/span><\/p>\n<p>La pr\u00e9sence du programme VIP dans MR Green est toujours un bon signe pour les utilisateurs. De plus, \u00e9tant donn\u00e9 un tel code promo MR Green VIP, vous pouvez calculer \u00e0 l&rsquo;avance comment tirer le meilleur parti du processus d&rsquo;exploitation de ce site.<\/p>\n<p>Dans le cas des casinos qui ont des points bonus (\u00e9galement appel\u00e9s comps), il est logique de conserver les points d\u00e9j\u00e0 re\u00e7us, en les accumulant jusqu&rsquo;\u00e0 ce que le niveau du joueur augmente. Habituellement, \u00e0 des niveaux plus \u00e9lev\u00e9s, le taux de change est beaucoup plus favorable &#8211; il est tout \u00e0 fait raisonnable d&rsquo;\u00e9conomiser des fonds bonus pour l&rsquo;avenir.<\/p>\n<p>De m\u00eame, le cashback &#8211; un bonus de remise qui vous permet de r\u00e9cup\u00e9rer plus d&rsquo;argent sur les paris non gagnants au fil du temps et avec le d\u00e9veloppement de l&rsquo;activit\u00e9 des utilisateurs &#8211; se d\u00e9veloppe \u00e9galement.<\/p>\n","protected":false},"excerpt":{"rendered":"<p>Tout casino, qu&rsquo;il soit virtuel ou en ligne, a int\u00e9r\u00eat \u00e0 garder le joueur le plus longtemps possible chez lui, [&hellip;]<\/p>\n","protected":false},"author":1,"featured_media":0,"parent":0,"menu_order":0,"comment_status":"closed","ping_status":"closed","template":"page-templates\/template_fullwidth.php","meta":{"footnotes":""},"class_list":["post-471","page","type-page","status-publish","hentry"],"acf":[],"yoast_head":"<!-- This site is optimized with the Yoast SEO plugin v17.9 - https:\/\/yoast.com\/wordpress\/plugins\/seo\/ -->\n<title>Programme VIP Mr Green Casino Club Royale<\/title>\n<meta name=\"description\" content=\"Les joueurs avec le statut VIP participent \u00e0 des promotions sp\u00e9ciales, des tirages au sort et des offres sp\u00e9ciales. Le club Mr.Green Casino organise p\u00e9riodiquement des surprises pour les clients\" \/>\n<meta name=\"robots\" content=\"index, follow, max-snippet:-1, max-image-preview:large, max-video-preview:-1\" \/>\n<link rel=\"canonical\" href=\"https:\/\/mrgreencasinos.com\/fr\/vip\/\" \/>\n<meta property=\"og:type\" content=\"article\" \/>\n<meta property=\"og:title\" content=\"Programme VIP Mr Green Casino Club Royale\" \/>\n<meta property=\"og:description\" content=\"Les joueurs avec le statut VIP participent \u00e0 des promotions sp\u00e9ciales, des tirages au sort et des offres sp\u00e9ciales. Le club Mr.Green Casino organise p\u00e9riodiquement des surprises pour les clients\" \/>\n<meta property=\"og:url\" content=\"https:\/\/mrgreencasinos.com\/fr\/vip\/\" \/>\n<meta property=\"og:site_name\" content=\"Casino MR Green\" \/>\n<meta property=\"article:modified_time\" content=\"2022-07-21T14:41:12+00:00\" \/>\n<meta property=\"og:image\" content=\"https:\/\/mrgreencasinos.com\/wp-content\/uploads\/2022\/06\/mr-green-vip-casino-300x106.png\" \/>\n<meta name=\"twitter:card\" content=\"summary_large_image\" \/>\n<meta name=\"twitter:label1\" content=\"Dur\u00e9e de lecture estim\u00e9e\" \/>\n\t<meta name=\"twitter:data1\" content=\"4 minutes\" \/>\n<script type=\"application\/ld+json\" class=\"yoast-schema-graph\">{\"@context\":\"https:\/\/schema.org\",\"@graph\":[{\"@type\":\"WebSite\",\"@id\":\"https:\/\/mrgreencasinos.com\/#website\",\"url\":\"https:\/\/mrgreencasinos.com\/\",\"name\":\"Casino MR Green\",\"description\":\"\",\"potentialAction\":[{\"@type\":\"SearchAction\",\"target\":{\"@type\":\"EntryPoint\",\"urlTemplate\":\"https:\/\/mrgreencasinos.com\/?s={search_term_string}\"},\"query-input\":\"required name=search_term_string\"}],\"inLanguage\":\"fr-FR\"},{\"@type\":\"ImageObject\",\"@id\":\"https:\/\/mrgreencasinos.com\/fr\/vip\/#primaryimage\",\"inLanguage\":\"fr-FR\",\"url\":\"https:\/\/mrgreencasinos.com\/wp-content\/uploads\/2022\/06\/mr-green-vip-casino.png\",\"contentUrl\":\"https:\/\/mrgreencasinos.com\/wp-content\/uploads\/2022\/06\/mr-green-vip-casino.png\",\"width\":568,\"height\":200,\"caption\":\"vip mr green\"},{\"@type\":\"WebPage\",\"@id\":\"https:\/\/mrgreencasinos.com\/fr\/vip\/#webpage\",\"url\":\"https:\/\/mrgreencasinos.com\/fr\/vip\/\",\"name\":\"Programme VIP Mr Green Casino Club Royale\",\"isPartOf\":{\"@id\":\"https:\/\/mrgreencasinos.com\/#website\"},\"primaryImageOfPage\":{\"@id\":\"https:\/\/mrgreencasinos.com\/fr\/vip\/#primaryimage\"},\"datePublished\":\"2022-06-15T10:06:52+00:00\",\"dateModified\":\"2022-07-21T14:41:12+00:00\",\"description\":\"Les joueurs avec le statut VIP participent \\u00e0 des promotions sp\\u00e9ciales, des tirages au sort et des offres sp\\u00e9ciales. Le club Mr.Green Casino organise p\\u00e9riodiquement des surprises pour les clients\",\"breadcrumb\":{\"@id\":\"https:\/\/mrgreencasinos.com\/fr\/vip\/#breadcrumb\"},\"inLanguage\":\"fr-FR\",\"potentialAction\":[{\"@type\":\"ReadAction\",\"target\":[\"https:\/\/mrgreencasinos.com\/fr\/vip\/\"]}]},{\"@type\":\"BreadcrumbList\",\"@id\":\"https:\/\/mrgreencasinos.com\/fr\/vip\/#breadcrumb\",\"itemListElement\":[{\"@type\":\"ListItem\",\"position\":1,\"name\":\"Home\",\"item\":\"https:\/\/mrgreencasinos.com\/fr\/review-of-the-official-mr-green-website\/\"},{\"@type\":\"ListItem\",\"position\":2,\"name\":\"Casino pour joueurs VIP : les privil\\u00e8ges du statut VIP\"}]}]}<\/script>\n<!-- \/ Yoast SEO plugin. -->","yoast_head_json":{"title":"Programme VIP Mr Green Casino Club Royale","description":"Les joueurs avec le statut VIP participent \u00e0 des promotions sp\u00e9ciales, des tirages au sort et des offres sp\u00e9ciales. Le club Mr.Green Casino organise p\u00e9riodiquement des surprises pour les clients","robots":{"index":"index","follow":"follow","max-snippet":"max-snippet:-1","max-image-preview":"max-image-preview:large","max-video-preview":"max-video-preview:-1"},"canonical":"https:\/\/mrgreencasinos.com\/fr\/vip\/","og_type":"article","og_title":"Programme VIP Mr Green Casino Club Royale","og_description":"Les joueurs avec le statut VIP participent \u00e0 des promotions sp\u00e9ciales, des tirages au sort et des offres sp\u00e9ciales. Le club Mr.Green Casino organise p\u00e9riodiquement des surprises pour les clients","og_url":"https:\/\/mrgreencasinos.com\/fr\/vip\/","og_site_name":"Casino MR Green","article_modified_time":"2022-07-21T14:41:12+00:00","og_image":[{"url":"https:\/\/mrgreencasinos.com\/wp-content\/uploads\/2022\/06\/mr-green-vip-casino-300x106.png"}],"twitter_card":"summary_large_image","twitter_misc":{"Dur\u00e9e de lecture estim\u00e9e":"4 minutes"},"schema":{"@context":"https:\/\/schema.org","@graph":[{"@type":"WebSite","@id":"https:\/\/mrgreencasinos.com\/#website","url":"https:\/\/mrgreencasinos.com\/","name":"Casino MR Green","description":"","potentialAction":[{"@type":"SearchAction","target":{"@type":"EntryPoint","urlTemplate":"https:\/\/mrgreencasinos.com\/?s={search_term_string}"},"query-input":"required name=search_term_string"}],"inLanguage":"fr-FR"},{"@type":"ImageObject","@id":"https:\/\/mrgreencasinos.com\/fr\/vip\/#primaryimage","inLanguage":"fr-FR","url":"https:\/\/mrgreencasinos.com\/wp-content\/uploads\/2022\/06\/mr-green-vip-casino.png","contentUrl":"https:\/\/mrgreencasinos.com\/wp-content\/uploads\/2022\/06\/mr-green-vip-casino.png","width":568,"height":200,"caption":"vip mr green"},{"@type":"WebPage","@id":"https:\/\/mrgreencasinos.com\/fr\/vip\/#webpage","url":"https:\/\/mrgreencasinos.com\/fr\/vip\/","name":"Programme VIP Mr Green Casino Club Royale","isPartOf":{"@id":"https:\/\/mrgreencasinos.com\/#website"},"primaryImageOfPage":{"@id":"https:\/\/mrgreencasinos.com\/fr\/vip\/#primaryimage"},"datePublished":"2022-06-15T10:06:52+00:00","dateModified":"2022-07-21T14:41:12+00:00","description":"Les joueurs avec le statut VIP participent \u00e0 des promotions sp\u00e9ciales, des tirages au sort et des offres sp\u00e9ciales. Le club Mr.Green Casino organise p\u00e9riodiquement des surprises pour les clients","breadcrumb":{"@id":"https:\/\/mrgreencasinos.com\/fr\/vip\/#breadcrumb"},"inLanguage":"fr-FR","potentialAction":[{"@type":"ReadAction","target":["https:\/\/mrgreencasinos.com\/fr\/vip\/"]}]},{"@type":"BreadcrumbList","@id":"https:\/\/mrgreencasinos.com\/fr\/vip\/#breadcrumb","itemListElement":[{"@type":"ListItem","position":1,"name":"Home","item":"https:\/\/mrgreencasinos.com\/fr\/review-of-the-official-mr-green-website\/"},{"@type":"ListItem","position":2,"name":"Casino pour joueurs VIP : les privil\u00e8ges du statut VIP"}]}]}},"_links":{"self":[{"href":"https:\/\/mrgreencasinos.com\/fr\/wp-json\/wp\/v2\/pages\/471","targetHints":{"allow":["GET"]}}],"collection":[{"href":"https:\/\/mrgreencasinos.com\/fr\/wp-json\/wp\/v2\/pages"}],"about":[{"href":"https:\/\/mrgreencasinos.com\/fr\/wp-json\/wp\/v2\/types\/page"}],"author":[{"embeddable":true,"href":"https:\/\/mrgreencasinos.com\/fr\/wp-json\/wp\/v2\/users\/1"}],"replies":[{"embeddable":true,"href":"https:\/\/mrgreencasinos.com\/fr\/wp-json\/wp\/v2\/comments?post=471"}],"version-history":[{"count":5,"href":"https:\/\/mrgreencasinos.com\/fr\/wp-json\/wp\/v2\/pages\/471\/revisions"}],"predecessor-version":[{"id":654,"href":"https:\/\/mrgreencasinos.com\/fr\/wp-json\/wp\/v2\/pages\/471\/revisions\/654"}],"wp:attachment":[{"href":"https:\/\/mrgreencasinos.com\/fr\/wp-json\/wp\/v2\/media?parent=471"}],"curies":[{"name":"wp","href":"https:\/\/api.w.org\/{rel}","templated":true}]}}