{"id":483,"date":"2022-06-15T10:16:24","date_gmt":"2022-06-15T10:16:24","guid":{"rendered":"https:\/\/mrgreencasinos.com\/?page_id=483"},"modified":"2022-07-21T14:44:39","modified_gmt":"2022-07-21T14:44:39","slug":"card-games","status":"publish","type":"page","link":"https:\/\/mrgreencasinos.com\/fr\/card-games\/","title":{"rendered":"Salle de jeu fiable pour les jeux en ligne"},"content":{"rendered":"<p><span style=\"font-weight: 400;\"><img loading=\"lazy\" decoding=\"async\" class=\" wp-image-478 aligncenter\" src=\"https:\/\/mrgreencasinos.com\/wp-content\/uploads\/2022\/06\/MrGreen-gives-you-a-chance-to-win-a-share-of-E10000-300x169.jpg\" alt=\"card games\" width=\"637\" height=\"359\" srcset=\"https:\/\/mrgreencasinos.com\/wp-content\/uploads\/2022\/06\/MrGreen-gives-you-a-chance-to-win-a-share-of-E10000-300x169.jpg 300w, https:\/\/mrgreencasinos.com\/wp-content\/uploads\/2022\/06\/MrGreen-gives-you-a-chance-to-win-a-share-of-E10000-768x432.jpg 768w, https:\/\/mrgreencasinos.com\/wp-content\/uploads\/2022\/06\/MrGreen-gives-you-a-chance-to-win-a-share-of-E10000-720x405.jpg 720w, https:\/\/mrgreencasinos.com\/wp-content\/uploads\/2022\/06\/MrGreen-gives-you-a-chance-to-win-a-share-of-E10000.jpg 872w\" sizes=\"auto, (max-width: 637px) 100vw, 637px\" \/><\/span><\/p>\n<p>Jouer en ligne est fascinant et attrayant &#8211; vous ne pouvez pas contester cette affirmation\u00a0! Reste \u00e0 trouver un casino convivial, garantissant la s\u00e9curit\u00e9 et proposant de profiter des mod\u00e8les originaux sous licence. Sur l&rsquo;\u00e9tendue d&rsquo;Internet, il y a un club de jeu MR Green, s\u00e9duisant par son design \u00e9l\u00e9gant, une large gamme de simulateurs, d&rsquo;excellents programmes de bonus. La ressource th\u00e9matique cr\u00e9ative vous offre une exp\u00e9rience inoubliable et une vague d&rsquo;\u00e9motions positives, dans ce que les jeux de cartes de <a href=\"https:\/\/mrgreencasinos.com\/fr\/\">casino MR Green<\/a> sont convaincus de sa propre exp\u00e9rience.<\/p>\n<p>Maintenant, nous pouvons d\u00e9j\u00e0 appeler en toute s\u00e9curit\u00e9 le casino MR Green l&rsquo;un des meilleurs sites de jeu. Design \u00e9l\u00e9gant, mascotte attrayante, liste en constante expansion de jeux des meilleurs fournisseurs, licences de r\u00e9gulateurs fiables, bonus, <a href=\"https:\/\/mrgreencasinos.com\/fr\/promotions\/\">promotions<\/a>, <a href=\"https:\/\/mrgreencasinos.com\/fr\/jackpot\/\">jackpots<\/a>, tournois &#8211; la liste de ses avantages est vraiment \u00e9norme.<\/p>\n<p>Lorsque vous vous connectez pour la premi\u00e8re fois sur le site officiel de MR Green Casino, vous avez l&rsquo;impression d&rsquo;\u00eatre dans un jeu vid\u00e9o. Le fait que son design n&rsquo;a rien \u00e0 voir avec le design traditionnel pour ce genre d&rsquo;institutions. Le site est tellement interactif qu&rsquo;en appuyant pour la premi\u00e8re fois sur n&rsquo;importe quel bouton, vous ne pouvez m\u00eame pas imaginer sous quelle forme la page que vous souhaitez voir.<\/p>\n<p>Cela peut entra\u00eener des difficult\u00e9s pour certains utilisateurs lors de la recherche d&rsquo;informations n\u00e9cessaires, mais uniquement lorsqu&rsquo;ils se familiarisent avec le site pour la premi\u00e8re fois. Mais tous les visiteurs appr\u00e9cieront certainement la possibilit\u00e9 d&rsquo;essayer l&rsquo;un des jeux de cartes en direct du casino MR Green sans inscription ni t\u00e9l\u00e9chargement long.<\/p>\n<div class=\"t-go\"><a href=\"\/go-casino\/?brand=mrgreen\">BONUS DE R\u00c9CLAMATION<\/a><\/div>\n<h2>Pour jouer au casino en ligne<\/h2>\n<p>Le casino en ligne MR Green appartient \u00e0 la soci\u00e9t\u00e9 MR Green Limited et op\u00e8re depuis 2008. Il op\u00e8re sous licence.<\/p>\n<p>Seuls les clients autoris\u00e9s peuvent jouer aux jeux de cartes du casino MR Green, obtenir des bonus, participer \u00e0 des tournois et \u00e0 d&rsquo;autres \u00e9v\u00e9nements. L&rsquo;inscription au casino peut \u00eatre tr\u00e8s rapide, mais vous devez remplir soigneusement le formulaire. Si vous avez des questions, n&rsquo;h\u00e9sitez pas \u00e0 demander de l&rsquo;aide \u00e0 l&rsquo;\u00e9quipe de support.<\/p>\n<h2>Assortiment de jeux de casino<\/h2>\n<p>Une caract\u00e9ristique du club de jeu MR Green Casino est une version t\u00e9l\u00e9chargeable &#8211; les conseils sur les jeux de cartes du casino MR Green sont disponibles m\u00eame sans connexion persistante \u00e0 Internet. Parmi les partenaires de la ressource &#8211; fabricants IGT, Microgaming, 1&#215;2 Gaming, Barcrest, Genesis Gaming, etc. L&rsquo;abondance de divertissements est impressionnante: des machines pour tous les go\u00fbts des plus grandes marques offrent la bonne vari\u00e9t\u00e9 de loisirs, offrant de faire le meilleur choix. Un secteur important du menu sont les machines \u00e0 sous vid\u00e9o. Les machines \u00e0 sous avec des r\u00e8gles simples et des algorithmes clairs attirent l&rsquo;attention par des caract\u00e8res sp\u00e9ciaux, des mini-tours suppl\u00e9mentaires, des options originales et des \u00e9l\u00e9ments interactifs.<\/p>\n<p>Pr\u00e9sent\u00e9 des machines \u00e0 sous nouvelles et classiques populaires &#8211; \u00ab\u00a0jeu en ligne\u00a0\u00bb, machines \u00e0 sous. Par ailleurs, il convient de mentionner les mod\u00e8les \u00e0 paiement progressif: un jackpot accumul\u00e9 en croissance constante est un excellent leurre pour les professionnels et les chasseurs de fortune d\u00e9butants. \u00c0 ne pas manquer et connaisseurs de machines \u00e0 cartes: vid\u00e9o poker, <a href=\"https:\/\/mrgreencasinos.com\/fr\/blackjack\/\">blackjack<\/a>, baccarat et autres jeux de cartes de r\u00e8gles MR Green casino sont pr\u00e9sent\u00e9s dans des modifications fascinantes &#8211; les fabricants font preuve d&rsquo;une approche cr\u00e9ative dans la cr\u00e9ation de produits. <a href=\"https:\/\/mrgreencasinos.com\/fr\/roulette\/\">Roulette<\/a> pr\u00e9sent\u00e9e dans les vari\u00e9t\u00e9s populaires, les loteries, les cartes \u00e0 gratter.<\/p>\n<p>Le club MR Green organise r\u00e9guli\u00e8rement des tournois th\u00e9matiques avec des prix impressionnants. Les machines \u00e0 sous sont ex\u00e9cut\u00e9es sans risque et paris &#8211; dans une version de d\u00e9monstration. Cela vous permet d&rsquo;apprendre, d&rsquo;augmenter le niveau de comp\u00e9tences et d&rsquo;identifier les nuances d&rsquo;un jeu particulier.<\/p>\n<h2>Jouez gratuitement \u00e0 MR Green sans inscription<\/h2>\n<p>Lors de l&rsquo;inscription, les nouveaux joueurs ne re\u00e7oivent pas de bonus de casino sans d\u00e9p\u00f4t. D&rsquo;autres types de jeux de cartes de casino en ligne MR Green et des tours gratuits sont \u00e0 leur disposition. Les clients r\u00e9guliers participent \u00e0 d&rsquo;autres promotions gratuites, y compris des tournois sans d\u00e9p\u00f4t, des tirages au sort, etc.<\/p>\n<h2><b><img loading=\"lazy\" decoding=\"async\" class=\" wp-image-480 aligncenter\" src=\"https:\/\/mrgreencasinos.com\/wp-content\/uploads\/2022\/06\/maxresdefault-14-300x169.jpg\" alt=\"card games mr green\" width=\"699\" height=\"394\" srcset=\"https:\/\/mrgreencasinos.com\/wp-content\/uploads\/2022\/06\/maxresdefault-14-300x169.jpg 300w, https:\/\/mrgreencasinos.com\/wp-content\/uploads\/2022\/06\/maxresdefault-14-1024x576.jpg 1024w, https:\/\/mrgreencasinos.com\/wp-content\/uploads\/2022\/06\/maxresdefault-14-768x432.jpg 768w, https:\/\/mrgreencasinos.com\/wp-content\/uploads\/2022\/06\/maxresdefault-14-720x405.jpg 720w, https:\/\/mrgreencasinos.com\/wp-content\/uploads\/2022\/06\/maxresdefault-14.jpg 1280w\" sizes=\"auto, (max-width: 699px) 100vw, 699px\" \/><\/b><\/h2>\n<h2>Commodit\u00e9s et fonctionnalit\u00e9s de jeu<\/h2>\n<p>Afin de jouer pour des paris, vous devez vous jumeler. MR Green resource offre une large gamme de m\u00e9thodes de d\u00e9p\u00f4t\/retrait. Parmi eux &#8211; cartes \u00e9lectroniques, syst\u00e8mes de paiement, virement bancaire. Si vous avez la chance de gagner une grosse somme, MR Green effectuera des retraits en plusieurs versements. Le processus d&rsquo;obtention de gains solides n\u00e9cessitera une preuve d&rsquo;identit\u00e9. Les activit\u00e9s de MR Green sont conformes aux normes l\u00e9gislatives. Des contr\u00f4les r\u00e9guliers effectu\u00e9s par des cabinets d&rsquo;audit de premier plan garantissent la loyaut\u00e9 du jeu.<\/p>\n<div class=\"t-go\"><a href=\"\/go-casino\/?brand=mrgreen\">BONUS DE R\u00c9CLAMATION<\/a><\/div>\n<h2>Tournois et courses<\/h2>\n<p>Le casino organise des tournois r\u00e9guliers et occasionnels. Il peut y avoir des jeux de cartes pour de l&rsquo;argent r\u00e9el MR Green ou d&rsquo;autres prix en jeu. Les r\u00e8gles de participation \u00e0 ces \u00e9v\u00e9nements doivent \u00eatre sp\u00e9cifi\u00e9es s\u00e9par\u00e9ment pour chaque comp\u00e9tition.<\/p>\n<p>Le portail organise \u00e9galement des tirages de loterie et d&rsquo;autres promotions de formats similaires.<\/p>\n<h2>Club VIP : privil\u00e8ges et programme de fid\u00e9lit\u00e9<\/h2>\n<p>Vous pouvez en savoir plus sur le syst\u00e8me d&rsquo;incitations pour les joueurs fid\u00e8les de MR Green sur le site Web. Les clients VIP ont acc\u00e8s \u00e0 un niveau de service sp\u00e9cial, des bonus personnels, des promotions sp\u00e9ciales, les services de gestionnaires personnels et d&rsquo;autres privil\u00e8ges.<\/p>\n<h2>Conclusion<\/h2>\n<p>L&rsquo;avantage du casino est un design moderne et \u00e9l\u00e9gant, une abondance d&rsquo;offres de jeux et de bonus, un contr\u00f4le s\u00e9rieux de l&rsquo;honn\u00eatet\u00e9, un support technique r\u00e9actif. Les acteurs ne peuvent appr\u00e9cier l&rsquo;attractivit\u00e9 de la ressource que s&rsquo;ils disposent d&rsquo;une bonne capacit\u00e9 financi\u00e8re &#8211; la conversion des fonds n\u00e9cessite un co\u00fbt. Il vaut la peine d&rsquo;esp\u00e9rer une expansion progressive des services qui apportera certainement \u00e0 MR Green une vague de popularit\u00e9 et de nouveaux clients.<\/p>\n","protected":false},"excerpt":{"rendered":"<p>Jouer en ligne est fascinant et attrayant &#8211; vous ne pouvez pas contester cette affirmation\u00a0! Reste \u00e0 trouver un casino [&hellip;]<\/p>\n","protected":false},"author":1,"featured_media":0,"parent":0,"menu_order":0,"comment_status":"closed","ping_status":"closed","template":"page-templates\/template_fullwidth.php","meta":{"footnotes":""},"class_list":["post-483","page","type-page","status-publish","hentry"],"acf":[],"yoast_head":"<!-- This site is optimized with the Yoast SEO plugin v17.9 - https:\/\/yoast.com\/wordpress\/plugins\/seo\/ -->\n<title>Jouez aux jeux de cartes | M. Green Casino | R\u00e9clamez votre bonus<\/title>\n<meta name=\"description\" content=\"Dans le casino en direct de Mr Green, vous jouez en ligne avec des croupiers professionnels en direct sur les jeux de cartes\" \/>\n<meta name=\"robots\" content=\"index, follow, max-snippet:-1, max-image-preview:large, max-video-preview:-1\" \/>\n<link rel=\"canonical\" href=\"https:\/\/mrgreencasinos.com\/fr\/card-games\/\" \/>\n<meta property=\"og:type\" content=\"article\" \/>\n<meta property=\"og:title\" content=\"Jouez aux jeux de cartes | M. Green Casino | R\u00e9clamez votre bonus\" \/>\n<meta property=\"og:description\" content=\"Dans le casino en direct de Mr Green, vous jouez en ligne avec des croupiers professionnels en direct sur les jeux de cartes\" \/>\n<meta property=\"og:url\" content=\"https:\/\/mrgreencasinos.com\/fr\/card-games\/\" \/>\n<meta property=\"og:site_name\" content=\"Casino MR Green\" \/>\n<meta property=\"article:modified_time\" content=\"2022-07-21T14:44:39+00:00\" \/>\n<meta property=\"og:image\" content=\"https:\/\/mrgreencasinos.com\/wp-content\/uploads\/2022\/06\/MrGreen-gives-you-a-chance-to-win-a-share-of-E10000-300x169.jpg\" \/>\n<meta name=\"twitter:card\" content=\"summary_large_image\" \/>\n<meta name=\"twitter:label1\" content=\"Dur\u00e9e de lecture estim\u00e9e\" \/>\n\t<meta name=\"twitter:data1\" content=\"5 minutes\" \/>\n<script type=\"application\/ld+json\" class=\"yoast-schema-graph\">{\"@context\":\"https:\/\/schema.org\",\"@graph\":[{\"@type\":\"WebSite\",\"@id\":\"https:\/\/mrgreencasinos.com\/#website\",\"url\":\"https:\/\/mrgreencasinos.com\/\",\"name\":\"Casino MR Green\",\"description\":\"\",\"potentialAction\":[{\"@type\":\"SearchAction\",\"target\":{\"@type\":\"EntryPoint\",\"urlTemplate\":\"https:\/\/mrgreencasinos.com\/?s={search_term_string}\"},\"query-input\":\"required name=search_term_string\"}],\"inLanguage\":\"fr-FR\"},{\"@type\":\"ImageObject\",\"@id\":\"https:\/\/mrgreencasinos.com\/fr\/card-games\/#primaryimage\",\"inLanguage\":\"fr-FR\",\"url\":\"https:\/\/mrgreencasinos.com\/wp-content\/uploads\/2022\/06\/MrGreen-gives-you-a-chance-to-win-a-share-of-E10000.jpg\",\"contentUrl\":\"https:\/\/mrgreencasinos.com\/wp-content\/uploads\/2022\/06\/MrGreen-gives-you-a-chance-to-win-a-share-of-E10000.jpg\",\"width\":872,\"height\":491,\"caption\":\"card games\"},{\"@type\":\"WebPage\",\"@id\":\"https:\/\/mrgreencasinos.com\/fr\/card-games\/#webpage\",\"url\":\"https:\/\/mrgreencasinos.com\/fr\/card-games\/\",\"name\":\"Jouez aux jeux de cartes | M. Green Casino | R\\u00e9clamez votre bonus\",\"isPartOf\":{\"@id\":\"https:\/\/mrgreencasinos.com\/#website\"},\"primaryImageOfPage\":{\"@id\":\"https:\/\/mrgreencasinos.com\/fr\/card-games\/#primaryimage\"},\"datePublished\":\"2022-06-15T10:16:24+00:00\",\"dateModified\":\"2022-07-21T14:44:39+00:00\",\"description\":\"Dans le casino en direct de Mr Green, vous jouez en ligne avec des croupiers professionnels en direct sur les jeux de cartes\",\"breadcrumb\":{\"@id\":\"https:\/\/mrgreencasinos.com\/fr\/card-games\/#breadcrumb\"},\"inLanguage\":\"fr-FR\",\"potentialAction\":[{\"@type\":\"ReadAction\",\"target\":[\"https:\/\/mrgreencasinos.com\/fr\/card-games\/\"]}]},{\"@type\":\"BreadcrumbList\",\"@id\":\"https:\/\/mrgreencasinos.com\/fr\/card-games\/#breadcrumb\",\"itemListElement\":[{\"@type\":\"ListItem\",\"position\":1,\"name\":\"Home\",\"item\":\"https:\/\/mrgreencasinos.com\/fr\/review-of-the-official-mr-green-website\/\"},{\"@type\":\"ListItem\",\"position\":2,\"name\":\"Salle de jeu fiable pour les jeux en ligne\"}]}]}<\/script>\n<!-- \/ Yoast SEO plugin. -->","yoast_head_json":{"title":"Jouez aux jeux de cartes | M. Green Casino | R\u00e9clamez votre bonus","description":"Dans le casino en direct de Mr Green, vous jouez en ligne avec des croupiers professionnels en direct sur les jeux de cartes","robots":{"index":"index","follow":"follow","max-snippet":"max-snippet:-1","max-image-preview":"max-image-preview:large","max-video-preview":"max-video-preview:-1"},"canonical":"https:\/\/mrgreencasinos.com\/fr\/card-games\/","og_type":"article","og_title":"Jouez aux jeux de cartes | M. Green Casino | R\u00e9clamez votre bonus","og_description":"Dans le casino en direct de Mr Green, vous jouez en ligne avec des croupiers professionnels en direct sur les jeux de cartes","og_url":"https:\/\/mrgreencasinos.com\/fr\/card-games\/","og_site_name":"Casino MR Green","article_modified_time":"2022-07-21T14:44:39+00:00","og_image":[{"url":"https:\/\/mrgreencasinos.com\/wp-content\/uploads\/2022\/06\/MrGreen-gives-you-a-chance-to-win-a-share-of-E10000-300x169.jpg"}],"twitter_card":"summary_large_image","twitter_misc":{"Dur\u00e9e de lecture estim\u00e9e":"5 minutes"},"schema":{"@context":"https:\/\/schema.org","@graph":[{"@type":"WebSite","@id":"https:\/\/mrgreencasinos.com\/#website","url":"https:\/\/mrgreencasinos.com\/","name":"Casino MR Green","description":"","potentialAction":[{"@type":"SearchAction","target":{"@type":"EntryPoint","urlTemplate":"https:\/\/mrgreencasinos.com\/?s={search_term_string}"},"query-input":"required name=search_term_string"}],"inLanguage":"fr-FR"},{"@type":"ImageObject","@id":"https:\/\/mrgreencasinos.com\/fr\/card-games\/#primaryimage","inLanguage":"fr-FR","url":"https:\/\/mrgreencasinos.com\/wp-content\/uploads\/2022\/06\/MrGreen-gives-you-a-chance-to-win-a-share-of-E10000.jpg","contentUrl":"https:\/\/mrgreencasinos.com\/wp-content\/uploads\/2022\/06\/MrGreen-gives-you-a-chance-to-win-a-share-of-E10000.jpg","width":872,"height":491,"caption":"card games"},{"@type":"WebPage","@id":"https:\/\/mrgreencasinos.com\/fr\/card-games\/#webpage","url":"https:\/\/mrgreencasinos.com\/fr\/card-games\/","name":"Jouez aux jeux de cartes | M. Green Casino | R\u00e9clamez votre bonus","isPartOf":{"@id":"https:\/\/mrgreencasinos.com\/#website"},"primaryImageOfPage":{"@id":"https:\/\/mrgreencasinos.com\/fr\/card-games\/#primaryimage"},"datePublished":"2022-06-15T10:16:24+00:00","dateModified":"2022-07-21T14:44:39+00:00","description":"Dans le casino en direct de Mr Green, vous jouez en ligne avec des croupiers professionnels en direct sur les jeux de cartes","breadcrumb":{"@id":"https:\/\/mrgreencasinos.com\/fr\/card-games\/#breadcrumb"},"inLanguage":"fr-FR","potentialAction":[{"@type":"ReadAction","target":["https:\/\/mrgreencasinos.com\/fr\/card-games\/"]}]},{"@type":"BreadcrumbList","@id":"https:\/\/mrgreencasinos.com\/fr\/card-games\/#breadcrumb","itemListElement":[{"@type":"ListItem","position":1,"name":"Home","item":"https:\/\/mrgreencasinos.com\/fr\/review-of-the-official-mr-green-website\/"},{"@type":"ListItem","position":2,"name":"Salle de jeu fiable pour les jeux en ligne"}]}]}},"_links":{"self":[{"href":"https:\/\/mrgreencasinos.com\/fr\/wp-json\/wp\/v2\/pages\/483","targetHints":{"allow":["GET"]}}],"collection":[{"href":"https:\/\/mrgreencasinos.com\/fr\/wp-json\/wp\/v2\/pages"}],"about":[{"href":"https:\/\/mrgreencasinos.com\/fr\/wp-json\/wp\/v2\/types\/page"}],"author":[{"embeddable":true,"href":"https:\/\/mrgreencasinos.com\/fr\/wp-json\/wp\/v2\/users\/1"}],"replies":[{"embeddable":true,"href":"https:\/\/mrgreencasinos.com\/fr\/wp-json\/wp\/v2\/comments?post=483"}],"version-history":[{"count":5,"href":"https:\/\/mrgreencasinos.com\/fr\/wp-json\/wp\/v2\/pages\/483\/revisions"}],"predecessor-version":[{"id":656,"href":"https:\/\/mrgreencasinos.com\/fr\/wp-json\/wp\/v2\/pages\/483\/revisions\/656"}],"wp:attachment":[{"href":"https:\/\/mrgreencasinos.com\/fr\/wp-json\/wp\/v2\/media?parent=483"}],"curies":[{"name":"wp","href":"https:\/\/api.w.org\/{rel}","templated":true}]}}