{"id":682,"date":"2022-08-05T06:56:08","date_gmt":"2022-08-05T06:56:08","guid":{"rendered":"https:\/\/mrgreencasinos.com\/?page_id=682"},"modified":"2022-08-08T15:10:34","modified_gmt":"2022-08-08T15:10:34","slug":"new-games","status":"publish","type":"page","link":"https:\/\/mrgreencasinos.com\/fr\/new-games\/","title":{"rendered":"Nouveaux jeux"},"content":{"rendered":"<p><img loading=\"lazy\" decoding=\"async\" class=\"alignleft wp-image-677 size-thumbnail\" src=\"https:\/\/mrgreencasinos.com\/wp-content\/uploads\/2022\/08\/mr-green-logo-150x150.png\" alt=\"mr green logo\" width=\"150\" height=\"150\" srcset=\"https:\/\/mrgreencasinos.com\/wp-content\/uploads\/2022\/08\/mr-green-logo-150x150.png 150w, https:\/\/mrgreencasinos.com\/wp-content\/uploads\/2022\/08\/mr-green-logo-360x360.png 360w\" sizes=\"auto, (max-width: 150px) 100vw, 150px\" \/>Les machines \u00e0 sous des casinos en ligne sont disponibles 24 heures sur 24. Les d\u00e9veloppeurs de machines \u00e0 sous essaient de plaire aux utilisateurs avec des nouveaut\u00e9s de qualit\u00e9, ils travaillent donc sur les graphiques. \u00c9tant donn\u00e9 que les machines du <a href=\"https:\/\/mrgreencasinos.com\/fr\/\">casino en ligne Mr Green<\/a> ont pr\u00e9sent\u00e9 un grand nombre, il est important de d\u00e9composer leurs types.<\/p>\n<h2>Classification des machines \u00e0 sous<\/h2>\n<p>Les machines en ligne sont d\u00e9di\u00e9es \u00e0 diff\u00e9rents sujets et diff\u00e8rent dans l&rsquo;interface. Les d\u00e9veloppeurs publient de nouveaux jeux qui peuvent ne pas ressembler \u00e0 tout le reste. Mr Green nouveaux jeux de casino gratuits apr\u00e8s inscription. Pour organiser toute cette liste dans le catalogue, il est important de faire une division. Les principaux types sont:<\/p>\n<ul>\n<li>machines \u00e0 sous vid\u00e9o;<\/li>\n<li>pont;<\/li>\n<li>dessus de table;<\/li>\n<li>arcade;<\/li>\n<li>poker;<\/li>\n<li>bingo;<\/li>\n<li>Keno.<\/li>\n<\/ul>\n<p>Ci-dessus n&rsquo;est pas une liste compl\u00e8te des jeux de hasard qui sont disponibles dans les casinos en ligne Mr Green. Les options de carte sont si nombreuses qu&rsquo;elles devraient consacrer une section distincte.<\/p>\n<div class=\"t-go\"><a href=\"\/go-casino\/?brand=mrgreen\">BONUS DE R\u00c9CLAMATION<\/a><\/div>\n<h2>Machines \u00e0 sous vid\u00e9o<\/h2>\n<p>Une machine \u00e0 sous vid\u00e9o est une machine \u00e0 sous qui pr\u00e9sente un tambour. L&rsquo;utilisateur est capable de le faire tourner et de faire des paris. Dans un casino ordinaire, vous pouvez trouver des dizaines de machines \u00e0 sous diff\u00e9rentes, mais cela ne se compare pas \u00e0 la grande vari\u00e9t\u00e9 de machines \u00e0 sous en ligne qui sont d\u00e9velopp\u00e9es quotidiennement pour les casinos en ligne du monde entier. Comme nous l&rsquo;avons mentionn\u00e9 pr\u00e9c\u00e9demment, le nombre d&#8217;emplacements est si important que vous n&rsquo;avez tout simplement pas assez de temps pour tous les essayer. Les nouveaux jeux de casino en ligne Mr Green peuvent \u00eatre essay\u00e9s sur le site Web. Les machines \u00e0 sous vid\u00e9o sont chaudes et froides, et il y a une diff\u00e9rence de th\u00e8me:<\/p>\n<ul>\n<li>Espace;<\/li>\n<li>Voyage;<\/li>\n<li>Egypte.<\/li>\n<\/ul>\n<p>Jouer aux machines \u00e0 sous vid\u00e9o n\u00e9cessite un d\u00e9p\u00f4t. Lorsque vous ouvrez la machine, vous avez la possibilit\u00e9 d&rsquo;apprendre les r\u00e8gles. Le joueur est montr\u00e9 les conditions dans lesquelles il est garanti un revenu.<\/p>\n<h2>Pont<\/h2>\n<p>L&rsquo;un des meilleurs jeux de cartes intellectuels consid\u00e8re bridge. Le jeu peut \u00eatre pour une ou plusieurs paires. Un deck s&rsquo;affiche \u00e0 l&rsquo;\u00e9cran, et vous pouvez choisir des fonctions:<\/p>\n<ul>\n<li>reddition;<\/li>\n<li>pari;<\/li>\n<li>passer;<\/li>\n<li>ouverture.<\/li>\n<\/ul>\n<p>Le commerce est \u00e9galement autoris\u00e9 sur le pont. Ceci est n\u00e9cessaire pour obtenir des cartes de la couleur souhait\u00e9e. Dans la machine \u00e0 sous, ils sont affich\u00e9s dans un ordre al\u00e9atoire. Jouez aux nouveaux jeux de casino Mr Green d\u00e8s maintenant sur le site.<\/p>\n<h2>Dessus de Table<\/h2>\n<p>Les jeux de table dans les casinos en ligne peuvent \u00eatre simples ou doubles. La roulette est consid\u00e9r\u00e9e comme l&rsquo;option la plus int\u00e9ressante. Un autre des jeux de casino les plus populaires est la roulette classique. C&rsquo;est un jeu simple avec des r\u00e8gles simples qui sont rest\u00e9es \u00e0 l&rsquo;avant-garde des jeux de casino les plus c\u00e9l\u00e8bres pendant des si\u00e8cles. Avant que le croupier ne commence \u00e0 faire tourner la \u00ab\u00a0roue\u00a0\u00bb, un joueur peut parier sur le rouge ou le noir, pair ou impair, n&rsquo;importe quel nombre, voire plus. Le gagnant est celui sur la ligne duquel obtiendra la balle, s&rsquo;arr\u00eatant pour tourner. Il existe plusieurs types de roulette en ligne:<\/p>\n<ul>\n<li>Norme;<\/li>\n<li>Europe;<\/li>\n<li>France.<\/li>\n<\/ul>\n<p>La diff\u00e9rence entre la norme, l&rsquo;Europe et la France r\u00e9side dans le nombre de cellules disponibles. Pour les utilisateurs, la roulette standard est consid\u00e9r\u00e9e comme famili\u00e8re. Dans le jeu, il est possible de parier sur un nombre ou une couleur. Les gains les plus \u00e9lev\u00e9s qu&rsquo;une personne peut obtenir sont si la balle touche z\u00e9ro. Les nouveaux jeux de casino en direct de M. Green en permanence avec acc\u00e8s en ligne.<\/p>\n<h2>Arcade<\/h2>\n<p>Les jeux les plus dynamiques des casinos en ligne sont les jeux d&rsquo;arcade. Leur essence est de rivaliser avec d&rsquo;autres joueurs. Il peut s&rsquo;agir d&rsquo;une bataille sportive ou d&rsquo;une course. Pour gagner, vous devez montrer le meilleur r\u00e9sultat. Pour le faire sur la bonne voie, il est important de passer en premier.<\/p>\n<p>Si nous parlons de sport, le temps final est pris en compte. Les arcades sont faites avec des conceptions diff\u00e9rentes. Il existe des dessins anim\u00e9s et des versions r\u00e9alistes.<\/p>\n<div class=\"t-go\"><a href=\"\/go-casino\/?brand=mrgreen\">BONUS DE R\u00c9CLAMATION<\/a><\/div>\n<h2>Poker<\/h2>\n<p><img loading=\"lazy\" decoding=\"async\" class=\"size-medium wp-image-679 alignright\" src=\"https:\/\/mrgreencasinos.com\/wp-content\/uploads\/2022\/08\/mr-green-99x300.png\" alt=\"mr green\" width=\"99\" height=\"300\" srcset=\"https:\/\/mrgreencasinos.com\/wp-content\/uploads\/2022\/08\/mr-green-99x300.png 99w, https:\/\/mrgreencasinos.com\/wp-content\/uploads\/2022\/08\/mr-green-338x1024.png 338w, https:\/\/mrgreencasinos.com\/wp-content\/uploads\/2022\/08\/mr-green.png 462w\" sizes=\"auto, (max-width: 99px) 100vw, 99px\" \/>Dans les casinos en ligne, le poker est en demande, car c&rsquo;est l&rsquo;un des jeux de cartes les plus populaires. Beaucoup de gens le savent dans les films. Aujourd&rsquo;hui, le poker est le jeu de cartes le plus populaire au monde. Les r\u00e8gles du jeu ne semblent compliqu\u00e9es qu&rsquo;\u00e0 premi\u00e8re vue, mais la seule chose que vous devez apprendre est une combinaison de cartes, ou plut\u00f4t laquelle d&rsquo;entre elles est plus ancienne que les autres. Cependant, vous ne pouvez pas appeler le poker un jeu simple, non plus. Malgr\u00e9 les r\u00e8gles simples, cela oblige le joueur \u00e0 se concentrer autant que possible, \u00e0 avoir une strat\u00e9gie claire et \u00e0 comprendre la psychologie des autres joueurs. Le poker est une sorte d &lsquo;\u00a0\u00bb\u00e9checs\u00a0\u00bb parmi d&rsquo;autres jeux de cartes. Des centaines de livres sont \u00e9crits \u00e0 ce sujet, et le nombre de ses fans est m\u00eame difficile \u00e0 imaginer.<\/p>\n<p>La popularit\u00e9 du poker a consid\u00e9rablement augment\u00e9 depuis le d\u00e9but du 20e si\u00e8cle, et aujourd&rsquo;hui, il existe de nombreux \u00e9v\u00e9nements et tournois de poker \u00e0 travers le monde avec des prix de plusieurs millions de dollars. Le poker peut \u00eatre jou\u00e9 dans les casinos en ligne pour de l&rsquo;argent ou gratuitement, et vous pouvez choisir des tables avec de vrais joueurs et vous essayer \u00e0 un jeu d&rsquo;entra\u00eenement o\u00f9 l&rsquo;ordinateur est votre adversaire. Dans la salle en direct, vous pouvez choisir une machine \u00e0 sous appropri\u00e9e et commencer le jeu. Les nouveaux jeux de casino en direct de Mr Green ont \u00e9t\u00e9 d\u00e9plac\u00e9s sur le site. Versions disponibles:<\/p>\n<ul>\n<li>Poker virtuel.<\/li>\n<li>Avec un croupier en direct en ligne.<\/li>\n<\/ul>\n<p>Lorsque l&rsquo;on consid\u00e8re le poker virtuel, l&rsquo;\u00e9cran affiche de mani\u00e8re compacte tous les \u00e9l\u00e9ments essentiels. Les cartes des adversaires sont cach\u00e9es, mais il est possible d&rsquo;observer le deal. Le poker avec un croupier en direct semble plus actif, l&rsquo;esprit du casino se fait sentir. Gr\u00e2ce \u00e0 la webcam, vous pouvez faire pour les r\u00e9actions des adversaires. L&rsquo;objectif principal est de collecter le meilleur. Lorsque le poker virtuel est consid\u00e9r\u00e9, l&rsquo;\u00e9cran affiche de mani\u00e8re compacte tous les \u00e9l\u00e9ments essentiels. Les cartes de l&rsquo;adversaire sont cach\u00e9es, mais il est possible d&rsquo;observer le deal. Le poker avec un croupier en direct semble plus actif et l&rsquo;esprit du casino se fait sentir. Gr\u00e2ce \u00e0 la webcam, vous pouvez faire pour les r\u00e9actions des adversaires. La t\u00e2che principale est de collecter la meilleure combinaison. Pour ce faire, vous devrez organiser correctement les ench\u00e8res.<\/p>\n<p>Il y a un grand nombre de strat\u00e9gies remarqu\u00e9es dans le jeu de club. Vous pouvez apprendre des films que les cartes comptent vraiment. Une strat\u00e9gie courante est la strat\u00e9gie math\u00e9matique des attentes. Il est important d&rsquo;observer quelles cartes sont d\u00e9j\u00e0 sorties du jeu. Mr Green new casino games <a href=\"https:\/\/mrgreencasinos.com\/fr\/no-deposit-bonus\/\">bonus sans d\u00e9p\u00f4t<\/a> vous aidera \u00e0 gagner d\u00e8s maintenant.<\/p>\n<h2>Bingo<\/h2>\n<p>Il y a encore des amateurs de bingo dans les casinos en ligne. Malgr\u00e9 le fait que le jeu soit consid\u00e9r\u00e9 comme obsol\u00e8te, il est toujours amusant et vous pouvez y gagner beaucoup d&rsquo;argent. Le fait est que le joueur re\u00e7oit un ticket. Les num\u00e9ros sont marqu\u00e9s dessus, et quand ils tombent sur la bobine, vous pouvez les rayer.<\/p>\n<p>Dans les casinos en ligne, vous pouvez trouver du bingo britannique et am\u00e9ricain classique. La diff\u00e9rence r\u00e9side dans le nombre de boules de nombre qui tombent. Comme dans le cas du poker, le jeu peut \u00eatre virtuel ou avec un vrai croupier. Mr Green nouveaux jeux de casino t\u00e9l\u00e9chargement gratuit peut \u00eatre sur notre site. Le nombre de joueurs n&rsquo;est pas limit\u00e9.<\/p>\n","protected":false},"excerpt":{"rendered":"<p>Les machines \u00e0 sous des casinos en ligne sont disponibles 24 heures sur 24. Les d\u00e9veloppeurs de machines \u00e0 sous [&hellip;]<\/p>\n","protected":false},"author":1,"featured_media":0,"parent":0,"menu_order":0,"comment_status":"closed","ping_status":"closed","template":"","meta":{"footnotes":""},"class_list":["post-682","page","type-page","status-publish","hentry"],"acf":[],"yoast_head":"<!-- This site is optimized with the Yoast SEO plugin v17.9 - https:\/\/yoast.com\/wordpress\/plugins\/seo\/ -->\n<title>Nouveaux Jeux de Casino | Jouez \u00e0 Nos Derni\u00e8res Versions | Mr Green<\/title>\n<meta name=\"description\" content=\"Rejoignez Mr Green aujourd&#039;hui et jouez \u00e0 notre s\u00e9lection de nouveaux jeux de casino. Ne manquez jamais l&#039;une des derni\u00e8res versions de machines \u00e0 sous et jouez aux jeux les plus excitants disponibles\" \/>\n<meta name=\"robots\" content=\"index, follow, max-snippet:-1, max-image-preview:large, max-video-preview:-1\" \/>\n<link rel=\"canonical\" href=\"https:\/\/mrgreencasinos.com\/fr\/new-games\/\" \/>\n<meta property=\"og:type\" content=\"article\" \/>\n<meta property=\"og:title\" content=\"Nouveaux Jeux de Casino | Jouez \u00e0 Nos Derni\u00e8res Versions | Mr Green\" \/>\n<meta property=\"og:description\" content=\"Rejoignez Mr Green aujourd&#039;hui et jouez \u00e0 notre s\u00e9lection de nouveaux jeux de casino. Ne manquez jamais l&#039;une des derni\u00e8res versions de machines \u00e0 sous et jouez aux jeux les plus excitants disponibles\" \/>\n<meta property=\"og:url\" content=\"https:\/\/mrgreencasinos.com\/fr\/new-games\/\" \/>\n<meta property=\"og:site_name\" content=\"Casino MR Green\" \/>\n<meta property=\"article:modified_time\" content=\"2022-08-08T15:10:34+00:00\" \/>\n<meta property=\"og:image\" content=\"https:\/\/mrgreencasinos.com\/wp-content\/uploads\/2022\/08\/mr-green-logo-150x150.png\" \/>\n<meta name=\"twitter:card\" content=\"summary_large_image\" \/>\n<meta name=\"twitter:label1\" content=\"Dur\u00e9e de lecture estim\u00e9e\" \/>\n\t<meta name=\"twitter:data1\" content=\"6 minutes\" \/>\n<script type=\"application\/ld+json\" class=\"yoast-schema-graph\">{\"@context\":\"https:\/\/schema.org\",\"@graph\":[{\"@type\":\"WebSite\",\"@id\":\"https:\/\/mrgreencasinos.com\/#website\",\"url\":\"https:\/\/mrgreencasinos.com\/\",\"name\":\"Casino MR Green\",\"description\":\"\",\"potentialAction\":[{\"@type\":\"SearchAction\",\"target\":{\"@type\":\"EntryPoint\",\"urlTemplate\":\"https:\/\/mrgreencasinos.com\/?s={search_term_string}\"},\"query-input\":\"required name=search_term_string\"}],\"inLanguage\":\"fr-FR\"},{\"@type\":\"ImageObject\",\"@id\":\"https:\/\/mrgreencasinos.com\/fr\/new-games\/#primaryimage\",\"inLanguage\":\"fr-FR\",\"url\":\"https:\/\/mrgreencasinos.com\/wp-content\/uploads\/2022\/08\/mr-green-logo.png\",\"contentUrl\":\"https:\/\/mrgreencasinos.com\/wp-content\/uploads\/2022\/08\/mr-green-logo.png\",\"width\":961,\"height\":998,\"caption\":\"mr green logo\"},{\"@type\":\"WebPage\",\"@id\":\"https:\/\/mrgreencasinos.com\/fr\/new-games\/#webpage\",\"url\":\"https:\/\/mrgreencasinos.com\/fr\/new-games\/\",\"name\":\"Nouveaux Jeux de Casino | Jouez \\u00e0 Nos Derni\\u00e8res Versions | Mr Green\",\"isPartOf\":{\"@id\":\"https:\/\/mrgreencasinos.com\/#website\"},\"primaryImageOfPage\":{\"@id\":\"https:\/\/mrgreencasinos.com\/fr\/new-games\/#primaryimage\"},\"datePublished\":\"2022-08-05T06:56:08+00:00\",\"dateModified\":\"2022-08-08T15:10:34+00:00\",\"description\":\"Rejoignez Mr Green aujourd'hui et jouez \\u00e0 notre s\\u00e9lection de nouveaux jeux de casino. Ne manquez jamais l'une des derni\\u00e8res versions de machines \\u00e0 sous et jouez aux jeux les plus excitants disponibles\",\"breadcrumb\":{\"@id\":\"https:\/\/mrgreencasinos.com\/fr\/new-games\/#breadcrumb\"},\"inLanguage\":\"fr-FR\",\"potentialAction\":[{\"@type\":\"ReadAction\",\"target\":[\"https:\/\/mrgreencasinos.com\/fr\/new-games\/\"]}]},{\"@type\":\"BreadcrumbList\",\"@id\":\"https:\/\/mrgreencasinos.com\/fr\/new-games\/#breadcrumb\",\"itemListElement\":[{\"@type\":\"ListItem\",\"position\":1,\"name\":\"Home\",\"item\":\"https:\/\/mrgreencasinos.com\/fr\/review-of-the-official-mr-green-website\/\"},{\"@type\":\"ListItem\",\"position\":2,\"name\":\"Nouveaux jeux\"}]}]}<\/script>\n<!-- \/ Yoast SEO plugin. -->","yoast_head_json":{"title":"Nouveaux Jeux de Casino | Jouez \u00e0 Nos Derni\u00e8res Versions | Mr Green","description":"Rejoignez Mr Green aujourd'hui et jouez \u00e0 notre s\u00e9lection de nouveaux jeux de casino. Ne manquez jamais l'une des derni\u00e8res versions de machines \u00e0 sous et jouez aux jeux les plus excitants disponibles","robots":{"index":"index","follow":"follow","max-snippet":"max-snippet:-1","max-image-preview":"max-image-preview:large","max-video-preview":"max-video-preview:-1"},"canonical":"https:\/\/mrgreencasinos.com\/fr\/new-games\/","og_type":"article","og_title":"Nouveaux Jeux de Casino | Jouez \u00e0 Nos Derni\u00e8res Versions | Mr Green","og_description":"Rejoignez Mr Green aujourd'hui et jouez \u00e0 notre s\u00e9lection de nouveaux jeux de casino. Ne manquez jamais l'une des derni\u00e8res versions de machines \u00e0 sous et jouez aux jeux les plus excitants disponibles","og_url":"https:\/\/mrgreencasinos.com\/fr\/new-games\/","og_site_name":"Casino MR Green","article_modified_time":"2022-08-08T15:10:34+00:00","og_image":[{"url":"https:\/\/mrgreencasinos.com\/wp-content\/uploads\/2022\/08\/mr-green-logo-150x150.png"}],"twitter_card":"summary_large_image","twitter_misc":{"Dur\u00e9e de lecture estim\u00e9e":"6 minutes"},"schema":{"@context":"https:\/\/schema.org","@graph":[{"@type":"WebSite","@id":"https:\/\/mrgreencasinos.com\/#website","url":"https:\/\/mrgreencasinos.com\/","name":"Casino MR Green","description":"","potentialAction":[{"@type":"SearchAction","target":{"@type":"EntryPoint","urlTemplate":"https:\/\/mrgreencasinos.com\/?s={search_term_string}"},"query-input":"required name=search_term_string"}],"inLanguage":"fr-FR"},{"@type":"ImageObject","@id":"https:\/\/mrgreencasinos.com\/fr\/new-games\/#primaryimage","inLanguage":"fr-FR","url":"https:\/\/mrgreencasinos.com\/wp-content\/uploads\/2022\/08\/mr-green-logo.png","contentUrl":"https:\/\/mrgreencasinos.com\/wp-content\/uploads\/2022\/08\/mr-green-logo.png","width":961,"height":998,"caption":"mr green logo"},{"@type":"WebPage","@id":"https:\/\/mrgreencasinos.com\/fr\/new-games\/#webpage","url":"https:\/\/mrgreencasinos.com\/fr\/new-games\/","name":"Nouveaux Jeux de Casino | Jouez \u00e0 Nos Derni\u00e8res Versions | Mr Green","isPartOf":{"@id":"https:\/\/mrgreencasinos.com\/#website"},"primaryImageOfPage":{"@id":"https:\/\/mrgreencasinos.com\/fr\/new-games\/#primaryimage"},"datePublished":"2022-08-05T06:56:08+00:00","dateModified":"2022-08-08T15:10:34+00:00","description":"Rejoignez Mr Green aujourd'hui et jouez \u00e0 notre s\u00e9lection de nouveaux jeux de casino. Ne manquez jamais l'une des derni\u00e8res versions de machines \u00e0 sous et jouez aux jeux les plus excitants disponibles","breadcrumb":{"@id":"https:\/\/mrgreencasinos.com\/fr\/new-games\/#breadcrumb"},"inLanguage":"fr-FR","potentialAction":[{"@type":"ReadAction","target":["https:\/\/mrgreencasinos.com\/fr\/new-games\/"]}]},{"@type":"BreadcrumbList","@id":"https:\/\/mrgreencasinos.com\/fr\/new-games\/#breadcrumb","itemListElement":[{"@type":"ListItem","position":1,"name":"Home","item":"https:\/\/mrgreencasinos.com\/fr\/review-of-the-official-mr-green-website\/"},{"@type":"ListItem","position":2,"name":"Nouveaux jeux"}]}]}},"_links":{"self":[{"href":"https:\/\/mrgreencasinos.com\/fr\/wp-json\/wp\/v2\/pages\/682","targetHints":{"allow":["GET"]}}],"collection":[{"href":"https:\/\/mrgreencasinos.com\/fr\/wp-json\/wp\/v2\/pages"}],"about":[{"href":"https:\/\/mrgreencasinos.com\/fr\/wp-json\/wp\/v2\/types\/page"}],"author":[{"embeddable":true,"href":"https:\/\/mrgreencasinos.com\/fr\/wp-json\/wp\/v2\/users\/1"}],"replies":[{"embeddable":true,"href":"https:\/\/mrgreencasinos.com\/fr\/wp-json\/wp\/v2\/comments?post=682"}],"version-history":[{"count":6,"href":"https:\/\/mrgreencasinos.com\/fr\/wp-json\/wp\/v2\/pages\/682\/revisions"}],"predecessor-version":[{"id":833,"href":"https:\/\/mrgreencasinos.com\/fr\/wp-json\/wp\/v2\/pages\/682\/revisions\/833"}],"wp:attachment":[{"href":"https:\/\/mrgreencasinos.com\/fr\/wp-json\/wp\/v2\/media?parent=682"}],"curies":[{"name":"wp","href":"https:\/\/api.w.org\/{rel}","templated":true}]}}