{"id":693,"date":"2022-08-05T07:20:07","date_gmt":"2022-08-05T07:20:07","guid":{"rendered":"https:\/\/mrgreencasinos.com\/?page_id=693"},"modified":"2022-08-08T15:12:12","modified_gmt":"2022-08-08T15:12:12","slug":"megaways-slot","status":"publish","type":"page","link":"https:\/\/mrgreencasinos.com\/fr\/megaways-slot\/","title":{"rendered":"Megaways machine \u00e0 sous"},"content":{"rendered":"<p>Le jeu en ligne attire les utilisateurs en raison de sa vari\u00e9t\u00e9 et du processus original de passage de la f\u00eate. Les machines classiques sont de moins en moins populaires chaque jour, et \u00e0 la place, viennent plus de machines avec un ensemble des derni\u00e8res options. De tels simulateurs sont des machines \u00e0 sous avec la machine \u00e0 sous Megaways Mr Green, qui a commenc\u00e9 \u00e0 appara\u00eetre sur le march\u00e9 du jeu virtuel en 2016.<\/p>\n<p>Avec l&rsquo;\u00e9mergence des casinos en ligne et le <a href=\"https:\/\/mrgreencasinos.com\/fr\/software\/\">d\u00e9veloppement<\/a> du jeu dans le monde virtuel, il est difficile de surprendre les joueurs avec quoi que ce soit. S&rsquo;il y a longtemps, tous les jeux \u00e9taient presque identiques et ne diff\u00e9raient que par leur design et leur th\u00e8me, les fournisseurs essaient maintenant de cr\u00e9er un logiciel de jeu unique que les joueurs aimeront.<\/p>\n<p>La nouvelle machine \u00e0 sous megaways Mr Green est un nouveau concept, mais leur potentiel est ind\u00e9niable. Beaucoup pensent que cette nouveaut\u00e9 de Big Time Gaming peut surpasser Megaways, qui est \u00e9galement une innovation BTG. Ce nouveau m\u00e9canisme, qui permet aux joueurs de d\u00e9bloquer plus de symboles tout en formant des grappes correspondantes, a \u00e9t\u00e9 assez bien accueilli. Le potentiel de ce syst\u00e8me pourrait amener d&rsquo;autres d\u00e9veloppeurs \u00e0 embo\u00eeter le pas, et cela pourrait ouvrir la porte \u00e0 des jeux de machines \u00e0 sous mega-cluster encore plus diversifi\u00e9s avec des m\u00e9canismes Megaways.<\/p>\n<div class=\"t-go\"><a href=\"\/go-casino\/?brand=mrgreen\">BONUS DE R\u00c9CLAMATION<\/a><\/div>\n<p>Megaways slot casino Mr Green est disponible en ligne 24 heures sur 24. Apr\u00e8s la premi\u00e8re machine en d\u00e9cembre de cette ann\u00e9e-l\u00e0 est venu, non moins c\u00e9l\u00e8bre parmi les joueurs, simulator Bonanza, qui est pr\u00e9sent\u00e9 sur les sites Web de la plupart des op\u00e9rateurs de jeux. Malgr\u00e9 la sortie de dizaines d&rsquo;autres jeux similaires, la machine Bonanza reste l&rsquo;une des plus populaires parmi les joueurs du monde entier. Vous pouvez y jouer non seulement pour de l&rsquo;argent mais aussi absolument gratuitement en activant un mode d\u00e9mo sp\u00e9cial. Revue de la machine \u00e0 sous megaways Mr Green. Toutes les machines \u00e0 sous de la gamme populaire ont des caract\u00e9ristiques distinctives:<\/p>\n<p>Le terrain de jeu est \u00e9quip\u00e9 de 6 rouleaux;<\/p>\n<ul>\n<li>Apr\u00e8s chaque rotation, le joueur peut obtenir de 2 \u00e0 7 caract\u00e8res dans une colonne;<\/li>\n<li>Dans certaines machines, il y a des bobines horizontales suppl\u00e9mentaires, qui ont jusqu&rsquo;\u00e0 4 caract\u00e8res;<\/li>\n<li>Le nombre de combinaisons gagnantes par tour peut totaliser plus de 200 000 variations;<\/li>\n<li>Les cotes pour chaque tour ne sont pas limit\u00e9es en taille.<\/li>\n<\/ul>\n<p>En raison des cotes \u00e9lev\u00e9es et des mises maximales, le joueur peut gagner un bon capital, qui \u00e0 l&rsquo;avenir pourra \u00eatre retir\u00e9 du d\u00e9p\u00f4t ou utilis\u00e9 pour apporter des contributions \u00e0 d&rsquo;autres jeux. Le client du casino fait comme il l&rsquo;entend car l&rsquo;argent re\u00e7u est sa propri\u00e9t\u00e9, et il est autoris\u00e9 \u00e0 l&rsquo;utiliser selon ses d\u00e9sirs personnels.<\/p>\n<p>Megaways Slots est un produit BTG qui comporte une taille variable d&rsquo;ic\u00f4nes sur les rouleaux, et chaque colonne peut avoir une ou plusieurs ic\u00f4nes par tour. Il n&rsquo;y a pas de cellules fixes et de lignes actives.<\/p>\n<p>Le joueur parie par tour, en choisissant la taille dans la plage disponible. Le g\u00e9n\u00e9rateur de nombres al\u00e9atoires d\u00e9termine le nombre d&rsquo;images pour chaque rotation et pour chaque colonne. Et dans diff\u00e9rentes colonnes, le nombre d&rsquo;ic\u00f4nes peut \u00eatre diff\u00e9rent. Les m\u00eames ic\u00f4nes forment des cha\u00eenes gagnantes, plus il y a d&rsquo;ic\u00f4nes sur les rouleaux, plus les chances de gagner sont \u00e9lev\u00e9es.<\/p>\n<p>Aujourd&rsquo;hui, les m\u00e9canismes du jeu Megaways utilisent diff\u00e9rentes marques, de sorte que les options suppl\u00e9mentaires dans diff\u00e9rentes machines sont diff\u00e9rentes. La machine \u00e0 sous Mr Green megaways Australia vous aidera \u00e0 gagner votre premier argent.<\/p>\n<p><img loading=\"lazy\" decoding=\"async\" class=\"aligncenter wp-image-691 size-full\" src=\"https:\/\/mrgreencasinos.com\/wp-content\/uploads\/2022\/08\/megaways-slot.jpeg\" alt=\"megaways slot mr green\" width=\"640\" height=\"300\" srcset=\"https:\/\/mrgreencasinos.com\/wp-content\/uploads\/2022\/08\/megaways-slot.jpeg 640w, https:\/\/mrgreencasinos.com\/wp-content\/uploads\/2022\/08\/megaways-slot-300x141.jpeg 300w\" sizes=\"auto, (max-width: 640px) 100vw, 640px\" \/><\/p>\n<h2>Comment gagner aux machines \u00e0 sous avec la m\u00e9canique Megaways<\/h2>\n<p>La m\u00e9canique est diff\u00e9rente du nombre fixe traditionnel de lignes actives. Dans les machines \u00e0 sous, le nombre de lignes Megaways varie et peut atteindre plusieurs milliers.<\/p>\n<p>En jouant aux machines \u00e0 sous avec ces m\u00e9canismes, les joueurs s&rsquo;attendent \u00e0 de gros gains. Et cela arrive souvent. Gagner au casino est possible en raison du grand nombre de fa\u00e7ons de gagner dans chaque fente. \u00c9tant donn\u00e9 que le nombre de lignes actives de jeu est mesur\u00e9 en dizaines de milliers, un symbole r\u00e9p\u00e9titif sur plusieurs rouleaux peut entra\u00eener une forte augmentation des gains.<\/p>\n<p>Ce sont des jeux int\u00e9ressants; souvent, les anciens d\u00e9veloppeurs de machines \u00e0 sous se relancent avec la technologie Megaways pour rendre le jeu plus ludique et excitant.<\/p>\n<p>Aider \u00e0 gagner plus sont les <a href=\"https:\/\/mrgreencasinos.com\/fr\/bonuses\/\">bonus<\/a> que chaque machine \u00e0 sous a. Le niveau de RTP est assez \u00e9lev\u00e9. Par cons\u00e9quent, pour gagner dans ces machines \u00e0 sous, il suffit d&rsquo;essayer de jouer pour de l&rsquo;argent en pariant. La gamme de paris est large, vous pouvez donc m\u00eame commencer avec un investissement minimum.<\/p>\n<div class=\"t-go\"><a href=\"\/go-casino\/?brand=mrgreen\">BONUS DE R\u00c9CLAMATION<\/a><\/div>\n<h2>Pourquoi les Megaways sont si populaires<\/h2>\n<p>Leur popularit\u00e9 parmi les joueurs de casino en ligne s&rsquo;explique facilement:<\/p>\n<ul>\n<li>Pourcentages RTP \u00e9lev\u00e9s;<\/li>\n<li>L&rsquo;absence de lignes actives;<\/li>\n<li>La taille non standard et le nombre d&rsquo;ic\u00f4nes;<\/li>\n<li>Un grand choix de machines pour diff\u00e9rents sujets.<\/li>\n<\/ul>\n<p>Parfois, vous souhaitez remplacer les machines habituelles par quelque chose de nouveau et d&rsquo;inhabituel. Machines \u00e0 sous Megaways-une excellente alternative si les joueurs recherchent des jeux int\u00e9ressants et inhabituels.<\/p>\n<p>De plus, un grand nombre de lignes actives vous permet de gagner souvent, et c&rsquo;est tr\u00e8s agr\u00e9able. Cette astuce psychologique est utilis\u00e9e par les d\u00e9veloppeurs parce que tout le monde aime gagner, et nous prenons du plaisir \u00e0 gagner, m\u00eame si c&rsquo;est petit. C&rsquo;est pourquoi ils ont fait un grand nombre de lignes possibles, ce qui augmente les chances de gagner. Jouez \u00e0 la machine \u00e0 sous megaways Mr Green.<\/p>\n","protected":false},"excerpt":{"rendered":"<p>Le jeu en ligne attire les utilisateurs en raison de sa vari\u00e9t\u00e9 et du processus original de passage de la [&hellip;]<\/p>\n","protected":false},"author":1,"featured_media":0,"parent":0,"menu_order":0,"comment_status":"closed","ping_status":"closed","template":"","meta":{"footnotes":""},"class_list":["post-693","page","type-page","status-publish","hentry"],"acf":[],"yoast_head":"<!-- This site is optimized with the Yoast SEO plugin v17.9 - https:\/\/yoast.com\/wordpress\/plugins\/seo\/ -->\n<title>Jouez \u00e0 la Machine \u00e0 Sous Megaways en Ligne | Casino Mr Green<\/title>\n<meta name=\"description\" content=\"Les machines \u00e0 sous Megaways offrent une nouvelle fa\u00e7on de jouer \u2013 et diff\u00e9rentes fa\u00e7ons de gagner. Jouez aux machines \u00e0 sous Megaways sur Mr Green, avec un excellent bonus de bienvenue de tours gratuits lorsque vous jouez\" \/>\n<meta name=\"robots\" content=\"index, follow, max-snippet:-1, max-image-preview:large, max-video-preview:-1\" \/>\n<link rel=\"canonical\" href=\"https:\/\/mrgreencasinos.com\/fr\/megaways-slot\/\" \/>\n<meta property=\"og:type\" content=\"article\" \/>\n<meta property=\"og:title\" content=\"Jouez \u00e0 la Machine \u00e0 Sous Megaways en Ligne | Casino Mr Green\" \/>\n<meta property=\"og:description\" content=\"Les machines \u00e0 sous Megaways offrent une nouvelle fa\u00e7on de jouer \u2013 et diff\u00e9rentes fa\u00e7ons de gagner. Jouez aux machines \u00e0 sous Megaways sur Mr Green, avec un excellent bonus de bienvenue de tours gratuits lorsque vous jouez\" \/>\n<meta property=\"og:url\" content=\"https:\/\/mrgreencasinos.com\/fr\/megaways-slot\/\" \/>\n<meta property=\"og:site_name\" content=\"Casino MR Green\" \/>\n<meta property=\"article:modified_time\" content=\"2022-08-08T15:12:12+00:00\" \/>\n<meta property=\"og:image\" content=\"https:\/\/mrgreencasinos.com\/wp-content\/uploads\/2022\/08\/megaways-slot.jpeg\" \/>\n<meta name=\"twitter:card\" content=\"summary_large_image\" \/>\n<meta name=\"twitter:label1\" content=\"Dur\u00e9e de lecture estim\u00e9e\" \/>\n\t<meta name=\"twitter:data1\" content=\"5 minutes\" \/>\n<script type=\"application\/ld+json\" class=\"yoast-schema-graph\">{\"@context\":\"https:\/\/schema.org\",\"@graph\":[{\"@type\":\"WebSite\",\"@id\":\"https:\/\/mrgreencasinos.com\/#website\",\"url\":\"https:\/\/mrgreencasinos.com\/\",\"name\":\"Casino MR Green\",\"description\":\"\",\"potentialAction\":[{\"@type\":\"SearchAction\",\"target\":{\"@type\":\"EntryPoint\",\"urlTemplate\":\"https:\/\/mrgreencasinos.com\/?s={search_term_string}\"},\"query-input\":\"required name=search_term_string\"}],\"inLanguage\":\"fr-FR\"},{\"@type\":\"ImageObject\",\"@id\":\"https:\/\/mrgreencasinos.com\/fr\/megaways-slot\/#primaryimage\",\"inLanguage\":\"fr-FR\",\"url\":\"https:\/\/mrgreencasinos.com\/wp-content\/uploads\/2022\/08\/megaways-slot.jpeg\",\"contentUrl\":\"https:\/\/mrgreencasinos.com\/wp-content\/uploads\/2022\/08\/megaways-slot.jpeg\",\"width\":640,\"height\":300,\"caption\":\"megaways slot mr green\"},{\"@type\":\"WebPage\",\"@id\":\"https:\/\/mrgreencasinos.com\/fr\/megaways-slot\/#webpage\",\"url\":\"https:\/\/mrgreencasinos.com\/fr\/megaways-slot\/\",\"name\":\"Jouez \\u00e0 la Machine \\u00e0 Sous Megaways en Ligne | Casino Mr Green\",\"isPartOf\":{\"@id\":\"https:\/\/mrgreencasinos.com\/#website\"},\"primaryImageOfPage\":{\"@id\":\"https:\/\/mrgreencasinos.com\/fr\/megaways-slot\/#primaryimage\"},\"datePublished\":\"2022-08-05T07:20:07+00:00\",\"dateModified\":\"2022-08-08T15:12:12+00:00\",\"description\":\"Les machines \\u00e0 sous Megaways offrent une nouvelle fa\\u00e7on de jouer \\u2013 et diff\\u00e9rentes fa\\u00e7ons de gagner. Jouez aux machines \\u00e0 sous Megaways sur Mr Green, avec un excellent bonus de bienvenue de tours gratuits lorsque vous jouez\",\"breadcrumb\":{\"@id\":\"https:\/\/mrgreencasinos.com\/fr\/megaways-slot\/#breadcrumb\"},\"inLanguage\":\"fr-FR\",\"potentialAction\":[{\"@type\":\"ReadAction\",\"target\":[\"https:\/\/mrgreencasinos.com\/fr\/megaways-slot\/\"]}]},{\"@type\":\"BreadcrumbList\",\"@id\":\"https:\/\/mrgreencasinos.com\/fr\/megaways-slot\/#breadcrumb\",\"itemListElement\":[{\"@type\":\"ListItem\",\"position\":1,\"name\":\"Home\",\"item\":\"https:\/\/mrgreencasinos.com\/fr\/review-of-the-official-mr-green-website\/\"},{\"@type\":\"ListItem\",\"position\":2,\"name\":\"Megaways machine \\u00e0 sous\"}]}]}<\/script>\n<!-- \/ Yoast SEO plugin. -->","yoast_head_json":{"title":"Jouez \u00e0 la Machine \u00e0 Sous Megaways en Ligne | Casino Mr Green","description":"Les machines \u00e0 sous Megaways offrent une nouvelle fa\u00e7on de jouer \u2013 et diff\u00e9rentes fa\u00e7ons de gagner. Jouez aux machines \u00e0 sous Megaways sur Mr Green, avec un excellent bonus de bienvenue de tours gratuits lorsque vous jouez","robots":{"index":"index","follow":"follow","max-snippet":"max-snippet:-1","max-image-preview":"max-image-preview:large","max-video-preview":"max-video-preview:-1"},"canonical":"https:\/\/mrgreencasinos.com\/fr\/megaways-slot\/","og_type":"article","og_title":"Jouez \u00e0 la Machine \u00e0 Sous Megaways en Ligne | Casino Mr Green","og_description":"Les machines \u00e0 sous Megaways offrent une nouvelle fa\u00e7on de jouer \u2013 et diff\u00e9rentes fa\u00e7ons de gagner. Jouez aux machines \u00e0 sous Megaways sur Mr Green, avec un excellent bonus de bienvenue de tours gratuits lorsque vous jouez","og_url":"https:\/\/mrgreencasinos.com\/fr\/megaways-slot\/","og_site_name":"Casino MR Green","article_modified_time":"2022-08-08T15:12:12+00:00","og_image":[{"url":"https:\/\/mrgreencasinos.com\/wp-content\/uploads\/2022\/08\/megaways-slot.jpeg"}],"twitter_card":"summary_large_image","twitter_misc":{"Dur\u00e9e de lecture estim\u00e9e":"5 minutes"},"schema":{"@context":"https:\/\/schema.org","@graph":[{"@type":"WebSite","@id":"https:\/\/mrgreencasinos.com\/#website","url":"https:\/\/mrgreencasinos.com\/","name":"Casino MR Green","description":"","potentialAction":[{"@type":"SearchAction","target":{"@type":"EntryPoint","urlTemplate":"https:\/\/mrgreencasinos.com\/?s={search_term_string}"},"query-input":"required name=search_term_string"}],"inLanguage":"fr-FR"},{"@type":"ImageObject","@id":"https:\/\/mrgreencasinos.com\/fr\/megaways-slot\/#primaryimage","inLanguage":"fr-FR","url":"https:\/\/mrgreencasinos.com\/wp-content\/uploads\/2022\/08\/megaways-slot.jpeg","contentUrl":"https:\/\/mrgreencasinos.com\/wp-content\/uploads\/2022\/08\/megaways-slot.jpeg","width":640,"height":300,"caption":"megaways slot mr green"},{"@type":"WebPage","@id":"https:\/\/mrgreencasinos.com\/fr\/megaways-slot\/#webpage","url":"https:\/\/mrgreencasinos.com\/fr\/megaways-slot\/","name":"Jouez \u00e0 la Machine \u00e0 Sous Megaways en Ligne | Casino Mr Green","isPartOf":{"@id":"https:\/\/mrgreencasinos.com\/#website"},"primaryImageOfPage":{"@id":"https:\/\/mrgreencasinos.com\/fr\/megaways-slot\/#primaryimage"},"datePublished":"2022-08-05T07:20:07+00:00","dateModified":"2022-08-08T15:12:12+00:00","description":"Les machines \u00e0 sous Megaways offrent une nouvelle fa\u00e7on de jouer \u2013 et diff\u00e9rentes fa\u00e7ons de gagner. Jouez aux machines \u00e0 sous Megaways sur Mr Green, avec un excellent bonus de bienvenue de tours gratuits lorsque vous jouez","breadcrumb":{"@id":"https:\/\/mrgreencasinos.com\/fr\/megaways-slot\/#breadcrumb"},"inLanguage":"fr-FR","potentialAction":[{"@type":"ReadAction","target":["https:\/\/mrgreencasinos.com\/fr\/megaways-slot\/"]}]},{"@type":"BreadcrumbList","@id":"https:\/\/mrgreencasinos.com\/fr\/megaways-slot\/#breadcrumb","itemListElement":[{"@type":"ListItem","position":1,"name":"Home","item":"https:\/\/mrgreencasinos.com\/fr\/review-of-the-official-mr-green-website\/"},{"@type":"ListItem","position":2,"name":"Megaways machine \u00e0 sous"}]}]}},"_links":{"self":[{"href":"https:\/\/mrgreencasinos.com\/fr\/wp-json\/wp\/v2\/pages\/693","targetHints":{"allow":["GET"]}}],"collection":[{"href":"https:\/\/mrgreencasinos.com\/fr\/wp-json\/wp\/v2\/pages"}],"about":[{"href":"https:\/\/mrgreencasinos.com\/fr\/wp-json\/wp\/v2\/types\/page"}],"author":[{"embeddable":true,"href":"https:\/\/mrgreencasinos.com\/fr\/wp-json\/wp\/v2\/users\/1"}],"replies":[{"embeddable":true,"href":"https:\/\/mrgreencasinos.com\/fr\/wp-json\/wp\/v2\/comments?post=693"}],"version-history":[{"count":4,"href":"https:\/\/mrgreencasinos.com\/fr\/wp-json\/wp\/v2\/pages\/693\/revisions"}],"predecessor-version":[{"id":835,"href":"https:\/\/mrgreencasinos.com\/fr\/wp-json\/wp\/v2\/pages\/693\/revisions\/835"}],"wp:attachment":[{"href":"https:\/\/mrgreencasinos.com\/fr\/wp-json\/wp\/v2\/media?parent=693"}],"curies":[{"name":"wp","href":"https:\/\/api.w.org\/{rel}","templated":true}]}}