{"id":704,"date":"2022-08-05T07:58:02","date_gmt":"2022-08-05T07:58:02","guid":{"rendered":"https:\/\/mrgreencasinos.com\/?page_id=704"},"modified":"2022-08-08T15:14:02","modified_gmt":"2022-08-08T15:14:02","slug":"baccarat","status":"publish","type":"page","link":"https:\/\/mrgreencasinos.com\/fr\/baccarat\/","title":{"rendered":"Comment jouer au Baccara?"},"content":{"rendered":"<p>Le Baccarat est le jeu pr\u00e9f\u00e9r\u00e9 de nul autre que James Bond! Mais ce n&rsquo;est pas la seule raison pour laquelle il occupe toujours une place forte dans les casinos num\u00e9riques aujourd&rsquo;hui. Les meilleurs casinos de baccara en ligne vous proposent diff\u00e9rentes variantes de ce jeu classique. Vous pouvez \u00e9galement tenter votre chance aux tables de croupiers en direct. Vous trouverez ici les variantes les plus populaires de ce jeu de cartes et une version de d\u00e9monstration gratuite. Enfin, je vais bri\u00e8vement parler des avantages que vous obtenez lorsque vous jouez \u00e0 ce jeu passionnant, Baccarat en ligne Mr Green.<\/p>\n<p><img loading=\"lazy\" decoding=\"async\" class=\"aligncenter wp-image-699 size-large\" src=\"https:\/\/mrgreencasinos.com\/wp-content\/uploads\/2022\/08\/Baccarat-1024x576.jpeg\" alt=\"Baccarat Mr green\" width=\"1024\" height=\"576\" srcset=\"https:\/\/mrgreencasinos.com\/wp-content\/uploads\/2022\/08\/Baccarat-1024x576.jpeg 1024w, https:\/\/mrgreencasinos.com\/wp-content\/uploads\/2022\/08\/Baccarat-300x169.jpeg 300w, https:\/\/mrgreencasinos.com\/wp-content\/uploads\/2022\/08\/Baccarat-768x432.jpeg 768w, https:\/\/mrgreencasinos.com\/wp-content\/uploads\/2022\/08\/Baccarat-720x405.jpeg 720w, https:\/\/mrgreencasinos.com\/wp-content\/uploads\/2022\/08\/Baccarat.jpeg 1200w\" sizes=\"auto, (max-width: 1024px) 100vw, 1024px\" \/><\/p>\n<h2>Ce que vous devez savoir d&rsquo;autre sur le baccarat<\/h2>\n<p>Cependant, dans le jeu de Baccarat, M. Green n&rsquo;a pas autant de r\u00e8gles de jeu que, par exemple, le blackjack. Cependant, dans les jeux purement logiciels, il existe des paris secondaires int\u00e9ressants que vous ne trouverez pas dans la version standard. De plus, seule l&rsquo;option Punto Banco est g\u00e9n\u00e9ralement propos\u00e9e.<\/p>\n<p>Les diff\u00e9rents jeux de baccara dans les casinos en ligne n&rsquo;ont que des diff\u00e9rences mineures dans les r\u00e8gles et les cartes. D&rsquo;autre part, les plus grandes diff\u00e9rences peuvent \u00eatre trouv\u00e9es dans la pr\u00e9sentation graphique (en particulier dans les jeux avec croupier en direct) et dans les limites de mise. La s\u00e9rie de Baccarat professionnel en est un bon exemple: alors que le jeu r\u00e9gulier a des limites de mise de 1 \u00e0 100 $, la version basse a des limites de mise de 0,10 \u00e0 10 dollars. C&rsquo;est aussi l&rsquo;un des jeux pour les gros joueurs de casino, car ils peuvent parier jusqu&rsquo;\u00e0 1 000 dollars par tour dans une version sp\u00e9cialement con\u00e7ue pour eux. La limite inf\u00e9rieure ici est de 10 dollars. Les <a href=\"https:\/\/mrgreencasinos.com\/fr\/live\/\">casinos en direct<\/a> ont g\u00e9n\u00e9ralement des limites plus \u00e9lev\u00e9es-jusqu&rsquo;\u00e0 25 000 dollars par jeu.<\/p>\n<div class=\"t-go\"><a href=\"\/go-casino\/?brand=mrgreen\">BONUS DE R\u00c9CLAMATION<\/a><\/div>\n<h2>Les meilleurs et les plus populaires jeux de baccarat en ligne<\/h2>\n<p>Contrairement \u00e0 certains des meilleurs Mr Green casino pour les machines \u00e0 sous de Baccarat en argent r\u00e9el sur Internet, les jeux de baccarat en ligne ne se distinguent pas par leurs graphismes ou leurs effets sonores. D&rsquo;autre part, les commandes sont faciles \u00e0 utiliser, et les joueurs d\u00e9butants et exp\u00e9riment\u00e9s trouveront imm\u00e9diatement quelque chose \u00e0 leur go\u00fbt. Chaque jeu est \u00e9galement livr\u00e9 avec un guide de jeu d\u00e9taill\u00e9 qui explique toutes les r\u00e8gles du jeu en d\u00e9tail.<\/p>\n<h2>Casino avec croupier en direct-Jouez au baccarat en ligne dans un casino en direct<\/h2>\n<p>Dans les meilleurs casinos de Baccarat en direct, la situation est tout \u00e0 fait diff\u00e9rente: ici, les fabricants vont tr\u00e8s loin. Le processus de r\u00e9v\u00e9lation des cartes est particuli\u00e8rement c\u00e9l\u00e9br\u00e9! Avant que la carte suivante ne soit tir\u00e9e, le frisson augmente consid\u00e9rablement. Au Baccarat Squeeze, les croupi\u00e8res aux mains parfaitement entretenues sont g\u00e9n\u00e9ralement en charge de la r\u00e9v\u00e9lation de la carte. Le processus lui-m\u00eame est captur\u00e9 en gros plan, de sorte que vous pouvez voir chaque carte avec pr\u00e9cision. Comme pour les autres jeux de table, les limites de mise sont beaucoup plus \u00e9lev\u00e9es dans la version live. Avec les grands fournisseurs, vous pouvez risquer jusqu&rsquo;\u00e0 25 000 dollars. De plus, vous avez g\u00e9n\u00e9ralement la possibilit\u00e9 de placer des paris suppl\u00e9mentaires qui n&rsquo;ont rien \u00e0 voir avec le r\u00e9sultat du jeu lui-m\u00eame ou avec votre main. Sinon, les m\u00eames r\u00e8gles s&rsquo;appliquent et vous avez la possibilit\u00e9 d&rsquo;essayer une strat\u00e9gie apr\u00e8s l&rsquo;autre. Cependant, il n&rsquo;est pas possible de jouer gratuitement.<\/p>\n<h2>Baccarat mobile-Jouer au jeu de cartes sur votre t\u00e9l\u00e9phone portable<\/h2>\n<p>De nos jours, vous n&rsquo;avez pas n\u00e9cessairement besoin d&rsquo;un ordinateur pour jouer au Baccarat Mr Green, car vous pouvez \u00e9galement profiter du jeu sur votre smartphone ou votre tablette. Vous n&rsquo;avez m\u00eame pas besoin de t\u00e9l\u00e9charger une application suppl\u00e9mentaire. Tous les jeux de casino Baccarat modernes fonctionnent via un navigateur Web mobile. Cependant, il existe plusieurs fournisseurs de casinos qui proposent \u00e9galement une <a href=\"https:\/\/mrgreencasinos.com\/app\/\">application<\/a> de jeu de baccarat. Le meilleur casino de baccarat mobile actuellement disponible est ce c\u00e9l\u00e8bre casino de baccarat en ligne Mr Green casino en argent r\u00e9el<\/p>\n<p>Les offres de bonus font partie int\u00e9grante des casinos en ligne, car elles constituent l&rsquo;un des arguments les plus attrayants pour attirer de nouveaux clients. Cela s&rsquo;applique \u00e9galement aux meilleurs casinos de baccarat. Lorsque vous choisissez le bon package de bienvenue, vous ne devez jamais vous limiter \u00e0 la taille du bonus. La question de savoir si l&rsquo;offre vous convient personnellement d\u00e9pend de nombreux autres facteurs. Si vous \u00eates sp\u00e9cifiquement int\u00e9ress\u00e9 par un bonus de baccarat, vous devez toujours d&rsquo;abord v\u00e9rifier quel pourcentage de votre chiffre d&rsquo;affaires sur ce jeu de table comptera pour les tours gratuits du solde de d\u00e9part fourni. V\u00e9rifiez \u00e9galement si les jeux avec croupier en direct et les machines \u00e0 sous peuvent y contribuer.<\/p>\n<p>Les casinos indiquent g\u00e9n\u00e9ralement clairement cela et d&rsquo;autres informations importantes. Lisez toujours attentivement les conditions g\u00e9n\u00e9rales du bonus et demandez de l&rsquo;aide si quelque chose n&rsquo;est pas clair. En outre, demandez-vous si vous pouvez r\u00e9pondre de mani\u00e8re r\u00e9aliste aux exigences de chiffre d&rsquo;affaires sp\u00e9cifi\u00e9es, compte tenu de votre budget et de vos pr\u00e9f\u00e9rences de jeu.<\/p>\n<h2>Ratios de paiement au Baccarat en ligne<\/h2>\n<p>L&rsquo;attractivit\u00e9 d&rsquo;un jeu de hasard peut \u00eatre mesur\u00e9e par divers crit\u00e8res. Un point particuli\u00e8rement important est le ratio de distribution, qui est g\u00e9n\u00e9ralement d\u00e9sign\u00e9 en anglais par Retour au joueur. Les valeurs RTP peuvent \u00eatre consult\u00e9es pour chaque jeu individuel sur les pages du fabricant ou directement sur le casino en ligne. Ils d\u00e9terminent, en pourcentage, combien d&rsquo;argent d\u00e9pos\u00e9 sera vers\u00e9 aux joueurs sous forme de gains si votre main gagne. Par exemple, si le RTP du jeu est de 96%, alors statistiquement, 96 dollars seront pay\u00e9s sur un pari de 100 dollars. En d&rsquo;autres termes, dans cet exemple, l&rsquo;avantage de la maison est de 4%. Au Baccarat en ligne australien Mr Green, les chances de paiement pour la plupart des jeux sont sup\u00e9rieures \u00e0 95%. Cela signifie que les options de Baccarat peuvent facilement rivaliser avec les cotes de paiement du Blackjack, du Poker et de la Roulette.<\/p>\n<p><img loading=\"lazy\" decoding=\"async\" class=\"aligncenter wp-image-702 size-large\" src=\"https:\/\/mrgreencasinos.com\/wp-content\/uploads\/2022\/08\/baccarat-online-1024x490.jpeg\" alt=\"baccarat online Mr Green\" width=\"1024\" height=\"490\" srcset=\"https:\/\/mrgreencasinos.com\/wp-content\/uploads\/2022\/08\/baccarat-online-1024x490.jpeg 1024w, https:\/\/mrgreencasinos.com\/wp-content\/uploads\/2022\/08\/baccarat-online-300x144.jpeg 300w, https:\/\/mrgreencasinos.com\/wp-content\/uploads\/2022\/08\/baccarat-online-768x367.jpeg 768w, https:\/\/mrgreencasinos.com\/wp-content\/uploads\/2022\/08\/baccarat-online-720x344.jpeg 720w, https:\/\/mrgreencasinos.com\/wp-content\/uploads\/2022\/08\/baccarat-online.jpeg 1200w\" sizes=\"auto, (max-width: 1024px) 100vw, 1024px\" \/><\/p>\n<h2>Fabricants de logiciels de Baccarat<\/h2>\n<p>Le grand choix de jeux de baccarat est souvent d\u00fb au grand nombre de fabricants de jeux qui s&rsquo;associent \u00e0 leurs casinos respectifs. Chaque soi-disant fournisseur de logiciels a son propre portefeuille de jeux, qui se compose principalement de machines \u00e0 sous. Cependant, presque chacun de ces fabricants propose \u00e9galement des jeux de casino classiques et au moins une variante de baccarat. Les jeux se lancent rapidement et se d\u00e9roulent en douceur, m\u00eame sur un smartphone ou une tablette.<\/p>\n<div class=\"t-go\"><a href=\"\/go-casino\/?brand=mrgreen\">BONUS DE R\u00c9CLAMATION<\/a><\/div>\n<h2>Les avantages du baccarat en ligne<\/h2>\n<p>Vous pouvez jouer 24 heures sur 24: pas d&rsquo;heures de bureau ni de vacances!<\/p>\n<p>Jouez en d\u00e9placement: Vous pouvez jouer n&rsquo;importe o\u00f9 avec votre t\u00e9l\u00e9phone portable ou votre tablette (sous r\u00e9serve de la couverture r\u00e9seau)!<\/p>\n<p>Pas de commission de bankroll: La commission de casino habituelle ne s&rsquo;applique pas aux jeux de baccarat en ligne!<\/p>\n<p>Large gamme de m\u00e9thodes de paiement: De nombreuses m\u00e9thodes de paiement \u00e9lectroniques peuvent \u00eatre d\u00e9pos\u00e9es sur votre compte de casino!<\/p>\n<p>Promotions suppl\u00e9mentaires: Des promotions suppl\u00e9mentaires apportent une vari\u00e9t\u00e9 suppl\u00e9mentaire et des opportunit\u00e9s de gagner!<\/p>\n<p>Aide par chat \u00e0 tout moment: Au casino en ligne, vous pouvez \u00e9crire rapidement et facilement au support client si vous avez une question!<\/p>\n<p>Et si vous vous ennuyez avec une machine \u00e0 sous, vous pouvez facilement passer \u00e0 une autre \u00e0 tout moment.<\/p>\n<h2>Comment jouer au baccara en ligne pour de l&rsquo;argent r\u00e9el?<\/h2>\n<p>Ici vous pouvez trouver quelques conseils de Baccarat Mr Green:<\/p>\n<ul>\n<li>Quelle option devrait \u00eatre?<\/li>\n<\/ul>\n<p>Apr\u00e8s vous \u00eatre inscrit au casino, recherchez une option de jeu de baccarat appropri\u00e9e. Mr Green propose plusieurs options de jeu.<\/p>\n<ul>\n<li>Conna\u00eetre toutes les r\u00e8gles<\/li>\n<\/ul>\n<p>Assurez-vous de vous familiariser avec les r\u00e8gles de votre jeu pr\u00e9f\u00e9r\u00e9. Souvent, vous pouvez \u00e9galement essayer la version de d\u00e9monstration des jeux.<\/p>\n<ul>\n<li>Remplissez votre compte<\/li>\n<\/ul>\n<p>Il est maintenant temps de faire votre premier d\u00e9p\u00f4t au Casino Baccarat. Consultez les conditions de paiement et choisissez la m\u00e9thode qui vous convient le mieux.<\/p>\n<ul>\n<li>Vous \u00eates pr\u00eat \u00e0 partir!<\/li>\n<\/ul>\n<p>Une fois votre d\u00e9p\u00f4t cr\u00e9dit\u00e9, vous pouvez commencer \u00e0 placer vos premiers paris et peut-\u00eatre m\u00eame obtenir vos premiers gains.<\/p>\n","protected":false},"excerpt":{"rendered":"<p>Le Baccarat est le jeu pr\u00e9f\u00e9r\u00e9 de nul autre que James Bond! Mais ce n&rsquo;est pas la seule raison pour [&hellip;]<\/p>\n","protected":false},"author":1,"featured_media":0,"parent":0,"menu_order":0,"comment_status":"closed","ping_status":"closed","template":"","meta":{"footnotes":""},"class_list":["post-704","page","type-page","status-publish","hentry"],"acf":[],"yoast_head":"<!-- This site is optimized with the Yoast SEO plugin v17.9 - https:\/\/yoast.com\/wordpress\/plugins\/seo\/ -->\n<title>Revue Baccarat en ligne | Casino Mr Green<\/title>\n<meta name=\"description\" content=\"Apprenez comment jouer au baccara et gagnez comme un pro avec ces r\u00e8gles de base pour l&#039;un des jeux de hasard les plus anim\u00e9s\" \/>\n<meta name=\"robots\" content=\"index, follow, max-snippet:-1, max-image-preview:large, max-video-preview:-1\" \/>\n<link rel=\"canonical\" href=\"https:\/\/mrgreencasinos.com\/fr\/baccarat\/\" \/>\n<meta property=\"og:type\" content=\"article\" \/>\n<meta property=\"og:title\" content=\"Revue Baccarat en ligne | Casino Mr Green\" \/>\n<meta property=\"og:description\" content=\"Apprenez comment jouer au baccara et gagnez comme un pro avec ces r\u00e8gles de base pour l&#039;un des jeux de hasard les plus anim\u00e9s\" \/>\n<meta property=\"og:url\" content=\"https:\/\/mrgreencasinos.com\/fr\/baccarat\/\" \/>\n<meta property=\"og:site_name\" content=\"Casino MR Green\" \/>\n<meta property=\"article:modified_time\" content=\"2022-08-08T15:14:02+00:00\" \/>\n<meta property=\"og:image\" content=\"https:\/\/mrgreencasinos.com\/wp-content\/uploads\/2022\/08\/Baccarat-1024x576.jpeg\" \/>\n<meta name=\"twitter:card\" content=\"summary_large_image\" \/>\n<meta name=\"twitter:label1\" content=\"Dur\u00e9e de lecture estim\u00e9e\" \/>\n\t<meta name=\"twitter:data1\" content=\"7 minutes\" \/>\n<script type=\"application\/ld+json\" class=\"yoast-schema-graph\">{\"@context\":\"https:\/\/schema.org\",\"@graph\":[{\"@type\":\"WebSite\",\"@id\":\"https:\/\/mrgreencasinos.com\/#website\",\"url\":\"https:\/\/mrgreencasinos.com\/\",\"name\":\"Casino MR Green\",\"description\":\"\",\"potentialAction\":[{\"@type\":\"SearchAction\",\"target\":{\"@type\":\"EntryPoint\",\"urlTemplate\":\"https:\/\/mrgreencasinos.com\/?s={search_term_string}\"},\"query-input\":\"required name=search_term_string\"}],\"inLanguage\":\"fr-FR\"},{\"@type\":\"ImageObject\",\"@id\":\"https:\/\/mrgreencasinos.com\/fr\/baccarat\/#primaryimage\",\"inLanguage\":\"fr-FR\",\"url\":\"https:\/\/mrgreencasinos.com\/wp-content\/uploads\/2022\/08\/Baccarat.jpeg\",\"contentUrl\":\"https:\/\/mrgreencasinos.com\/wp-content\/uploads\/2022\/08\/Baccarat.jpeg\",\"width\":1200,\"height\":675,\"caption\":\"Baccarat Mr green\"},{\"@type\":\"WebPage\",\"@id\":\"https:\/\/mrgreencasinos.com\/fr\/baccarat\/#webpage\",\"url\":\"https:\/\/mrgreencasinos.com\/fr\/baccarat\/\",\"name\":\"Revue Baccarat en ligne | Casino Mr Green\",\"isPartOf\":{\"@id\":\"https:\/\/mrgreencasinos.com\/#website\"},\"primaryImageOfPage\":{\"@id\":\"https:\/\/mrgreencasinos.com\/fr\/baccarat\/#primaryimage\"},\"datePublished\":\"2022-08-05T07:58:02+00:00\",\"dateModified\":\"2022-08-08T15:14:02+00:00\",\"description\":\"Apprenez comment jouer au baccara et gagnez comme un pro avec ces r\\u00e8gles de base pour l'un des jeux de hasard les plus anim\\u00e9s\",\"breadcrumb\":{\"@id\":\"https:\/\/mrgreencasinos.com\/fr\/baccarat\/#breadcrumb\"},\"inLanguage\":\"fr-FR\",\"potentialAction\":[{\"@type\":\"ReadAction\",\"target\":[\"https:\/\/mrgreencasinos.com\/fr\/baccarat\/\"]}]},{\"@type\":\"BreadcrumbList\",\"@id\":\"https:\/\/mrgreencasinos.com\/fr\/baccarat\/#breadcrumb\",\"itemListElement\":[{\"@type\":\"ListItem\",\"position\":1,\"name\":\"Home\",\"item\":\"https:\/\/mrgreencasinos.com\/fr\/review-of-the-official-mr-green-website\/\"},{\"@type\":\"ListItem\",\"position\":2,\"name\":\"Comment jouer au Baccara?\"}]}]}<\/script>\n<!-- \/ Yoast SEO plugin. -->","yoast_head_json":{"title":"Revue Baccarat en ligne | Casino Mr Green","description":"Apprenez comment jouer au baccara et gagnez comme un pro avec ces r\u00e8gles de base pour l'un des jeux de hasard les plus anim\u00e9s","robots":{"index":"index","follow":"follow","max-snippet":"max-snippet:-1","max-image-preview":"max-image-preview:large","max-video-preview":"max-video-preview:-1"},"canonical":"https:\/\/mrgreencasinos.com\/fr\/baccarat\/","og_type":"article","og_title":"Revue Baccarat en ligne | Casino Mr Green","og_description":"Apprenez comment jouer au baccara et gagnez comme un pro avec ces r\u00e8gles de base pour l'un des jeux de hasard les plus anim\u00e9s","og_url":"https:\/\/mrgreencasinos.com\/fr\/baccarat\/","og_site_name":"Casino MR Green","article_modified_time":"2022-08-08T15:14:02+00:00","og_image":[{"url":"https:\/\/mrgreencasinos.com\/wp-content\/uploads\/2022\/08\/Baccarat-1024x576.jpeg"}],"twitter_card":"summary_large_image","twitter_misc":{"Dur\u00e9e de lecture estim\u00e9e":"7 minutes"},"schema":{"@context":"https:\/\/schema.org","@graph":[{"@type":"WebSite","@id":"https:\/\/mrgreencasinos.com\/#website","url":"https:\/\/mrgreencasinos.com\/","name":"Casino MR Green","description":"","potentialAction":[{"@type":"SearchAction","target":{"@type":"EntryPoint","urlTemplate":"https:\/\/mrgreencasinos.com\/?s={search_term_string}"},"query-input":"required name=search_term_string"}],"inLanguage":"fr-FR"},{"@type":"ImageObject","@id":"https:\/\/mrgreencasinos.com\/fr\/baccarat\/#primaryimage","inLanguage":"fr-FR","url":"https:\/\/mrgreencasinos.com\/wp-content\/uploads\/2022\/08\/Baccarat.jpeg","contentUrl":"https:\/\/mrgreencasinos.com\/wp-content\/uploads\/2022\/08\/Baccarat.jpeg","width":1200,"height":675,"caption":"Baccarat Mr green"},{"@type":"WebPage","@id":"https:\/\/mrgreencasinos.com\/fr\/baccarat\/#webpage","url":"https:\/\/mrgreencasinos.com\/fr\/baccarat\/","name":"Revue Baccarat en ligne | Casino Mr Green","isPartOf":{"@id":"https:\/\/mrgreencasinos.com\/#website"},"primaryImageOfPage":{"@id":"https:\/\/mrgreencasinos.com\/fr\/baccarat\/#primaryimage"},"datePublished":"2022-08-05T07:58:02+00:00","dateModified":"2022-08-08T15:14:02+00:00","description":"Apprenez comment jouer au baccara et gagnez comme un pro avec ces r\u00e8gles de base pour l'un des jeux de hasard les plus anim\u00e9s","breadcrumb":{"@id":"https:\/\/mrgreencasinos.com\/fr\/baccarat\/#breadcrumb"},"inLanguage":"fr-FR","potentialAction":[{"@type":"ReadAction","target":["https:\/\/mrgreencasinos.com\/fr\/baccarat\/"]}]},{"@type":"BreadcrumbList","@id":"https:\/\/mrgreencasinos.com\/fr\/baccarat\/#breadcrumb","itemListElement":[{"@type":"ListItem","position":1,"name":"Home","item":"https:\/\/mrgreencasinos.com\/fr\/review-of-the-official-mr-green-website\/"},{"@type":"ListItem","position":2,"name":"Comment jouer au Baccara?"}]}]}},"_links":{"self":[{"href":"https:\/\/mrgreencasinos.com\/fr\/wp-json\/wp\/v2\/pages\/704","targetHints":{"allow":["GET"]}}],"collection":[{"href":"https:\/\/mrgreencasinos.com\/fr\/wp-json\/wp\/v2\/pages"}],"about":[{"href":"https:\/\/mrgreencasinos.com\/fr\/wp-json\/wp\/v2\/types\/page"}],"author":[{"embeddable":true,"href":"https:\/\/mrgreencasinos.com\/fr\/wp-json\/wp\/v2\/users\/1"}],"replies":[{"embeddable":true,"href":"https:\/\/mrgreencasinos.com\/fr\/wp-json\/wp\/v2\/comments?post=704"}],"version-history":[{"count":4,"href":"https:\/\/mrgreencasinos.com\/fr\/wp-json\/wp\/v2\/pages\/704\/revisions"}],"predecessor-version":[{"id":837,"href":"https:\/\/mrgreencasinos.com\/fr\/wp-json\/wp\/v2\/pages\/704\/revisions\/837"}],"wp:attachment":[{"href":"https:\/\/mrgreencasinos.com\/fr\/wp-json\/wp\/v2\/media?parent=704"}],"curies":[{"name":"wp","href":"https:\/\/api.w.org\/{rel}","templated":true}]}}